{"id":10185,"date":"2024-10-21T10:35:23","date_gmt":"2024-10-21T08:35:23","guid":{"rendered":"https:\/\/ottevenyikastely.hu\/?page_id=10185"},"modified":"2024-10-21T10:39:18","modified_gmt":"2024-10-21T08:39:18","slug":"sweet-sixteen","status":"publish","type":"page","link":"https:\/\/ottevenyikastely.hu\/en\/sweet-sixteen\/","title":{"rendered":"Sweet Sixteen"},"content":{"rendered":"<div data-elementor-type=\"wp-page\" data-elementor-id=\"10185\" class=\"elementor elementor-10185\" data-elementor-post-type=\"page\">\n\t\t\t\t<div class=\"elementor-element elementor-element-728a1ef e-flex e-con-boxed e-con e-parent\" data-id=\"728a1ef\" data-element_type=\"container\" data-e-type=\"container\">\n\t\t\t\t\t<div class=\"e-con-inner\">\n\t\t\t\t<div class=\"elementor-element elementor-element-354aef7 elementor-widget elementor-widget-heading\" data-id=\"354aef7\" data-element_type=\"widget\" data-e-type=\"widget\" data-widget_type=\"heading.default\">\n\t\t\t\t<div class=\"elementor-widget-container\">\n\t\t\t\t\t<h2 class=\"elementor-heading-title elementor-size-default\">\ud83c\udf89 Sweet Sixteen Party <br>at the \u00d6ttev\u00e9nyi Castle! \ud83c\udf89<\/h2>\t\t\t\t<\/div>\n\t\t\t\t<\/div>\n\t\t\t\t\t<\/div>\n\t\t\t\t<\/div>\n\t\t<div class=\"elementor-element elementor-element-3394fd7 e-flex e-con-boxed e-con e-parent\" data-id=\"3394fd7\" data-element_type=\"container\" data-e-type=\"container\">\n\t\t\t\t\t<div class=\"e-con-inner\">\n\t\t\t\t<div class=\"elementor-element elementor-element-1c82123 elementor-widget elementor-widget-image\" data-id=\"1c82123\" data-element_type=\"widget\" data-e-type=\"widget\" data-widget_type=\"image.default\">\n\t\t\t\t<div class=\"elementor-widget-container\">\n\t\t\t\t\t\t\t\t\t\t\t\t\t\t\t<img fetchpriority=\"high\" decoding=\"async\" width=\"1024\" height=\"585\" src=\"https:\/\/ottevenyikastely.hu\/wp-content\/uploads\/2024\/10\/987197ff-f4ce-4dc9-8812-fc63d69055bc-1024x585.webp\" class=\"attachment-large size-large wp-image-10187\" alt=\"\" srcset=\"https:\/\/ottevenyikastely.hu\/wp-content\/uploads\/2024\/10\/987197ff-f4ce-4dc9-8812-fc63d69055bc-1024x585.webp 1024w, https:\/\/ottevenyikastely.hu\/wp-content\/uploads\/2024\/10\/987197ff-f4ce-4dc9-8812-fc63d69055bc-300x171.webp 300w, https:\/\/ottevenyikastely.hu\/wp-content\/uploads\/2024\/10\/987197ff-f4ce-4dc9-8812-fc63d69055bc-768x439.webp 768w, https:\/\/ottevenyikastely.hu\/wp-content\/uploads\/2024\/10\/987197ff-f4ce-4dc9-8812-fc63d69055bc-1536x878.webp 1536w, https:\/\/ottevenyikastely.hu\/wp-content\/uploads\/2024\/10\/987197ff-f4ce-4dc9-8812-fc63d69055bc-18x10.webp 18w, https:\/\/ottevenyikastely.hu\/wp-content\/uploads\/2024\/10\/987197ff-f4ce-4dc9-8812-fc63d69055bc.webp 1792w\" sizes=\"(max-width: 1024px) 100vw, 1024px\" title=\"\">\t\t\t\t\t\t\t\t\t\t\t\t\t\t\t<\/div>\n\t\t\t\t<\/div>\n\t\t\t\t\t<\/div>\n\t\t\t\t<\/div>\n\t\t<div class=\"elementor-element elementor-element-0b5551d e-flex e-con-boxed e-con e-parent\" data-id=\"0b5551d\" data-element_type=\"container\" data-e-type=\"container\">\n\t\t\t\t\t<div class=\"e-con-inner\">\n\t\t\t\t<div class=\"elementor-element elementor-element-dcdd37d elementor-widget elementor-widget-text-editor\" data-id=\"dcdd37d\" data-element_type=\"widget\" data-e-type=\"widget\" data-widget_type=\"text-editor.default\">\n\t\t\t\t<div class=\"elementor-widget-container\">\n\t\t\t\t\t\t\t\t\t<p>Celebrate your 16th birthday the way you've always dreamed of! Sweet Sixteen, a tradition in the Anglo-Saxon countries, is now available in Hungary. This special event is not just a birthday party, but one of the most important milestones of teenage life. At \u00d6ttev\u00e9nyi Castle we offer unforgettable experiences to make your big day truly special and unique.<\/p>\n<h4><strong>Reviving Anglo-Saxon Traditions:<\/strong><\/h4>\n<p>In the Anglo-Saxon countries, the Sweet Sixteen celebration marks the 16th birthday, when young people enter adulthood. The event often includes an elegant ball, fancy cake and entertainment. A shared celebration of friends and family plays a central role, and highlights of the party may include an opening dance, a 16 candles ceremony and a symbolic crown ceremony.<\/p>\n<h4><strong>Why choose \u00d6ttev\u00e9nyi Castle?<\/strong><\/h4>\n<ul>\n<li><strong>Fabulous Location:<\/strong> The \u00d6ttev\u00e9nyi Castle provides an enchanted setting for a fabulous, royal-style Sweet Sixteen party.<\/li>\n<li><strong>A Personalised Experience:<\/strong> Our team will plan every detail to make your day perfect, whether it's a special theme, decoration or programme.<\/li>\n<li><strong>Spectacular decoration:<\/strong> The majestic grounds of the castle are the perfect backdrop for a fabulous Sweet Sixteen party, decorated with colourful lights and flowers.<\/li>\n<li><strong>A wonderful photo location:<\/strong> In the 1.6 hectare castle garden or the rose garden there are countless photo spots where you can be the star mannequin! Take the best photos of your life at the most opportune moment!<\/li>\n<li><strong>Suites and rooms for rent:<\/strong>&nbsp;The castle has 11 rooms and 3 suites<\/li>\n<li><strong>Exclusive Catering:<\/strong> With a wide range of menus or a special party buffet, we ensure that all your guests are satisfied - from delicious snacks to a spectacular birthday cake or dessert table. Whether it's a Louis Vuitton cake or a princess cake ! \ud83d\ude42<\/li>\n<\/ul>\t\t\t\t\t\t\t\t<\/div>\n\t\t\t\t<\/div>\n\t\t\t\t\t<\/div>\n\t\t\t\t<\/div>\n\t\t<div class=\"elementor-element elementor-element-db368f4 e-flex e-con-boxed e-con e-parent\" data-id=\"db368f4\" data-element_type=\"container\" data-e-type=\"container\">\n\t\t\t\t\t<div class=\"e-con-inner\">\n\t\t\t\t<div class=\"elementor-element elementor-element-d72d115 elementor-widget elementor-widget-image\" data-id=\"d72d115\" data-element_type=\"widget\" data-e-type=\"widget\" data-widget_type=\"image.default\">\n\t\t\t\t<div class=\"elementor-widget-container\">\n\t\t\t\t\t\t\t\t\t\t\t\t\t\t\t<img decoding=\"async\" width=\"1024\" height=\"768\" src=\"https:\/\/ottevenyikastely.hu\/wp-content\/uploads\/2024\/10\/IMG_5036-1024x768.jpeg\" class=\"attachment-large size-large wp-image-10188\" alt=\"\" srcset=\"https:\/\/ottevenyikastely.hu\/wp-content\/uploads\/2024\/10\/IMG_5036-1024x768.jpeg 1024w, https:\/\/ottevenyikastely.hu\/wp-content\/uploads\/2024\/10\/IMG_5036-300x225.jpeg 300w, https:\/\/ottevenyikastely.hu\/wp-content\/uploads\/2024\/10\/IMG_5036-768x576.jpeg 768w, https:\/\/ottevenyikastely.hu\/wp-content\/uploads\/2024\/10\/IMG_5036-1536x1152.jpeg 1536w, https:\/\/ottevenyikastely.hu\/wp-content\/uploads\/2024\/10\/IMG_5036-2048x1536.jpeg 2048w, https:\/\/ottevenyikastely.hu\/wp-content\/uploads\/2024\/10\/IMG_5036-16x12.jpeg 16w\" sizes=\"(max-width: 1024px) 100vw, 1024px\" title=\"\">\t\t\t\t\t\t\t\t\t\t\t\t\t\t\t<\/div>\n\t\t\t\t<\/div>\n\t\t\t\t\t<\/div>\n\t\t\t\t<\/div>\n\t\t<div class=\"elementor-element elementor-element-7039199 e-flex e-con-boxed e-con e-parent\" data-id=\"7039199\" data-element_type=\"container\" data-e-type=\"container\">\n\t\t\t\t\t<div class=\"e-con-inner\">\n\t\t\t\t<div class=\"elementor-element elementor-element-93ed3c1 elementor-widget elementor-widget-text-editor\" data-id=\"93ed3c1\" data-element_type=\"widget\" data-e-type=\"widget\" data-widget_type=\"text-editor.default\">\n\t\t\t\t<div class=\"elementor-widget-container\">\n\t\t\t\t\t\t\t\t\t<h4><strong>Programme options:<\/strong><\/h4><ul><li>Elegant ballroom dinner and dancing<\/li><li>Thematic photo corner and red carpet parade<\/li><li>Night light show in the courtyard of the castle<\/li><li>Interactive games\u00a0<\/li><li>St\u00e1r DJ on the dance floor, light and sound effects<\/li><\/ul><h4><strong>Booking and Information:<\/strong><\/h4><p>Contact us to plan the Sweet Sixteen celebration of your dreams at \u00d6ttev\u00e9nyi Castle. We will create a customized proposal to make every moment of your day memorable!<\/p>\t\t\t\t\t\t\t\t<\/div>\n\t\t\t\t<\/div>\n\t\t\t\t\t<\/div>\n\t\t\t\t<\/div>\n\t\t\t\t<\/div>","protected":false},"excerpt":{"rendered":"<p>\ud83c\udf89 Sweet Sixteen Party az \u00d6ttev\u00e9nyi Kast\u00e9lyban! \ud83c\udf89 \u00dcnnepeld meg a 16. sz\u00fclet\u00e9snapodat \u00fagy, ahogy mindig is \u00e1lmodtad! A Sweet Sixteen, amely nagy hagyom\u00e1nynak \u00f6rvend az angolsz\u00e1sz orsz\u00e1gokban, most Magyarorsz\u00e1gon is el\u00e9rhet\u0151. Ez a k\u00fcl\u00f6nleges esem\u00e9ny nem csup\u00e1n egy sz\u00fclet\u00e9snapi buli, hanem a tin\u00e9dzserkor egyik legfontosabb m\u00e9rf\u00f6ldk\u00f6ve. Az \u00d6ttev\u00e9nyi Kast\u00e9lyban felejthetetlen \u00e9lm\u00e9nyeket k\u00edn\u00e1lunk, hogy a [&hellip;]<\/p>","protected":false},"author":7,"featured_media":0,"parent":0,"menu_order":0,"comment_status":"closed","ping_status":"closed","template":"","meta":{"footnotes":""},"class_list":["post-10185","page","type-page","status-publish","hentry","entry"],"_links":{"self":[{"href":"https:\/\/ottevenyikastely.hu\/en\/wp-json\/wp\/v2\/pages\/10185","targetHints":{"allow":["GET"]}}],"collection":[{"href":"https:\/\/ottevenyikastely.hu\/en\/wp-json\/wp\/v2\/pages"}],"about":[{"href":"https:\/\/ottevenyikastely.hu\/en\/wp-json\/wp\/v2\/types\/page"}],"author":[{"embeddable":true,"href":"https:\/\/ottevenyikastely.hu\/en\/wp-json\/wp\/v2\/users\/7"}],"replies":[{"embeddable":true,"href":"https:\/\/ottevenyikastely.hu\/en\/wp-json\/wp\/v2\/comments?post=10185"}],"version-history":[{"count":4,"href":"https:\/\/ottevenyikastely.hu\/en\/wp-json\/wp\/v2\/pages\/10185\/revisions"}],"predecessor-version":[{"id":10191,"href":"https:\/\/ottevenyikastely.hu\/en\/wp-json\/wp\/v2\/pages\/10185\/revisions\/10191"}],"wp:attachment":[{"href":"https:\/\/ottevenyikastely.hu\/en\/wp-json\/wp\/v2\/media?parent=10185"}],"curies":[{"name":"wp","href":"https:\/\/api.w.org\/{rel}","templated":true}]}}