{"id":10205,"date":"2024-10-21T15:59:47","date_gmt":"2024-10-21T13:59:47","guid":{"rendered":"https:\/\/ottevenyikastely.hu\/?page_id=10205"},"modified":"2024-11-04T10:41:49","modified_gmt":"2024-11-04T09:41:49","slug":"masthead-2","status":"publish","type":"page","link":"https:\/\/ottevenyikastely.hu\/en\/masthead-2\/","title":{"rendered":"masthead"},"content":{"rendered":"<div data-elementor-type=\"wp-page\" data-elementor-id=\"10205\" class=\"elementor elementor-10205\" data-elementor-post-type=\"page\">\n\t\t\t\t<div class=\"elementor-element elementor-element-7414633 e-flex e-con-boxed e-con e-parent\" data-id=\"7414633\" data-element_type=\"container\" data-e-type=\"container\">\n\t\t\t\t\t<div class=\"e-con-inner\">\n\t\t\t\t<div class=\"elementor-element elementor-element-d491ac4 elementor-widget elementor-widget-heading\" data-id=\"d491ac4\" data-element_type=\"widget\" data-e-type=\"widget\" data-widget_type=\"heading.default\">\n\t\t\t\t<div class=\"elementor-widget-container\">\n\t\t\t\t\t<h2 class=\"elementor-heading-title elementor-size-default\">masthead<\/h2>\t\t\t\t<\/div>\n\t\t\t\t<\/div>\n\t\t\t\t<div class=\"elementor-element elementor-element-ada02f7 elementor-widget elementor-widget-text-editor\" data-id=\"ada02f7\" data-element_type=\"widget\" data-e-type=\"widget\" data-widget_type=\"text-editor.default\">\n\t\t\t\t<div class=\"elementor-widget-container\">\n\t\t\t\t\t\t\t\t\t<p><strong>DETAILS OF THE OPERATOR<\/strong><br \/>Name of operator: Garzon Plaza Ingatlanforgalmaz\u00f3 \u00e9s Vagyonkezel\u0151 Korl\u00e1tolt Felel\u0151ss\u00e9g\u0171 T\u00e1rsas\u00e1g<br \/>The abbreviated name of the operator is Garzon Plaza Kft.<br \/>The operator is located at 9024 Gy\u0151r, Vasv\u00e1ri P\u00e1l utca 1. building B.<br \/>The postal address of the operator is: 9024 Gy\u0151r, Vasv\u00e1ri P\u00e1l utca 1. \u00e9p.<br \/>Registration number of the operator at the Trade Court: 08 09 015113<br \/>Operator's fiscal code: 13995803-2-08<br \/>EU tax number of the operator: HU13995803<br \/>Operator Bank Account Number: 10400401-00029566-00000008<\/p><p><strong>CONTACT DETAILS OF THE OPERATOR<\/strong><br \/>Customer service:<br \/>Phone: +36 99 900 500<br \/>E-mail: hotel@garzonplaza.hu<\/p><p><strong>THE OPERATOR'S WEBSITE HOSTING PROVIDER<\/strong><br \/>Name: DEVBOX Ltd.<br \/>Address: 7054 Tengelic, R\u00e1k\u00f3czi Ferenc u. 9.<br \/>Contact: support@devbox.hu<\/p>\t\t\t\t\t\t\t\t<\/div>\n\t\t\t\t<\/div>\n\t\t\t\t\t<\/div>\n\t\t\t\t<\/div>\n\t\t\t\t<\/div>","protected":false},"excerpt":{"rendered":"<p>Imprint INFORMATION ABOUT THE OPERATORThe name of the operator is Garzon Plaza Ingatlanforgalmaz\u00f3 \u00e9s Vagyonkezel\u0151 Korl\u00e1tolt Felel\u0151ss\u00e9g\u0171 T\u00e1rsas\u00e1gThe abbreviated name of the operator is Garzon Plaza Kft.The operator is based at 9024 Gy\u0151r, Vasv\u00e1ri P\u00e1l utca 1. Postal address of the operator: 9024 Gy\u0151r, Vasv\u00e1ri P\u00e1l utca 1. \u00e9p. B.Company registration number of the operator: 08 09 015113Tax number of the operator: 13995803-2-08EU tax number of the operator: HU13995803Operator Bank account [...]<\/p>","protected":false},"author":3,"featured_media":0,"parent":0,"menu_order":0,"comment_status":"closed","ping_status":"closed","template":"","meta":{"footnotes":""},"class_list":["post-10205","page","type-page","status-publish","hentry","entry"],"_links":{"self":[{"href":"https:\/\/ottevenyikastely.hu\/en\/wp-json\/wp\/v2\/pages\/10205","targetHints":{"allow":["GET"]}}],"collection":[{"href":"https:\/\/ottevenyikastely.hu\/en\/wp-json\/wp\/v2\/pages"}],"about":[{"href":"https:\/\/ottevenyikastely.hu\/en\/wp-json\/wp\/v2\/types\/page"}],"author":[{"embeddable":true,"href":"https:\/\/ottevenyikastely.hu\/en\/wp-json\/wp\/v2\/users\/3"}],"replies":[{"embeddable":true,"href":"https:\/\/ottevenyikastely.hu\/en\/wp-json\/wp\/v2\/comments?post=10205"}],"version-history":[{"count":7,"href":"https:\/\/ottevenyikastely.hu\/en\/wp-json\/wp\/v2\/pages\/10205\/revisions"}],"predecessor-version":[{"id":10321,"href":"https:\/\/ottevenyikastely.hu\/en\/wp-json\/wp\/v2\/pages\/10205\/revisions\/10321"}],"wp:attachment":[{"href":"https:\/\/ottevenyikastely.hu\/en\/wp-json\/wp\/v2\/media?parent=10205"}],"curies":[{"name":"wp","href":"https:\/\/api.w.org\/{rel}","templated":true}]}}