{"id":10780,"date":"2024-11-19T08:55:33","date_gmt":"2024-11-19T07:55:33","guid":{"rendered":"https:\/\/ottevenyikastely.hu\/?page_id=10780"},"modified":"2024-11-19T08:58:56","modified_gmt":"2024-11-19T07:58:56","slug":"alomeskuvo-basic-standards","status":"publish","type":"page","link":"https:\/\/ottevenyikastely.hu\/en\/alomeskuvo-basic-standards\/","title":{"rendered":"dream wedding statutes"},"content":{"rendered":"<div data-elementor-type=\"wp-page\" data-elementor-id=\"10780\" class=\"elementor elementor-10780\" data-elementor-post-type=\"page\">\n\t\t\t\t<div class=\"elementor-element elementor-element-d478a0a e-flex e-con-boxed e-con e-parent\" data-id=\"d478a0a\" data-element_type=\"container\" data-e-type=\"container\">\n\t\t\t\t\t<div class=\"e-con-inner\">\n\t\t\t\t<div class=\"elementor-element elementor-element-8a94974 elementor-widget elementor-widget-heading\" data-id=\"8a94974\" data-element_type=\"widget\" data-e-type=\"widget\" data-widget_type=\"heading.default\">\n\t\t\t\t<div class=\"elementor-widget-container\">\n\t\t\t\t\t<h2 class=\"elementor-heading-title elementor-size-default\">Statutes of the Dream Wedding Organisers Group<\/h2>\t\t\t\t<\/div>\n\t\t\t\t<\/div>\n\t\t\t\t\t<\/div>\n\t\t\t\t<\/div>\n\t\t<div class=\"elementor-element elementor-element-2d80463 e-flex e-con-boxed e-con e-parent\" data-id=\"2d80463\" data-element_type=\"container\" data-e-type=\"container\">\n\t\t\t\t\t<div class=\"e-con-inner\">\n\t\t\t\t<div class=\"elementor-element elementor-element-c1abeab elementor-widget elementor-widget-image\" data-id=\"c1abeab\" data-element_type=\"widget\" data-e-type=\"widget\" data-widget_type=\"image.default\">\n\t\t\t\t<div class=\"elementor-widget-container\">\n\t\t\t\t\t\t\t\t\t\t\t\t\t\t\t<img decoding=\"async\" src=\"https:\/\/ottevenyikastely.hu\/wp-content\/plugins\/elementor\/assets\/images\/placeholder.png\" title=\"\" alt=\"\" loading=\"lazy\">\t\t\t\t\t\t\t\t\t\t\t\t\t\t\t<\/div>\n\t\t\t\t<\/div>\n\t\t\t\t\t<\/div>\n\t\t\t\t<\/div>\n\t\t<div class=\"elementor-element elementor-element-2dbf81e e-flex e-con-boxed e-con e-parent\" data-id=\"2dbf81e\" data-element_type=\"container\" data-e-type=\"container\">\n\t\t\t\t\t<div class=\"e-con-inner\">\n\t\t\t\t<div class=\"elementor-element elementor-element-a5ae6eb elementor-widget elementor-widget-text-editor\" data-id=\"a5ae6eb\" data-element_type=\"widget\" data-e-type=\"widget\" data-widget_type=\"text-editor.default\">\n\t\t\t\t<div class=\"elementor-widget-container\">\n\t\t\t\t\t\t\t\t\t<p><strong>1. Purpose and Mission<\/strong><br \/>The aim of the \"Dream Wedding Planners Group\" is to bring together reliable, cooperative wedding service providers who are in tune with the style of the castle, in order to successfully market weddings and deliver high quality events.<\/p><p><strong>2. Membership Criteria<\/strong><\/p><ul><li>All members must respect the style and quality standards of the castle.<\/li><li>Members can include: master of ceremonies, wedding planners, decorators, jewellers, calligraphers, photo wall operators, party nannies, fortune tellers, sound and lighting technicians, stage technicians, prop hire companies, bridal and groom's dress designers, disc jockeys, bands and other wedding service providers. However, an important rule is that only one service provider from each area can be a member of the grouping.<\/li><\/ul><p><strong>3. Cooperation Principles<\/strong><\/p><ul><li><strong>Cross-selling:<\/strong> Members are obliged to be the first to recommend each other to their own customers and interested parties, and to mention other members of the group on their communication channels and websites.<\/li><li><strong>Content creation:<\/strong> 1-2 times a year, members jointly organise a presentation wedding event, at a time linked to the castle's wedding exhibition, with the aim of producing professional photography and video footage. The content produced can be published by each member on their own communication channel.<\/li><li><strong>Blog Content creation:<\/strong> Members are required to contribute at least once every two months an article on their area of expertise to the alomeskuvo.com blog, which is published by the castle's event organiser. The castle undertakes to promote the blog on its social media channels on an ongoing basis.<\/li><li><strong>Production of a joint publication:<\/strong> Based on the content production and the material previously published in the blog, the organising castle will produce a joint publication every \u00bd year, which the cooperating partners can cover with their own cover and print and distribute freely at their discretion.<\/li><\/ul><p><strong>4. Obligations of Members<\/strong><\/p><ul><li>The members of the group commit to actively cooperate and continuously improve their services.<\/li><li>In order to promote the group and present quality content, members are required to participate in joint content creation events and actively contribute to the development of the group.<\/li><li>Members are obliged to refer each other in the first instance when selling.<\/li><\/ul><p><strong>5. Exclusion Conditions<\/strong><br \/>A member may be excluded from the group if:<\/p><ul><li>It does not respect the above cooperation principles and obligations.<\/li><li>The quality of its service does not meet the standards set by the castle and the group.<\/li><li>Crossing the ethical boundaries of the profession<\/li><\/ul><div><p><strong>6. Admission of new members Conditions<\/strong><br \/>Only members who have the support of a large majority of the group members can be admitted to the group. The organiser of the group has the right of veto over the owner of the F\u00f6ldv\u00e1ry castle.<\/p><\/div><p><strong>7. Keeping in touch<\/strong><br \/>Members of the group are in constant contact with the castle's event organiser, who coordinates collaboration and content creation events, as well as updating and promoting the alomeskuvo.com blog.<\/p>\t\t\t\t\t\t\t\t<\/div>\n\t\t\t\t<\/div>\n\t\t\t\t\t<\/div>\n\t\t\t\t<\/div>\n\t\t<div class=\"elementor-element elementor-element-94b33c9 e-flex e-con-boxed e-con e-parent\" data-id=\"94b33c9\" data-element_type=\"container\" data-e-type=\"container\">\n\t\t\t\t\t<div class=\"e-con-inner\">\n\t\t\t\t<div class=\"elementor-element elementor-element-0d3564a elementor-widget elementor-widget-heading\" data-id=\"0d3564a\" data-element_type=\"widget\" data-e-type=\"widget\" data-widget_type=\"heading.default\">\n\t\t\t\t<div class=\"elementor-widget-container\">\n\t\t\t\t\t<h2 class=\"elementor-heading-title elementor-size-default\">Membership:<\/h2>\t\t\t\t<\/div>\n\t\t\t\t<\/div>\n\t\t\t\t<div class=\"elementor-element elementor-element-27c2735 elementor-widget elementor-widget-text-editor\" data-id=\"27c2735\" data-element_type=\"widget\" data-e-type=\"widget\" data-widget_type=\"text-editor.default\">\n\t\t\t\t<div class=\"elementor-widget-container\">\n\t\t\t\t\t\t\t\t\t<p>\u00d6ttev\u00e9nyi Castle Events Department<\/p>\t\t\t\t\t\t\t\t<\/div>\n\t\t\t\t<\/div>\n\t\t\t\t\t<\/div>\n\t\t\t\t<\/div>\n\t\t<div class=\"elementor-element elementor-element-1476b22 e-flex e-con-boxed e-con e-parent\" data-id=\"1476b22\" data-element_type=\"container\" data-e-type=\"container\">\n\t\t\t\t\t<div class=\"e-con-inner\">\n\t\t\t\t\t<\/div>\n\t\t\t\t<\/div>\n\t\t\t\t<\/div>","protected":false},"excerpt":{"rendered":"<p>\u00c1lomesk\u00fcv\u0151 szervez\u0151k csoportj\u00e1nak alapszab\u00e1lyzata 1. C\u00e9lja \u00e9s K\u00fcldet\u00e9seAz \u201e\u00c1lomesk\u00fcv\u0151 Szervez\u0151k Csoportja\u201d c\u00e9lja, hogy megb\u00edzhat\u00f3, a kast\u00e9ly st\u00edlus\u00e1hoz illeszked\u0151, egy\u00fcttm\u0171k\u00f6d\u00e9sre k\u00e9sz esk\u00fcv\u0151i szolg\u00e1ltat\u00f3kat fogjon \u00f6ssze az esk\u00fcv\u0151k sikeres \u00e9rt\u00e9kes\u00edt\u00e9se \u00e9s a rendezv\u00e9nyek magas sz\u00ednvonal\u00fa lebonyol\u00edt\u00e1sa \u00e9rdek\u00e9ben. 2. Tags\u00e1gi Krit\u00e9riumok Minden tag k\u00f6teles a kast\u00e9ly st\u00edlus\u00e1t \u00e9s min\u0151s\u00e9gi elv\u00e1r\u00e1sait szem el\u0151tt tartani. A tagok k\u00f6z\u00e9 tartozhatnak: cerem\u00f3niamesterek, [&hellip;]<\/p>","protected":false},"author":7,"featured_media":0,"parent":0,"menu_order":0,"comment_status":"closed","ping_status":"closed","template":"","meta":{"footnotes":""},"class_list":["post-10780","page","type-page","status-publish","hentry","entry"],"_links":{"self":[{"href":"https:\/\/ottevenyikastely.hu\/en\/wp-json\/wp\/v2\/pages\/10780","targetHints":{"allow":["GET"]}}],"collection":[{"href":"https:\/\/ottevenyikastely.hu\/en\/wp-json\/wp\/v2\/pages"}],"about":[{"href":"https:\/\/ottevenyikastely.hu\/en\/wp-json\/wp\/v2\/types\/page"}],"author":[{"embeddable":true,"href":"https:\/\/ottevenyikastely.hu\/en\/wp-json\/wp\/v2\/users\/7"}],"replies":[{"embeddable":true,"href":"https:\/\/ottevenyikastely.hu\/en\/wp-json\/wp\/v2\/comments?post=10780"}],"version-history":[{"count":4,"href":"https:\/\/ottevenyikastely.hu\/en\/wp-json\/wp\/v2\/pages\/10780\/revisions"}],"predecessor-version":[{"id":10784,"href":"https:\/\/ottevenyikastely.hu\/en\/wp-json\/wp\/v2\/pages\/10780\/revisions\/10784"}],"wp:attachment":[{"href":"https:\/\/ottevenyikastely.hu\/en\/wp-json\/wp\/v2\/media?parent=10780"}],"curies":[{"name":"wp","href":"https:\/\/api.w.org\/{rel}","templated":true}]}}