{"id":12289,"date":"2025-04-12T09:02:39","date_gmt":"2025-04-12T07:02:39","guid":{"rendered":"https:\/\/ottevenyikastely.hu\/?page_id=12289"},"modified":"2025-06-14T07:23:54","modified_gmt":"2025-06-14T05:23:54","slug":"ban-kata","status":"publish","type":"page","link":"https:\/\/ottevenyikastely.hu\/en\/ban-kata\/","title":{"rendered":"Kata B\u00e1n"},"content":{"rendered":"<div data-elementor-type=\"wp-page\" data-elementor-id=\"12289\" class=\"elementor elementor-12289\" data-elementor-post-type=\"page\">\n\t\t\t\t<div class=\"elementor-element elementor-element-1d37b64 e-flex e-con-boxed e-con e-parent\" data-id=\"1d37b64\" data-element_type=\"container\" data-e-type=\"container\">\n\t\t\t\t\t<div class=\"e-con-inner\">\n\t\t\t\t<div class=\"elementor-element elementor-element-8beddd2 elementor-widget elementor-widget-heading\" data-id=\"8beddd2\" data-element_type=\"widget\" data-e-type=\"widget\" data-widget_type=\"heading.default\">\n\t\t\t\t<div class=\"elementor-widget-container\">\n\t\t\t\t\t<h2 class=\"elementor-heading-title elementor-size-default\">Kata B\u00e1n<\/h2>\t\t\t\t<\/div>\n\t\t\t\t<\/div>\n\t\t\t\t\t<\/div>\n\t\t\t\t<\/div>\n\t\t<div class=\"elementor-element elementor-element-91fb0af e-flex e-con-boxed e-con e-parent\" data-id=\"91fb0af\" data-element_type=\"container\" data-e-type=\"container\">\n\t\t\t\t\t<div class=\"e-con-inner\">\n\t\t\t\t<div class=\"elementor-element elementor-element-c4fe475 elementor-widget elementor-widget-text-editor\" data-id=\"c4fe475\" data-element_type=\"widget\" data-e-type=\"widget\" data-widget_type=\"text-editor.default\">\n\t\t\t\t<div class=\"elementor-widget-container\">\n\t\t\t\t\t\t\t\t\t<p>I am Kata B\u00e1n painter. I live and work in Gy\u0151r, Hungary.<\/p><p>My drawing teacher was Ildik\u00f3 Karsai, a graphic artist. When I was in school, I won a prize in a drawing competition run by UNICEF on the equality of people of colour and white people around the world. Later I was the head of the school's art department for 4 years.<\/p><p>After vocational school, I was lured into banking and worked in that field until 2019.<\/p><p>I started painting again in 2019, self-taught and constantly improving myself, mostly with the help of the internet, online courses and my own experience.<\/p><p>Over the past 5 years, I have completed nearly 500 paintings, 80-90% of which were commissioned.<\/p><p>In addition to Hungary, I have originals in Ireland, Germany, Austria, Los Angeles, California and Mexico, all in private hands. Several collectors have bought works from me, but there are collectors who have bought and ordered more than 100 original paintings from me.<\/p><p>In 2021, I was asked to paint the cover of a book. The title of the book is Just For You. It is about autism and its treatment from the perspective of a mother.<\/p><p>In 2023 I opened my first gallery in Gy\u0151r, in a tiny room of a local restaurant in Ap\u00e1ca street, overlooking the street.In 2025 I managed to move to a bigger, more spacious, independent gallery, which has a large window and more than 55 sqm of space for art and exhibitions. It functions as a true ART-GALLERY.<\/p><p>In 2025, I participated in an invitation-only art camp at \u00d6ttev\u00e9nyi F\u00f6ldv\u00e1ry Castle, where all expenses were paid by the castle owner and only the most renowned contemporary artists were allowed to participate. Some of the paintings made there were donated to charity, along with 15 other contemporary artists who painted there. After several national exhibitions, the paintings will be sold at auction in October 2025.<\/p><p>My works are done by hand, in oil or acrylic, with a brush, in the traditional way. All works are accompanied by a certificate of authenticity and a unique serial number.<\/p><p>I also create realistic, surreal and abstract images.<\/p><p>I'm very interested in light and shadow, different structures and 3D.<\/p><p>It's important to me that my images convey as much as possible the tangible reality, as if they were stepping off the canvas, the inner emotions that a photograph can never do. A painting shows a different face at different times of the day, evokes emotions and is treasured from generation to generation.<\/p><p>I still paint to order, but it is necessary to indicate the request much in advance so that the painting can be completed in time. I also periodically hold solo exhibitions of my work in my own gallery.<\/p><p>My aim is to show the world as I see it through my paintings. The glow of the people, the sparkle of the raindrop, the sunlight shining out from behind the clouds, bringing happiness and beauty to our world, the rainbow in the drops of water left behind, and to show how beautiful everything is, so that many people will see it and more will preserve it, the wonder of the world we live in.<\/p>\t\t\t\t\t\t\t\t<\/div>\n\t\t\t\t<\/div>\n\t\t\t\t\t<\/div>\n\t\t\t\t<\/div>\n\t\t<div class=\"elementor-element elementor-element-7f0eef0 e-flex e-con-boxed e-con e-parent\" data-id=\"7f0eef0\" data-element_type=\"container\" data-e-type=\"container\">\n\t\t\t\t\t<div class=\"e-con-inner\">\n\t\t\t\t<div class=\"elementor-element elementor-element-0c967ad elementor-widget elementor-widget-video\" data-id=\"0c967ad\" data-element_type=\"widget\" data-e-type=\"widget\" data-settings=\"{&quot;youtube_url&quot;:&quot;https:\\\/\\\/www.youtube.com\\\/embed\\\/ELOy7CGGDSk?si=PFTpwWYcQW39y0l-&quot;,&quot;video_type&quot;:&quot;youtube&quot;,&quot;controls&quot;:&quot;yes&quot;}\" data-widget_type=\"video.default\">\n\t\t\t\t<div class=\"elementor-widget-container\">\n\t\t\t\t\t\t\t<div class=\"elementor-wrapper elementor-open-inline\">\n\t\t\t<div class=\"elementor-video\"><\/div>\t\t<\/div>\n\t\t\t\t\t\t<\/div>\n\t\t\t\t<\/div>\n\t\t\t\t\t<\/div>\n\t\t\t\t<\/div>\n\t\t<div class=\"elementor-element elementor-element-3c8c98d e-grid e-con-boxed e-con e-parent\" data-id=\"3c8c98d\" data-element_type=\"container\" data-e-type=\"container\">\n\t\t\t\t\t<div class=\"e-con-inner\">\n\t\t\t\t<div class=\"elementor-element elementor-element-427ad49 elementor-widget elementor-widget-image\" data-id=\"427ad49\" data-element_type=\"widget\" data-e-type=\"widget\" data-widget_type=\"image.default\">\n\t\t\t\t<div class=\"elementor-widget-container\">\n\t\t\t\t\t\t\t\t\t\t\t\t\t\t\t<img fetchpriority=\"high\" decoding=\"async\" width=\"768\" height=\"1024\" src=\"https:\/\/ottevenyikastely.hu\/wp-content\/uploads\/2025\/04\/IMG_0895-768x1024.jpg\" class=\"attachment-large size-large wp-image-12815\" alt=\"\" srcset=\"https:\/\/ottevenyikastely.hu\/wp-content\/uploads\/2025\/04\/IMG_0895-768x1024.jpg 768w, https:\/\/ottevenyikastely.hu\/wp-content\/uploads\/2025\/04\/IMG_0895-225x300.jpg 225w, https:\/\/ottevenyikastely.hu\/wp-content\/uploads\/2025\/04\/IMG_0895-1152x1536.jpg 1152w, https:\/\/ottevenyikastely.hu\/wp-content\/uploads\/2025\/04\/IMG_0895-1536x2048.jpg 1536w, https:\/\/ottevenyikastely.hu\/wp-content\/uploads\/2025\/04\/IMG_0895-9x12.jpg 9w, https:\/\/ottevenyikastely.hu\/wp-content\/uploads\/2025\/04\/IMG_0895-scaled.jpg 1920w\" sizes=\"(max-width: 768px) 100vw, 768px\" title=\"\">\t\t\t\t\t\t\t\t\t\t\t\t\t\t\t<\/div>\n\t\t\t\t<\/div>\n\t\t\t\t<div class=\"elementor-element elementor-element-4359f5e elementor-widget elementor-widget-image\" data-id=\"4359f5e\" data-element_type=\"widget\" data-e-type=\"widget\" data-widget_type=\"image.default\">\n\t\t\t\t<div class=\"elementor-widget-container\">\n\t\t\t\t\t\t\t\t\t\t\t\t\t\t\t<img decoding=\"async\" width=\"768\" height=\"1024\" src=\"https:\/\/ottevenyikastely.hu\/wp-content\/uploads\/2025\/04\/IMG_3256-768x1024.jpeg\" class=\"attachment-large size-large wp-image-12817\" alt=\"\" srcset=\"https:\/\/ottevenyikastely.hu\/wp-content\/uploads\/2025\/04\/IMG_3256-768x1024.jpeg 768w, https:\/\/ottevenyikastely.hu\/wp-content\/uploads\/2025\/04\/IMG_3256-225x300.jpeg 225w, https:\/\/ottevenyikastely.hu\/wp-content\/uploads\/2025\/04\/IMG_3256-1152x1536.jpeg 1152w, https:\/\/ottevenyikastely.hu\/wp-content\/uploads\/2025\/04\/IMG_3256-1536x2048.jpeg 1536w, https:\/\/ottevenyikastely.hu\/wp-content\/uploads\/2025\/04\/IMG_3256-9x12.jpeg 9w, https:\/\/ottevenyikastely.hu\/wp-content\/uploads\/2025\/04\/IMG_3256-scaled.jpeg 1920w\" sizes=\"(max-width: 768px) 100vw, 768px\" title=\"\">\t\t\t\t\t\t\t\t\t\t\t\t\t\t\t<\/div>\n\t\t\t\t<\/div>\n\t\t\t\t<div class=\"elementor-element elementor-element-c66dac4 elementor-widget elementor-widget-image\" data-id=\"c66dac4\" data-element_type=\"widget\" data-e-type=\"widget\" data-widget_type=\"image.default\">\n\t\t\t\t<div class=\"elementor-widget-container\">\n\t\t\t\t\t\t\t\t\t\t\t\t\t\t\t<img decoding=\"async\" width=\"768\" height=\"1024\" src=\"https:\/\/ottevenyikastely.hu\/wp-content\/uploads\/2025\/04\/IMG_3133-768x1024.jpeg\" class=\"attachment-large size-large wp-image-12819\" alt=\"\" srcset=\"https:\/\/ottevenyikastely.hu\/wp-content\/uploads\/2025\/04\/IMG_3133-768x1024.jpeg 768w, https:\/\/ottevenyikastely.hu\/wp-content\/uploads\/2025\/04\/IMG_3133-225x300.jpeg 225w, https:\/\/ottevenyikastely.hu\/wp-content\/uploads\/2025\/04\/IMG_3133-1152x1536.jpeg 1152w, https:\/\/ottevenyikastely.hu\/wp-content\/uploads\/2025\/04\/IMG_3133-1536x2048.jpeg 1536w, https:\/\/ottevenyikastely.hu\/wp-content\/uploads\/2025\/04\/IMG_3133-9x12.jpeg 9w, https:\/\/ottevenyikastely.hu\/wp-content\/uploads\/2025\/04\/IMG_3133-scaled.jpeg 1920w\" sizes=\"(max-width: 768px) 100vw, 768px\" title=\"\">\t\t\t\t\t\t\t\t\t\t\t\t\t\t\t<\/div>\n\t\t\t\t<\/div>\n\t\t\t\t\t<\/div>\n\t\t\t\t<\/div>\n\t\t<div class=\"elementor-element elementor-element-a214101 e-flex e-con-boxed e-con e-parent\" data-id=\"a214101\" data-element_type=\"container\" data-e-type=\"container\">\n\t\t\t\t\t<div class=\"e-con-inner\">\n\t\t\t\t<div class=\"elementor-element elementor-element-4dd3f14 elementor-widget elementor-widget-text-editor\" data-id=\"4dd3f14\" data-element_type=\"widget\" data-e-type=\"widget\" data-widget_type=\"text-editor.default\">\n\t\t\t\t<div class=\"elementor-widget-container\">\n\t\t\t\t\t\t\t\t\t<p>To bid on artwork made here, click on the image or visit the <span style=\"text-decoration: underline;\"><strong><a href=\"https:\/\/foldvaryaukcio.hu\" target=\"_blank\" rel=\"noopener\">foldvaryaukcio.hu<\/a><\/strong><\/span> page if you are interested in more details!<\/p>\t\t\t\t\t\t\t\t<\/div>\n\t\t\t\t<\/div>\n\t\t\t\t\t<\/div>\n\t\t\t\t<\/div>\n\t\t<div class=\"elementor-element elementor-element-7e4b2e2 e-grid e-con-boxed e-con e-parent\" data-id=\"7e4b2e2\" data-element_type=\"container\" data-e-type=\"container\">\n\t\t\t\t\t<div class=\"e-con-inner\">\n\t\t\t\t<div class=\"elementor-element elementor-element-4404017 elementor-widget elementor-widget-image\" data-id=\"4404017\" data-element_type=\"widget\" data-e-type=\"widget\" data-widget_type=\"image.default\">\n\t\t\t\t<div class=\"elementor-widget-container\">\n\t\t\t\t\t\t\t\t\t\t\t\t<figure class=\"wp-caption\">\n\t\t\t\t\t\t\t\t\t\t\t<a href=\"https:\/\/foldvaryaukcio.hu\/items\/217\" target=\"_blank\" rel=\"noopener\">\n\t\t\t\t\t\t\t<img loading=\"lazy\" decoding=\"async\" width=\"737\" height=\"1024\" src=\"https:\/\/ottevenyikastely.hu\/wp-content\/uploads\/2025\/04\/Ban-Katalin-217-737x1024.jpeg\" class=\"attachment-large size-large wp-image-12820\" alt=\"\" srcset=\"https:\/\/ottevenyikastely.hu\/wp-content\/uploads\/2025\/04\/Ban-Katalin-217-737x1024.jpeg 737w, https:\/\/ottevenyikastely.hu\/wp-content\/uploads\/2025\/04\/Ban-Katalin-217-216x300.jpeg 216w, https:\/\/ottevenyikastely.hu\/wp-content\/uploads\/2025\/04\/Ban-Katalin-217-768x1067.jpeg 768w, https:\/\/ottevenyikastely.hu\/wp-content\/uploads\/2025\/04\/Ban-Katalin-217-1105x1536.jpeg 1105w, https:\/\/ottevenyikastely.hu\/wp-content\/uploads\/2025\/04\/Ban-Katalin-217-1474x2048.jpeg 1474w, https:\/\/ottevenyikastely.hu\/wp-content\/uploads\/2025\/04\/Ban-Katalin-217-9x12.jpeg 9w, https:\/\/ottevenyikastely.hu\/wp-content\/uploads\/2025\/04\/Ban-Katalin-217-scaled.jpeg 1842w\" sizes=\"(max-width: 737px) 100vw, 737px\" title=\"\">\t\t\t\t\t\t\t\t<\/a>\n\t\t\t\t\t\t\t\t\t\t\t<figcaption class=\"widget-image-caption wp-caption-text\">click here<\/figcaption>\n\t\t\t\t\t\t\t\t\t\t<\/figure>\n\t\t\t\t\t\t\t\t\t<\/div>\n\t\t\t\t<\/div>\n\t\t\t\t<div class=\"elementor-element elementor-element-2be6fca elementor-widget elementor-widget-image\" data-id=\"2be6fca\" data-element_type=\"widget\" data-e-type=\"widget\" data-widget_type=\"image.default\">\n\t\t\t\t<div class=\"elementor-widget-container\">\n\t\t\t\t\t\t\t\t\t\t\t\t<figure class=\"wp-caption\">\n\t\t\t\t\t\t\t\t\t\t\t<a href=\"https:\/\/foldvaryaukcio.hu\/items\/218\" target=\"_blank\" rel=\"noopener\">\n\t\t\t\t\t\t\t<img loading=\"lazy\" decoding=\"async\" width=\"1024\" height=\"740\" src=\"https:\/\/ottevenyikastely.hu\/wp-content\/uploads\/2025\/04\/Ban-Katalin-218-1024x740.jpeg\" class=\"attachment-large size-large wp-image-12821\" alt=\"\" srcset=\"https:\/\/ottevenyikastely.hu\/wp-content\/uploads\/2025\/04\/Ban-Katalin-218-1024x740.jpeg 1024w, https:\/\/ottevenyikastely.hu\/wp-content\/uploads\/2025\/04\/Ban-Katalin-218-300x217.jpeg 300w, https:\/\/ottevenyikastely.hu\/wp-content\/uploads\/2025\/04\/Ban-Katalin-218-768x555.jpeg 768w, https:\/\/ottevenyikastely.hu\/wp-content\/uploads\/2025\/04\/Ban-Katalin-218-1536x1111.jpeg 1536w, https:\/\/ottevenyikastely.hu\/wp-content\/uploads\/2025\/04\/Ban-Katalin-218-2048x1481.jpeg 2048w, https:\/\/ottevenyikastely.hu\/wp-content\/uploads\/2025\/04\/Ban-Katalin-218-18x12.jpeg 18w\" sizes=\"(max-width: 1024px) 100vw, 1024px\" title=\"\">\t\t\t\t\t\t\t\t<\/a>\n\t\t\t\t\t\t\t\t\t\t\t<figcaption class=\"widget-image-caption wp-caption-text\">click here<\/figcaption>\n\t\t\t\t\t\t\t\t\t\t<\/figure>\n\t\t\t\t\t\t\t\t\t<\/div>\n\t\t\t\t<\/div>\n\t\t\t\t<div class=\"elementor-element elementor-element-d759f2f elementor-widget elementor-widget-image\" data-id=\"d759f2f\" data-element_type=\"widget\" data-e-type=\"widget\" data-widget_type=\"image.default\">\n\t\t\t\t<div class=\"elementor-widget-container\">\n\t\t\t\t\t\t\t\t\t\t\t\t<figure class=\"wp-caption\">\n\t\t\t\t\t\t\t\t\t\t\t<a href=\"https:\/\/foldvaryaukcio.hu\/items\/219\" target=\"_blank\" rel=\"noopener\">\n\t\t\t\t\t\t\t<img loading=\"lazy\" decoding=\"async\" width=\"766\" height=\"1024\" src=\"https:\/\/ottevenyikastely.hu\/wp-content\/uploads\/2025\/04\/Ban-Katalin-219-766x1024.jpeg\" class=\"attachment-large size-large wp-image-12822\" alt=\"\" srcset=\"https:\/\/ottevenyikastely.hu\/wp-content\/uploads\/2025\/04\/Ban-Katalin-219-766x1024.jpeg 766w, https:\/\/ottevenyikastely.hu\/wp-content\/uploads\/2025\/04\/Ban-Katalin-219-224x300.jpeg 224w, https:\/\/ottevenyikastely.hu\/wp-content\/uploads\/2025\/04\/Ban-Katalin-219-768x1027.jpeg 768w, https:\/\/ottevenyikastely.hu\/wp-content\/uploads\/2025\/04\/Ban-Katalin-219-1149x1536.jpeg 1149w, https:\/\/ottevenyikastely.hu\/wp-content\/uploads\/2025\/04\/Ban-Katalin-219-1532x2048.jpeg 1532w, https:\/\/ottevenyikastely.hu\/wp-content\/uploads\/2025\/04\/Ban-Katalin-219-9x12.jpeg 9w, https:\/\/ottevenyikastely.hu\/wp-content\/uploads\/2025\/04\/Ban-Katalin-219-scaled.jpeg 1915w\" sizes=\"(max-width: 766px) 100vw, 766px\" title=\"\">\t\t\t\t\t\t\t\t<\/a>\n\t\t\t\t\t\t\t\t\t\t\t<figcaption class=\"widget-image-caption wp-caption-text\">click here<\/figcaption>\n\t\t\t\t\t\t\t\t\t\t<\/figure>\n\t\t\t\t\t\t\t\t\t<\/div>\n\t\t\t\t<\/div>\n\t\t\t\t\t<\/div>\n\t\t\t\t<\/div>\n\t\t<div class=\"elementor-element elementor-element-57d0378 e-flex e-con-boxed e-con e-parent\" data-id=\"57d0378\" data-element_type=\"container\" data-e-type=\"container\">\n\t\t\t\t\t<div class=\"e-con-inner\">\n\t\t\t\t<div class=\"elementor-element elementor-element-0354fe8 elementor-widget elementor-widget-image\" data-id=\"0354fe8\" data-element_type=\"widget\" data-e-type=\"widget\" data-widget_type=\"image.default\">\n\t\t\t\t<div class=\"elementor-widget-container\">\n\t\t\t\t\t\t\t\t\t\t\t\t<figure class=\"wp-caption\">\n\t\t\t\t\t\t\t\t\t\t\t<a href=\"https:\/\/foldvaryaukcio.hu\/items\/220\" target=\"_blank\" rel=\"noopener\">\n\t\t\t\t\t\t\t<img loading=\"lazy\" decoding=\"async\" width=\"561\" height=\"200\" src=\"https:\/\/ottevenyikastely.hu\/wp-content\/uploads\/2025\/04\/Ban-Katalin-220.jpeg\" class=\"attachment-large size-large wp-image-12823\" alt=\"\" srcset=\"https:\/\/ottevenyikastely.hu\/wp-content\/uploads\/2025\/04\/Ban-Katalin-220.jpeg 561w, https:\/\/ottevenyikastely.hu\/wp-content\/uploads\/2025\/04\/Ban-Katalin-220-300x107.jpeg 300w, https:\/\/ottevenyikastely.hu\/wp-content\/uploads\/2025\/04\/Ban-Katalin-220-18x6.jpeg 18w\" sizes=\"(max-width: 561px) 100vw, 561px\" title=\"\">\t\t\t\t\t\t\t\t<\/a>\n\t\t\t\t\t\t\t\t\t\t\t<figcaption class=\"widget-image-caption wp-caption-text\">click here<\/figcaption>\n\t\t\t\t\t\t\t\t\t\t<\/figure>\n\t\t\t\t\t\t\t\t\t<\/div>\n\t\t\t\t<\/div>\n\t\t\t\t\t<\/div>\n\t\t\t\t<\/div>\n\t\t<div class=\"elementor-element elementor-element-d6fda2d e-flex e-con-boxed e-con e-parent\" data-id=\"d6fda2d\" data-element_type=\"container\" data-e-type=\"container\">\n\t\t\t\t\t<div class=\"e-con-inner\">\n\t\t\t\t<div class=\"elementor-element elementor-element-2611036 elementor-align-right elementor-widget elementor-widget-button\" data-id=\"2611036\" data-element_type=\"widget\" data-e-type=\"widget\" data-widget_type=\"button.default\">\n\t\t\t\t<div class=\"elementor-widget-container\">\n\t\t\t\t\t\t\t\t\t<div class=\"elementor-button-wrapper\">\n\t\t\t\t\t<a class=\"elementor-button elementor-button-link elementor-size-sm\" href=\"https:\/\/www.bankata.hu\/wordpress\/\" id=\"https:\/\/www.bankata.hu\/wordpress\/\" target=\"_blank\" rel=\"noopener\">\n\t\t\t\t\t\t<span class=\"elementor-button-content-wrapper\">\n\t\t\t\t\t\t\t\t\t<span class=\"elementor-button-text\">Artist's Web page<\/span>\n\t\t\t\t\t<\/span>\n\t\t\t\t\t<\/a>\n\t\t\t\t<\/div>\n\t\t\t\t\t\t\t\t<\/div>\n\t\t\t\t<\/div>\n\t\t\t\t\t<\/div>\n\t\t\t\t<\/div>\n\t\t\t\t<\/div>","protected":false},"excerpt":{"rendered":"<p>Kata B\u00e1n I am Kata B\u00e1n, painter. I live and work in Gy\u0151r, Hungary. My drawing teacher was Ildik\u00f3 Karsai, graphic artist. I won a prize in a drawing competition by UNICEF when I was in school, which was about the equality of people of colour and white people in the world. Later I was the head of the school's art department for 4 years. After secondary school, I was lured into banking [...]<\/p>","protected":false},"author":7,"featured_media":0,"parent":0,"menu_order":0,"comment_status":"closed","ping_status":"closed","template":"","meta":{"footnotes":""},"class_list":["post-12289","page","type-page","status-publish","hentry","entry"],"_links":{"self":[{"href":"https:\/\/ottevenyikastely.hu\/en\/wp-json\/wp\/v2\/pages\/12289","targetHints":{"allow":["GET"]}}],"collection":[{"href":"https:\/\/ottevenyikastely.hu\/en\/wp-json\/wp\/v2\/pages"}],"about":[{"href":"https:\/\/ottevenyikastely.hu\/en\/wp-json\/wp\/v2\/types\/page"}],"author":[{"embeddable":true,"href":"https:\/\/ottevenyikastely.hu\/en\/wp-json\/wp\/v2\/users\/7"}],"replies":[{"embeddable":true,"href":"https:\/\/ottevenyikastely.hu\/en\/wp-json\/wp\/v2\/comments?post=12289"}],"version-history":[{"count":16,"href":"https:\/\/ottevenyikastely.hu\/en\/wp-json\/wp\/v2\/pages\/12289\/revisions"}],"predecessor-version":[{"id":13543,"href":"https:\/\/ottevenyikastely.hu\/en\/wp-json\/wp\/v2\/pages\/12289\/revisions\/13543"}],"wp:attachment":[{"href":"https:\/\/ottevenyikastely.hu\/en\/wp-json\/wp\/v2\/media?parent=12289"}],"curies":[{"name":"wp","href":"https:\/\/api.w.org\/{rel}","templated":true}]}}