{"id":4007,"date":"2023-06-12T12:12:22","date_gmt":"2023-06-12T10:12:22","guid":{"rendered":"https:\/\/ottevenyikastely.hu\/?page_id=4007"},"modified":"2024-03-11T14:20:47","modified_gmt":"2024-03-11T13:20:47","slug":"gastronomy-old","status":"publish","type":"page","link":"https:\/\/ottevenyikastely.hu\/en\/gastronomy-old\/","title":{"rendered":"Gastronomy-old"},"content":{"rendered":"<div  class=\"one withsmallpadding ppb_text_image withbg parallax\" style=\"background-image:url(https:\/\/ottevenyikastely.hu\/wp-content\/uploads\/2023\/07\/elegant-restaurant-table-setting-service-for-recep-2022-12-16-00-11-59-utc.jpg);background-position: center top;text-align:center;padding:280px 0 280px 0;color:#ffffff !important;\" >\n<div class=\"overlay_background\" style=\"background:#000000;background:rgb(0,0,0,0.3);background:rgba(0,0,0,0.3);\"><\/div>\n<div class=\"standard_wrapper\">\n<div class=\"page_content_wrapper\">\n<div class=\"inner\">\n<div style=\"margin:auto;width:65%\">\n<h1 style=\"color: #fff; font-size: 46px;\"><\/h1>\n<h2 class=\"widgettitle\" style=\"color: #fff; border-color: #fff; margin-top: 20px;\"><\/h2>\n<h1 style=\"color: #fff; font-size: 60px;\">GASTRONOMY<\/h1>\n<h2 class=\"widgettitle\" style=\"color: #fff; border-color: #0000; font-size: 28px; text-align: center;\">PROFESSIONAL TEAM, EXCLUSIVE AMBIENCE, PREMIUM SERVICE<\/h2>\n<\/div>\n<\/div>\n<\/div>\n<\/div>\n<\/div>\n<div  class=\"ppb_image_half_boxed_fixed_width one\" style=\"margin-top:40px;margin-bottom:40px;\" >\n<div class=\"standard_wrapper\">\n<div class=\"page_content_wrapper\">\n<div class=\"inner\">\n<div class=\"one_half content_middle fixed\" style=\"padding:30px; text-align:center;min-height:1000px;background-color:#ffffff;\">\n<div class=\"content_middle_wrapper\">\n<div class=\"content_middle_content\">\n<h2 class=\"ppb_title\" style=\"color:#000000;\">STAR CHEF IN THE KITCHEN<\/h2>\n<div class=\"ppb_header_content\">\n<p style=\"text-align: justify;\">We proudly recommend the gastronomic masterpieces of Executive Chef Suga P\u00e9ter and his wonderful team. To make your event unforgettable, we strive to prepare the most suitable food and beverages according to your wishes. Each event is treated individually by us, be it a wedding, conference or any other event.<br \/>\nFor weddings we can offer a seating reservation for 160 people at round tables with plate service, for conferences we can offer a seating reservation for 200 people at round tables and when organising larger events we can provide service for 300 people at a standing reception in the central restaurant of the castle.<br \/>\nSuga P\u00e9ter is a renowned chef who started his career in Miskolc and moved to Gy\u0151r via the Budapest restaurants Gundel, Paradiso and Kempinski, where he continued his work as chef at Pati\u00f3 and then La mareda Restaurant. His European successes in competitions include Olympic silver and World Championship gold. Suga P\u00e9ter creates menus for themed dinners, organises wine evenings with the most prestigious winemakers, has founded a cooking club and participates in competition juries and chamber exams. Its name is synonymous with quality gastronomy.<br \/>\nTrust us with your gastronomic experiences and let us tempt you with the most delicious bites, hopefully this will help with your needs!<br \/>\nReferences of the presentations can be found here: : <a href=\"https:\/\/ottevenyikastely.hu\/en\/?galleries=gallery-flow&#038;lang=hu\">In the gallery<\/a><\/p>\n<\/div>\n<\/div>\n<\/div>\n<\/div>\n<div class=\"one_half content_middle last\" style=\"background-image:url(https:\/\/ottevenyikastely.hu\/wp-content\/uploads\/2023\/06\/HBP04444_retus.jpg);min-height:1000px;\"><\/div>\n<p><br class=\"clear\"\/><\/div>\n<\/div>\n<\/div>\n<\/div>\n<div  class=\"one ppb_fullwidth_button\" style=\"padding:40px 0 40px 0;background-color:#ffffff;\" >\n<div class=\"standard_wrapper\">\n<h2 class=\"title\" style=\"color:;\">BOOKING AND APPOINTMENT VERIFICATION<\/h2>\n<p><a href=\"https:\/\/ottevenyikastely.hu\/en\/occupied2\/\" class=\"button\" >Booking<\/a><\/div>\n<\/div>\n<div  class=\"ppb_image_half_boxed_fixed_width one\" style=\"margin-top:40px;\" >\n<div class=\"standard_wrapper\">\n<div class=\"page_content_wrapper\">\n<div class=\"inner\">\n<div class=\"one_half content_middle\" style=\"background-image:url(https:\/\/ottevenyikastely.hu\/wp-content\/uploads\/2023\/07\/torta_20220923_104916.jpg);min-height:1000px;\"><\/div>\n<div class=\"one_half last content_middle fixed\" style=\"padding:40px;text-align:center;min-height:1000px; background-color:#ffffff;\">\n<div class=\"content_middle_wrapper\">\n<div class=\"content_middle_content\">\n<h2 class=\"ppb_title\" style=\"\">DISCOVER THE SPECIALITIES OF THE PATISSERIE WITH KRISZTI\u00c1N VARGA<\/h2>\n<div class=\"ppb_header_content\">\n<p style=\"text-align: justify;\">... for more than three decades a faithful master of the art of pastry making! Kriszti\u00e1n manages the <strong>Toscana Confectionery<\/strong> in Gy\u0151r as a master pastry chef, proudly representing the traditional art of pastry making, working only with natural ingredients and real cream. If you choose him for your wedding cake, you will certainly not be disappointed<\/p>\n<p style=\"text-align: justify;\">Do not decide blindly! Taste the unique taste of freshly prepared sweets at Toscana Confectionery in Gy\u0151r and feel the real quality. Besides cakes, we also offer sweet and savoury pastries and prepare farewell packages so you can give your guests a suitable gift as a thank you.<\/p>\n<p style=\"text-align: justify;\">Order your cake at the price of Gy\u0151r, but in world-class quality! Visit the Toscana confectionery website,<\/p>\n<div class=\"standard_wrapper\" style=\"text-align: justify;\">\n<p style=\"text-align: center;\"><a class=\"button\" href=\"https:\/\/toscanacukraszda.hu\/eskuvoi-tortak\/?utm_source=kastely_honlap&#038;utm_medium=Referral&#038;utm_campaign=kastely_honlap\" target=\"_blank\" rel=\"noopener\">Tuscany web<\/a><\/p>\n<p>or have a look at our wedding cake gallery!<\/p>\n<\/div>\n<div class=\"standard_wrapper\" style=\"text-align: center;\"><a class=\"button\" href=\"https:\/\/ottevenyikastely.hu\/en\/galleries\/toscana-cukraszda-eskuvoi-tortai\/\">Cake Gallery<\/a><\/div>\n<div style=\"text-align: justify;\"><\/div>\n<div class=\"standard_wrapper\" style=\"text-align: justify;\">\n<p style=\"text-align: justify;\">For help, contact one of our staff or write directly to the master and ask for a personalised quote at <a href=\"mailto:rendeles@toscanacukraszda.hu\">rendeles@toscanacukraszda.hu<\/a>to crown the most important moments!<\/p>\n<\/div>\n<\/div>\n<\/div>\n<\/div>\n<\/div>\n<p><br class=\"clear\"\/><\/div>\n<\/div>\n<\/div>\n<\/div>\n<div  class=\"one ppb_fullwidth_button\" style=\"padding:35px 0 35px 0;background-color:#ffffff;margin-top:40px;\" >\n<div class=\"standard_wrapper\"><a href=\"https:\/\/ottevenyikastely.hu\/de\/essens-und-getraenkekonsum\/\" class=\"button\">Food and drink recommendations<\/a><\/div>\n<\/div>\n<div  class=\"one withsmallpadding ppb_header parallax withbg\" style=\"background-image:url(https:\/\/ottevenyikastely.hu\/wp-content\/uploads\/2023\/07\/elegant-catering-table-set-service-with-silverware-2021-09-03-07-43-23-utc.jpg);background-position: center center;text-align:center;padding:280px 0 280px 0;color:#ffffff;\" >\n<div class=\"overlay_background\" style=\"background:#000000;background:rgb(0,0,0,0.2);background:rgba(0,0,0,0.2);\"><\/div>\n<div class=\"standard_wrapper\">\n<div class=\"page_content_wrapper\">\n<div class=\"inner\">\n<div style=\"margin:auto;width:75%\"><\/div>\n<\/div>\n<\/div>\n<\/div>\n<\/div>","protected":false},"excerpt":{"rendered":"<p>GASTRONOMY PROFESSIONAL TEAM, EXCLUSIVE SERVICE, PREMIUM SERVICE STAR CHEF IN THE KITCHEN We proudly recommend the gastronomic masterpieces of Executive Chef Suga P\u00e9ter and his wonderful team. To make your event unforgettable, we strive to prepare the most suitable food and beverages according to your wishes. Each event is treated individually by us, be it a wedding, [...]<\/p>","protected":false},"author":3,"featured_media":0,"parent":0,"menu_order":0,"comment_status":"closed","ping_status":"closed","template":"","meta":{"footnotes":""},"class_list":["post-4007","page","type-page","status-publish","hentry","entry"],"_links":{"self":[{"href":"https:\/\/ottevenyikastely.hu\/en\/wp-json\/wp\/v2\/pages\/4007","targetHints":{"allow":["GET"]}}],"collection":[{"href":"https:\/\/ottevenyikastely.hu\/en\/wp-json\/wp\/v2\/pages"}],"about":[{"href":"https:\/\/ottevenyikastely.hu\/en\/wp-json\/wp\/v2\/types\/page"}],"author":[{"embeddable":true,"href":"https:\/\/ottevenyikastely.hu\/en\/wp-json\/wp\/v2\/users\/3"}],"replies":[{"embeddable":true,"href":"https:\/\/ottevenyikastely.hu\/en\/wp-json\/wp\/v2\/comments?post=4007"}],"version-history":[{"count":0,"href":"https:\/\/ottevenyikastely.hu\/en\/wp-json\/wp\/v2\/pages\/4007\/revisions"}],"wp:attachment":[{"href":"https:\/\/ottevenyikastely.hu\/en\/wp-json\/wp\/v2\/media?parent=4007"}],"curies":[{"name":"wp","href":"https:\/\/api.w.org\/{rel}","templated":true}]}}