{"id":4013,"date":"2023-06-12T12:18:17","date_gmt":"2023-06-12T10:18:17","guid":{"rendered":"https:\/\/ottevenyikastely.hu\/?page_id=4013"},"modified":"2023-11-20T14:00:29","modified_gmt":"2023-11-20T13:00:29","slug":"wedding","status":"publish","type":"page","link":"https:\/\/ottevenyikastely.hu\/en\/wedding\/","title":{"rendered":"Wedding"},"content":{"rendered":"<div  class=\"one withsmallpadding ppb_header_youtube withbg parallax\" data-jarallax-video=\"https:\/\/www.youtube.com\/watch?v=qHenFX9im3Y\"  style=\"text-align:center;padding:265px 0 265px 0;\" >\n<div class=\"standard_wrapper\">\n<div class=\"page_content_wrapper\">\n<div class=\"inner\">\n<div style=\"margin:auto;width:100%\">\n<div class=\"ppb_header_content\">\n<h1 style=\"color:#fff;font-size:60px;\">Wedding in the castle<\/h1>\n<h2 class=\"widgettitle\" style=\"color:#fff;border-color:#0000;font-size:28px;text-align: center\">Be the duke and duchess of the castle \u00d6ttev\u00e9ny on your big day<\/h2>\n<\/div>\n<\/div>\n<\/div>\n<\/div>\n<\/div>\n<\/div>\n<div  class=\"ppb_image_half_boxed_fixed_width one\" style=\"margin-top:40px;margin-bottom:40px;\" >\n<div class=\"standard_wrapper\">\n<div class=\"page_content_wrapper\">\n<div class=\"inner\">\n<div class=\"one_half content_middle fixed\" style=\"padding:30px; text-align:center;min-height:1000px;background-color:#ffffff;\">\n<div class=\"content_middle_wrapper\">\n<div class=\"content_middle_content\">\n<h2 class=\"ppb_title\" style=\"\">Become the duke and duchess of the castle \u00d6ttev\u00e9ny<\/h2>\n<div class=\"ppb_header_content\">\n<p style=\"color: #374151; text-align: justify;\">...and make your dreams come true with us! You can use the exclusive location for the wedding season 2024 together with our professional wedding planner. Our event organiser at the castle, Marianna Iv\u00e1nkovics, has more than 10 years of experience and guarantees that everything will be perfect from the smallest details to the end of the night, so you only have to focus on the unforgettable moments. The catering, which is up to the standard of the castle, is the responsibility of master chef P\u00e9ter Suga and his team, so that every dish served is prepared with the best quality products, fresh ingredients and special attention. By prior arrangement, you can choose from three menu options (traditional, gourmet, aristocratic) the one that best suits your taste.<\/p>\n<p style=\"color: #374151; text-align: justify;\">Our 2.6 hectares of historic parkland can be an excellent venue for the ceremony and, of course, the celebration afterwards until dawn. Whether you want to say your eternal vows in our garden filled with spring flowers, on a balmy summer evening, amongst falling autumn leaves or in a winter wonderland, \u00d6ttev\u00e9ny Castle offers an unrivalled setting all year round. Our elegant ballroom can accommodate 160 guests and your most important family members can choose from our 14 specially decorated hotel rooms, including 3 suites with Versace bathrooms. For the bride and groom, our exclusive 'Honeymoon' suite with its intimate atmosphere is the perfect choice for their first night as a married couple.<\/p>\n<p style=\"color: #374151; text-align: justify;\">Visit us and be enchanted by the picturesque beauty of our castle. The whole location can be hired from 1 May 2024 at a very reasonable price of \u20ac4000 per event, or if you want a truly complex castle experience, it can also be hired for a whole weekend (Fri-Sat-Sun) for \u20ac8000.<\/p>\n<p style=\"color: #374151; text-align: justify;\"><strong>The castle is currently undergoing a complete renovation and therefore cannot be visited at the moment, with a grand opening in full splendour scheduled for 30 April 2024.<\/strong><\/p>\n<\/div>\n<\/div>\n<\/div>\n<\/div>\n<div class=\"one_half content_middle last\" style=\"background-image:url(https:\/\/ottevenyikastely.hu\/wp-content\/uploads\/2023\/06\/Kepernyofoto-2023-06-11-6.28.14-2.jpeg);min-height:1000px;\"><\/div>\n<p><br class=\"clear\"\/><\/div>\n<\/div>\n<\/div>\n<\/div>\n<div  class=\"one withsmallpadding ppb_header parallax withbg\" style=\"background-image:url(https:\/\/ottevenyikastely.hu\/wp-content\/uploads\/2023\/07\/wedding-table.jpg);background-position: center top;text-align:center;padding:285px 0 285px 0;color:#ffffff;\" >\n<div class=\"overlay_background\" style=\"background:#000000;background:rgb(0,0,0,0.2);background:rgba(0,0,0,0.2);\"><\/div>\n<div class=\"standard_wrapper\">\n<div class=\"page_content_wrapper\">\n<div class=\"inner\">\n<div style=\"margin:auto;width:100%\">\n<div class=\"ppb_header_content\">\n<h1 style=\"color:#fff;font-size:60px;\">Princely service<\/h1>\n<h2 class=\"widgettitle\" style=\"color:#fff;border-color:#0000;font-size:28px;text-align: center\">Seating arrangement with round tables for 160 people<\/h2>\n<\/div>\n<\/div>\n<\/div>\n<\/div>\n<\/div>\n<\/div>\n<div  class=\"ppb_image_half_boxed_fixed_width one\" style=\"margin-top:40px;margin-bottom:40px;\" >\n<div class=\"standard_wrapper\">\n<div class=\"page_content_wrapper\">\n<div class=\"inner\">\n<div class=\"one_half content_middle\" style=\"background-image:url(https:\/\/ottevenyikastely.hu\/wp-content\/uploads\/2017\/05\/bride.jpg);min-height:630px;\"><\/div>\n<div class=\"one_half last content_middle fixed\" style=\"padding:40px;text-align:center;min-height:630px; background-color:#ffffff;\">\n<div class=\"content_middle_wrapper\">\n<div class=\"content_middle_content\">\n<h2 class=\"ppb_title\" style=\"\">Leave the organisation to us<\/h2>\n<div class=\"ppb_header_content\">\n<p style=\"color: #374151; text-align: justify;\">Our wedding service will make sure that you can enjoy your big day worry-free!<\/p>\n<p style=\"color: #374151; text-align: justify;\">The rental of the entire castle including the wedding planner costs <strong>4000 EUR<\/strong> per night or <strong>8000 EUR<\/strong> for the weekend (Friday-Saturday-Sunday).<\/p>\n<p style=\"color: #374151; text-align: justify;\">Our wedding planning services are free of charge, but of course you have to pay for the selected artists and other services such as ordering flowers, photographer, airport transfers, catering.<\/p>\n<\/div>\n<\/div>\n<\/div>\n<\/div>\n<p><br class=\"clear\"\/><\/div>\n<\/div>\n<\/div>\n<\/div>\n<div  class=\"one ppb_fullwidth_button\" style=\"padding:40px 0 40px 0;background-color:#ffffff;margin-top:40px;margin-bottom:40px;\" >\n<div class=\"standard_wrapper\">\n<h2 class=\"title\" style=\"color:;\">BOOKING AND APPOINTMENT VERIFICATION<\/h2>\n<p><a href=\"https:\/\/ottevenyikastely.hu\/de\/buchung\/\" class=\"button\" >Booking<\/a><\/div>\n<\/div>\n<div  class=\"ppb_image_half_boxed_fixed_width one\" style=\"margin-top:40px;margin-bottom:40px;\" >\n<div class=\"standard_wrapper\">\n<div class=\"page_content_wrapper\">\n<div class=\"inner\">\n<div class=\"one_half content_middle fixed\" style=\"padding:40px; text-align:center;min-height:1000px;background-color:#ffffff;\">\n<div class=\"content_middle_wrapper\">\n<div class=\"content_middle_content\">\n<h2 class=\"ppb_title\" style=\"\"> Our free planning and organisation services<\/h2>\n<div class=\"ppb_header_content\">\n<p style=\"color: #374151; text-align: justify;\">Planning and coordination: our staff will help you plan down to the smallest detail and will be present throughout the wedding to ensure that everything goes according to plan, helping you plan the event down to the minute to eliminate even the smallest margin for error. Decoration and decor: Although our castle is impressive in itself, the right decoration can enhance its appearance even further. Our staff will help to decorate the venue to suit the style of the couple and the theme of the wedding in the most cost-effective way. We not only help to select and order the right service provider, but also manage the decoration process. Catering: The castles have fully equipped kitchens and cocktail bars, and our specialists guarantee the preparation of fresh, healthy and delicious food. Our mission is to perfectly match the menu served to the taste of the bride and groom and the atmosphere of the wedding. In our wine cellar you will find the best wines from both Hungarian and international wineries. In our cocktail bar we offer the best spirits, combined with professional service. Photo and video services: The F\u00f6ldv\u00e1ry Castle offers an impressive backdrop for taking photos and videos. Our staff will help you find the right photographer and\/or videographer to make the most of the possibilities the castle offers. Event organisation: Of course there is no wedding without music, so we will be happy to help you find a live band or DJ, plus there is the possibility of fireworks or carriage rides. Our dance floor is equipped with the right sound equipment and is suitable for satisfying and recording any kind of performance. Accommodation coordination: During the event our castle offers free accommodation for your guests, a total of 14 rooms are available in the castle, and 53 additional rooms are available at the Hotel Garzonplaza**** in Gy\u0151r for a fee, where we transport guests free of charge with our exclusive minibus that shuttles throughout the evening. Our staff will help you to plan accommodation for your relatives, including accommodation in other hotels. Transfers: Our service includes the organisation of transfers at a reasonable cost, so that everyone can get to the place easily and comfortably.<\/p>\n<p style=\"color: #374151; text-align: justify;\">We will help with the selection and ordering, but the cost of the services must be paid by the client in all cases.<\/p>\n<\/div>\n<\/div>\n<\/div>\n<\/div>\n<div class=\"one_half content_middle last\" style=\"background-image:url(https:\/\/ottevenyikastely.hu\/wp-content\/uploads\/2023\/06\/Kepernyofoto-2023-06-11-6.24.56-2.jpeg);min-height:1000px;\"><\/div>\n<p><br class=\"clear\"\/><\/div>\n<\/div>\n<\/div>\n<\/div>\n<div  class=\"ppb_image_half_boxed_fixed_width one\" style=\"margin-top:40px;margin-bottom:40px;\" >\n<div class=\"standard_wrapper\">\n<div class=\"page_content_wrapper\">\n<div class=\"inner\">\n<div class=\"one_half content_middle\" style=\"background-image:url(https:\/\/ottevenyikastely.hu\/wp-content\/uploads\/2023\/06\/355159639_790598029218866_5332026251753184102_n.jpg);min-height:705px;\"><\/div>\n<div class=\"one_half last content_middle fixed\" style=\"padding:50px;text-align:center;min-height:705px; background-color:#ffffff;\">\n<div class=\"content_middle_wrapper\">\n<div class=\"content_middle_content\">\n<h2 class=\"ppb_title\" style=\"\">Marianna Ivankovits<\/h2>\n<div class=\"page_tagline\" style=\"\">Castle Manager<\/div>\n<div class=\"ppb_header_content\">\n<p style=\"text-align: justify;\"><span style=\"color: #374151;\">She has more than 15 years of experience in wedding planning, hotel management and catering. After graduating in Italy, she spent more than a decade in England, where she gained a wealth of professional experience. For the last eight years she has been the manager of the Garzon Plaza, a four-star hotel belonging to the group, where she has organised and run numerous events and conferences, including national and international sporting events and weddings. In the past she has managed the F\u00f6ldv\u00e1ry Castle for two wedding seasons and, after the renovation, she will continue to work enthusiastically as event manager and castle manager. <\/span><\/p>\n<p style=\"text-align: justify;\"><span style=\"color: #374151;\">You can reach Marianna directly at <a href=\"tel:+36 70 379 2950\">+36 70 379 2950<\/a> or by e-mail to <\/span><a style=\"font-weight: 500; color: var(--tw-prose-links);\" href=\"mailto:info@foldvarykastely.hu\" target=\"_new\" rel=\"noopener\">info@foldvarykastely.hu<\/a><span style=\"color: #374151;\">.<\/span><\/p>\n<\/div>\n<\/div>\n<\/div>\n<\/div>\n<p><br class=\"clear\"\/><\/div>\n<\/div>\n<\/div>\n<\/div>","protected":false},"excerpt":{"rendered":"<p>Wedding at the Castle Become the Duke and Duchess of the Castle \u00d6ttev\u00e9ny on your big day Become the Duke and Duchess of the Castle \u00d6ttev\u00e9ny ...and make your dreams come true with us! You can use the exclusive location for the 2024 wedding season together with our professional wedding planner. Our event organiser at the Castle, Marianna Iv\u00e1nkovics, has more than 10 years of experience [...]<\/p>","protected":false},"author":3,"featured_media":0,"parent":0,"menu_order":0,"comment_status":"closed","ping_status":"closed","template":"","meta":{"footnotes":""},"class_list":["post-4013","page","type-page","status-publish","hentry","entry"],"_links":{"self":[{"href":"https:\/\/ottevenyikastely.hu\/en\/wp-json\/wp\/v2\/pages\/4013","targetHints":{"allow":["GET"]}}],"collection":[{"href":"https:\/\/ottevenyikastely.hu\/en\/wp-json\/wp\/v2\/pages"}],"about":[{"href":"https:\/\/ottevenyikastely.hu\/en\/wp-json\/wp\/v2\/types\/page"}],"author":[{"embeddable":true,"href":"https:\/\/ottevenyikastely.hu\/en\/wp-json\/wp\/v2\/users\/3"}],"replies":[{"embeddable":true,"href":"https:\/\/ottevenyikastely.hu\/en\/wp-json\/wp\/v2\/comments?post=4013"}],"version-history":[{"count":0,"href":"https:\/\/ottevenyikastely.hu\/en\/wp-json\/wp\/v2\/pages\/4013\/revisions"}],"wp:attachment":[{"href":"https:\/\/ottevenyikastely.hu\/en\/wp-json\/wp\/v2\/media?parent=4013"}],"curies":[{"name":"wp","href":"https:\/\/api.w.org\/{rel}","templated":true}]}}