{"id":4168,"date":"2023-06-12T17:02:48","date_gmt":"2023-06-12T15:02:48","guid":{"rendered":"https:\/\/ottevenyikastely.hu\/?page_id=4168"},"modified":"2023-11-20T13:55:43","modified_gmt":"2023-11-20T12:55:43","slug":"home-en-2","status":"publish","type":"page","link":"https:\/\/ottevenyikastely.hu\/en\/home-en-2\/","title":{"rendered":"Home-DE"},"content":{"rendered":"<div  class=\"one withsmallpadding ppb_text_image withbg parallax\" style=\"background-image:url(https:\/\/ottevenyikastely.hu\/wp-content\/uploads\/2023\/08\/nyeremenyjatek-1.jpg);background-position: center top;text-align:left;padding:205px 0 205px 0;\" >\n<div class=\"standard_wrapper\">\n<div class=\"page_content_wrapper\">\n<div class=\"inner\">\n<div style=\"margin:auto;width:100%\">\n<h1 style=\"color: #fff; font-size: 55px;\">Chateau F\u00f6ldv\u00e1ry<\/h1>\n<h1 class=\"widgettitle\" style=\"color: #fff; border-color: #fff; margin-top: 20px; font-size: 35px;\">Grand opening 2024 May 1.<\/h1>\n<\/div>\n<\/div>\n<\/div>\n<\/div>\n<\/div>\n<div  class=\"ppb_image_half_boxed_fixed_width one\" style=\"margin-top:40px;margin-bottom:40px;\" >\n<div class=\"standard_wrapper\">\n<div class=\"page_content_wrapper\">\n<div class=\"inner\">\n<div class=\"one_half content_middle\" style=\"background-image:url(https:\/\/ottevenyikastely.hu\/wp-content\/uploads\/2023\/06\/1486930_763125647105896_2599009561480863766_n-Enhanced.jpg);min-height:405px;\"><\/div>\n<div class=\"one_half last content_middle fixed\" style=\"padding:40px;text-align:center;min-height:405px; background-color:#ffffff;\">\n<div class=\"content_middle_wrapper\">\n<div class=\"content_middle_content\">\n<h2 class=\"ppb_title\" style=\"\">WEDDINGS<\/h2>\n<div class=\"ppb_header_content\">\n<blockquote>\n<p style=\"text-align: justify;\">Our castle is ideal for wedding parties with round tables for up to 160 guests. By hiring the castle, we can offer complete exclusivity for a flawless private event.<\/p>\n<p><strong><a title=\"Wedding\" href=\"https:\/\/ottevenyikastely.hu\/de\/hochzeit\/\">CASTLE AS WEDDING VENUE<\/a><\/strong><\/p>\n<\/blockquote>\n<\/div>\n<\/div>\n<\/div>\n<\/div>\n<p><br class=\"clear\"\/><\/div>\n<\/div>\n<\/div>\n<\/div>\n<div  class=\"ppb_image_half_boxed_fixed_width one\" style=\"margin-top:40px;margin-bottom:40px;\" >\n<div class=\"standard_wrapper\">\n<div class=\"page_content_wrapper\">\n<div class=\"inner\">\n<div class=\"one_half content_middle fixed\" style=\"padding:40px; text-align:center;min-height:450px;background-color:#ffffff;\">\n<div class=\"content_middle_wrapper\">\n<div class=\"content_middle_content\">\n<h2 class=\"ppb_title\" style=\"\">OUR SERVICES<\/h2>\n<div class=\"ppb_header_content\">\n<ul>\n<li>\n<blockquote>\n<p>organising and holding weddings, celebrations<\/p>\n<\/blockquote>\n<\/li>\n<li>\n<blockquote>\n<p>Provide a location for films, professional photography<\/p>\n<\/blockquote>\n<\/li>\n<li>\n<blockquote>\n<p>Free photo location for wedding couples<\/p>\n<\/blockquote>\n<\/li>\n<li>\n<blockquote>\n<p>teambuilding, corporate events<\/p>\n<\/blockquote>\n<\/li>\n<li>\n<blockquote>\n<p><strong><a title=\"Gastronomy\" href=\"https:\/\/ottevenyikastely.hu\/de\/gastronomie\/\">Catering services<\/a><\/strong><\/p>\n<\/blockquote>\n<\/li>\n<\/ul>\n<\/div>\n<\/div>\n<\/div>\n<\/div>\n<div class=\"one_half content_middle last\" style=\"background-image:url(https:\/\/ottevenyikastely.hu\/wp-content\/uploads\/2023\/06\/287356032_996920847685811_7607236231232610045_n.jpg);min-height:450px;\"><\/div>\n<p><br class=\"clear\"\/><\/div>\n<\/div>\n<\/div>\n<\/div>\n<div  class=\"one withsmallpadding ppb_text_image withbg parallax\" style=\"background-image:url(https:\/\/ottevenyikastely.hu\/wp-content\/uploads\/2023\/06\/IMG_0856-1.jpg);background-position: center top;text-align:center;padding:280px 0 280px 0;color:#ffffff !important;\" >\n<div class=\"overlay_background\" style=\"background:#000000;background:rgb(0,0,0,0.2);background:rgba(0,0,0,0.2);\"><\/div>\n<div class=\"standard_wrapper\">\n<div class=\"page_content_wrapper\">\n<div class=\"inner\">\n<div style=\"margin:auto;width:55%\">\n<h1 style=\"color: #fff; font-size: 55px;\">Chateau F\u00f6ldv\u00e1ry<\/h1>\n<h1 class=\"widgettitle\" style=\"color: #fff; border-color: #fff; margin-top: 20px; font-size: 35px;\">OPENING ON 1 MAY 2024.<\/h1>\n<h2 class=\"widgettitle\" style=\"color: #fff; border-color: #fff; margin-top: 20px;\"><\/h2>\n<\/div>\n<\/div>\n<\/div>\n<\/div>\n<\/div>\n<div  class=\"ppb_image_half_boxed_fixed_width one\" style=\"margin-top:40px;margin-bottom:40px;\" >\n<div class=\"standard_wrapper\">\n<div class=\"page_content_wrapper\">\n<div class=\"inner\">\n<div class=\"one_half content_middle fixed\" style=\"padding:40px; text-align:center;min-height:600px;background-color:#ffffff;\">\n<div class=\"content_middle_wrapper\">\n<div class=\"content_middle_content\">\n<h2 class=\"ppb_title\" style=\"\">THE STORY<\/h2>\n<div class=\"ppb_header_content\">\n<blockquote>\n<p style=\"text-align: justify;\">F\u00f6ldv\u00e1r Castle is located in the western part of Transdanubia, 15 km from Gy\u0151r, in the village of \u00d6ttev\u00e9ny. \u00d6ttev\u00e9ny has undergone many historical changes throughout its history, yet it has preserved its historical significance and rich heritage to this day. The village is situated on the northern edge of the Great Hungarian Plain in the Gy\u0151r district and has been the scene of various historical events over the centuries.<\/p>\n<p><a title=\"Castle history\" href=\"https:\/\/ottevenyikastely.hu\/de\/burggeschichte\/\">Find out more<\/a><\/p>\n<\/blockquote>\n<\/div>\n<\/div>\n<\/div>\n<\/div>\n<div class=\"one_half content_middle last\" style=\"background-image:url(https:\/\/ottevenyikastely.hu\/wp-content\/uploads\/2023\/06\/IMG_0867-2.jpg);min-height:600px;\"><\/div>\n<p><br class=\"clear\"\/><\/div>\n<\/div>\n<\/div>\n<\/div>\n<div  class=\"one withsmallpadding ppb_header parallax withbg\" style=\"background-image:url(https:\/\/ottevenyikastely.hu\/wp-content\/uploads\/2023\/06\/Kepernyofoto-2023-06-11-6.29.59-2.jpeg);background-position: center top;text-align:center;padding:285px 0 285px 0;color:#ffffff;\" >\n<div class=\"overlay_background\" style=\"background:#000000;background:rgb(0,0,0,0.2);background:rgba(0,0,0,0.2);\"><\/div>\n<div class=\"standard_wrapper\">\n<div class=\"page_content_wrapper\">\n<div class=\"inner\">\n<div style=\"margin:auto;width:100%\"><\/div>\n<\/div>\n<\/div>\n<\/div>\n<\/div>","protected":false},"excerpt":{"rendered":"<p>Chateau F\u00f6ldv\u00e1ry Grand opening 2024 M\u00e1jus 1. WEDDINGS Our castle is ideal for wedding receptions with round tables for up to 160 guests. By renting the castle, we can offer complete exclusivity for a flawless private event. CASTLE AS A WEDDING LOCATION OUR SERVICES Weddings, organising and holding ceremonies Venue for films, professional [...]<\/p>","protected":false},"author":3,"featured_media":0,"parent":0,"menu_order":0,"comment_status":"closed","ping_status":"closed","template":"","meta":{"footnotes":""},"class_list":["post-4168","page","type-page","status-publish","hentry","entry"],"_links":{"self":[{"href":"https:\/\/ottevenyikastely.hu\/en\/wp-json\/wp\/v2\/pages\/4168","targetHints":{"allow":["GET"]}}],"collection":[{"href":"https:\/\/ottevenyikastely.hu\/en\/wp-json\/wp\/v2\/pages"}],"about":[{"href":"https:\/\/ottevenyikastely.hu\/en\/wp-json\/wp\/v2\/types\/page"}],"author":[{"embeddable":true,"href":"https:\/\/ottevenyikastely.hu\/en\/wp-json\/wp\/v2\/users\/3"}],"replies":[{"embeddable":true,"href":"https:\/\/ottevenyikastely.hu\/en\/wp-json\/wp\/v2\/comments?post=4168"}],"version-history":[{"count":0,"href":"https:\/\/ottevenyikastely.hu\/en\/wp-json\/wp\/v2\/pages\/4168\/revisions"}],"wp:attachment":[{"href":"https:\/\/ottevenyikastely.hu\/en\/wp-json\/wp\/v2\/media?parent=4168"}],"curies":[{"name":"wp","href":"https:\/\/api.w.org\/{rel}","templated":true}]}}