{"id":5321,"date":"2023-07-21T13:25:50","date_gmt":"2023-07-21T11:25:50","guid":{"rendered":"https:\/\/ottevenyikastely.hu\/?page_id=5321"},"modified":"2023-08-09T16:18:12","modified_gmt":"2023-08-09T14:18:12","slug":"food-and-drink-consumption-2","status":"publish","type":"page","link":"https:\/\/ottevenyikastely.hu\/en\/food-and-drink-consumption-2\/","title":{"rendered":"Food and drink consumption"},"content":{"rendered":"<div  class=\"one withsmallpadding ppb_header\" style=\"text-align:left;padding:30px 0 30px 0;\" >\n<div class=\"standard_wrapper\">\n<div class=\"page_content_wrapper\">\n<div class=\"inner\">\n<div style=\"margin:auto;width:100%\">\n<h2 class=\"ppb_title\" style=\"\">DRINKS OFFERS<\/h2>\n<\/div>\n<\/div>\n<\/div>\n<\/div>\n<\/div>\n<div  class=\"ppb_image_half_boxed_fixed_width one\" >\n<div class=\"standard_wrapper\">\n<div class=\"page_content_wrapper\">\n<div class=\"inner\">\n<div class=\"one_half content_middle fixed\" style=\"padding:0px; text-align:left;min-height:420px;\">\n<div class=\"content_middle_wrapper\">\n<div class=\"content_middle_content\">\n<h2 class=\"ppb_title\" style=\"\">NON-ALCOHOLIC BEVERAGE PACKAGE<\/h2>\n<div class=\"ppb_header_content\">\n<ul>\n<li style=\"text-align: justify;\"><span style=\"color: #374151;\">Cappy fruit juices (100% orange juice, peach juice, apple juice) <\/span><\/li>\n<li style=\"text-align: justify;\"><span style=\"color: #374151;\">NaturAqua mineral water <\/span><\/li>\n<li style=\"text-align: justify;\"><span style=\"color: #374151;\">Homemade syrups (raspberry, strawberry, kiwi, citrus, lavender, elderberry) <\/span><\/li>\n<li style=\"text-align: justify;\"><span style=\"color: #374151;\">Coca-Cola, Coke Zero, Fanta, Tonic, Ginger, Sprite <\/span><\/li>\n<li style=\"text-align: justify;\"><span style=\"color: #374151;\">FuzeTea in lemon and peach flavour <\/span><\/li>\n<li style=\"text-align: justify;\"><span style=\"color: #374151;\">Coffee, tea<\/span><\/li>\n<\/ul>\n<\/div>\n<\/div>\n<\/div>\n<\/div>\n<p><br class=\"clear\"\/><\/div>\n<\/div>\n<\/div>\n<\/div>\n<div  class=\"ppb_image_half_boxed_fixed_width one\" >\n<div class=\"standard_wrapper\">\n<div class=\"page_content_wrapper\">\n<div class=\"inner\">\n<div class=\"one_half content_middle fixed\" style=\"padding:0px; text-align:left;min-height:420px;\">\n<div class=\"content_middle_wrapper\">\n<div class=\"content_middle_content\">\n<h2 class=\"ppb_title\" style=\"\">BEVERAGE PACKAGE WITH BEER AND WINE<\/h2>\n<div class=\"ppb_header_content\">\n<ul>\n<li style=\"text-align: justify;\">Cappy fruit juices (100% orange juice, peach juice, apple juice)<\/li>\n<li style=\"text-align: justify;\">NaturAqua mineral water<\/li>\n<li style=\"text-align: justify;\">Homemade syrups (raspberry, strawberry, blackcurrant, cherry, ginger, elderberry)<\/li>\n<li style=\"text-align: justify;\">Coca-Cola, Coke Zero, Fanta, Tonic, Ginger, Sprite<\/li>\n<li style=\"text-align: justify;\">FuzeTea in lemon and peach flavour<\/li>\n<li style=\"text-align: justify;\">Draught beers from Soproni and Heineken,<\/li>\n<li style=\"text-align: justify;\">Non-alcoholic beer Heineken and G\u00f6sser Natur Lemon, Miller<\/li>\n<li style=\"text-align: justify;\">Pannonhalmi wines (Savignon Blanc, Tricolis Ros\u00e9, Hemina)<\/li>\n<li style=\"text-align: justify;\">Energy drink<\/li>\n<li style=\"text-align: justify;\">Sparkling wine (sweet, dry, children)<\/li>\n<li style=\"text-align: justify;\">Coffee, tea\n<p>All beers and wines costing under 1,500 Ft \/ dl are available in German.<\/li>\n<\/ul>\n<\/div>\n<\/div>\n<\/div>\n<\/div>\n<p><br class=\"clear\"\/><\/div>\n<\/div>\n<\/div>\n<\/div>\n<div  class=\"ppb_image_half_boxed_fixed_width one\" >\n<div class=\"standard_wrapper\">\n<div class=\"page_content_wrapper\">\n<div class=\"inner\">\n<div class=\"one_half content_middle fixed\" style=\"padding:0px; text-align:left;min-height:420px;\">\n<div class=\"content_middle_wrapper\">\n<div class=\"content_middle_content\">\n<h2 class=\"ppb_title\" style=\"\">DRINKS PACKAGE WITH SCHNAPPS<\/h2>\n<div class=\"ppb_header_content\">\n<ul>\n<li style=\"text-align: left;\">Cappy fruit juices (100% orange juice, peach juice, apple juice)<\/li>\n<li style=\"text-align: left;\">NaturAqua mineral water<\/li>\n<li style=\"text-align: left;\">Coffee, tea<\/li>\n<li style=\"text-align: left;\">Homemade syrups (raspberry, strawberry, blackcurrant, cherry, ginger, elderberry)<\/li>\n<li style=\"text-align: left;\">Coca-Cola, Coke Zero, Fanta, Tonic, Ginger, Sprite<\/li>\n<li style=\"text-align: left;\">FuzeTea in lemon and peach flavour<\/li>\n<li style=\"text-align: left;\">draught beers from Soproni and Heineken, Miller<\/li>\n<li style=\"text-align: left;\">Non-alcoholic beer Heineken and G\u00f6sser Natur Lemon<\/li>\n<li style=\"text-align: left;\">Pannonhalmi wines (Savignon Blanc, Tricolis Ros\u00e9, Hemina)<\/li>\n<li style=\"text-align: left;\">Vodka, Bacardi, Unicum, J\u00e4germeister, Bailey's, Hubertus, Martini, Jack Daniels, Gin<\/li>\n<li style=\"text-align: left;\">Energy drink<\/li>\n<li style=\"text-align: left;\">Sparkling wine (sweet, dry, children)\n<p>Virtually all the short drinks you will find at the bar, which cost under 2,000 Ft \/ 4 cl, are available in German.<\/li>\n<\/ul>\n<\/div>\n<\/div>\n<\/div>\n<\/div>\n<p><br class=\"clear\"\/><\/div>\n<\/div>\n<\/div>\n<\/div>\n<div  class=\"one withsmallpadding ppb_header\" style=\"text-align:left;padding:30px 0 30px 0;\" >\n<div class=\"standard_wrapper\">\n<div class=\"page_content_wrapper\">\n<div class=\"inner\">\n<div style=\"margin:auto;width:100%\">\n<h2 class=\"ppb_title\" style=\"\">WELCOME DRINKS<\/h2>\n<\/div>\n<\/div>\n<\/div>\n<\/div>\n<\/div>\n<div  class=\"ppb_image_half_boxed_fixed_width one\" >\n<div class=\"standard_wrapper\">\n<div class=\"page_content_wrapper\">\n<div class=\"inner\">\n<div class=\"one_half content_middle fixed\" style=\"padding:0px; text-align:left;min-height:420px;\">\n<div class=\"content_middle_wrapper\">\n<div class=\"content_middle_content\">\n<div class=\"ppb_header_content\">\n<p style=\"color: #374151;\">WELCOME Lemonade - 900 Ft \/ person - Homemade lemonade (raspberry, elderberry, sparkling fruit)<\/p>\n<p style=\"color: #374151;\">WELCOME Wine - 1.400 Ft \/ person - Sparkling wine from Babarczi Winery, Pannonhalma - Homemade lemonade (raspberry, elderberry, sparkling fruit)<\/p>\n<p style=\"color: #374151;\">WELCOME sparkling wine - 2.400 Ft \/ person - T\u00f6rley sweet and dry sparkling wine - Homemade lemonade (raspberry, elderberry, sparkling fruit)<\/p>\n<p style=\"color: #374151;\">WELCOME fruit brandy - 3.200 Ft \/ person - Fruit brandies from Panyola: apricot, plum, black cherry, quince - Homemade lemonade (raspberry, elderberry, sparkling fruit)<\/p>\n<\/div>\n<\/div>\n<\/div>\n<\/div>\n<p><br class=\"clear\"\/><\/div>\n<\/div>\n<\/div>\n<\/div>\n<div  class=\"one withsmallpadding ppb_header\" style=\"text-align:left;padding:30px 0 30px 0;\" >\n<div class=\"standard_wrapper\">\n<div class=\"page_content_wrapper\">\n<div class=\"inner\">\n<div style=\"margin:auto;width:100%\">\n<h2 class=\"ppb_title\" style=\"\">Menu<\/h2>\n<\/div>\n<\/div>\n<\/div>\n<\/div>\n<\/div>\n<div  class=\"one ppb_card_two_cols_with_image\" style=\"position:relative;padding:0px 0 0px 0;\" >\n<div class=\"standard_wrapper\">\n<div class=\"page_content_wrapper\">\n<div class=\"inner\">\n<div class=\"one_half parallax_scroll\" style=\"width:50%;position:absolute;padding:0px;z-index:2;block !important;background:#fff;\" data-stellar-ratio=\"1.3\">\n<h2 class=\"ppb_title\" style=\"\">TRADITIONAL HUNGARIAN WEDDING MENU<\/h2>\n<div class=\"ppb_header_content\">\n<p style=\"text-align: justify;\"><span style=\"color: #374151;\">This traditional Hungarian menu is guaranteed to please every taste, and our star chef Suga P\u00e9ter and his team look forward to preparing this heavenly menu for your big day!<\/span><\/p>\n<\/div>\n<\/div>\n<div class=\"one_half parallax_scroll_image last\" style=\"width:50%;\"><\/div>\n<p><br class=\"clear\"\/><\/div>\n<\/div>\n<\/div>\n<\/div>\n<div  class=\"one ppb_card_two_cols_with_image\" style=\"position:relative;padding:0px 0 0px 0;\" >\n<div class=\"standard_wrapper\">\n<div class=\"page_content_wrapper\">\n<div class=\"inner\">\n<div class=\"one_half parallax_scroll\" style=\"width:50%;position:absolute;padding:0px;z-index:2;block !important;background:#fff;\" data-stellar-ratio=\"1.3\">\n<h2 class=\"ppb_title\" style=\"\">GOURMET WEDDING MENU<\/h2>\n<div class=\"ppb_header_content\">\n<p><span style=\"color: #374151;\">Would you like our white-gloved waiters to serve you and your guests the gourmet menu created by our star chef under cloches?<\/span><\/p>\n<\/div>\n<\/div>\n<div class=\"one_half parallax_scroll_image last\" style=\"width:50%;\"><\/div>\n<p><br class=\"clear\"\/><\/div>\n<\/div>\n<\/div>\n<\/div>","protected":false},"excerpt":{"rendered":"<p>GETR\u00c4NKEANGEBOTE ALKOHOLFREIES GETR\u00c4NKEPAKET Cappy Fruchts\u00e4fte (100% Orangensaft, Pfirsichsaft, Apfelsaft) NaturAqua Mineralwasser Hausgemachte Sirupe (Himbeere, Erdbeere, Kiwi, Zitrusfr\u00fcchte, Lavendel, Holunder) Coca-Cola, Coke Zero, Fanta, Tonic, Ingwer, Sprite FuzeTea in Zitronen- und Pfirsichgeschmack Kaffee, Tee GETR\u00c4NKEPAKET MIT BIER UND WEIN Cappy Fruchts\u00e4fte (100% Orangensaft, Pfirsichsaft, Apfelsaft) NaturAqua Mineralwasser Hausgemachte Sirupe (Himbeere, Erdbeere, schwarze Johannisbeere, Kirsche, Ingwer, Holunder) [&hellip;]<\/p>","protected":false},"author":3,"featured_media":0,"parent":0,"menu_order":0,"comment_status":"closed","ping_status":"closed","template":"","meta":{"footnotes":""},"class_list":["post-5321","page","type-page","status-publish","hentry","entry"],"_links":{"self":[{"href":"https:\/\/ottevenyikastely.hu\/en\/wp-json\/wp\/v2\/pages\/5321","targetHints":{"allow":["GET"]}}],"collection":[{"href":"https:\/\/ottevenyikastely.hu\/en\/wp-json\/wp\/v2\/pages"}],"about":[{"href":"https:\/\/ottevenyikastely.hu\/en\/wp-json\/wp\/v2\/types\/page"}],"author":[{"embeddable":true,"href":"https:\/\/ottevenyikastely.hu\/en\/wp-json\/wp\/v2\/users\/3"}],"replies":[{"embeddable":true,"href":"https:\/\/ottevenyikastely.hu\/en\/wp-json\/wp\/v2\/comments?post=5321"}],"version-history":[{"count":0,"href":"https:\/\/ottevenyikastely.hu\/en\/wp-json\/wp\/v2\/pages\/5321\/revisions"}],"wp:attachment":[{"href":"https:\/\/ottevenyikastely.hu\/en\/wp-json\/wp\/v2\/media?parent=5321"}],"curies":[{"name":"wp","href":"https:\/\/api.w.org\/{rel}","templated":true}]}}