{"id":9890,"date":"2024-10-18T19:48:30","date_gmt":"2024-10-18T17:48:30","guid":{"rendered":"https:\/\/ottevenyikastely.hu\/?page_id=9890"},"modified":"2024-10-30T15:53:06","modified_gmt":"2024-10-30T14:53:06","slug":"telephone-bidding-for-torteno-business","status":"publish","type":"page","link":"https:\/\/ottevenyikastely.hu\/en\/telephone-bidding-for-torteno-business\/","title":{"rendered":"Order for telephone bidding"},"content":{"rendered":"<div data-elementor-type=\"wp-page\" data-elementor-id=\"9890\" class=\"elementor elementor-9890\" data-elementor-post-type=\"page\">\n\t\t\t\t<div class=\"elementor-element elementor-element-cf37075 e-flex e-con-boxed e-con e-parent\" data-id=\"cf37075\" data-element_type=\"container\" data-e-type=\"container\">\n\t\t\t\t\t<div class=\"e-con-inner\">\n\t\t\t\t<div class=\"elementor-element elementor-element-31deefc elementor-widget elementor-widget-heading\" data-id=\"31deefc\" data-element_type=\"widget\" data-e-type=\"widget\" data-widget_type=\"heading.default\">\n\t\t\t\t<div class=\"elementor-widget-container\">\n\t\t\t\t\t<h2 class=\"elementor-heading-title elementor-size-default\">Telephone bidding order<\/h2>\t\t\t\t<\/div>\n\t\t\t\t<\/div>\n\t\t\t\t\t<\/div>\n\t\t\t\t<\/div>\n\t\t<div class=\"elementor-element elementor-element-c444fcb e-con-full e-flex e-con e-child\" data-id=\"c444fcb\" data-element_type=\"container\" data-e-type=\"container\">\n\t\t<div class=\"elementor-element elementor-element-1c84358 e-con-full e-flex e-con e-child\" data-id=\"1c84358\" data-element_type=\"container\" data-e-type=\"container\">\n\t\t\t\t<div class=\"elementor-element elementor-element-bb878db elementor-widget elementor-widget-text-editor\" data-id=\"bb878db\" data-element_type=\"widget\" data-e-type=\"widget\" data-widget_type=\"text-editor.default\">\n\t\t\t\t<div class=\"elementor-widget-container\">\n\t\t\t\t\t\t\t\t\t<p>By completing and submitting this form, I hereby authorise the staff member of Garzon pl\u00e1za kft, including the auction house, appointed by the auctioneer, to enter the Online Bidding page on my behalf and to bid on my behalf on the basis of my instructions by telephone and to act fully in the bidding process. I further agree that my telephone call during the telephone bidding process may be recorded, retained indefinitely and used freely in any dispute. I further acknowledge that I am fully responsible, both financially and morally, for my instructions given over the telephone and I expressly understand that I may incur financial liabilities in the course of bidding. &nbsp;<\/p>\t\t\t\t\t\t\t\t<\/div>\n\t\t\t\t<\/div>\n\t\t\t\t<\/div>\n\t\t<div class=\"elementor-element elementor-element-d55a140 e-con-full e-flex e-con e-child\" data-id=\"d55a140\" data-element_type=\"container\" data-e-type=\"container\">\n\t\t\t\t<div class=\"elementor-element elementor-element-f139562 elementor-widget elementor-widget-shortcode\" data-id=\"f139562\" data-element_type=\"widget\" data-e-type=\"widget\" data-widget_type=\"shortcode.default\">\n\t\t\t\t<div class=\"elementor-widget-container\">\n\t\t\t\t\t\t\t<div class=\"elementor-shortcode\"><div class='fluentform ff-default fluentform_wrapper_18 ffs_default_wrap'><form data-form_id=\"18\" id=\"fluentform_18\" class=\"frm-fluent-form fluent_form_18 ff-el-form-top ff_form_instance_18_1 ff-form-loading ff_has_v3_recptcha ffs_default\" data-form_instance=\"ff_form_instance_18_1\" method=\"POST\" data-recptcha_key=\"6Lcs378qAAAAAMEOlhPdsd1hZXa18vzRxOXiR5Bo\" action=\"\" ><fieldset  style=\"border: none!important;margin: 0!important;padding: 0!important;background-color: transparent!important;box-shadow: none!important;outline: none!important; min-inline-size: 100%;\">\n                    <legend class=\"ff_screen_reader_title\" style=\"display: block; margin: 0!important;padding: 0!important;height: 0!important;text-indent: -999999px;width: 0!important;overflow:hidden;\">Telephone order form (#18)<\/legend>        <div\n                style=\"display: none!important; position: absolute!important; transform: translateX(1000%)!important;\"\n                class=\"ff-el-group ff-hpsf-container\"\n        >\n            <div class=\"ff-el-input--label asterisk-right\">\n                <label for=\"ff_18_item_sf\" aria-label=\"Subscribe\">\n                    Subscribe                <\/label>\n            <\/div>\n            <div class=\"ff-el-input--content\">\n                <input type=\"text\"\n                       name=\"item_18__fluent_sf\"\n                       class=\"ff-el-form-control\"\n                       id=\"ff_18_item_sf\"\n                \/>\n            <\/div>\n        <\/div>\n        <input type='hidden' name='__fluent_form_embded_post_id' value='9890' \/><input type=\"hidden\" id=\"_fluentform_18_fluentformnonce\" name=\"_fluentform_18_fluentformnonce\" value=\"14dabede81\" \/><input type=\"hidden\" name=\"_wp_http_referer\" value=\"\/en\/wp-json\/wp\/v2\/pages\/9890\" \/><div data-type=\"name-element\" data-name=\"names\" class=\"ff-field_container ff-name-field-wrapper\" ><div class='ff-t-container'><div class='ff-t-cell'><div class='ff-el-group'><div class=\"ff-el-input--label ff-el-is-required asterisk-right\"><label for='ff_18_names_first_name_' >First name<\/label><\/div><div class='ff-el-input--content'><input type=\"text\" name=\"names[first_name]\" id=\"ff_18_names_first_name_\" class=\"ff-el-form-control\" placeholder=\"First name\" aria-invalid=\"false\" aria-required=\"true\"><\/div><\/div><\/div><div class='ff-t-cell'><div class='ff-el-group'><div class=\"ff-el-input--label ff-el-is-required asterisk-right\"><label for='ff_18_names_last_name_' >Last name<\/label><\/div><div class='ff-el-input--content'><input type=\"text\" name=\"names[last_name]\" id=\"ff_18_names_last_name_\" class=\"ff-el-form-control\" placeholder=\"Last name\" aria-invalid=\"false\" aria-required=\"true\"><\/div><\/div><\/div><\/div><\/div><div class='ff-el-group'><div class=\"ff-el-input--label ff-el-is-required asterisk-right\"><label for='ff_18_input_text_1' aria-label=\"Dial number received in the current auction\"> Dial number received in the current auction<\/label><\/div><div class='ff-el-input--content'><input type=\"text\" name=\"input_text_1\" class=\"ff-el-form-control\" placeholder=\"Disc serial number\" data-name=\"input_text_1\" id=\"ff_18_input_text_1\"  aria-invalid=\"false\" aria-required=\"true\"><\/div><\/div><div class='ff-el-group'><div class=\"ff-el-input--label ff-el-is-required asterisk-right\"><label for='ff_18_phone' aria-label=\"Phone number used to call in\">Phone number used to call in<\/label><\/div><div class='ff-el-input--content'><input name=\"phone\" class=\"ff-el-form-control ff-el-phone ff_el_with_extended_validation\" type=\"tel\" placeholder=\"Phone number\" data-name=\"phone\" id=\"ff_18_phone\" inputmode=\"tel\"  aria-invalid='false' aria-required=\"true\"><\/div><\/div><div class='ff-el-group'><div class=\"ff-el-input--label ff-el-is-required asterisk-right\"><label for='ff_18_input_text_2' aria-label=\"Item numbers for lots to be tendered\">Item numbers for lots to be tendered<\/label><\/div><div class='ff-el-input--content'><input type=\"text\" name=\"input_text_2\" class=\"ff-el-form-control\" placeholder=\"bidding line numbers, separated by commas\" data-name=\"input_text_2\" id=\"ff_18_input_text_2\"  aria-invalid=\"false\" aria-required=\"true\"><\/div><\/div><div class='ff-el-group'><div class=\"ff-el-input--label asterisk-right\"><label for='ff_18_datetime' aria-label=\"Date of assignment\">Date of assignment<\/label><\/div><div class='ff-el-input--content'><input  aria-label='Order date Use arrow keys to navigate dates. Press enter to select a date.'  aria-haspopup='dialog' data-type-datepicker data-format='Y-m-d' type=\"text\" name=\"datetime\" id=\"ff_18_datetime\" class=\"ff-el-form-control ff-el-datepicker\" placeholder=\"Year \/ Month \/ Day\" data-name=\"datetime\"  aria-invalid='false' aria-required=\"false\"><\/div><\/div><div class='ff-el-group    ff-el-input--content'><div class='ff-el-form-check ff-el-tc'><label aria-label='I have read and accept the Privacy Policy and I consent to this website storing and processing the information I submit.' class='ff-el-form-check-label ff_tc_label' for=\"terms-n-condition_1ba41b43547b3387d6935cd8e5488fc2\"><span class='ff_tc_checkbox'><input type=\"checkbox\" name=\"terms-n-condition\" class=\"ff-el-form-check-input\" data-name=\"terms-n-condition\" id=\"terms-n-condition_1ba41b43547b3387d6935cd8e5488fc2\"  value='on' aria-invalid='false' aria-required=\"true\"><\/span> <div class='ff_t_c'><p>I have read and accept the Privacy Policy and I consent to this website storing and processing the information I submit.<\/p><\/div><\/label><\/div><\/div><div class='ff-el-group    ff-el-input--content'><div class='ff-el-form-check ff-el-tc'><label aria-label='I accept and agree to be bound by the Auction Rules in force today, for myself and for each other.' class='ff-el-form-check-label ff_tc_label' for=\"gdpr-agreement_52381ec02bd11ffc1a7d3a74b38bb631\"><span class='ff_tc_checkbox'><input type=\"checkbox\" name=\"gdpr-agreement\" class=\"ff-el-form-check-input ff_gdpr_field\" data-name=\"gdpr-agreement\" id=\"gdpr-agreement_52381ec02bd11ffc1a7d3a74b38bb631\"  value='on' aria-invalid='false' aria-required=\"true\"><\/span> <div class='ff_t_c'>I accept and agree to be bound by the Auction Rules in force today, for myself and for each other.<\/div><\/label><\/div><\/div><div class='ff-el-group ff-text-left ff_submit_btn_wrapper'><button type=\"submit\" class=\"ff-btn ff-btn-submit ff-btn-md ff_btn_style\" >Send to<\/button><\/div><\/fieldset><input type=\"hidden\" name=\"trp-form-language\" value=\"en\"\/><\/form><div id='fluentform_18_errors' class='ff-errors-in-stack ff_form_instance_18_1 ff-form-loading_errors ff_form_instance_18_1_errors'><\/div><\/div>            <script type=\"text\/javascript\">\n                window.fluent_form_ff_form_instance_18_1 = {\"id\":\"18\",\"settings\":{\"layout\":{\"labelPlacement\":\"top\",\"helpMessagePlacement\":\"with_label\",\"errorMessagePlacement\":\"inline\"},\"restrictions\":{\"denyEmptySubmission\":{\"enabled\":false}}},\"form_instance\":\"ff_form_instance_18_1\",\"form_id_selector\":\"fluentform_18\",\"rules\":{\"names[first_name]\":{\"required\":{\"value\":true,\"message\":\"K\\u00f6telez\\u0151 mez\\u0151\",\"global\":false,\"global_message\":\"This field is required\"}},\"names[middle_name]\":{\"required\":{\"value\":false,\"message\":\"This field is required\",\"global\":true,\"global_message\":\"This field is required\"}},\"names[last_name]\":{\"required\":{\"value\":true,\"message\":\"K\\u00f6telez\\u0151 mez\\u0151\",\"global\":false,\"global_message\":\"This field is required\"}},\"input_text_1\":{\"required\":{\"value\":true,\"message\":\"K\\u00f6telez\\u0151 mez\\u0151\",\"global_message\":\"This field is required\",\"global\":false}},\"phone\":{\"required\":{\"value\":true,\"global\":false,\"message\":\"K\\u00f6telez\\u0151 mez\\u0151\",\"global_message\":\"This field is required\"},\"valid_phone_number\":{\"value\":true,\"global\":false,\"message\":\"A telefonsz\\u00e1m form\\u00e1tuma nem megfelel\\u0151 vagy hib\\u00e1s telefonsz\\u00e1m\",\"global_message\":\"Phone number is not valid\"}},\"input_text_2\":{\"required\":{\"value\":true,\"message\":\"K\\u00f6telez\\u0151 mez\\u0151\",\"global_message\":\"This field is required\",\"global\":false}},\"datetime\":{\"required\":{\"value\":false,\"message\":\"This field is required\",\"global_message\":\"This field is required\",\"global\":true}},\"g-recaptcha-response\":[],\"terms-n-condition\":{\"required\":{\"value\":true,\"message\":\"K\\u00f6telez\\u0151 mez\\u0151\",\"global_message\":\"This field is required\",\"global\":false}},\"gdpr-agreement\":{\"required\":{\"value\":true,\"message\":\"K\\u00f6telez\\u0151 mez\\u0151\",\"global_message\":\"This field is required\",\"global\":false}}},\"debounce_time\":300};\n                            <\/script>\n            <\/div>\n\t\t\t\t\t\t<\/div>\n\t\t\t\t<\/div>\n\t\t\t\t<\/div>\n\t\t\t\t<\/div>\n\t\t<div class=\"elementor-element elementor-element-f1bbdab e-flex e-con-boxed e-con e-parent\" data-id=\"f1bbdab\" data-element_type=\"container\" data-e-type=\"container\">\n\t\t\t\t\t<div class=\"e-con-inner\">\n\t\t\t\t<div class=\"elementor-element elementor-element-bf683ff elementor-widget elementor-widget-text-editor\" data-id=\"bf683ff\" data-element_type=\"widget\" data-e-type=\"widget\" data-widget_type=\"text-editor.default\">\n\t\t\t\t<div class=\"elementor-widget-container\">\n\t\t\t\t\t\t\t\t\t<h3>Contract of engagement - for telephone bidding for a buy offer -<\/h3>\n<p><span style=\"font-size: 18px; text-align: var(--text-align);\">A private or legal person designated above, <\/span><strong style=\"font-size: 18px; text-align: var(--text-align);\">hereinafter referred to as the \"delegate<\/strong><span style=\"font-size: 18px; text-align: var(--text-align);\">I hereby instruct Garzonpl\u00e1za Kft. (registered office: 9028 Gy\u0151r Vasv\u00e1ri P\u00e1l u 1\/b. tax number: 13995803-2-08, represented by: Matusz Bal\u00e1zs), hereinafter referred to as the Client (the Client and the Client together: the Parties) to bid on my behalf at an auction of works of art under the following conditions, based on the instructions given by me on the telephone.<\/span><\/p>\n<p>1.&nbsp;&nbsp;&nbsp;&nbsp;&nbsp;&nbsp;&nbsp;&nbsp;<b>Organisation of the Auction<\/b><br>The Parties stipulate that the Auctioneer, as the Auction House, shall organise the F\u00f6ldv\u00e1ry Castle Art Auction (hereinafter referred to as the \"Auction\"), during which the Auctioneer, as the seller, shall conclude a sales contract on its own behalf (as owner or trustee) with the highest bidder.<\/p>\n<p>2.&nbsp;&nbsp;&nbsp;&nbsp;&nbsp;&nbsp;&nbsp;&nbsp;<b>Rules of the Auction<\/b><br>The Parties stipulate that the rules of the Auction are set out in the \"Auction Rules\" published by the Principal on the web: https:\/\/ottevenyikastely.hu\/arveresi-szabalyzat\/<\/p>\n<p>3.&nbsp;&nbsp;&nbsp;&nbsp;&nbsp;&nbsp;&nbsp;&nbsp;<b>Mandate to proceed at the Auction<\/b><br>The Principal hereby authorises the Agent to act in the name and on behalf of the Auction and to make a bid for the lot specified above, up to the then approved knockdown price, not being the purchase price payable. The purchase price is the prevailing knockdown price + 22% auction house commission.<\/p>\n<p>4.&nbsp;&nbsp;&nbsp;&nbsp;&nbsp;&nbsp;&nbsp;&nbsp;<b>Lack of remuneration<\/b><br>The Parties stipulate that the Principal shall perform the assignment free of charge and shall not make any financial claims in connection with the performance of the assignment.&nbsp;<\/p>\n<p>5.&nbsp;&nbsp;&nbsp;&nbsp;&nbsp;&nbsp;&nbsp;&nbsp;<b>Down payment and deposit<\/b><br>At the time of signing the contract, the Principal shall provide the Principal with an advance payment for the specified auction lots in an amount equal to the starting price 20% by bank transfer to&nbsp;<b>10400401-50526784-56761011<\/b>. bank account number. In the subject line, you must indicate the name of the principal and the serial number of the auction lot.<span class=\"Apple-converted-space\">&nbsp;&nbsp;<\/span>In case of a successful sale, the deposit will be credited as a down payment. This order will expire if the deposit is not paid at the latest 3 working days before the auction.<\/p>\n<p>As soon as we receive your deposit, we will call you on the phone to coordinate the phone number that we will provide you with exclusively during the bidding process.<\/p>\n<p>6.&nbsp;&nbsp;&nbsp;&nbsp;&nbsp;&nbsp;&nbsp;&nbsp;<b>Payment obligation<\/b><br>In the event of a successful order, the Client shall proceed in accordance with the Auction Conditions and pay the purchase price, less the deposit, within 5 days of the notification, by bank transfer or in person to the bank account number indicated in Section 5. Purchase Price = Strike Price + 23% Auction Commission, according to the Auction Contract)<\/p>\n<p>7.&nbsp;&nbsp;&nbsp;&nbsp;&nbsp;&nbsp;&nbsp;&nbsp;<b>Unsuccessful mandate<\/b><br>If another higher bid is received for the auction lot, the Principal shall settle the advance payment within 8 working days and return it in full to the Principal's bank account. In the event of an unsuccessful order for any reason whatsoever, the Principal shall have no claim whatsoever against the Agent.<\/p>\n<p>8. &nbsp; &nbsp; &nbsp; &nbsp; <b>Notification obligation<\/b><br>Any problems of notification shall not relieve the Client from its obligations under the contract.<\/p>\n<p>9. &nbsp; &nbsp; &nbsp; &nbsp; &nbsp; <strong>Commitment<\/strong><\/p>\n<p>By paying the deposit specified in point 5 and by completing this form, the Principal irrevocably acknowledges that it accepts each and every point of these Rules, separately and in combination, and that the Principal (<a href=\"https:\/\/ottevenyikastely.hu\/en\/\">https:\/\/ottevenyikastely.hu<\/a>) and has read and accepts the Auction Rules, which it also accepts unconditionally, and shall be binding on itself and on each other.<\/p>\t\t\t\t\t\t\t\t<\/div>\n\t\t\t\t<\/div>\n\t\t\t\t\t<\/div>\n\t\t\t\t<\/div>\n\t\t\t\t<\/div>","protected":false},"excerpt":{"rendered":"<p>Telephone Bidding Mandate By completing and submitting this form, I, the undersigned, hereby authorize the employee of Garzon pl\u00e1za kft, including the auction house, appointed by the auctioneer, to enter the Online Bidding page on my behalf and to bid on my behalf and to act fully in the bidding process on the basis of my telephone instructions. I further agree that my telephone call during the telephone bidding process may be recorded, [...]<\/p>","protected":false},"author":7,"featured_media":0,"parent":0,"menu_order":0,"comment_status":"closed","ping_status":"closed","template":"","meta":{"footnotes":""},"class_list":["post-9890","page","type-page","status-publish","hentry","entry"],"_links":{"self":[{"href":"https:\/\/ottevenyikastely.hu\/en\/wp-json\/wp\/v2\/pages\/9890","targetHints":{"allow":["GET"]}}],"collection":[{"href":"https:\/\/ottevenyikastely.hu\/en\/wp-json\/wp\/v2\/pages"}],"about":[{"href":"https:\/\/ottevenyikastely.hu\/en\/wp-json\/wp\/v2\/types\/page"}],"author":[{"embeddable":true,"href":"https:\/\/ottevenyikastely.hu\/en\/wp-json\/wp\/v2\/users\/7"}],"replies":[{"embeddable":true,"href":"https:\/\/ottevenyikastely.hu\/en\/wp-json\/wp\/v2\/comments?post=9890"}],"version-history":[{"count":13,"href":"https:\/\/ottevenyikastely.hu\/en\/wp-json\/wp\/v2\/pages\/9890\/revisions"}],"predecessor-version":[{"id":10270,"href":"https:\/\/ottevenyikastely.hu\/en\/wp-json\/wp\/v2\/pages\/9890\/revisions\/10270"}],"wp:attachment":[{"href":"https:\/\/ottevenyikastely.hu\/en\/wp-json\/wp\/v2\/media?parent=9890"}],"curies":[{"name":"wp","href":"https:\/\/api.w.org\/{rel}","templated":true}]}}