{"id":10205,"date":"2024-10-21T15:59:47","date_gmt":"2024-10-21T13:59:47","guid":{"rendered":"https:\/\/ottevenyikastely.hu\/?page_id=10205"},"modified":"2024-11-04T10:41:49","modified_gmt":"2024-11-04T09:41:49","slug":"testata-2","status":"publish","type":"page","link":"https:\/\/ottevenyikastely.hu\/it\/testata-2\/","title":{"rendered":"testa d'albero"},"content":{"rendered":"<div data-elementor-type=\"wp-page\" data-elementor-id=\"10205\" class=\"elementor elementor-10205\" data-elementor-post-type=\"page\">\n\t\t\t\t<div class=\"elementor-element elementor-element-7414633 e-flex e-con-boxed e-con e-parent\" data-id=\"7414633\" data-element_type=\"container\" data-e-type=\"container\">\n\t\t\t\t\t<div class=\"e-con-inner\">\n\t\t\t\t<div class=\"elementor-element elementor-element-d491ac4 elementor-widget elementor-widget-heading\" data-id=\"d491ac4\" data-element_type=\"widget\" data-e-type=\"widget\" data-widget_type=\"heading.default\">\n\t\t\t\t<div class=\"elementor-widget-container\">\n\t\t\t\t\t<h2 class=\"elementor-heading-title elementor-size-default\">testa d'albero<\/h2>\t\t\t\t<\/div>\n\t\t\t\t<\/div>\n\t\t\t\t<div class=\"elementor-element elementor-element-ada02f7 elementor-widget elementor-widget-text-editor\" data-id=\"ada02f7\" data-element_type=\"widget\" data-e-type=\"widget\" data-widget_type=\"text-editor.default\">\n\t\t\t\t<div class=\"elementor-widget-container\">\n\t\t\t\t\t\t\t\t\t<p><strong>DATI DELL'OPERATORE<\/strong><br \/>Nome dell'operatore: Garzon Plaza Ingatlanforgalmaz\u00f3 \u00e9s Vagyonkezel\u0151 Korl\u00e1tolt Felel\u0151ss\u00e9g\u0171 T\u00e1rsas\u00e1g<br \/>Il nome abbreviato dell'operatore \u00e8 Garzon Plaza Kft.<br \/>L'operatore ha sede a 9024 Gy\u0151r, Vasv\u00e1ri P\u00e1l utca 1. edificio B.<br \/>L'indirizzo postale dell'operatore \u00e8: 9024 Gy\u0151r, Vasv\u00e1ri P\u00e1l utca 1. \u00e9p.<br \/>Numero di registrazione dell'operatore presso il Tribunale del Commercio: 08 09 015113<br \/>Codice fiscale dell'operatore: 13995803-2-08<br \/>Codice fiscale UE dell'operatore: HU13995803<br \/>Numero di conto bancario dell'operatore: 10400401-00029566-00000008<\/p><p><strong>DATI DI CONTATTO DELL'OPERATORE<\/strong><br \/>Servizio clienti:<br \/>Telefono: +36 99 900 500<br \/>E-mail: hotel@garzonplaza.hu<\/p><p><strong>IL PROVIDER DI HOSTING DEL SITO WEB DELL'OPERATORE<\/strong><br \/>Nome: DEVBOX Ltd.<br \/>Indirizzo: 7054 Tengelic, R\u00e1k\u00f3czi Ferenc u. 9.<br \/>Contatto: support@devbox.hu<\/p>\t\t\t\t\t\t\t\t<\/div>\n\t\t\t\t<\/div>\n\t\t\t\t\t<\/div>\n\t\t\t\t<\/div>\n\t\t\t\t<\/div>","protected":false},"excerpt":{"rendered":"<p>Informazioni sull'operatoreIl nome dell'operatore \u00e8 Garzon Plaza Ingatlanforgalmaz\u00f3 \u00e9s Vagyonkezel\u0151 Korl\u00e1tolt Felel\u0151ss\u00e9g\u0171 T\u00e1rsas\u00e1gIl nome abbreviato dell'operatore \u00e8 Garzon Plaza Kft.L'operatore ha sede a 9024 Gy\u0151r, Vasv\u00e1ri P\u00e1l utca 1. Indirizzo postale dell'operatore: 9024 Gy\u0151r, Vasv\u00e1ri P\u00e1l utca 1. \u00e9p. B.Numero di registrazione della societ\u00e0 dell'operatore: 08 09 015113Numero di imposta dell'operatore: 13995803-2-08Numero di imposta UE dell'operatore: HU13995803Conto bancario dell'operatore [...]<\/p>","protected":false},"author":3,"featured_media":0,"parent":0,"menu_order":0,"comment_status":"closed","ping_status":"closed","template":"","meta":{"footnotes":""},"class_list":["post-10205","page","type-page","status-publish","hentry","entry"],"_links":{"self":[{"href":"https:\/\/ottevenyikastely.hu\/it\/wp-json\/wp\/v2\/pages\/10205","targetHints":{"allow":["GET"]}}],"collection":[{"href":"https:\/\/ottevenyikastely.hu\/it\/wp-json\/wp\/v2\/pages"}],"about":[{"href":"https:\/\/ottevenyikastely.hu\/it\/wp-json\/wp\/v2\/types\/page"}],"author":[{"embeddable":true,"href":"https:\/\/ottevenyikastely.hu\/it\/wp-json\/wp\/v2\/users\/3"}],"replies":[{"embeddable":true,"href":"https:\/\/ottevenyikastely.hu\/it\/wp-json\/wp\/v2\/comments?post=10205"}],"version-history":[{"count":7,"href":"https:\/\/ottevenyikastely.hu\/it\/wp-json\/wp\/v2\/pages\/10205\/revisions"}],"predecessor-version":[{"id":10321,"href":"https:\/\/ottevenyikastely.hu\/it\/wp-json\/wp\/v2\/pages\/10205\/revisions\/10321"}],"wp:attachment":[{"href":"https:\/\/ottevenyikastely.hu\/it\/wp-json\/wp\/v2\/media?parent=10205"}],"curies":[{"name":"wp","href":"https:\/\/api.w.org\/{rel}","templated":true}]}}