{"id":10242,"date":"2024-10-30T14:07:10","date_gmt":"2024-10-30T13:07:10","guid":{"rendered":"https:\/\/ottevenyikastely.hu\/?page_id=10242"},"modified":"2024-10-30T16:00:02","modified_gmt":"2024-10-30T15:00:02","slug":"registracio-auciora","status":"publish","type":"page","link":"https:\/\/ottevenyikastely.hu\/it\/registracio-auciora\/","title":{"rendered":"Registrazione all'asta"},"content":{"rendered":"<div data-elementor-type=\"wp-page\" data-elementor-id=\"10242\" class=\"elementor elementor-10242\" data-elementor-post-type=\"page\">\n\t\t\t\t<div class=\"elementor-element elementor-element-527bed6 e-flex e-con-boxed e-con e-parent\" data-id=\"527bed6\" data-element_type=\"container\" data-e-type=\"container\">\n\t\t\t\t\t<div class=\"e-con-inner\">\n\t\t\t\t<div class=\"elementor-element elementor-element-78d7fc1 elementor-widget elementor-widget-heading\" data-id=\"78d7fc1\" data-element_type=\"widget\" data-e-type=\"widget\" data-widget_type=\"heading.default\">\n\t\t\t\t<div class=\"elementor-widget-container\">\n\t\t\t\t\t<h2 class=\"elementor-heading-title elementor-size-default\">Registrazione all'asta<\/h2>\t\t\t\t<\/div>\n\t\t\t\t<\/div>\n\t\t\t\t\t<\/div>\n\t\t\t\t<\/div>\n\t\t<div class=\"elementor-element elementor-element-ef23473 e-flex e-con-boxed e-con e-parent\" data-id=\"ef23473\" data-element_type=\"container\" data-e-type=\"container\">\n\t\t\t\t\t<div class=\"e-con-inner\">\n\t\t\t\t<div class=\"elementor-element elementor-element-fa2895a elementor-widget elementor-widget-text-editor\" data-id=\"fa2895a\" data-element_type=\"widget\" data-e-type=\"widget\" data-widget_type=\"text-editor.default\">\n\t\t\t\t<div class=\"elementor-widget-container\">\n\t\t\t\t\t\t\t\t\t<p>Caro Interessato!&nbsp;<\/p>\n<p>Il programma dell'asta sar\u00e0 pronto a breve, dove sar\u00e0 possibile completare la registrazione finale. Fino ad allora, \u00e8 possibile pre-registrarsi compilando il modulo sottostante.&nbsp;<\/p>\n<p>Non appena il nuovo programma sar\u00e0 pronto, il sistema vi cercher\u00e0 automaticamente attraverso la pre-registrazione per finalizzare il processo e fornirvi il numero di telefono per la vostra offerta per la nostra prossima asta.<\/p>\t\t\t\t\t\t\t\t<\/div>\n\t\t\t\t<\/div>\n\t\t\t\t\t<\/div>\n\t\t\t\t<\/div>\n\t\t<div class=\"elementor-element elementor-element-007ebfe e-con-full e-flex e-con e-child\" data-id=\"007ebfe\" data-element_type=\"container\" data-e-type=\"container\">\n\t\t\t\t<div class=\"elementor-element elementor-element-2e989ec elementor-widget elementor-widget-shortcode\" data-id=\"2e989ec\" data-element_type=\"widget\" data-e-type=\"widget\" data-widget_type=\"shortcode.default\">\n\t\t\t\t<div class=\"elementor-widget-container\">\n\t\t\t\t\t\t\t<div class=\"elementor-shortcode\"><div class='fluentform ff-default fluentform_wrapper_19 ffs_default_wrap'><form data-form_id=\"19\" id=\"fluentform_19\" class=\"frm-fluent-form fluent_form_19 ff-el-form-top ff_form_instance_19_1 ff-form-loading ffs_default\" data-form_instance=\"ff_form_instance_19_1\" method=\"POST\" action=\"\" ><fieldset  style=\"border: none!important;margin: 0!important;padding: 0!important;background-color: transparent!important;box-shadow: none!important;outline: none!important; min-inline-size: 100%;\">\n                    <legend class=\"ff_screen_reader_title\" style=\"display: block; margin: 0!important;padding: 0!important;height: 0!important;text-indent: -999999px;width: 0!important;overflow:hidden;\">Pre-registrazione per l'apertura senza indirizzo (#19)<\/legend>        <div\n                style=\"display: none!important; position: absolute!important; transform: translateX(1000%)!important;\"\n                class=\"ff-el-group ff-hpsf-container\"\n        >\n            <div class=\"ff-el-input--label asterisk-right\">\n                <label for=\"ff_19_item_sf\" aria-label=\"Notificare\">\n                    Notificare                <\/label>\n            <\/div>\n            <div class=\"ff-el-input--content\">\n                <input type=\"text\"\n                       name=\"item_19__fluent_sf\"\n                       class=\"ff-el-form-control\"\n                       id=\"ff_19_item_sf\"\n                \/>\n            <\/div>\n        <\/div>\n        <input type='hidden' name='__fluent_form_embded_post_id' value='10242' \/><input type=\"hidden\" id=\"_fluentform_19_fluentformnonce\" name=\"_fluentform_19_fluentformnonce\" value=\"0e14ef2bed\" \/><input type=\"hidden\" name=\"_wp_http_referer\" value=\"\/it\/wp-json\/wp\/v2\/pages\/10242\" \/><div data-type=\"name-element\" data-name=\"names\" class=\"ff-field_container ff-name-field-wrapper\" ><div class='ff-t-container'><div class='ff-t-cell'><div class='ff-el-group'><div class=\"ff-el-input--label ff-el-is-required asterisk-right\"><label for='ff_19_names_first_name_' >Nome<\/label><\/div><div class='ff-el-input--content'><input type=\"text\" name=\"names[first_name]\" id=\"ff_19_names_first_name_\" class=\"ff-el-form-control\" placeholder=\"Nome\" aria-invalid=\"false\" aria-required=\"true\"><\/div><\/div><\/div><div class='ff-t-cell'><div class='ff-el-group'><div class=\"ff-el-input--label ff-el-is-required asterisk-right\"><label for='ff_19_names_last_name_' >Cognome<\/label><\/div><div class='ff-el-input--content'><input type=\"text\" name=\"names[last_name]\" id=\"ff_19_names_last_name_\" class=\"ff-el-form-control\" placeholder=\"Cognome\" aria-invalid=\"false\" aria-required=\"true\"><\/div><\/div><\/div><\/div><\/div><div class='ff-el-group'><div class=\"ff-el-input--label ff-el-is-required asterisk-right\"><label for='ff_19_email' aria-label=\"Email\">Email<\/label><\/div><div class='ff-el-input--content'><input type=\"email\" name=\"email\" id=\"ff_19_email\" class=\"ff-el-form-control\" placeholder=\"Indirizzo e-mail\" data-name=\"email\"  aria-invalid=\"false\" aria-required=\"true\"><\/div><\/div><div class='ff-el-group'><div class=\"ff-el-input--label asterisk-right\"><label for='ff_19_phone' aria-label=\"Telefono\/Mobile\">Telefono\/Mobile<\/label><\/div><div class='ff-el-input--content'><input name=\"phone\" class=\"ff-el-form-control ff-el-phone\" type=\"tel\" placeholder=\"+36301234567\" data-name=\"phone\" id=\"ff_19_phone\" inputmode=\"tel\"  aria-invalid='false' aria-required=\"false\"><\/div><\/div><div class='ff-el-group'><div class=\"ff-el-input--label ff-el-is-required asterisk-right\"><label for='ff_19_message' aria-label=\"Chi vi ha invitato\">Chi vi ha invitato<\/label><\/div><div class='ff-el-input--content'><textarea aria-invalid=\"false\" aria-required=\"true\" name=\"message\" id=\"ff_19_message\" class=\"ff-el-form-control\" placeholder=\"Scrivi qui...\" rows=\"1\" cols=\"1\" data-name=\"message\" ><\/textarea><\/div><\/div><div class='ff-el-group    ff-el-input--content'><div class='ff-el-form-check ff-el-tc'><label aria-label='Ho letto e accetto l&#039;informativa sulla privacy!' class='ff-el-form-check-label ff_tc_label' for=\"terms-n-condition_54e611ea232dd65d9dd0c4f71f472281\"><span class='ff_tc_checkbox'><input type=\"checkbox\" name=\"terms-n-condition\" class=\"ff-el-form-check-input\" data-name=\"terms-n-condition\" id=\"terms-n-condition_54e611ea232dd65d9dd0c4f71f472281\"  value='on' aria-invalid='false' aria-required=\"true\"><\/span> <div class='ff_t_c'><p>Ho letto e accetto l'informativa sulla privacy!<\/p><\/div><\/label><\/div><\/div><div class='ff-el-group    ff-el-input--content'><div class='ff-el-form-check ff-el-tc'><label aria-label='Acconsento alla memorizzazione dei miei dati da parte di questo sito web per poter rispondere alla mia richiesta!' class='ff-el-form-check-label ff_tc_label' for=\"gdpr-agreement_93f9f50f046d44b1f7160d56e4096034\"><span class='ff_tc_checkbox'><input type=\"checkbox\" name=\"gdpr-agreement\" class=\"ff-el-form-check-input ff_gdpr_field\" data-name=\"gdpr-agreement\" id=\"gdpr-agreement_93f9f50f046d44b1f7160d56e4096034\"  value='on' aria-invalid='false' aria-required=\"true\"><\/span> <div class='ff_t_c'>Acconsento alla memorizzazione dei miei dati da parte di questo sito web per poter rispondere alla mia richiesta!<\/div><\/label><\/div><\/div><div class='ff-el-group ff-text-left ff_submit_btn_wrapper'><button type=\"submit\" class=\"ff-btn ff-btn-submit ff-btn-md ff_btn_style\" >Inviare a<\/button><\/div><\/fieldset><input type=\"hidden\" name=\"trp-form-language\" value=\"it\"\/><\/form><div id='fluentform_19_errors' class='ff-errors-in-stack ff_form_instance_19_1 ff-form-loading_errors ff_form_instance_19_1_errors'><\/div><\/div>            <script type=\"text\/javascript\">\n                window.fluent_form_ff_form_instance_19_1 = {\"id\":\"19\",\"settings\":{\"layout\":{\"labelPlacement\":\"top\",\"helpMessagePlacement\":\"with_label\",\"errorMessagePlacement\":\"inline\"},\"restrictions\":{\"denyEmptySubmission\":{\"enabled\":false}}},\"form_instance\":\"ff_form_instance_19_1\",\"form_id_selector\":\"fluentform_19\",\"rules\":{\"names[first_name]\":{\"required\":{\"value\":true,\"message\":\"This field is required\",\"global\":true,\"global_message\":\"This field is required\"}},\"names[middle_name]\":{\"required\":{\"value\":false,\"message\":\"This field is required\",\"global\":true,\"global_message\":\"This field is required\"}},\"names[last_name]\":{\"required\":{\"value\":true,\"message\":\"This field is required\",\"global\":true,\"global_message\":\"This field is required\"}},\"email\":{\"required\":{\"value\":true,\"message\":\"This field is required\",\"global\":true,\"global_message\":\"This field is required\"},\"email\":{\"value\":true,\"message\":\"This field must contain a valid email\",\"global\":true,\"global_message\":\"This field must contain a valid email\"}},\"phone\":{\"required\":{\"value\":false,\"global\":true,\"message\":\"This field is required\",\"global_message\":\"This field is required\"},\"valid_phone_number\":{\"value\":false,\"global\":true,\"message\":\"Phone number is not valid\",\"global_message\":\"Phone number is not valid\"}},\"message\":{\"required\":{\"value\":true,\"message\":\"This field is required\",\"global\":true,\"global_message\":\"This field is required\"}},\"terms-n-condition\":{\"required\":{\"value\":true,\"message\":\"K\\u00f6telez\\u0151 mez\\u0151\",\"global_message\":\"This field is required\",\"global\":false}},\"gdpr-agreement\":{\"required\":{\"value\":true,\"message\":\"This field is required\",\"global_message\":\"This field is required\",\"global\":true}}},\"debounce_time\":300};\n                            <\/script>\n            <\/div>\n\t\t\t\t\t\t<\/div>\n\t\t\t\t<\/div>\n\t\t\t\t<\/div>\n\t\t\t\t<\/div>","protected":false},"excerpt":{"rendered":"<p>Aukci\u00f3ra regisztr\u00e1ci\u00f3 Kedves \u00c9rdekl\u0151d\u0151!&nbsp; Hamarosan elk\u00e9sz\u00fcl az aukci\u00f3s program, ahol a v\u00e9gleges regisztr\u00e1ci\u00f3t el fogja tudni v\u00e9gezni. Addig is az al\u00e1bbi nyomtatv\u00e1ny kit\u00f6lt\u00e9s\u00e9vel el\u0151 regisztr\u00e1ci\u00f3t tud kezdem\u00e9nyezni.&nbsp; Amit az \u00faj program elk\u00e9sz\u00fcl, az el\u0151 regisztr\u00e1ci\u00f3 seg\u00edts\u00e9g\u00e9vel a rendszer automatikusan meg fogja keresni \u00d6nt, hogy v\u00e9gleges\u00edtse a folyamatot \u00e9s a licithez elengedhetetlen t\u00e1rcsasz\u00e1mot adjon a k\u00f6vetkez\u0151 [&hellip;]<\/p>","protected":false},"author":7,"featured_media":0,"parent":0,"menu_order":0,"comment_status":"closed","ping_status":"closed","template":"","meta":{"footnotes":""},"class_list":["post-10242","page","type-page","status-publish","hentry","entry"],"_links":{"self":[{"href":"https:\/\/ottevenyikastely.hu\/it\/wp-json\/wp\/v2\/pages\/10242","targetHints":{"allow":["GET"]}}],"collection":[{"href":"https:\/\/ottevenyikastely.hu\/it\/wp-json\/wp\/v2\/pages"}],"about":[{"href":"https:\/\/ottevenyikastely.hu\/it\/wp-json\/wp\/v2\/types\/page"}],"author":[{"embeddable":true,"href":"https:\/\/ottevenyikastely.hu\/it\/wp-json\/wp\/v2\/users\/7"}],"replies":[{"embeddable":true,"href":"https:\/\/ottevenyikastely.hu\/it\/wp-json\/wp\/v2\/comments?post=10242"}],"version-history":[{"count":13,"href":"https:\/\/ottevenyikastely.hu\/it\/wp-json\/wp\/v2\/pages\/10242\/revisions"}],"predecessor-version":[{"id":10273,"href":"https:\/\/ottevenyikastely.hu\/it\/wp-json\/wp\/v2\/pages\/10242\/revisions\/10273"}],"wp:attachment":[{"href":"https:\/\/ottevenyikastely.hu\/it\/wp-json\/wp\/v2\/media?parent=10242"}],"curies":[{"name":"wp","href":"https:\/\/api.w.org\/{rel}","templated":true}]}}