{"id":12289,"date":"2025-04-12T09:02:39","date_gmt":"2025-04-12T07:02:39","guid":{"rendered":"https:\/\/ottevenyikastely.hu\/?page_id=12289"},"modified":"2025-06-14T07:23:54","modified_gmt":"2025-06-14T05:23:54","slug":"ban-kata","status":"publish","type":"page","link":"https:\/\/ottevenyikastely.hu\/it\/ban-kata\/","title":{"rendered":"Kata B\u00e1n"},"content":{"rendered":"<div data-elementor-type=\"wp-page\" data-elementor-id=\"12289\" class=\"elementor elementor-12289\" data-elementor-post-type=\"page\">\n\t\t\t\t<div class=\"elementor-element elementor-element-1d37b64 e-flex e-con-boxed e-con e-parent\" data-id=\"1d37b64\" data-element_type=\"container\" data-e-type=\"container\">\n\t\t\t\t\t<div class=\"e-con-inner\">\n\t\t\t\t<div class=\"elementor-element elementor-element-8beddd2 elementor-widget elementor-widget-heading\" data-id=\"8beddd2\" data-element_type=\"widget\" data-e-type=\"widget\" data-widget_type=\"heading.default\">\n\t\t\t\t<div class=\"elementor-widget-container\">\n\t\t\t\t\t<h2 class=\"elementor-heading-title elementor-size-default\">Kata B\u00e1n<\/h2>\t\t\t\t<\/div>\n\t\t\t\t<\/div>\n\t\t\t\t\t<\/div>\n\t\t\t\t<\/div>\n\t\t<div class=\"elementor-element elementor-element-91fb0af e-flex e-con-boxed e-con e-parent\" data-id=\"91fb0af\" data-element_type=\"container\" data-e-type=\"container\">\n\t\t\t\t\t<div class=\"e-con-inner\">\n\t\t\t\t<div class=\"elementor-element elementor-element-c4fe475 elementor-widget elementor-widget-text-editor\" data-id=\"c4fe475\" data-element_type=\"widget\" data-e-type=\"widget\" data-widget_type=\"text-editor.default\">\n\t\t\t\t<div class=\"elementor-widget-container\">\n\t\t\t\t\t\t\t\t\t<p>Sono il pittore Kata B\u00e1n. Vivo e lavoro a Gy\u0151r, in Ungheria.<\/p><p>La mia insegnante di disegno era Ildik\u00f3 Karsai, un'artista grafica. Quando ero a scuola, ho vinto un premio in un concorso di disegno indetto dall'UNICEF sull'uguaglianza tra persone di colore e bianchi nel mondo. In seguito sono stata direttrice del dipartimento artistico della scuola per 4 anni.<\/p><p>Dopo la scuola professionale, sono stato attratto dal settore bancario e ho lavorato in quel campo fino al 2019.<\/p><p>Ho ricominciato a dipingere nel 2019, da autodidatta e migliorandomi costantemente, soprattutto con l'aiuto di internet, dei corsi online e della mia esperienza personale.<\/p><p>Negli ultimi 5 anni ho realizzato quasi 500 dipinti, di cui 80-90% su commissione.<\/p><p>Oltre che in Ungheria, ho originali in Irlanda, Germania, Austria, Los Angeles, California e Messico, tutti in mani private. Diversi collezionisti hanno acquistato opere da me, ma ci sono collezionisti che hanno comprato e ordinato pi\u00f9 di 100 dipinti originali da me.<\/p><p>Nel 2021 mi \u00e8 stato chiesto di dipingere la copertina di un libro. Il titolo del libro \u00e8 Solo per te. Parla dell'autismo e del suo trattamento dal punto di vista di una madre.<\/p><p>Nel 2023 ho aperto la mia prima galleria a Gy\u0151r, in una minuscola stanza di un ristorante locale in via Ap\u00e1ca, con vista sulla strada. Nel 2025 sono riuscito a trasferirmi in una galleria pi\u00f9 grande, spaziosa e indipendente, che ha una grande vetrina e pi\u00f9 di 55 mq di spazio per l'arte e le mostre. Funziona come una vera e propria GALLERIA D'ARTE.<\/p><p>Nel 2025 ho partecipato a un campo d'arte su invito presso il castello \u00d6ttev\u00e9nyi F\u00f6ldv\u00e1ry, dove tutte le spese erano pagate dal proprietario del castello e solo gli artisti contemporanei pi\u00f9 rinomati potevano partecipare. Alcuni dei dipinti realizzati sono stati donati in beneficenza, insieme ad altri 15 artisti contemporanei che hanno dipinto l\u00ec. Dopo diverse mostre nazionali, i dipinti saranno venduti all'asta nell'ottobre 2025.<\/p><p>Le mie opere sono realizzate a mano, a olio o acrilico, con il pennello, in modo tradizionale. Tutte le opere sono accompagnate da un certificato di autenticit\u00e0 e da un numero di serie unico.<\/p><p>Creo anche immagini realistiche, surreali e astratte.<\/p><p>Mi interessano molto la luce e l'ombra, le diverse strutture e il 3D.<\/p><p>Per me \u00e8 importante che le mie immagini trasmettano il pi\u00f9 possibile la realt\u00e0 tangibile, come se uscissero dalla tela, le emozioni interiori che una fotografia non potr\u00e0 mai fare. Un dipinto mostra un volto diverso in diversi momenti della giornata, evoca emozioni e viene conservato di generazione in generazione.<\/p><p>Continuo a dipingere su commissione, ma \u00e8 necessario indicare la richiesta con molto anticipo in modo che il dipinto possa essere completato in tempo. Periodicamente organizzo anche mostre personali delle mie opere nella mia galleria.<\/p><p>Il mio obiettivo \u00e8 mostrare il mondo come lo vedo attraverso i miei dipinti. Il bagliore delle persone, lo scintillio delle gocce di pioggia, la luce del sole che si staglia dietro le nuvole, portando felicit\u00e0 e bellezza al nostro mondo, l'arcobaleno nelle gocce d'acqua lasciate dietro di s\u00e9, e mostrare quanto tutto sia bello, in modo che molte persone lo vedano e altre lo conservino, la meraviglia del mondo in cui viviamo.<\/p>\t\t\t\t\t\t\t\t<\/div>\n\t\t\t\t<\/div>\n\t\t\t\t\t<\/div>\n\t\t\t\t<\/div>\n\t\t<div class=\"elementor-element elementor-element-7f0eef0 e-flex e-con-boxed e-con e-parent\" data-id=\"7f0eef0\" data-element_type=\"container\" data-e-type=\"container\">\n\t\t\t\t\t<div class=\"e-con-inner\">\n\t\t\t\t<div class=\"elementor-element elementor-element-0c967ad elementor-widget elementor-widget-video\" data-id=\"0c967ad\" data-element_type=\"widget\" data-e-type=\"widget\" data-settings=\"{&quot;youtube_url&quot;:&quot;https:\\\/\\\/www.youtube.com\\\/embed\\\/ELOy7CGGDSk?si=PFTpwWYcQW39y0l-&quot;,&quot;video_type&quot;:&quot;youtube&quot;,&quot;controls&quot;:&quot;yes&quot;}\" data-widget_type=\"video.default\">\n\t\t\t\t<div class=\"elementor-widget-container\">\n\t\t\t\t\t\t\t<div class=\"elementor-wrapper elementor-open-inline\">\n\t\t\t<div class=\"elementor-video\"><\/div>\t\t<\/div>\n\t\t\t\t\t\t<\/div>\n\t\t\t\t<\/div>\n\t\t\t\t\t<\/div>\n\t\t\t\t<\/div>\n\t\t<div class=\"elementor-element elementor-element-3c8c98d e-grid e-con-boxed e-con e-parent\" data-id=\"3c8c98d\" data-element_type=\"container\" data-e-type=\"container\">\n\t\t\t\t\t<div class=\"e-con-inner\">\n\t\t\t\t<div class=\"elementor-element elementor-element-427ad49 elementor-widget elementor-widget-image\" data-id=\"427ad49\" data-element_type=\"widget\" data-e-type=\"widget\" data-widget_type=\"image.default\">\n\t\t\t\t<div class=\"elementor-widget-container\">\n\t\t\t\t\t\t\t\t\t\t\t\t\t\t\t<img fetchpriority=\"high\" decoding=\"async\" width=\"768\" height=\"1024\" src=\"https:\/\/ottevenyikastely.hu\/wp-content\/uploads\/2025\/04\/IMG_0895-768x1024.jpg\" class=\"attachment-large size-large wp-image-12815\" alt=\"\" srcset=\"https:\/\/ottevenyikastely.hu\/wp-content\/uploads\/2025\/04\/IMG_0895-768x1024.jpg 768w, https:\/\/ottevenyikastely.hu\/wp-content\/uploads\/2025\/04\/IMG_0895-225x300.jpg 225w, https:\/\/ottevenyikastely.hu\/wp-content\/uploads\/2025\/04\/IMG_0895-1152x1536.jpg 1152w, https:\/\/ottevenyikastely.hu\/wp-content\/uploads\/2025\/04\/IMG_0895-1536x2048.jpg 1536w, https:\/\/ottevenyikastely.hu\/wp-content\/uploads\/2025\/04\/IMG_0895-9x12.jpg 9w, https:\/\/ottevenyikastely.hu\/wp-content\/uploads\/2025\/04\/IMG_0895-scaled.jpg 1920w\" sizes=\"(max-width: 768px) 100vw, 768px\" title=\"\">\t\t\t\t\t\t\t\t\t\t\t\t\t\t\t<\/div>\n\t\t\t\t<\/div>\n\t\t\t\t<div class=\"elementor-element elementor-element-4359f5e elementor-widget elementor-widget-image\" data-id=\"4359f5e\" data-element_type=\"widget\" data-e-type=\"widget\" data-widget_type=\"image.default\">\n\t\t\t\t<div class=\"elementor-widget-container\">\n\t\t\t\t\t\t\t\t\t\t\t\t\t\t\t<img decoding=\"async\" width=\"768\" height=\"1024\" src=\"https:\/\/ottevenyikastely.hu\/wp-content\/uploads\/2025\/04\/IMG_3256-768x1024.jpeg\" class=\"attachment-large size-large wp-image-12817\" alt=\"\" srcset=\"https:\/\/ottevenyikastely.hu\/wp-content\/uploads\/2025\/04\/IMG_3256-768x1024.jpeg 768w, https:\/\/ottevenyikastely.hu\/wp-content\/uploads\/2025\/04\/IMG_3256-225x300.jpeg 225w, https:\/\/ottevenyikastely.hu\/wp-content\/uploads\/2025\/04\/IMG_3256-1152x1536.jpeg 1152w, https:\/\/ottevenyikastely.hu\/wp-content\/uploads\/2025\/04\/IMG_3256-1536x2048.jpeg 1536w, https:\/\/ottevenyikastely.hu\/wp-content\/uploads\/2025\/04\/IMG_3256-9x12.jpeg 9w, https:\/\/ottevenyikastely.hu\/wp-content\/uploads\/2025\/04\/IMG_3256-scaled.jpeg 1920w\" sizes=\"(max-width: 768px) 100vw, 768px\" title=\"\">\t\t\t\t\t\t\t\t\t\t\t\t\t\t\t<\/div>\n\t\t\t\t<\/div>\n\t\t\t\t<div class=\"elementor-element elementor-element-c66dac4 elementor-widget elementor-widget-image\" data-id=\"c66dac4\" data-element_type=\"widget\" data-e-type=\"widget\" data-widget_type=\"image.default\">\n\t\t\t\t<div class=\"elementor-widget-container\">\n\t\t\t\t\t\t\t\t\t\t\t\t\t\t\t<img decoding=\"async\" width=\"768\" height=\"1024\" src=\"https:\/\/ottevenyikastely.hu\/wp-content\/uploads\/2025\/04\/IMG_3133-768x1024.jpeg\" class=\"attachment-large size-large wp-image-12819\" alt=\"\" srcset=\"https:\/\/ottevenyikastely.hu\/wp-content\/uploads\/2025\/04\/IMG_3133-768x1024.jpeg 768w, https:\/\/ottevenyikastely.hu\/wp-content\/uploads\/2025\/04\/IMG_3133-225x300.jpeg 225w, https:\/\/ottevenyikastely.hu\/wp-content\/uploads\/2025\/04\/IMG_3133-1152x1536.jpeg 1152w, https:\/\/ottevenyikastely.hu\/wp-content\/uploads\/2025\/04\/IMG_3133-1536x2048.jpeg 1536w, https:\/\/ottevenyikastely.hu\/wp-content\/uploads\/2025\/04\/IMG_3133-9x12.jpeg 9w, https:\/\/ottevenyikastely.hu\/wp-content\/uploads\/2025\/04\/IMG_3133-scaled.jpeg 1920w\" sizes=\"(max-width: 768px) 100vw, 768px\" title=\"\">\t\t\t\t\t\t\t\t\t\t\t\t\t\t\t<\/div>\n\t\t\t\t<\/div>\n\t\t\t\t\t<\/div>\n\t\t\t\t<\/div>\n\t\t<div class=\"elementor-element elementor-element-a214101 e-flex e-con-boxed e-con e-parent\" data-id=\"a214101\" data-element_type=\"container\" data-e-type=\"container\">\n\t\t\t\t\t<div class=\"e-con-inner\">\n\t\t\t\t<div class=\"elementor-element elementor-element-4dd3f14 elementor-widget elementor-widget-text-editor\" data-id=\"4dd3f14\" data-element_type=\"widget\" data-e-type=\"widget\" data-widget_type=\"text-editor.default\">\n\t\t\t\t<div class=\"elementor-widget-container\">\n\t\t\t\t\t\t\t\t\t<p>Per fare un'offerta sulle opere d'arte realizzate qui, cliccare sull'immagine o visitare il sito web <span style=\"text-decoration: underline;\"><strong><a href=\"https:\/\/foldvaryaukcio.hu\" target=\"_blank\" rel=\"noopener\">foldvaryaukcio.hu<\/a><\/strong><\/span> se siete interessati a maggiori dettagli!<\/p>\t\t\t\t\t\t\t\t<\/div>\n\t\t\t\t<\/div>\n\t\t\t\t\t<\/div>\n\t\t\t\t<\/div>\n\t\t<div class=\"elementor-element elementor-element-7e4b2e2 e-grid e-con-boxed e-con e-parent\" data-id=\"7e4b2e2\" data-element_type=\"container\" data-e-type=\"container\">\n\t\t\t\t\t<div class=\"e-con-inner\">\n\t\t\t\t<div class=\"elementor-element elementor-element-4404017 elementor-widget elementor-widget-image\" data-id=\"4404017\" data-element_type=\"widget\" data-e-type=\"widget\" data-widget_type=\"image.default\">\n\t\t\t\t<div class=\"elementor-widget-container\">\n\t\t\t\t\t\t\t\t\t\t\t\t<figure class=\"wp-caption\">\n\t\t\t\t\t\t\t\t\t\t\t<a href=\"https:\/\/foldvaryaukcio.hu\/items\/217\" target=\"_blank\" rel=\"noopener\">\n\t\t\t\t\t\t\t<img loading=\"lazy\" decoding=\"async\" width=\"737\" height=\"1024\" src=\"https:\/\/ottevenyikastely.hu\/wp-content\/uploads\/2025\/04\/Ban-Katalin-217-737x1024.jpeg\" class=\"attachment-large size-large wp-image-12820\" alt=\"\" srcset=\"https:\/\/ottevenyikastely.hu\/wp-content\/uploads\/2025\/04\/Ban-Katalin-217-737x1024.jpeg 737w, https:\/\/ottevenyikastely.hu\/wp-content\/uploads\/2025\/04\/Ban-Katalin-217-216x300.jpeg 216w, https:\/\/ottevenyikastely.hu\/wp-content\/uploads\/2025\/04\/Ban-Katalin-217-768x1067.jpeg 768w, https:\/\/ottevenyikastely.hu\/wp-content\/uploads\/2025\/04\/Ban-Katalin-217-1105x1536.jpeg 1105w, https:\/\/ottevenyikastely.hu\/wp-content\/uploads\/2025\/04\/Ban-Katalin-217-1474x2048.jpeg 1474w, https:\/\/ottevenyikastely.hu\/wp-content\/uploads\/2025\/04\/Ban-Katalin-217-9x12.jpeg 9w, https:\/\/ottevenyikastely.hu\/wp-content\/uploads\/2025\/04\/Ban-Katalin-217-scaled.jpeg 1842w\" sizes=\"(max-width: 737px) 100vw, 737px\" title=\"\">\t\t\t\t\t\t\t\t<\/a>\n\t\t\t\t\t\t\t\t\t\t\t<figcaption class=\"widget-image-caption wp-caption-text\">clicca qui<\/figcaption>\n\t\t\t\t\t\t\t\t\t\t<\/figure>\n\t\t\t\t\t\t\t\t\t<\/div>\n\t\t\t\t<\/div>\n\t\t\t\t<div class=\"elementor-element elementor-element-2be6fca elementor-widget elementor-widget-image\" data-id=\"2be6fca\" data-element_type=\"widget\" data-e-type=\"widget\" data-widget_type=\"image.default\">\n\t\t\t\t<div class=\"elementor-widget-container\">\n\t\t\t\t\t\t\t\t\t\t\t\t<figure class=\"wp-caption\">\n\t\t\t\t\t\t\t\t\t\t\t<a href=\"https:\/\/foldvaryaukcio.hu\/items\/218\" target=\"_blank\" rel=\"noopener\">\n\t\t\t\t\t\t\t<img loading=\"lazy\" decoding=\"async\" width=\"1024\" height=\"740\" src=\"https:\/\/ottevenyikastely.hu\/wp-content\/uploads\/2025\/04\/Ban-Katalin-218-1024x740.jpeg\" class=\"attachment-large size-large wp-image-12821\" alt=\"\" srcset=\"https:\/\/ottevenyikastely.hu\/wp-content\/uploads\/2025\/04\/Ban-Katalin-218-1024x740.jpeg 1024w, https:\/\/ottevenyikastely.hu\/wp-content\/uploads\/2025\/04\/Ban-Katalin-218-300x217.jpeg 300w, https:\/\/ottevenyikastely.hu\/wp-content\/uploads\/2025\/04\/Ban-Katalin-218-768x555.jpeg 768w, https:\/\/ottevenyikastely.hu\/wp-content\/uploads\/2025\/04\/Ban-Katalin-218-1536x1111.jpeg 1536w, https:\/\/ottevenyikastely.hu\/wp-content\/uploads\/2025\/04\/Ban-Katalin-218-2048x1481.jpeg 2048w, https:\/\/ottevenyikastely.hu\/wp-content\/uploads\/2025\/04\/Ban-Katalin-218-18x12.jpeg 18w\" sizes=\"(max-width: 1024px) 100vw, 1024px\" title=\"\">\t\t\t\t\t\t\t\t<\/a>\n\t\t\t\t\t\t\t\t\t\t\t<figcaption class=\"widget-image-caption wp-caption-text\">clicca qui<\/figcaption>\n\t\t\t\t\t\t\t\t\t\t<\/figure>\n\t\t\t\t\t\t\t\t\t<\/div>\n\t\t\t\t<\/div>\n\t\t\t\t<div class=\"elementor-element elementor-element-d759f2f elementor-widget elementor-widget-image\" data-id=\"d759f2f\" data-element_type=\"widget\" data-e-type=\"widget\" data-widget_type=\"image.default\">\n\t\t\t\t<div class=\"elementor-widget-container\">\n\t\t\t\t\t\t\t\t\t\t\t\t<figure class=\"wp-caption\">\n\t\t\t\t\t\t\t\t\t\t\t<a href=\"https:\/\/foldvaryaukcio.hu\/items\/219\" target=\"_blank\" rel=\"noopener\">\n\t\t\t\t\t\t\t<img loading=\"lazy\" decoding=\"async\" width=\"766\" height=\"1024\" src=\"https:\/\/ottevenyikastely.hu\/wp-content\/uploads\/2025\/04\/Ban-Katalin-219-766x1024.jpeg\" class=\"attachment-large size-large wp-image-12822\" alt=\"\" srcset=\"https:\/\/ottevenyikastely.hu\/wp-content\/uploads\/2025\/04\/Ban-Katalin-219-766x1024.jpeg 766w, https:\/\/ottevenyikastely.hu\/wp-content\/uploads\/2025\/04\/Ban-Katalin-219-224x300.jpeg 224w, https:\/\/ottevenyikastely.hu\/wp-content\/uploads\/2025\/04\/Ban-Katalin-219-768x1027.jpeg 768w, https:\/\/ottevenyikastely.hu\/wp-content\/uploads\/2025\/04\/Ban-Katalin-219-1149x1536.jpeg 1149w, https:\/\/ottevenyikastely.hu\/wp-content\/uploads\/2025\/04\/Ban-Katalin-219-1532x2048.jpeg 1532w, https:\/\/ottevenyikastely.hu\/wp-content\/uploads\/2025\/04\/Ban-Katalin-219-9x12.jpeg 9w, https:\/\/ottevenyikastely.hu\/wp-content\/uploads\/2025\/04\/Ban-Katalin-219-scaled.jpeg 1915w\" sizes=\"(max-width: 766px) 100vw, 766px\" title=\"\">\t\t\t\t\t\t\t\t<\/a>\n\t\t\t\t\t\t\t\t\t\t\t<figcaption class=\"widget-image-caption wp-caption-text\">clicca qui<\/figcaption>\n\t\t\t\t\t\t\t\t\t\t<\/figure>\n\t\t\t\t\t\t\t\t\t<\/div>\n\t\t\t\t<\/div>\n\t\t\t\t\t<\/div>\n\t\t\t\t<\/div>\n\t\t<div class=\"elementor-element elementor-element-57d0378 e-flex e-con-boxed e-con e-parent\" data-id=\"57d0378\" data-element_type=\"container\" data-e-type=\"container\">\n\t\t\t\t\t<div class=\"e-con-inner\">\n\t\t\t\t<div class=\"elementor-element elementor-element-0354fe8 elementor-widget elementor-widget-image\" data-id=\"0354fe8\" data-element_type=\"widget\" data-e-type=\"widget\" data-widget_type=\"image.default\">\n\t\t\t\t<div class=\"elementor-widget-container\">\n\t\t\t\t\t\t\t\t\t\t\t\t<figure class=\"wp-caption\">\n\t\t\t\t\t\t\t\t\t\t\t<a href=\"https:\/\/foldvaryaukcio.hu\/items\/220\" target=\"_blank\" rel=\"noopener\">\n\t\t\t\t\t\t\t<img loading=\"lazy\" decoding=\"async\" width=\"561\" height=\"200\" src=\"https:\/\/ottevenyikastely.hu\/wp-content\/uploads\/2025\/04\/Ban-Katalin-220.jpeg\" class=\"attachment-large size-large wp-image-12823\" alt=\"\" srcset=\"https:\/\/ottevenyikastely.hu\/wp-content\/uploads\/2025\/04\/Ban-Katalin-220.jpeg 561w, https:\/\/ottevenyikastely.hu\/wp-content\/uploads\/2025\/04\/Ban-Katalin-220-300x107.jpeg 300w, https:\/\/ottevenyikastely.hu\/wp-content\/uploads\/2025\/04\/Ban-Katalin-220-18x6.jpeg 18w\" sizes=\"(max-width: 561px) 100vw, 561px\" title=\"\">\t\t\t\t\t\t\t\t<\/a>\n\t\t\t\t\t\t\t\t\t\t\t<figcaption class=\"widget-image-caption wp-caption-text\">clicca qui<\/figcaption>\n\t\t\t\t\t\t\t\t\t\t<\/figure>\n\t\t\t\t\t\t\t\t\t<\/div>\n\t\t\t\t<\/div>\n\t\t\t\t\t<\/div>\n\t\t\t\t<\/div>\n\t\t<div class=\"elementor-element elementor-element-d6fda2d e-flex e-con-boxed e-con e-parent\" data-id=\"d6fda2d\" data-element_type=\"container\" data-e-type=\"container\">\n\t\t\t\t\t<div class=\"e-con-inner\">\n\t\t\t\t<div class=\"elementor-element elementor-element-2611036 elementor-align-right elementor-widget elementor-widget-button\" data-id=\"2611036\" data-element_type=\"widget\" data-e-type=\"widget\" data-widget_type=\"button.default\">\n\t\t\t\t<div class=\"elementor-widget-container\">\n\t\t\t\t\t\t\t\t\t<div class=\"elementor-button-wrapper\">\n\t\t\t\t\t<a class=\"elementor-button elementor-button-link elementor-size-sm\" href=\"https:\/\/www.bankata.hu\/wordpress\/\" id=\"https:\/\/www.bankata.hu\/wordpress\/\" target=\"_blank\" rel=\"noopener\">\n\t\t\t\t\t\t<span class=\"elementor-button-content-wrapper\">\n\t\t\t\t\t\t\t\t\t<span class=\"elementor-button-text\">Pagina web dell'artista<\/span>\n\t\t\t\t\t<\/span>\n\t\t\t\t\t<\/a>\n\t\t\t\t<\/div>\n\t\t\t\t\t\t\t\t<\/div>\n\t\t\t\t<\/div>\n\t\t\t\t\t<\/div>\n\t\t\t\t<\/div>\n\t\t\t\t<\/div>","protected":false},"excerpt":{"rendered":"<p>B\u00e1n Kata B\u00e1n Kata fest\u0151m\u0171v\u00e9sz vagyok. Magyarorsz\u00e1gon, Gy\u0151r v\u00e1ros\u00e1ban \u00e9lek \u00e9s dolgozom. Rajztan\u00e1rom Karsai Ildik\u00f3, grafikus m\u0171v\u00e9sz volt. M\u00e1r kisiskol\u00e1s koromban d\u00edjat nyertem egy UNICEF \u00e1ltal ki\u00edrt rajzp\u00e1ly\u00e1zaton, amely a vil\u00e1gon \u00e9l\u0151 a sz\u00ednes- \u00e9s feh\u00e9r b\u0151r\u0171 emberek egyenl\u0151s\u00e9g\u00e9r\u0151l sz\u00f3lt. K\u00e9s\u0151bb az iskola rajzszakk\u00f6r\u00e9nek a vezet\u0151je voltam 4 \u00e9vig. Szakk\u00f6z\u00e9p iskola ut\u00e1n elcs\u00e1b\u00edtott a bankszakma [&hellip;]<\/p>","protected":false},"author":7,"featured_media":0,"parent":0,"menu_order":0,"comment_status":"closed","ping_status":"closed","template":"","meta":{"footnotes":""},"class_list":["post-12289","page","type-page","status-publish","hentry","entry"],"_links":{"self":[{"href":"https:\/\/ottevenyikastely.hu\/it\/wp-json\/wp\/v2\/pages\/12289","targetHints":{"allow":["GET"]}}],"collection":[{"href":"https:\/\/ottevenyikastely.hu\/it\/wp-json\/wp\/v2\/pages"}],"about":[{"href":"https:\/\/ottevenyikastely.hu\/it\/wp-json\/wp\/v2\/types\/page"}],"author":[{"embeddable":true,"href":"https:\/\/ottevenyikastely.hu\/it\/wp-json\/wp\/v2\/users\/7"}],"replies":[{"embeddable":true,"href":"https:\/\/ottevenyikastely.hu\/it\/wp-json\/wp\/v2\/comments?post=12289"}],"version-history":[{"count":16,"href":"https:\/\/ottevenyikastely.hu\/it\/wp-json\/wp\/v2\/pages\/12289\/revisions"}],"predecessor-version":[{"id":13543,"href":"https:\/\/ottevenyikastely.hu\/it\/wp-json\/wp\/v2\/pages\/12289\/revisions\/13543"}],"wp:attachment":[{"href":"https:\/\/ottevenyikastely.hu\/it\/wp-json\/wp\/v2\/media?parent=12289"}],"curies":[{"name":"wp","href":"https:\/\/api.w.org\/{rel}","templated":true}]}}