{"id":12334,"date":"2025-04-12T09:21:15","date_gmt":"2025-04-12T07:21:15","guid":{"rendered":"https:\/\/ottevenyikastely.hu\/?page_id=12334"},"modified":"2025-05-24T09:08:20","modified_gmt":"2025-05-24T07:08:20","slug":"konya-eniko","status":"publish","type":"page","link":"https:\/\/ottevenyikastely.hu\/it\/konya-eniko\/","title":{"rendered":"Enik\u0151 K\u00f3nya"},"content":{"rendered":"<div data-elementor-type=\"wp-page\" data-elementor-id=\"12334\" class=\"elementor elementor-12334\" data-elementor-post-type=\"page\">\n\t\t\t\t<div class=\"elementor-element elementor-element-8342cd8 e-flex e-con-boxed e-con e-parent\" data-id=\"8342cd8\" data-element_type=\"container\" data-e-type=\"container\">\n\t\t\t\t\t<div class=\"e-con-inner\">\n\t\t\t\t<div class=\"elementor-element elementor-element-69906ba elementor-widget elementor-widget-heading\" data-id=\"69906ba\" data-element_type=\"widget\" data-e-type=\"widget\" data-widget_type=\"heading.default\">\n\t\t\t\t<div class=\"elementor-widget-container\">\n\t\t\t\t\t<h2 class=\"elementor-heading-title elementor-size-default\">Enik\u0151 K\u00f3nya<\/h2>\t\t\t\t<\/div>\n\t\t\t\t<\/div>\n\t\t\t\t\t<\/div>\n\t\t\t\t<\/div>\n\t\t<div class=\"elementor-element elementor-element-38d1483 e-flex e-con-boxed e-con e-parent\" data-id=\"38d1483\" data-element_type=\"container\" data-e-type=\"container\">\n\t\t\t\t\t<div class=\"e-con-inner\">\n\t\t\t\t<div class=\"elementor-element elementor-element-69b5965 elementor-widget elementor-widget-text-editor\" data-id=\"69b5965\" data-element_type=\"widget\" data-e-type=\"widget\" data-widget_type=\"text-editor.default\">\n\t\t\t\t<div class=\"elementor-widget-container\">\n\t\t\t\t\t\t\t\t\t<p>Enik\u0151 K\u00f3nya \u00e8 un pittore che vive a Szentendre. \u00c8 nata a Budapest nel 1961. \u00c8 ingegnere civile con una laurea in legge.<\/p><p>Ha iniziato i suoi studi artistici in una scuola di pittura a Zugl\u00f3 con Zs\u00f3fia Varga, poi si \u00e8 diplomato al dipartimento di pittura della Scuola Superiore di Arti Belle e Applicate di Szamalk-Szal\u00e9z, dove i suoi insegnanti sono stati Andrea Cecilia Szab\u00f3, Nikoletta Kov\u00e1ts e J\u00e1nos Zolt\u00e1n Kov\u00e1cs.<\/p><p>Il suo lavoro rivela un artista altamente sperimentale che ha il coraggio di esplorare molteplici forme di creazione di immagini. C'\u00e8 un forte spirito costruttivista dietro il suo lavoro, e anche se questo potrebbe sembrare dare alla sua arte una certa chiusura, in realt\u00e0, se ci allontaniamo dal concetto e guardiamo solo ai dipinti stessi, vediamo che la costruzione del contenuto pittorico \u00e8 leggera, morbida e quasi musicale nel ritmo, proprio come le opere dei suoi predecessori a Szentendre, come il lavoro del suo stimato Dezs\u0151 Korniss o la pittura costruttivista di Endre B\u00e1lint.<\/p><p>\u00c8 membro dell'Associazione nazionale degli artisti ungheresi e nel 2024 ha vinto il premio principale del Ferenc K\u00f3ka Inspiration Competition.<\/p><p>Le sue opere sono regolarmente esposte in mostre personali e collettive.<\/p>\t\t\t\t\t\t\t\t<\/div>\n\t\t\t\t<\/div>\n\t\t\t\t\t<\/div>\n\t\t\t\t<\/div>\n\t\t<div class=\"elementor-element elementor-element-3787dac e-flex e-con-boxed e-con e-parent\" data-id=\"3787dac\" data-element_type=\"container\" data-e-type=\"container\">\n\t\t\t\t\t<div class=\"e-con-inner\">\n\t\t\t\t<div class=\"elementor-element elementor-element-5ca1011 elementor-widget elementor-widget-video\" data-id=\"5ca1011\" data-element_type=\"widget\" data-e-type=\"widget\" data-settings=\"{&quot;youtube_url&quot;:&quot;https:\\\/\\\/www.youtube.com\\\/embed\\\/DafiegqwAWc?si=g8mZR6hGG5QQhsCv&quot;,&quot;video_type&quot;:&quot;youtube&quot;,&quot;controls&quot;:&quot;yes&quot;}\" data-widget_type=\"video.default\">\n\t\t\t\t<div class=\"elementor-widget-container\">\n\t\t\t\t\t\t\t<div class=\"elementor-wrapper elementor-open-inline\">\n\t\t\t<div class=\"elementor-video\"><\/div>\t\t<\/div>\n\t\t\t\t\t\t<\/div>\n\t\t\t\t<\/div>\n\t\t\t\t\t<\/div>\n\t\t\t\t<\/div>\n\t\t<div class=\"elementor-element elementor-element-5c300a8 e-grid e-con-boxed e-con e-parent\" data-id=\"5c300a8\" data-element_type=\"container\" data-e-type=\"container\">\n\t\t\t\t\t<div class=\"e-con-inner\">\n\t\t\t\t<div class=\"elementor-element elementor-element-8bb99d4 elementor-widget elementor-widget-image\" data-id=\"8bb99d4\" data-element_type=\"widget\" data-e-type=\"widget\" data-widget_type=\"image.default\">\n\t\t\t\t<div class=\"elementor-widget-container\">\n\t\t\t\t\t\t\t\t\t\t\t\t\t\t\t<img fetchpriority=\"high\" decoding=\"async\" width=\"1024\" height=\"768\" src=\"https:\/\/ottevenyikastely.hu\/wp-content\/uploads\/2025\/04\/IMG_3112-1024x768.jpeg\" class=\"attachment-large size-large wp-image-12571\" alt=\"\" srcset=\"https:\/\/ottevenyikastely.hu\/wp-content\/uploads\/2025\/04\/IMG_3112-1024x768.jpeg 1024w, https:\/\/ottevenyikastely.hu\/wp-content\/uploads\/2025\/04\/IMG_3112-300x225.jpeg 300w, https:\/\/ottevenyikastely.hu\/wp-content\/uploads\/2025\/04\/IMG_3112-768x576.jpeg 768w, https:\/\/ottevenyikastely.hu\/wp-content\/uploads\/2025\/04\/IMG_3112-1536x1152.jpeg 1536w, https:\/\/ottevenyikastely.hu\/wp-content\/uploads\/2025\/04\/IMG_3112-2048x1536.jpeg 2048w, https:\/\/ottevenyikastely.hu\/wp-content\/uploads\/2025\/04\/IMG_3112-16x12.jpeg 16w\" sizes=\"(max-width: 1024px) 100vw, 1024px\" title=\"\">\t\t\t\t\t\t\t\t\t\t\t\t\t\t\t<\/div>\n\t\t\t\t<\/div>\n\t\t\t\t<div class=\"elementor-element elementor-element-cbe0bbd elementor-widget elementor-widget-image\" data-id=\"cbe0bbd\" data-element_type=\"widget\" data-e-type=\"widget\" data-widget_type=\"image.default\">\n\t\t\t\t<div class=\"elementor-widget-container\">\n\t\t\t\t\t\t\t\t\t\t\t\t\t\t\t<img decoding=\"async\" width=\"768\" height=\"1024\" src=\"https:\/\/ottevenyikastely.hu\/wp-content\/uploads\/2025\/04\/IMG_3358-768x1024.jpeg\" class=\"attachment-large size-large wp-image-12855\" alt=\"\" srcset=\"https:\/\/ottevenyikastely.hu\/wp-content\/uploads\/2025\/04\/IMG_3358-768x1024.jpeg 768w, https:\/\/ottevenyikastely.hu\/wp-content\/uploads\/2025\/04\/IMG_3358-225x300.jpeg 225w, https:\/\/ottevenyikastely.hu\/wp-content\/uploads\/2025\/04\/IMG_3358-1152x1536.jpeg 1152w, https:\/\/ottevenyikastely.hu\/wp-content\/uploads\/2025\/04\/IMG_3358-1536x2048.jpeg 1536w, https:\/\/ottevenyikastely.hu\/wp-content\/uploads\/2025\/04\/IMG_3358-9x12.jpeg 9w, https:\/\/ottevenyikastely.hu\/wp-content\/uploads\/2025\/04\/IMG_3358-scaled.jpeg 1920w\" sizes=\"(max-width: 768px) 100vw, 768px\" title=\"\">\t\t\t\t\t\t\t\t\t\t\t\t\t\t\t<\/div>\n\t\t\t\t<\/div>\n\t\t\t\t<div class=\"elementor-element elementor-element-4cf189a elementor-widget elementor-widget-image\" data-id=\"4cf189a\" data-element_type=\"widget\" data-e-type=\"widget\" data-widget_type=\"image.default\">\n\t\t\t\t<div class=\"elementor-widget-container\">\n\t\t\t\t\t\t\t\t\t\t\t\t\t\t\t<img decoding=\"async\" width=\"1024\" height=\"768\" src=\"https:\/\/ottevenyikastely.hu\/wp-content\/uploads\/2025\/04\/IMG_2974-1024x768.jpeg\" class=\"attachment-large size-large wp-image-12573\" alt=\"\" srcset=\"https:\/\/ottevenyikastely.hu\/wp-content\/uploads\/2025\/04\/IMG_2974-1024x768.jpeg 1024w, https:\/\/ottevenyikastely.hu\/wp-content\/uploads\/2025\/04\/IMG_2974-300x225.jpeg 300w, https:\/\/ottevenyikastely.hu\/wp-content\/uploads\/2025\/04\/IMG_2974-768x576.jpeg 768w, https:\/\/ottevenyikastely.hu\/wp-content\/uploads\/2025\/04\/IMG_2974-1536x1152.jpeg 1536w, https:\/\/ottevenyikastely.hu\/wp-content\/uploads\/2025\/04\/IMG_2974-2048x1536.jpeg 2048w, https:\/\/ottevenyikastely.hu\/wp-content\/uploads\/2025\/04\/IMG_2974-16x12.jpeg 16w\" sizes=\"(max-width: 1024px) 100vw, 1024px\" title=\"\">\t\t\t\t\t\t\t\t\t\t\t\t\t\t\t<\/div>\n\t\t\t\t<\/div>\n\t\t\t\t\t<\/div>\n\t\t\t\t<\/div>\n\t\t<div class=\"elementor-element elementor-element-6e82bb5 e-flex e-con-boxed e-con e-parent\" data-id=\"6e82bb5\" data-element_type=\"container\" data-e-type=\"container\">\n\t\t\t\t\t<div class=\"e-con-inner\">\n\t\t\t\t<div class=\"elementor-element elementor-element-ef28938 elementor-widget elementor-widget-spacer\" data-id=\"ef28938\" data-element_type=\"widget\" data-e-type=\"widget\" data-widget_type=\"spacer.default\">\n\t\t\t\t<div class=\"elementor-widget-container\">\n\t\t\t\t\t\t\t<div class=\"elementor-spacer\">\n\t\t\t<div class=\"elementor-spacer-inner\"><\/div>\n\t\t<\/div>\n\t\t\t\t\t\t<\/div>\n\t\t\t\t<\/div>\n\t\t\t\t\t<\/div>\n\t\t\t\t<\/div>\n\t\t<div class=\"elementor-element elementor-element-1d9882e e-flex e-con-boxed e-con e-parent\" data-id=\"1d9882e\" data-element_type=\"container\" data-e-type=\"container\">\n\t\t\t\t\t<div class=\"e-con-inner\">\n\t\t\t\t<div class=\"elementor-element elementor-element-c0439df elementor-widget elementor-widget-text-editor\" data-id=\"c0439df\" data-element_type=\"widget\" data-e-type=\"widget\" data-widget_type=\"text-editor.default\">\n\t\t\t\t<div class=\"elementor-widget-container\">\n\t\t\t\t\t\t\t\t\t<p>Per fare un'offerta sulle opere d'arte realizzate qui, cliccare sull'immagine o visitare il sito web <span style=\"text-decoration: underline;\"><strong><a href=\"https:\/\/foldvaryaukcio.hu\" target=\"_blank\" rel=\"noopener\">foldvaryaukcio.hu<\/a><\/strong><\/span> se siete interessati a maggiori dettagli!<\/p>\t\t\t\t\t\t\t\t<\/div>\n\t\t\t\t<\/div>\n\t\t\t\t\t<\/div>\n\t\t\t\t<\/div>\n\t\t<div class=\"elementor-element elementor-element-e0ce902 e-grid e-con-boxed e-con e-parent\" data-id=\"e0ce902\" data-element_type=\"container\" data-e-type=\"container\">\n\t\t\t\t\t<div class=\"e-con-inner\">\n\t\t\t\t<div class=\"elementor-element elementor-element-8fdfd8f elementor-widget elementor-widget-image\" data-id=\"8fdfd8f\" data-element_type=\"widget\" data-e-type=\"widget\" data-widget_type=\"image.default\">\n\t\t\t\t<div class=\"elementor-widget-container\">\n\t\t\t\t\t\t\t\t\t\t\t\t<figure class=\"wp-caption\">\n\t\t\t\t\t\t\t\t\t\t\t<a href=\"https:\/\/foldvaryaukcio.hu\/items\/221\" target=\"_blank\" rel=\"noopener\">\n\t\t\t\t\t\t\t<img loading=\"lazy\" decoding=\"async\" width=\"728\" height=\"1024\" src=\"https:\/\/ottevenyikastely.hu\/wp-content\/uploads\/2025\/05\/IMG_9883-728x1024.jpg\" class=\"attachment-large size-large wp-image-13484\" alt=\"\" srcset=\"https:\/\/ottevenyikastely.hu\/wp-content\/uploads\/2025\/05\/IMG_9883-728x1024.jpg 728w, https:\/\/ottevenyikastely.hu\/wp-content\/uploads\/2025\/05\/IMG_9883-213x300.jpg 213w, https:\/\/ottevenyikastely.hu\/wp-content\/uploads\/2025\/05\/IMG_9883-768x1080.jpg 768w, https:\/\/ottevenyikastely.hu\/wp-content\/uploads\/2025\/05\/IMG_9883-1092x1536.jpg 1092w, https:\/\/ottevenyikastely.hu\/wp-content\/uploads\/2025\/05\/IMG_9883-1456x2048.jpg 1456w, https:\/\/ottevenyikastely.hu\/wp-content\/uploads\/2025\/05\/IMG_9883-9x12.jpg 9w, https:\/\/ottevenyikastely.hu\/wp-content\/uploads\/2025\/05\/IMG_9883-scaled.jpg 1820w\" sizes=\"(max-width: 728px) 100vw, 728px\" title=\"\">\t\t\t\t\t\t\t\t<\/a>\n\t\t\t\t\t\t\t\t\t\t\t<figcaption class=\"widget-image-caption wp-caption-text\">clicca qui<\/figcaption>\n\t\t\t\t\t\t\t\t\t\t<\/figure>\n\t\t\t\t\t\t\t\t\t<\/div>\n\t\t\t\t<\/div>\n\t\t\t\t<div class=\"elementor-element elementor-element-be950ff elementor-widget elementor-widget-image\" data-id=\"be950ff\" data-element_type=\"widget\" data-e-type=\"widget\" data-widget_type=\"image.default\">\n\t\t\t\t<div class=\"elementor-widget-container\">\n\t\t\t\t\t\t\t\t\t\t\t\t<figure class=\"wp-caption\">\n\t\t\t\t\t\t\t\t\t\t\t<a href=\"https:\/\/foldvaryaukcio.hu\/items\/223\" target=\"_blank\" rel=\"noopener\">\n\t\t\t\t\t\t\t<img loading=\"lazy\" decoding=\"async\" width=\"815\" height=\"1024\" src=\"https:\/\/ottevenyikastely.hu\/wp-content\/uploads\/2025\/05\/IMG_9894-815x1024.jpg\" class=\"attachment-large size-large wp-image-13485\" alt=\"\" srcset=\"https:\/\/ottevenyikastely.hu\/wp-content\/uploads\/2025\/05\/IMG_9894-815x1024.jpg 815w, https:\/\/ottevenyikastely.hu\/wp-content\/uploads\/2025\/05\/IMG_9894-239x300.jpg 239w, https:\/\/ottevenyikastely.hu\/wp-content\/uploads\/2025\/05\/IMG_9894-768x965.jpg 768w, https:\/\/ottevenyikastely.hu\/wp-content\/uploads\/2025\/05\/IMG_9894-1223x1536.jpg 1223w, https:\/\/ottevenyikastely.hu\/wp-content\/uploads\/2025\/05\/IMG_9894-1630x2048.jpg 1630w, https:\/\/ottevenyikastely.hu\/wp-content\/uploads\/2025\/05\/IMG_9894-10x12.jpg 10w, https:\/\/ottevenyikastely.hu\/wp-content\/uploads\/2025\/05\/IMG_9894-scaled.jpg 2038w\" sizes=\"(max-width: 815px) 100vw, 815px\" title=\"\">\t\t\t\t\t\t\t\t<\/a>\n\t\t\t\t\t\t\t\t\t\t\t<figcaption class=\"widget-image-caption wp-caption-text\">clicca qui<\/figcaption>\n\t\t\t\t\t\t\t\t\t\t<\/figure>\n\t\t\t\t\t\t\t\t\t<\/div>\n\t\t\t\t<\/div>\n\t\t\t\t<div class=\"elementor-element elementor-element-4b18cf8 elementor-widget elementor-widget-image\" data-id=\"4b18cf8\" data-element_type=\"widget\" data-e-type=\"widget\" data-widget_type=\"image.default\">\n\t\t\t\t<div class=\"elementor-widget-container\">\n\t\t\t\t\t\t\t\t\t\t\t\t<figure class=\"wp-caption\">\n\t\t\t\t\t\t\t\t\t\t\t<a href=\"https:\/\/foldvaryaukcio.hu\/items\/222\" target=\"_blank\" rel=\"noopener\">\n\t\t\t\t\t\t\t<img loading=\"lazy\" decoding=\"async\" width=\"816\" height=\"1024\" src=\"https:\/\/ottevenyikastely.hu\/wp-content\/uploads\/2025\/05\/Unknown-816x1024.jpeg\" class=\"attachment-large size-large wp-image-13486\" alt=\"\" srcset=\"https:\/\/ottevenyikastely.hu\/wp-content\/uploads\/2025\/05\/Unknown-816x1024.jpeg 816w, https:\/\/ottevenyikastely.hu\/wp-content\/uploads\/2025\/05\/Unknown-239x300.jpeg 239w, https:\/\/ottevenyikastely.hu\/wp-content\/uploads\/2025\/05\/Unknown-768x963.jpeg 768w, https:\/\/ottevenyikastely.hu\/wp-content\/uploads\/2025\/05\/Unknown-1224x1536.jpeg 1224w, https:\/\/ottevenyikastely.hu\/wp-content\/uploads\/2025\/05\/Unknown-1633x2048.jpeg 1633w, https:\/\/ottevenyikastely.hu\/wp-content\/uploads\/2025\/05\/Unknown-10x12.jpeg 10w, https:\/\/ottevenyikastely.hu\/wp-content\/uploads\/2025\/05\/Unknown-scaled.jpeg 2041w\" sizes=\"(max-width: 816px) 100vw, 816px\" title=\"\">\t\t\t\t\t\t\t\t<\/a>\n\t\t\t\t\t\t\t\t\t\t\t<figcaption class=\"widget-image-caption wp-caption-text\">clicca qui<\/figcaption>\n\t\t\t\t\t\t\t\t\t\t<\/figure>\n\t\t\t\t\t\t\t\t\t<\/div>\n\t\t\t\t<\/div>\n\t\t\t\t<div class=\"elementor-element elementor-element-ad852f3 elementor-widget elementor-widget-image\" data-id=\"ad852f3\" data-element_type=\"widget\" data-e-type=\"widget\" data-widget_type=\"image.default\">\n\t\t\t\t<div class=\"elementor-widget-container\">\n\t\t\t\t\t\t\t\t\t\t\t\t<figure class=\"wp-caption\">\n\t\t\t\t\t\t\t\t\t\t\t<a href=\"https:\/\/foldvaryaukcio.hu\/items\/224\" target=\"_blank\" rel=\"noopener\">\n\t\t\t\t\t\t\t<img loading=\"lazy\" decoding=\"async\" width=\"757\" height=\"1024\" src=\"https:\/\/ottevenyikastely.hu\/wp-content\/uploads\/2025\/05\/IMG_9888-757x1024.jpg\" class=\"attachment-large size-large wp-image-13487\" alt=\"\" srcset=\"https:\/\/ottevenyikastely.hu\/wp-content\/uploads\/2025\/05\/IMG_9888-757x1024.jpg 757w, https:\/\/ottevenyikastely.hu\/wp-content\/uploads\/2025\/05\/IMG_9888-222x300.jpg 222w, https:\/\/ottevenyikastely.hu\/wp-content\/uploads\/2025\/05\/IMG_9888-768x1040.jpg 768w, https:\/\/ottevenyikastely.hu\/wp-content\/uploads\/2025\/05\/IMG_9888-1135x1536.jpg 1135w, https:\/\/ottevenyikastely.hu\/wp-content\/uploads\/2025\/05\/IMG_9888-1513x2048.jpg 1513w, https:\/\/ottevenyikastely.hu\/wp-content\/uploads\/2025\/05\/IMG_9888-9x12.jpg 9w, https:\/\/ottevenyikastely.hu\/wp-content\/uploads\/2025\/05\/IMG_9888-scaled.jpg 1891w\" sizes=\"(max-width: 757px) 100vw, 757px\" title=\"\">\t\t\t\t\t\t\t\t<\/a>\n\t\t\t\t\t\t\t\t\t\t\t<figcaption class=\"widget-image-caption wp-caption-text\">clicca qui<\/figcaption>\n\t\t\t\t\t\t\t\t\t\t<\/figure>\n\t\t\t\t\t\t\t\t\t<\/div>\n\t\t\t\t<\/div>\n\t\t\t\t<div class=\"elementor-element elementor-element-e4e369c elementor-widget elementor-widget-image\" data-id=\"e4e369c\" data-element_type=\"widget\" data-e-type=\"widget\" data-widget_type=\"image.default\">\n\t\t\t\t<div class=\"elementor-widget-container\">\n\t\t\t\t\t\t\t\t\t\t\t\t<figure class=\"wp-caption\">\n\t\t\t\t\t\t\t\t\t\t\t<a href=\"https:\/\/foldvaryaukcio.hu\/items\/225\" target=\"_blank\" rel=\"noopener\">\n\t\t\t\t\t\t\t<img loading=\"lazy\" decoding=\"async\" width=\"744\" height=\"1024\" src=\"https:\/\/ottevenyikastely.hu\/wp-content\/uploads\/2025\/05\/IMG_9884-744x1024.jpg\" class=\"attachment-large size-large wp-image-13488\" alt=\"\" srcset=\"https:\/\/ottevenyikastely.hu\/wp-content\/uploads\/2025\/05\/IMG_9884-744x1024.jpg 744w, https:\/\/ottevenyikastely.hu\/wp-content\/uploads\/2025\/05\/IMG_9884-218x300.jpg 218w, https:\/\/ottevenyikastely.hu\/wp-content\/uploads\/2025\/05\/IMG_9884-768x1057.jpg 768w, https:\/\/ottevenyikastely.hu\/wp-content\/uploads\/2025\/05\/IMG_9884-1116x1536.jpg 1116w, https:\/\/ottevenyikastely.hu\/wp-content\/uploads\/2025\/05\/IMG_9884-1488x2048.jpg 1488w, https:\/\/ottevenyikastely.hu\/wp-content\/uploads\/2025\/05\/IMG_9884-9x12.jpg 9w, https:\/\/ottevenyikastely.hu\/wp-content\/uploads\/2025\/05\/IMG_9884-scaled.jpg 1860w\" sizes=\"(max-width: 744px) 100vw, 744px\" title=\"\">\t\t\t\t\t\t\t\t<\/a>\n\t\t\t\t\t\t\t\t\t\t\t<figcaption class=\"widget-image-caption wp-caption-text\">clicca qui<\/figcaption>\n\t\t\t\t\t\t\t\t\t\t<\/figure>\n\t\t\t\t\t\t\t\t\t<\/div>\n\t\t\t\t<\/div>\n\t\t\t\t\t<\/div>\n\t\t\t\t<\/div>\n\t\t<div class=\"elementor-element elementor-element-583607c e-flex e-con-boxed e-con e-parent\" data-id=\"583607c\" data-element_type=\"container\" data-e-type=\"container\">\n\t\t\t\t\t<div class=\"e-con-inner\">\n\t\t\t\t<div class=\"elementor-element elementor-element-4b3f2bc elementor-widget elementor-widget-button\" data-id=\"4b3f2bc\" data-element_type=\"widget\" data-e-type=\"widget\" data-widget_type=\"button.default\">\n\t\t\t\t<div class=\"elementor-widget-container\">\n\t\t\t\t\t\t\t\t\t<div class=\"elementor-button-wrapper\">\n\t\t\t\t\t<a class=\"elementor-button elementor-button-link elementor-size-sm\" href=\"https:\/\/konyaeniko.hu\" id=\"https:\/\/konyaeniko.hu\" target=\"_blank\" rel=\"noopener\">\n\t\t\t\t\t\t<span class=\"elementor-button-content-wrapper\">\n\t\t\t\t\t\t\t\t\t<span class=\"elementor-button-text\">Galleria<\/span>\n\t\t\t\t\t<\/span>\n\t\t\t\t\t<\/a>\n\t\t\t\t<\/div>\n\t\t\t\t\t\t\t\t<\/div>\n\t\t\t\t<\/div>\n\t\t\t\t\t<\/div>\n\t\t\t\t<\/div>\n\t\t\t\t<\/div>","protected":false},"excerpt":{"rendered":"<p>K\u00f3nya Enik\u0151 K\u00f3nya Enik\u0151 Szentendr\u00e9n \u00e9l\u0151 fest\u0151m\u0171v\u00e9sz. 1961-ben sz\u00fcletett Budapesten. Civil v\u00e9gzetts\u00e9ge jogi szakokleves m\u00e9rn\u00f6k. M\u0171v\u00e9szi tanulm\u00e1nyait egy zugl\u00f3i fest\u0151iskol\u00e1ban kezdte Varga Zs\u00f3fia fest\u0151m\u0171v\u00e9sz mellett, majd elv\u00e9gezte a Sz\u00e1malk-Szal\u00e9zi K\u00e9pz\u0151- \u00e9s Iparm\u0171v\u00e9szeti Gimn\u00e1zium fest\u0151 szak\u00e1t, ahol tan\u00e1rai Szab\u00f3 Andrea Cecilia, Kov\u00e1ts Nikoletta \u00e9s Kov\u00e1cs J\u00e1nos Zolt\u00e1n fest\u0151m\u0171v\u00e9szek voltak. Alkot\u00e1sait l\u00e1tva egy rendk\u00edv\u00fcli m\u00f3don k\u00eds\u00e9rletez\u0151 kedv\u0171 [&hellip;]<\/p>","protected":false},"author":7,"featured_media":0,"parent":0,"menu_order":0,"comment_status":"closed","ping_status":"closed","template":"","meta":{"footnotes":""},"class_list":["post-12334","page","type-page","status-publish","hentry","entry"],"_links":{"self":[{"href":"https:\/\/ottevenyikastely.hu\/it\/wp-json\/wp\/v2\/pages\/12334","targetHints":{"allow":["GET"]}}],"collection":[{"href":"https:\/\/ottevenyikastely.hu\/it\/wp-json\/wp\/v2\/pages"}],"about":[{"href":"https:\/\/ottevenyikastely.hu\/it\/wp-json\/wp\/v2\/types\/page"}],"author":[{"embeddable":true,"href":"https:\/\/ottevenyikastely.hu\/it\/wp-json\/wp\/v2\/users\/7"}],"replies":[{"embeddable":true,"href":"https:\/\/ottevenyikastely.hu\/it\/wp-json\/wp\/v2\/comments?post=12334"}],"version-history":[{"count":19,"href":"https:\/\/ottevenyikastely.hu\/it\/wp-json\/wp\/v2\/pages\/12334\/revisions"}],"predecessor-version":[{"id":13491,"href":"https:\/\/ottevenyikastely.hu\/it\/wp-json\/wp\/v2\/pages\/12334\/revisions\/13491"}],"wp:attachment":[{"href":"https:\/\/ottevenyikastely.hu\/it\/wp-json\/wp\/v2\/media?parent=12334"}],"curies":[{"name":"wp","href":"https:\/\/api.w.org\/{rel}","templated":true}]}}