{"id":12370,"date":"2025-04-12T09:32:26","date_gmt":"2025-04-12T07:32:26","guid":{"rendered":"https:\/\/ottevenyikastely.hu\/?page_id=12370"},"modified":"2025-05-24T09:22:05","modified_gmt":"2025-05-24T07:22:05","slug":"revesz-akos","status":"publish","type":"page","link":"https:\/\/ottevenyikastely.hu\/it\/revesz-akos\/","title":{"rendered":"\u00c1kos R\u00e9v\u00e9sz"},"content":{"rendered":"<div data-elementor-type=\"wp-page\" data-elementor-id=\"12370\" class=\"elementor elementor-12370\" data-elementor-post-type=\"page\">\n\t\t\t\t<div class=\"elementor-element elementor-element-6ab41e8 e-flex e-con-boxed e-con e-parent\" data-id=\"6ab41e8\" data-element_type=\"container\" data-e-type=\"container\">\n\t\t\t\t\t<div class=\"e-con-inner\">\n\t\t\t\t<div class=\"elementor-element elementor-element-2487b68 elementor-widget elementor-widget-heading\" data-id=\"2487b68\" data-element_type=\"widget\" data-e-type=\"widget\" data-widget_type=\"heading.default\">\n\t\t\t\t<div class=\"elementor-widget-container\">\n\t\t\t\t\t<h2 class=\"elementor-heading-title elementor-size-default\">\u00c1kos R\u00e9v\u00e9sz<\/h2>\t\t\t\t<\/div>\n\t\t\t\t<\/div>\n\t\t\t\t<div class=\"elementor-element elementor-element-c8a9ffb elementor-widget elementor-widget-text-editor\" data-id=\"c8a9ffb\" data-element_type=\"widget\" data-e-type=\"widget\" data-widget_type=\"text-editor.default\">\n\t\t\t\t<div class=\"elementor-widget-container\">\n\t\t\t\t\t\t\t\t\t<p>Vicepresidente della Societ\u00e0 dei pittori ungheresi. Come pittore lavora a Budapest, ma le sue attivit\u00e0 comprendono anche il lavoro organizzativo professionale e la creazione di progetti artistici.<\/p><p>Il suo studio si trova a Budapest. \u00c8 inoltre membro di diverse altre organizzazioni professionali, la Societ\u00e0 MAM\u0170, l'Associazione Ungherese degli Artisti MAOE, l'Associazione Culturale Art9, l'Associazione Culturale Muravid\u00e9k. Partecipa regolarmente a festival d'arte e a numerose mostre collettive in Ungheria e all'estero, ad esempio \u00e8 stato invitato a esporre alla sezione Living Hungarian Painting Middle Generation in occasione della Giornata della Pittura Ungherese e all'evento \"Irreplaceable Object\" del 3\u00b0 Salone Nazionale di Belle Arti M\u0170CSARNOK. I processi energetici e la risonanza della natura sono la principale fonte di ispirazione della sua arte. I suoi dipinti sono opere non figurative ed espressive. Il suo approccio alla pittura \u00e8 filosofico, non puramente impulsivo, cos\u00ec che il movimento del tempo e lo scorrere del tempo appaiono nello pseudo-spazio in presenza di elementi gestuali e calligrafici.<\/p>\t\t\t\t\t\t\t\t<\/div>\n\t\t\t\t<\/div>\n\t\t\t\t\t<\/div>\n\t\t\t\t<\/div>\n\t\t<div class=\"elementor-element elementor-element-6e977af e-flex e-con-boxed e-con e-parent\" data-id=\"6e977af\" data-element_type=\"container\" data-e-type=\"container\">\n\t\t\t\t\t<div class=\"e-con-inner\">\n\t\t\t\t<div class=\"elementor-element elementor-element-2fbfd68 elementor-widget elementor-widget-video\" data-id=\"2fbfd68\" data-element_type=\"widget\" data-e-type=\"widget\" data-settings=\"{&quot;youtube_url&quot;:&quot;https:\\\/\\\/www.youtube.com\\\/embed\\\/n7u7RURyPCY?si=orvdxBQLRbKCDWSk&quot;,&quot;video_type&quot;:&quot;youtube&quot;,&quot;controls&quot;:&quot;yes&quot;}\" data-widget_type=\"video.default\">\n\t\t\t\t<div class=\"elementor-widget-container\">\n\t\t\t\t\t\t\t<div class=\"elementor-wrapper elementor-open-inline\">\n\t\t\t<div class=\"elementor-video\"><\/div>\t\t<\/div>\n\t\t\t\t\t\t<\/div>\n\t\t\t\t<\/div>\n\t\t\t\t\t<\/div>\n\t\t\t\t<\/div>\n\t\t<div class=\"elementor-element elementor-element-bf6cc0f e-grid e-con-boxed e-con e-parent\" data-id=\"bf6cc0f\" data-element_type=\"container\" data-e-type=\"container\">\n\t\t\t\t\t<div class=\"e-con-inner\">\n\t\t\t\t<div class=\"elementor-element elementor-element-53410f6 elementor-widget elementor-widget-image\" data-id=\"53410f6\" data-element_type=\"widget\" data-e-type=\"widget\" data-widget_type=\"image.default\">\n\t\t\t\t<div class=\"elementor-widget-container\">\n\t\t\t\t\t\t\t\t\t\t\t\t\t\t\t<img fetchpriority=\"high\" decoding=\"async\" width=\"768\" height=\"1024\" src=\"https:\/\/ottevenyikastely.hu\/wp-content\/uploads\/2025\/04\/IMG_3140-768x1024.jpeg\" class=\"attachment-large size-large wp-image-12598\" alt=\"\" srcset=\"https:\/\/ottevenyikastely.hu\/wp-content\/uploads\/2025\/04\/IMG_3140-768x1024.jpeg 768w, https:\/\/ottevenyikastely.hu\/wp-content\/uploads\/2025\/04\/IMG_3140-225x300.jpeg 225w, https:\/\/ottevenyikastely.hu\/wp-content\/uploads\/2025\/04\/IMG_3140-1152x1536.jpeg 1152w, https:\/\/ottevenyikastely.hu\/wp-content\/uploads\/2025\/04\/IMG_3140-1536x2048.jpeg 1536w, https:\/\/ottevenyikastely.hu\/wp-content\/uploads\/2025\/04\/IMG_3140-9x12.jpeg 9w, https:\/\/ottevenyikastely.hu\/wp-content\/uploads\/2025\/04\/IMG_3140-scaled.jpeg 1920w\" sizes=\"(max-width: 768px) 100vw, 768px\" title=\"\">\t\t\t\t\t\t\t\t\t\t\t\t\t\t\t<\/div>\n\t\t\t\t<\/div>\n\t\t\t\t<div class=\"elementor-element elementor-element-c785f92 elementor-widget elementor-widget-image\" data-id=\"c785f92\" data-element_type=\"widget\" data-e-type=\"widget\" data-widget_type=\"image.default\">\n\t\t\t\t<div class=\"elementor-widget-container\">\n\t\t\t\t\t\t\t\t\t\t\t\t\t\t\t<img decoding=\"async\" width=\"768\" height=\"1024\" src=\"https:\/\/ottevenyikastely.hu\/wp-content\/uploads\/2025\/04\/IMG_3404-1-768x1024.jpeg\" class=\"attachment-large size-large wp-image-12932\" alt=\"\" srcset=\"https:\/\/ottevenyikastely.hu\/wp-content\/uploads\/2025\/04\/IMG_3404-1-768x1024.jpeg 768w, https:\/\/ottevenyikastely.hu\/wp-content\/uploads\/2025\/04\/IMG_3404-1-225x300.jpeg 225w, https:\/\/ottevenyikastely.hu\/wp-content\/uploads\/2025\/04\/IMG_3404-1-1152x1536.jpeg 1152w, https:\/\/ottevenyikastely.hu\/wp-content\/uploads\/2025\/04\/IMG_3404-1-1536x2048.jpeg 1536w, https:\/\/ottevenyikastely.hu\/wp-content\/uploads\/2025\/04\/IMG_3404-1-9x12.jpeg 9w, https:\/\/ottevenyikastely.hu\/wp-content\/uploads\/2025\/04\/IMG_3404-1-scaled.jpeg 1920w\" sizes=\"(max-width: 768px) 100vw, 768px\" title=\"\">\t\t\t\t\t\t\t\t\t\t\t\t\t\t\t<\/div>\n\t\t\t\t<\/div>\n\t\t\t\t\t<\/div>\n\t\t\t\t<\/div>\n\t\t<div class=\"elementor-element elementor-element-b9a07d0 e-flex e-con-boxed e-con e-parent\" data-id=\"b9a07d0\" data-element_type=\"container\" data-e-type=\"container\">\n\t\t\t\t\t<div class=\"e-con-inner\">\n\t\t\t\t<div class=\"elementor-element elementor-element-86721dd elementor-widget elementor-widget-spacer\" data-id=\"86721dd\" data-element_type=\"widget\" data-e-type=\"widget\" data-widget_type=\"spacer.default\">\n\t\t\t\t<div class=\"elementor-widget-container\">\n\t\t\t\t\t\t\t<div class=\"elementor-spacer\">\n\t\t\t<div class=\"elementor-spacer-inner\"><\/div>\n\t\t<\/div>\n\t\t\t\t\t\t<\/div>\n\t\t\t\t<\/div>\n\t\t\t\t\t<\/div>\n\t\t\t\t<\/div>\n\t\t<div class=\"elementor-element elementor-element-4360416 e-flex e-con-boxed e-con e-parent\" data-id=\"4360416\" data-element_type=\"container\" data-e-type=\"container\">\n\t\t\t\t\t<div class=\"e-con-inner\">\n\t\t\t\t<div class=\"elementor-element elementor-element-4a568a7 elementor-widget elementor-widget-text-editor\" data-id=\"4a568a7\" data-element_type=\"widget\" data-e-type=\"widget\" data-widget_type=\"text-editor.default\">\n\t\t\t\t<div class=\"elementor-widget-container\">\n\t\t\t\t\t\t\t\t\t<p>Per fare un'offerta sulle opere d'arte realizzate qui, cliccare sull'immagine o visitare il sito web <span style=\"text-decoration: underline;\"><strong><a href=\"https:\/\/foldvaryaukcio.hu\" target=\"_blank\" rel=\"noopener\">foldvaryaukcio.hu<\/a><\/strong><\/span> se siete interessati a maggiori dettagli!<\/p>\t\t\t\t\t\t\t\t<\/div>\n\t\t\t\t<\/div>\n\t\t\t\t\t<\/div>\n\t\t\t\t<\/div>\n\t\t<div class=\"elementor-element elementor-element-04c8f49 e-grid e-con-boxed e-con e-parent\" data-id=\"04c8f49\" data-element_type=\"container\" data-e-type=\"container\">\n\t\t\t\t\t<div class=\"e-con-inner\">\n\t\t\t\t<div class=\"elementor-element elementor-element-9486841 elementor-widget elementor-widget-image\" data-id=\"9486841\" data-element_type=\"widget\" data-e-type=\"widget\" data-widget_type=\"image.default\">\n\t\t\t\t<div class=\"elementor-widget-container\">\n\t\t\t\t\t\t\t\t\t\t\t\t<figure class=\"wp-caption\">\n\t\t\t\t\t\t\t\t\t\t\t<a href=\"https:\/\/foldvaryaukcio.hu\/items\/216\" target=\"_blank\" rel=\"noopener\">\n\t\t\t\t\t\t\t<img decoding=\"async\" width=\"295\" height=\"300\" src=\"https:\/\/ottevenyikastely.hu\/wp-content\/uploads\/2025\/04\/Revesz-Akos-216-295x300.jpeg\" class=\"attachment-medium size-medium wp-image-12930\" alt=\"\" srcset=\"https:\/\/ottevenyikastely.hu\/wp-content\/uploads\/2025\/04\/Revesz-Akos-216-295x300.jpeg 295w, https:\/\/ottevenyikastely.hu\/wp-content\/uploads\/2025\/04\/Revesz-Akos-216-1006x1024.jpeg 1006w, https:\/\/ottevenyikastely.hu\/wp-content\/uploads\/2025\/04\/Revesz-Akos-216-768x782.jpeg 768w, https:\/\/ottevenyikastely.hu\/wp-content\/uploads\/2025\/04\/Revesz-Akos-216-1509x1536.jpeg 1509w, https:\/\/ottevenyikastely.hu\/wp-content\/uploads\/2025\/04\/Revesz-Akos-216-2011x2048.jpeg 2011w, https:\/\/ottevenyikastely.hu\/wp-content\/uploads\/2025\/04\/Revesz-Akos-216-12x12.jpeg 12w\" sizes=\"(max-width: 295px) 100vw, 295px\" title=\"\">\t\t\t\t\t\t\t\t<\/a>\n\t\t\t\t\t\t\t\t\t\t\t<figcaption class=\"widget-image-caption wp-caption-text\">clicca qui<\/figcaption>\n\t\t\t\t\t\t\t\t\t\t<\/figure>\n\t\t\t\t\t\t\t\t\t<\/div>\n\t\t\t\t<\/div>\n\t\t\t\t<div class=\"elementor-element elementor-element-200d746 elementor-widget elementor-widget-image\" data-id=\"200d746\" data-element_type=\"widget\" data-e-type=\"widget\" data-widget_type=\"image.default\">\n\t\t\t\t<div class=\"elementor-widget-container\">\n\t\t\t\t\t\t\t\t\t\t\t\t<figure class=\"wp-caption\">\n\t\t\t\t\t\t\t\t\t\t\t<a href=\"https:\/\/foldvaryaukcio.hu\/items\/213\" target=\"_blank\" rel=\"noopener\">\n\t\t\t\t\t\t\t<img loading=\"lazy\" decoding=\"async\" width=\"215\" height=\"300\" src=\"https:\/\/ottevenyikastely.hu\/wp-content\/uploads\/2025\/04\/Revesz-Akos-213-215x300.jpeg\" class=\"attachment-medium size-medium wp-image-12927\" alt=\"\" srcset=\"https:\/\/ottevenyikastely.hu\/wp-content\/uploads\/2025\/04\/Revesz-Akos-213-215x300.jpeg 215w, https:\/\/ottevenyikastely.hu\/wp-content\/uploads\/2025\/04\/Revesz-Akos-213-732x1024.jpeg 732w, https:\/\/ottevenyikastely.hu\/wp-content\/uploads\/2025\/04\/Revesz-Akos-213-768x1074.jpeg 768w, https:\/\/ottevenyikastely.hu\/wp-content\/uploads\/2025\/04\/Revesz-Akos-213-1098x1536.jpeg 1098w, https:\/\/ottevenyikastely.hu\/wp-content\/uploads\/2025\/04\/Revesz-Akos-213-1465x2048.jpeg 1465w, https:\/\/ottevenyikastely.hu\/wp-content\/uploads\/2025\/04\/Revesz-Akos-213-9x12.jpeg 9w, https:\/\/ottevenyikastely.hu\/wp-content\/uploads\/2025\/04\/Revesz-Akos-213-scaled.jpeg 1831w\" sizes=\"(max-width: 215px) 100vw, 215px\" title=\"\">\t\t\t\t\t\t\t\t<\/a>\n\t\t\t\t\t\t\t\t\t\t\t<figcaption class=\"widget-image-caption wp-caption-text\">clicca qui<\/figcaption>\n\t\t\t\t\t\t\t\t\t\t<\/figure>\n\t\t\t\t\t\t\t\t\t<\/div>\n\t\t\t\t<\/div>\n\t\t\t\t<div class=\"elementor-element elementor-element-5fec4b7 elementor-widget elementor-widget-image\" data-id=\"5fec4b7\" data-element_type=\"widget\" data-e-type=\"widget\" data-widget_type=\"image.default\">\n\t\t\t\t<div class=\"elementor-widget-container\">\n\t\t\t\t\t\t\t\t\t\t\t\t<figure class=\"wp-caption\">\n\t\t\t\t\t\t\t\t\t\t\t<a href=\"https:\/\/foldvaryaukcio.hu\/items\/215\" target=\"_blank\" rel=\"noopener\">\n\t\t\t\t\t\t\t<img loading=\"lazy\" decoding=\"async\" width=\"300\" height=\"212\" src=\"https:\/\/ottevenyikastely.hu\/wp-content\/uploads\/2025\/05\/IMG_5433-300x212.jpeg\" class=\"attachment-medium size-medium wp-image-13492\" alt=\"\" srcset=\"https:\/\/ottevenyikastely.hu\/wp-content\/uploads\/2025\/05\/IMG_5433-300x212.jpeg 300w, https:\/\/ottevenyikastely.hu\/wp-content\/uploads\/2025\/05\/IMG_5433-1024x725.jpeg 1024w, https:\/\/ottevenyikastely.hu\/wp-content\/uploads\/2025\/05\/IMG_5433-768x544.jpeg 768w, https:\/\/ottevenyikastely.hu\/wp-content\/uploads\/2025\/05\/IMG_5433-1536x1088.jpeg 1536w, https:\/\/ottevenyikastely.hu\/wp-content\/uploads\/2025\/05\/IMG_5433-2048x1450.jpeg 2048w, https:\/\/ottevenyikastely.hu\/wp-content\/uploads\/2025\/05\/IMG_5433-18x12.jpeg 18w\" sizes=\"(max-width: 300px) 100vw, 300px\" title=\"\">\t\t\t\t\t\t\t\t<\/a>\n\t\t\t\t\t\t\t\t\t\t\t<figcaption class=\"widget-image-caption wp-caption-text\">clicca qui<\/figcaption>\n\t\t\t\t\t\t\t\t\t\t<\/figure>\n\t\t\t\t\t\t\t\t\t<\/div>\n\t\t\t\t<\/div>\n\t\t\t\t<div class=\"elementor-element elementor-element-c1fc233 elementor-widget elementor-widget-image\" data-id=\"c1fc233\" data-element_type=\"widget\" data-e-type=\"widget\" data-widget_type=\"image.default\">\n\t\t\t\t<div class=\"elementor-widget-container\">\n\t\t\t\t\t\t\t\t\t\t\t\t<figure class=\"wp-caption\">\n\t\t\t\t\t\t\t\t\t\t\t<a href=\"https:\/\/foldvaryaukcio.hu\/items\/214\" target=\"_blank\" rel=\"noopener\">\n\t\t\t\t\t\t\t<img loading=\"lazy\" decoding=\"async\" width=\"300\" height=\"214\" src=\"https:\/\/ottevenyikastely.hu\/wp-content\/uploads\/2025\/05\/Unknown-1-300x214.jpeg\" class=\"attachment-medium size-medium wp-image-13493\" alt=\"\" srcset=\"https:\/\/ottevenyikastely.hu\/wp-content\/uploads\/2025\/05\/Unknown-1-300x214.jpeg 300w, https:\/\/ottevenyikastely.hu\/wp-content\/uploads\/2025\/05\/Unknown-1-1024x732.jpeg 1024w, https:\/\/ottevenyikastely.hu\/wp-content\/uploads\/2025\/05\/Unknown-1-768x549.jpeg 768w, https:\/\/ottevenyikastely.hu\/wp-content\/uploads\/2025\/05\/Unknown-1-1536x1098.jpeg 1536w, https:\/\/ottevenyikastely.hu\/wp-content\/uploads\/2025\/05\/Unknown-1-2048x1464.jpeg 2048w, https:\/\/ottevenyikastely.hu\/wp-content\/uploads\/2025\/05\/Unknown-1-18x12.jpeg 18w\" sizes=\"(max-width: 300px) 100vw, 300px\" title=\"\">\t\t\t\t\t\t\t\t<\/a>\n\t\t\t\t\t\t\t\t\t\t\t<figcaption class=\"widget-image-caption wp-caption-text\">clicca qui<\/figcaption>\n\t\t\t\t\t\t\t\t\t\t<\/figure>\n\t\t\t\t\t\t\t\t\t<\/div>\n\t\t\t\t<\/div>\n\t\t\t\t\t<\/div>\n\t\t\t\t<\/div>\n\t\t<div class=\"elementor-element elementor-element-d541086 e-flex e-con-boxed e-con e-parent\" data-id=\"d541086\" data-element_type=\"container\" data-e-type=\"container\">\n\t\t\t\t\t<div class=\"e-con-inner\">\n\t\t\t\t<div class=\"elementor-element elementor-element-b9567fe elementor-align-right elementor-widget elementor-widget-button\" data-id=\"b9567fe\" data-element_type=\"widget\" data-e-type=\"widget\" data-widget_type=\"button.default\">\n\t\t\t\t<div class=\"elementor-widget-container\">\n\t\t\t\t\t\t\t\t\t<div class=\"elementor-button-wrapper\">\n\t\t\t\t\t<a class=\"elementor-button elementor-button-link elementor-size-sm\" href=\"https:\/\/webgaleria.hu\/ReveszAkos\" id=\"https:\/\/webgaleria.hu\/ReveszAkos\" target=\"_blank\" rel=\"noopener\">\n\t\t\t\t\t\t<span class=\"elementor-button-content-wrapper\">\n\t\t\t\t\t\t\t\t\t<span class=\"elementor-button-text\">Pagina web dell'artista<\/span>\n\t\t\t\t\t<\/span>\n\t\t\t\t\t<\/a>\n\t\t\t\t<\/div>\n\t\t\t\t\t\t\t\t<\/div>\n\t\t\t\t<\/div>\n\t\t\t\t\t<\/div>\n\t\t\t\t<\/div>\n\t\t<div class=\"elementor-element elementor-element-52ca244 e-flex e-con-boxed e-con e-parent\" data-id=\"52ca244\" data-element_type=\"container\" data-e-type=\"container\">\n\t\t\t\t\t<div class=\"e-con-inner\">\n\t\t\t\t<div class=\"elementor-element elementor-element-46f299c elementor-widget elementor-widget-video\" data-id=\"46f299c\" data-element_type=\"widget\" data-e-type=\"widget\" data-settings=\"{&quot;youtube_url&quot;:&quot;https:\\\/\\\/youtu.be\\\/n7u7RURyPCY&quot;,&quot;start&quot;:0,&quot;video_type&quot;:&quot;youtube&quot;,&quot;controls&quot;:&quot;yes&quot;}\" data-widget_type=\"video.default\">\n\t\t\t\t<div class=\"elementor-widget-container\">\n\t\t\t\t\t\t\t<div class=\"elementor-wrapper elementor-open-inline\">\n\t\t\t<div class=\"elementor-video\"><\/div>\t\t<\/div>\n\t\t\t\t\t\t<\/div>\n\t\t\t\t<\/div>\n\t\t\t\t\t<\/div>\n\t\t\t\t<\/div>\n\t\t\t\t<\/div>","protected":false},"excerpt":{"rendered":"<p>R\u00e9v\u00e9sz \u00c1kos A Magyar Fest\u0151k T\u00e1rsas\u00e1ga aleln\u00f6ke. Fest\u0151m\u0171v\u00e9szk\u00e9nt \u00a0Budapesten alkot, de szakmai szervezeti munk\u00e1ra, m\u0171v\u00e9szeti projektek l\u00e9trehoz\u00e1s\u00e1ra \u00a0is kiterjed tev\u00e9kenys\u00e9ge. M\u0171terme Budapesten tal\u00e1lhat\u00f3. Sz\u00e1mos egy\u00e9b szakmai szervezetnek is tagja, MAM\u0170 T\u00e1rsas\u00e1g, MAOE Magyar Alkot\u00f3m\u0171v\u00e9szek Orsz\u00e1gos Egyes\u00fclete, Art9 Kultur\u00e1lis Egyes\u00fclet, Muravid\u00e9k Kultur\u00e1lis Egyes\u00fclet. Rendszeres r\u00e9sztvev\u0151je m\u0171v\u00e9sztelepeknek, \u00a0sz\u00e1mos csoportos ki\u00e1ll\u00edt\u00e1son vesz r\u00e9szt bel \u00e9s k\u00fclf\u00f6ld\u00f6n is, pl [&hellip;]<\/p>","protected":false},"author":7,"featured_media":0,"parent":0,"menu_order":0,"comment_status":"closed","ping_status":"closed","template":"","meta":{"footnotes":""},"class_list":["post-12370","page","type-page","status-publish","hentry","entry"],"_links":{"self":[{"href":"https:\/\/ottevenyikastely.hu\/it\/wp-json\/wp\/v2\/pages\/12370","targetHints":{"allow":["GET"]}}],"collection":[{"href":"https:\/\/ottevenyikastely.hu\/it\/wp-json\/wp\/v2\/pages"}],"about":[{"href":"https:\/\/ottevenyikastely.hu\/it\/wp-json\/wp\/v2\/types\/page"}],"author":[{"embeddable":true,"href":"https:\/\/ottevenyikastely.hu\/it\/wp-json\/wp\/v2\/users\/7"}],"replies":[{"embeddable":true,"href":"https:\/\/ottevenyikastely.hu\/it\/wp-json\/wp\/v2\/comments?post=12370"}],"version-history":[{"count":25,"href":"https:\/\/ottevenyikastely.hu\/it\/wp-json\/wp\/v2\/pages\/12370\/revisions"}],"predecessor-version":[{"id":13496,"href":"https:\/\/ottevenyikastely.hu\/it\/wp-json\/wp\/v2\/pages\/12370\/revisions\/13496"}],"wp:attachment":[{"href":"https:\/\/ottevenyikastely.hu\/it\/wp-json\/wp\/v2\/media?parent=12370"}],"curies":[{"name":"wp","href":"https:\/\/api.w.org\/{rel}","templated":true}]}}