{"id":12390,"date":"2025-04-12T09:39:48","date_gmt":"2025-04-12T07:39:48","guid":{"rendered":"https:\/\/ottevenyikastely.hu\/?page_id=12390"},"modified":"2025-05-18T11:59:00","modified_gmt":"2025-05-18T09:59:00","slug":"szoke-peter-jakab","status":"publish","type":"page","link":"https:\/\/ottevenyikastely.hu\/it\/szoke-peter-jakab\/","title":{"rendered":"Peter James di Blonde"},"content":{"rendered":"<div data-elementor-type=\"wp-page\" data-elementor-id=\"12390\" class=\"elementor elementor-12390\" data-elementor-post-type=\"page\">\n\t\t\t\t<div class=\"elementor-element elementor-element-1761330 e-flex e-con-boxed e-con e-parent\" data-id=\"1761330\" data-element_type=\"container\" data-e-type=\"container\">\n\t\t\t\t\t<div class=\"e-con-inner\">\n\t\t\t\t<div class=\"elementor-element elementor-element-df57407 elementor-widget elementor-widget-heading\" data-id=\"df57407\" data-element_type=\"widget\" data-e-type=\"widget\" data-widget_type=\"heading.default\">\n\t\t\t\t<div class=\"elementor-widget-container\">\n\t\t\t\t\t<h2 class=\"elementor-heading-title elementor-size-default\">Peter James di Blonde<\/h2>\t\t\t\t<\/div>\n\t\t\t\t<\/div>\n\t\t\t\t\t<\/div>\n\t\t\t\t<\/div>\n\t\t<div class=\"elementor-element elementor-element-baf7bf5 e-flex e-con-boxed e-con e-parent\" data-id=\"baf7bf5\" data-element_type=\"container\" data-e-type=\"container\">\n\t\t\t\t\t<div class=\"e-con-inner\">\n\t\t\t\t<div class=\"elementor-element elementor-element-487d43e elementor-widget elementor-widget-image\" data-id=\"487d43e\" data-element_type=\"widget\" data-e-type=\"widget\" data-widget_type=\"image.default\">\n\t\t\t\t<div class=\"elementor-widget-container\">\n\t\t\t\t\t\t\t\t\t\t\t\t\t\t\t<img fetchpriority=\"high\" decoding=\"async\" width=\"768\" height=\"768\" src=\"https:\/\/ottevenyikastely.hu\/wp-content\/uploads\/2025\/02\/szoke-jakab-peter-painter-768x768.jpg\" class=\"attachment-medium_large size-medium_large wp-image-11932\" alt=\"\" srcset=\"https:\/\/ottevenyikastely.hu\/wp-content\/uploads\/2025\/02\/szoke-jakab-peter-painter-768x768.jpg 768w, https:\/\/ottevenyikastely.hu\/wp-content\/uploads\/2025\/02\/szoke-jakab-peter-painter-300x300.jpg 300w, https:\/\/ottevenyikastely.hu\/wp-content\/uploads\/2025\/02\/szoke-jakab-peter-painter-150x150.jpg 150w, https:\/\/ottevenyikastely.hu\/wp-content\/uploads\/2025\/02\/szoke-jakab-peter-painter-12x12.jpg 12w, https:\/\/ottevenyikastely.hu\/wp-content\/uploads\/2025\/02\/szoke-jakab-peter-painter-600x600.jpg 600w, https:\/\/ottevenyikastely.hu\/wp-content\/uploads\/2025\/02\/szoke-jakab-peter-painter.jpg 1024w\" sizes=\"(max-width: 768px) 100vw, 768px\" title=\"\">\t\t\t\t\t\t\t\t\t\t\t\t\t\t\t<\/div>\n\t\t\t\t<\/div>\n\t\t\t\t<div class=\"elementor-element elementor-element-b121ad7 elementor-widget elementor-widget-text-editor\" data-id=\"b121ad7\" data-element_type=\"widget\" data-e-type=\"widget\" data-widget_type=\"text-editor.default\">\n\t\t\t\t<div class=\"elementor-widget-container\">\n\t\t\t\t\t\t\t\t\t<p>Artista di Budapest. Nato nel 1972 a Salg\u00f3tarj\u00e1n, in Ungheria.<br data-start=\"90\" data-end=\"93\" \/>Sua madre era una fotografa professionista e il suo lavoro e lo stile di vita nel suo studio hanno influenzato profondamente la vita di Peter.<br data-start=\"221\" data-end=\"224\" \/>Nel 1995 si \u00e8 laureato in architettura presso il Mikl\u00f3s Ybl College of Architecture di Budapest.<br data-start=\"307\" data-end=\"310\" \/>Tra il 1996 e il 2006 ha lavorato nel settore delle costruzioni.<br data-start=\"356\" data-end=\"359\" \/>Dal 2006 si \u00e8 concentrato esclusivamente sull'arte, sotto la tutela di Andr\u00e1s Berkes.<br data-start=\"433\" data-end=\"436\" \/>Il suo processo creativo \u00e8 innescato dalla motivazione personale di esprimere emozioni attraverso le immagini.<br data-start=\"552\" data-end=\"555\" \/>Gli elementi principali della composizione sono i colori.<br data-start=\"601\" data-end=\"604\" \/>Inizialmente, Peter costruisce i suoi dipinti a partire da punti colorati, che poi diventano storie figurative.<\/p>\t\t\t\t\t\t\t\t<\/div>\n\t\t\t\t<\/div>\n\t\t\t\t\t<\/div>\n\t\t\t\t<\/div>\n\t\t<div class=\"elementor-element elementor-element-4396d62 e-flex e-con-boxed e-con e-parent\" data-id=\"4396d62\" data-element_type=\"container\" data-e-type=\"container\">\n\t\t\t\t\t<div class=\"e-con-inner\">\n\t\t\t\t<div class=\"elementor-element elementor-element-62e04ba elementor-widget elementor-widget-video\" data-id=\"62e04ba\" data-element_type=\"widget\" data-e-type=\"widget\" data-settings=\"{&quot;youtube_url&quot;:&quot;https:\\\/\\\/www.youtube.com\\\/embed\\\/jDUfAj4LFRo?si=meC8TQfPtLonAT3i&quot;,&quot;video_type&quot;:&quot;youtube&quot;,&quot;controls&quot;:&quot;yes&quot;}\" data-widget_type=\"video.default\">\n\t\t\t\t<div class=\"elementor-widget-container\">\n\t\t\t\t\t\t\t<div class=\"elementor-wrapper elementor-open-inline\">\n\t\t\t<div class=\"elementor-video\"><\/div>\t\t<\/div>\n\t\t\t\t\t\t<\/div>\n\t\t\t\t<\/div>\n\t\t\t\t\t<\/div>\n\t\t\t\t<\/div>\n\t\t<div class=\"elementor-element elementor-element-5815f06 e-grid e-con-boxed e-con e-parent\" data-id=\"5815f06\" data-element_type=\"container\" data-e-type=\"container\">\n\t\t\t\t\t<div class=\"e-con-inner\">\n\t\t\t\t<div class=\"elementor-element elementor-element-83ba315 elementor-widget elementor-widget-image\" data-id=\"83ba315\" data-element_type=\"widget\" data-e-type=\"widget\" data-widget_type=\"image.default\">\n\t\t\t\t<div class=\"elementor-widget-container\">\n\t\t\t\t\t\t\t\t\t\t\t\t\t\t\t<img decoding=\"async\" width=\"768\" height=\"1024\" src=\"https:\/\/ottevenyikastely.hu\/wp-content\/uploads\/2025\/04\/IMG_3043-768x1024.jpeg\" class=\"attachment-large size-large wp-image-12603\" alt=\"\" srcset=\"https:\/\/ottevenyikastely.hu\/wp-content\/uploads\/2025\/04\/IMG_3043-768x1024.jpeg 768w, https:\/\/ottevenyikastely.hu\/wp-content\/uploads\/2025\/04\/IMG_3043-225x300.jpeg 225w, https:\/\/ottevenyikastely.hu\/wp-content\/uploads\/2025\/04\/IMG_3043-1152x1536.jpeg 1152w, https:\/\/ottevenyikastely.hu\/wp-content\/uploads\/2025\/04\/IMG_3043-1536x2048.jpeg 1536w, https:\/\/ottevenyikastely.hu\/wp-content\/uploads\/2025\/04\/IMG_3043-9x12.jpeg 9w, https:\/\/ottevenyikastely.hu\/wp-content\/uploads\/2025\/04\/IMG_3043-scaled.jpeg 1920w\" sizes=\"(max-width: 768px) 100vw, 768px\" title=\"\">\t\t\t\t\t\t\t\t\t\t\t\t\t\t\t<\/div>\n\t\t\t\t<\/div>\n\t\t\t\t<div class=\"elementor-element elementor-element-13e0197 elementor-widget elementor-widget-image\" data-id=\"13e0197\" data-element_type=\"widget\" data-e-type=\"widget\" data-widget_type=\"image.default\">\n\t\t\t\t<div class=\"elementor-widget-container\">\n\t\t\t\t\t\t\t\t\t\t\t\t\t\t\t<img decoding=\"async\" width=\"768\" height=\"1024\" src=\"https:\/\/ottevenyikastely.hu\/wp-content\/uploads\/2025\/04\/IMG_3039-768x1024.jpeg\" class=\"attachment-large size-large wp-image-12604\" alt=\"\" srcset=\"https:\/\/ottevenyikastely.hu\/wp-content\/uploads\/2025\/04\/IMG_3039-768x1024.jpeg 768w, https:\/\/ottevenyikastely.hu\/wp-content\/uploads\/2025\/04\/IMG_3039-225x300.jpeg 225w, https:\/\/ottevenyikastely.hu\/wp-content\/uploads\/2025\/04\/IMG_3039-1152x1536.jpeg 1152w, https:\/\/ottevenyikastely.hu\/wp-content\/uploads\/2025\/04\/IMG_3039-1536x2048.jpeg 1536w, https:\/\/ottevenyikastely.hu\/wp-content\/uploads\/2025\/04\/IMG_3039-9x12.jpeg 9w, https:\/\/ottevenyikastely.hu\/wp-content\/uploads\/2025\/04\/IMG_3039-scaled.jpeg 1920w\" sizes=\"(max-width: 768px) 100vw, 768px\" title=\"\">\t\t\t\t\t\t\t\t\t\t\t\t\t\t\t<\/div>\n\t\t\t\t<\/div>\n\t\t\t\t<div class=\"elementor-element elementor-element-456420f elementor-widget elementor-widget-image\" data-id=\"456420f\" data-element_type=\"widget\" data-e-type=\"widget\" data-widget_type=\"image.default\">\n\t\t\t\t<div class=\"elementor-widget-container\">\n\t\t\t\t\t\t\t\t\t\t\t\t\t\t\t<img loading=\"lazy\" decoding=\"async\" width=\"768\" height=\"1024\" src=\"https:\/\/ottevenyikastely.hu\/wp-content\/uploads\/2025\/04\/IMG_3040-768x1024.jpeg\" class=\"attachment-large size-large wp-image-12605\" alt=\"\" srcset=\"https:\/\/ottevenyikastely.hu\/wp-content\/uploads\/2025\/04\/IMG_3040-768x1024.jpeg 768w, https:\/\/ottevenyikastely.hu\/wp-content\/uploads\/2025\/04\/IMG_3040-225x300.jpeg 225w, https:\/\/ottevenyikastely.hu\/wp-content\/uploads\/2025\/04\/IMG_3040-1152x1536.jpeg 1152w, https:\/\/ottevenyikastely.hu\/wp-content\/uploads\/2025\/04\/IMG_3040-1536x2048.jpeg 1536w, https:\/\/ottevenyikastely.hu\/wp-content\/uploads\/2025\/04\/IMG_3040-9x12.jpeg 9w, https:\/\/ottevenyikastely.hu\/wp-content\/uploads\/2025\/04\/IMG_3040-scaled.jpeg 1920w\" sizes=\"(max-width: 768px) 100vw, 768px\" title=\"\">\t\t\t\t\t\t\t\t\t\t\t\t\t\t\t<\/div>\n\t\t\t\t<\/div>\n\t\t\t\t\t<\/div>\n\t\t\t\t<\/div>\n\t\t<div class=\"elementor-element elementor-element-e63f9ed e-flex e-con-boxed e-con e-parent\" data-id=\"e63f9ed\" data-element_type=\"container\" data-e-type=\"container\">\n\t\t\t\t\t<div class=\"e-con-inner\">\n\t\t\t\t<div class=\"elementor-element elementor-element-f4528b0 elementor-widget elementor-widget-spacer\" data-id=\"f4528b0\" data-element_type=\"widget\" data-e-type=\"widget\" data-widget_type=\"spacer.default\">\n\t\t\t\t<div class=\"elementor-widget-container\">\n\t\t\t\t\t\t\t<div class=\"elementor-spacer\">\n\t\t\t<div class=\"elementor-spacer-inner\"><\/div>\n\t\t<\/div>\n\t\t\t\t\t\t<\/div>\n\t\t\t\t<\/div>\n\t\t\t\t\t<\/div>\n\t\t\t\t<\/div>\n\t\t<div class=\"elementor-element elementor-element-109cc52 e-flex e-con-boxed e-con e-parent\" data-id=\"109cc52\" data-element_type=\"container\" data-e-type=\"container\">\n\t\t\t\t\t<div class=\"e-con-inner\">\n\t\t\t\t<div class=\"elementor-element elementor-element-14de827 elementor-widget elementor-widget-text-editor\" data-id=\"14de827\" data-element_type=\"widget\" data-e-type=\"widget\" data-widget_type=\"text-editor.default\">\n\t\t\t\t<div class=\"elementor-widget-container\">\n\t\t\t\t\t\t\t\t\t<p>Per fare un'offerta sulle opere d'arte realizzate qui, cliccare sull'immagine o visitare il sito web <span style=\"text-decoration: underline;\"><strong><a href=\"https:\/\/foldvaryaukcio.hu\" target=\"_blank\" rel=\"noopener\">foldvaryaukcio.hu<\/a><\/strong><\/span> se siete interessati a maggiori dettagli!<\/p>\t\t\t\t\t\t\t\t<\/div>\n\t\t\t\t<\/div>\n\t\t\t\t\t<\/div>\n\t\t\t\t<\/div>\n\t\t<div class=\"elementor-element elementor-element-8688e69 e-grid e-con-boxed e-con e-parent\" data-id=\"8688e69\" data-element_type=\"container\" data-e-type=\"container\">\n\t\t\t\t\t<div class=\"e-con-inner\">\n\t\t\t\t<div class=\"elementor-element elementor-element-1047c08 elementor-widget elementor-widget-image\" data-id=\"1047c08\" data-element_type=\"widget\" data-e-type=\"widget\" data-widget_type=\"image.default\">\n\t\t\t\t<div class=\"elementor-widget-container\">\n\t\t\t\t\t\t\t\t\t\t\t\t<figure class=\"wp-caption\">\n\t\t\t\t\t\t\t\t\t\t\t<a href=\"https:\/\/foldvaryaukcio.hu\/items\/241\" target=\"_blank\" rel=\"noopener\">\n\t\t\t\t\t\t\t<img loading=\"lazy\" decoding=\"async\" width=\"1024\" height=\"683\" src=\"https:\/\/ottevenyikastely.hu\/wp-content\/uploads\/2025\/04\/Szoke-Peter-Jakab-241-1024x683.jpeg\" class=\"attachment-large size-large wp-image-12949\" alt=\"\" srcset=\"https:\/\/ottevenyikastely.hu\/wp-content\/uploads\/2025\/04\/Szoke-Peter-Jakab-241-1024x683.jpeg 1024w, https:\/\/ottevenyikastely.hu\/wp-content\/uploads\/2025\/04\/Szoke-Peter-Jakab-241-300x200.jpeg 300w, https:\/\/ottevenyikastely.hu\/wp-content\/uploads\/2025\/04\/Szoke-Peter-Jakab-241-768x512.jpeg 768w, https:\/\/ottevenyikastely.hu\/wp-content\/uploads\/2025\/04\/Szoke-Peter-Jakab-241-1536x1025.jpeg 1536w, https:\/\/ottevenyikastely.hu\/wp-content\/uploads\/2025\/04\/Szoke-Peter-Jakab-241-2048x1366.jpeg 2048w, https:\/\/ottevenyikastely.hu\/wp-content\/uploads\/2025\/04\/Szoke-Peter-Jakab-241-18x12.jpeg 18w\" sizes=\"(max-width: 1024px) 100vw, 1024px\" title=\"\">\t\t\t\t\t\t\t\t<\/a>\n\t\t\t\t\t\t\t\t\t\t\t<figcaption class=\"widget-image-caption wp-caption-text\">clicca qui<\/figcaption>\n\t\t\t\t\t\t\t\t\t\t<\/figure>\n\t\t\t\t\t\t\t\t\t<\/div>\n\t\t\t\t<\/div>\n\t\t\t\t<div class=\"elementor-element elementor-element-8792306 elementor-widget elementor-widget-image\" data-id=\"8792306\" data-element_type=\"widget\" data-e-type=\"widget\" data-widget_type=\"image.default\">\n\t\t\t\t<div class=\"elementor-widget-container\">\n\t\t\t\t\t\t\t\t\t\t\t\t<figure class=\"wp-caption\">\n\t\t\t\t\t\t\t\t\t\t\t<a href=\"https:\/\/foldvaryaukcio.hu\/items\/240\" target=\"_blank\" rel=\"noopener\">\n\t\t\t\t\t\t\t<img loading=\"lazy\" decoding=\"async\" width=\"1005\" height=\"1024\" src=\"https:\/\/ottevenyikastely.hu\/wp-content\/uploads\/2025\/04\/Szoke-Peter-Jakab-240-1005x1024.jpeg\" class=\"attachment-large size-large wp-image-12948\" alt=\"\" srcset=\"https:\/\/ottevenyikastely.hu\/wp-content\/uploads\/2025\/04\/Szoke-Peter-Jakab-240-1005x1024.jpeg 1005w, https:\/\/ottevenyikastely.hu\/wp-content\/uploads\/2025\/04\/Szoke-Peter-Jakab-240-294x300.jpeg 294w, https:\/\/ottevenyikastely.hu\/wp-content\/uploads\/2025\/04\/Szoke-Peter-Jakab-240-768x783.jpeg 768w, https:\/\/ottevenyikastely.hu\/wp-content\/uploads\/2025\/04\/Szoke-Peter-Jakab-240-1507x1536.jpeg 1507w, https:\/\/ottevenyikastely.hu\/wp-content\/uploads\/2025\/04\/Szoke-Peter-Jakab-240-2010x2048.jpeg 2010w, https:\/\/ottevenyikastely.hu\/wp-content\/uploads\/2025\/04\/Szoke-Peter-Jakab-240-12x12.jpeg 12w\" sizes=\"(max-width: 1005px) 100vw, 1005px\" title=\"\">\t\t\t\t\t\t\t\t<\/a>\n\t\t\t\t\t\t\t\t\t\t\t<figcaption class=\"widget-image-caption wp-caption-text\">clicca qui<\/figcaption>\n\t\t\t\t\t\t\t\t\t\t<\/figure>\n\t\t\t\t\t\t\t\t\t<\/div>\n\t\t\t\t<\/div>\n\t\t\t\t\t<\/div>\n\t\t\t\t<\/div>\n\t\t<div class=\"elementor-element elementor-element-48a2950 e-flex e-con-boxed e-con e-parent\" data-id=\"48a2950\" data-element_type=\"container\" data-e-type=\"container\">\n\t\t\t\t\t<div class=\"e-con-inner\">\n\t\t\t\t<div class=\"elementor-element elementor-element-4e6b0f7 elementor-align-right elementor-widget elementor-widget-button\" data-id=\"4e6b0f7\" data-element_type=\"widget\" data-e-type=\"widget\" data-widget_type=\"button.default\">\n\t\t\t\t<div class=\"elementor-widget-container\">\n\t\t\t\t\t\t\t\t\t<div class=\"elementor-button-wrapper\">\n\t\t\t\t\t<a class=\"elementor-button elementor-button-link elementor-size-sm\" href=\"https:\/\/peterjakabszoke.com\" id=\"https:\/\/peterjakabszoke.com\" target=\"_blank\" rel=\"noopener\">\n\t\t\t\t\t\t<span class=\"elementor-button-content-wrapper\">\n\t\t\t\t\t\t\t\t\t<span class=\"elementor-button-text\">Pagina web dell'artista<\/span>\n\t\t\t\t\t<\/span>\n\t\t\t\t\t<\/a>\n\t\t\t\t<\/div>\n\t\t\t\t\t\t\t\t<\/div>\n\t\t\t\t<\/div>\n\t\t\t\t\t<\/div>\n\t\t\t\t<\/div>\n\t\t\t\t<\/div>","protected":false},"excerpt":{"rendered":"<p>Sz\u0151ke P\u00e9ter Jakab Budapesti m\u0171v\u00e9sz. 1972-ben sz\u00fcletett Salg\u00f3tarj\u00e1nban, Magyarorsz\u00e1gon.\u00c9desanyja profi f\u00e9nyk\u00e9p\u00e9sz volt, \u00e9s a munk\u00e1ss\u00e1ga, valamint a st\u00fadi\u00f3j\u00e1ban val\u00f3 \u00e9letm\u00f3dja meghat\u00e1roz\u00f3 hat\u00e1ssal volt Peter \u00e9let\u00e9re.1995-ben diplom\u00e1zott \u00e9p\u00edt\u00e9szm\u00e9rn\u00f6kk\u00e9nt a budapesti Mikl\u00f3s Ybl \u00c9p\u00edt\u00e9szeti F\u0151iskol\u00e1n.1996 \u00e9s 2006 k\u00f6z\u00f6tt az \u00e9p\u00edt\u0151iparban dolgozott.2006 \u00f3ta kiz\u00e1r\u00f3lag a m\u0171v\u00e9szetre koncentr\u00e1l, mester\u00e9nek Andr\u00e1s Berkes volt.Alkot\u00f3i folyamat\u00e1t egy szem\u00e9lyes motiv\u00e1ci\u00f3 ind\u00edtja el, melynek [&hellip;]<\/p>","protected":false},"author":7,"featured_media":0,"parent":0,"menu_order":0,"comment_status":"closed","ping_status":"closed","template":"","meta":{"footnotes":""},"class_list":["post-12390","page","type-page","status-publish","hentry","entry"],"_links":{"self":[{"href":"https:\/\/ottevenyikastely.hu\/it\/wp-json\/wp\/v2\/pages\/12390","targetHints":{"allow":["GET"]}}],"collection":[{"href":"https:\/\/ottevenyikastely.hu\/it\/wp-json\/wp\/v2\/pages"}],"about":[{"href":"https:\/\/ottevenyikastely.hu\/it\/wp-json\/wp\/v2\/types\/page"}],"author":[{"embeddable":true,"href":"https:\/\/ottevenyikastely.hu\/it\/wp-json\/wp\/v2\/users\/7"}],"replies":[{"embeddable":true,"href":"https:\/\/ottevenyikastely.hu\/it\/wp-json\/wp\/v2\/comments?post=12390"}],"version-history":[{"count":13,"href":"https:\/\/ottevenyikastely.hu\/it\/wp-json\/wp\/v2\/pages\/12390\/revisions"}],"predecessor-version":[{"id":13431,"href":"https:\/\/ottevenyikastely.hu\/it\/wp-json\/wp\/v2\/pages\/12390\/revisions\/13431"}],"wp:attachment":[{"href":"https:\/\/ottevenyikastely.hu\/it\/wp-json\/wp\/v2\/media?parent=12390"}],"curies":[{"name":"wp","href":"https:\/\/api.w.org\/{rel}","templated":true}]}}