{"id":12401,"date":"2025-04-12T09:44:21","date_gmt":"2025-04-12T07:44:21","guid":{"rendered":"https:\/\/ottevenyikastely.hu\/?page_id=12401"},"modified":"2025-05-18T12:12:54","modified_gmt":"2025-05-18T10:12:54","slug":"diana-verebelyi","status":"publish","type":"page","link":"https:\/\/ottevenyikastely.hu\/it\/diana-verebelyi\/","title":{"rendered":"Di\u00e1na Vereb\u00e9lyi"},"content":{"rendered":"<div data-elementor-type=\"wp-page\" data-elementor-id=\"12401\" class=\"elementor elementor-12401\" data-elementor-post-type=\"page\">\n\t\t\t\t<div class=\"elementor-element elementor-element-23db272 e-flex e-con-boxed e-con e-parent\" data-id=\"23db272\" data-element_type=\"container\" data-e-type=\"container\">\n\t\t\t\t\t<div class=\"e-con-inner\">\n\t\t\t\t<div class=\"elementor-element elementor-element-f13ba1b elementor-widget elementor-widget-heading\" data-id=\"f13ba1b\" data-element_type=\"widget\" data-e-type=\"widget\" data-widget_type=\"heading.default\">\n\t\t\t\t<div class=\"elementor-widget-container\">\n\t\t\t\t\t<h2 class=\"elementor-heading-title elementor-size-default\">Di\u00e1na Vereb\u00e9lyi<\/h2>\t\t\t\t<\/div>\n\t\t\t\t<\/div>\n\t\t\t\t\t<\/div>\n\t\t\t\t<\/div>\n\t\t<div class=\"elementor-element elementor-element-a216b40 e-flex e-con-boxed e-con e-parent\" data-id=\"a216b40\" data-element_type=\"container\" data-e-type=\"container\">\n\t\t\t\t\t<div class=\"e-con-inner\">\n\t\t\t\t<div class=\"elementor-element elementor-element-1e9eb9c elementor-widget elementor-widget-text-editor\" data-id=\"1e9eb9c\" data-element_type=\"widget\" data-e-type=\"widget\" data-widget_type=\"text-editor.default\">\n\t\t\t\t<div class=\"elementor-widget-container\">\n\t\t\t\t\t\t\t\t\t<p>Nato nel 1987 a Kazincbarcika. Nel 2005 ha vinto il premio principale del concorso Attila J\u00f3zsef e nel 2009 il premio Mih\u00e1ly Gubis. \u00c8 un artista costruttivista e versatile, con eccellenti qualit\u00e0 artistiche nella pittura, nella scultura e nella ceramica. Le sue opere sono visibili sul sito web di CaritART ed \u00e8 attivo sui social media.<\/p>\t\t\t\t\t\t\t\t<\/div>\n\t\t\t\t<\/div>\n\t\t\t\t\t<\/div>\n\t\t\t\t<\/div>\n\t\t<div class=\"elementor-element elementor-element-630171a e-flex e-con-boxed e-con e-parent\" data-id=\"630171a\" data-element_type=\"container\" data-e-type=\"container\">\n\t\t\t\t\t<div class=\"e-con-inner\">\n\t\t\t\t<div class=\"elementor-element elementor-element-3136f89 elementor-widget elementor-widget-video\" data-id=\"3136f89\" data-element_type=\"widget\" data-e-type=\"widget\" data-settings=\"{&quot;youtube_url&quot;:&quot;https:\\\/\\\/www.youtube.com\\\/embed\\\/nadbO2wZlQg?si=DrdrsStB9A0snGnV&quot;,&quot;video_type&quot;:&quot;youtube&quot;,&quot;controls&quot;:&quot;yes&quot;}\" data-widget_type=\"video.default\">\n\t\t\t\t<div class=\"elementor-widget-container\">\n\t\t\t\t\t\t\t<div class=\"elementor-wrapper elementor-open-inline\">\n\t\t\t<div class=\"elementor-video\"><\/div>\t\t<\/div>\n\t\t\t\t\t\t<\/div>\n\t\t\t\t<\/div>\n\t\t\t\t\t<\/div>\n\t\t\t\t<\/div>\n\t\t<div class=\"elementor-element elementor-element-8b0b685 e-grid e-con-boxed e-con e-parent\" data-id=\"8b0b685\" data-element_type=\"container\" data-e-type=\"container\">\n\t\t\t\t\t<div class=\"e-con-inner\">\n\t\t\t\t<div class=\"elementor-element elementor-element-14a25e9 elementor-widget elementor-widget-image\" data-id=\"14a25e9\" data-element_type=\"widget\" data-e-type=\"widget\" data-widget_type=\"image.default\">\n\t\t\t\t<div class=\"elementor-widget-container\">\n\t\t\t\t\t\t\t\t\t\t\t\t\t\t\t<img fetchpriority=\"high\" decoding=\"async\" width=\"1024\" height=\"768\" src=\"https:\/\/ottevenyikastely.hu\/wp-content\/uploads\/2025\/04\/IMG_3050-1024x768.jpeg\" class=\"attachment-large size-large wp-image-12578\" alt=\"\" srcset=\"https:\/\/ottevenyikastely.hu\/wp-content\/uploads\/2025\/04\/IMG_3050-1024x768.jpeg 1024w, https:\/\/ottevenyikastely.hu\/wp-content\/uploads\/2025\/04\/IMG_3050-300x225.jpeg 300w, https:\/\/ottevenyikastely.hu\/wp-content\/uploads\/2025\/04\/IMG_3050-768x576.jpeg 768w, https:\/\/ottevenyikastely.hu\/wp-content\/uploads\/2025\/04\/IMG_3050-1536x1152.jpeg 1536w, https:\/\/ottevenyikastely.hu\/wp-content\/uploads\/2025\/04\/IMG_3050-2048x1536.jpeg 2048w, https:\/\/ottevenyikastely.hu\/wp-content\/uploads\/2025\/04\/IMG_3050-16x12.jpeg 16w\" sizes=\"(max-width: 1024px) 100vw, 1024px\" title=\"\">\t\t\t\t\t\t\t\t\t\t\t\t\t\t\t<\/div>\n\t\t\t\t<\/div>\n\t\t\t\t<div class=\"elementor-element elementor-element-82c9cd7 elementor-widget elementor-widget-image\" data-id=\"82c9cd7\" data-element_type=\"widget\" data-e-type=\"widget\" data-widget_type=\"image.default\">\n\t\t\t\t<div class=\"elementor-widget-container\">\n\t\t\t\t\t\t\t\t\t\t\t\t\t\t\t<img decoding=\"async\" width=\"768\" height=\"1024\" src=\"https:\/\/ottevenyikastely.hu\/wp-content\/uploads\/2025\/04\/IMG_3450-768x1024.jpeg\" class=\"attachment-large size-large wp-image-12953\" alt=\"\" srcset=\"https:\/\/ottevenyikastely.hu\/wp-content\/uploads\/2025\/04\/IMG_3450-768x1024.jpeg 768w, https:\/\/ottevenyikastely.hu\/wp-content\/uploads\/2025\/04\/IMG_3450-225x300.jpeg 225w, https:\/\/ottevenyikastely.hu\/wp-content\/uploads\/2025\/04\/IMG_3450-1152x1536.jpeg 1152w, https:\/\/ottevenyikastely.hu\/wp-content\/uploads\/2025\/04\/IMG_3450-1536x2048.jpeg 1536w, https:\/\/ottevenyikastely.hu\/wp-content\/uploads\/2025\/04\/IMG_3450-9x12.jpeg 9w, https:\/\/ottevenyikastely.hu\/wp-content\/uploads\/2025\/04\/IMG_3450-scaled.jpeg 1920w\" sizes=\"(max-width: 768px) 100vw, 768px\" title=\"\">\t\t\t\t\t\t\t\t\t\t\t\t\t\t\t<\/div>\n\t\t\t\t<\/div>\n\t\t\t\t<div class=\"elementor-element elementor-element-e2b4a82 elementor-widget elementor-widget-image\" data-id=\"e2b4a82\" data-element_type=\"widget\" data-e-type=\"widget\" data-widget_type=\"image.default\">\n\t\t\t\t<div class=\"elementor-widget-container\">\n\t\t\t\t\t\t\t\t\t\t\t\t\t\t\t<img decoding=\"async\" width=\"1024\" height=\"768\" src=\"https:\/\/ottevenyikastely.hu\/wp-content\/uploads\/2025\/04\/IMG_3136-1024x768.jpeg\" class=\"attachment-large size-large wp-image-12579\" alt=\"\" srcset=\"https:\/\/ottevenyikastely.hu\/wp-content\/uploads\/2025\/04\/IMG_3136-1024x768.jpeg 1024w, https:\/\/ottevenyikastely.hu\/wp-content\/uploads\/2025\/04\/IMG_3136-300x225.jpeg 300w, https:\/\/ottevenyikastely.hu\/wp-content\/uploads\/2025\/04\/IMG_3136-768x576.jpeg 768w, https:\/\/ottevenyikastely.hu\/wp-content\/uploads\/2025\/04\/IMG_3136-1536x1152.jpeg 1536w, https:\/\/ottevenyikastely.hu\/wp-content\/uploads\/2025\/04\/IMG_3136-2048x1536.jpeg 2048w, https:\/\/ottevenyikastely.hu\/wp-content\/uploads\/2025\/04\/IMG_3136-16x12.jpeg 16w\" sizes=\"(max-width: 1024px) 100vw, 1024px\" title=\"\">\t\t\t\t\t\t\t\t\t\t\t\t\t\t\t<\/div>\n\t\t\t\t<\/div>\n\t\t\t\t\t<\/div>\n\t\t\t\t<\/div>\n\t\t<div class=\"elementor-element elementor-element-17d6a7e e-flex e-con-boxed e-con e-parent\" data-id=\"17d6a7e\" data-element_type=\"container\" data-e-type=\"container\">\n\t\t\t\t\t<div class=\"e-con-inner\">\n\t\t\t\t<div class=\"elementor-element elementor-element-13b3e3f elementor-widget elementor-widget-spacer\" data-id=\"13b3e3f\" data-element_type=\"widget\" data-e-type=\"widget\" data-widget_type=\"spacer.default\">\n\t\t\t\t<div class=\"elementor-widget-container\">\n\t\t\t\t\t\t\t<div class=\"elementor-spacer\">\n\t\t\t<div class=\"elementor-spacer-inner\"><\/div>\n\t\t<\/div>\n\t\t\t\t\t\t<\/div>\n\t\t\t\t<\/div>\n\t\t\t\t\t<\/div>\n\t\t\t\t<\/div>\n\t\t<div class=\"elementor-element elementor-element-dc88b41 e-flex e-con-boxed e-con e-parent\" data-id=\"dc88b41\" data-element_type=\"container\" data-e-type=\"container\">\n\t\t\t\t\t<div class=\"e-con-inner\">\n\t\t\t\t<div class=\"elementor-element elementor-element-df1b1c4 elementor-widget elementor-widget-text-editor\" data-id=\"df1b1c4\" data-element_type=\"widget\" data-e-type=\"widget\" data-widget_type=\"text-editor.default\">\n\t\t\t\t<div class=\"elementor-widget-container\">\n\t\t\t\t\t\t\t\t\t<p>Per fare un'offerta sulle opere d'arte realizzate qui, cliccare sull'immagine o visitare il sito web <span style=\"text-decoration: underline;\"><strong><a href=\"https:\/\/foldvaryaukcio.hu\" target=\"_blank\" rel=\"noopener\">foldvaryaukcio.hu<\/a><\/strong><\/span> se siete interessati a maggiori dettagli!<\/p>\t\t\t\t\t\t\t\t<\/div>\n\t\t\t\t<\/div>\n\t\t\t\t\t<\/div>\n\t\t\t\t<\/div>\n\t\t<div class=\"elementor-element elementor-element-7e5b47d e-grid e-con-boxed e-con e-parent\" data-id=\"7e5b47d\" data-element_type=\"container\" data-e-type=\"container\">\n\t\t\t\t\t<div class=\"e-con-inner\">\n\t\t\t\t<div class=\"elementor-element elementor-element-7140b83 elementor-widget elementor-widget-image\" data-id=\"7140b83\" data-element_type=\"widget\" data-e-type=\"widget\" data-widget_type=\"image.default\">\n\t\t\t\t<div class=\"elementor-widget-container\">\n\t\t\t\t\t\t\t\t\t\t\t\t<figure class=\"wp-caption\">\n\t\t\t\t\t\t\t\t\t\t\t<a href=\"https:\/\/foldvaryaukcio.hu\/items\/199\" target=\"_blank\" rel=\"noopener\">\n\t\t\t\t\t\t\t<img loading=\"lazy\" decoding=\"async\" width=\"716\" height=\"1024\" src=\"https:\/\/ottevenyikastely.hu\/wp-content\/uploads\/2025\/04\/Verebelyi-Diana-199-716x1024.jpeg\" class=\"attachment-large size-large wp-image-12959\" alt=\"\" srcset=\"https:\/\/ottevenyikastely.hu\/wp-content\/uploads\/2025\/04\/Verebelyi-Diana-199-716x1024.jpeg 716w, https:\/\/ottevenyikastely.hu\/wp-content\/uploads\/2025\/04\/Verebelyi-Diana-199-210x300.jpeg 210w, https:\/\/ottevenyikastely.hu\/wp-content\/uploads\/2025\/04\/Verebelyi-Diana-199-768x1099.jpeg 768w, https:\/\/ottevenyikastely.hu\/wp-content\/uploads\/2025\/04\/Verebelyi-Diana-199-1074x1536.jpeg 1074w, https:\/\/ottevenyikastely.hu\/wp-content\/uploads\/2025\/04\/Verebelyi-Diana-199-1432x2048.jpeg 1432w, https:\/\/ottevenyikastely.hu\/wp-content\/uploads\/2025\/04\/Verebelyi-Diana-199-8x12.jpeg 8w, https:\/\/ottevenyikastely.hu\/wp-content\/uploads\/2025\/04\/Verebelyi-Diana-199-scaled.jpeg 1790w\" sizes=\"(max-width: 716px) 100vw, 716px\" title=\"\">\t\t\t\t\t\t\t\t<\/a>\n\t\t\t\t\t\t\t\t\t\t\t<figcaption class=\"widget-image-caption wp-caption-text\">clicca qui<\/figcaption>\n\t\t\t\t\t\t\t\t\t\t<\/figure>\n\t\t\t\t\t\t\t\t\t<\/div>\n\t\t\t\t<\/div>\n\t\t\t\t<div class=\"elementor-element elementor-element-28ed5b3 elementor-widget elementor-widget-image\" data-id=\"28ed5b3\" data-element_type=\"widget\" data-e-type=\"widget\" data-widget_type=\"image.default\">\n\t\t\t\t<div class=\"elementor-widget-container\">\n\t\t\t\t\t\t\t\t\t\t\t\t<figure class=\"wp-caption\">\n\t\t\t\t\t\t\t\t\t\t\t<a href=\"https:\/\/foldvaryaukcio.hu\/items\/198\" target=\"_blank\" rel=\"noopener\">\n\t\t\t\t\t\t\t<img loading=\"lazy\" decoding=\"async\" width=\"1007\" height=\"1024\" src=\"https:\/\/ottevenyikastely.hu\/wp-content\/uploads\/2025\/04\/Verebelyi-Diana-198-1007x1024.jpeg\" class=\"attachment-large size-large wp-image-12958\" alt=\"\" srcset=\"https:\/\/ottevenyikastely.hu\/wp-content\/uploads\/2025\/04\/Verebelyi-Diana-198-1007x1024.jpeg 1007w, https:\/\/ottevenyikastely.hu\/wp-content\/uploads\/2025\/04\/Verebelyi-Diana-198-295x300.jpeg 295w, https:\/\/ottevenyikastely.hu\/wp-content\/uploads\/2025\/04\/Verebelyi-Diana-198-768x781.jpeg 768w, https:\/\/ottevenyikastely.hu\/wp-content\/uploads\/2025\/04\/Verebelyi-Diana-198-1510x1536.jpeg 1510w, https:\/\/ottevenyikastely.hu\/wp-content\/uploads\/2025\/04\/Verebelyi-Diana-198-2013x2048.jpeg 2013w, https:\/\/ottevenyikastely.hu\/wp-content\/uploads\/2025\/04\/Verebelyi-Diana-198-12x12.jpeg 12w\" sizes=\"(max-width: 1007px) 100vw, 1007px\" title=\"\">\t\t\t\t\t\t\t\t<\/a>\n\t\t\t\t\t\t\t\t\t\t\t<figcaption class=\"widget-image-caption wp-caption-text\">clicca qui<\/figcaption>\n\t\t\t\t\t\t\t\t\t\t<\/figure>\n\t\t\t\t\t\t\t\t\t<\/div>\n\t\t\t\t<\/div>\n\t\t\t\t<div class=\"elementor-element elementor-element-202ed88 elementor-widget elementor-widget-image\" data-id=\"202ed88\" data-element_type=\"widget\" data-e-type=\"widget\" data-widget_type=\"image.default\">\n\t\t\t\t<div class=\"elementor-widget-container\">\n\t\t\t\t\t\t\t\t\t\t\t\t<figure class=\"wp-caption\">\n\t\t\t\t\t\t\t\t\t\t\t<a href=\"https:\/\/foldvaryaukcio.hu\/items\/197\" target=\"_blank\" rel=\"noopener\">\n\t\t\t\t\t\t\t<img loading=\"lazy\" decoding=\"async\" width=\"1024\" height=\"1024\" src=\"https:\/\/ottevenyikastely.hu\/wp-content\/uploads\/2025\/04\/Verebelyi-Diana-197-1024x1024.jpeg\" class=\"attachment-large size-large wp-image-12957\" alt=\"\" srcset=\"https:\/\/ottevenyikastely.hu\/wp-content\/uploads\/2025\/04\/Verebelyi-Diana-197-1024x1024.jpeg 1024w, https:\/\/ottevenyikastely.hu\/wp-content\/uploads\/2025\/04\/Verebelyi-Diana-197-300x300.jpeg 300w, https:\/\/ottevenyikastely.hu\/wp-content\/uploads\/2025\/04\/Verebelyi-Diana-197-150x150.jpeg 150w, https:\/\/ottevenyikastely.hu\/wp-content\/uploads\/2025\/04\/Verebelyi-Diana-197-768x768.jpeg 768w, https:\/\/ottevenyikastely.hu\/wp-content\/uploads\/2025\/04\/Verebelyi-Diana-197-1536x1536.jpeg 1536w, https:\/\/ottevenyikastely.hu\/wp-content\/uploads\/2025\/04\/Verebelyi-Diana-197-2048x2048.jpeg 2048w, https:\/\/ottevenyikastely.hu\/wp-content\/uploads\/2025\/04\/Verebelyi-Diana-197-12x12.jpeg 12w, https:\/\/ottevenyikastely.hu\/wp-content\/uploads\/2025\/04\/Verebelyi-Diana-197-600x600.jpeg 600w\" sizes=\"(max-width: 1024px) 100vw, 1024px\" title=\"\">\t\t\t\t\t\t\t\t<\/a>\n\t\t\t\t\t\t\t\t\t\t\t<figcaption class=\"widget-image-caption wp-caption-text\">clicca qui<\/figcaption>\n\t\t\t\t\t\t\t\t\t\t<\/figure>\n\t\t\t\t\t\t\t\t\t<\/div>\n\t\t\t\t<\/div>\n\t\t\t\t<div class=\"elementor-element elementor-element-f02cd76 elementor-widget elementor-widget-image\" data-id=\"f02cd76\" data-element_type=\"widget\" data-e-type=\"widget\" data-widget_type=\"image.default\">\n\t\t\t\t<div class=\"elementor-widget-container\">\n\t\t\t\t\t\t\t\t\t\t\t\t<figure class=\"wp-caption\">\n\t\t\t\t\t\t\t\t\t\t\t<a href=\"https:\/\/foldvaryaukcio.hu\/items\/196\" target=\"_blank\" rel=\"noopener\">\n\t\t\t\t\t\t\t<img loading=\"lazy\" decoding=\"async\" width=\"1024\" height=\"1013\" src=\"https:\/\/ottevenyikastely.hu\/wp-content\/uploads\/2025\/04\/Verebelyi-Diana-196-1024x1013.jpeg\" class=\"attachment-large size-large wp-image-12956\" alt=\"\" srcset=\"https:\/\/ottevenyikastely.hu\/wp-content\/uploads\/2025\/04\/Verebelyi-Diana-196-1024x1013.jpeg 1024w, https:\/\/ottevenyikastely.hu\/wp-content\/uploads\/2025\/04\/Verebelyi-Diana-196-300x297.jpeg 300w, https:\/\/ottevenyikastely.hu\/wp-content\/uploads\/2025\/04\/Verebelyi-Diana-196-768x760.jpeg 768w, https:\/\/ottevenyikastely.hu\/wp-content\/uploads\/2025\/04\/Verebelyi-Diana-196-1536x1520.jpeg 1536w, https:\/\/ottevenyikastely.hu\/wp-content\/uploads\/2025\/04\/Verebelyi-Diana-196-2048x2027.jpeg 2048w, https:\/\/ottevenyikastely.hu\/wp-content\/uploads\/2025\/04\/Verebelyi-Diana-196-12x12.jpeg 12w\" sizes=\"(max-width: 1024px) 100vw, 1024px\" title=\"\">\t\t\t\t\t\t\t\t<\/a>\n\t\t\t\t\t\t\t\t\t\t\t<figcaption class=\"widget-image-caption wp-caption-text\">clicca qui<\/figcaption>\n\t\t\t\t\t\t\t\t\t\t<\/figure>\n\t\t\t\t\t\t\t\t\t<\/div>\n\t\t\t\t<\/div>\n\t\t\t\t\t<\/div>\n\t\t\t\t<\/div>\n\t\t<div class=\"elementor-element elementor-element-7d82ff5 e-flex e-con-boxed e-con e-parent\" data-id=\"7d82ff5\" data-element_type=\"container\" data-e-type=\"container\">\n\t\t\t\t\t<div class=\"e-con-inner\">\n\t\t\t\t<div class=\"elementor-element elementor-element-38baa63 elementor-align-right elementor-widget elementor-widget-button\" data-id=\"38baa63\" data-element_type=\"widget\" data-e-type=\"widget\" data-widget_type=\"button.default\">\n\t\t\t\t<div class=\"elementor-widget-container\">\n\t\t\t\t\t\t\t\t\t<div class=\"elementor-button-wrapper\">\n\t\t\t\t\t<a class=\"elementor-button elementor-button-link elementor-size-sm\" href=\"https:\/\/www.facebook.com\/verebelyidiana.vedia?mibextid=wwXIfr&#038;rdid=JKRukEzgEbPWBP51&#038;share_url=https%3A%2F%2Fwww.facebook.com%2Fshare%2F1QiDh89V3L%2F%3Fmibextid%3DwwXIfr\" id=\"https:\/\/www.facebook.com\/verebelyidiana.vedia?mibextid=wwXIfr&amp;rdid=JKRukEzgEbPWBP51&amp;share_url=https%3A%2F%2Fwww.facebook.com%2Fshare%2F1QiDh89V3L%2F%3Fmibextid%3DwwXIfr\" target=\"_blank\" rel=\"noopener\">\n\t\t\t\t\t\t<span class=\"elementor-button-content-wrapper\">\n\t\t\t\t\t\t\t\t\t<span class=\"elementor-button-text\">Pagina web dell'artista<\/span>\n\t\t\t\t\t<\/span>\n\t\t\t\t\t<\/a>\n\t\t\t\t<\/div>\n\t\t\t\t\t\t\t\t<\/div>\n\t\t\t\t<\/div>\n\t\t\t\t\t<\/div>\n\t\t\t\t<\/div>\n\t\t\t\t<\/div>","protected":false},"excerpt":{"rendered":"<p>Vereb\u00e9lyi Di\u00e1na 1987-ben sz\u00fcletett Kazincbarcik\u00e1n. Tanulm\u00e1nyait Miskolcon \u00e9s Ny\u00edregyh\u00e1z\u00e1n v\u00e9gezte. 2005-ben elnyerte a J\u00f3zsef Attila p\u00e1ly\u00e1zat f\u0151d\u00edj\u00e1t, 2009-ben pedig Gubis Mih\u00e1ly D\u00edjjal jutalmazt\u00e1k m\u0171v\u00e9szet\u00e9t. 2007 \u00f3ta Szentendr\u00e9n \u00e9l \u00e9s alkot. Konstruktivista, sokoldal\u00fa alkot\u00f3, aki kiemelked\u0151 m\u0171v\u00e9szi kvalit\u00e1sokkal rendelkezik a fest\u00e9szet, szobr\u00e1szat \u00e9s ker\u00e1miam\u0171v\u00e9szet ter\u00e9n is. Munk\u00e1i megtekinthet\u0151k a CaritART honlapj\u00e1n, valamint akt\u00edvan jelen van a [&hellip;]<\/p>","protected":false},"author":7,"featured_media":0,"parent":0,"menu_order":0,"comment_status":"closed","ping_status":"closed","template":"","meta":{"footnotes":""},"class_list":["post-12401","page","type-page","status-publish","hentry","entry"],"_links":{"self":[{"href":"https:\/\/ottevenyikastely.hu\/it\/wp-json\/wp\/v2\/pages\/12401","targetHints":{"allow":["GET"]}}],"collection":[{"href":"https:\/\/ottevenyikastely.hu\/it\/wp-json\/wp\/v2\/pages"}],"about":[{"href":"https:\/\/ottevenyikastely.hu\/it\/wp-json\/wp\/v2\/types\/page"}],"author":[{"embeddable":true,"href":"https:\/\/ottevenyikastely.hu\/it\/wp-json\/wp\/v2\/users\/7"}],"replies":[{"embeddable":true,"href":"https:\/\/ottevenyikastely.hu\/it\/wp-json\/wp\/v2\/comments?post=12401"}],"version-history":[{"count":13,"href":"https:\/\/ottevenyikastely.hu\/it\/wp-json\/wp\/v2\/pages\/12401\/revisions"}],"predecessor-version":[{"id":13440,"href":"https:\/\/ottevenyikastely.hu\/it\/wp-json\/wp\/v2\/pages\/12401\/revisions\/13440"}],"wp:attachment":[{"href":"https:\/\/ottevenyikastely.hu\/it\/wp-json\/wp\/v2\/media?parent=12401"}],"curies":[{"name":"wp","href":"https:\/\/api.w.org\/{rel}","templated":true}]}}