{"id":12430,"date":"2025-04-12T09:56:40","date_gmt":"2025-04-12T07:56:40","guid":{"rendered":"https:\/\/ottevenyikastely.hu\/?page_id=12430"},"modified":"2025-05-18T12:34:19","modified_gmt":"2025-05-18T10:34:19","slug":"judit-takacs","status":"publish","type":"page","link":"https:\/\/ottevenyikastely.hu\/it\/judit-takacs\/","title":{"rendered":"Judit Tak\u00e1cs"},"content":{"rendered":"<div data-elementor-type=\"wp-page\" data-elementor-id=\"12430\" class=\"elementor elementor-12430\" data-elementor-post-type=\"page\">\n\t\t\t\t<div class=\"elementor-element elementor-element-ea0fdba e-flex e-con-boxed e-con e-parent\" data-id=\"ea0fdba\" data-element_type=\"container\" data-e-type=\"container\">\n\t\t\t\t\t<div class=\"e-con-inner\">\n\t\t\t\t<div class=\"elementor-element elementor-element-3ab6c40 elementor-widget elementor-widget-heading\" data-id=\"3ab6c40\" data-element_type=\"widget\" data-e-type=\"widget\" data-widget_type=\"heading.default\">\n\t\t\t\t<div class=\"elementor-widget-container\">\n\t\t\t\t\t<h2 class=\"elementor-heading-title elementor-size-default\">Judit Tak\u00e1cs<\/h2>\t\t\t\t<\/div>\n\t\t\t\t<\/div>\n\t\t\t\t\t<\/div>\n\t\t\t\t<\/div>\n\t\t<div class=\"elementor-element elementor-element-62e93a7 e-flex e-con-boxed e-con e-parent\" data-id=\"62e93a7\" data-element_type=\"container\" data-e-type=\"container\">\n\t\t\t\t\t<div class=\"e-con-inner\">\n\t\t\t\t<div class=\"elementor-element elementor-element-9c76a6b elementor-widget elementor-widget-text-editor\" data-id=\"9c76a6b\" data-element_type=\"widget\" data-e-type=\"widget\" data-widget_type=\"text-editor.default\">\n\t\t\t\t<div class=\"elementor-widget-container\">\n\t\t\t\t\t\t\t\t\t<p class=\"s3\"><span class=\"s2\">Sono nato nel 1971 <\/span><span class=\"s2\">Budapest<\/span><span class=\"s2\">, ancora qui<\/span><span class=\"s2\">Vivo e creo<\/span><span class=\"s2\">.<\/span><a name=\"_GoBack\"><\/a><\/p><p class=\"s3\"><span class=\"s2\">A<\/span> <span class=\"s2\">Crea<\/span><span class=\"s2\"> Scuola di design ambientale<\/span><span class=\"s2\">Ho un diploma intermedio di grafica<\/span><span class=\"s2\">,<\/span><span class=\"s2\">poi una laurea in arte e comunicazione visiva presso l'Universit\u00e0 di Kaposv\u00e1r, Facolt\u00e0 di Arti. <\/span><span class=\"s2\">Allora <\/span><span class=\"s2\">a<\/span><span class=\"s2\">z<\/span><span class=\"s2\">Ho completato 2,5 anni all'Universit\u00e0 di P\u00e9cs, specializzandomi in raffigurazione - pittura, e allo stesso tempo ho completato 2 anni di formazione post-laurea come arteterapeuta all'Universit\u00e0 di P\u00e9cs.<\/span><span class=\"s2\"> \u00e8<\/span><span class=\"s2\"> Parte di<\/span><span class=\"s2\">Recuperato da<\/span><span class=\"s2\">.<\/span><\/p><p class=\"s3\"><span class=\"s2\">F<\/span><span class=\"s2\">Ho insegnato a bambini in scuole d'arte primarie, ad adulti in corsi di pittura e nel mio studio d'arte. Attualmente lavoro come pittrice freelance e insegno disegno e pittura nel mio studio e online. <\/span><\/p><p class=\"s3\"><span class=\"s2\">Partecipo regolarmente a convegni nazionali e internazionali<\/span><span class=\"s2\">presso mostre, centri d'arte<\/span><span class=\"s2\">.<\/span><\/p><p class=\"s3\"><span class=\"s2\">Il dipinto <\/span><span class=\"s2\">un viaggio movimentato, durato tutta la vita per me, ugualmente ricco di asperit\u00e0 e di colpi di scena<\/span><span class=\"s2\">,<\/span><span class=\"s2\"> ma anche meraviglie e bellezze edificanti. <\/span><\/p><p class=\"s3\"><span class=\"s2\">Questo viaggio pu\u00f2 consistere nel vagare attraverso paesaggi esterni, luci, colori, per<\/span><span class=\"s2\">per conoscere gusti e stati d'animo diversi,<\/span><span class=\"s2\"> sognare in un quadro. Gioco, scoperta emozionante, passione. Ma a volte tutto questo \u00e8 sostituito da un viaggio interiore, da un confronto con le rivelazioni, a volte dolorose, a volte esaltanti, della ricerca nel profondo dell'anima. Queste rivelazioni possono prendere forma anche con il pennello. Queste sensazioni, manifestate in forma materiale, possono poi essere esplorate, amate o non amate, ma richiedono attenzione e ascolto, e questo viaggio diventa il viaggio interiore dell'anima che vuole conoscere se stessa. Questo viaggio alla scoperta di s\u00e9 <\/span><span class=\"s2\">attraverso la creazione <\/span><span class=\"s2\">per me \u00e8 importante quanto giocare con la realt\u00e0 tangibile della materia.<\/span><\/p>\t\t\t\t\t\t\t\t<\/div>\n\t\t\t\t<\/div>\n\t\t\t\t\t<\/div>\n\t\t\t\t<\/div>\n\t\t<div class=\"elementor-element elementor-element-a83c70f e-flex e-con-boxed e-con e-parent\" data-id=\"a83c70f\" data-element_type=\"container\" data-e-type=\"container\">\n\t\t\t\t\t<div class=\"e-con-inner\">\n\t\t\t\t<div class=\"elementor-element elementor-element-c875150 elementor-widget elementor-widget-video\" data-id=\"c875150\" data-element_type=\"widget\" data-e-type=\"widget\" data-settings=\"{&quot;youtube_url&quot;:&quot;https:\\\/\\\/www.youtube.com\\\/embed\\\/dbM0dRmW4bw?si=cabIRvcfmumY9u4i&quot;,&quot;video_type&quot;:&quot;youtube&quot;,&quot;controls&quot;:&quot;yes&quot;}\" data-widget_type=\"video.default\">\n\t\t\t\t<div class=\"elementor-widget-container\">\n\t\t\t\t\t\t\t<div class=\"elementor-wrapper elementor-open-inline\">\n\t\t\t<div class=\"elementor-video\"><\/div>\t\t<\/div>\n\t\t\t\t\t\t<\/div>\n\t\t\t\t<\/div>\n\t\t\t\t\t<\/div>\n\t\t\t\t<\/div>\n\t\t<div class=\"elementor-element elementor-element-5ee5a5b e-grid e-con-boxed e-con e-parent\" data-id=\"5ee5a5b\" data-element_type=\"container\" data-e-type=\"container\">\n\t\t\t\t\t<div class=\"e-con-inner\">\n\t\t\t\t<div class=\"elementor-element elementor-element-01939f9 elementor-widget elementor-widget-image\" data-id=\"01939f9\" data-element_type=\"widget\" data-e-type=\"widget\" data-widget_type=\"image.default\">\n\t\t\t\t<div class=\"elementor-widget-container\">\n\t\t\t\t\t\t\t\t\t\t\t\t\t\t\t<img fetchpriority=\"high\" decoding=\"async\" width=\"768\" height=\"1024\" src=\"https:\/\/ottevenyikastely.hu\/wp-content\/uploads\/2025\/04\/Takacs-Judit1-768x1024.jpeg\" class=\"attachment-large size-large wp-image-12683\" alt=\"\" srcset=\"https:\/\/ottevenyikastely.hu\/wp-content\/uploads\/2025\/04\/Takacs-Judit1-768x1024.jpeg 768w, https:\/\/ottevenyikastely.hu\/wp-content\/uploads\/2025\/04\/Takacs-Judit1-225x300.jpeg 225w, https:\/\/ottevenyikastely.hu\/wp-content\/uploads\/2025\/04\/Takacs-Judit1-1152x1536.jpeg 1152w, https:\/\/ottevenyikastely.hu\/wp-content\/uploads\/2025\/04\/Takacs-Judit1-1536x2048.jpeg 1536w, https:\/\/ottevenyikastely.hu\/wp-content\/uploads\/2025\/04\/Takacs-Judit1-9x12.jpeg 9w, https:\/\/ottevenyikastely.hu\/wp-content\/uploads\/2025\/04\/Takacs-Judit1-scaled.jpeg 1920w\" sizes=\"(max-width: 768px) 100vw, 768px\" title=\"\">\t\t\t\t\t\t\t\t\t\t\t\t\t\t\t<\/div>\n\t\t\t\t<\/div>\n\t\t\t\t<div class=\"elementor-element elementor-element-0486480 elementor-widget elementor-widget-image\" data-id=\"0486480\" data-element_type=\"widget\" data-e-type=\"widget\" data-widget_type=\"image.default\">\n\t\t\t\t<div class=\"elementor-widget-container\">\n\t\t\t\t\t\t\t\t\t\t\t\t\t\t\t<img decoding=\"async\" width=\"768\" height=\"1024\" src=\"https:\/\/ottevenyikastely.hu\/wp-content\/uploads\/2025\/04\/Takacs-Judit-3-768x1024.jpeg\" class=\"attachment-large size-large wp-image-12682\" alt=\"\" srcset=\"https:\/\/ottevenyikastely.hu\/wp-content\/uploads\/2025\/04\/Takacs-Judit-3-768x1024.jpeg 768w, https:\/\/ottevenyikastely.hu\/wp-content\/uploads\/2025\/04\/Takacs-Judit-3-225x300.jpeg 225w, https:\/\/ottevenyikastely.hu\/wp-content\/uploads\/2025\/04\/Takacs-Judit-3-1152x1536.jpeg 1152w, https:\/\/ottevenyikastely.hu\/wp-content\/uploads\/2025\/04\/Takacs-Judit-3-1536x2048.jpeg 1536w, https:\/\/ottevenyikastely.hu\/wp-content\/uploads\/2025\/04\/Takacs-Judit-3-9x12.jpeg 9w, https:\/\/ottevenyikastely.hu\/wp-content\/uploads\/2025\/04\/Takacs-Judit-3-scaled.jpeg 1920w\" sizes=\"(max-width: 768px) 100vw, 768px\" title=\"\">\t\t\t\t\t\t\t\t\t\t\t\t\t\t\t<\/div>\n\t\t\t\t<\/div>\n\t\t\t\t<div class=\"elementor-element elementor-element-427b2c2 elementor-widget elementor-widget-image\" data-id=\"427b2c2\" data-element_type=\"widget\" data-e-type=\"widget\" data-widget_type=\"image.default\">\n\t\t\t\t<div class=\"elementor-widget-container\">\n\t\t\t\t\t\t\t\t\t\t\t\t\t\t\t<img decoding=\"async\" width=\"768\" height=\"1024\" src=\"https:\/\/ottevenyikastely.hu\/wp-content\/uploads\/2025\/04\/IMG_3053-768x1024.jpeg\" class=\"attachment-large size-large wp-image-12594\" alt=\"\" srcset=\"https:\/\/ottevenyikastely.hu\/wp-content\/uploads\/2025\/04\/IMG_3053-768x1024.jpeg 768w, https:\/\/ottevenyikastely.hu\/wp-content\/uploads\/2025\/04\/IMG_3053-225x300.jpeg 225w, https:\/\/ottevenyikastely.hu\/wp-content\/uploads\/2025\/04\/IMG_3053-1152x1536.jpeg 1152w, https:\/\/ottevenyikastely.hu\/wp-content\/uploads\/2025\/04\/IMG_3053-1536x2048.jpeg 1536w, https:\/\/ottevenyikastely.hu\/wp-content\/uploads\/2025\/04\/IMG_3053-9x12.jpeg 9w, https:\/\/ottevenyikastely.hu\/wp-content\/uploads\/2025\/04\/IMG_3053-scaled.jpeg 1920w\" sizes=\"(max-width: 768px) 100vw, 768px\" title=\"\">\t\t\t\t\t\t\t\t\t\t\t\t\t\t\t<\/div>\n\t\t\t\t<\/div>\n\t\t\t\t\t<\/div>\n\t\t\t\t<\/div>\n\t\t<div class=\"elementor-element elementor-element-f3cf365 e-flex e-con-boxed e-con e-parent\" data-id=\"f3cf365\" data-element_type=\"container\" data-e-type=\"container\">\n\t\t\t\t\t<div class=\"e-con-inner\">\n\t\t\t\t<div class=\"elementor-element elementor-element-38988d9 elementor-widget elementor-widget-spacer\" data-id=\"38988d9\" data-element_type=\"widget\" data-e-type=\"widget\" data-widget_type=\"spacer.default\">\n\t\t\t\t<div class=\"elementor-widget-container\">\n\t\t\t\t\t\t\t<div class=\"elementor-spacer\">\n\t\t\t<div class=\"elementor-spacer-inner\"><\/div>\n\t\t<\/div>\n\t\t\t\t\t\t<\/div>\n\t\t\t\t<\/div>\n\t\t\t\t\t<\/div>\n\t\t\t\t<\/div>\n\t\t<div class=\"elementor-element elementor-element-b60280d e-flex e-con-boxed e-con e-parent\" data-id=\"b60280d\" data-element_type=\"container\" data-e-type=\"container\">\n\t\t\t\t\t<div class=\"e-con-inner\">\n\t\t\t\t<div class=\"elementor-element elementor-element-63a08f4 elementor-widget elementor-widget-text-editor\" data-id=\"63a08f4\" data-element_type=\"widget\" data-e-type=\"widget\" data-widget_type=\"text-editor.default\">\n\t\t\t\t<div class=\"elementor-widget-container\">\n\t\t\t\t\t\t\t\t\t<p>Per fare un'offerta sulle opere d'arte realizzate qui, cliccare sull'immagine o visitare il sito web <span style=\"text-decoration: underline;\"><strong><a href=\"https:\/\/foldvaryaukcio.hu\" target=\"_blank\" rel=\"noopener\">foldvaryaukcio.hu<\/a><\/strong><\/span> se siete interessati a maggiori dettagli!<\/p>\t\t\t\t\t\t\t\t<\/div>\n\t\t\t\t<\/div>\n\t\t\t\t\t<\/div>\n\t\t\t\t<\/div>\n\t\t<div class=\"elementor-element elementor-element-a211cec e-grid e-con-boxed e-con e-parent\" data-id=\"a211cec\" data-element_type=\"container\" data-e-type=\"container\">\n\t\t\t\t\t<div class=\"e-con-inner\">\n\t\t\t\t<div class=\"elementor-element elementor-element-1f797d6 elementor-widget elementor-widget-image\" data-id=\"1f797d6\" data-element_type=\"widget\" data-e-type=\"widget\" data-widget_type=\"image.default\">\n\t\t\t\t<div class=\"elementor-widget-container\">\n\t\t\t\t\t\t\t\t\t\t\t\t<figure class=\"wp-caption\">\n\t\t\t\t\t\t\t\t\t\t\t<a href=\"https:\/\/foldvaryaukcio.hu\/items\/245\" target=\"_blank\" rel=\"noopener\">\n\t\t\t\t\t\t\t<img loading=\"lazy\" decoding=\"async\" width=\"300\" height=\"257\" src=\"https:\/\/ottevenyikastely.hu\/wp-content\/uploads\/2025\/04\/Takacs-Judit-245-300x257.jpeg\" class=\"attachment-medium size-medium wp-image-12992\" alt=\"\" srcset=\"https:\/\/ottevenyikastely.hu\/wp-content\/uploads\/2025\/04\/Takacs-Judit-245-300x257.jpeg 300w, https:\/\/ottevenyikastely.hu\/wp-content\/uploads\/2025\/04\/Takacs-Judit-245-1024x878.jpeg 1024w, https:\/\/ottevenyikastely.hu\/wp-content\/uploads\/2025\/04\/Takacs-Judit-245-768x659.jpeg 768w, https:\/\/ottevenyikastely.hu\/wp-content\/uploads\/2025\/04\/Takacs-Judit-245-1536x1317.jpeg 1536w, https:\/\/ottevenyikastely.hu\/wp-content\/uploads\/2025\/04\/Takacs-Judit-245-2048x1756.jpeg 2048w, https:\/\/ottevenyikastely.hu\/wp-content\/uploads\/2025\/04\/Takacs-Judit-245-14x12.jpeg 14w\" sizes=\"(max-width: 300px) 100vw, 300px\" title=\"\">\t\t\t\t\t\t\t\t<\/a>\n\t\t\t\t\t\t\t\t\t\t\t<figcaption class=\"widget-image-caption wp-caption-text\">clicca qui<\/figcaption>\n\t\t\t\t\t\t\t\t\t\t<\/figure>\n\t\t\t\t\t\t\t\t\t<\/div>\n\t\t\t\t<\/div>\n\t\t\t\t<div class=\"elementor-element elementor-element-6b5fa2e elementor-widget elementor-widget-image\" data-id=\"6b5fa2e\" data-element_type=\"widget\" data-e-type=\"widget\" data-widget_type=\"image.default\">\n\t\t\t\t<div class=\"elementor-widget-container\">\n\t\t\t\t\t\t\t\t\t\t\t\t<figure class=\"wp-caption\">\n\t\t\t\t\t\t\t\t\t\t\t<a href=\"https:\/\/foldvaryaukcio.hu\/items\/244\" target=\"_blank\" rel=\"noopener\">\n\t\t\t\t\t\t\t<img loading=\"lazy\" decoding=\"async\" width=\"214\" height=\"300\" src=\"https:\/\/ottevenyikastely.hu\/wp-content\/uploads\/2025\/04\/Takacs-Judit-244-214x300.jpeg\" class=\"attachment-medium size-medium wp-image-12991\" alt=\"\" srcset=\"https:\/\/ottevenyikastely.hu\/wp-content\/uploads\/2025\/04\/Takacs-Judit-244-214x300.jpeg 214w, https:\/\/ottevenyikastely.hu\/wp-content\/uploads\/2025\/04\/Takacs-Judit-244-731x1024.jpeg 731w, https:\/\/ottevenyikastely.hu\/wp-content\/uploads\/2025\/04\/Takacs-Judit-244-768x1076.jpeg 768w, https:\/\/ottevenyikastely.hu\/wp-content\/uploads\/2025\/04\/Takacs-Judit-244-1097x1536.jpeg 1097w, https:\/\/ottevenyikastely.hu\/wp-content\/uploads\/2025\/04\/Takacs-Judit-244-1462x2048.jpeg 1462w, https:\/\/ottevenyikastely.hu\/wp-content\/uploads\/2025\/04\/Takacs-Judit-244-9x12.jpeg 9w, https:\/\/ottevenyikastely.hu\/wp-content\/uploads\/2025\/04\/Takacs-Judit-244-scaled.jpeg 1828w\" sizes=\"(max-width: 214px) 100vw, 214px\" title=\"\">\t\t\t\t\t\t\t\t<\/a>\n\t\t\t\t\t\t\t\t\t\t\t<figcaption class=\"widget-image-caption wp-caption-text\">clicca qui<\/figcaption>\n\t\t\t\t\t\t\t\t\t\t<\/figure>\n\t\t\t\t\t\t\t\t\t<\/div>\n\t\t\t\t<\/div>\n\t\t\t\t\t<\/div>\n\t\t\t\t<\/div>\n\t\t<div class=\"elementor-element elementor-element-171a2c4 e-flex e-con-boxed e-con e-parent\" data-id=\"171a2c4\" data-element_type=\"container\" data-e-type=\"container\">\n\t\t\t\t\t<div class=\"e-con-inner\">\n\t\t\t\t<div class=\"elementor-element elementor-element-a0981bd elementor-align-right elementor-widget elementor-widget-button\" data-id=\"a0981bd\" data-element_type=\"widget\" data-e-type=\"widget\" data-widget_type=\"button.default\">\n\t\t\t\t<div class=\"elementor-widget-container\">\n\t\t\t\t\t\t\t\t\t<div class=\"elementor-button-wrapper\">\n\t\t\t\t\t<a class=\"elementor-button elementor-button-link elementor-size-sm\" href=\"https:\/\/www.facebook.com\/Judithtakacsfineart\/\" id=\"https:\/\/www.facebook.com\/Judithtakacsfineart\/\" target=\"_blank\" rel=\"noopener\">\n\t\t\t\t\t\t<span class=\"elementor-button-content-wrapper\">\n\t\t\t\t\t\t\t\t\t<span class=\"elementor-button-text\">Pagina web dell'artista<\/span>\n\t\t\t\t\t<\/span>\n\t\t\t\t\t<\/a>\n\t\t\t\t<\/div>\n\t\t\t\t\t\t\t\t<\/div>\n\t\t\t\t<\/div>\n\t\t\t\t\t<\/div>\n\t\t\t\t<\/div>\n\t\t<div class=\"elementor-element elementor-element-fb3b6b1 e-flex e-con-boxed e-con e-parent\" data-id=\"fb3b6b1\" data-element_type=\"container\" data-e-type=\"container\">\n\t\t\t\t\t<div class=\"e-con-inner\">\n\t\t\t\t<div class=\"elementor-element elementor-element-79741e7 elementor-widget elementor-widget-video\" data-id=\"79741e7\" data-element_type=\"widget\" data-e-type=\"widget\" data-settings=\"{&quot;youtube_url&quot;:&quot;https:\\\/\\\/youtu.be\\\/dbM0dRmW4bw&quot;,&quot;video_type&quot;:&quot;youtube&quot;,&quot;controls&quot;:&quot;yes&quot;}\" data-widget_type=\"video.default\">\n\t\t\t\t<div class=\"elementor-widget-container\">\n\t\t\t\t\t\t\t<div class=\"elementor-wrapper elementor-open-inline\">\n\t\t\t<div class=\"elementor-video\"><\/div>\t\t<\/div>\n\t\t\t\t\t\t<\/div>\n\t\t\t\t<\/div>\n\t\t\t\t\t<\/div>\n\t\t\t\t<\/div>\n\t\t\t\t<\/div>","protected":false},"excerpt":{"rendered":"<p>Judit Tak\u00e1cs Sono nata a Budapest nel 1971, da allora bevo e creo. Mi sono diplomata alla Scuola di Design Ambientale di Krea con un diploma in graphic design e poi all'Universit\u00e0 di Kaposv\u00e1r, Facolt\u00e0 di Arte, con un diploma in comunicazione visiva. In seguito, ho frequentato per due anni e mezzo l'Universit\u00e0 di Kaposv\u00e1r, specializzandomi in rappresentazione pittorica - pittura, e contemporaneamente ho frequentato un corso post-laurea di due anni in arteterapia presso l'Universit\u00e0 di P\u00e9cs. Come insegnante di pittura e disegno ho insegnato a bambini [...]<\/p>","protected":false},"author":7,"featured_media":0,"parent":0,"menu_order":0,"comment_status":"closed","ping_status":"closed","template":"","meta":{"footnotes":""},"class_list":["post-12430","page","type-page","status-publish","hentry","entry"],"_links":{"self":[{"href":"https:\/\/ottevenyikastely.hu\/it\/wp-json\/wp\/v2\/pages\/12430","targetHints":{"allow":["GET"]}}],"collection":[{"href":"https:\/\/ottevenyikastely.hu\/it\/wp-json\/wp\/v2\/pages"}],"about":[{"href":"https:\/\/ottevenyikastely.hu\/it\/wp-json\/wp\/v2\/types\/page"}],"author":[{"embeddable":true,"href":"https:\/\/ottevenyikastely.hu\/it\/wp-json\/wp\/v2\/users\/7"}],"replies":[{"embeddable":true,"href":"https:\/\/ottevenyikastely.hu\/it\/wp-json\/wp\/v2\/comments?post=12430"}],"version-history":[{"count":19,"href":"https:\/\/ottevenyikastely.hu\/it\/wp-json\/wp\/v2\/pages\/12430\/revisions"}],"predecessor-version":[{"id":13455,"href":"https:\/\/ottevenyikastely.hu\/it\/wp-json\/wp\/v2\/pages\/12430\/revisions\/13455"}],"wp:attachment":[{"href":"https:\/\/ottevenyikastely.hu\/it\/wp-json\/wp\/v2\/media?parent=12430"}],"curies":[{"name":"wp","href":"https:\/\/api.w.org\/{rel}","templated":true}]}}