{"id":12687,"date":"2025-04-17T11:23:15","date_gmt":"2025-04-17T09:23:15","guid":{"rendered":"https:\/\/ottevenyikastely.hu\/?page_id=12687"},"modified":"2025-05-18T12:16:17","modified_gmt":"2025-05-18T10:16:17","slug":"anita-valter","status":"publish","type":"page","link":"https:\/\/ottevenyikastely.hu\/it\/anita-valter\/","title":{"rendered":"Anita Valter"},"content":{"rendered":"<div data-elementor-type=\"wp-page\" data-elementor-id=\"12687\" class=\"elementor elementor-12687\" data-elementor-post-type=\"page\">\n\t\t\t\t<div class=\"elementor-element elementor-element-0b1a978 e-flex e-con-boxed e-con e-parent\" data-id=\"0b1a978\" data-element_type=\"container\" data-e-type=\"container\">\n\t\t\t\t\t<div class=\"e-con-inner\">\n\t\t\t\t<div class=\"elementor-element elementor-element-558da89 elementor-widget elementor-widget-heading\" data-id=\"558da89\" data-element_type=\"widget\" data-e-type=\"widget\" data-widget_type=\"heading.default\">\n\t\t\t\t<div class=\"elementor-widget-container\">\n\t\t\t\t\t<h2 class=\"elementor-heading-title elementor-size-default\">Anita Valter<\/h2>\t\t\t\t<\/div>\n\t\t\t\t<\/div>\n\t\t\t\t\t<\/div>\n\t\t\t\t<\/div>\n\t\t<div class=\"elementor-element elementor-element-738d94a e-flex e-con-boxed e-con e-parent\" data-id=\"738d94a\" data-element_type=\"container\" data-e-type=\"container\">\n\t\t\t\t\t<div class=\"e-con-inner\">\n\t\t\t\t<div class=\"elementor-element elementor-element-e309d9c elementor-widget elementor-widget-spacer\" data-id=\"e309d9c\" data-element_type=\"widget\" data-e-type=\"widget\" data-widget_type=\"spacer.default\">\n\t\t\t\t<div class=\"elementor-widget-container\">\n\t\t\t\t\t\t\t<div class=\"elementor-spacer\">\n\t\t\t<div class=\"elementor-spacer-inner\"><\/div>\n\t\t<\/div>\n\t\t\t\t\t\t<\/div>\n\t\t\t\t<\/div>\n\t\t\t\t<div class=\"elementor-element elementor-element-eee1fe9 elementor-widget elementor-widget-image\" data-id=\"eee1fe9\" data-element_type=\"widget\" data-e-type=\"widget\" data-widget_type=\"image.default\">\n\t\t\t\t<div class=\"elementor-widget-container\">\n\t\t\t\t\t\t\t\t\t\t\t\t\t\t\t<img fetchpriority=\"high\" decoding=\"async\" width=\"1024\" height=\"768\" src=\"https:\/\/ottevenyikastely.hu\/wp-content\/uploads\/2025\/04\/fekete-feher-Valter-Anita-1024x768.jpeg\" class=\"attachment-large size-large wp-image-12689\" alt=\"\" srcset=\"https:\/\/ottevenyikastely.hu\/wp-content\/uploads\/2025\/04\/fekete-feher-Valter-Anita-1024x768.jpeg 1024w, https:\/\/ottevenyikastely.hu\/wp-content\/uploads\/2025\/04\/fekete-feher-Valter-Anita-300x225.jpeg 300w, https:\/\/ottevenyikastely.hu\/wp-content\/uploads\/2025\/04\/fekete-feher-Valter-Anita-768x576.jpeg 768w, https:\/\/ottevenyikastely.hu\/wp-content\/uploads\/2025\/04\/fekete-feher-Valter-Anita-1536x1152.jpeg 1536w, https:\/\/ottevenyikastely.hu\/wp-content\/uploads\/2025\/04\/fekete-feher-Valter-Anita-2048x1536.jpeg 2048w, https:\/\/ottevenyikastely.hu\/wp-content\/uploads\/2025\/04\/fekete-feher-Valter-Anita-16x12.jpeg 16w\" sizes=\"(max-width: 1024px) 100vw, 1024px\" title=\"\">\t\t\t\t\t\t\t\t\t\t\t\t\t\t\t<\/div>\n\t\t\t\t<\/div>\n\t\t\t\t<div class=\"elementor-element elementor-element-2566721 elementor-widget elementor-widget-text-editor\" data-id=\"2566721\" data-element_type=\"widget\" data-e-type=\"widget\" data-widget_type=\"text-editor.default\">\n\t\t\t\t<div class=\"elementor-widget-container\">\n\t\t\t\t\t\t\t\t\t<p style=\"font-weight: 400;\">Anita Valter vive e lavora a Tata.<\/p><p style=\"font-weight: 400;\">Si \u00e8 laureata in disegno e comunicazione visiva presso l'Eszterh\u00e1zy K\u00e1roly Teacher Training College di Eger, in Ungheria. I suoi insegnanti sono stati P\u00e9ter F\u00f6ldi e Istv\u00e1n Nagy B. Nagy, pittori vincitori del Premio Munk\u00e1csy.  I suoi dipinti evocano l'atmosfera del post-impressionismo moderno, dove l'armonia decorativa di colori, forme e ritmi rivela una visione unica. Una consapevole semplificazione delle forme gioca un ruolo importante nel suo lavoro. Il suo uso del colore trasmette emozioni, lavorando con una tavolozza intuitiva ma ponderata. Le sue composizioni sono pulite e tese, utilizzando linee e piani per costruire paesaggi, dettagli urbani e motivi vegetali che guidano lo sguardo dello spettatore.<\/p><p style=\"font-weight: 400;\">Per lui la pittura \u00e8 un viaggio interiore, durante il quale nascono sorprese e intuizioni. Le sue opere trasmettono non solo una visione, ma anche una sensazione, invitando lo spettatore a fermarsi e a contemplare...<\/p>\t\t\t\t\t\t\t\t<\/div>\n\t\t\t\t<\/div>\n\t\t\t\t\t<\/div>\n\t\t\t\t<\/div>\n\t\t<div class=\"elementor-element elementor-element-db6d199 e-flex e-con-boxed e-con e-parent\" data-id=\"db6d199\" data-element_type=\"container\" data-e-type=\"container\">\n\t\t\t\t\t<div class=\"e-con-inner\">\n\t\t\t\t<div class=\"elementor-element elementor-element-f4f9620 elementor-widget elementor-widget-video\" data-id=\"f4f9620\" data-element_type=\"widget\" data-e-type=\"widget\" data-settings=\"{&quot;youtube_url&quot;:&quot;https:\\\/\\\/www.youtube.com\\\/embed\\\/Rv9ivRAb0Xg?si=N9tomSrlqJFb7Skh&quot;,&quot;video_type&quot;:&quot;youtube&quot;,&quot;controls&quot;:&quot;yes&quot;}\" data-widget_type=\"video.default\">\n\t\t\t\t<div class=\"elementor-widget-container\">\n\t\t\t\t\t\t\t<div class=\"elementor-wrapper elementor-open-inline\">\n\t\t\t<div class=\"elementor-video\"><\/div>\t\t<\/div>\n\t\t\t\t\t\t<\/div>\n\t\t\t\t<\/div>\n\t\t\t\t\t<\/div>\n\t\t\t\t<\/div>\n\t\t<div class=\"elementor-element elementor-element-edcc6ee e-grid e-con-boxed e-con e-parent\" data-id=\"edcc6ee\" data-element_type=\"container\" data-e-type=\"container\">\n\t\t\t\t\t<div class=\"e-con-inner\">\n\t\t\t\t<div class=\"elementor-element elementor-element-1dee4ce elementor-widget elementor-widget-image\" data-id=\"1dee4ce\" data-element_type=\"widget\" data-e-type=\"widget\" data-widget_type=\"image.default\">\n\t\t\t\t<div class=\"elementor-widget-container\">\n\t\t\t\t\t\t\t\t\t\t\t\t\t\t\t<img decoding=\"async\" width=\"768\" height=\"1024\" src=\"https:\/\/ottevenyikastely.hu\/wp-content\/uploads\/2025\/04\/Valter-Anita-2-768x1024.jpeg\" class=\"attachment-large size-large wp-image-12690\" alt=\"\" srcset=\"https:\/\/ottevenyikastely.hu\/wp-content\/uploads\/2025\/04\/Valter-Anita-2-768x1024.jpeg 768w, https:\/\/ottevenyikastely.hu\/wp-content\/uploads\/2025\/04\/Valter-Anita-2-225x300.jpeg 225w, https:\/\/ottevenyikastely.hu\/wp-content\/uploads\/2025\/04\/Valter-Anita-2-1152x1536.jpeg 1152w, https:\/\/ottevenyikastely.hu\/wp-content\/uploads\/2025\/04\/Valter-Anita-2-1536x2048.jpeg 1536w, https:\/\/ottevenyikastely.hu\/wp-content\/uploads\/2025\/04\/Valter-Anita-2-9x12.jpeg 9w, https:\/\/ottevenyikastely.hu\/wp-content\/uploads\/2025\/04\/Valter-Anita-2-scaled.jpeg 1920w\" sizes=\"(max-width: 768px) 100vw, 768px\" title=\"\">\t\t\t\t\t\t\t\t\t\t\t\t\t\t\t<\/div>\n\t\t\t\t<\/div>\n\t\t\t\t<div class=\"elementor-element elementor-element-3e98eb0 elementor-widget elementor-widget-image\" data-id=\"3e98eb0\" data-element_type=\"widget\" data-e-type=\"widget\" data-widget_type=\"image.default\">\n\t\t\t\t<div class=\"elementor-widget-container\">\n\t\t\t\t\t\t\t\t\t\t\t\t\t\t\t<img decoding=\"async\" width=\"768\" height=\"1024\" src=\"https:\/\/ottevenyikastely.hu\/wp-content\/uploads\/2025\/04\/IMG_3113-768x1024.jpeg\" class=\"attachment-large size-large wp-image-12591\" alt=\"\" srcset=\"https:\/\/ottevenyikastely.hu\/wp-content\/uploads\/2025\/04\/IMG_3113-768x1024.jpeg 768w, https:\/\/ottevenyikastely.hu\/wp-content\/uploads\/2025\/04\/IMG_3113-225x300.jpeg 225w, https:\/\/ottevenyikastely.hu\/wp-content\/uploads\/2025\/04\/IMG_3113-1152x1536.jpeg 1152w, https:\/\/ottevenyikastely.hu\/wp-content\/uploads\/2025\/04\/IMG_3113-1536x2048.jpeg 1536w, https:\/\/ottevenyikastely.hu\/wp-content\/uploads\/2025\/04\/IMG_3113-9x12.jpeg 9w, https:\/\/ottevenyikastely.hu\/wp-content\/uploads\/2025\/04\/IMG_3113-scaled.jpeg 1920w\" sizes=\"(max-width: 768px) 100vw, 768px\" title=\"\">\t\t\t\t\t\t\t\t\t\t\t\t\t\t\t<\/div>\n\t\t\t\t<\/div>\n\t\t\t\t<div class=\"elementor-element elementor-element-811f809 elementor-widget elementor-widget-image\" data-id=\"811f809\" data-element_type=\"widget\" data-e-type=\"widget\" data-widget_type=\"image.default\">\n\t\t\t\t<div class=\"elementor-widget-container\">\n\t\t\t\t\t\t\t\t\t\t\t\t\t\t\t<img loading=\"lazy\" decoding=\"async\" width=\"768\" height=\"1024\" src=\"https:\/\/ottevenyikastely.hu\/wp-content\/uploads\/2025\/04\/Valter-Anita-1-768x1024.jpeg\" class=\"attachment-large size-large wp-image-12691\" alt=\"\" srcset=\"https:\/\/ottevenyikastely.hu\/wp-content\/uploads\/2025\/04\/Valter-Anita-1-768x1024.jpeg 768w, https:\/\/ottevenyikastely.hu\/wp-content\/uploads\/2025\/04\/Valter-Anita-1-225x300.jpeg 225w, https:\/\/ottevenyikastely.hu\/wp-content\/uploads\/2025\/04\/Valter-Anita-1-1152x1536.jpeg 1152w, https:\/\/ottevenyikastely.hu\/wp-content\/uploads\/2025\/04\/Valter-Anita-1-1536x2048.jpeg 1536w, https:\/\/ottevenyikastely.hu\/wp-content\/uploads\/2025\/04\/Valter-Anita-1-9x12.jpeg 9w, https:\/\/ottevenyikastely.hu\/wp-content\/uploads\/2025\/04\/Valter-Anita-1-scaled.jpeg 1920w\" sizes=\"(max-width: 768px) 100vw, 768px\" title=\"\">\t\t\t\t\t\t\t\t\t\t\t\t\t\t\t<\/div>\n\t\t\t\t<\/div>\n\t\t\t\t\t<\/div>\n\t\t\t\t<\/div>\n\t\t<div class=\"elementor-element elementor-element-bffd399 e-flex e-con-boxed e-con e-parent\" data-id=\"bffd399\" data-element_type=\"container\" data-e-type=\"container\">\n\t\t\t\t\t<div class=\"e-con-inner\">\n\t\t\t\t<div class=\"elementor-element elementor-element-603b987 elementor-widget elementor-widget-spacer\" data-id=\"603b987\" data-element_type=\"widget\" data-e-type=\"widget\" data-widget_type=\"spacer.default\">\n\t\t\t\t<div class=\"elementor-widget-container\">\n\t\t\t\t\t\t\t<div class=\"elementor-spacer\">\n\t\t\t<div class=\"elementor-spacer-inner\"><\/div>\n\t\t<\/div>\n\t\t\t\t\t\t<\/div>\n\t\t\t\t<\/div>\n\t\t\t\t\t<\/div>\n\t\t\t\t<\/div>\n\t\t<div class=\"elementor-element elementor-element-205484e e-flex e-con-boxed e-con e-parent\" data-id=\"205484e\" data-element_type=\"container\" data-e-type=\"container\">\n\t\t\t\t\t<div class=\"e-con-inner\">\n\t\t\t\t<div class=\"elementor-element elementor-element-042661c elementor-widget elementor-widget-text-editor\" data-id=\"042661c\" data-element_type=\"widget\" data-e-type=\"widget\" data-widget_type=\"text-editor.default\">\n\t\t\t\t<div class=\"elementor-widget-container\">\n\t\t\t\t\t\t\t\t\t<p style=\"text-align: center;\">Per fare un'offerta sulle opere d'arte realizzate qui, cliccare sull'immagine o visitare il sito web <span style=\"text-decoration: underline;\"><strong><a href=\"https:\/\/foldvaryaukcio.hu\" target=\"_blank\" rel=\"noopener\">foldvaryaukcio.hu<\/a><\/strong><\/span> se siete interessati a maggiori dettagli!<\/p>\t\t\t\t\t\t\t\t<\/div>\n\t\t\t\t<\/div>\n\t\t\t\t\t<\/div>\n\t\t\t\t<\/div>\n\t\t<div class=\"elementor-element elementor-element-57447f6 e-grid e-con-boxed e-con e-parent\" data-id=\"57447f6\" data-element_type=\"container\" data-e-type=\"container\">\n\t\t\t\t\t<div class=\"e-con-inner\">\n\t\t\t\t<div class=\"elementor-element elementor-element-54a6826 elementor-widget elementor-widget-image\" data-id=\"54a6826\" data-element_type=\"widget\" data-e-type=\"widget\" data-widget_type=\"image.default\">\n\t\t\t\t<div class=\"elementor-widget-container\">\n\t\t\t\t\t\t\t\t\t\t\t\t<figure class=\"wp-caption\">\n\t\t\t\t\t\t\t\t\t\t\t<a href=\"https:\/\/foldvaryaukcio.hu\/items\/227\" target=\"_blank\" rel=\"noopener\">\n\t\t\t\t\t\t\t<img loading=\"lazy\" decoding=\"async\" width=\"199\" height=\"200\" src=\"https:\/\/ottevenyikastely.hu\/wp-content\/uploads\/2025\/04\/thumb-LrdZPpi8wR9xYNi85HQPSFKvojGmg4oK.jpeg\" class=\"attachment-large size-large wp-image-12704\" alt=\"\" srcset=\"https:\/\/ottevenyikastely.hu\/wp-content\/uploads\/2025\/04\/thumb-LrdZPpi8wR9xYNi85HQPSFKvojGmg4oK.jpeg 199w, https:\/\/ottevenyikastely.hu\/wp-content\/uploads\/2025\/04\/thumb-LrdZPpi8wR9xYNi85HQPSFKvojGmg4oK-150x150.jpeg 150w, https:\/\/ottevenyikastely.hu\/wp-content\/uploads\/2025\/04\/thumb-LrdZPpi8wR9xYNi85HQPSFKvojGmg4oK-12x12.jpeg 12w\" sizes=\"(max-width: 199px) 100vw, 199px\" title=\"\">\t\t\t\t\t\t\t\t<\/a>\n\t\t\t\t\t\t\t\t\t\t\t<figcaption class=\"widget-image-caption wp-caption-text\">clicca qui<\/figcaption>\n\t\t\t\t\t\t\t\t\t\t<\/figure>\n\t\t\t\t\t\t\t\t\t<\/div>\n\t\t\t\t<\/div>\n\t\t\t\t<div class=\"elementor-element elementor-element-8fc8a47 elementor-widget elementor-widget-image\" data-id=\"8fc8a47\" data-element_type=\"widget\" data-e-type=\"widget\" data-widget_type=\"image.default\">\n\t\t\t\t<div class=\"elementor-widget-container\">\n\t\t\t\t\t\t\t\t\t\t\t\t<figure class=\"wp-caption\">\n\t\t\t\t\t\t\t\t\t\t\t<a href=\"https:\/\/foldvaryaukcio.hu\/items\/229\" target=\"_blank\" rel=\"noopener\">\n\t\t\t\t\t\t\t<img loading=\"lazy\" decoding=\"async\" width=\"200\" height=\"200\" src=\"https:\/\/ottevenyikastely.hu\/wp-content\/uploads\/2025\/04\/thumb-33JJE11UFigUZRKovxoEY5Umh6L44QMv.jpeg\" class=\"attachment-large size-large wp-image-12702\" alt=\"\" srcset=\"https:\/\/ottevenyikastely.hu\/wp-content\/uploads\/2025\/04\/thumb-33JJE11UFigUZRKovxoEY5Umh6L44QMv.jpeg 200w, https:\/\/ottevenyikastely.hu\/wp-content\/uploads\/2025\/04\/thumb-33JJE11UFigUZRKovxoEY5Umh6L44QMv-150x150.jpeg 150w, https:\/\/ottevenyikastely.hu\/wp-content\/uploads\/2025\/04\/thumb-33JJE11UFigUZRKovxoEY5Umh6L44QMv-12x12.jpeg 12w\" sizes=\"(max-width: 200px) 100vw, 200px\" title=\"\">\t\t\t\t\t\t\t\t<\/a>\n\t\t\t\t\t\t\t\t\t\t\t<figcaption class=\"widget-image-caption wp-caption-text\">clicca qui<\/figcaption>\n\t\t\t\t\t\t\t\t\t\t<\/figure>\n\t\t\t\t\t\t\t\t\t<\/div>\n\t\t\t\t<\/div>\n\t\t\t\t<div class=\"elementor-element elementor-element-7e67717 elementor-widget elementor-widget-image\" data-id=\"7e67717\" data-element_type=\"widget\" data-e-type=\"widget\" data-widget_type=\"image.default\">\n\t\t\t\t<div class=\"elementor-widget-container\">\n\t\t\t\t\t\t\t\t\t\t\t\t<figure class=\"wp-caption\">\n\t\t\t\t\t\t\t\t\t\t\t<a href=\"https:\/\/foldvaryaukcio.hu\/items\/228\" target=\"_blank\" rel=\"noopener\">\n\t\t\t\t\t\t\t<img loading=\"lazy\" decoding=\"async\" width=\"203\" height=\"200\" src=\"https:\/\/ottevenyikastely.hu\/wp-content\/uploads\/2025\/04\/thumb-ZqsSCfl6aVdKpvMY2lAbeeeo5fAM4x9S.jpeg\" class=\"attachment-large size-large wp-image-12703\" alt=\"\" srcset=\"https:\/\/ottevenyikastely.hu\/wp-content\/uploads\/2025\/04\/thumb-ZqsSCfl6aVdKpvMY2lAbeeeo5fAM4x9S.jpeg 203w, https:\/\/ottevenyikastely.hu\/wp-content\/uploads\/2025\/04\/thumb-ZqsSCfl6aVdKpvMY2lAbeeeo5fAM4x9S-12x12.jpeg 12w\" sizes=\"(max-width: 203px) 100vw, 203px\" title=\"\">\t\t\t\t\t\t\t\t<\/a>\n\t\t\t\t\t\t\t\t\t\t\t<figcaption class=\"widget-image-caption wp-caption-text\">clicca qui<\/figcaption>\n\t\t\t\t\t\t\t\t\t\t<\/figure>\n\t\t\t\t\t\t\t\t\t<\/div>\n\t\t\t\t<\/div>\n\t\t\t\t<div class=\"elementor-element elementor-element-97e501e elementor-widget elementor-widget-image\" data-id=\"97e501e\" data-element_type=\"widget\" data-e-type=\"widget\" data-widget_type=\"image.default\">\n\t\t\t\t<div class=\"elementor-widget-container\">\n\t\t\t\t\t\t\t\t\t\t\t\t<figure class=\"wp-caption\">\n\t\t\t\t\t\t\t\t\t\t\t<a href=\"https:\/\/foldvaryaukcio.hu\/items\/226\" target=\"_blank\" rel=\"noopener\">\n\t\t\t\t\t\t\t<img loading=\"lazy\" decoding=\"async\" width=\"197\" height=\"200\" src=\"https:\/\/ottevenyikastely.hu\/wp-content\/uploads\/2025\/04\/thumb-gUebY0l0tCKQX-W_o9tbt2_fxSYGofvG.jpeg\" class=\"attachment-large size-large wp-image-12705\" alt=\"\" srcset=\"https:\/\/ottevenyikastely.hu\/wp-content\/uploads\/2025\/04\/thumb-gUebY0l0tCKQX-W_o9tbt2_fxSYGofvG.jpeg 197w, https:\/\/ottevenyikastely.hu\/wp-content\/uploads\/2025\/04\/thumb-gUebY0l0tCKQX-W_o9tbt2_fxSYGofvG-12x12.jpeg 12w\" sizes=\"(max-width: 197px) 100vw, 197px\" title=\"\">\t\t\t\t\t\t\t\t<\/a>\n\t\t\t\t\t\t\t\t\t\t\t<figcaption class=\"widget-image-caption wp-caption-text\">clicca qui<\/figcaption>\n\t\t\t\t\t\t\t\t\t\t<\/figure>\n\t\t\t\t\t\t\t\t\t<\/div>\n\t\t\t\t<\/div>\n\t\t\t\t\t<\/div>\n\t\t\t\t<\/div>\n\t\t<div class=\"elementor-element elementor-element-72ae1f1 e-flex e-con-boxed e-con e-parent\" data-id=\"72ae1f1\" data-element_type=\"container\" data-e-type=\"container\">\n\t\t\t\t\t<div class=\"e-con-inner\">\n\t\t\t\t<div class=\"elementor-element elementor-element-a207db5 elementor-widget elementor-widget-video\" data-id=\"a207db5\" data-element_type=\"widget\" data-e-type=\"widget\" data-settings=\"{&quot;youtube_url&quot;:&quot;https:\\\/\\\/youtu.be\\\/Rv9ivRAb0Xg&quot;,&quot;yt_privacy&quot;:&quot;yes&quot;,&quot;video_type&quot;:&quot;youtube&quot;,&quot;controls&quot;:&quot;yes&quot;}\" data-widget_type=\"video.default\">\n\t\t\t\t<div class=\"elementor-widget-container\">\n\t\t\t\t\t\t\t<div class=\"elementor-wrapper elementor-open-inline\">\n\t\t\t<div class=\"elementor-video\"><\/div>\t\t<\/div>\n\t\t\t\t\t\t<\/div>\n\t\t\t\t<\/div>\n\t\t\t\t\t<\/div>\n\t\t\t\t<\/div>\n\t\t\t\t<\/div>","protected":false},"excerpt":{"rendered":"<p>Valter Anita Anita Valter Anita vive e lavora a Tata. Si \u00e8 laureata in disegno e comunicazione visiva presso l'Eszterh\u00e1zy K\u00e1roly Teacher Training College di Eger, in Ungheria. I suoi insegnanti sono stati P\u00e9ter F\u00f6ldi e Istv\u00e1n Nagy B. Nagy, pittori vincitori del Premio Munk\u00e1csy.  I suoi dipinti evocano l'atmosfera del post-impressionismo moderno, dove l'armonia decorativa di colori, forme e ritmi rivela una visione unica. Una consapevole semplificazione delle forme gioca un ruolo importante nel suo lavoro. A [...]<\/p>","protected":false},"author":7,"featured_media":0,"parent":0,"menu_order":0,"comment_status":"closed","ping_status":"closed","template":"","meta":{"footnotes":""},"class_list":["post-12687","page","type-page","status-publish","hentry","entry"],"_links":{"self":[{"href":"https:\/\/ottevenyikastely.hu\/it\/wp-json\/wp\/v2\/pages\/12687","targetHints":{"allow":["GET"]}}],"collection":[{"href":"https:\/\/ottevenyikastely.hu\/it\/wp-json\/wp\/v2\/pages"}],"about":[{"href":"https:\/\/ottevenyikastely.hu\/it\/wp-json\/wp\/v2\/types\/page"}],"author":[{"embeddable":true,"href":"https:\/\/ottevenyikastely.hu\/it\/wp-json\/wp\/v2\/users\/7"}],"replies":[{"embeddable":true,"href":"https:\/\/ottevenyikastely.hu\/it\/wp-json\/wp\/v2\/comments?post=12687"}],"version-history":[{"count":25,"href":"https:\/\/ottevenyikastely.hu\/it\/wp-json\/wp\/v2\/pages\/12687\/revisions"}],"predecessor-version":[{"id":13443,"href":"https:\/\/ottevenyikastely.hu\/it\/wp-json\/wp\/v2\/pages\/12687\/revisions\/13443"}],"wp:attachment":[{"href":"https:\/\/ottevenyikastely.hu\/it\/wp-json\/wp\/v2\/media?parent=12687"}],"curies":[{"name":"wp","href":"https:\/\/api.w.org\/{rel}","templated":true}]}}