{"id":14404,"date":"2025-10-21T15:48:36","date_gmt":"2025-10-21T13:48:36","guid":{"rendered":"https:\/\/ottevenyikastely.hu\/cookie-policy-eu\/"},"modified":"2025-10-21T15:48:36","modified_gmt":"2025-10-21T13:48:36","slug":"politica-dei-cookie-eu","status":"publish","type":"page","link":"https:\/\/ottevenyikastely.hu\/it\/politica-dei-cookie-eu\/","title":{"rendered":"Cookie Policy (EU)"},"content":{"rendered":"<!-- Legal document generated by Complianz | GDPR\/CCPA Cookie Consent https:\/\/wordpress.org\/plugins\/complianz-gdpr -->\n<div id=\"cmplz-document\" class=\"cmplz-document cookie-statement cmplz-document-eu\"><p><i>This Cookie Policy was last updated on 2025.12.11. and applies to citizens and legal permanent residents of the European Economic Area and Switzerland.<\/i><br><\/p><h2>1. Introduzione<\/h2><p>Il nostro sito web, <a href=\"https:\/\/ottevenyikastely.hu\/it\">https:\/\/ottevenyikastely.hu\/it<\/a> (di seguito: \"il sito web\") utilizza i cookie e altre tecnologie correlate (per comodit\u00e0 tutte le tecnologie sono indicate come \"cookie\"). I cookie vengono inseriti anche da terze parti da noi incaricate. Nel documento che segue vi informiamo sull'uso dei cookie sul nostro sito web.<\/p><h2>2. Cosa sono i cookie?<\/h2><p>Un cookie \u00e8 un piccolo e semplice file che viene inviato insieme alle pagine di questo sito web e memorizzato dal vostro browser sul disco rigido del vostro computer o di un altro dispositivo. Le informazioni in esso memorizzate possono essere restituite ai nostri server o ai server delle terze parti interessate durante una visita successiva.<\/p><h2>3. Cosa sono gli script?<\/h2><p>Uno script \u00e8 un pezzo di codice di programma che viene utilizzato per far funzionare il nostro sito web in modo corretto e interattivo. Questo codice viene eseguito sul nostro server o sul vostro dispositivo.<\/p><h2>4. Che cos'\u00e8 un web beacon?<\/h2><p>Un web beacon (o pixel tag) \u00e8 un piccolo pezzo di testo o un'immagine invisibile presente su un sito web che viene utilizzato per monitorare il traffico su un sito web. A tal fine, vari dati sull'utente vengono memorizzati tramite i web beacon.<\/p><h2>5. biscotti<\/h2><p class=\"cmplz-subtitle\">5.1 Cookie tecnici o funzionali<\/p><p>Alcuni cookie garantiscono il corretto funzionamento di alcune parti del sito web e la conoscenza delle preferenze dell'utente. L'inserimento di cookie funzionali facilita la visita al nostro sito web, evitando che l'utente debba inserire ripetutamente le stesse informazioni e che, ad esempio, gli articoli rimangano nel carrello della spesa fino al momento del pagamento. Possiamo inserire questi cookie senza il vostro consenso.<\/p><p class=\"cmplz-subtitle\">5.2 Cookie statistici<\/p><p>Utilizziamo i cookie statistici per ottimizzare l'esperienza del sito web per i nostri utenti. Con questi cookie statistici otteniamo informazioni sull'utilizzo del nostro sito web. Chiediamo il vostro permesso per inserire i cookie statistici.<\/p><p class=\"cmplz-subtitle\">5.3 Cookie pubblicitari<\/p><p>Su questo sito web utilizziamo cookie pubblicitari che ci consentono di ottenere informazioni sui risultati delle campagne, sulla base di un profilo che creiamo in base al vostro comportamento su <a href=\"https:\/\/ottevenyikastely.hu\/it\">https:\/\/ottevenyikastely.hu\/it<\/a>. Con questi cookie l'utente, in quanto visitatore del sito web, \u00e8 collegato a un ID univoco, ma questi cookie non profilano il suo comportamento e i suoi interessi per proporre annunci personalizzati.<\/p><p class=\"cmplz-subtitle\">5.4 Cookie di marketing\/tracciamento<\/p><p>I cookie di marketing\/tracciamento sono cookie o qualsiasi altra forma di memorizzazione locale, utilizzati per creare profili utente al fine di visualizzare pubblicit\u00e0 o per tracciare l'utente su questo sito web o su diversi siti web per scopi di marketing simili.<\/p><p>Poich\u00e9 questi cookie sono contrassegnati come cookie di tracciamento, chiediamo all'utente il permesso di inserirli.<\/p><p class=\"cmplz-subtitle\">5.5 Media sociali<\/p><p>On our website, we have included content from Facebook, TikTok and Instagram to promote web pages (e.g. \u201clike\u201d, \u201cpin\u201d) or share (e.g. \u201ctweet\u201d) on social networks like Facebook, TikTok and Instagram. This content is embedded with code derived from Facebook, TikTok and Instagram and places cookies. This content might store and process certain information for personalized advertising.<\/p><p>Please read the privacy statement of these social networks (which can change regularly) to read what they do with your (personal) data which they process using these cookies. The data that is retrieved is anonymized as much as possible. Facebook, TikTok and Instagram are located in the United States.<\/p><h2>6. Biscotti posizionati<\/h2><div id=\"cmplz-cookies-overview\"><details class=\"cmplz-dropdown cmplz-service-desc cmplz-dropdown-cookiepolicy\">\n\t<summary class=\"cmplz-service-header\"><div>\n\t\t<h3>Miscellaneous<\/h3>\n\t\t<p>Purpose pending investigation<\/p>\n\t\t<label for=\"cmplz_service_miscellaneous\" class=\"cmplz_consent_per_service_label\"><span class=\"screen-reader-text\">Consent to service miscellaneous<\/span><\/label>\n\t\t<input type=\"checkbox\" id=\"cmplz_service_miscellaneous\" class=\"cmplz-accept-service cmplz-hidden\" data-service=\"miscellaneous\" data-category=\"functional\"><\/div>\n\t<\/summary>\n\t<div class=\"cmplz-service-description\">\n\t\t<h4>Usage<\/h4>\n\t\t<p><\/p>\n\t<\/div>\n\t<div class=\"cmplz-sharing-data\">\n\t\t<h4>Sharing data<\/h4>\n\t\t<p>Sharing of data is pending investigation<\/p>\n\t<\/div>\n\t<div class=\"cookies-per-purpose\">\n    <div class=\"purpose\"><h4>Purpose pending investigation<\/h4><\/div>\n    <div class=\"name-header\">\n\t<h5>Nome<\/h5>\n<\/div>\n<div class=\"name\">OptiMonkShopAttributi<\/div>\n<div class=\"retention-header\">\n\t<h5>Scadenza<\/h5>\n<\/div>\n<div class=\"retention\"><\/div>\n<div class=\"function-header\">\n\t<h5>Function<\/h5>\n<\/div>\n<div class=\"function\"><\/div>\n<div class=\"name-header\">\n\t<h5>Nome<\/h5>\n<\/div>\n<div class=\"name\">ultimoReferente Esterno<\/div>\n<div class=\"retention-header\">\n\t<h5>Scadenza<\/h5>\n<\/div>\n<div class=\"retention\"><\/div>\n<div class=\"function-header\">\n\t<h5>Function<\/h5>\n<\/div>\n<div class=\"function\"><\/div>\n<div class=\"name-header\">\n\t<h5>Nome<\/h5>\n<\/div>\n<div class=\"name\">Attributi di OptiMonkVisitor<\/div>\n<div class=\"retention-header\">\n\t<h5>Scadenza<\/h5>\n<\/div>\n<div class=\"retention\"><\/div>\n<div class=\"function-header\">\n\t<h5>Function<\/h5>\n<\/div>\n<div class=\"function\"><\/div>\n<div class=\"name-header\">\n\t<h5>Nome<\/h5>\n<\/div>\n<div class=\"name\">mp_150605b3b9f979922f2ac5a52e2dcfe9_mixpanel<\/div>\n<div class=\"retention-header\">\n\t<h5>Scadenza<\/h5>\n<\/div>\n<div class=\"retention\"><\/div>\n<div class=\"function-header\">\n\t<h5>Function<\/h5>\n<\/div>\n<div class=\"function\"><\/div>\n<div class=\"name-header\">\n\t<h5>Nome<\/h5>\n<\/div>\n<div class=\"name\">ora dell'ultimo riferimento esterno<\/div>\n<div class=\"retention-header\">\n\t<h5>Scadenza<\/h5>\n<\/div>\n<div class=\"retention\"><\/div>\n<div class=\"function-header\">\n\t<h5>Function<\/h5>\n<\/div>\n<div class=\"function\"><\/div>\n<div class=\"name-header\">\n\t<h5>Nome<\/h5>\n<\/div>\n<div class=\"name\">om-paese<\/div>\n<div class=\"retention-header\">\n\t<h5>Scadenza<\/h5>\n<\/div>\n<div class=\"retention\"><\/div>\n<div class=\"function-header\">\n\t<h5>Function<\/h5>\n<\/div>\n<div class=\"function\"><\/div>\n<div class=\"name-header\">\n\t<h5>Nome<\/h5>\n<\/div>\n<div class=\"name\">om-ip_block<\/div>\n<div class=\"retention-header\">\n\t<h5>Scadenza<\/h5>\n<\/div>\n<div class=\"retention\"><\/div>\n<div class=\"function-header\">\n\t<h5>Function<\/h5>\n<\/div>\n<div class=\"function\"><\/div>\n<div class=\"name-header\">\n\t<h5>Nome<\/h5>\n<\/div>\n<div class=\"name\">wpEmojiSettingsSupports<\/div>\n<div class=\"retention-header\">\n\t<h5>Scadenza<\/h5>\n<\/div>\n<div class=\"retention\"><\/div>\n<div class=\"function-header\">\n\t<h5>Function<\/h5>\n<\/div>\n<div class=\"function\"><\/div>\n<div class=\"name-header\">\n\t<h5>Nome<\/h5>\n<\/div>\n<div class=\"name\">mp_gen_new_tab_id_mixpanel_150605b3b9f979922f2ac5a52e2dcfe9<\/div>\n<div class=\"retention-header\">\n\t<h5>Scadenza<\/h5>\n<\/div>\n<div class=\"retention\"><\/div>\n<div class=\"function-header\">\n\t<h5>Function<\/h5>\n<\/div>\n<div class=\"function\"><\/div>\n<div class=\"name-header\">\n\t<h5>Nome<\/h5>\n<\/div>\n<div class=\"name\">_cltk<\/div>\n<div class=\"retention-header\">\n\t<h5>Scadenza<\/h5>\n<\/div>\n<div class=\"retention\"><\/div>\n<div class=\"function-header\">\n\t<h5>Function<\/h5>\n<\/div>\n<div class=\"function\"><\/div>\n<div class=\"name-header\">\n\t<h5>Nome<\/h5>\n<\/div>\n<div class=\"name\">mp_tab_id_mixpanel_150605b3b9f979922f2ac5a52e2dcfe9<\/div>\n<div class=\"retention-header\">\n\t<h5>Scadenza<\/h5>\n<\/div>\n<div class=\"retention\"><\/div>\n<div class=\"function-header\">\n\t<h5>Function<\/h5>\n<\/div>\n<div class=\"function\"><\/div>\n<div class=\"name-header\">\n\t<h5>Nome<\/h5>\n<\/div>\n<div class=\"name\">_clsk<\/div>\n<div class=\"retention-header\">\n\t<h5>Scadenza<\/h5>\n<\/div>\n<div class=\"retention\"><\/div>\n<div class=\"function-header\">\n\t<h5>Function<\/h5>\n<\/div>\n<div class=\"function\"><\/div>\n<div class=\"name-header\">\n\t<h5>Nome<\/h5>\n<\/div>\n<div class=\"name\">_fbp<\/div>\n<div class=\"retention-header\">\n\t<h5>Scadenza<\/h5>\n<\/div>\n<div class=\"retention\"><\/div>\n<div class=\"function-header\">\n\t<h5>Function<\/h5>\n<\/div>\n<div class=\"function\"><\/div>\n<div class=\"name-header\">\n\t<h5>Nome<\/h5>\n<\/div>\n<div class=\"name\">cookie s\u00ec-consenso<\/div>\n<div class=\"retention-header\">\n\t<h5>Scadenza<\/h5>\n<\/div>\n<div class=\"retention\"><\/div>\n<div class=\"function-header\">\n\t<h5>Function<\/h5>\n<\/div>\n<div class=\"function\"><\/div>\n<div class=\"name-header\">\n\t<h5>Nome<\/h5>\n<\/div>\n<div class=\"name\">optiMonkClient<\/div>\n<div class=\"retention-header\">\n\t<h5>Scadenza<\/h5>\n<\/div>\n<div class=\"retention\"><\/div>\n<div class=\"function-header\">\n\t<h5>Function<\/h5>\n<\/div>\n<div class=\"function\"><\/div>\n<div class=\"name-header\">\n\t<h5>Nome<\/h5>\n<\/div>\n<div class=\"name\">_hjSessionUser_5038277<\/div>\n<div class=\"retention-header\">\n\t<h5>Scadenza<\/h5>\n<\/div>\n<div class=\"retention\"><\/div>\n<div class=\"function-header\">\n\t<h5>Function<\/h5>\n<\/div>\n<div class=\"function\"><\/div>\n<div class=\"name-header\">\n\t<h5>Nome<\/h5>\n<\/div>\n<div class=\"name\">trp_lingua<\/div>\n<div class=\"retention-header\">\n\t<h5>Scadenza<\/h5>\n<\/div>\n<div class=\"retention\"><\/div>\n<div class=\"function-header\">\n\t<h5>Function<\/h5>\n<\/div>\n<div class=\"function\"><\/div>\n<div class=\"name-header\">\n\t<h5>Nome<\/h5>\n<\/div>\n<div class=\"name\">_hjSession_5038277<\/div>\n<div class=\"retention-header\">\n\t<h5>Scadenza<\/h5>\n<\/div>\n<div class=\"retention\"><\/div>\n<div class=\"function-header\">\n\t<h5>Function<\/h5>\n<\/div>\n<div class=\"function\"><\/div>\n<div class=\"name-header\">\n\t<h5>Nome<\/h5>\n<\/div>\n<div class=\"name\">_clck<\/div>\n<div class=\"retention-header\">\n\t<h5>Scadenza<\/h5>\n<\/div>\n<div class=\"retention\"><\/div>\n<div class=\"function-header\">\n\t<h5>Function<\/h5>\n<\/div>\n<div class=\"function\"><\/div>\n<div class=\"name-header\">\n\t<h5>Nome<\/h5>\n<\/div>\n<div class=\"name\">optiMonkSession<\/div>\n<div class=\"retention-header\">\n\t<h5>Scadenza<\/h5>\n<\/div>\n<div class=\"retention\"><\/div>\n<div class=\"function-header\">\n\t<h5>Function<\/h5>\n<\/div>\n<div class=\"function\"><\/div>\n<div class=\"name-header\">\n\t<h5>Nome<\/h5>\n<\/div>\n<div class=\"name\">optiMonkClientId<\/div>\n<div class=\"retention-header\">\n\t<h5>Scadenza<\/h5>\n<\/div>\n<div class=\"retention\"><\/div>\n<div class=\"function-header\">\n\t<h5>Function<\/h5>\n<\/div>\n<div class=\"function\"><\/div>\n<div class=\"name-header\">\n\t<h5>Nome<\/h5>\n<\/div>\n<div class=\"name\">wp-impostazioni-3<\/div>\n<div class=\"retention-header\">\n\t<h5>Scadenza<\/h5>\n<\/div>\n<div class=\"retention\"><\/div>\n<div class=\"function-header\">\n\t<h5>Function<\/h5>\n<\/div>\n<div class=\"function\"><\/div>\n<div class=\"name-header\">\n\t<h5>Nome<\/h5>\n<\/div>\n<div class=\"name\">wp-impostazioni-tempo-3<\/div>\n<div class=\"retention-header\">\n\t<h5>Scadenza<\/h5>\n<\/div>\n<div class=\"retention\"><\/div>\n<div class=\"function-header\">\n\t<h5>Function<\/h5>\n<\/div>\n<div class=\"function\"><\/div>\n<div class=\"name-header\">\n\t<h5>Nome<\/h5>\n<\/div>\n<div class=\"name\">wfwaf-authcookie-3c558ec299dd06af703b065a1da8d061<\/div>\n<div class=\"retention-header\">\n\t<h5>Scadenza<\/h5>\n<\/div>\n<div class=\"retention\"><\/div>\n<div class=\"function-header\">\n\t<h5>Function<\/h5>\n<\/div>\n<div class=\"function\"><\/div>\n<div class=\"name-header\">\n\t<h5>Nome<\/h5>\n<\/div>\n<div class=\"name\">_lscache_vary<\/div>\n<div class=\"retention-header\">\n\t<h5>Scadenza<\/h5>\n<\/div>\n<div class=\"retention\"><\/div>\n<div class=\"function-header\">\n\t<h5>Function<\/h5>\n<\/div>\n<div class=\"function\"><\/div>\n<div class=\"name-header\">\n\t<h5>Nome<\/h5>\n<\/div>\n<div class=\"name\">wordpress_logged_in_d4ce816f911f8827e0383a82fddd148c<\/div>\n<div class=\"retention-header\">\n\t<h5>Scadenza<\/h5>\n<\/div>\n<div class=\"retention\"><\/div>\n<div class=\"function-header\">\n\t<h5>Function<\/h5>\n<\/div>\n<div class=\"function\"><\/div>\n<div class=\"name-header\">\n\t<h5>Nome<\/h5>\n<\/div>\n<div class=\"name\">wordpress_test_cookie<\/div>\n<div class=\"retention-header\">\n\t<h5>Scadenza<\/h5>\n<\/div>\n<div class=\"retention\"><\/div>\n<div class=\"function-header\">\n\t<h5>Function<\/h5>\n<\/div>\n<div class=\"function\"><\/div>\n<div class=\"name-header\">\n\t<h5>Nome<\/h5>\n<\/div>\n<div class=\"name\">cmplz_funzionale<\/div>\n<div class=\"retention-header\">\n\t<h5>Scadenza<\/h5>\n<\/div>\n<div class=\"retention\">365 days<\/div>\n<div class=\"function-header\">\n\t<h5>Function<\/h5>\n<\/div>\n<div class=\"function\"><\/div>\n<div class=\"name-header\">\n\t<h5>Nome<\/h5>\n<\/div>\n<div class=\"name\">cmplz_statistica<\/div>\n<div class=\"retention-header\">\n\t<h5>Scadenza<\/h5>\n<\/div>\n<div class=\"retention\">365 days<\/div>\n<div class=\"function-header\">\n\t<h5>Function<\/h5>\n<\/div>\n<div class=\"function\"><\/div>\n<div class=\"name-header\">\n\t<h5>Nome<\/h5>\n<\/div>\n<div class=\"name\">cmplz_preferences<\/div>\n<div class=\"retention-header\">\n\t<h5>Scadenza<\/h5>\n<\/div>\n<div class=\"retention\">365 days<\/div>\n<div class=\"function-header\">\n\t<h5>Function<\/h5>\n<\/div>\n<div class=\"function\"><\/div>\n<div class=\"name-header\">\n\t<h5>Nome<\/h5>\n<\/div>\n<div class=\"name\">cmplz_marketing<\/div>\n<div class=\"retention-header\">\n\t<h5>Scadenza<\/h5>\n<\/div>\n<div class=\"retention\">365 days<\/div>\n<div class=\"function-header\">\n\t<h5>Function<\/h5>\n<\/div>\n<div class=\"function\"><\/div>\n<div class=\"name-header\">\n\t<h5>Nome<\/h5>\n<\/div>\n<div class=\"name\">cmplz_dati_utente<\/div>\n<div class=\"retention-header\">\n\t<h5>Scadenza<\/h5>\n<\/div>\n<div class=\"retention\">365 days<\/div>\n<div class=\"function-header\">\n\t<h5>Function<\/h5>\n<\/div>\n<div class=\"function\"><\/div>\n<div class=\"name-header\">\n\t<h5>Nome<\/h5>\n<\/div>\n<div class=\"name\">cmplz_banner-status<\/div>\n<div class=\"retention-header\">\n\t<h5>Scadenza<\/h5>\n<\/div>\n<div class=\"retention\">365 days<\/div>\n<div class=\"function-header\">\n\t<h5>Function<\/h5>\n<\/div>\n<div class=\"function\"><\/div>\n<div class=\"name-header\">\n\t<h5>Nome<\/h5>\n<\/div>\n<div class=\"name\">cmplz_consented_services<\/div>\n<div class=\"retention-header\">\n\t<h5>Scadenza<\/h5>\n<\/div>\n<div class=\"retention\">365 days<\/div>\n<div class=\"function-header\">\n\t<h5>Function<\/h5>\n<\/div>\n<div class=\"function\"><\/div>\n<div class=\"name-header\">\n\t<h5>Nome<\/h5>\n<\/div>\n<div class=\"name\">cmplz_policy_id<\/div>\n<div class=\"retention-header\">\n\t<h5>Scadenza<\/h5>\n<\/div>\n<div class=\"retention\">365 days<\/div>\n<div class=\"function-header\">\n\t<h5>Function<\/h5>\n<\/div>\n<div class=\"function\"><\/div>\n<div class=\"name-header\">\n\t<h5>Nome<\/h5>\n<\/div>\n<div class=\"name\">elemento<\/div>\n<div class=\"retention-header\">\n\t<h5>Scadenza<\/h5>\n<\/div>\n<div class=\"retention\"><\/div>\n<div class=\"function-header\">\n\t<h5>Function<\/h5>\n<\/div>\n<div class=\"function\"><\/div>\n<div class=\"name-header\">\n\t<h5>Nome<\/h5>\n<\/div>\n<div class=\"name\">topicsLastReferenceTime<\/div>\n<div class=\"retention-header\">\n\t<h5>Scadenza<\/h5>\n<\/div>\n<div class=\"retention\"><\/div>\n<div class=\"function-header\">\n\t<h5>Function<\/h5>\n<\/div>\n<div class=\"function\"><\/div>\n<div class=\"name-header\">\n\t<h5>Nome<\/h5>\n<\/div>\n<div class=\"name\">e_globals<\/div>\n<div class=\"retention-header\">\n\t<h5>Scadenza<\/h5>\n<\/div>\n<div class=\"retention\"><\/div>\n<div class=\"function-header\">\n\t<h5>Function<\/h5>\n<\/div>\n<div class=\"function\"><\/div>\n<div class=\"name-header\">\n\t<h5>Nome<\/h5>\n<\/div>\n<div class=\"name\">e_kit-elements-defaults<\/div>\n<div class=\"retention-header\">\n\t<h5>Scadenza<\/h5>\n<\/div>\n<div class=\"retention\"><\/div>\n<div class=\"function-header\">\n\t<h5>Function<\/h5>\n<\/div>\n<div class=\"function\"><\/div>\n<div class=\"name-header\">\n\t<h5>Nome<\/h5>\n<\/div>\n<div class=\"name\">_ga<\/div>\n<div class=\"retention-header\">\n\t<h5>Scadenza<\/h5>\n<\/div>\n<div class=\"retention\"><\/div>\n<div class=\"function-header\">\n\t<h5>Function<\/h5>\n<\/div>\n<div class=\"function\"><\/div>\n<div class=\"name-header\">\n\t<h5>Nome<\/h5>\n<\/div>\n<div class=\"name\">_ga_LVTHHMRK6T<\/div>\n<div class=\"retention-header\">\n\t<h5>Scadenza<\/h5>\n<\/div>\n<div class=\"retention\"><\/div>\n<div class=\"function-header\">\n\t<h5>Function<\/h5>\n<\/div>\n<div class=\"function\"><\/div>\n<div class=\"name-header\">\n\t<h5>Nome<\/h5>\n<\/div>\n<div class=\"name\">hjViewportId<\/div>\n<div class=\"retention-header\">\n\t<h5>Scadenza<\/h5>\n<\/div>\n<div class=\"retention\"><\/div>\n<div class=\"function-header\">\n\t<h5>Function<\/h5>\n<\/div>\n<div class=\"function\"><\/div>\n\n<\/div>\n<\/details>\n<\/div><h2>7. Consenso<\/h2><p>Quando visitate il nostro sito web per la prima volta, vi mostreremo un pop-up con una spiegazione sui cookie. Non appena cliccate su \"Salva\", acconsentite all'utilizzo delle categorie di cookie e plug-in selezionate nel pop-up, come descritto nella presente Politica sui cookie. Potete disabilitare l'uso dei cookie tramite il vostro browser, ma tenete presente che il nostro sito web potrebbe non funzionare pi\u00f9 correttamente.<\/p><p class=\"cmplz-subtitle\">7.1 Gestione delle impostazioni di consenso<\/p><div id=\"cmplz-manage-consent-container-nojavascript\">You have loaded the Cookie Policy without javascript support.&nbsp;On AMP, you can use the manage consent button on the bottom of the page.<\/div><div id=\"cmplz-manage-consent-container\" class=\"cmplz-manage-consent-container\"><\/div><h2>8. Abilitazione\/disabilitazione e cancellazione dei cookie<\/h2><p>\u00c8 possibile utilizzare il browser Internet per eliminare automaticamente o manualmente i cookie, oppure specificare che determinati cookie non possono essere inseriti. Un'altra possibilit\u00e0 \u00e8 quella di modificare le impostazioni del browser Internet in modo da ricevere un messaggio ogni volta che viene inserito un cookie. Per ulteriori informazioni su queste opzioni, consultare le istruzioni nella sezione Aiuto del browser.<\/p><p>Si prega di notare che il nostro sito web potrebbe non funzionare correttamente se tutti i cookie sono disabilitati. Se cancellate i cookie nel vostro browser, essi verranno nuovamente inseriti dopo il vostro consenso quando visiterete nuovamente il nostro sito web.<\/p><h2>9. I vostri diritti in materia di dati personali<\/h2><p>L'utente ha i seguenti diritti in relazione ai propri dati personali:<\/p><ul>\n                    <li>Avete il diritto di sapere perch\u00e9 i vostri dati personali sono necessari, che fine faranno e per quanto tempo saranno conservati.<\/li>\n                    <li>Diritto di accesso: avete il diritto di accedere ai vostri dati personali che ci sono noti.<\/li>\n                    <li>Diritto di rettifica: avete il diritto di integrare, rettificare, far cancellare o bloccare i vostri dati personali ogni volta che lo desiderate.<\/li>\n                    <li>Se ci avete dato il consenso al trattamento dei vostri dati, avete il diritto di revocare tale consenso e di far cancellare i vostri dati personali.<\/li>\n                    <li>Diritto di trasferimento dei dati: l'utente ha il diritto di richiedere tutti i suoi dati personali al responsabile del trattamento e di trasferirli integralmente a un altro responsabile del trattamento.<\/li>\n                    <li>Diritto di opposizione: l'utente pu\u00f2 opporsi al trattamento dei propri dati e noi lo rispettiamo, a meno che non vi siano motivi giustificati per il trattamento.<\/li>\n                <\/ul><p>Per esercitare questi diritti, si prega di contattarci.Si prega di fare riferimento ai dettagli di contatto in fondo alla presente Informativa sui cookie.Se avete un reclamo sul modo in cui trattiamo i vostri dati, ci piacerebbe sentirvi, ma avete anche il diritto di presentare un reclamo all'autorit\u00e0 di controllo (l'Autorit\u00e0 per la protezione dei dati).<\/p><h2>10. Dettagli di contatto<\/h2><p>Per domande e\/o commenti sulla nostra Politica sui cookie e sulla presente informativa, si prega di contattarci utilizzando i seguenti recapiti:<\/p><p><span class=\"cmplz-contact-organisation\">Garzon Plaza Ltd.<\/span><br>\n                      <span class=\"cmplz-contact-address\">9024 Gy\u0151r, Vasv\u00e1ri P\u00e1l utca 1. B. \u00e9p.<\/span><br>\n                      <span class=\"cmplz-contact-country\">Ungheria<\/span><br>\n                    Sito web: <span class=\"cmplz-contact-domain\"><a href=\"https:\/\/ottevenyikastely.hu\/it\">https:\/\/ottevenyikastely.hu\/it<\/a><\/span><br>\n                    E-mail: <span class=\"cmplz-contact-email\">office@garzonplaza.hu<\/span><br>\n                    <span class=\"cmplz-contact-telephone\">Numero di telefono: +36302307598<\/span><\/p><p>La presente Informativa sui cookie \u00e8 stata sincronizzata con <a href=\"https:\/\/cookiedatabase.org\/\" target=\"_blank\" rel=\"noopener\">cookiedatabase.org<\/a> on 2026.03.31..<\/p><\/div>","protected":false},"excerpt":{"rendered":"","protected":false},"author":3,"featured_media":0,"parent":0,"menu_order":0,"comment_status":"closed","ping_status":"closed","template":"","meta":{"footnotes":""},"class_list":["post-14404","page","type-page","status-publish","hentry","entry"],"_links":{"self":[{"href":"https:\/\/ottevenyikastely.hu\/it\/wp-json\/wp\/v2\/pages\/14404","targetHints":{"allow":["GET"]}}],"collection":[{"href":"https:\/\/ottevenyikastely.hu\/it\/wp-json\/wp\/v2\/pages"}],"about":[{"href":"https:\/\/ottevenyikastely.hu\/it\/wp-json\/wp\/v2\/types\/page"}],"author":[{"embeddable":true,"href":"https:\/\/ottevenyikastely.hu\/it\/wp-json\/wp\/v2\/users\/3"}],"replies":[{"embeddable":true,"href":"https:\/\/ottevenyikastely.hu\/it\/wp-json\/wp\/v2\/comments?post=14404"}],"version-history":[{"count":0,"href":"https:\/\/ottevenyikastely.hu\/it\/wp-json\/wp\/v2\/pages\/14404\/revisions"}],"wp:attachment":[{"href":"https:\/\/ottevenyikastely.hu\/it\/wp-json\/wp\/v2\/media?parent=14404"}],"curies":[{"name":"wp","href":"https:\/\/api.w.org\/{rel}","templated":true}]}}