{"id":4007,"date":"2023-06-12T12:12:22","date_gmt":"2023-06-12T10:12:22","guid":{"rendered":"https:\/\/ottevenyikastely.hu\/?page_id=4007"},"modified":"2024-03-11T14:20:47","modified_gmt":"2024-03-11T13:20:47","slug":"gastronomia-antica","status":"publish","type":"page","link":"https:\/\/ottevenyikastely.hu\/it\/gastronomia-antica\/","title":{"rendered":"Gastronomia antica"},"content":{"rendered":"<div  class=\"one withsmallpadding ppb_text_image withbg parallax\" style=\"background-image:url(https:\/\/ottevenyikastely.hu\/wp-content\/uploads\/2023\/07\/elegant-restaurant-table-setting-service-for-recep-2022-12-16-00-11-59-utc.jpg);background-position: center top;text-align:center;padding:280px 0 280px 0;color:#ffffff !important;\" >\n<div class=\"overlay_background\" style=\"background:#000000;background:rgb(0,0,0,0.3);background:rgba(0,0,0,0.3);\"><\/div>\n<div class=\"standard_wrapper\">\n<div class=\"page_content_wrapper\">\n<div class=\"inner\">\n<div style=\"margin:auto;width:65%\">\n<h1 style=\"color: #fff; font-size: 46px;\"><\/h1>\n<h2 class=\"widgettitle\" style=\"color: #fff; border-color: #fff; margin-top: 20px;\"><\/h2>\n<h1 style=\"color: #fff; font-size: 60px;\">GASTRONOMIA<\/h1>\n<h2 class=\"widgettitle\" style=\"color: #fff; border-color: #0000; font-size: 28px; text-align: center;\">TEAM PROFESSIONALE, AMBIENTE ESCLUSIVO, SERVIZIO PREMIUM<\/h2>\n<\/div>\n<\/div>\n<\/div>\n<\/div>\n<\/div>\n<div  class=\"ppb_image_half_boxed_fixed_width one\" style=\"margin-top:40px;margin-bottom:40px;\" >\n<div class=\"standard_wrapper\">\n<div class=\"page_content_wrapper\">\n<div class=\"inner\">\n<div class=\"one_half content_middle fixed\" style=\"padding:30px; text-align:center;min-height:1000px;background-color:#ffffff;\">\n<div class=\"content_middle_wrapper\">\n<div class=\"content_middle_content\">\n<h2 class=\"ppb_title\" style=\"color:#000000;\">CHEF STELLATO IN CUCINA<\/h2>\n<div class=\"ppb_header_content\">\n<p style=\"text-align: justify;\">Raccomandiamo con orgoglio i capolavori gastronomici dell'Executive Chef Suga P\u00e9ter e del suo meraviglioso team. Per rendere il vostro evento indimenticabile, ci impegniamo a preparare il cibo e le bevande pi\u00f9 adatte ai vostri desideri. Ogni evento viene trattato da noi in modo individuale, che si tratti di un matrimonio, di una conferenza o di qualsiasi altro evento.<br \/>\nPer i matrimoni possiamo offrire una prenotazione di 160 posti a sedere in tavoli rotondi con servizio al piatto, per le conferenze possiamo offrire una prenotazione di 200 posti a sedere in tavoli rotondi e quando si organizzano eventi pi\u00f9 grandi possiamo fornire un servizio per 300 persone in un ricevimento in piedi nel ristorante centrale del castello.<br \/>\nSuga P\u00e9ter \u00e8 un rinomato chef che ha iniziato la sua carriera a Miskolc e si \u00e8 trasferito a Gy\u0151r passando per i ristoranti di Budapest Gundel, Paradiso e Kempinski, dove ha continuato a lavorare come chef al Pati\u00f3 e poi al ristorante La mareda. I suoi successi europei nelle competizioni includono l'argento olimpico e l'oro ai campionati mondiali. Suga P\u00e9ter crea menu per cene a tema, organizza serate enologiche con i pi\u00f9 prestigiosi produttori di vino, ha fondato un club di cucina e partecipa a giurie di concorsi ed esami di camera. Il suo nome \u00e8 sinonimo di gastronomia di qualit\u00e0.<br \/>\nAffidateci le vostre esperienze gastronomiche e lasciatevi tentare dai bocconi pi\u00f9 prelibati, sperando che questo vi aiuti a soddisfare le vostre esigenze!<br \/>\nI riferimenti delle presentazioni sono disponibili qui: : <a href=\"https:\/\/ottevenyikastely.hu\/it\/?galleries=gallery-flow&#038;lang=hu\">Nella galleria<\/a><\/p>\n<\/div>\n<\/div>\n<\/div>\n<\/div>\n<div class=\"one_half content_middle last\" style=\"background-image:url(https:\/\/ottevenyikastely.hu\/wp-content\/uploads\/2023\/06\/HBP04444_retus.jpg);min-height:1000px;\"><\/div>\n<p><br class=\"clear\"\/><\/div>\n<\/div>\n<\/div>\n<\/div>\n<div  class=\"one ppb_fullwidth_button\" style=\"padding:40px 0 40px 0;background-color:#ffffff;\" >\n<div class=\"standard_wrapper\">\n<h2 class=\"title\" style=\"color:;\">PRENOTAZIONE E VERIFICA DELL'APPUNTAMENTO<\/h2>\n<p><a href=\"https:\/\/ottevenyikastely.hu\/it\/occupato2\/\" class=\"button\" >Prenotazione<\/a><\/div>\n<\/div>\n<div  class=\"ppb_image_half_boxed_fixed_width one\" style=\"margin-top:40px;\" >\n<div class=\"standard_wrapper\">\n<div class=\"page_content_wrapper\">\n<div class=\"inner\">\n<div class=\"one_half content_middle\" style=\"background-image:url(https:\/\/ottevenyikastely.hu\/wp-content\/uploads\/2023\/07\/torta_20220923_104916.jpg);min-height:1000px;\"><\/div>\n<div class=\"one_half last content_middle fixed\" style=\"padding:40px;text-align:center;min-height:1000px; background-color:#ffffff;\">\n<div class=\"content_middle_wrapper\">\n<div class=\"content_middle_content\">\n<h2 class=\"ppb_title\" style=\"\">SCOPRITE LE SPECIALIT\u00c0 DELLA PASTICCERIA CON KRISZTI\u00c1N VARGA<\/h2>\n<div class=\"ppb_header_content\">\n<p style=\"text-align: justify;\">... da oltre tre decenni un fedele maestro dell'arte della pasticceria! Kriszti\u00e1n gestisce la <strong>Pasticceria Toscana<\/strong> a Gy\u0151r come maestro pasticcere, orgoglioso di rappresentare l'arte tradizionale della pasticceria, lavorando solo con ingredienti naturali e vera panna. Se sceglierete lui per la vostra torta nuziale, non rimarrete certamente delusi.<\/p>\n<p style=\"text-align: justify;\">Non decidete alla cieca! Assaggiate il gusto unico dei dolci preparati al momento alla Pasticceria Toscana di Gy\u0151r e sentite la vera qualit\u00e0. Oltre alle torte, offriamo anche pasticceria dolce e salata e prepariamo confezioni di addio per dare ai vostri ospiti un regalo adeguato come ringraziamento.<\/p>\n<p style=\"text-align: justify;\">Ordinate la vostra torta al prezzo di Gy\u0151r, ma con una qualit\u00e0 di livello mondiale! Visitate il sito web della pasticceria Toscana,<\/p>\n<div class=\"standard_wrapper\" style=\"text-align: justify;\">\n<p style=\"text-align: center;\"><a class=\"button\" href=\"https:\/\/toscanacukraszda.hu\/eskuvoi-tortak\/?utm_source=kastely_honlap&#038;utm_medium=Referral&#038;utm_campaign=kastely_honlap\" target=\"_blank\" rel=\"noopener\">Toscana web<\/a><\/p>\n<p>oppure date un'occhiata alla nostra galleria di torte nuziali!<\/p>\n<\/div>\n<div class=\"standard_wrapper\" style=\"text-align: center;\"><a class=\"button\" href=\"https:\/\/ottevenyikastely.hu\/it\/galleries\/toscana-cukraszda-eskuvoi-tortai\/\">Galleria di torte<\/a><\/div>\n<div style=\"text-align: justify;\"><\/div>\n<div class=\"standard_wrapper\" style=\"text-align: justify;\">\n<p style=\"text-align: justify;\">Per un aiuto, contattate un nostro collaboratore o scrivete direttamente al maestro e chiedete un preventivo personalizzato a <a href=\"mailto:rendeles@toscanacukraszda.hu\">rendeles@toscanacukraszda.hu<\/a>per coronare i momenti pi\u00f9 importanti!<\/p>\n<\/div>\n<\/div>\n<\/div>\n<\/div>\n<\/div>\n<p><br class=\"clear\"\/><\/div>\n<\/div>\n<\/div>\n<\/div>\n<div  class=\"one ppb_fullwidth_button\" style=\"padding:35px 0 35px 0;background-color:#ffffff;margin-top:40px;\" >\n<div class=\"standard_wrapper\"><a href=\"https:\/\/ottevenyikastely.hu\/de\/essens-und-getraenkekonsum\/\" class=\"button\">Raccomandazioni su cibo e bevande<\/a><\/div>\n<\/div>\n<div  class=\"one withsmallpadding ppb_header parallax withbg\" style=\"background-image:url(https:\/\/ottevenyikastely.hu\/wp-content\/uploads\/2023\/07\/elegant-catering-table-set-service-with-silverware-2021-09-03-07-43-23-utc.jpg);background-position: center center;text-align:center;padding:280px 0 280px 0;color:#ffffff;\" >\n<div class=\"overlay_background\" style=\"background:#000000;background:rgb(0,0,0,0.2);background:rgba(0,0,0,0.2);\"><\/div>\n<div class=\"standard_wrapper\">\n<div class=\"page_content_wrapper\">\n<div class=\"inner\">\n<div style=\"margin:auto;width:75%\"><\/div>\n<\/div>\n<\/div>\n<\/div>\n<\/div>","protected":false},"excerpt":{"rendered":"<p>GASTRONOMIA SQUADRA PROFESSIONALE, SERVIZIO ESCLUSIVO, SERVIZIO PREMIUM CHEF STELLARE IN CUCINA Siamo orgogliosi di raccomandare i capolavori gastronomici dell'Executive Chef Suga P\u00e9ter e della sua meravigliosa squadra. Per rendere il vostro evento indimenticabile, ci impegniamo a preparare il cibo e le bevande pi\u00f9 adatte ai vostri desideri. Ogni evento viene trattato da noi in modo individuale, che si tratti di un matrimonio, [...]<\/p>","protected":false},"author":3,"featured_media":0,"parent":0,"menu_order":0,"comment_status":"closed","ping_status":"closed","template":"","meta":{"footnotes":""},"class_list":["post-4007","page","type-page","status-publish","hentry","entry"],"_links":{"self":[{"href":"https:\/\/ottevenyikastely.hu\/it\/wp-json\/wp\/v2\/pages\/4007","targetHints":{"allow":["GET"]}}],"collection":[{"href":"https:\/\/ottevenyikastely.hu\/it\/wp-json\/wp\/v2\/pages"}],"about":[{"href":"https:\/\/ottevenyikastely.hu\/it\/wp-json\/wp\/v2\/types\/page"}],"author":[{"embeddable":true,"href":"https:\/\/ottevenyikastely.hu\/it\/wp-json\/wp\/v2\/users\/3"}],"replies":[{"embeddable":true,"href":"https:\/\/ottevenyikastely.hu\/it\/wp-json\/wp\/v2\/comments?post=4007"}],"version-history":[{"count":0,"href":"https:\/\/ottevenyikastely.hu\/it\/wp-json\/wp\/v2\/pages\/4007\/revisions"}],"wp:attachment":[{"href":"https:\/\/ottevenyikastely.hu\/it\/wp-json\/wp\/v2\/media?parent=4007"}],"curies":[{"name":"wp","href":"https:\/\/api.w.org\/{rel}","templated":true}]}}