{"id":4013,"date":"2023-06-12T12:18:17","date_gmt":"2023-06-12T10:18:17","guid":{"rendered":"https:\/\/ottevenyikastely.hu\/?page_id=4013"},"modified":"2023-11-20T14:00:29","modified_gmt":"2023-11-20T13:00:29","slug":"matrimonio","status":"publish","type":"page","link":"https:\/\/ottevenyikastely.hu\/it\/matrimonio\/","title":{"rendered":"Matrimonio"},"content":{"rendered":"<div  class=\"one withsmallpadding ppb_header_youtube withbg parallax\" data-jarallax-video=\"https:\/\/www.youtube.com\/watch?v=qHenFX9im3Y\"  style=\"text-align:center;padding:265px 0 265px 0;\" >\n<div class=\"standard_wrapper\">\n<div class=\"page_content_wrapper\">\n<div class=\"inner\">\n<div style=\"margin:auto;width:100%\">\n<div class=\"ppb_header_content\">\n<h1 style=\"color:#fff;font-size:60px;\">Matrimonio nel castello<\/h1>\n<h2 class=\"widgettitle\" style=\"color:#fff;border-color:#0000;font-size:28px;text-align: center\">Siate il duca e la duchessa del castello \u00d6ttev\u00e9ny nel vostro grande giorno<\/h2>\n<\/div>\n<\/div>\n<\/div>\n<\/div>\n<\/div>\n<\/div>\n<div  class=\"ppb_image_half_boxed_fixed_width one\" style=\"margin-top:40px;margin-bottom:40px;\" >\n<div class=\"standard_wrapper\">\n<div class=\"page_content_wrapper\">\n<div class=\"inner\">\n<div class=\"one_half content_middle fixed\" style=\"padding:30px; text-align:center;min-height:1000px;background-color:#ffffff;\">\n<div class=\"content_middle_wrapper\">\n<div class=\"content_middle_content\">\n<h2 class=\"ppb_title\" style=\"\">Diventate il duca e la duchessa del castello \u00d6ttev\u00e9ny<\/h2>\n<div class=\"ppb_header_content\">\n<p style=\"color: #374151; text-align: justify;\">...e realizzate i vostri sogni con noi! Potrete usufruire dell'esclusiva location per la stagione dei matrimoni 2024 insieme alla nostra wedding planner professionista. La nostra organizzatrice di eventi al castello, Marianna Iv\u00e1nkovics, ha pi\u00f9 di 10 anni di esperienza e garantisce che tutto sar\u00e0 perfetto, dai minimi dettagli fino alla fine della serata, in modo che possiate concentrarvi solo sui momenti indimenticabili. Il catering, all'altezza degli standard del castello, \u00e8 a cura del maestro chef P\u00e9ter Suga e del suo team, in modo che ogni piatto servito sia preparato con prodotti della migliore qualit\u00e0, ingredienti freschi e un'attenzione particolare. Previo accordo, \u00e8 possibile scegliere tra tre opzioni di menu (tradizionale, gourmet, aristocratico) quella che meglio si adatta ai propri gusti.<\/p>\n<p style=\"color: #374151; text-align: justify;\">I nostri 2,6 ettari di parco storico possono essere un luogo eccellente per la cerimonia e, naturalmente, per i festeggiamenti successivi fino all'alba. Che vogliate pronunciare le vostre promesse eterne nel nostro giardino pieno di fiori primaverili, in una mite sera d'estate, tra le foglie autunnali che cadono o in un paese delle meraviglie invernale, il Castello \u00d6ttev\u00e9ny offre una cornice impareggiabile tutto l'anno. La nostra elegante sala da ballo pu\u00f2 ospitare 160 ospiti e i vostri familiari pi\u00f9 importanti possono scegliere tra le 14 camere d'albergo appositamente decorate, tra cui 3 suite con bagno Versace. Per gli sposi, l'esclusiva suite \"Luna di miele\", con la sua atmosfera intima, \u00e8 la scelta perfetta per la loro prima notte da sposati.<\/p>\n<p style=\"color: #374151; text-align: justify;\">Venite a trovarci e lasciatevi incantare dalla bellezza pittoresca del nostro castello. L'intera location pu\u00f2 essere affittata a partire dal 1\u00b0 maggio 2024 a un prezzo molto ragionevole di \u20ac4000 per evento, oppure, se desiderate un'esperienza di castello davvero complessa, pu\u00f2 essere affittata anche per un intero weekend (ven-sab-dom) a \u20ac8000.<\/p>\n<p style=\"color: #374151; text-align: justify;\"><strong>Il castello \u00e8 attualmente in fase di completa ristrutturazione e quindi non pu\u00f2 essere visitato al momento, mentre l'inaugurazione nel suo pieno splendore \u00e8 prevista per il 30 aprile 2024.<\/strong><\/p>\n<\/div>\n<\/div>\n<\/div>\n<\/div>\n<div class=\"one_half content_middle last\" style=\"background-image:url(https:\/\/ottevenyikastely.hu\/wp-content\/uploads\/2023\/06\/Kepernyofoto-2023-06-11-6.28.14-2.jpeg);min-height:1000px;\"><\/div>\n<p><br class=\"clear\"\/><\/div>\n<\/div>\n<\/div>\n<\/div>\n<div  class=\"one withsmallpadding ppb_header parallax withbg\" style=\"background-image:url(https:\/\/ottevenyikastely.hu\/wp-content\/uploads\/2023\/07\/wedding-table.jpg);background-position: center top;text-align:center;padding:285px 0 285px 0;color:#ffffff;\" >\n<div class=\"overlay_background\" style=\"background:#000000;background:rgb(0,0,0,0.2);background:rgba(0,0,0,0.2);\"><\/div>\n<div class=\"standard_wrapper\">\n<div class=\"page_content_wrapper\">\n<div class=\"inner\">\n<div style=\"margin:auto;width:100%\">\n<div class=\"ppb_header_content\">\n<h1 style=\"color:#fff;font-size:60px;\">Servizio principesco<\/h1>\n<h2 class=\"widgettitle\" style=\"color:#fff;border-color:#0000;font-size:28px;text-align: center\">Disposizione dei posti a sedere con tavoli rotondi per 160 persone<\/h2>\n<\/div>\n<\/div>\n<\/div>\n<\/div>\n<\/div>\n<\/div>\n<div  class=\"ppb_image_half_boxed_fixed_width one\" style=\"margin-top:40px;margin-bottom:40px;\" >\n<div class=\"standard_wrapper\">\n<div class=\"page_content_wrapper\">\n<div class=\"inner\">\n<div class=\"one_half content_middle\" style=\"background-image:url(https:\/\/ottevenyikastely.hu\/wp-content\/uploads\/2017\/05\/bride.jpg);min-height:630px;\"><\/div>\n<div class=\"one_half last content_middle fixed\" style=\"padding:40px;text-align:center;min-height:630px; background-color:#ffffff;\">\n<div class=\"content_middle_wrapper\">\n<div class=\"content_middle_content\">\n<h2 class=\"ppb_title\" style=\"\">Lasciate a noi l'organizzazione<\/h2>\n<div class=\"ppb_header_content\">\n<p style=\"color: #374151; text-align: justify;\">Il nostro servizio matrimoni far\u00e0 in modo che possiate godervi il vostro grande giorno senza preoccupazioni!<\/p>\n<p style=\"color: #374151; text-align: justify;\">L'affitto dell'intero castello, compresi i costi della wedding planner <strong>4000 EUR<\/strong> per notte o <strong>8000 EUR<\/strong> per il fine settimana (venerd\u00ec-sabato-domenica).<\/p>\n<p style=\"color: #374151; text-align: justify;\">I nostri servizi di pianificazione del matrimonio sono gratuiti, ma naturalmente dovrete pagare gli artisti selezionati e altri servizi come l'ordine dei fiori, il fotografo, i trasferimenti aeroportuali, il catering.<\/p>\n<\/div>\n<\/div>\n<\/div>\n<\/div>\n<p><br class=\"clear\"\/><\/div>\n<\/div>\n<\/div>\n<\/div>\n<div  class=\"one ppb_fullwidth_button\" style=\"padding:40px 0 40px 0;background-color:#ffffff;margin-top:40px;margin-bottom:40px;\" >\n<div class=\"standard_wrapper\">\n<h2 class=\"title\" style=\"color:;\">PRENOTAZIONE E VERIFICA DELL'APPUNTAMENTO<\/h2>\n<p><a href=\"https:\/\/ottevenyikastely.hu\/de\/buchung\/\" class=\"button\" >Prenotazione<\/a><\/div>\n<\/div>\n<div  class=\"ppb_image_half_boxed_fixed_width one\" style=\"margin-top:40px;margin-bottom:40px;\" >\n<div class=\"standard_wrapper\">\n<div class=\"page_content_wrapper\">\n<div class=\"inner\">\n<div class=\"one_half content_middle fixed\" style=\"padding:40px; text-align:center;min-height:1000px;background-color:#ffffff;\">\n<div class=\"content_middle_wrapper\">\n<div class=\"content_middle_content\">\n<h2 class=\"ppb_title\" style=\"\"> I nostri servizi gratuiti di pianificazione e organizzazione<\/h2>\n<div class=\"ppb_header_content\">\n<p style=\"color: #374151; text-align: justify;\">Pianificazione e coordinamento: il nostro staff vi aiuter\u00e0 a pianificare fino al pi\u00f9 piccolo dettaglio e sar\u00e0 presente durante tutto il matrimonio per assicurarsi che tutto vada secondo i piani, aiutandovi a pianificare l'evento fino al minuto per eliminare anche il pi\u00f9 piccolo margine di errore. Decorazioni e addobbi: sebbene il nostro castello sia gi\u00e0 di per s\u00e9 impressionante, la giusta decorazione pu\u00f2 esaltarne ulteriormente l'aspetto. Il nostro staff vi aiuter\u00e0 a decorare la location in base allo stile degli sposi e al tema del matrimonio nel modo pi\u00f9 conveniente. Non solo vi aiuteremo a selezionare e ordinare il giusto fornitore di servizi, ma anche a gestire il processo di decorazione. Catering: i castelli dispongono di cucine e cocktail bar completamente attrezzati e i nostri specialisti garantiscono la preparazione di cibi freschi, sani e deliziosi. La nostra missione \u00e8 quella di adattare perfettamente il menu servito ai gusti degli sposi e all'atmosfera del matrimonio. Nella nostra cantina troverete i migliori vini di cantine ungheresi e internazionali. Nel nostro cocktail bar offriamo i migliori alcolici, abbinati a un servizio professionale. Servizi fotografici e video: il Castello F\u00f6ldv\u00e1ry offre uno scenario impressionante per scattare foto e girare video. Il nostro personale vi aiuter\u00e0 a trovare il fotografo e\/o il videografo giusto per sfruttare al meglio le possibilit\u00e0 offerte dal castello. Organizzazione dell'evento: naturalmente non c'\u00e8 matrimonio senza musica, quindi saremo lieti di aiutarvi a trovare una band dal vivo o un DJ, oltre alla possibilit\u00e0 di fuochi d'artificio o giri in carrozza. La nostra pista da ballo \u00e8 attrezzata con le giuste apparecchiature audio ed \u00e8 adatta a soddisfare e registrare qualsiasi performance. Coordinamento dell'alloggio: durante l'evento il nostro castello offre alloggio gratuito per i vostri ospiti, un totale di 14 camere disponibili nel castello e 53 camere aggiuntive disponibili presso l'Hotel Garzonplaza**** a Gy\u0151r a pagamento, dove trasportiamo gratuitamente gli ospiti con il nostro esclusivo minibus che fa la spola durante tutta la serata. Il nostro personale vi aiuter\u00e0 a pianificare la sistemazione dei vostri parenti, anche in altri hotel. Trasferimenti: il nostro servizio comprende l'organizzazione di trasferimenti a un costo ragionevole, in modo che tutti possano raggiungere il luogo in modo semplice e comodo.<\/p>\n<p style=\"color: #374151; text-align: justify;\">Vi aiuteremo nella scelta e nell'ordine, ma in ogni caso il costo dei servizi deve essere pagato dal cliente.<\/p>\n<\/div>\n<\/div>\n<\/div>\n<\/div>\n<div class=\"one_half content_middle last\" style=\"background-image:url(https:\/\/ottevenyikastely.hu\/wp-content\/uploads\/2023\/06\/Kepernyofoto-2023-06-11-6.24.56-2.jpeg);min-height:1000px;\"><\/div>\n<p><br class=\"clear\"\/><\/div>\n<\/div>\n<\/div>\n<\/div>\n<div  class=\"ppb_image_half_boxed_fixed_width one\" style=\"margin-top:40px;margin-bottom:40px;\" >\n<div class=\"standard_wrapper\">\n<div class=\"page_content_wrapper\">\n<div class=\"inner\">\n<div class=\"one_half content_middle\" style=\"background-image:url(https:\/\/ottevenyikastely.hu\/wp-content\/uploads\/2023\/06\/355159639_790598029218866_5332026251753184102_n.jpg);min-height:705px;\"><\/div>\n<div class=\"one_half last content_middle fixed\" style=\"padding:50px;text-align:center;min-height:705px; background-color:#ffffff;\">\n<div class=\"content_middle_wrapper\">\n<div class=\"content_middle_content\">\n<h2 class=\"ppb_title\" style=\"\">Marianna Ivankovits<\/h2>\n<div class=\"page_tagline\" style=\"\">Direttore del castello<\/div>\n<div class=\"ppb_header_content\">\n<p style=\"text-align: justify;\"><span style=\"color: #374151;\">Ha pi\u00f9 di 15 anni di esperienza nell'organizzazione di matrimoni, nella gestione alberghiera e nella ristorazione. Dopo essersi laureata in Italia, ha trascorso pi\u00f9 di dieci anni in Inghilterra, dove ha maturato una vasta esperienza professionale. Negli ultimi otto anni \u00e8 stata direttrice del Garzon Plaza, hotel a quattro stelle del gruppo, dove ha organizzato e gestito numerosi eventi e congressi, tra cui eventi sportivi nazionali e internazionali e matrimoni. In passato ha gestito il Castello F\u00f6ldv\u00e1ry per due stagioni matrimoniali e, dopo la ristrutturazione, continuer\u00e0 a lavorare con entusiasmo come event manager e castle manager. <\/span><\/p>\n<p style=\"text-align: justify;\"><span style=\"color: #374151;\">Potete raggiungere Marianna direttamente all'indirizzo <a href=\"tel:+36 70 379 2950\">+36 70 379 2950<\/a> o via e-mail a <\/span><a style=\"font-weight: 500; color: var(--tw-prose-links);\" href=\"mailto:info@foldvarykastely.hu\" target=\"_new\" rel=\"noopener\">info@foldvarykastely.hu<\/a><span style=\"color: #374151;\">.<\/span><\/p>\n<\/div>\n<\/div>\n<\/div>\n<\/div>\n<p><br class=\"clear\"\/><\/div>\n<\/div>\n<\/div>\n<\/div>","protected":false},"excerpt":{"rendered":"<p>Matrimonio al Castello Diventate il Duca e la Duchessa del Castello \u00d6ttev\u00e9ny nel vostro grande giorno Diventate il Duca e la Duchessa del Castello \u00d6ttev\u00e9ny ... e realizzate i vostri sogni con noi! Potrete usufruire dell'esclusiva location per la stagione dei matrimoni 2024 insieme alla nostra wedding planner professionista. La nostra organizzatrice di eventi al Castello, Marianna Iv\u00e1nkovics, ha pi\u00f9 di 10 anni di esperienza [...]<\/p>","protected":false},"author":3,"featured_media":0,"parent":0,"menu_order":0,"comment_status":"closed","ping_status":"closed","template":"","meta":{"footnotes":""},"class_list":["post-4013","page","type-page","status-publish","hentry","entry"],"_links":{"self":[{"href":"https:\/\/ottevenyikastely.hu\/it\/wp-json\/wp\/v2\/pages\/4013","targetHints":{"allow":["GET"]}}],"collection":[{"href":"https:\/\/ottevenyikastely.hu\/it\/wp-json\/wp\/v2\/pages"}],"about":[{"href":"https:\/\/ottevenyikastely.hu\/it\/wp-json\/wp\/v2\/types\/page"}],"author":[{"embeddable":true,"href":"https:\/\/ottevenyikastely.hu\/it\/wp-json\/wp\/v2\/users\/3"}],"replies":[{"embeddable":true,"href":"https:\/\/ottevenyikastely.hu\/it\/wp-json\/wp\/v2\/comments?post=4013"}],"version-history":[{"count":0,"href":"https:\/\/ottevenyikastely.hu\/it\/wp-json\/wp\/v2\/pages\/4013\/revisions"}],"wp:attachment":[{"href":"https:\/\/ottevenyikastely.hu\/it\/wp-json\/wp\/v2\/media?parent=4013"}],"curies":[{"name":"wp","href":"https:\/\/api.w.org\/{rel}","templated":true}]}}