{"id":4077,"date":"2023-06-12T15:15:55","date_gmt":"2023-06-12T13:15:55","guid":{"rendered":"https:\/\/ottevenyikastely.hu\/?page_id=4077"},"modified":"2023-11-20T14:00:06","modified_gmt":"2023-11-20T13:00:06","slug":"matrimoni","status":"publish","type":"page","link":"https:\/\/ottevenyikastely.hu\/it\/matrimoni\/","title":{"rendered":"Matrimoni"},"content":{"rendered":"<div  class=\"one withsmallpadding ppb_header_youtube withbg parallax\" data-jarallax-video=\"https:\/\/www.youtube.com\/watch?v=qHenFX9im3Y\"  style=\"text-align:center;padding:265px 0 265px 0;\" >\n<div class=\"standard_wrapper\">\n<div class=\"page_content_wrapper\">\n<div class=\"inner\">\n<div style=\"margin:auto;width:100%\">\n<div class=\"ppb_header_content\">\n<h1 style=\"color:#fff;font-size:60px;\">MATRIMONIO NEL CASTELLO<\/h1>\n<h2 class=\"widgettitle\" style=\"color:#fff;border-color:#0000;font-size:28px;text-align: center\">Siate i principi del castello \u00d6ttev\u00e9ny nel vostro grande giorno<\/h2>\n<\/div>\n<\/div>\n<\/div>\n<\/div>\n<\/div>\n<\/div>\n<div  class=\"ppb_image_half_boxed_fixed_width one\" style=\"margin-top:40px;margin-bottom:40px;\" >\n<div class=\"standard_wrapper\">\n<div class=\"page_content_wrapper\">\n<div class=\"inner\">\n<div class=\"one_half content_middle fixed\" style=\"padding:30px; text-align:center;min-height:1000px;background-color:#ffffff;\">\n<div class=\"content_middle_wrapper\">\n<div class=\"content_middle_content\">\n<h2 class=\"ppb_title\" style=\"\">Diventate la coppia principesca del Castello \u00d6ttev\u00e9ny e realizzate i vostri sogni con noi!<\/h2>\n<div class=\"ppb_header_content\">\n<p style=\"text-align: justify;\">Nella stagione dei matrimoni 2024 potrete utilizzare la nostra sede privata insieme alla nostra wedding planner professionista. La nostra organizzatrice di eventi al castello, Marianna Iv\u00e1nkovics, con oltre 10 anni di esperienza, si assicura che tutto sia perfetto, dal pi\u00f9 piccolo dettaglio fino alla fine della serata, in modo che dobbiate concentrarvi solo sui momenti indimenticabili. Il catering \u00e8 curato dal Master Chef Peter Suga e dal suo team per soddisfare gli standard del castello, in modo che ogni pasto servito sia della migliore qualit\u00e0, realizzato con ingredienti freschi e con particolare cura. Dopo una consultazione preliminare, potrete scegliere tra tre sequenze di menu (tradizionale, gourmet, nobile) che meglio si adattano ai vostri gusti. Il nostro parco secolare di 2,6 ettari pu\u00f2 essere un luogo eccellente per la cerimonia e, naturalmente, per la festa che la segue fino all'alba. Che vogliate giurarvi eterna fedelt\u00e0 in un giardino pieno di fiori primaverili, in una mite notte d'estate, tra le foglie autunnali che cadono o in un paese delle meraviglie invernale, il Castello \u00d6ttev\u00e9ny offre uno spettacolo impareggiabile tutto l'anno. La nostra elegante sala da ballo pu\u00f2 ospitare 160 ospiti, mentre i vostri parenti pi\u00f9 importanti potranno scegliere tra le 14 camere d'albergo appositamente arredate, tre delle quali sono suite con bagno Versace. Per gli sposi, l'atmosfera intima della nostra suite \"Luna di miele\", pi\u00f9 esclusiva, \u00e8 la scelta perfetta per la prima notte di nozze.<\/p>\n<p style=\"text-align: justify;\">Venite a trovarci e lasciatevi affascinare dal nostro castello di pittoresca bellezza. L'intera struttura pu\u00f2 essere affittata a partire dal 1\u00b0 maggio 2024, a un prezzo molto vantaggioso di 4000 \u20ac per occasione. Se desiderate vivere una vera e propria esperienza di castello complesso, \u00e8 possibile affittarlo per un intero fine settimana (ven-dom) a 8000 \u20ac.<\/p>\n<h5 style=\"text-align: center;\">Il castello \u00e8 attualmente in fase di completa ristrutturazione, quindi non pu\u00f2 essere visitato al momento; l'apertura in tutto il suo splendore \u00e8 prevista per il 30 aprile 2024.<\/h5>\n<\/div>\n<\/div>\n<\/div>\n<\/div>\n<div class=\"one_half content_middle last\" style=\"background-image:url(https:\/\/ottevenyikastely.hu\/wp-content\/uploads\/2023\/06\/Kepernyofoto-2023-06-11-6.28.14-2.jpeg);min-height:1000px;\"><\/div>\n<p><br class=\"clear\"\/><\/div>\n<\/div>\n<\/div>\n<\/div>\n<div  class=\"one withsmallpadding ppb_header parallax withbg\" style=\"background-image:url(https:\/\/ottevenyikastely.hu\/wp-content\/uploads\/2023\/07\/wedding-table.jpg);background-position: center top;text-align:center;padding:285px 0 285px 0;color:#ffffff;\" >\n<div class=\"overlay_background\" style=\"background:#000000;background:rgb(0,0,0,0.2);background:rgba(0,0,0,0.2);\"><\/div>\n<div class=\"standard_wrapper\">\n<div class=\"page_content_wrapper\">\n<div class=\"inner\">\n<div style=\"margin:auto;width:100%\">\n<div class=\"ppb_header_content\">\n<h1 style=\"color:#fff;font-size:60px;\">SERVIZIO PRINCIPESCO<\/h1>\n<h2 class=\"widgettitle\" style=\"color:#fff;border-color:#0000;font-size:28px;text-align: center\">Tavola rotonda per 160 persone<\/h2>\n<\/div>\n<\/div>\n<\/div>\n<\/div>\n<\/div>\n<\/div>\n<div  class=\"ppb_image_half_boxed_fixed_width one\" style=\"margin-top:40px;margin-bottom:40px;\" >\n<div class=\"standard_wrapper\">\n<div class=\"page_content_wrapper\">\n<div class=\"inner\">\n<div class=\"one_half content_middle\" style=\"background-image:url(https:\/\/ottevenyikastely.hu\/wp-content\/uploads\/2017\/05\/bride.jpg);min-height:630px;\"><\/div>\n<div class=\"one_half last content_middle fixed\" style=\"padding:40px;text-align:center;min-height:630px; background-color:#ffffff;\">\n<div class=\"content_middle_wrapper\">\n<div class=\"content_middle_content\">\n<h2 class=\"ppb_title\" style=\"\">Servizio reale - LASCIATE A NOI LO STRESS DELL'ORGANIZZAZIONE <\/h2>\n<div class=\"ppb_header_content\">\n<p style=\"text-align: justify;\">Il nostro servizio matrimoni garantisce che possiate godervi il vostro grande giorno senza stress.<\/p>\n<p style=\"text-align: justify;\">L'affitto dell'intero castello con un wedding planner costa <strong>4000 EUR<\/strong> \/ notte o <strong>8000 EUR \/ weekend (venerd\u00ec-sabato-domenica)<\/strong>.<\/p>\n<p style=\"text-align: justify;\">Il nostro servizio di wedding planning \u00e8 <strong>libero<\/strong> Naturalmente, gli artisti scelti e altri servizi come l'ordine dei fiori, il fotografo, il trasferimento dall'aeroporto e il catering devono essere pagati.<\/p>\n<\/div>\n<\/div>\n<\/div>\n<\/div>\n<p><br class=\"clear\"\/><\/div>\n<\/div>\n<\/div>\n<\/div>\n<div  class=\"one ppb_fullwidth_button\" style=\"padding:40px 0 40px 0;background-color:#ffffff;\" >\n<div class=\"standard_wrapper\">\n<h2 class=\"title\" style=\"color:;\">Prenotazione e verifica<\/h2>\n<p><a href=\"\" class=\"button\" >Prenotazione<\/a><\/div>\n<\/div>\n<div  class=\"ppb_image_half_boxed_fixed_width one\" style=\"margin-top:40px;margin-bottom:40px;\" >\n<div class=\"standard_wrapper\">\n<div class=\"page_content_wrapper\">\n<div class=\"inner\">\n<div class=\"one_half content_middle fixed\" style=\"padding:40px; text-align:center;min-height:1000px;background-color:#ffffff;\">\n<div class=\"content_middle_wrapper\">\n<div class=\"content_middle_content\">\n<h2 class=\"ppb_title\" style=\"\">I NOSTRI SERVIZI GRATUITI <\/h2>\n<div class=\"ppb_header_content\">\n<p style=\"text-align: justify;\"><strong>Pianificazione e coordinamento<\/strong>Il nostro staff aiuta a pianificare i minimi dettagli ed \u00e8 presente durante tutto il matrimonio per assicurarsi che tutto vada secondo i piani, aiutando a comporre la sequenza degli eventi fino al minuto per eliminare anche la pi\u00f9 piccola possibilit\u00e0 di errore.<br \/>\n<strong>Decorazione e ornamento:<\/strong> Sebbene il nostro castello sia gi\u00e0 di per s\u00e9 imponente, una decorazione adeguata pu\u00f2 esaltarne il fascino. Il nostro staff ci aiuta a decorare la location in modo ottimale ed economico, secondo lo stile della coppia e il tema del matrimonio. Non solo aiutiamo a scegliere e ordinare il fornitore di servizi adatto, ma ci occupiamo anche del processo di decorazione.<br \/>\n<strong>Catering:<\/strong> Il castello \u00e8 dotato di una cucina completamente attrezzata e di un cocktail bar, e i nostri professionisti garantiscono la preparazione di piatti freschi, sani e deliziosi. La nostra missione \u00e8 quella di garantire che il menu servito si adatti perfettamente ai gusti dei giovani sposi e all'atmosfera del matrimonio.<br \/>\n<strong>Servizi fotografici e video:<\/strong> Il Castello F\u00f6ldv\u00e1ry offre uno scenario straordinario per foto e video. Il nostro staff aiuta a trovare il fotografo e\/o il videografo giusto per massimizzare il potenziale offerto dal castello.<br \/>\n<strong>Musica e altro:<\/strong> Naturalmente, non c'\u00e8 matrimonio senza musica, quindi saremo lieti di aiutarvi a trovare una band dal vivo o un DJ, e c'\u00e8 anche la possibilit\u00e0 di organizzare fuochi d'artificio o giri in carrozza. La nostra pista da ballo, dotata di un'adeguata tecnologia del suono, \u00e8 adatta ad accogliere qualsiasi artista. Coordinamento dell'alloggio: durante l'evento, il nostro castello offre alloggio gratuito ai vostri ospiti, mettendo a disposizione un totale di 14 camere all'interno del castello; inoltre, altre 53 camere sono disponibili a pagamento presso l'Hotel Garzonplaza **** a Gy\u0151r, al quale forniamo il trasporto gratuito degli ospiti per tutta la notte con il nostro esclusivo minibus. Il nostro staff aiuta a pianificare la sistemazione dei parenti, anche in altri alberghi.<br \/>\n<strong>Trasferimento:<\/strong> Parte del nostro servizio consiste nell'organizzare un trasferimento economico in modo che tutti possano raggiungere la sede in modo semplice e comodo.<\/p>\n<p style=\"text-align: justify;\">(Noi assistiamo nella scelta e nell'ordine, il costo dei servizi \u00e8 in ogni caso a carico dell'ordinante)<\/p>\n<\/div>\n<\/div>\n<\/div>\n<\/div>\n<div class=\"one_half content_middle last\" style=\"background-image:url(https:\/\/ottevenyikastely.hu\/wp-content\/uploads\/2023\/06\/Kepernyofoto-2023-06-11-6.24.56-2.jpeg);min-height:1000px;\"><\/div>\n<p><br class=\"clear\"\/><\/div>\n<\/div>\n<\/div>\n<\/div>\n<div  class=\"ppb_image_half_boxed_fixed_width one\" style=\"margin-top:40px;margin-bottom:40px;\" >\n<div class=\"standard_wrapper\">\n<div class=\"page_content_wrapper\">\n<div class=\"inner\">\n<div class=\"one_half content_middle\" style=\"background-image:url(https:\/\/ottevenyikastely.hu\/wp-content\/uploads\/2023\/06\/355159639_790598029218866_5332026251753184102_n.jpg);min-height:705px;\"><\/div>\n<div class=\"one_half last content_middle fixed\" style=\"padding:50px;text-align:center;min-height:705px; background-color:#ffffff;\">\n<div class=\"content_middle_wrapper\">\n<div class=\"content_middle_content\">\n<h2 class=\"ppb_title\" style=\"\">Marianna Ivankovits<\/h2>\n<div class=\"page_tagline\" style=\"\">Direttore del castello <\/div>\n<div class=\"ppb_header_content\">\n<p style=\"text-align: justify;\">Ha pi\u00f9 di <strong>15 anni di esperienza<\/strong> in organizzazione di matrimoni, gestione alberghiera e ospitalit\u00e0. Dopo aver ricevuto il diploma di <strong>laurea triennale in Italia<\/strong>Ha trascorso pi\u00f9 di dieci anni all'estero, in Inghilterra, dove ha maturato una vasta esperienza professionale. Negli ultimi otto anni ha ricoperto il ruolo di <strong>gestore dell'Hotel Garzon Plaza<\/strong>, un membro a quattro stelle del nostro gruppo aziendale, dove ha organizzato e condotto numerosi eventi e conferenze, tra cui eventi sportivi nazionali e internazionali e matrimoni. In precedenza ha gestito il Castello F\u00f6ldv\u00e1ry per due stagioni matrimoniali e, dopo la ristrutturazione, continuer\u00e0 a lavorare come organizzatrice di eventi con grande entusiasmo.<\/p>\n<p style=\"text-align: justify;\">Contattare Marianna direttamente a <a href=\"tel:+36 70 379 2950\"><strong>+36 70 379 2950<\/strong><\/a> o a <strong><a href=\"mailto:info@foldvarykastely.hu\">info@foldvarykastely.hu<\/a><\/strong><\/p>\n<\/div>\n<\/div>\n<\/div>\n<\/div>\n<p><br class=\"clear\"\/><\/div>\n<\/div>\n<\/div>\n<\/div>","protected":false},"excerpt":{"rendered":"<p>SPOSI NEL CASTELLO Diventate i principi del castello \u00d6ttev\u00e9ny nel vostro grande giorno Diventate la coppia principesca del castello \u00d6ttev\u00e9ny e realizzate i vostri sogni con noi! Potrete utilizzare la nostra location privata nella stagione dei matrimoni 2024 insieme alla nostra wedding planner professionista. La nostra organizzatrice di eventi al castello, Marianna [...]<\/p>","protected":false},"author":3,"featured_media":0,"parent":0,"menu_order":0,"comment_status":"closed","ping_status":"closed","template":"","meta":{"footnotes":""},"class_list":["post-4077","page","type-page","status-publish","hentry","entry"],"_links":{"self":[{"href":"https:\/\/ottevenyikastely.hu\/it\/wp-json\/wp\/v2\/pages\/4077","targetHints":{"allow":["GET"]}}],"collection":[{"href":"https:\/\/ottevenyikastely.hu\/it\/wp-json\/wp\/v2\/pages"}],"about":[{"href":"https:\/\/ottevenyikastely.hu\/it\/wp-json\/wp\/v2\/types\/page"}],"author":[{"embeddable":true,"href":"https:\/\/ottevenyikastely.hu\/it\/wp-json\/wp\/v2\/users\/3"}],"replies":[{"embeddable":true,"href":"https:\/\/ottevenyikastely.hu\/it\/wp-json\/wp\/v2\/comments?post=4077"}],"version-history":[{"count":0,"href":"https:\/\/ottevenyikastely.hu\/it\/wp-json\/wp\/v2\/pages\/4077\/revisions"}],"wp:attachment":[{"href":"https:\/\/ottevenyikastely.hu\/it\/wp-json\/wp\/v2\/media?parent=4077"}],"curies":[{"name":"wp","href":"https:\/\/api.w.org\/{rel}","templated":true}]}}