{"id":4084,"date":"2023-06-12T15:19:14","date_gmt":"2023-06-12T13:19:14","guid":{"rendered":"https:\/\/ottevenyikastely.hu\/?page_id=4084"},"modified":"2023-08-08T14:29:22","modified_gmt":"2023-08-08T12:29:22","slug":"storia-del-castello","status":"publish","type":"page","link":"https:\/\/ottevenyikastely.hu\/it\/storia-del-castello\/","title":{"rendered":"Storia del castello"},"content":{"rendered":"<div  class=\"ppb_image_half_boxed_fixed_width one\" >\n<div class=\"standard_wrapper\">\n<div class=\"page_content_wrapper\">\n<div class=\"inner\">\n<div class=\"one_half content_middle fixed\" style=\"padding:0px; text-align:left;min-height:420px;\">\n<div class=\"content_middle_wrapper\">\n<div class=\"content_middle_content\">\n<div class=\"ppb_header_content\">\n<p style=\"text-align: justify;\">Il castello F\u00f6ldv\u00e1ry si trova nella regione occidentale, a 15 km da Gy\u0151r, nel villaggio \u00d6ttev\u00e9ny. Il villaggio, che ha subito numerosi cambiamenti storici nel corso del tempo, conserva ancora il suo significato storico e il suo ricco patrimonio. \u00c8 stato menzionato per la prima volta nelle fonti scritte nel XIII secolo, con il nome \u00d6ttev\u00e9ny, ma la sua storia risale a molto prima, con prove archeologiche che suggeriscono che l'area era abitata gi\u00e0 nell'et\u00e0 del bronzo. Nel Medioevo, il villaggio apparteneva al territorio del Castello di Kom\u00e1rom, per poi spopolarsi durante l'epoca turca.<\/p>\n<\/div>\n<\/div>\n<\/div>\n<\/div>\n<p><br class=\"clear\"\/><\/div>\n<\/div>\n<\/div>\n<\/div>\n<div  class=\"ppb_image_half_boxed_fixed_width one\" >\n<div class=\"standard_wrapper\">\n<div class=\"page_content_wrapper\">\n<div class=\"inner\">\n<div class=\"one_half content_middle fixed\" style=\"padding:0px; text-align:left;min-height:420px;\">\n<div class=\"content_middle_wrapper\">\n<div class=\"content_middle_content\">\n<div class=\"ppb_header_content\">\n<p style=\"text-align: justify;\">Il castello fu costruito dal barone Mikl\u00f3s F\u00f6ldv\u00e1ry de Bern\u00e1tfalva (1840-1914), uno dei maggiori proprietari terrieri dell'epoca, per la moglie nel 1870. Da allora \u00e8 diventato un simbolo del villaggio. L'edificio era originariamente una \"villa\", ma fu poi ampliato in un castello. Dopo la morte di Mikl\u00f3s F\u00f6ldv\u00e1ry, fu ereditato dalla figlia Val\u00e9ria (1872-1964), che nel 1895 spos\u00f2 il conte K\u00e1roly Cs\u00e1ky (1873-1945), all'epoca ministro della Difesa.<\/p>\n<\/div>\n<\/div>\n<\/div>\n<\/div>\n<p><br class=\"clear\"\/><\/div>\n<\/div>\n<\/div>\n<\/div>\n<div  class=\"one withsmallpadding ppb_header\" style=\"text-align:left;padding:30px 0 30px 0;\" >\n<div class=\"overlay_background\" style=\"background:#000000;background:rgb(0,0,0,1);background:rgba(0,0,0,1);\"><\/div>\n<div class=\"standard_wrapper\">\n<div class=\"page_content_wrapper\">\n<div class=\"inner\">\n<div style=\"margin:auto;width:100%\"><\/div>\n<\/div>\n<\/div>\n<\/div>\n<\/div>\n<div  class=\"ppb_image_half_boxed_fixed_width one\" >\n<div class=\"standard_wrapper\">\n<div class=\"page_content_wrapper\">\n<div class=\"inner\">\n<div class=\"one_half content_middle fixed\" style=\"padding:0px; text-align:left;min-height:420px;\">\n<div class=\"content_middle_wrapper\">\n<div class=\"content_middle_content\">\n<div class=\"ppb_header_content\">\n<p style=\"text-align: justify;\">Grazie alla sua posizione lungo la strada principale Vienna-Bratislava-Budapest, il castello era un luogo di incontro abituale per l'\u00e9lite politica dell'epoca. Secondo le leggende, molte decisioni di importanza nazionale furono prese proprio qui.<\/p>\n<\/div>\n<\/div>\n<\/div>\n<\/div>\n<p><br class=\"clear\"\/><\/div>\n<\/div>\n<\/div>\n<\/div>\n<div  class=\"ppb_image_half_boxed_fixed_width one\" >\n<div class=\"standard_wrapper\">\n<div class=\"page_content_wrapper\">\n<div class=\"inner\">\n<div class=\"one_half content_middle fixed\" style=\"padding:0px; text-align:left;min-height:420px;\">\n<div class=\"content_middle_wrapper\">\n<div class=\"content_middle_content\">\n<div class=\"ppb_header_content\">\n<p style=\"text-align: justify;\">Figlio di Val\u00e9ria e K\u00e1roly, il conte Andor Cs\u00e1ky, nobile e appassionato d'arte, eredit\u00f2 la propriet\u00e0 \u00d6ttev\u00e9ny attraverso la madre. Nei primi anni di vita fu attratto dalla poesia, scrivendo versi, poi articoli economici, ma alla fine si interess\u00f2 soprattutto alla fotografia. In seguito, compie un viaggio di studio di diversi anni in Germania e in Francia, dove si familiarizza con l'industria cinematografica e corrisponde con l'American Film Association, con la quale si consulta per il suo prossimo film. Nel 1931 produsse un cortometraggio muto in due atti nella tenuta \u00d6ttev\u00e9ny, con un cast composto da studenti di teatro, attori dilettanti e dai suoi dipendenti.<\/p>\n<\/div>\n<\/div>\n<\/div>\n<\/div>\n<p><br class=\"clear\"\/><\/div>\n<\/div>\n<\/div>\n<\/div>","protected":false},"excerpt":{"rendered":"<p>Il castello F\u00f6ldv\u00e1ry si trova nella regione occidentale, a 15 km da Gy\u0151r, nel villaggio di \u00d6ttev\u00e9ny. Il villaggio, che ha subito numerosi cambiamenti storici nel corso del tempo, conserva ancora il suo significato storico e il suo ricco patrimonio. \u00c8 stato menzionato per la prima volta nelle fonti scritte nel XIII secolo, con il nome di \u00d6ttev\u00e9ny, ma la sua storia [...]<\/p>","protected":false},"author":3,"featured_media":3740,"parent":0,"menu_order":0,"comment_status":"closed","ping_status":"closed","template":"","meta":{"footnotes":""},"class_list":["post-4084","page","type-page","status-publish","has-post-thumbnail","hentry","entry","has-media"],"_links":{"self":[{"href":"https:\/\/ottevenyikastely.hu\/it\/wp-json\/wp\/v2\/pages\/4084","targetHints":{"allow":["GET"]}}],"collection":[{"href":"https:\/\/ottevenyikastely.hu\/it\/wp-json\/wp\/v2\/pages"}],"about":[{"href":"https:\/\/ottevenyikastely.hu\/it\/wp-json\/wp\/v2\/types\/page"}],"author":[{"embeddable":true,"href":"https:\/\/ottevenyikastely.hu\/it\/wp-json\/wp\/v2\/users\/3"}],"replies":[{"embeddable":true,"href":"https:\/\/ottevenyikastely.hu\/it\/wp-json\/wp\/v2\/comments?post=4084"}],"version-history":[{"count":0,"href":"https:\/\/ottevenyikastely.hu\/it\/wp-json\/wp\/v2\/pages\/4084\/revisions"}],"wp:featuredmedia":[{"embeddable":true,"href":"https:\/\/ottevenyikastely.hu\/it\/wp-json\/wp\/v2\/media\/3740"}],"wp:attachment":[{"href":"https:\/\/ottevenyikastely.hu\/it\/wp-json\/wp\/v2\/media?parent=4084"}],"curies":[{"name":"wp","href":"https:\/\/api.w.org\/{rel}","templated":true}]}}