{"id":4109,"date":"2023-06-12T15:34:00","date_gmt":"2023-06-12T13:34:00","guid":{"rendered":"https:\/\/ottevenyikastely.hu\/?page_id=4109"},"modified":"2023-08-09T15:47:20","modified_gmt":"2023-08-09T13:47:20","slug":"conferenza-3","status":"publish","type":"page","link":"https:\/\/ottevenyikastely.hu\/it\/conferenza-3\/","title":{"rendered":"Conferenza"},"content":{"rendered":"<div  class=\"one withsmallpadding ppb_header_youtube withbg parallax\" data-jarallax-video=\"https:\/\/youtu.be\/36ltuadkC4Y\"  style=\"text-align:center;padding:400px 0 400px 0;\" >\n<div class=\"standard_wrapper\">\n<div class=\"page_content_wrapper\">\n<div class=\"inner\">\n<div style=\"margin:auto;width:100%\"><\/div>\n<\/div>\n<\/div>\n<\/div>\n<\/div>\n<div  class=\"ppb_image_half_boxed_fixed_width one\" style=\"margin-top:40px;margin-bottom:40px;\" >\n<div class=\"standard_wrapper\">\n<div class=\"page_content_wrapper\">\n<div class=\"inner\">\n<div class=\"one_half content_middle\" style=\"background-image:url(https:\/\/ottevenyikastely.hu\/wp-content\/uploads\/2023\/06\/IMG_0916.jpg);min-height:575px;\"><\/div>\n<div class=\"one_half last content_middle fixed\" style=\"padding:30px;text-align:center;min-height:575px; background-color:#ffffff;\">\n<div class=\"content_middle_wrapper\">\n<div class=\"content_middle_content\">\n<h2 class=\"ppb_title\" style=\"\">Il luogo unico \u00e8 il castello<\/h2>\n<div class=\"ppb_header_content\">\n<p style=\"text-align: justify;\"><span style=\"color: #374151;\">Lasciatevi incantare dalla variopinta diversit\u00e0 del nostro castello, dove potrete ascoltare l'armoniosa sinfonia della storia e del mondo moderno! \u00c8 perfetto come passerella per sfilate di moda, come location speciale per riprese cinematografiche, come sfondo per presentazioni aziendali o altri eventi commerciali. I nostri interni sono imponenti e l'ambiente esclusivo e chiuso del castello garantisce che il vostro evento sar\u00e0 un'esperienza unica e di alta qualit\u00e0. Il castello \u00e8 disponibile durante il giorno nei giorni feriali a una tariffa uniforme di solo <strong>2000 EUR<\/strong> al giorno per creare ricordi magici per voi.<\/span><\/p>\n<\/div>\n<\/div>\n<\/div>\n<\/div>\n<p><br class=\"clear\"\/><\/div>\n<\/div>\n<\/div>\n<\/div>\n<div  class=\"ppb_image_half_boxed_fixed_width one\" style=\"margin-top:40px;margin-bottom:40px;\" >\n<div class=\"standard_wrapper\">\n<div class=\"page_content_wrapper\">\n<div class=\"inner\">\n<div class=\"one_half content_middle fixed\" style=\"padding:40px; text-align:center;min-height:1000px;background-color:#ffffff;\">\n<div class=\"content_middle_wrapper\">\n<div class=\"content_middle_content\">\n<h2 class=\"ppb_title\" style=\"\">La nostra sala conferenze del maneggio aprir\u00e0 nella seconda met\u00e0 del 2024<\/h2>\n<div class=\"ppb_header_content\">\n<p style=\"text-align: justify;\"><span style=\"color: #374151;\">La Riding Hall - Sala conferenze \u00e8 in fase di costruzione nel complesso del castello e sar\u00e0 operativa nella seconda met\u00e0 del 2024. L'imponente complesso, costruito insieme all'edificio della Cappella, pu\u00f2 ospitare fino a 300 persone. La sala sar\u00e0 dotata delle pi\u00f9 moderne tecnologie di illuminazione e di sonorizzazione per garantire un'esecuzione impeccabile di qualsiasi evento. Una macchina del fumo e la parete LED di 10\u00d73 metri dietro il palco contribuiranno a garantire che conferenze, presentazioni, dimostrazioni di prodotti o eventi pi\u00f9 grandi soddisfino tutte le esigenze. Noleggiando la sala conferenze, \u00e8 anche possibile organizzare il ricevimento e la pausa caff\u00e8 nel castello. La sala conferenze pu\u00f2 essere noleggiata a 2000 euro al giorno.<\/span><\/p>\n<p style=\"text-align: justify;\">\n<div class=\"wpcf7 no-js\" id=\"wpcf7-f4815-o1\" lang=\"hu-HU\" dir=\"ltr\">\n<div class=\"screen-reader-response\">\n<p role=\"status\" aria-live=\"polite\" aria-atomic=\"true\">\n<ul><\/ul>\n<\/div>\n<form action=\"\/wp-admin\/post.php#wpcf7-f4815-o1\" method=\"post\" class=\"wpcf7-form init\" aria-label=\"Modulo di contatto\" novalidate=\"novalidate\" data-status=\"init\" data-trp-original-action=\"\/wp-admin\/post.php#wpcf7-f4815-o1\">\n<div style=\"display: none;\">\n<input type=\"hidden\" name=\"_wpcf7\" value=\"4815\" \/><br \/>\n<input type=\"hidden\" name=\"_wpcf7_version\" value=\"5.8\" \/><br \/>\n<input type=\"hidden\" name=\"_wpcf7_locale\" value=\"hu_HU\" \/><br \/>\n<input type=\"hidden\" name=\"_wpcf7_unit_tag\" value=\"wpcf7-f4815-o1\" \/><br \/>\n<input type=\"hidden\" name=\"_wpcf7_container_post\" value=\"0\" \/><br \/>\n<input type=\"hidden\" name=\"_wpcf7_posted_data_hash\" value=\"\" \/>\n<\/div>\n<p><label> Nome<br \/>\n<span class=\"wpcf7-form-control-wrap\" data-name=\"FNAME\"><input size=\"40\" class=\"wpcf7-form-control wpcf7-text wpcf7-validates-as-required\" id=\"FNAME\" aria-required=\"true\" aria-invalid=\"false\" value=\"\" type=\"text\" name=\"FNAME\" \/><\/span> <\/label>\n<\/p>\n<p><label> Email<br \/>\n<span class=\"wpcf7-form-control-wrap\" data-name=\"your-email\"><input size=\"40\" class=\"wpcf7-form-control wpcf7-email wpcf7-validates-as-required wpcf7-text wpcf7-validates-as-email\" autocomplete=\"email\" aria-required=\"true\" aria-invalid=\"false\" value=\"\" type=\"email\" name=\"your-email\" \/><\/span> <\/label>\n<\/p>\n<p><input type=\"hidden\" name=\"tags\" value=\"9319859\" \/>\n<\/p>\n<p><!-- Mailchimp for WordPress v4.9.6 - https:\/\/www.mc4wp.com\/ --><input type=\"hidden\" name=\"_mc4wp_subscribe_contact-form-7\" value=\"0\" \/><span class=\"mc4wp-checkbox mc4wp-checkbox-contact-form-7\" ><label><input type=\"checkbox\" name=\"_mc4wp_subscribe_contact-form-7\" value=\"1\"  \/><span>Accetto l'informativa sulla privacy. Accetto le norme sul trattamento dei dati. Accetto l'informativa sulla privacy.<\/span><\/label><\/span><!-- \/ Mailchimp for WordPress -->\n<\/p>\n<p><input class=\"wpcf7-form-control wpcf7-submit has-spinner\" type=\"submit\" value=\"Registro\" \/>\n<\/p>\n<div class=\"wpcf7-response-output\" aria-hidden=\"true\"><\/div>\n<input type=\"hidden\" name=\"trp-form-language\" value=\"it\"\/><\/form>\n<\/div>\n<\/div>\n<\/div>\n<\/div>\n<\/div>\n<div class=\"one_half content_middle last\" style=\"background-image:url(https:\/\/ottevenyikastely.hu\/wp-content\/uploads\/2023\/06\/ceges_rendezveny_kastelyban-scaled.jpg);min-height:1000px;\"><\/div>\n<p><br class=\"clear\"\/><\/div>\n<\/div>\n<\/div>\n<\/div>\n<div  class=\"one ppb_fullwidth_button\" style=\"padding:35px 0 35px 0;background-color:#ffffff;margin-top:40px;margin-bottom:40px;\" >\n<div class=\"standard_wrapper\">\n<h2 class=\"title\" style=\"color:;\">PRENOTAZIONE E VERIFICA DELL'APPUNTAMENTO<\/h2>\n<p><a href=\"https:\/\/ottevenyikastely.hu\/de\/buchung\/\" class=\"button\" style=\"background-color:#e45d5d;border-color:#e45d5d;\">LIBRO <\/a><\/div>\n<\/div>\n<div  class=\"ppb_image_half_boxed_fixed_width one\" style=\"margin-top:40px;margin-bottom:40px;\" >\n<div class=\"standard_wrapper\">\n<div class=\"page_content_wrapper\">\n<div class=\"inner\">\n<div class=\"one_half content_middle\" style=\"background-image:url(https:\/\/ottevenyikastely.hu\/wp-content\/uploads\/2023\/06\/62473513_938984119779383_7640517665054266117_n.jpg);min-height:670px;\"><\/div>\n<div class=\"one_half last content_middle fixed\" style=\"padding:40px;text-align:center;min-height:670px; background-color:#ffffff;\">\n<div class=\"content_middle_wrapper\">\n<div class=\"content_middle_content\">\n<h2 class=\"ppb_title\" style=\"\">SERVIZI AGGIUNTIVI<\/h2>\n<div class=\"ppb_header_content\">\n<p style=\"text-align: justify;\"><span style=\"color: #374151;\">Il castello offre anche una serie di servizi aggiuntivi, quindi non esitate a contattarci per qualsiasi altra esigenza. Le pause caff\u00e8 possono essere supportate su richiesta con piccola pasticceria dolce e salata, bevande preparate e ciotole di caff\u00e8 e frutta, al costo di 10 EUR a persona. Possiamo fornire il pasto principale o la colazione per un massimo di 200 persone su tavoli rotondi e oltre sotto forma di buffet nell'edificio del castello. Il pasto principale a buffet costa circa 35 EUR a persona, mentre possiamo offrire un pasto seduto di tre portate con servizio al piatto per 45 EUR a persona. Il team del Castello \u00d6ttev\u00e9ny si impegna a fornire il massimo livello di servizio ad ogni ospite e ci auguriamo di poter essere presto parte del vostro successo. (La sala conferenze pu\u00f2 essere utilizzata solo durante il giorno)<\/span><\/p>\n<\/div>\n<\/div>\n<\/div>\n<\/div>\n<p><br class=\"clear\"\/><\/div>\n<\/div>\n<\/div>\n<\/div>","protected":false},"excerpt":{"rendered":"<p>Un luogo unico \u00e8 il castello Lasciatevi incantare dalla variopinta diversit\u00e0 del nostro castello, dove potrete ascoltare l'armoniosa sinfonia della storia e del mondo moderno! Perfetto come passerella per sfilate di moda, come location speciale per riprese cinematografiche, come magnifico sfondo per presentazioni aziendali o altri eventi commerciali, i nostri interni sono imponenti e [...]<\/p>","protected":false},"author":3,"featured_media":0,"parent":0,"menu_order":0,"comment_status":"closed","ping_status":"closed","template":"","meta":{"footnotes":""},"class_list":["post-4109","page","type-page","status-publish","hentry","entry"],"_links":{"self":[{"href":"https:\/\/ottevenyikastely.hu\/it\/wp-json\/wp\/v2\/pages\/4109","targetHints":{"allow":["GET"]}}],"collection":[{"href":"https:\/\/ottevenyikastely.hu\/it\/wp-json\/wp\/v2\/pages"}],"about":[{"href":"https:\/\/ottevenyikastely.hu\/it\/wp-json\/wp\/v2\/types\/page"}],"author":[{"embeddable":true,"href":"https:\/\/ottevenyikastely.hu\/it\/wp-json\/wp\/v2\/users\/3"}],"replies":[{"embeddable":true,"href":"https:\/\/ottevenyikastely.hu\/it\/wp-json\/wp\/v2\/comments?post=4109"}],"version-history":[{"count":0,"href":"https:\/\/ottevenyikastely.hu\/it\/wp-json\/wp\/v2\/pages\/4109\/revisions"}],"wp:attachment":[{"href":"https:\/\/ottevenyikastely.hu\/it\/wp-json\/wp\/v2\/media?parent=4109"}],"curies":[{"name":"wp","href":"https:\/\/api.w.org\/{rel}","templated":true}]}}