{"id":4117,"date":"2023-06-12T15:37:26","date_gmt":"2023-06-12T13:37:26","guid":{"rendered":"https:\/\/ottevenyikastely.hu\/?page_id=4117"},"modified":"2024-03-11T14:20:07","modified_gmt":"2024-03-11T13:20:07","slug":"ospitalita-vecchia","status":"publish","type":"page","link":"https:\/\/ottevenyikastely.hu\/it\/ospitalita-vecchia\/","title":{"rendered":"Ospitalit\u00e0 antica"},"content":{"rendered":"<div  class=\"one withsmallpadding ppb_text_image withbg parallax\" style=\"background-image:url(https:\/\/ottevenyikastely.hu\/wp-content\/uploads\/2023\/07\/elegant-restaurant-table-setting-service-for-recep-2022-12-16-00-11-59-utc.jpg);background-position: center top;text-align:center;padding:280px 0 280px 0;color:#ffffff !important;\" >\n<div class=\"overlay_background\" style=\"background:#000000;background:rgb(0,0,0,0.3);background:rgba(0,0,0,0.3);\"><\/div>\n<div class=\"standard_wrapper\">\n<div class=\"page_content_wrapper\">\n<div class=\"inner\">\n<div style=\"margin:auto;width:65%\">\n<h1 style=\"color:#fff;font-size:60px;\">Ospitalit\u00e0<\/h1>\n<h2 class=\"widgettitle\" style=\"color:#fff;border-color:#0000;font-size:28px;text-align: center\">Team professionale, ambiente esclusivo, servizi premium<\/h2>\n<\/div>\n<\/div>\n<\/div>\n<\/div>\n<\/div>\n<div  class=\"ppb_image_half_boxed_fixed_width one\" style=\"margin-top:40px;margin-bottom:40px;\" >\n<div class=\"standard_wrapper\">\n<div class=\"page_content_wrapper\">\n<div class=\"inner\">\n<div class=\"one_half content_middle fixed\" style=\"padding:30px; text-align:center;min-height:960px;background-color:#ffffff;\">\n<div class=\"content_middle_wrapper\">\n<div class=\"content_middle_content\">\n<h2 class=\"ppb_title\" style=\"color:#000000;\">Chef famosi in cucina<\/h2>\n<div class=\"ppb_header_content\">\n<p style=\"text-align: justify;\">Il nostro esecutivo <strong>Chef Peter<\/strong> Suga e il suo eccezionale team sono orgogliosi di offrire capolavori gastronomici per i vostri eventi, impegnandosi a fornire le migliori esperienze culinarie su misura per le vostre specifiche esigenze. Che si tratti di un matrimonio, di una conferenza o di qualsiasi altro evento, vi garantiamo di allineare la selezione di cibi e bevande in modo impeccabile al tema del vostro evento e alle vostre preferenze personali. Per i matrimoni, possiamo ospitare <strong>fino a 160 ospiti<\/strong>in un formato a tavola rotonda, seduti e con servizio al piatto. Per le conferenze, forniamo una disposizione a tavola rotonda per un massimo di <strong>200 ospiti<\/strong>mentre per gli eventi pi\u00f9 grandi siamo in grado di gestire ricevimenti in piedi fino a <strong>300 ospiti<\/strong>Il tutto nella sala da pranzo principale del castello.<\/p>\n<p style=\"text-align: justify;\">Lo chef P\u00e9ter Suga \u00e8 una figura rinomata nel mondo culinario. Ha iniziato il suo percorso culinario a Miskolc e la sua carriera lo ha portato in strutture prestigiose come i ristoranti Gundel, Paradiso e Kempinski di Budapest. Si \u00e8 poi trasferito a Gy\u0151r, dove ha ricoperto il ruolo di executive chef al Pati\u00f3 e successivamente al ristorante La Mareda. Tra i successi culinari europei dello chef Suga figurano un argento olimpico e una medaglia d'oro ai campionati mondiali. Ha composto menu per cene a tema, organizzato cene a base di vino con rinomati produttori, fondato un club di cucina e partecipato a concorsi culinari ed esami di camera. Il suo nome \u00e8 sinonimo di gastronomia di alta qualit\u00e0.<\/p>\n<p style=\"text-align: justify;\">Affidateci la creazione delle vostre esperienze gastronomiche e lasciatevi sedurre dai piatti pi\u00f9 deliziosi.<\/p>\n<p style=\"text-align: justify;\">Potete trovare i riferimenti alle nostre presentazioni qui, nella sezione <a style=\"text-align: center;\" href=\"https:\/\/ottevenyikastely.hu\/it\/?galleries=gallery-flow&#038;lang=hu\">Galleria<\/a><\/p>\n<\/div>\n<\/div>\n<\/div>\n<\/div>\n<div class=\"one_half content_middle last\" style=\"background-image:url(https:\/\/ottevenyikastely.hu\/wp-content\/uploads\/2023\/06\/HBP04444_retus.jpg);min-height:960px;\"><\/div>\n<p><br class=\"clear\"\/><\/div>\n<\/div>\n<\/div>\n<\/div>\n<div  class=\"one ppb_fullwidth_button\" style=\"padding:40px 0 40px 0;background-color:#ffffff;\" >\n<div class=\"standard_wrapper\">\n<h2 class=\"title\" style=\"color:;\">Prenotazione e verifica<\/h2>\n<p><a href=\"\" class=\"button\" >Prenotazione<\/a><\/div>\n<\/div>\n<div  class=\"ppb_image_half_boxed_fixed_width one\" style=\"margin-top:40px;margin-bottom:40px;\" >\n<div class=\"standard_wrapper\">\n<div class=\"page_content_wrapper\">\n<div class=\"inner\">\n<div class=\"one_half content_middle\" style=\"background-image:url(https:\/\/ottevenyikastely.hu\/wp-content\/uploads\/2023\/06\/21317687_1871672549513998_2662758619158888645_n.jpg);min-height:1000px;\"><\/div>\n<div class=\"one_half last content_middle fixed\" style=\"padding:40px;text-align:center;min-height:1000px; background-color:#ffffff;\">\n<div class=\"content_middle_wrapper\">\n<div class=\"content_middle_content\">\n<h2 class=\"ppb_title\" style=\"\">Scoprire le specialit\u00e0 della pasticceria con Kriszti\u00e1n Varga<\/h2>\n<div class=\"ppb_header_content\">\n<p style=\"text-align: justify;\">Kriszti\u00e1n \u00e8 il maestro pasticcere della Toscana Patisserie di Gy\u0151r, dove rappresenta con orgoglio la direzione tradizionale dell'arte pasticcera, lavorando solo con ingredienti naturali e vera crema. Se scegliete lui per la vostra torta nuziale, rimarrete senza dubbio soddisfatti del risultato.<\/p>\n<p style=\"text-align: justify;\">Non prendete una decisione alla cieca! Provate il gusto unico dei dolci preparati al momento presso la Toscana Patisserie di Gy\u0151r e assaporate la vera qualit\u00e0. Oltre alle torte, la nostra selezione comprende anche pasticceria dolce e salata. Prepariamo anche confezioni regalo come ricordo per i vostri ospiti da portare via dal vostro evento.<\/p>\n<p style=\"text-align: justify;\">Ordinate la vostra torta a un prezzo pi\u00f9 conveniente ma con una qualit\u00e0 di prim'ordine! Visita il sito web della Pasticceria Toscana:<\/p>\n<div class=\"standard_wrapper\" style=\"text-align: center;\">\n<p><a class=\"button\" href=\"https:\/\/toscanacukraszda.hu\/eskuvoi-tortak\/?utm_source=kastely_honlap&#038;utm_medium=Referral&#038;utm_campaign=kastely_honlap\" target=\"_blank\" rel=\"noopener\">Toscana web<\/a><\/p>\n<p>oppure date un'occhiata alla nostra galleria di torte nuziali!<\/p>\n<\/div>\n<div class=\"standard_wrapper\" style=\"text-align: center;\"><a class=\"button\" href=\"https:\/\/ottevenyikastely.hu\/it\/galleries\/toscana-cukraszda-eskuvoi-tortai\/\">Galleria di torte nuziali<\/a><\/div>\n<div><\/div>\n<p style=\"text-align: justify;\">Per assistenza, chiedete al nostro staff o scrivete direttamente al maestro stesso per un'offerta personalizzata a <a href=\"mailto:rendeles@toscanacukraszda.hu\">rendeles@toscanacukraszda.hu<\/a>e lasciateci aggiungere un tocco di dolcezza ai vostri momenti pi\u00f9 significativi!<\/p>\n<\/div>\n<\/div>\n<\/div>\n<\/div>\n<p><br class=\"clear\"\/><\/div>\n<\/div>\n<\/div>\n<\/div>\n<div  class=\"one ppb_fullwidth_button\" style=\"padding:0px 0 0px 0;margin-bottom:40px;\" >\n<div class=\"standard_wrapper\"><a href=\"https:\/\/ottevenyikastely.hu\/en\/food-and-drink-consumption\/\" class=\"button\">Bevande e bevande <\/a><\/div>\n<\/div>\n<div  class=\"one withsmallpadding ppb_header parallax withbg\" style=\"background-image:url(https:\/\/ottevenyikastely.hu\/wp-content\/uploads\/2023\/07\/elegant-catering-table-set-service-with-silverware-2021-09-03-07-43-23-utc.jpg);background-position: center top;text-align:center;padding:280px 0 280px 0;color:#ffffff;margin-top:40px;margin-bottom:40px;\" >\n<div class=\"overlay_background\" style=\"background:#000000;background:rgb(0,0,0,0.2);background:rgba(0,0,0,0.2);\"><\/div>\n<div class=\"standard_wrapper\">\n<div class=\"page_content_wrapper\">\n<div class=\"inner\">\n<div style=\"margin:auto;width:100%\"><\/div>\n<\/div>\n<\/div>\n<\/div>\n<\/div>","protected":false},"excerpt":{"rendered":"<p>Hospitalty Team professionale, ambiente esclusivo, servizi premium Celebrity Chef in cucina Il nostro Executive Chef P\u00e9ter Suga e il suo eccezionale team sono orgogliosi di offrire capolavori gastronomici per i vostri eventi. Si impegnano a fornire le migliori esperienze culinarie su misura per le vostre esigenze specifiche. Che si tratti di un matrimonio, di una conferenza o di qualsiasi altro evento particolare, garantiamo [...]<\/p>","protected":false},"author":3,"featured_media":0,"parent":0,"menu_order":0,"comment_status":"closed","ping_status":"closed","template":"","meta":{"footnotes":""},"class_list":["post-4117","page","type-page","status-publish","hentry","entry"],"_links":{"self":[{"href":"https:\/\/ottevenyikastely.hu\/it\/wp-json\/wp\/v2\/pages\/4117","targetHints":{"allow":["GET"]}}],"collection":[{"href":"https:\/\/ottevenyikastely.hu\/it\/wp-json\/wp\/v2\/pages"}],"about":[{"href":"https:\/\/ottevenyikastely.hu\/it\/wp-json\/wp\/v2\/types\/page"}],"author":[{"embeddable":true,"href":"https:\/\/ottevenyikastely.hu\/it\/wp-json\/wp\/v2\/users\/3"}],"replies":[{"embeddable":true,"href":"https:\/\/ottevenyikastely.hu\/it\/wp-json\/wp\/v2\/comments?post=4117"}],"version-history":[{"count":0,"href":"https:\/\/ottevenyikastely.hu\/it\/wp-json\/wp\/v2\/pages\/4117\/revisions"}],"wp:attachment":[{"href":"https:\/\/ottevenyikastely.hu\/it\/wp-json\/wp\/v2\/media?parent=4117"}],"curies":[{"name":"wp","href":"https:\/\/api.w.org\/{rel}","templated":true}]}}