{"id":4168,"date":"2023-06-12T17:02:48","date_gmt":"2023-06-12T15:02:48","guid":{"rendered":"https:\/\/ottevenyikastely.hu\/?page_id=4168"},"modified":"2023-11-20T13:55:43","modified_gmt":"2023-11-20T12:55:43","slug":"casa-en","status":"publish","type":"page","link":"https:\/\/ottevenyikastely.hu\/it\/casa-en\/","title":{"rendered":"Casa-DE"},"content":{"rendered":"<div  class=\"one withsmallpadding ppb_text_image withbg parallax\" style=\"background-image:url(https:\/\/ottevenyikastely.hu\/wp-content\/uploads\/2023\/08\/nyeremenyjatek-1.jpg);background-position: center top;text-align:left;padding:205px 0 205px 0;\" >\n<div class=\"standard_wrapper\">\n<div class=\"page_content_wrapper\">\n<div class=\"inner\">\n<div style=\"margin:auto;width:100%\">\n<h1 style=\"color: #fff; font-size: 55px;\">Chateau F\u00f6ldv\u00e1ry<\/h1>\n<h1 class=\"widgettitle\" style=\"color: #fff; border-color: #fff; margin-top: 20px; font-size: 35px;\">Grande apertura 2024 il 1\u00b0 maggio.<\/h1>\n<\/div>\n<\/div>\n<\/div>\n<\/div>\n<\/div>\n<div  class=\"ppb_image_half_boxed_fixed_width one\" style=\"margin-top:40px;margin-bottom:40px;\" >\n<div class=\"standard_wrapper\">\n<div class=\"page_content_wrapper\">\n<div class=\"inner\">\n<div class=\"one_half content_middle\" style=\"background-image:url(https:\/\/ottevenyikastely.hu\/wp-content\/uploads\/2023\/06\/1486930_763125647105896_2599009561480863766_n-Enhanced.jpg);min-height:405px;\"><\/div>\n<div class=\"one_half last content_middle fixed\" style=\"padding:40px;text-align:center;min-height:405px; background-color:#ffffff;\">\n<div class=\"content_middle_wrapper\">\n<div class=\"content_middle_content\">\n<h2 class=\"ppb_title\" style=\"\">SPOSI<\/h2>\n<div class=\"ppb_header_content\">\n<blockquote>\n<p style=\"text-align: justify;\">Il nostro castello \u00e8 ideale per feste di matrimonio con tavoli rotondi per un massimo di 160 ospiti. Affittando il castello, possiamo offrire una completa esclusivit\u00e0 per un evento privato impeccabile.<\/p>\n<p><strong><a title=\"Matrimonio\" href=\"https:\/\/ottevenyikastely.hu\/de\/hochzeit\/\">CASTELLO COME LOCATION PER MATRIMONI<\/a><\/strong><\/p>\n<\/blockquote>\n<\/div>\n<\/div>\n<\/div>\n<\/div>\n<p><br class=\"clear\"\/><\/div>\n<\/div>\n<\/div>\n<\/div>\n<div  class=\"ppb_image_half_boxed_fixed_width one\" style=\"margin-top:40px;margin-bottom:40px;\" >\n<div class=\"standard_wrapper\">\n<div class=\"page_content_wrapper\">\n<div class=\"inner\">\n<div class=\"one_half content_middle fixed\" style=\"padding:40px; text-align:center;min-height:450px;background-color:#ffffff;\">\n<div class=\"content_middle_wrapper\">\n<div class=\"content_middle_content\">\n<h2 class=\"ppb_title\" style=\"\">I NOSTRI SERVIZI<\/h2>\n<div class=\"ppb_header_content\">\n<ul>\n<li>\n<blockquote>\n<p>l'organizzazione e lo svolgimento di matrimoni, celebrazioni<\/p>\n<\/blockquote>\n<\/li>\n<li>\n<blockquote>\n<p>Offrire una location per film e fotografie professionali<\/p>\n<\/blockquote>\n<\/li>\n<li>\n<blockquote>\n<p>Location fotografica gratuita per le coppie di sposi<\/p>\n<\/blockquote>\n<\/li>\n<li>\n<blockquote>\n<p>teambuilding, eventi aziendali<\/p>\n<\/blockquote>\n<\/li>\n<li>\n<blockquote>\n<p><strong><a title=\"Gastronomia\" href=\"https:\/\/ottevenyikastely.hu\/de\/gastronomie\/\">Servizi di catering<\/a><\/strong><\/p>\n<\/blockquote>\n<\/li>\n<\/ul>\n<\/div>\n<\/div>\n<\/div>\n<\/div>\n<div class=\"one_half content_middle last\" style=\"background-image:url(https:\/\/ottevenyikastely.hu\/wp-content\/uploads\/2023\/06\/287356032_996920847685811_7607236231232610045_n.jpg);min-height:450px;\"><\/div>\n<p><br class=\"clear\"\/><\/div>\n<\/div>\n<\/div>\n<\/div>\n<div  class=\"one withsmallpadding ppb_text_image withbg parallax\" style=\"background-image:url(https:\/\/ottevenyikastely.hu\/wp-content\/uploads\/2023\/06\/IMG_0856-1.jpg);background-position: center top;text-align:center;padding:280px 0 280px 0;color:#ffffff !important;\" >\n<div class=\"overlay_background\" style=\"background:#000000;background:rgb(0,0,0,0.2);background:rgba(0,0,0,0.2);\"><\/div>\n<div class=\"standard_wrapper\">\n<div class=\"page_content_wrapper\">\n<div class=\"inner\">\n<div style=\"margin:auto;width:55%\">\n<h1 style=\"color: #fff; font-size: 55px;\">Chateau F\u00f6ldv\u00e1ry<\/h1>\n<h1 class=\"widgettitle\" style=\"color: #fff; border-color: #fff; margin-top: 20px; font-size: 35px;\">APERTURA IL 1\u00b0 MAGGIO 2024.<\/h1>\n<h2 class=\"widgettitle\" style=\"color: #fff; border-color: #fff; margin-top: 20px;\"><\/h2>\n<\/div>\n<\/div>\n<\/div>\n<\/div>\n<\/div>\n<div  class=\"ppb_image_half_boxed_fixed_width one\" style=\"margin-top:40px;margin-bottom:40px;\" >\n<div class=\"standard_wrapper\">\n<div class=\"page_content_wrapper\">\n<div class=\"inner\">\n<div class=\"one_half content_middle fixed\" style=\"padding:40px; text-align:center;min-height:600px;background-color:#ffffff;\">\n<div class=\"content_middle_wrapper\">\n<div class=\"content_middle_content\">\n<h2 class=\"ppb_title\" style=\"\">LA STORIA<\/h2>\n<div class=\"ppb_header_content\">\n<blockquote>\n<p style=\"text-align: justify;\">Il castello di F\u00f6ldv\u00e1r si trova nella parte occidentale del Transdanubio, a 15 km da Gy\u0151r, nel villaggio di \u00d6ttev\u00e9ny. \u00d6ttev\u00e9ny ha subito molti cambiamenti storici nel corso della sua storia, ma ha conservato il suo significato storico e il suo ricco patrimonio fino ad oggi. Il villaggio \u00e8 situato sul bordo settentrionale della Grande Pianura Ungherese nel distretto di Gy\u0151r ed \u00e8 stato teatro di vari eventi storici nel corso dei secoli.<\/p>\n<p><a title=\"Storia del castello\" href=\"https:\/\/ottevenyikastely.hu\/de\/burggeschichte\/\">Per saperne di pi\u00f9<\/a><\/p>\n<\/blockquote>\n<\/div>\n<\/div>\n<\/div>\n<\/div>\n<div class=\"one_half content_middle last\" style=\"background-image:url(https:\/\/ottevenyikastely.hu\/wp-content\/uploads\/2023\/06\/IMG_0867-2.jpg);min-height:600px;\"><\/div>\n<p><br class=\"clear\"\/><\/div>\n<\/div>\n<\/div>\n<\/div>\n<div  class=\"one withsmallpadding ppb_header parallax withbg\" style=\"background-image:url(https:\/\/ottevenyikastely.hu\/wp-content\/uploads\/2023\/06\/Kepernyofoto-2023-06-11-6.29.59-2.jpeg);background-position: center top;text-align:center;padding:285px 0 285px 0;color:#ffffff;\" >\n<div class=\"overlay_background\" style=\"background:#000000;background:rgb(0,0,0,0.2);background:rgba(0,0,0,0.2);\"><\/div>\n<div class=\"standard_wrapper\">\n<div class=\"page_content_wrapper\">\n<div class=\"inner\">\n<div style=\"margin:auto;width:100%\"><\/div>\n<\/div>\n<\/div>\n<\/div>\n<\/div>","protected":false},"excerpt":{"rendered":"<p>Chateau F\u00f6ldv\u00e1ry Grande apertura 2024 M\u00e1jus 1. SPOSI Il nostro castello \u00e8 ideale per ricevimenti di nozze con tavoli rotondi per un massimo di 160 ospiti. Affittando il castello, possiamo offrire una completa esclusivit\u00e0 per un evento privato impeccabile. CASTELLO COME LOCATION PER SPOSI I NOSTRI SERVIZI Matrimoni, organizzazione e svolgimento di cerimonie Location per film, [...]<\/p>","protected":false},"author":3,"featured_media":0,"parent":0,"menu_order":0,"comment_status":"closed","ping_status":"closed","template":"","meta":{"footnotes":""},"class_list":["post-4168","page","type-page","status-publish","hentry","entry"],"_links":{"self":[{"href":"https:\/\/ottevenyikastely.hu\/it\/wp-json\/wp\/v2\/pages\/4168","targetHints":{"allow":["GET"]}}],"collection":[{"href":"https:\/\/ottevenyikastely.hu\/it\/wp-json\/wp\/v2\/pages"}],"about":[{"href":"https:\/\/ottevenyikastely.hu\/it\/wp-json\/wp\/v2\/types\/page"}],"author":[{"embeddable":true,"href":"https:\/\/ottevenyikastely.hu\/it\/wp-json\/wp\/v2\/users\/3"}],"replies":[{"embeddable":true,"href":"https:\/\/ottevenyikastely.hu\/it\/wp-json\/wp\/v2\/comments?post=4168"}],"version-history":[{"count":0,"href":"https:\/\/ottevenyikastely.hu\/it\/wp-json\/wp\/v2\/pages\/4168\/revisions"}],"wp:attachment":[{"href":"https:\/\/ottevenyikastely.hu\/it\/wp-json\/wp\/v2\/media?parent=4168"}],"curies":[{"name":"wp","href":"https:\/\/api.w.org\/{rel}","templated":true}]}}