{"id":4627,"date":"2023-06-19T15:37:30","date_gmt":"2023-06-19T13:37:30","guid":{"rendered":"https:\/\/ottevenyikastely.hu\/?page_id=4627"},"modified":"2023-06-19T16:33:10","modified_gmt":"2023-06-19T14:33:10","slug":"regolamento-per-lassegnazione-dei-premi","status":"publish","type":"page","link":"https:\/\/ottevenyikastely.hu\/it\/regolamento-per-lassegnazione-dei-premi\/","title":{"rendered":"Regole dell'estrazione a premi"},"content":{"rendered":"<div class=\"article_title\">\n<h1><strong style=\"font-size: 16px;\">REGOLE DEL GIOCO E ISTRUZIONI DI GESTIONE Gioco promozionale \"Concorso a premi Terremoto\" (di seguito denominato il Gioco)<\/strong><\/h1>\n<\/div>\n<div class=\"article-html-content\">\n<p><strong><u>1. Breve descrizione del gioco.<\/u><\/strong><\/p>\n<p>Il Promotore organizza un gioco promozionale per promuovere le sue newsletter, durante il quale estrarr\u00e0 dei premi tra i Giocatori che parteciperanno al Gioco.<\/p>\n<p><strong><u>2. L'organizzatore e il promotore del gioco.<\/u><\/strong><\/p>\n<h3 class=\"LC20lb MBeuO DKV0Md\">Garzon Plaza Ltd.<\/h3>\n<figure class=\"table\">\n<table>\n<tbody>\n<tr>\n<td>Posti a sedere:<\/td>\n<td>Gy\u0151r, Vasv\u00e1ri P\u00e1l u. 1\/b, 9024<\/td>\n<\/tr>\n<tr>\n<td>l'amministrazione centrale:<\/td>\n<td>Gy\u0151r, Vasv\u00e1ri P\u00e1l u. 1\/b, 9024<\/td>\n<\/tr>\n<tr>\n<td>cg.<\/td>\n<td>08 09 015113<\/td>\n<\/tr>\n<tr>\n<td>codice fiscale:<\/td>\n<td>13995803-2-08<\/td>\n<\/tr>\n<tr>\n<td>sono rappresentati da:<\/td>\n<td>Matusz Bal\u00e1zs Carlo<\/td>\n<\/tr>\n<\/tbody>\n<\/table>\n<\/figure>\n<p>(di seguito denominato\u00a0<strong>Organizzatore<\/strong>)<\/p>\n<p><strong><u>3. Durata del gioco.<\/u><\/strong><\/p>\n<p>20 giugno 2023 00:00 - 25 novembre 2023 24:00<\/p>\n<p><strong><u>4. Posizione del gioco.<\/u><\/strong><\/p>\n<p>https:\/\/ottevenyikastely.hu\/ (precedente e successivo) <strong>Sito web<\/strong>)<\/p>\n<p><strong><u>5. Condizioni di partecipazione.<\/u><\/strong><\/p>\n<p>Il Gioco \u00e8 aperto a tutte le persone che, utilizzando il sito https:\/\/ottevenyikastely.hu\/, si iscrivono alla newsletter dell'Organizzatore e accettano il presente Regolamento (come sopra e di seguito indicato). <strong>Giocatore<\/strong>).<\/p>\n<p>Se il Giocatore non desidera partecipare al Gioco dopo la sua iscrizione, pu\u00f2 <span class=\"elementor-icon-list-text\">hotel@garzonplaza.hu<\/span>-Il Promotore invier\u00e0 una lettera al Promotore, nel qual caso il Promotore rimuover\u00e0 il Giocatore dal database della lotteria.<\/p>\n<p><strong><u>6. Come funziona il gioco.<\/u><\/strong><\/p>\n<p>I giocatori saranno estratti dall'Organizzatore alle ore 12:00 del 14 novembre 2023.<\/p>\n<p><strong><u>7. Vincite.<\/u><\/strong><\/p>\n<p>Il seguente premio sar\u00e0 estratto dall'Organizzatore in occasione dell'estrazione dei premi (come definito sopra e di seguito) <strong>Estrazione a premi<\/strong>)<\/p>\n<ul>\n<li>?<\/li>\n<li>?<\/li>\n<\/ul>\n<p><strong><u>8. Ricezione del premio.<\/u><\/strong><\/p>\n<p>Al fine di trasferire i Premi, il Promotore contatter\u00e0 direttamente i vincitori utilizzando l'indirizzo e-mail o il numero di telefono fornito durante il processo di iscrizione alla newsletter e lo render\u00e0 pubblico sulla pagina Facebook del Promotore. Il vincitore sar\u00e0 contattato entro 30 (trenta) giorni di calendario dall'estrazione, mentre il non vincitore non sar\u00e0 contattato separatamente dall'Organizzatore.<\/p>\n<p><strong><u>9. Gestione dei dati.<\/u><\/strong><\/p>\n<p><strong>Il titolare del trattamento \u00e8.<\/strong><\/p>\n<p><strong>L'Organizzatore del gioco \u00e8 il responsabile del trattamento dei dati.<\/strong><\/p>\n<figure class=\"table\">\n<table>\n<tbody>\n<tr>\n<td>indirizzo e-mail:<\/p>\n<p>Responsabile della protezione dei dati:<\/p>\n<p>&nbsp;<\/td>\n<td><a href=\"mailto:adatkezeles@telex.hu\">adatkezeles@telex.hu<\/a><\/p>\n<p>Dr. Zsuzsanna Ducsay LL.M., avvocato (Ducsay Law Office; sede legale: 1124 Budapest, Apor Vilmos t\u00e9r 25-26.; e-mail:\u00a0<a href=\"mailto:dpo@telex.hu\">dpo@telex.hu<\/a><\/p>\n<p>&nbsp;<\/td>\n<\/tr>\n<\/tbody>\n<\/table>\n<\/figure>\n<p>Il Titolare del trattamento informa il Giocatore che il conferimento dei suoi dati \u00e8 volontario, tuttavia il conferimento di tali dati \u00e8 un requisito indispensabile per la partecipazione al Gioco, in quanto il Titolare del trattamento non pu\u00f2 condurre il Gioco senza il conferimento dei dati personali indicati.<\/p>\n<p><strong>Finalit\u00e0 del trattamento.<\/strong><\/p>\n<p>Il Gioco si svolger\u00e0 in conformit\u00e0 al presente Regolamento.<\/p>\n<p><strong>Base giuridica del trattamento.<\/strong><\/p>\n<p>Articolo 6 (1) (a) del GDPR, ovvero il consenso del Giocatore (o di seguito denominato \"Interessato\"), che fornisce spuntando l'apposita casella nella finestra dell'Account utente di cui alla Sezione 6 del presente Regolamento e cliccando sul pulsante \"Gioco\".<\/p>\n<p><strong>In questo contesto, il Titolare del trattamento invita esplicitamente il Giocatore a revocare il proprio consenso al trattamento come sopra previsto in qualsiasi momento, mediante una dichiarazione indirizzata al Titolare del trattamento in forma informale, che non pregiudica la liceit\u00e0 del trattamento fino alla revoca del consenso.<\/strong><\/p>\n<p><strong>In caso di revoca del consenso, il Titolare del trattamento canceller\u00e0 i dati del Giocatore entro 24 (ventiquattro) ore dalla revoca, a meno che non vi sia un'altra base giuridica per un ulteriore trattamento.<\/strong><\/p>\n<p><strong>Fonte dei dati.<\/strong><\/p>\n<p>Per quanto riguarda l'account utente in cui sono memorizzati i dati, il Titolare del trattamento presume che la fonte dei dati sia il Giocatore stesso.<\/p>\n<p><strong>I dati elaborati.<\/strong><\/p>\n<p>Il nome fornito dal Giocatore e l'indirizzo e-mail, il numero di telefono, il nome e il cognome forniti dal Giocatore al momento della creazione dell'account utente.<\/p>\n<p><strong>Durata del trattamento.<\/strong><\/p>\n<p>Il trattamento dei dati in relazione al Gioco continuer\u00e0 fino alla revoca del consenso, ma non oltre 8 (otto) anni solari dalla fine del Gioco.<\/p>\n<p><strong>Destinatari e Responsabili del trattamento.<\/strong><\/p>\n<p>In linea di principio, il responsabile del trattamento non intende divulgare i dati personali ad altri, e le seguenti persone possono agire in linea di principio come responsabili del trattamento.<\/p>\n<ul>\n<li>il fornitore di server che fornisce il background informatico \u00e8 Hetzner Online GmbHIndustriestr. 2591710 Gunzenhausen, Germania<\/li>\n<li>la societ\u00e0 che fornisce servizi di contabilit\u00e0 o di tenuta dei libri contabili: ESZTOM K\u00f6nyvel\u0151- \u00e9s Tan\u00e1csad\u00f3 Korl\u00e1tolt Felel\u0151ss\u00e9g\u0171 T\u00e1rsas\u00e1g (sede legale: 1134 Budapest, Lehel utca 12.);<\/li>\n<li>il revisore dei dati \u00e8 BPO-AUDIT Auditing and Management Consulting Limited Liability Company; sede legale: 5 Zichy G\u00e9za utca III. piano, Budapest, HU-1146 Budapest. 1-2.<\/li>\n<li>una societ\u00e0 o un imprenditore individuale che fornisce un cosiddetto sistema di gestione delle relazioni con i clienti che pu\u00f2 essere utilizzato dal Titolare del trattamento.<\/li>\n<li>il rappresentante legale del Titolare del trattamento, il fornitore di servizi che fornisce garanzie.<\/li>\n<li>FOXPOST Zrt. (sede legale: 3300 Eger, Pacsirta utca 35\/A.) come vettore delle consegne.<\/li>\n<\/ul>\n<p><strong>Trasferimenti di dati verso paesi terzi.<\/strong><\/p>\n<p>Il Titolare del trattamento non trasferisce i dati a paesi terzi.<\/p>\n<p><strong>Profilazione e processo decisionale automatizzato in casi individuali.<\/strong><\/p>\n<p>Il Titolare del trattamento non utilizza la profilazione o il processo decisionale automatizzato.<\/p>\n<p><strong>Descrizione dei diritti dell'interessato - con la relativa guida ufficiale.<\/strong><\/p>\n<p>Ai sensi dell'articolo 57, paragrafo 1, lettera f), e dell'articolo 77, paragrafo 1, del GDPR, tutti gli interessati, compreso l'utente, hanno il diritto di presentare un reclamo all'Autorit\u00e0 se ritengono che il trattamento dei dati personali che lo riguardano violi il GDPR. Tuttavia, l'esperienza pratica dell'Autorit\u00e0 dimostra che nella stragrande maggioranza dei casi i responsabili del trattamento collaborano con gli interessati e ripristinano la liceit\u00e0 del trattamento di propria iniziativa se ricevono una richiesta specifica per il trattamento a cui si oppongono.<\/p>\n<p>L'Autorit\u00e0 pertanto\u00a0<strong>Propone<\/strong>\u00a0all'interessato,\u00a0<strong>di contattare direttamente i responsabili del trattamento dei dati prima di presentare un reclamo, al fine di gestire i casi in modo pi\u00f9 rapido ed efficiente<\/strong>, ed esercitare i propri diritti di interessato da.<\/p>\n<p>In linea di principio, qualsiasi soggetto interessato pu\u00f2 rivolgersi al responsabile del trattamento:<\/p>\n<ul>\n<li>accesso ai propri dati personali\u00a0<strong>accessibile da<\/strong>,<\/li>\n<li>i vostri dati personali\u00a0<strong>correzione,<\/strong><\/li>\n<li>i vostri dati personali\u00a0<strong>cancellazione di,<\/strong><\/li>\n<li>l'elaborazione specifica\u00a0<strong>restrizioni<\/strong>,<\/li>\n<li>i vostri dati personali\u00a0<strong>portabilit\u00e0,<\/strong><\/li>\n<li>anche<strong>\u00a0all'oggetto\u00a0<\/strong>contro il trattamento dei vostri dati personali -\u00a0<strong>QUESTO DIRITTO DEGLI INTERESSATI NON SI APPLICA AL TRATTAMENTO DEI DATI IN CONFLITTO CON LE PRESENTI NORME, IN CONSIDERAZIONE DELLA BASE GIURIDICA DEL TRATTAMENTO.<\/strong><\/li>\n<\/ul>\n<p>Il Titolare del trattamento richiama esplicitamente l'attenzione dell'Interessato sul fatto che il diritto di opporsi al trattamento oggetto della presente Informativa non si applica al trattamento dei dati personali, in quanto nessuna delle attivit\u00e0 di trattamento \u00e8 basata sul legittimo interesse del Titolare del trattamento o di terzi, n\u00e9 \u00e8 effettuata per motivi di interesse pubblico.<\/p>\n<p>Qualunque sia la richiesta di esercizio di uno dei diritti dell'interessato, il Titolare del trattamento informer\u00e0 l'interessato dell'azione intrapresa in risposta alla richiesta senza ingiustificato ritardo e in ogni caso entro un mese dal ricevimento della richiesta. Se necessario, tenuto conto della complessit\u00e0 della richiesta e del numero di richieste, tale termine pu\u00f2 essere prorogato di altri due mesi. Tuttavia, il Titolare del trattamento informer\u00e0 l'Interessato della proroga del termine entro un mese dal ricevimento della richiesta, indicando i motivi del ritardo.<\/p>\n<p>Se il Titolare del trattamento non d\u00e0 seguito alla richiesta dell'Interessato, il Titolare del trattamento informa l'Interessato senza indugio, e comunque non oltre un mese dal ricevimento della richiesta, dei motivi dell'inerzia e della possibilit\u00e0 di proporre reclamo all'Autorit\u00e0 e di esercitare il diritto di ricorso giurisdizionale dinanzi all'autorit\u00e0 giudiziaria competente del luogo di residenza o di soggiorno (per i recapiti delle autorit\u00e0 giudiziarie, si veda il link sottostante:\u00a0<a href=\"http:\/\/birosag.hu\/torvenyszekek\" target=\"_blank\" rel=\"noopener\">http:\/\/birosag.hu\/torvenyszekek<\/a>).<\/p>\n<p>Se il Titolare del trattamento ha ragionevoli dubbi sull'identit\u00e0 dell'Interessato quando presenta una richiesta di esercizio di un diritto dell'Interessato, il Titolare del trattamento pu\u00f2 chiedere all'Interessato di fornire ulteriori informazioni necessarie per confermare la sua identit\u00e0.<\/p>\n<p>L'informazione e l'intervento su richiesta dell'interessato sono, in linea di principio, gratuiti. Tuttavia, se la richiesta \u00e8 manifestamente infondata o eccessiva, in particolare per il suo carattere ripetitivo, il Titolare del trattamento pu\u00f2, tenendo conto dei costi amministrativi per fornire le informazioni o le informazioni richieste o per intraprendere l'azione richiesta, addebitare un costo ragionevole o rifiutare di dare seguito alla richiesta. Tuttavia, l'onere di dimostrare che la richiesta \u00e8 manifestamente infondata o eccessiva spetta al Titolare del trattamento.<\/p>\n<p>L'articolo 37 del GDPR specifica i casi in cui il titolare del trattamento e l'incaricato del trattamento devono nominare un RPD, sebbene la nomina di un RPD da parte del titolare del trattamento non sia obbligatoria, ma dato che tale persona \u00e8 stata nominata volontariamente, l'Autorit\u00e0 raccomanda che l'interessato si rivolga generalmente a un RPD in tali casi.<\/p>\n<p>Se il Titolare del trattamento non ottempera a una richiesta dell'Interessato in modo verificabile, tenendo conto dei termini di cui sopra, l'Autorit\u00e0 indagher\u00e0 sulla questione sulla base di un reclamo.<\/p>\n<ul>\n<li><strong>Diritto di accesso ai propri dati personali<\/strong><\/li>\n<\/ul>\n<p>Sulla base di tale diritto, l'Interessato ha il diritto di ricevere dal Titolare del trattamento un riscontro sull'esistenza o meno di un trattamento dei propri dati personali e, in caso di trattamento, di avere accesso ai propri dati personali e alle informazioni elencate nel Regolamento generale sulla protezione dei dati (ad esempio, le finalit\u00e0 del trattamento, la base giuridica del trattamento, i destinatari o le categorie di destinatari dei dati personali e, in caso di trasferimento a paesi terzi o organizzazioni internazionali, le informazioni relative a; la durata o gli aspetti del trattamento, i diritti dell'interessato, i rimedi, le conseguenze della mancata comunicazione dei dati).<\/p>\n<p>Il titolare del trattamento deve fornire all'interessato una copia dei dati personali oggetto del trattamento. Tuttavia, come regola generale, l'Autorit\u00e0 richiama l'attenzione dell'interessato sul fatto che il responsabile del trattamento pu\u00f2 addebitare un costo ragionevole basato sui costi amministrativi per le copie aggiuntive richieste e che l'esercizio del diritto di richiedere una copia non deve pregiudicare i diritti e le libert\u00e0 di altri.<\/p>\n<ul>\n<li><strong>Diritto di rettifica dei dati personali<\/strong><\/li>\n<\/ul>\n<p>Sulla base del diritto di rettifica, l'Interessato ha il diritto di ottenere dal Titolare del trattamento, su sua richiesta, la rettifica dei dati personali inesatti che lo riguardano senza ingiustificato ritardo, e il diritto di ottenere il completamento dei dati personali incompleti.<\/p>\n<ul>\n<li><strong>Diritto alla cancellazione e all'oblio dei propri dati personali<\/strong><\/li>\n<\/ul>\n<p>In linea generale, il diritto alla cancellazione conferisce all'interessato il diritto di ottenere dal Titolare del trattamento la cancellazione dei propri dati personali senza ingiustificato ritardo su sua richiesta, e il Titolare del trattamento \u00e8 obbligato a cancellare i dati senza ingiustificato ritardo a determinate condizioni.<\/p>\n<p>Il diritto all'oblio \u00e8 un'estensione del diritto alla cancellazione all'ambiente online, in base al quale, se il Titolare del trattamento ha divulgato i dati personali dell'Interessato e deve cancellarli, deve adottare misure ragionevoli per informare i Titolari del trattamento che trattano i dati personali dell'Interessato che l'Interessato ha richiesto la cancellazione dei link o delle copie dei dati personali.<\/p>\n<p>In relazione a questo diritto dell'interessato, \u00e8 importante notare, tuttavia, che non \u00e8 possibile cancellare e \"dimenticare\" i dati personali in uno dei casi previsti dall'articolo 17, paragrafo 3, del GDPR.<\/p>\n<ul>\n<li><strong>Diritto di limitare il trattamento dei propri dati personali<\/strong><\/li>\n<\/ul>\n<p>L'interessato ha il diritto di ottenere dal Titolare del trattamento la limitazione, comunemente nota come blocco, del trattamento dei suoi dati su sua richiesta se \u00e8 soddisfatta una delle seguenti condizioni:<\/p>\n<ul>\n<li>l'interessato contesta l'esattezza dei propri dati personali. In questo caso, la restrizione si applica per il periodo di tempo che consente al Titolare del trattamento di verificare l'esattezza di tali dati personali;<\/li>\n<li>il trattamento \u00e8 illecito e l'interessato si oppone alla cancellazione dei dati personali e chiede invece la limitazione del loro utilizzo;<\/li>\n<li>il Controllore non ha pi\u00f9 bisogno dei dati personali per le finalit\u00e0 del trattamento, ma l'Interessato li richiede per l'istituzione, l'esercizio o la difesa di diritti legali;<\/li>\n<li>l'Interessato si \u00e8 opposto al trattamento; in questo caso, la limitazione si applica per il periodo fino a quando non si stabilisce se i motivi legittimi del responsabile del trattamento prevalgono su quelli dell'Interessato.<\/li>\n<\/ul>\n<p>&nbsp;<\/p>\n<ul>\n<li><strong>Diritto alla portabilit\u00e0 dei propri dati personali<\/strong><\/li>\n<\/ul>\n<p>Sulla base di tale diritto, l'Interessato ha il diritto di ricevere i dati personali che lo riguardano forniti al Titolare del trattamento in un formato strutturato, di uso comune e leggibile da dispositivo automatico e il diritto di trasmettere tali dati personali a un altro titolare del trattamento senza impedimenti da parte del titolare del trattamento a cui li ha forniti. L'utente pu\u00f2 esercitare tale diritto qualora il trattamento sia basato sul consenso o su un contratto e il trattamento sia effettuato con mezzi automatizzati.<\/p>\n<p><strong><u>In questo contesto, il Titolare del trattamento invita inoltre esplicitamente e ripetutamente il Giocatore a revocare in qualsiasi momento il proprio consenso al trattamento dei dati come sopra previsto, mediante una dichiarazione indirizzata al Titolare del trattamento in forma informale, che non pregiudica la liceit\u00e0 del trattamento fino alla revoca del consenso.<\/u><\/strong><\/p>\n<p><strong><u>In caso di revoca del consenso, il Titolare del trattamento canceller\u00e0 i dati del Giocatore entro 24 (ventiquattro) ore dalla revoca, a meno che non vi sia un'altra base giuridica per un ulteriore trattamento.<\/u><\/strong><\/p>\n<p>&nbsp;<\/p>\n<p><strong>Il diritto dell'interessato a presentare un reclamo e a chiedere un risarcimento.<\/strong><\/p>\n<p>L'Interessato ha il diritto di presentare un reclamo all'Autorit\u00e0 nazionale competente per la protezione dei dati e la libert\u00e0 d'informazione (di seguito denominata \"Autorit\u00e0\") in relazione o in connessione con il trattamento dei dati personali.\u00a0<strong>Autorit\u00e0<\/strong>), o di intentare direttamente un'azione civile contro il Titolare del trattamento presso il tribunale competente.<\/p>\n<p>I dati di contatto dell'Autorit\u00e0 sono disponibili sul sito web dell'Autorit\u00e0 all'indirizzo\u00a0<a href=\"http:\/\/www.naih.hu\/\" target=\"_blank\" rel=\"noopener\">www.naih.hu<\/a>\u00a0I numeri di telefono brevi dell'Autorit\u00e0 sono +36\/1-391-14-00 e +36\/1-391-14-10 e +36\/30-683-5969 e +36\/30-549-6838; l'indirizzo di posta elettronica:\u00a0<a href=\"mailto:ugyfelszolgalat@naih.hu\">ugyfelszolgalat@naih.hu<\/a>, sede centrale: 1055 Budapest, Falk Miksa utca 9-11.; indirizzo postale: 1363 Budapest, Pf. 9.; gateway dell'ufficio: nome breve: NAIH; KR ID: 429616918.<\/p>\n<p>L'Interessato pu\u00f2 avviare un procedimento civile contro il Titolare del trattamento, applicando le disposizioni della legge CXXX del 2016 sulla procedura civile, fermo restando che la causa \u00e8 soggetta alla giurisdizione di un tribunale, la cui giurisdizione \u00e8 determinata dal luogo di residenza (o domicilio) dell'Interessato o dalla sede del Titolare del trattamento, e che il tribunale agisce a titolo gratuito per la risoluzione della controversia.<\/p>\n<p>Tuttavia, prima di presentare un reclamo all'Autorit\u00e0 o di avviare un procedimento civile, pu\u00f2 essere utile che l'Interessato comunichi direttamente al Titolare del trattamento la propria lamentela inviando una richiesta informale a uno dei recapiti del Titolare del trattamento indicati nella presente Informativa o a uno dei recapiti del Responsabile della protezione dei dati. In tal caso, il Titolare del trattamento contatter\u00e0 direttamente l'Interessato, non appena le circostanze lo consentiranno, al fine di risolvere la situazione nel pi\u00f9 breve tempo possibile e sulla base del consenso delle parti.<\/p>\n<p><strong><u>11. Disposizioni varie.<\/u><\/strong><\/p>\n<p>Il Gioco non \u00e8 considerato un gioco d'azzardo, ma solo un gioco promozionale ai sensi della legge XXXIV del 1991 sull'organizzazione dei giochi d'azzardo.<\/p>\n<p>La responsabilit\u00e0 fiscale in relazione ai Premi \u00e8 a carico del Promotore.<\/p>\n<p>L'Organizzatore non si occupa di fornire le condizioni tecniche necessarie per la partecipazione al Gioco.<\/p>\n<p>L'Organizzatore non sar\u00e0 responsabile di alcun compenso, indennizzo o altra richiesta di risarcimento in relazione alla partecipazione al Gioco, n\u00e9 di costi, danni o perdite derivanti da o correlati a errori, omissioni o difetti del Gioco o del suo funzionamento.<\/p>\n<p>L'Organizzatore esclude ogni responsabilit\u00e0 per eventi imprevedibili al di fuori del suo controllo (forza maggiore) o per azioni di terzi di cui non \u00e8 responsabile.<\/p>\n<p>L'Organizzatore esclude la propria responsabilit\u00e0 per eventuali danni subiti dal Giocatore da parte di terzi a causa di informazioni false, errate, imprecise o incomplete, della partecipazione di una persona incapace o di una persona con capacit\u00e0 giuridica limitata che non pu\u00f2 partecipare senza il consenso di un rappresentante legale, o per qualsiasi altra causa.<\/p>\n<p>L'Organizzatore esclude ogni responsabilit\u00e0 per qualsiasi uso improprio della partecipazione al Gioco.<\/p>\n<p>Accettando il presente Regolamento di gioco, il Giocatore riconosce che il contenuto, le prestazioni, la trasmissione di messaggi e dati e la velocit\u00e0 di risposta dell'infrastruttura tecnica del Gioco dipendono dalla tecnologia del server e possono essere influenzati negativamente da fattori al di fuori del controllo dell'Organizzatore, quali (a titolo esemplificativo e non esaustivo) guasti alla connessione, prestazioni del computer del server, congestione della rete, copertura e mantenimento di una connessione di rete sicura. Nessuna pretesa potr\u00e0 essere avanzata o essere fatta valere nei confronti dell'Organizzatore in relazione a uno qualsiasi degli eventi di cui al presente paragrafo.<\/p>\n<p>I dirigenti, i dipendenti, gli agenti e i loro parenti stretti dell'Organizzatore, gli altri collaboratori diretti alla gestione del Gioco e i loro parenti stretti non possono diventare Giocatori.<\/p>\n<p>L'Organizzatore declina ogni responsabilit\u00e0 per eventuali attacchi esterni alla sede e al server che gestisce la sede, i cosiddetti attacchi SQL. Se, a seguito di un attacco a questi siti web o server, i Giocatori ricevono messaggi di sistema errati relativi ai loro premi, allo stato di vincitore\/non vincitore, ecc. l'Organizzatore non potr\u00e0 essere ritenuto responsabile per tali casi e non potr\u00e0 essere avanzata o fatta valere alcuna pretesa nei suoi confronti in tali casi.<\/p>\n<p>I giocatori che, contrariamente allo spirito del Gioco, partecipano al Gioco in squadra sotto il nome di una persona fisica, o con un personaggio fittizio, con indirizzi e-mail generati in massa, con l'obiettivo di aumentare le proprie possibilit\u00e0 di vincita attraverso tale comportamento ingannevole e illegale, possono essere esclusi dal Gioco, per decisione unilaterale dell'Organizzatore, con effetto immediato. Tali partecipanti comprendono, ad esempio, le persone associate allo scopo di partecipare a lotterie e altre estrazioni a premi, che coordinano le loro azioni al fine di ottenere i premi e combinano le prestazioni di pi\u00f9 persone sotto un unico nome, privando cos\u00ec gli altri Giocatori che desiderano giocare lealmente della possibilit\u00e0 di vincere. Tali persone comprendono anche coloro che partecipano al Gioco con informazioni false. I Partecipanti o i Giocatori che si impegnano nella condotta disonesta di cui al presente paragrafo saranno tenuti a risarcire l'Organizzatore per qualsiasi danno causato all'Organizzatore in relazione al Gioco, per l'importo e al momento dovuti, come indicato nella richiesta scritta dell'Organizzatore a tal fine.<\/p>\n<p>Qualsiasi interferenza esterna con la registrazione dei giocatori, l'invio di messaggi di vincita\/non vincita, ecc. con qualsiasi mezzo non disponibile nell'ambito della sede, comporter\u00e0 l'immediata squalifica del giocatore.<\/p>\n<p>I dati dell'orologio del server dell'Organizzatore saranno utilizzati ai fini del Gioco.<\/p>\n<p>Il Giocatore non pu\u00f2 rivendicare o far valere alcun diritto a scambiare o convertire il Premio in denaro nei confronti dell'Organizzatore.<\/p>\n<p>L'Organizzatore si riserva il diritto di modificare il presente Regolamento e le Condizioni del Gioco in qualsiasi momento, senza fornire alcuna motivazione, o di interrompere il Gioco, nel qual caso non sar\u00e0 possibile avanzare alcuna pretesa nei confronti dell'Organizzatore.<\/p>\n<p>Qualsiasi domanda relativa al Gioco, alla sua procedura e ai premi pu\u00f2 essere rivolta al Promotore ai seguenti recapiti: nyeremenyjatek@telex.hu<\/p>\n<p>&nbsp;<\/p>\n<p>Gy\u0151r, 25 giugno 2023.<\/p>\n<p><strong>Garzon Plaza Ltd.<\/strong><\/p>\n<\/div>","protected":false},"excerpt":{"rendered":"<p>REGOLAMENTO DEL GIOCO E ISTRUZIONI DI GESTIONE Gioco promozionale \"Concorso a premi Terremoto\" (di seguito denominato il Gioco) 1. Il Promotore lancia un gioco promozionale per promuovere le proprie newsletter, nel corso del quale estrarr\u00e0 dei premi tra i Giocatori che parteciperanno al Gioco. Il Promotore lancia un gioco promozionale per promuovere le sue newsletter, nel corso del quale estrarr\u00e0 dei premi tra i Giocatori che parteciperanno al Gioco. Garzon Plaza Ltd., Gy\u0151r, Vasv\u00e1ri P\u00e1l u. 1\/b, 9024, Gy\u0151r, Vasv\u00e1ri P\u00e1l u. 1\/b, 9024, Gy\u0151r.<\/p>","protected":false},"author":3,"featured_media":0,"parent":0,"menu_order":0,"comment_status":"closed","ping_status":"closed","template":"","meta":{"footnotes":""},"class_list":["post-4627","page","type-page","status-publish","hentry","entry"],"_links":{"self":[{"href":"https:\/\/ottevenyikastely.hu\/it\/wp-json\/wp\/v2\/pages\/4627","targetHints":{"allow":["GET"]}}],"collection":[{"href":"https:\/\/ottevenyikastely.hu\/it\/wp-json\/wp\/v2\/pages"}],"about":[{"href":"https:\/\/ottevenyikastely.hu\/it\/wp-json\/wp\/v2\/types\/page"}],"author":[{"embeddable":true,"href":"https:\/\/ottevenyikastely.hu\/it\/wp-json\/wp\/v2\/users\/3"}],"replies":[{"embeddable":true,"href":"https:\/\/ottevenyikastely.hu\/it\/wp-json\/wp\/v2\/comments?post=4627"}],"version-history":[{"count":0,"href":"https:\/\/ottevenyikastely.hu\/it\/wp-json\/wp\/v2\/pages\/4627\/revisions"}],"wp:attachment":[{"href":"https:\/\/ottevenyikastely.hu\/it\/wp-json\/wp\/v2\/media?parent=4627"}],"curies":[{"name":"wp","href":"https:\/\/api.w.org\/{rel}","templated":true}]}}