{"id":5321,"date":"2023-07-21T13:25:50","date_gmt":"2023-07-21T11:25:50","guid":{"rendered":"https:\/\/ottevenyikastely.hu\/?page_id=5321"},"modified":"2023-08-09T16:18:12","modified_gmt":"2023-08-09T14:18:12","slug":"consumo-di-cibo-e-bevande-2","status":"publish","type":"page","link":"https:\/\/ottevenyikastely.hu\/it\/consumo-di-cibo-e-bevande-2\/","title":{"rendered":"Consumo di cibo e bevande"},"content":{"rendered":"<div  class=\"one withsmallpadding ppb_header\" style=\"text-align:left;padding:30px 0 30px 0;\" >\n<div class=\"standard_wrapper\">\n<div class=\"page_content_wrapper\">\n<div class=\"inner\">\n<div style=\"margin:auto;width:100%\">\n<h2 class=\"ppb_title\" style=\"\">OFFERTE DI BEVANDE<\/h2>\n<\/div>\n<\/div>\n<\/div>\n<\/div>\n<\/div>\n<div  class=\"ppb_image_half_boxed_fixed_width one\" >\n<div class=\"standard_wrapper\">\n<div class=\"page_content_wrapper\">\n<div class=\"inner\">\n<div class=\"one_half content_middle fixed\" style=\"padding:0px; text-align:left;min-height:420px;\">\n<div class=\"content_middle_wrapper\">\n<div class=\"content_middle_content\">\n<h2 class=\"ppb_title\" style=\"\">PACCHETTO BEVANDE ANALCOLICHE<\/h2>\n<div class=\"ppb_header_content\">\n<ul>\n<li style=\"text-align: justify;\"><span style=\"color: #374151;\">Succhi di frutta Cappy (100% succo d'arancia, succo di pesca, succo di mela) <\/span><\/li>\n<li style=\"text-align: justify;\"><span style=\"color: #374151;\">Acqua minerale NaturAqua <\/span><\/li>\n<li style=\"text-align: justify;\"><span style=\"color: #374151;\">Sciroppi fatti in casa (lampone, fragola, kiwi, agrumi, lavanda, sambuco) <\/span><\/li>\n<li style=\"text-align: justify;\"><span style=\"color: #374151;\">Coca-Cola, Coca Zero, Fanta, Tonic, Ginger, Sprite <\/span><\/li>\n<li style=\"text-align: justify;\"><span style=\"color: #374151;\">FuzeTea al gusto di limone e pesca <\/span><\/li>\n<li style=\"text-align: justify;\"><span style=\"color: #374151;\">Caff\u00e8, t\u00e8<\/span><\/li>\n<\/ul>\n<\/div>\n<\/div>\n<\/div>\n<\/div>\n<p><br class=\"clear\"\/><\/div>\n<\/div>\n<\/div>\n<\/div>\n<div  class=\"ppb_image_half_boxed_fixed_width one\" >\n<div class=\"standard_wrapper\">\n<div class=\"page_content_wrapper\">\n<div class=\"inner\">\n<div class=\"one_half content_middle fixed\" style=\"padding:0px; text-align:left;min-height:420px;\">\n<div class=\"content_middle_wrapper\">\n<div class=\"content_middle_content\">\n<h2 class=\"ppb_title\" style=\"\">PACCHETTO BEVANDE CON BIRRA E VINO<\/h2>\n<div class=\"ppb_header_content\">\n<ul>\n<li style=\"text-align: justify;\">Succhi di frutta Cappy (100% succo d'arancia, succo di pesca, succo di mela)<\/li>\n<li style=\"text-align: justify;\">Acqua minerale NaturAqua<\/li>\n<li style=\"text-align: justify;\">Sciroppi fatti in casa (lampone, fragola, ribes nero, ciliegia, zenzero, sambuco)<\/li>\n<li style=\"text-align: justify;\">Coca-Cola, Coca Zero, Fanta, Tonic, Ginger, Sprite<\/li>\n<li style=\"text-align: justify;\">FuzeTea al gusto di limone e pesca<\/li>\n<li style=\"text-align: justify;\">Birre alla spina Soproni e Heineken,<\/li>\n<li style=\"text-align: justify;\">Birra analcolica Heineken e G\u00f6sser Natur Lemon, Miller<\/li>\n<li style=\"text-align: justify;\">Vini Pannonhalmi (Savignon Blanc, Tricolis Ros\u00e9, Hemina)<\/li>\n<li style=\"text-align: justify;\">Bevanda energetica<\/li>\n<li style=\"text-align: justify;\">Spumante (dolce, secco, per bambini)<\/li>\n<li style=\"text-align: justify;\">Caff\u00e8, t\u00e8\n<p>Tutte le birre e i vini che costano meno di 1.500 Ft \/ dl sono disponibili in tedesco.<\/li>\n<\/ul>\n<\/div>\n<\/div>\n<\/div>\n<\/div>\n<p><br class=\"clear\"\/><\/div>\n<\/div>\n<\/div>\n<\/div>\n<div  class=\"ppb_image_half_boxed_fixed_width one\" >\n<div class=\"standard_wrapper\">\n<div class=\"page_content_wrapper\">\n<div class=\"inner\">\n<div class=\"one_half content_middle fixed\" style=\"padding:0px; text-align:left;min-height:420px;\">\n<div class=\"content_middle_wrapper\">\n<div class=\"content_middle_content\">\n<h2 class=\"ppb_title\" style=\"\">PACCHETTO BEVANDE CON GRAPPA<\/h2>\n<div class=\"ppb_header_content\">\n<ul>\n<li style=\"text-align: left;\">Succhi di frutta Cappy (100% succo d'arancia, succo di pesca, succo di mela)<\/li>\n<li style=\"text-align: left;\">Acqua minerale NaturAqua<\/li>\n<li style=\"text-align: left;\">Caff\u00e8, t\u00e8<\/li>\n<li style=\"text-align: left;\">Sciroppi fatti in casa (lampone, fragola, ribes nero, ciliegia, zenzero, sambuco)<\/li>\n<li style=\"text-align: left;\">Coca-Cola, Coca Zero, Fanta, Tonic, Ginger, Sprite<\/li>\n<li style=\"text-align: left;\">FuzeTea al gusto di limone e pesca<\/li>\n<li style=\"text-align: left;\">birre alla spina di Soproni e Heineken, Miller<\/li>\n<li style=\"text-align: left;\">Birra analcolica Heineken e G\u00f6sser Natur Lemon<\/li>\n<li style=\"text-align: left;\">Vini Pannonhalmi (Savignon Blanc, Tricolis Ros\u00e9, Hemina)<\/li>\n<li style=\"text-align: left;\">Vodka, Bacardi, Unicum, J\u00e4germeister, Bailey's, Hubertus, Martini, Jack Daniels, Gin<\/li>\n<li style=\"text-align: left;\">Bevanda energetica<\/li>\n<li style=\"text-align: left;\">Spumante (dolce, secco, per bambini)\n<p>Praticamente tutte le bevande brevi che troverete al bar, che costano meno di 2.000 Ft \/ 4 cl, sono disponibili in tedesco.<\/li>\n<\/ul>\n<\/div>\n<\/div>\n<\/div>\n<\/div>\n<p><br class=\"clear\"\/><\/div>\n<\/div>\n<\/div>\n<\/div>\n<div  class=\"one withsmallpadding ppb_header\" style=\"text-align:left;padding:30px 0 30px 0;\" >\n<div class=\"standard_wrapper\">\n<div class=\"page_content_wrapper\">\n<div class=\"inner\">\n<div style=\"margin:auto;width:100%\">\n<h2 class=\"ppb_title\" style=\"\">BEVANDE DI BENVENUTO<\/h2>\n<\/div>\n<\/div>\n<\/div>\n<\/div>\n<\/div>\n<div  class=\"ppb_image_half_boxed_fixed_width one\" >\n<div class=\"standard_wrapper\">\n<div class=\"page_content_wrapper\">\n<div class=\"inner\">\n<div class=\"one_half content_middle fixed\" style=\"padding:0px; text-align:left;min-height:420px;\">\n<div class=\"content_middle_wrapper\">\n<div class=\"content_middle_content\">\n<div class=\"ppb_header_content\">\n<p style=\"color: #374151;\">Limonata di benvenuto - 900 Ft \/ persona - Limonata fatta in casa (lampone, sambuco, frutta frizzante)<\/p>\n<p style=\"color: #374151;\">Vino di benvenuto - 1.400 Ft \/ persona - Spumante della Cantina Babarczi, Pannonhalma - Limonata fatta in casa (lamponi, sambuco, frutta frizzante)<\/p>\n<p style=\"color: #374151;\">Spumante di benvenuto - 2.400 Ft \/ persona - Spumante dolce e secco T\u00f6rley - Limonata fatta in casa (lampone, sambuco, frutta frizzante)<\/p>\n<p style=\"color: #374151;\">BENVENUTO Acquavite di frutta - 3.200 Ft \/ persona - Acquavite di frutta di Panyola: albicocca, prugna, amarena, mela cotogna - Limonata fatta in casa (lampone, sambuco, frutta frizzante)<\/p>\n<\/div>\n<\/div>\n<\/div>\n<\/div>\n<p><br class=\"clear\"\/><\/div>\n<\/div>\n<\/div>\n<\/div>\n<div  class=\"one withsmallpadding ppb_header\" style=\"text-align:left;padding:30px 0 30px 0;\" >\n<div class=\"standard_wrapper\">\n<div class=\"page_content_wrapper\">\n<div class=\"inner\">\n<div style=\"margin:auto;width:100%\">\n<h2 class=\"ppb_title\" style=\"\">Menu<\/h2>\n<\/div>\n<\/div>\n<\/div>\n<\/div>\n<\/div>\n<div  class=\"one ppb_card_two_cols_with_image\" style=\"position:relative;padding:0px 0 0px 0;\" >\n<div class=\"standard_wrapper\">\n<div class=\"page_content_wrapper\">\n<div class=\"inner\">\n<div class=\"one_half parallax_scroll\" style=\"width:50%;position:absolute;padding:0px;z-index:2;block !important;background:#fff;\" data-stellar-ratio=\"1.3\">\n<h2 class=\"ppb_title\" style=\"\">MENU DI NOZZE TRADIZIONALE UNGHERESE<\/h2>\n<div class=\"ppb_header_content\">\n<p style=\"text-align: justify;\"><span style=\"color: #374151;\">Il nostro chef stellato Suga P\u00e9ter e il suo team non vedono l'ora di preparare questo menu paradisiaco per il vostro grande giorno!<\/span><\/p>\n<\/div>\n<\/div>\n<div class=\"one_half parallax_scroll_image last\" style=\"width:50%;\"><\/div>\n<p><br class=\"clear\"\/><\/div>\n<\/div>\n<\/div>\n<\/div>\n<div  class=\"one ppb_card_two_cols_with_image\" style=\"position:relative;padding:0px 0 0px 0;\" >\n<div class=\"standard_wrapper\">\n<div class=\"page_content_wrapper\">\n<div class=\"inner\">\n<div class=\"one_half parallax_scroll\" style=\"width:50%;position:absolute;padding:0px;z-index:2;block !important;background:#fff;\" data-stellar-ratio=\"1.3\">\n<h2 class=\"ppb_title\" style=\"\">MENU DI NOZZE GOURMET<\/h2>\n<div class=\"ppb_header_content\">\n<p><span style=\"color: #374151;\">Volete che i nostri camerieri in guanti bianchi servano a voi e ai vostri ospiti il menu gourmet creato dal nostro chef stellato sotto le cloche?<\/span><\/p>\n<\/div>\n<\/div>\n<div class=\"one_half parallax_scroll_image last\" style=\"width:50%;\"><\/div>\n<p><br class=\"clear\"\/><\/div>\n<\/div>\n<\/div>\n<\/div>","protected":false},"excerpt":{"rendered":"<p>GETR\u00c4NKEANGEBOTE ALKOHOLFREIES GETR\u00c4NKEPAKET Cappy Fruchts\u00e4fte (100% Orangensaft, Pfirsichsaft, Apfelsaft) NaturAqua Mineralwasser Hausgemachte Sirupe (Himbeere, Erdbeere, Kiwi, Zitrusfr\u00fcchte, Lavendel, Holunder) Coca-Cola, Coke Zero, Fanta, Tonic, Ingwer, Sprite FuzeTea in Zitronen- und Pfirsichgeschmack Kaffee, Tee GETR\u00c4NKEPAKET MIT BIER UND WEIN Cappy Fruchts\u00e4fte (100% Orangensaft, Pfirsichsaft, Apfelsaft) NaturAqua Mineralwasser Hausgemachte Sirupe (Himbeere, Erdbeere, schwarze Johannisbeere, Kirsche, Ingwer, Holunder) [&hellip;]<\/p>","protected":false},"author":3,"featured_media":0,"parent":0,"menu_order":0,"comment_status":"closed","ping_status":"closed","template":"","meta":{"footnotes":""},"class_list":["post-5321","page","type-page","status-publish","hentry","entry"],"_links":{"self":[{"href":"https:\/\/ottevenyikastely.hu\/it\/wp-json\/wp\/v2\/pages\/5321","targetHints":{"allow":["GET"]}}],"collection":[{"href":"https:\/\/ottevenyikastely.hu\/it\/wp-json\/wp\/v2\/pages"}],"about":[{"href":"https:\/\/ottevenyikastely.hu\/it\/wp-json\/wp\/v2\/types\/page"}],"author":[{"embeddable":true,"href":"https:\/\/ottevenyikastely.hu\/it\/wp-json\/wp\/v2\/users\/3"}],"replies":[{"embeddable":true,"href":"https:\/\/ottevenyikastely.hu\/it\/wp-json\/wp\/v2\/comments?post=5321"}],"version-history":[{"count":0,"href":"https:\/\/ottevenyikastely.hu\/it\/wp-json\/wp\/v2\/pages\/5321\/revisions"}],"wp:attachment":[{"href":"https:\/\/ottevenyikastely.hu\/it\/wp-json\/wp\/v2\/media?parent=5321"}],"curies":[{"name":"wp","href":"https:\/\/api.w.org\/{rel}","templated":true}]}}