{"id":5787,"date":"2023-07-27T10:36:57","date_gmt":"2023-07-27T08:36:57","guid":{"rendered":"https:\/\/ottevenyikastely.hu\/?page_id=5787"},"modified":"2023-10-02T10:05:26","modified_gmt":"2023-10-02T08:05:26","slug":"regole-per-il-giuramento-del-castello-di-foldvary","status":"publish","type":"page","link":"https:\/\/ottevenyikastely.hu\/it\/regole-per-il-giuramento-del-castello-di-foldvary\/","title":{"rendered":"POLITICA DI PRENOTAZIONE DEL MATRIMONIO DEL CASTELLO F\u00d6LDV\u00c1RY"},"content":{"rendered":"<div  class=\"one withsmallpadding ppb_header\" style=\"text-align:left;padding:30px 0 30px 0;\" >\n<div class=\"standard_wrapper\">\n<div class=\"page_content_wrapper\">\n<div class=\"inner\">\n<div style=\"margin:auto;width:100%\">\n<h2 class=\"ppb_title\" style=\"\">Procedura di prenotazione<\/h2>\n<\/div>\n<\/div>\n<\/div>\n<\/div>\n<\/div>\n<div  class=\"one withsmallpadding ppb_text\" style=\"text-align:left;padding:30px 0 30px 0;\" >\n<div class=\"standard_wrapper\">\n<div class=\"page_content_wrapper\">\n<div class=\"inner\">\n<div style=\"margin:auto;width:100%\">\n<p style=\"text-align: justify;\">1. Selezionate la data ideale sul nostro sito web e registratela, in questo modo vi sarete gi\u00e0 assicurati la data.<\/p>\n<p style=\"text-align: justify;\">2. Compilare il modulo <a href=\"https:\/\/forms.office.com\/e\/57PcYtssjq\" target=\"_blank\" rel=\"noopener\">il nostro questionario di valutazione dei bisogni (clicca qui)<\/a>per fornirvi informazioni pi\u00f9 precise.<\/p>\n<p style=\"text-align: justify;\">3. Una volta fatto questo, il nostro wedding planner vi contatter\u00e0 per discutere i passi successivi e le vostre esigenze specifiche, per poi preparare il vostro preventivo individuale.<\/p>\n<p>4. Sulla base di quanto discusso, redigeremo il contratto di locazione e gestione degli eventi.<\/p>\n<p style=\"text-align: start;\"><span style=\"text-align: justify;\">5. Come specificato nel contratto, vi chiederemo un deposito di 2000 euro. <\/span><span style=\"text-align: justify;\">Senza il pagamento dell'acconto, la prenotazione non sar\u00e0 valida e la data sar\u00e0 automaticamente annullata e il contratto scadr\u00e0. <\/span><strong style=\"text-align: justify;\">\u00e8 possibile annullare gratuitamente per 60 giorni di calendario<\/strong><span style=\"text-align: justify;\">in tal caso la quota di prenotazione vi sar\u00e0 interamente rimborsata.<\/span><\/p>\n<p style=\"text-align: justify;\">6. Il <strong>da consegnare 60 giorni prima del matrimonio<\/strong> pagamento della caparra di 4.000 euro per l'affitto del castello. Se il ritardo supera gli 8 giorni, la prenotazione verr\u00e0 annullata e la caparra non sar\u00e0 pi\u00f9 rimborsabile.<\/p>\n<p style=\"text-align: justify;\">7. Il menu e i dettagli del catering devono essere finalizzati al pi\u00f9 tardi qualche settimana dopo il pagamento del canone di affitto del castello, con un numero preliminare di persone.<\/p>\n<p style=\"text-align: justify;\">8. Il 50% del prezzo del pacchetto cibo e bevande deve essere pagato 30 giorni prima del grande giorno per mantenere la validit\u00e0 della prenotazione.<\/p>\n<p style=\"text-align: justify;\">9. Il numero degli invitati deve essere definito 3 giorni prima del matrimonio. Purtroppo non \u00e8 pi\u00f9 possibile apportare modifiche. Il resto del pacchetto di cibo e bevande deve essere concordato in questo momento.<\/p>\n<p style=\"text-align: justify;\">10. Dopo l'evento, gli ordini extra e gli articoli rimanenti nel cocktail bar saranno addebitati.<\/p>\n<\/div>\n<\/div>\n<\/div>\n<\/div>\n<\/div>\n<div  class=\"one withsmallpadding ppb_header\" style=\"text-align:left;padding:30px 0 30px 0;\" >\n<div class=\"standard_wrapper\">\n<div class=\"page_content_wrapper\">\n<div class=\"inner\">\n<div style=\"margin:auto;width:100%\">\n<h2 class=\"ppb_title\" style=\"\">Tariffe e servizi:<\/h2>\n<\/div>\n<\/div>\n<\/div>\n<\/div>\n<\/div>\n<div  class=\"one withsmallpadding ppb_text\" style=\"text-align:left;padding:30px 0 30px 0;\" >\n<div class=\"standard_wrapper\">\n<div class=\"page_content_wrapper\">\n<div class=\"inner\">\n<div style=\"margin:auto;width:100%\">\n<p style=\"text-align: justify;\">Si prega di notare che i servizi di ristorazione sono automaticamente soggetti a una tassa di servizio di 5%, che non \u00e8 inclusa nel preventivo, e <strong>Eventi per meno di 60 persone<\/strong> in caso di <strong>1000 EUR<\/strong> verr\u00e0 applicato un supplemento per i costi del personale.<\/p>\n<p style=\"text-align: justify;\">Ci auguriamo che tutto vada bene con la vostra prenotazione e la data scelta. Per qualsiasi domanda, non esitate a contattare il nostro staff.<\/p>\n<p style=\"text-align: justify;\">Grazie per aver scelto il Castello F\u00f6ldv\u00e1ry e saremo lieti di contribuire a rendere indimenticabile il vostro grande giorno.<\/p>\n<\/div>\n<\/div>\n<\/div>\n<\/div>\n<\/div>","protected":false},"excerpt":{"rendered":"<p>Come prenotare 1. Scegliete la data ideale sul nostro sito web e registratela, in questo modo vi sarete gi\u00e0 assicurati la data. 2. Compilate il nostro questionario di valutazione delle esigenze (cliccate qui) in modo da potervi fornire informazioni pi\u00f9 precise. 3.<\/p>","protected":false},"author":3,"featured_media":0,"parent":0,"menu_order":0,"comment_status":"closed","ping_status":"closed","template":"","meta":{"footnotes":""},"class_list":["post-5787","page","type-page","status-publish","hentry","entry"],"_links":{"self":[{"href":"https:\/\/ottevenyikastely.hu\/it\/wp-json\/wp\/v2\/pages\/5787","targetHints":{"allow":["GET"]}}],"collection":[{"href":"https:\/\/ottevenyikastely.hu\/it\/wp-json\/wp\/v2\/pages"}],"about":[{"href":"https:\/\/ottevenyikastely.hu\/it\/wp-json\/wp\/v2\/types\/page"}],"author":[{"embeddable":true,"href":"https:\/\/ottevenyikastely.hu\/it\/wp-json\/wp\/v2\/users\/3"}],"replies":[{"embeddable":true,"href":"https:\/\/ottevenyikastely.hu\/it\/wp-json\/wp\/v2\/comments?post=5787"}],"version-history":[{"count":0,"href":"https:\/\/ottevenyikastely.hu\/it\/wp-json\/wp\/v2\/pages\/5787\/revisions"}],"wp:attachment":[{"href":"https:\/\/ottevenyikastely.hu\/it\/wp-json\/wp\/v2\/media?parent=5787"}],"curies":[{"name":"wp","href":"https:\/\/api.w.org\/{rel}","templated":true}]}}