{"id":5859,"date":"2023-08-03T11:44:15","date_gmt":"2023-08-03T09:44:15","guid":{"rendered":"https:\/\/ottevenyikastely.hu\/?page_id=5859"},"modified":"2023-08-09T14:01:43","modified_gmt":"2023-08-09T12:01:43","slug":"5859-2","status":"publish","type":"page","link":"https:\/\/ottevenyikastely.hu\/it\/5859-2\/","title":{"rendered":"REGOLE DI GIOCO"},"content":{"rendered":"<p>REGOLE DI GIOCO<\/p>\n<p>CONDIZIONI GENERALI DI PARTECIPAZIONE AL GIOCO<\/p>\n<p>Le regole generali di partecipazione e le regole di gioco per i giochi organizzati da Matusz-Vad AG e organizzati sul sito \u00d6ttev\u00e9nyer Schloss.<\/p>\n<p>&nbsp;<\/p>\n<p>L'ORGANIZZATORE DEL GIOCO<\/p>\n<p>1. l'organizzatore del concorso (di seguito: il Gioco) organizzato sul sito web https:\/\/ottevenyikastely.hu\/ (di seguito: il Sito web) \u00e8 Garzon Plaza Kft. (sede legale: 9024 Gy\u0151r, Vasv\u00e1ri P\u00e1l Street 1\/B, ulteriori dettagli di contatto al punto 6.1.) (di seguito: il Promotore).<\/p>\n<p>&nbsp;<\/p>\n<p>CONDIZIONI DI PARTECIPAZIONE<\/p>\n<p>2.1 L'organizzatore annuncer\u00e0 le singole partite nei post pubblicati sul sito web (di seguito: post). L'Organizzatore informer\u00e0 sempre gli iscritti al Sito Web nel relativo Post della durata e delle condizioni specifiche della relativa Partita. Il Promotore organizza il seguente tipo di gioco sul Sito web, per cui la partecipazione \u00e8 soggetta alle seguenti condizioni:<\/p>\n<ul>\n<li>Iscrivetevi alla newsletter nel post corrispondente<\/li>\n<\/ul>\n<p>L'organizzatore pu\u00f2 specificare ulteriori condizioni di partecipazione nel relativo post.<\/p>\n<p>2.2 Le condizioni d'uso pubblicate sul Sito web, che si applicano anche all'uso del Sito web, sono vincolanti anche per i Giochi, compresi, a titolo esemplificativo, i divieti generali e le regole applicabili ai Contenuti dell'utente.<\/p>\n<p>2.3 Possono partecipare ai Giochi solo i cittadini ungheresi che abbiano compiuto 18 anni, che siano in possesso di una carta d'identit\u00e0 valida rilasciata dalle autorit\u00e0 ungheresi e che abbiano residenza o domicilio in Ungheria, a condizione che non rientrino nella categoria di persone definita al punto 2.9, che siano in grado di agire (di seguito \"Giocatori\") e che<\/p>\n<ul>\n<li>iscriversi alla newsletter;<\/li>\n<li>svolgere i compiti annunciati dall'organizzatore nell'annuncio pubblicato secondo le istruzioni ivi contenute; e<\/li>\n<li>acconsente al trattamento da parte del promotore o dell'organizzatore dei dati personali forniti al momento della registrazione alla newsletter e durante la partita, in conformit\u00e0 con le disposizioni contenute nell'Informativa sulla privacy (capitolo 6) in relazione alla partita in questione, e<\/li>\n<li>partecipando, accetta tutti i termini e le condizioni stabiliti nel presente regolamento (di seguito denominato \"Regolamento\")<\/li>\n<\/ul>\n<p>(di seguito, collettivamente, la \"domanda\").<\/p>\n<p>2.4 Un giocatore pu\u00f2 partecipare al gioco con una sola domanda (a meno che l'organizzatore non stabilisca diversamente nel relativo post).<\/p>\n<p>2.5 Le domande che non rispettano i requisiti formali e sostanziali descritti nel presente regolamento e nel relativo post saranno automaticamente escluse dalla partita in questione, mentre le domande valide saranno inviate all'iscrizione computerizzata. L'organizzatore pu\u00f2 escludere dalla partita in questione i giocatori che hanno fornito dati falsi.<\/p>\n<p>2.6 L'Organizzatore riterr\u00e0 valide solo le candidature presentate dai giocatori stessi per la partita in questione. Nel caso in cui il giocatore non utilizzi il proprio profilo Facebook o Instagram o il proprio indirizzo e-mail, l'Organizzatore e il Promotore escludono ogni responsabilit\u00e0 in relazione a qualsiasi controversia derivante dall'ammissibilit\u00e0 all'utilizzo dei profili Facebook e Instagram e degli account e-mail.<\/p>\n<p>2.7 Presentando l'Applicazione, il Giocatore riconosce che il contenuto, le prestazioni, la trasmissione di messaggi e dati e la velocit\u00e0 di risposta dell'infrastruttura tecnica dei Giochi sono una funzione della tecnologia dei server e possono essere influenzati negativamente da fattori al di fuori del controllo dell'Organizzatore, quali (ma non solo) errori di connessione, prestazioni del computer del server, utilizzo della rete, copertura della rete e mantenimento di una connessione di rete sicura. L'Organizzatore e l'Operatore escludono qualsiasi responsabilit\u00e0 derivante dalle questioni descritte in questo paragrafo.<\/p>\n<p>2.8 L'Organizzatore pu\u00f2 esaminare le domande di iscrizione per verificarne la conformit\u00e0 alle condizioni delle Regole del Gioco e se, per qualsiasi motivo, esse o il giocatore che le presenta non sono conformi alle condizioni delle Regole del Gioco, l'Organizzatore pu\u00f2 escludere il giocatore in questione dalla partita in questione.<\/p>\n<p>2.9. Sono esclusi dai Giochi i dipendenti dell'Organizzatore, di Matusz-Vad Zrt. e di altre terze parti coinvolte nell'organizzazione del Gioco, nonch\u00e9 i loro parenti stretti ai sensi del paragrafo 1 dell'articolo 8:1. (1) della Legge V del 2013 del Codice Civile.<\/p>\n<p>2.10. I giocatori che, contrariamente allo spirito dei Giochi, partecipano a una squadra sotto il nome di una persona fisica, utilizzano un profilo Facebook o Instagram che non \u00e8 reale, con l'intenzione di aumentare le loro possibilit\u00e0 di vincita attraverso tale comportamento ingannevole, possono essere esclusi dal Gioco o dai Giochi in questione a discrezione dell'Organizzatore. Tali giocatori includono.Ad esempio, persone associate che coordinano le loro azioni per vincere i premi e combinano gli sforzi di pi\u00f9 persone sotto un unico nome, privando cos\u00ec gli altri giocatori che desiderano giocare in modo equo della possibilit\u00e0 di vincere. Ci\u00f2 include coloro che si iscrivono ai giochi utilizzando dati non autentici per aumentare ingiustamente le proprie possibilit\u00e0 di vincita. I partecipanti o i giocatori, come definiti nel presente paragrafo, che adottano un comportamento sleale saranno tenuti a risarcire l'Organizzatore e\/o il Promotore per qualsiasi danno che abbiano causato in relazione al gioco.<\/p>\n<p>&nbsp;<\/p>\n<p>DETERMINAZIONE DEI VINCITORI<\/p>\n<p>3.1 A seconda del gioco, l'Organizzatore determiner\u00e0, tra coloro che si sono validamente iscritti alla Newsletter durante la durata del gioco in questione, chi sar\u00e0 il vincitore del gioco in questione. Il metodo di selezione dei vincitori sar\u00e0 un'estrazione casuale.<\/p>\n<p>In caso di sorteggio: sotto la supervisione di una commissione di sorteggio composta da tre membri e nominata dal Promotore, verr\u00e0 estratta 1 (una) domanda vincente tramite un'estrazione meccanica casuale. Il luogo dell'estrazione sar\u00e0 l'ufficio del Promotore (1103 Budapest, K\u0151\u00e9r utca 3\/A). Verr\u00e0 tenuto un registro delle estrazioni, firmato e certificato dai membri della commissione.<\/p>\n<p>3.2 In ogni estrazione, l'Organizzatore sortegger\u00e0 un totale di 2 (due) vincitori alternativi. I vincitori alternativi possono avere diritto al premio in questione in conformit\u00e0 con le disposizioni delle clausole 4.3 e 4.4 se l'iscrizione vincente non \u00e8 valida per qualsiasi motivo o se il vincitore viene squalificato dall'estrazione in questione per qualsiasi altro motivo relativo alla sua iscrizione.<\/p>\n<p>PREMI, NOTIFICA DEI VINCITORI, CONSEGNA DEI PREMI<\/p>\n<p>4.1 L'Organizzatore annuncer\u00e0 il prezzo della rispettiva Partita contestualmente all'annuncio della Partita nel post (di seguito: Prezzo). Il Prezzo consiste in uno sconto di 4.000 EUR, che pu\u00f2 essere utilizzato in qualsiasi momento durante la Stagione dei matrimoni 2024, selezionata tra le date disponibili, corrispondente all'affitto del Castello \u00d6ttev\u00e9ny con un Wedding Planner e sar\u00e0 accreditato come sconto sull'importo finale della fattura. Il Promotore si riserva il diritto di modificare i premi durante il periodo del gioco in questione e successivamente, previa comunicazione ai giocatori tramite il sito web, e di sostituirli con altri premi equivalenti al premio in questione.<\/p>\n<p>4.2 Il premio non \u00e8 trasferibile e non pu\u00f2 essere scambiato con denaro. Un giocatore pu\u00f2 avere diritto a un solo premio durante l'intera durata di un determinato gioco, indipendentemente dal numero di iscrizioni.<\/p>\n<p>4.3 La durata del concorso \u00e8 fino al 10 novembre 2023, la data prevista per il sorteggio elettronico \u00e8 l'11 novembre 2023.<\/p>\n<p>4.4 L'Organizzatore pubblicher\u00e0 i nomi dei vincitori dei premi entro e non oltre 3 (tre) giorni lavorativi dall'estrazione o dalla determinazione del vincitore in un commento sotto il post di Facebook o Instagram sul Sito web associato al Gioco, a cui tutti i giocatori acconsentono espressamente partecipando al Gioco in questione (di seguito: \"Pubblicazione\"). Il giocatore vincitore \u00e8 tenuto a fornire, entro 3 (tre) giorni lavorativi dalla pubblicazione, in un messaggio privato al Sito Web, i propri dati personali esatti (nome e cognome, indirizzo di residenza in Ungheria) necessari per la consegna del premio, che sar\u00e0 considerato come accettazione del premio stesso. Se il vincitore non fornisce i dati necessari per la comunicazione del premio entro il termine sopra indicato, la sua candidatura sar\u00e0 squalificata e l'Organizzatore nominer\u00e0 un vincitore sostitutivo per il premio.<\/p>\n<p>4.5 L'Organizzatore consegner\u00e0 i premi ai rispettivi vincitori per il ritiro personale all'indirizzo di residenza in Ungheria indicato dal giocatore. L'Organizzatore far\u00e0 due tentativi per consegnare il premio entro 60 giorni di calendario dall'estrazione del vincitore. Il giocatore vincitore \u00e8 tenuto a collaborare per la consegna del premio in conformit\u00e0 con le condizioni generali di contratto del servizio di corriere e con la legge CLIX del 2012 sui servizi postali. Se il vincitore non fornisce tale collaborazione e la consegna del premio non va a buon fine, questa circostanza non pu\u00f2 essere imputata all'Organizzatore o all'Esecutore. L'Organizzatore non pu\u00f2 fornire altri mezzi di consegna del premio.<\/p>\n<p>4.5 L'Organizzatore escluder\u00e0 dalla partita in questione le iscrizioni per le quali il premio non pu\u00f2 essere consegnato o consegnato al giocatore che le ha presentate perch\u00e9 i dati personali forniti nell'iscrizione o dopo la pubblicazione non sono autentici, incompleti o errati, o il giocatore che ha presentato l'iscrizione non rispetta le condizioni stabilite nel presente regolamento per qualsiasi altro motivo. L'Organizzatore, Esecutore non si assume alcuna responsabilit\u00e0 per i dati errati forniti dal giocatore.<\/p>\n<p>&nbsp;<\/p>\n<p>TASSE, COSTI<\/p>\n<p>(5) Qualsiasi imposta sul reddito associata al premio \u00e8 a carico dell'organizzatore. L'Organizzatore non ha altri obblighi oltre alla consegna del premio e alla liquidazione di eventuali conseguenze fiscali associate. Le spese di consegna del premio sono a carico dell'Organizzatore. Qualsiasi altro costo che possa essere sostenuto \u00e8 a carico del giocatore.<\/p>\n<p>&nbsp;<\/p>\n<p>AVVISO SULLA PRIVACY<\/p>\n<p>6.1 L'Organizzatore, in qualit\u00e0 di Titolare del trattamento, \u00e8 responsabile del trattamento dei dati forniti durante la Partita. Dati di contatto del Titolare del trattamento: Tel.: 06 96 900 500 (Sede: 9024 Gy\u0151r, Vasv\u00e1ri P\u00e1l utca 1\/B e-mail: sales@garzonplaza.hu)<\/p>\n<p>6.2 Il trattamento dei dati ha lo scopo di consentire al titolare del trattamento di garantire la partecipazione del giocatore al concorso e di trattare i dati personali dei giocatori in relazione alla realizzazione del concorso e alla consegna dei premi.<\/p>\n<p>6.3 La base giuridica del trattamento dei dati \u00e8 il consenso espresso, volontario e informato del giocatore. Partecipando al gioco, come indicato al punto 2.3, il giocatore acconsente al trattamento dei dati. Coloro che partecipano al gioco accettano espressamente che il Promotore, in qualit\u00e0 di titolare del trattamento, possa trattare i loro dati personali esclusivamente in relazione al gioco in questione, per la realizzazione delle applicazioni, per la gestione e l'amministrazione dei contatti e, in caso di vincita, pubblicare il loro nome sul sito web senza ulteriori condizioni o considerazioni.<\/p>\n<p>6.4 Nell'ambito del trattamento dei dati, l'Organizzatore tratter\u00e0 i seguenti dati del giocatore: nome e cognome, indirizzo e-mail, numero di telefono, indirizzo di residenza in caso di vincita.<\/p>\n<p>6.5 La durata del trattamento dei dati corrisponder\u00e0 alla durata della partita in questione. Nel caso dei vincitori del concorso, i dati di questi ultimi saranno conservati per 5 anni dopo la consegna dei premi.<\/p>\n<p>6.6 L'Organizzatore si avvarr\u00e0 dell'assistenza di un responsabile del trattamento dei dati durante l'esecuzione del gioco. Il responsabile del trattamento dei dati esegue determinate operazioni tecniche in relazione ai dati personali trattati. Durante i Giochi, l'Organizzatore, in qualit\u00e0 di responsabile del trattamento dei dati, ha accesso ai dati personali dei giocatori.<\/p>\n<p>6.7 L'Organizzatore, in qualit\u00e0 di responsabile del trattamento dei dati, elabora i dati personali del Giocatore in conformit\u00e0 con la legislazione ungherese ed europea applicabile, ovvero la legge CXII del 2011 sul diritto all'informazione e alla libert\u00e0 di informazione, e le disposizioni del Regolamento generale sulla protezione dei dati (ovvero il GDPR).<\/p>\n<p>6.8 Il giocatore, in qualit\u00e0 di soggetto interessato, ha i seguenti diritti in relazione al trattamento dei dati:<\/p>\n<p>6.8.1 Diritto di accesso<\/p>\n<p>In base al diritto di accesso, il giocatore pu\u00f2 richiedere in qualsiasi momento al titolare del trattamento informazioni sul trattamento dei suoi dati personali, accedere a tali informazioni ed essere informato se e quali dati personali il titolare del trattamento sta trattando sul giocatore.<\/p>\n<p>6.8.2. Diritto di rettifica, cancellazione o limitazione del trattamento<\/p>\n<p>Il giocatore ha il diritto di richiedere la rettifica di dati falsi, inesatti o incompleti da parte del titolare del trattamento e pu\u00f2 richiedere la cancellazione dei propri dati personali. Se il giocatore richiede la limitazione del trattamento dei propri dati personali, il titolare del trattamento pu\u00f2 limitare il trattamento in base alla richiesta. Se il giocatore contesta l'accuratezza dei propri dati personali, la durata della limitazione riguarda il periodo di tempo che consente al titolare del trattamento di verificare l'accuratezza di tali dati. Il giocatore pu\u00f2 richiedere la limitazione dell'uso dei suoi dati personali se il trattamento dei dati \u00e8 illegale ma il giocatore si oppone alla loro cancellazione. Il giocatore pu\u00f2 anche presentare tale richiesta se il titolare del trattamento non ha pi\u00f9 bisogno dei dati personali per il trattamento dei dati, ma il giocatore ha bisogno della limitazione del trattamento dei dati per far valere, esercitare o difendere i diritti legali.<\/p>\n<p>6.8.3 Diritto alla portabilit\u00e0 dei dati;<\/p>\n<p>In base al diritto alla portabilit\u00e0 dei dati, il giocatore ha il diritto di ricevere i propri dati personali forniti dal titolare del trattamento in un formato strutturato, di uso comune e leggibile da dispositivo automatico e il diritto di trasmettere tali dati a un altro titolare del trattamento senza impedimenti da parte del titolare del trattamento.<\/p>\n<p>6.8.4 Diritto di revoca del consenso<\/p>\n<p>Il giocatore pu\u00f2 revocare il proprio consenso al trattamento dei dati, in tutto o in parte, in qualsiasi momento, ma la revoca del consenso non pregiudica la liceit\u00e0 del trattamento effettuato sulla base del consenso precedente alla revoca.<\/p>\n<p>6.9 Se il giocatore desidera esercitare i diritti di cui sopra o se ha domande sul trattamento dei dati o se ha un reclamo in merito al trattamento dei dati, pu\u00f2 contattare il Titolare del trattamento per posta o per e-mail utilizzando i dati di contatto forniti al punto 6.1.<\/p>\n<p>6.10. Se il giocatore ritiene che i suoi diritti siano stati violati durante il trattamento dei suoi dati personali, ha le seguenti possibilit\u00e0:<\/p>\n<p>6.10.1. pu\u00f2 contattare direttamente il titolare del trattamento per posta o per e-mail;<br \/>\n6.10.2 \u00c8 possibile presentare un reclamo all'autorit\u00e0 di controllo competente, ossia l'Autorit\u00e0 nazionale per la protezione dei dati e la libert\u00e0 d'informazione [NAIH], i cui dati di contatto sono: Sede centrale: H-1125 Budapest, Szil\u00e1gyi Erzs\u00e9bet fasor 22\/c. Telefono: 06-1-391-1400 Email: ugyfelszolgalat@naih.hu<\/p>\n<p>6.10.3. potete ricorrere ai tribunali se i vostri dati sono stati trattati illegalmente o se sono stati violati i requisiti di sicurezza dei dati. potreste avere diritto a un risarcimento danni e a un indennizzo per il dolore e la sofferenza. le informazioni sulla giurisdizione e i dettagli di contatto dei tribunali sono disponibili sul seguente sito web: www.birosagok.hu.<\/p>\n<p>6.11. La partecipazione al gioco e la relativa trasmissione dei dati \u00e8 volontaria. Tuttavia, se l'utente non acconsente al trattamento dei propri dati personali, la sua partecipazione al gioco non sar\u00e0 possibile. Se l'utente richiede la cancellazione o la limitazione dei propri dati o ritira il proprio consenso al trattamento dei dati durante il gioco o prima dell'assegnazione del premio, sar\u00e0 escluso dal gioco.<\/p>\n<p>&nbsp;<\/p>\n<p>DISPOSIZIONI MISTE<\/p>\n<p>7.1 L'organizzatore o l'esecutore non potranno essere ritenuti responsabili per eventuali difetti\/errori nelle domande di partecipazione (ad es. nomi errati, indirizzi errati, dati errati o inesistenti, ecc.), per la mancata o ritardata consegna dei premi - che non rientrano nella loro responsabilit\u00e0 - o per eventuali danni causati durante la consegna.<\/p>\n<p>7.2 L'Organizzatore non garantisce la qualit\u00e0 dei premi che non ha prodotto o distribuito direttamente, e se il vincitore non ritira il suo premio in tempo, non pu\u00f2 reclamarlo all'Organizzatore o all'Esecutore.<\/p>\n<p>7.3 L'Organizzatore e l'Esecutore declinano ogni responsabilit\u00e0 per eventuali attacchi esterni cosiddetti SQL al sito web https:\/\/ottevenyikastely.hu\/ o al server che lo gestisce, nonch\u00e9 per attacchi o guasti alla rete telefonica. Pertanto, se i giocatori ricevono messaggi di sistema errati sui loro premi, sullo stato di vincitore\/non vincitore, ecc. a seguito di un attacco al sito web, al server o alla rete, l'Organizzatore e l'Esecutore non saranno ritenuti responsabili per questo.<\/p>\n<p>7.4 L'Organizzatore si riserva il diritto di escludere immediatamente dal gioco o dai giochi in questione qualsiasi giocatore che si dedichi alla manipolazione (informatica), alla generazione di e-mail di massa, alla creazione di profili Facebook o Instagram o a qualsiasi comportamento incompatibile con lo spirito dei giochi o offensivo.<\/p>\n<p>7.5 Se il giocatore chiude la finestra del browser durante il caricamento dei dati o se la connessione (per qualsiasi motivo) al server viene interrotta, l'organizzatore e l'esecutore non saranno responsabili della perdita dei dati.<\/p>\n<p>7.6 L'Organizzatore e l'Esecutore non si assumono alcuna responsabilit\u00e0 per eventuali guasti del Sito Web dovuti a circostanze al di fuori del loro controllo durante i quali il Sito Web non \u00e8 disponibile o \u00e8 limitato, ma prenderanno immediatamente tutte le misure necessarie per identificare e correggere la causa del problema il prima possibile.<\/p>\n<p>7.7 Il conferimento dei dati non avviene per il sito web ma per l'organizzatore.<\/p>\n<p>7.8 L'Organizzatore si riserva il diritto di modificare le Regole del Gioco in qualsiasi momento, se giustificato, e l'Organizzatore pubblicher\u00e0 le relative informazioni sul Sito Web e le render\u00e0 disponibili al pubblico con la stessa pubblicit\u00e0 degli altri avvisi del Gioco.<\/p>\n<p>7.9 In caso di controversia, il tribunale competente \u00e8 quello con sede e giurisdizione a Gy\u0151r.<\/p>\n<p>&nbsp;<\/p>\n<p>Gy\u0151r, 2023.07.01.<\/p>\n<p>Garzon Plaza Ltd.<\/p>\n<p>Organizzatore<\/p>","protected":false},"excerpt":{"rendered":"<p>REGOLE DEL GIOCO CONDIZIONI GENERALI DI PARTECIPAZIONE AL GIOCO Le regole generali di partecipazione e le regole del gioco per i giochi organizzati da Matusz-Vad AG e organizzati sul sito \u00d6ttev\u00e9nyer Schloss.   L'ORGANIZZATORE DEL GIOCO 1. L'organizzatore del concorso (di seguito: il Gioco) organizzato sul sito https:\/\/ottevenyikastely.hu\/ (di seguito: il Sito) \u00e8 Garzon Plaza Kft. (sede legale: 9024 Gy\u0151r, Vasv\u00e1ri [...]<\/p>","protected":false},"author":3,"featured_media":0,"parent":0,"menu_order":0,"comment_status":"closed","ping_status":"closed","template":"","meta":{"footnotes":""},"class_list":["post-5859","page","type-page","status-publish","hentry","entry"],"_links":{"self":[{"href":"https:\/\/ottevenyikastely.hu\/it\/wp-json\/wp\/v2\/pages\/5859","targetHints":{"allow":["GET"]}}],"collection":[{"href":"https:\/\/ottevenyikastely.hu\/it\/wp-json\/wp\/v2\/pages"}],"about":[{"href":"https:\/\/ottevenyikastely.hu\/it\/wp-json\/wp\/v2\/types\/page"}],"author":[{"embeddable":true,"href":"https:\/\/ottevenyikastely.hu\/it\/wp-json\/wp\/v2\/users\/3"}],"replies":[{"embeddable":true,"href":"https:\/\/ottevenyikastely.hu\/it\/wp-json\/wp\/v2\/comments?post=5859"}],"version-history":[{"count":0,"href":"https:\/\/ottevenyikastely.hu\/it\/wp-json\/wp\/v2\/pages\/5859\/revisions"}],"wp:attachment":[{"href":"https:\/\/ottevenyikastely.hu\/it\/wp-json\/wp\/v2\/media?parent=5859"}],"curies":[{"name":"wp","href":"https:\/\/api.w.org\/{rel}","templated":true}]}}