{"id":6509,"date":"2023-09-21T14:25:41","date_gmt":"2023-09-21T12:25:41","guid":{"rendered":"https:\/\/ottevenyikastely.hu\/?page_id=6509"},"modified":"2023-10-05T09:34:26","modified_gmt":"2023-10-05T07:34:26","slug":"procedure_di_prenotazione_del_castello","status":"publish","type":"page","link":"https:\/\/ottevenyikastely.hu\/it\/procedure_di_prenotazione_del_castello\/","title":{"rendered":"Procedura per la riserva di genere"},"content":{"rendered":"<div  class=\"one withsmallpadding ppb_header\" style=\"text-align:left;padding:30px 0 30px 0;\" >\n<div class=\"standard_wrapper\">\n<div class=\"page_content_wrapper\">\n<div class=\"inner\">\n<div style=\"margin:auto;width:100%\">\n<h2 class=\"ppb_title\" style=\"\">La procedura di prenotazione<\/h2>\n<\/div>\n<\/div>\n<\/div>\n<\/div>\n<\/div>\n<div  class=\"one withsmallpadding ppb_text\" style=\"text-align:left;padding:30px 0 30px 0;\" >\n<div class=\"standard_wrapper\">\n<div class=\"page_content_wrapper\">\n<div class=\"inner\">\n<div style=\"margin:auto;width:100%\">\n<p style=\"text-align: justify;\">1. Selezionate e registrate la vostra data ideale sul nostro sito web. In questo modo avrete gi\u00e0 prenotato l'appuntamento per voi.<\/p>\n<p style=\"text-align: justify;\">2. compilare il nostro questionario sulle esigenze <a href=\"https:\/\/forms.office.com\/e\/57PcYtssjq\" target=\"_blank\" rel=\"noopener\">(clicca qui)<\/a>in modo da potervi fornire informazioni pi\u00f9 dettagliate.<\/p>\n<p style=\"text-align: justify;\">3. Una volta fatto questo, un membro del nostro team di wedding planning vi contatter\u00e0 per discutere i passi successivi e le esigenze specifiche e per fornirvi un preventivo personalizzato.<\/p>\n<p>4. sulla base degli accordi stipulati, redigiamo il contratto di noleggio e di organizzazione dell'evento.<\/p>\n<p style=\"text-align: start;\"><span style=\"text-align: justify;\">5.\u00a0 <\/span>In conformit\u00e0 alle condizioni stabilite nel contratto, vi chiediamo di versare un deposito per la prenotazione. Senza il pagamento dell'acconto, la prenotazione non sar\u00e0 valida e l'appuntamento sar\u00e0 automaticamente annullato, il contratto perder\u00e0 la sua validit\u00e0. \u00c8 possibile annullare gratuitamente la prenotazione fino a 2 mesi prima della data prescelta, nel qual caso rimborseremo l'intero importo.<\/p>\n<p style=\"text-align: justify;\">6. 2 mesi prima del matrimonio \u00e8 previsto il pagamento del saldo di 3000 EUR per l'affitto del castello. In caso di ritardo superiore a 10 giorni, la prenotazione verr\u00e0 annullata e non sar\u00e0 possibile rimborsare la caparra.<\/p>\n<p style=\"text-align: justify;\">7. Dopo il pagamento del canone di affitto del castello, dovrete finalizzare il menu e i dettagli del catering con un numero provvisorio di invitati entro e non oltre qualche settimana.<\/p>\n<p style=\"text-align: justify;\">8. 2 settimane prima del grande giorno, per mantenere la validit\u00e0 della prenotazione \u00e8 necessario pagare 50% del prezzo del pacchetto cibo e bevande.<\/p>\n<p style=\"text-align: justify;\">9. 3 giorni prima del matrimonio \u00e8 necessario decidere il numero definitivo di invitati. Dopo questa data, non sar\u00e0 pi\u00f9 possibile apportare modifiche e si dovr\u00e0 pagare l'importo rimanente per i pacchetti di cibo e bevande.<\/p>\n<p style=\"text-align: justify;\">10. Le ordinazioni supplementari e gli articoli rimanenti saranno regolati al cocktail bar dopo l'evento.<\/p>\n<\/div>\n<\/div>\n<\/div>\n<\/div>\n<\/div>\n<div  class=\"one withsmallpadding ppb_header\" style=\"text-align:left;padding:30px 0 30px 0;\" >\n<div class=\"standard_wrapper\">\n<div class=\"page_content_wrapper\">\n<div class=\"inner\">\n<div style=\"margin:auto;width:100%\">\n<h2 class=\"ppb_title\" style=\"\">TARIFFE E SERVIZI<\/h2>\n<\/div>\n<\/div>\n<\/div>\n<\/div>\n<\/div>\n<div  class=\"one withsmallpadding ppb_text\" style=\"text-align:left;padding:30px 0 30px 0;\" >\n<div class=\"standard_wrapper\">\n<div class=\"page_content_wrapper\">\n<div class=\"inner\">\n<div style=\"margin:auto;width:100%\">\n<p><span style=\"color: #374151;\">Si prega di notare che verr\u00e0 automaticamente addebitato un supplemento di servizio di 5% per cibi e bevande non inclusi nel preventivo e un supplemento per il personale di 1000 EUR per eventi con meno di 60 persone.<\/span><\/p>\n<p>Ci auguriamo che tutto sia in ordine con la vostra prenotazione e la data che avete scelto. Se avete domande, non esitate a contattare il nostro staff.<\/p>\n<p>Grazie per aver scelto la serratura F\u00f6ldv\u00e1ry e saremo lieti di contribuire a una giornata memorabile.<\/p>\n<\/div>\n<\/div>\n<\/div>\n<\/div>\n<\/div>","protected":false},"excerpt":{"rendered":"<p>La procedura di prenotazione 1. Selezionate e registrate la data ideale sul nostro sito web. Questo significa che avete gi\u00e0 prenotato l'appuntamento. 2. Compilate il nostro questionario sulle esigenze (cliccate qui) in modo che possiamo darvi informazioni pi\u00f9 dettagliate. 3. Una volta fatto questo, un membro del nostro team di wedding planning vi contatter\u00e0 [...]<\/p>","protected":false},"author":3,"featured_media":0,"parent":0,"menu_order":0,"comment_status":"closed","ping_status":"closed","template":"","meta":{"footnotes":""},"class_list":["post-6509","page","type-page","status-publish","hentry","entry"],"_links":{"self":[{"href":"https:\/\/ottevenyikastely.hu\/it\/wp-json\/wp\/v2\/pages\/6509","targetHints":{"allow":["GET"]}}],"collection":[{"href":"https:\/\/ottevenyikastely.hu\/it\/wp-json\/wp\/v2\/pages"}],"about":[{"href":"https:\/\/ottevenyikastely.hu\/it\/wp-json\/wp\/v2\/types\/page"}],"author":[{"embeddable":true,"href":"https:\/\/ottevenyikastely.hu\/it\/wp-json\/wp\/v2\/users\/3"}],"replies":[{"embeddable":true,"href":"https:\/\/ottevenyikastely.hu\/it\/wp-json\/wp\/v2\/comments?post=6509"}],"version-history":[{"count":0,"href":"https:\/\/ottevenyikastely.hu\/it\/wp-json\/wp\/v2\/pages\/6509\/revisions"}],"wp:attachment":[{"href":"https:\/\/ottevenyikastely.hu\/it\/wp-json\/wp\/v2\/media?parent=6509"}],"curies":[{"name":"wp","href":"https:\/\/api.w.org\/{rel}","templated":true}]}}