{"id":6517,"date":"2023-09-21T14:26:24","date_gmt":"2023-09-21T12:26:24","guid":{"rendered":"https:\/\/ottevenyikastely.hu\/?page_id=6517"},"modified":"2023-10-05T09:34:04","modified_gmt":"2023-10-05T07:34:04","slug":"procedure_di_prenotazione_inglese","status":"publish","type":"page","link":"https:\/\/ottevenyikastely.hu\/it\/procedure_di_prenotazione_inglese\/","title":{"rendered":"Procedura di prenotazione in inglese"},"content":{"rendered":"<div  class=\"one withsmallpadding ppb_header\" style=\"text-align:left;padding:30px 0 30px 0;\" >\n<div class=\"standard_wrapper\">\n<div class=\"page_content_wrapper\">\n<div class=\"inner\">\n<div style=\"margin:auto;width:100%\">\n<h2 class=\"ppb_title\" style=\"\">PROCESSO DI PRENOTAZIONE<\/h2>\n<\/div>\n<\/div>\n<\/div>\n<\/div>\n<\/div>\n<div  class=\"one withsmallpadding ppb_text\" style=\"text-align:left;padding:30px 0 30px 0;\" >\n<div class=\"standard_wrapper\">\n<div class=\"page_content_wrapper\">\n<div class=\"inner\">\n<div style=\"margin:auto;width:100%\">\n<p style=\"text-align: justify;\">1. Selezionate la data ideale sul nostro sito web e registratela: in questo modo vi siete gi\u00e0 assicurati la data.<\/p>\n<p style=\"text-align: justify;\">2. Compilare il nostro questionario di valutazione dei bisogni. <a href=\"https:\/\/forms.office.com\/e\/57PcYtssjq\" target=\"_blank\" rel=\"noopener\">(clicca qui)<\/a> in modo da potervi fornire informazioni pi\u00f9 precise.<\/p>\n<p style=\"text-align: justify;\">Una volta fatto questo, un membro del nostro team di wedding planning vi contatter\u00e0 per discutere i passi successivi e le esigenze specifiche, per poi preparare un preventivo unico per voi.<\/p>\n<p>4. Sulla base delle discussioni, prepareremo il Contratto di locazione e di pianificazione dell'evento.<\/p>\n<p style=\"text-align: start;\"><span style=\"text-align: justify;\">5.\u00a0 <\/span>In base ai termini specificati nel contratto, vi chiediamo un deposito per la prenotazione. Senza il pagamento del deposito, la prenotazione non \u00e8 valida, la data viene automaticamente cancellata e il contratto diventa nullo. La prenotazione pu\u00f2 essere annullata gratuitamente fino a 2 mesi prima della data prescelta, nel qual caso vi rimborseremo completamente il costo della prenotazione.<\/p>\n<p style=\"text-align: justify;\">6. 2 mesi prima del matrimonio, \u00e8 necessario versare i restanti 3000 EUR per l'affitto del castello. In caso di ritardo superiore a 10 giorni, la prenotazione verr\u00e0 annullata e non potremo pi\u00f9 rimborsare la caparra.<\/p>\n<p style=\"text-align: justify;\">Dopo aver pagato l'affitto del castello, \u00e8 necessario finalizzare il menu e i dettagli dell'ospitalit\u00e0 con un conteggio preliminare al pi\u00f9 tardi qualche settimana.<\/p>\n<p style=\"text-align: justify;\">8. 2 settimane prima del grande giorno, \u00e8 necessario pagare 50% del prezzo del pacchetto di cibo e bevande per mantenere la validit\u00e0 della prenotazione.<\/p>\n<p style=\"text-align: justify;\">9. 3 giorni prima del matrimonio, \u00e8 necessario finalizzare l'organico. Purtroppo, dopo questo momento non \u00e8 pi\u00f9 possibile apportare modifiche. A questo punto \u00e8 necessario saldare anche l'importo rimanente per i pacchetti di cibo e bevande.<\/p>\n<p style=\"text-align: justify;\">10. Dopo l'evento, gli ordini extra e gli articoli rimanenti al cocktail bar saranno regolati.<\/p>\n<\/div>\n<\/div>\n<\/div>\n<\/div>\n<\/div>\n<div  class=\"one withsmallpadding ppb_header\" style=\"text-align:left;padding:30px 0 30px 0;\" >\n<div class=\"standard_wrapper\">\n<div class=\"page_content_wrapper\">\n<div class=\"inner\">\n<div style=\"margin:auto;width:100%\">\n<h2 class=\"ppb_title\" style=\"\">TARIFFE E SERVIZI<\/h2>\n<\/div>\n<\/div>\n<\/div>\n<\/div>\n<\/div>\n<div  class=\"one withsmallpadding ppb_text\" style=\"text-align:left;padding:30px 0 30px 0;\" >\n<div class=\"standard_wrapper\">\n<div class=\"page_content_wrapper\">\n<div class=\"inner\">\n<div style=\"margin:auto;width:100%\">\n<p><span style=\"color: #374151;\">Si prega di notare che aggiungiamo automaticamente un costo di servizio di 5% per i servizi di ristorazione, che non \u00e8 incluso nel preventivo, e per gli eventi con meno di 60 partecipanti, addebitiamo un costo aggiuntivo per il personale di 1000 EUR.<\/span><\/p>\n<p>Ci auguriamo che tutto sia in ordine con la vostra prenotazione e la data scelta. Se avete domande, non esitate a contattare il nostro staff.<\/p>\n<p>Grazie per aver scelto il Castello F\u00f6ldv\u00e1ry e saremo lieti di contribuire a rendere indimenticabile il vostro grande giorno.<\/p>\n<\/div>\n<\/div>\n<\/div>\n<\/div>\n<\/div>","protected":false},"excerpt":{"rendered":"<p>PROCESSO DI PRENOTAZIONE 1. Selezionate la data ideale sul nostro sito web e registratela. Cos\u00ec facendo, vi siete gi\u00e0 assicurati la data. 2. Compilate il nostro questionario di valutazione delle esigenze (cliccate qui) in modo che possiamo fornirvi informazioni pi\u00f9 precise. 3. Una volta fatto questo, un membro del nostro [...]<\/p>","protected":false},"author":3,"featured_media":0,"parent":0,"menu_order":0,"comment_status":"closed","ping_status":"closed","template":"","meta":{"footnotes":""},"class_list":["post-6517","page","type-page","status-publish","hentry","entry"],"_links":{"self":[{"href":"https:\/\/ottevenyikastely.hu\/it\/wp-json\/wp\/v2\/pages\/6517","targetHints":{"allow":["GET"]}}],"collection":[{"href":"https:\/\/ottevenyikastely.hu\/it\/wp-json\/wp\/v2\/pages"}],"about":[{"href":"https:\/\/ottevenyikastely.hu\/it\/wp-json\/wp\/v2\/types\/page"}],"author":[{"embeddable":true,"href":"https:\/\/ottevenyikastely.hu\/it\/wp-json\/wp\/v2\/users\/3"}],"replies":[{"embeddable":true,"href":"https:\/\/ottevenyikastely.hu\/it\/wp-json\/wp\/v2\/comments?post=6517"}],"version-history":[{"count":0,"href":"https:\/\/ottevenyikastely.hu\/it\/wp-json\/wp\/v2\/pages\/6517\/revisions"}],"wp:attachment":[{"href":"https:\/\/ottevenyikastely.hu\/it\/wp-json\/wp\/v2\/media?parent=6517"}],"curies":[{"name":"wp","href":"https:\/\/api.w.org\/{rel}","templated":true}]}}