{"id":9604,"date":"2024-10-05T17:44:17","date_gmt":"2024-10-05T15:44:17","guid":{"rendered":"https:\/\/ottevenyikastely.hu\/?page_id=9604"},"modified":"2024-10-05T18:20:23","modified_gmt":"2024-10-05T16:20:23","slug":"cena-delloca-del-giorno-di-martone","status":"publish","type":"page","link":"https:\/\/ottevenyikastely.hu\/it\/cena-delloca-del-giorno-di-martone\/","title":{"rendered":"Cena dell'oca del giorno di Martin"},"content":{"rendered":"<div data-elementor-type=\"wp-page\" data-elementor-id=\"9604\" class=\"elementor elementor-9604\" data-elementor-post-type=\"page\">\n\t\t\t\t<div class=\"elementor-element elementor-element-74707cd e-flex e-con-boxed e-con e-parent\" data-id=\"74707cd\" data-element_type=\"container\" data-e-type=\"container\">\n\t\t\t\t\t<div class=\"e-con-inner\">\n\t\t\t\t<div class=\"elementor-element elementor-element-9f55229 elementor-widget elementor-widget-heading\" data-id=\"9f55229\" data-element_type=\"widget\" data-e-type=\"widget\" data-widget_type=\"heading.default\">\n\t\t\t\t<div class=\"elementor-widget-container\">\n\t\t\t\t\t<h2 class=\"elementor-heading-title elementor-size-default\">Cena dell'oca e degustazione di vini<\/h2>\t\t\t\t<\/div>\n\t\t\t\t<\/div>\n\t\t\t\t<div class=\"elementor-element elementor-element-a09e5b7 elementor-widget elementor-widget-text-editor\" data-id=\"a09e5b7\" data-element_type=\"widget\" data-e-type=\"widget\" data-widget_type=\"text-editor.default\">\n\t\t\t\t<div class=\"elementor-widget-container\">\n\t\t\t\t\t\t\t\t\t<p><em>Venerd\u00ec 8 novembre 2024<\/em><\/p><p>Preparatevi a un'esperienza enogastronomica indimenticabile, dove gli ultimi vini della regione vinicola di Pannonhalma incontrano le creazioni del maestro chef del castello! La serata speciale al Castello \u00d6ttev\u00e9nyi F\u00f6ldv\u00e1ry non \u00e8 solo una cena Gourmet Liba - \u00e8 la Casa del Vino dell'Abbazia di Pannonhalma che presenta i vanti della nostra regione, gli ultimi vini di punta.<\/p><p>Scoprite l'incontro tra le tradizioni del Martin's Day e la gastronomia unica del Castello in questa magnifica location, metteteci alla prova!<\/p><ul><li><strong>Antipasto<\/strong>: Oche ripiene<\/li><li><strong>Prelievi<\/strong>: Zuppa cremosa di dragoncello e lime<\/li><li><strong>Piatto principale<\/strong>: Quarto d'oca ripieno con cavolo brasato allo champagne, pur\u00e8 di patate con cipolle<\/li><li><strong>Dessert<\/strong>: torta Ludlab<\/li><\/ul><p><strong>Prenotazioni<\/strong><br \/>Potete prenotare il vostro posto per l'evento qui. Sono disponibili tavoli rotondi per 6-8 persone. Se le persone prenotate sono meno di 6, possono condividere un tavolo pi\u00f9 grande con altri ospiti.<\/p><p><strong>Dettagli dell'evento<\/strong><br \/>Dopo la cena, la festa inizia all'alba con un super DJ che far\u00e0 da padrone. Prezzo per la serata <strong>29.500 Ft \/ persona<\/strong>che comprende un piatto d'oca gourmet, una degustazione di vini Pannonhalma e tutte le bevande analcoliche. Dopo cena il bar \u00e8 aperto per gli ospiti paganti.<\/p><p>Non perdete questa occasione unica in cui gastronomia e vino si incontrano in una location storica!<\/p>\t\t\t\t\t\t\t\t<\/div>\n\t\t\t\t<\/div>\n\t\t\t\t\t<\/div>\n\t\t\t\t<\/div>\n\t\t<div class=\"elementor-element elementor-element-764c35e e-flex e-con-boxed e-con e-parent\" data-id=\"764c35e\" data-element_type=\"container\" data-e-type=\"container\">\n\t\t\t\t\t<div class=\"e-con-inner\">\n\t\t\t\t<div class=\"elementor-element elementor-element-6bfa0cf elementor-widget elementor-widget-image\" data-id=\"6bfa0cf\" data-element_type=\"widget\" data-e-type=\"widget\" data-widget_type=\"image.default\">\n\t\t\t\t<div class=\"elementor-widget-container\">\n\t\t\t\t\t\t\t\t\t\t\t\t\t\t\t<img fetchpriority=\"high\" decoding=\"async\" width=\"1024\" height=\"1024\" src=\"https:\/\/ottevenyikastely.hu\/wp-content\/uploads\/2024\/10\/DALL-E-2024-10-05-17.38.57-A-promotional-poster-for-a-goose-themed-event-at-Ottevenyi-Foldvary-Castle-featuring-a-Hungarian-domestic-goose-as-the-central-image.-The-design-shou.webp\" class=\"attachment-large size-large wp-image-9605\" alt=\"\" srcset=\"\" sizes=\"(max-width: 1024px) 100vw, 1024px\" title=\"\" data-srcset=\"\">\t\t\t\t\t\t\t\t\t\t\t\t\t\t\t<\/div>\n\t\t\t\t<\/div>\n\t\t\t\t<div class=\"elementor-element elementor-element-d7061e4 elementor-widget elementor-widget-text-editor\" data-id=\"d7061e4\" data-element_type=\"widget\" data-e-type=\"widget\" data-widget_type=\"text-editor.default\">\n\t\t\t\t<div class=\"elementor-widget-container\">\n\t\t\t\t\t\t\t\t\t<p><strong>Cantina Pannonhalmi - L'incontro tra tradizione e innovazione<\/strong><\/p><p>La Cantina Pannonhalmi \u00e8 il degno successore delle tradizioni viticole ed enologiche dell'Abbazia di Pannonhalmi, con una storia pi\u00f9 che millenaria. Le particolari condizioni climatiche e pedologiche della regione vitivinicola consentono la produzione di vini di qualit\u00e0 eccellente. La Casa del Vino dell'Abbazia \u00e8 orgogliosa di produrre i suoi vini utilizzando tecnologie moderne e rispettando la tradizione, rappresentando non solo la cultura vinicola della regione ma anche quella del Paese.<\/p><p>L'evento presenter\u00e0 il nuovo vino M\u00e1rtonnapi della cantina, che riflette il carattere unico e le caratteristiche locali della regione di Pannonhalma. Questo vino ha un sapore fresco e fruttato e un'acidit\u00e0 raffinata, che completa perfettamente le portate della cena. Con questo nuovo prodotto, la cantina intende rafforzare ulteriormente la reputazione della regione vinicola di Pannonhalmi sul mercato vinicolo nazionale e internazionale.<\/p>\t\t\t\t\t\t\t\t<\/div>\n\t\t\t\t<\/div>\n\t\t\t\t<div class=\"elementor-element elementor-element-3ebc48b elementor-widget elementor-widget-image\" data-id=\"3ebc48b\" data-element_type=\"widget\" data-e-type=\"widget\" data-widget_type=\"image.default\">\n\t\t\t\t<div class=\"elementor-widget-container\">\n\t\t\t\t\t\t\t\t\t\t\t\t\t\t\t<img decoding=\"async\" src=\"https:\/\/ottevenyikastely.hu\/wp-content\/uploads\/2024\/10\/pannonhalmabor2.jpeg\" title=\"\" alt=\"\" loading=\"lazy\">\t\t\t\t\t\t\t\t\t\t\t\t\t\t\t<\/div>\n\t\t\t\t<\/div>\n\t\t\t\t\t<\/div>\n\t\t\t\t<\/div>\n\t\t<div class=\"elementor-element elementor-element-63b70b9 e-flex e-con-boxed e-con e-parent\" data-id=\"63b70b9\" data-element_type=\"container\" data-e-type=\"container\">\n\t\t\t\t\t<div class=\"e-con-inner\">\n\t\t\t\t<div class=\"elementor-element elementor-element-7e61a3b elementor-widget elementor-widget-text-editor\" data-id=\"7e61a3b\" data-element_type=\"widget\" data-e-type=\"widget\" data-widget_type=\"text-editor.default\">\n\t\t\t\t<div class=\"elementor-widget-container\">\n\t\t\t\t\t\t\t\t\t<p><strong>Volete dormire nel Castello?<\/strong><\/p><p>Nel castello sar\u00e0 disponibile un numero limitato di camere in affitto. Le 11 camere standard per 2 persone sono disponibili a 200 euro, le 2 suite a 250 euro e la suite per la luna di miele a 300 euro per la sera della cena della Liba. La colazione \u00e8 inclusa nel prezzo!<\/p>\t\t\t\t\t\t\t\t<\/div>\n\t\t\t\t<\/div>\n\t\t\t\t<div class=\"elementor-element elementor-element-8ce8d93 elementor-widget elementor-widget-image\" data-id=\"8ce8d93\" data-element_type=\"widget\" data-e-type=\"widget\" data-widget_type=\"image.default\">\n\t\t\t\t<div class=\"elementor-widget-container\">\n\t\t\t\t\t\t\t\t\t\t\t\t\t\t\t<img decoding=\"async\" width=\"1000\" height=\"667\" src=\"https:\/\/ottevenyikastely.hu\/wp-content\/uploads\/2024\/06\/Foldvary_kastely_szoba_lila_fotelekkel.jpg\" class=\"attachment-large size-large wp-image-7738\" alt=\"\" srcset=\"https:\/\/ottevenyikastely.hu\/wp-content\/uploads\/2024\/06\/Foldvary_kastely_szoba_lila_fotelekkel.jpg 1000w, https:\/\/ottevenyikastely.hu\/wp-content\/uploads\/2024\/06\/Foldvary_kastely_szoba_lila_fotelekkel-300x200.jpg 300w, https:\/\/ottevenyikastely.hu\/wp-content\/uploads\/2024\/06\/Foldvary_kastely_szoba_lila_fotelekkel-768x512.jpg 768w\" sizes=\"(max-width: 1000px) 100vw, 1000px\" title=\"\">\t\t\t\t\t\t\t\t\t\t\t\t\t\t\t<\/div>\n\t\t\t\t<\/div>\n\t\t\t\t\t<\/div>\n\t\t\t\t<\/div>\n\t\t<div class=\"elementor-element elementor-element-e488c6b e-flex e-con-boxed e-con e-parent\" data-id=\"e488c6b\" data-element_type=\"container\" data-e-type=\"container\">\n\t\t\t\t\t<div class=\"e-con-inner\">\n\t\t\t\t<div class=\"elementor-element elementor-element-5fe5206 elementor-widget elementor-widget-text-editor\" data-id=\"5fe5206\" data-element_type=\"widget\" data-e-type=\"widget\" data-widget_type=\"text-editor.default\">\n\t\t\t\t<div class=\"elementor-widget-container\">\n\t\t\t\t\t\t\t\t\t<p><strong>Programmi:<\/strong><\/p><p>18:30 Accoglienza degli ospiti con vin brul\u00e9, caldarroste, zucca arrosto e punch caldo.<\/p><p>19:00 Cena e degustazione di vini. Ogni portata sar\u00e0 preceduta da una presentazione dei vini con una degustazione, naturalmente, interpretata dall'enologo della Cantina.<\/p><p>21:00 Dj Ak\u00e1rki e il bar Cubai vi intratterranno con una vasta gamma di bevande.<\/p>\t\t\t\t\t\t\t\t<\/div>\n\t\t\t\t<\/div>\n\t\t\t\t<div class=\"elementor-element elementor-element-131dfbb elementor-align-center elementor-widget elementor-widget-button\" data-id=\"131dfbb\" data-element_type=\"widget\" data-e-type=\"widget\" data-widget_type=\"button.default\">\n\t\t\t\t<div class=\"elementor-widget-container\">\n\t\t\t\t\t\t\t\t\t<div class=\"elementor-button-wrapper\">\n\t\t\t\t\t<a class=\"elementor-button elementor-button-link elementor-size-sm\" href=\"#\">\n\t\t\t\t\t\t<span class=\"elementor-button-content-wrapper\">\n\t\t\t\t\t\t\t\t\t<span class=\"elementor-button-text\">Prenotate subito il vostro posto!  Clicca qui per prenotare!<\/span>\n\t\t\t\t\t<\/span>\n\t\t\t\t\t<\/a>\n\t\t\t\t<\/div>\n\t\t\t\t\t\t\t\t<\/div>\n\t\t\t\t<\/div>\n\t\t\t\t\t<\/div>\n\t\t\t\t<\/div>\n\t\t\t\t<\/div>","protected":false},"excerpt":{"rendered":"<p>Libavacsora &amp; Bork\u00f3stol\u00f3 2024 November 8. p\u00e9ntek K\u00e9sz\u00fclj\u00f6n fel egy felejthetetlen gasztron\u00f3miai \u00e9s borkultur\u00e1lis \u00e9lm\u00e9nyre, ahol a pannonhalmi borvid\u00e9k leg\u00fajabb borai \u00e9s a kast\u00e9ly mesterszak\u00e1cs\u00e1nak alkot\u00e1sai tal\u00e1lkoznak! Az \u00d6ttev\u00e9nyi F\u00f6ldv\u00e1ry Kast\u00e9ly k\u00fcl\u00f6nleges estje nem csup\u00e1n egy Gourmet Liba vacsora \u2013 itt a Pannonhalmi Ap\u00e1ts\u00e1g Borh\u00e1za mutatja be r\u00e9gi\u00f3nk b\u00fcszkes\u00e9geit, legfrissebb z\u00e1szl\u00f3s borait. Fedezze fel a [&hellip;]<\/p>","protected":false},"author":7,"featured_media":0,"parent":0,"menu_order":0,"comment_status":"closed","ping_status":"closed","template":"","meta":{"footnotes":""},"class_list":["post-9604","page","type-page","status-publish","hentry","entry"],"_links":{"self":[{"href":"https:\/\/ottevenyikastely.hu\/it\/wp-json\/wp\/v2\/pages\/9604","targetHints":{"allow":["GET"]}}],"collection":[{"href":"https:\/\/ottevenyikastely.hu\/it\/wp-json\/wp\/v2\/pages"}],"about":[{"href":"https:\/\/ottevenyikastely.hu\/it\/wp-json\/wp\/v2\/types\/page"}],"author":[{"embeddable":true,"href":"https:\/\/ottevenyikastely.hu\/it\/wp-json\/wp\/v2\/users\/7"}],"replies":[{"embeddable":true,"href":"https:\/\/ottevenyikastely.hu\/it\/wp-json\/wp\/v2\/comments?post=9604"}],"version-history":[{"count":18,"href":"https:\/\/ottevenyikastely.hu\/it\/wp-json\/wp\/v2\/pages\/9604\/revisions"}],"predecessor-version":[{"id":9624,"href":"https:\/\/ottevenyikastely.hu\/it\/wp-json\/wp\/v2\/pages\/9604\/revisions\/9624"}],"wp:attachment":[{"href":"https:\/\/ottevenyikastely.hu\/it\/wp-json\/wp\/v2\/media?parent=9604"}],"curies":[{"name":"wp","href":"https:\/\/api.w.org\/{rel}","templated":true}]}}