{"id":9647,"date":"2024-10-10T19:44:10","date_gmt":"2024-10-10T17:44:10","guid":{"rendered":"https:\/\/ottevenyikastely.hu\/?page_id=9647"},"modified":"2025-05-05T13:49:17","modified_gmt":"2025-05-05T11:49:17","slug":"norme-sulla-protezione-dei-dati","status":"publish","type":"page","link":"https:\/\/ottevenyikastely.hu\/it\/norme-sulla-protezione-dei-dati\/","title":{"rendered":"Informativa sulla privacy"},"content":{"rendered":"<div data-elementor-type=\"wp-page\" data-elementor-id=\"9647\" class=\"elementor elementor-9647\" data-elementor-post-type=\"page\">\n\t\t\t\t<div class=\"elementor-element elementor-element-9496ce6 e-flex e-con-boxed e-con e-parent\" data-id=\"9496ce6\" data-element_type=\"container\" data-e-type=\"container\">\n\t\t\t\t\t<div class=\"e-con-inner\">\n\t\t\t\t<div class=\"elementor-element elementor-element-398a734 elementor-widget elementor-widget-heading\" data-id=\"398a734\" data-element_type=\"widget\" data-e-type=\"widget\" data-widget_type=\"heading.default\">\n\t\t\t\t<div class=\"elementor-widget-container\">\n\t\t\t\t\t<h2 class=\"elementor-heading-title elementor-size-default\">Informativa sulla privacy<\/h2>\t\t\t\t<\/div>\n\t\t\t\t<\/div>\n\t\t\t\t\t<\/div>\n\t\t\t\t<\/div>\n\t\t<div class=\"elementor-element elementor-element-fa34143 e-flex e-con-boxed e-con e-parent\" data-id=\"fa34143\" data-element_type=\"container\" data-e-type=\"container\">\n\t\t\t\t\t<div class=\"e-con-inner\">\n\t\t\t\t<div class=\"elementor-element elementor-element-50cd95b elementor-widget elementor-widget-image\" data-id=\"50cd95b\" data-element_type=\"widget\" data-e-type=\"widget\" data-widget_type=\"image.default\">\n\t\t\t\t<div class=\"elementor-widget-container\">\n\t\t\t\t\t\t\t\t\t\t\t\t\t\t\t<img fetchpriority=\"high\" decoding=\"async\" width=\"1024\" height=\"418\" src=\"https:\/\/ottevenyikastely.hu\/wp-content\/uploads\/2024\/10\/Kepernyofoto-2024-10-10-19.52.00-1024x418.png\" class=\"attachment-large size-large wp-image-9652\" alt=\"\" srcset=\"https:\/\/ottevenyikastely.hu\/wp-content\/uploads\/2024\/10\/Kepernyofoto-2024-10-10-19.52.00-1024x418.png 1024w, https:\/\/ottevenyikastely.hu\/wp-content\/uploads\/2024\/10\/Kepernyofoto-2024-10-10-19.52.00-300x122.png 300w, https:\/\/ottevenyikastely.hu\/wp-content\/uploads\/2024\/10\/Kepernyofoto-2024-10-10-19.52.00-768x313.png 768w, https:\/\/ottevenyikastely.hu\/wp-content\/uploads\/2024\/10\/Kepernyofoto-2024-10-10-19.52.00-1536x627.png 1536w, https:\/\/ottevenyikastely.hu\/wp-content\/uploads\/2024\/10\/Kepernyofoto-2024-10-10-19.52.00-18x7.png 18w, https:\/\/ottevenyikastely.hu\/wp-content\/uploads\/2024\/10\/Kepernyofoto-2024-10-10-19.52.00.png 1794w\" sizes=\"(max-width: 1024px) 100vw, 1024px\" title=\"\">\t\t\t\t\t\t\t\t\t\t\t\t\t\t\t<\/div>\n\t\t\t\t<\/div>\n\t\t\t\t\t<\/div>\n\t\t\t\t<\/div>\n\t\t<div class=\"elementor-element elementor-element-9df8906 e-flex e-con-boxed e-con e-parent\" data-id=\"9df8906\" data-element_type=\"container\" data-e-type=\"container\">\n\t\t\t\t\t<div class=\"e-con-inner\">\n\t\t\t\t<div class=\"elementor-element elementor-element-b5d8c34 elementor-widget elementor-widget-text-editor\" data-id=\"b5d8c34\" data-element_type=\"widget\" data-e-type=\"widget\" data-widget_type=\"text-editor.default\">\n\t\t\t\t<div class=\"elementor-widget-container\">\n\t\t\t\t\t\t\t\t\t<p><strong>Garzon Plaza Ltd.<\/strong><br \/>Ufficio: 9024 Gy\u0151r, Vasv\u00e1ri P\u00e1l utca 1. B. \u00e9p.<br \/>Numero di registrazione della societ\u00e0: 08 09 015113<br \/>Codice fiscale: 13995803-2-08<br \/>Sito web: www.ottevenyikastely.hu<\/p><p><strong>Data di entrata in vigore: 01.04.2025.<\/strong><\/p><p>La presente informativa sulla privacy \u00e8 il\u00a0<strong>Garzon Plaza Ltd.<\/strong>\u00a0(\"Titolare del trattamento\"), ai sensi della normativa applicabile, in particolare del Regolamento (UE) 2016\/679 del Parlamento Europeo e del Consiglio (General Data Protection Regulation - GDPR).<\/p><ol><li><strong> Finalit\u00e0 del trattamento dei dati<\/strong><\/li><\/ol><p>Il Titolare tratta i dati personali per le seguenti finalit\u00e0:<\/p><ul><li>Funzionamento del sito web e analisi delle statistiche di traffico.<\/li><li>Relazioni e comunicazione.<\/li><li>Fornitura di servizi (ad es. ordini, consegna a domicilio, richieste speciali).<\/li><li>Fatturazione, adempimento degli obblighi di legge.<\/li><li>Attivit\u00e0 di marketing, invio di newsletter, laddove l'interessato abbia fornito il proprio consenso preventivo.<\/li><li>Gestione dei reclami e servizio clienti.<\/li><\/ul><ol start=\"2\"><li><strong> Base giuridica del trattamento<\/strong><\/li><\/ol><p>Il trattamento si basa sulle seguenti basi giuridiche:<\/p><ul><li><strong>Contributo<\/strong>L'interessato acconsente volontariamente al trattamento dei propri dati personali (articolo 6, paragrafo 1, lettera a), del GDPR).<\/li><li><strong>Esecuzione del contratto<\/strong>Il trattamento \u00e8 necessario per l'esecuzione del contratto (articolo 6, paragrafo 1, lettera b) del GDPR).<\/li><li><strong>Adempimento di un obbligo legale<\/strong>Fatturazione, conformit\u00e0 ai requisiti legali (articolo 6, paragrafo 1, lettera c), del GDPR).<\/li><li><strong>Legittimo interesse del Titolare del trattamento<\/strong>Ad esempio, gestione dei reclami del servizio clienti, analisi del traffico del sito web (articolo 6, paragrafo 1, lettera f), del GDPR).<\/li><\/ul><ol start=\"3\"><li><strong> Ambito dei dati trattati<\/strong><\/li><\/ol><ul><li><strong>Dettagli di contatto<\/strong>nome, indirizzo e-mail, numero di telefono.<\/li><li><strong>Dati di fatturazione<\/strong>nome, indirizzo, codice fiscale.<\/li><li><strong>Dati tecnici<\/strong>Indirizzo IP, cronologia di navigazione, gestione dei cookie.<\/li><li><strong>Informazioni per l'ordine<\/strong>: cronologia degli ordini, preferenze, indirizzo di consegna.<\/li><\/ul><ol start=\"4\"><li><strong> Durata del trattamento dei dati<\/strong><\/li><\/ol><p>Il Titolare tratta i dati per il tempo necessario all'adempimento della finalit\u00e0:<\/p><ul><li>Nel caso di una newsletter, fino alla revoca del consenso.<\/li><li>In caso di fatturazione, per il periodo richiesto dalla normativa fiscale (in genere 8 anni).<\/li><li>Nel caso di rapporti contrattuali, per 5 anni dalla cessazione del contratto.<\/li><\/ul><ol start=\"5\"><li><strong> Trasferimenti di dati e responsabili del trattamento<\/strong><\/li><\/ol><p>Il Titolare del trattamento non trasferir\u00e0 i dati a terzi, ad eccezione di:<\/p><ul><li>alle autorit\u00e0 pubbliche nell'adempimento di obblighi di legge,<\/li><li>ai responsabili del trattamento dei dati (ad es. corriere, contabilit\u00e0) che li trattano rigorosamente sulla base del mandato e nella misura necessaria.<\/li><\/ul><ol start=\"6\"><li><strong> Diritti degli interessati<\/strong><\/li><\/ol><p>Gli interessati hanno i seguenti diritti:<\/p><ul><li><strong>Diritto di accesso<\/strong>L'interessato pu\u00f2 chiedere al Titolare del trattamento informazioni sui dati personali trattati che lo riguardano.<\/li><li><strong>Diritto di rettifica<\/strong>L'interessato pu\u00f2 richiedere la modifica o la correzione dei propri dati.<\/li><li><strong>Diritto alla cancellazione<\/strong>In alcuni casi \u00e8 possibile richiedere la cancellazione dei propri dati personali.<\/li><li><strong>Diritto di limitare il trattamento<\/strong>Potete richiedere la limitazione del trattamento dei vostri dati.<\/li><li><strong>Diritto alla portabilit\u00e0 dei dati<\/strong>L'interessato pu\u00f2 chiedere che i suoi dati personali siano trasferiti a un altro responsabile del trattamento.<\/li><li><strong>Diritto di opposizione<\/strong>Potete opporvi al trattamento se questo si basa su un interesse legittimo.<\/li><\/ul>\t\t\t\t\t\t\t\t<\/div>\n\t\t\t\t<\/div>\n\t\t\t\t<div class=\"elementor-element elementor-element-6b7717c elementor-widget elementor-widget-shortcode\" data-id=\"6b7717c\" data-element_type=\"widget\" data-e-type=\"widget\" data-widget_type=\"shortcode.default\">\n\t\t\t\t<div class=\"elementor-widget-container\">\n\t\t\t\t\t\t\t<div class=\"elementor-shortcode\"><div class='fluentform ff-default fluentform_wrapper_27 ffs_default_wrap'><form data-form_id=\"27\" id=\"fluentform_27\" class=\"frm-fluent-form fluent_form_27 ff-el-form-top ff_form_instance_27_1 ff-form-loading ff_has_v3_recptcha ffs_default\" data-form_instance=\"ff_form_instance_27_1\" method=\"POST\" data-recptcha_key=\"6Lcs378qAAAAAMEOlhPdsd1hZXa18vzRxOXiR5Bo\" action=\"\" ><fieldset  style=\"border: none!important;margin: 0!important;padding: 0!important;background-color: transparent!important;box-shadow: none!important;outline: none!important; min-inline-size: 100%;\">\n                    <legend class=\"ff_screen_reader_title\" style=\"display: block; margin: 0!important;padding: 0!important;height: 0!important;text-indent: -999999px;width: 0!important;overflow:hidden;\">Modulo di modifica della protezione dei dati<\/legend>        <div\n                style=\"display: none!important; position: absolute!important; transform: translateX(1000%)!important;\"\n                class=\"ff-el-group ff-hpsf-container\"\n        >\n            <div class=\"ff-el-input--label asterisk-right\">\n                <label for=\"ff_27_item_sf\" aria-label=\"Abbonarsi\">\n                    Abbonarsi                <\/label>\n            <\/div>\n            <div class=\"ff-el-input--content\">\n                <input type=\"text\"\n                       name=\"item_27__fluent_sf\"\n                       class=\"ff-el-form-control\"\n                       id=\"ff_27_item_sf\"\n                \/>\n            <\/div>\n        <\/div>\n        <input type='hidden' name='__fluent_form_embded_post_id' value='9647' \/><input type=\"hidden\" id=\"_fluentform_27_fluentformnonce\" name=\"_fluentform_27_fluentformnonce\" value=\"5cd9d38b29\" \/><input type=\"hidden\" name=\"_wp_http_referer\" value=\"\/it\/wp-json\/wp\/v2\/pages\/9647\" \/><div data-type=\"name-element\" data-name=\"names\" class=\"ff-field_container ff-name-field-wrapper\" ><div class='ff-t-container'><div class='ff-t-cell'><div class='ff-el-group'><div class=\"ff-el-input--label ff-el-is-required asterisk-right\"><label for='ff_27_names_first_name_' >Nome<\/label><\/div><div class='ff-el-input--content'><input type=\"text\" name=\"names[first_name]\" id=\"ff_27_names_first_name_\" class=\"ff-el-form-control\" placeholder=\"Nome\" aria-invalid=\"false\" aria-required=\"true\"><\/div><\/div><\/div><div class='ff-t-cell'><div class='ff-el-group'><div class=\"ff-el-input--label ff-el-is-required asterisk-right\"><label for='ff_27_names_last_name_' >Cognome<\/label><\/div><div class='ff-el-input--content'><input type=\"text\" name=\"names[last_name]\" id=\"ff_27_names_last_name_\" class=\"ff-el-form-control\" placeholder=\"Cognome\" aria-invalid=\"false\" aria-required=\"true\"><\/div><\/div><\/div><\/div><\/div><div class='ff-el-group'><div class=\"ff-el-input--label ff-el-is-required asterisk-right\"><label for='ff_27_email' aria-label=\"Email\">Email<\/label><\/div><div class='ff-el-input--content'><input type=\"email\" name=\"email\" id=\"ff_27_email\" class=\"ff-el-form-control\" placeholder=\"Indirizzo e-mail\" data-name=\"email\"  aria-invalid=\"false\" aria-required=\"true\"><\/div><\/div><div class='ff-el-group'><div class=\"ff-el-input--label ff-el-is-required asterisk-right\"><label  aria-label=\"Motivo della richiesta\">Motivo della richiesta<\/label><\/div><div class='ff-el-input--content'><div class='ff-el-form-check ff-el-form-check-'><label class='ff-el-form-check-label' for=\"input_radio_80ace619def3355e9caf663a51a3db1b\"><input  type=\"radio\" name=\"input_radio\" data-name=\"input_radio\" class=\"ff-el-form-check-input ff-el-form-check-radio\" value=\"Adatok t\u00f6rl\u00e9se\"  id='input_radio_80ace619def3355e9caf663a51a3db1b' aria-label='Cancellare i dati' aria-invalid='false' aria-required=\"true\"> <span>Cancellare i dati<\/span><\/label><\/div><div class='ff-el-form-check ff-el-form-check-'><label class='ff-el-form-check-label' for=\"input_radio_e6840232ad82086ced0ddd225d0445fc\"><input  type=\"radio\" name=\"input_radio\" data-name=\"input_radio\" class=\"ff-el-form-check-input ff-el-form-check-radio\" value=\"Adatok m\u00f3dos\u00edt\u00e1sa\"  id='input_radio_e6840232ad82086ced0ddd225d0445fc' aria-label='Modifica dei dati' aria-invalid='false' aria-required=\"true\"> <span>Modifica dei dati<\/span><\/label><\/div><div class='ff-el-form-check ff-el-form-check-'><label class='ff-el-form-check-label' for=\"input_radio_aa9cc5d4a1047d3f1f70830fbde80b3b\"><input  type=\"radio\" name=\"input_radio\" data-name=\"input_radio\" class=\"ff-el-form-check-input ff-el-form-check-radio\" value=\"Adatok gy\u0171jt\u00e9s\u00e9nek korl\u00e1toz\u00e1sa\"  id='input_radio_aa9cc5d4a1047d3f1f70830fbde80b3b' aria-label='Restrizioni alla raccolta dei dati' aria-invalid='false' aria-required=\"true\"> <span>Restrizioni alla raccolta dei dati<\/span><\/label><\/div><div class='ff-el-form-check ff-el-form-check-'><label class='ff-el-form-check-label' for=\"input_radio_e3083e0b16e8b633dccd491e9430388f\"><input  type=\"radio\" name=\"input_radio\" data-name=\"input_radio\" class=\"ff-el-form-check-input ff-el-form-check-radio\" value=\"Gy\u0171jt\u00f6tt adatok kik\u00e9r\u00e9se\"  id='input_radio_e3083e0b16e8b633dccd491e9430388f' aria-label='Richiesta di dati raccolti' aria-invalid='false' aria-required=\"true\"> <span>Richiesta di dati raccolti<\/span><\/label><\/div><\/div><\/div><div class='ff-el-group    ff-el-input--content'><div class='ff-el-form-check ff-el-tc'><label aria-label='Acconsento alla memorizzazione dei miei dati da parte di questo sito web per poter rispondere alla mia richiesta!' class='ff-el-form-check-label ff_tc_label' for=\"gdpr-agreement_2bcfdcb532f2588b94fae3fcbab52e42\"><span class='ff_tc_checkbox'><input type=\"checkbox\" name=\"gdpr-agreement\" class=\"ff-el-form-check-input ff_gdpr_field\" data-name=\"gdpr-agreement\" id=\"gdpr-agreement_2bcfdcb532f2588b94fae3fcbab52e42\"  value='on' aria-invalid='false' aria-required=\"true\"><\/span> <div class='ff_t_c'>Acconsento alla memorizzazione dei miei dati da parte di questo sito web per poter rispondere alla mia richiesta!<\/div><\/label><\/div><\/div><div class='ff-el-group ff-text-left ff_submit_btn_wrapper'><button type=\"submit\" class=\"ff-btn ff-btn-submit ff-btn-md ff_btn_style\" >Invia una richiesta<\/button><\/div><\/fieldset><input type=\"hidden\" name=\"trp-form-language\" value=\"it\"\/><\/form><div id='fluentform_27_errors' class='ff-errors-in-stack ff_form_instance_27_1 ff-form-loading_errors ff_form_instance_27_1_errors'><\/div><\/div>            <script type=\"text\/javascript\">\n                window.fluent_form_ff_form_instance_27_1 = {\"id\":\"27\",\"settings\":{\"layout\":{\"labelPlacement\":\"top\",\"helpMessagePlacement\":\"with_label\",\"errorMessagePlacement\":\"inline\"},\"restrictions\":{\"denyEmptySubmission\":{\"enabled\":false}}},\"form_instance\":\"ff_form_instance_27_1\",\"form_id_selector\":\"fluentform_27\",\"rules\":{\"names[first_name]\":{\"required\":{\"value\":true,\"message\":\"This field is required\",\"global\":true,\"global_message\":\"This field is required\"}},\"names[middle_name]\":{\"required\":{\"value\":false,\"message\":\"This field is required\",\"global\":true,\"global_message\":\"This field is required\"}},\"names[last_name]\":{\"required\":{\"value\":true,\"message\":\"This field is required\",\"global\":true,\"global_message\":\"This field is required\"}},\"email\":{\"required\":{\"value\":true,\"message\":\"This field is required\",\"global\":true,\"global_message\":\"This field is required\"},\"email\":{\"value\":true,\"message\":\"This field must contain a valid email\",\"global\":true,\"global_message\":\"This field must contain a valid email\"}},\"input_radio\":{\"required\":{\"value\":true,\"message\":\"K\\u00f6telez\\u0151 mez\\u0151\",\"global_message\":\"This field is required\",\"global\":false}},\"g-recaptcha-response\":[],\"gdpr-agreement\":{\"required\":{\"value\":true,\"message\":\"This field is required\",\"global_message\":\"This field is required\",\"global\":true}}},\"debounce_time\":300};\n                            <\/script>\n            <\/div>\n\t\t\t\t\t\t<\/div>\n\t\t\t\t<\/div>\n\t\t\t\t<div class=\"elementor-element elementor-element-e13ad46 elementor-widget elementor-widget-text-editor\" data-id=\"e13ad46\" data-element_type=\"widget\" data-e-type=\"widget\" data-widget_type=\"text-editor.default\">\n\t\t\t\t<div class=\"elementor-widget-container\">\n\t\t\t\t\t\t\t\t\t<ol start=\"7\"><li><strong> Gestione dei cookie<\/strong><\/li><\/ol><p>Il sito web utilizza i cookie per migliorare l'esperienza dell'utente e per analizzare il funzionamento del sito. L'utente pu\u00f2 modificare le impostazioni dei cookie nel proprio browser in qualsiasi momento.<\/p><ol start=\"8\"><li><strong> Sicurezza dei dati<\/strong><\/li><\/ol><p>Il Titolare del trattamento deve garantire la sicurezza dei dati personali, proteggendoli da accessi non autorizzati, modifiche e distruzione mediante misure di sicurezza.<\/p><ol start=\"9\"><li><strong> Gestione dei reclami<\/strong><\/li><\/ol><p>Gli interessati possono presentare un reclamo sul trattamento dei dati all'Autorit\u00e0 nazionale per la protezione dei dati e la libert\u00e0 d'informazione (NAIH):<\/p><ul><li>Indirizzo: 1055 Budapest, Falk Miksa utca 9-11.<\/li><li>Telefono: +36-1-391-1400<\/li><li>E-mail: ugyfelszolgalat@naih.hu<\/li><\/ul><ol start=\"10\"><li><strong> Modifiche all'informativa sulla privacy<\/strong><\/li><\/ol><p>Il Titolare del trattamento si riserva il diritto di modificare l'Informativa sulla privacy in qualsiasi momento. Eventuali modifiche saranno pubblicate sul sito web.<\/p>\t\t\t\t\t\t\t\t<\/div>\n\t\t\t\t<\/div>\n\t\t\t\t\t<\/div>\n\t\t\t\t<\/div>\n\t\t\t\t<\/div>","protected":false},"excerpt":{"rendered":"<p>Informativa sulla protezione dei dati Garzon Plaza Kft.Sede legale: 9024 Gy\u0151r, Vasv\u00e1ri P\u00e1l utca 1. edificio B.Numero di registrazione della societ\u00e0: 08 09 015113Numero di indirizzo: 13995803-2-08Pagina: www.ottevenyikastely.hu Data di entrata in vigore: 01.04.2025 La presente informativa sulla privacy \u00e8 di propriet\u00e0 di Garzon Plaza Kft. (di seguito \"Titolare del trattamento\"), ai sensi della normativa vigente, in particolare del Regolamento (UE) 2016\/679 del Parlamento europeo e del Consiglio del [...]<\/p>","protected":false},"author":7,"featured_media":0,"parent":0,"menu_order":0,"comment_status":"closed","ping_status":"closed","template":"","meta":{"footnotes":""},"class_list":["post-9647","page","type-page","status-publish","hentry","entry"],"_links":{"self":[{"href":"https:\/\/ottevenyikastely.hu\/it\/wp-json\/wp\/v2\/pages\/9647","targetHints":{"allow":["GET"]}}],"collection":[{"href":"https:\/\/ottevenyikastely.hu\/it\/wp-json\/wp\/v2\/pages"}],"about":[{"href":"https:\/\/ottevenyikastely.hu\/it\/wp-json\/wp\/v2\/types\/page"}],"author":[{"embeddable":true,"href":"https:\/\/ottevenyikastely.hu\/it\/wp-json\/wp\/v2\/users\/7"}],"replies":[{"embeddable":true,"href":"https:\/\/ottevenyikastely.hu\/it\/wp-json\/wp\/v2\/comments?post=9647"}],"version-history":[{"count":10,"href":"https:\/\/ottevenyikastely.hu\/it\/wp-json\/wp\/v2\/pages\/9647\/revisions"}],"predecessor-version":[{"id":13197,"href":"https:\/\/ottevenyikastely.hu\/it\/wp-json\/wp\/v2\/pages\/9647\/revisions\/13197"}],"wp:attachment":[{"href":"https:\/\/ottevenyikastely.hu\/it\/wp-json\/wp\/v2\/media?parent=9647"}],"curies":[{"name":"wp","href":"https:\/\/api.w.org\/{rel}","templated":true}]}}