{"id":9890,"date":"2024-10-18T19:48:30","date_gmt":"2024-10-18T17:48:30","guid":{"rendered":"https:\/\/ottevenyikastely.hu\/?page_id=9890"},"modified":"2024-10-30T15:53:06","modified_gmt":"2024-10-30T14:53:06","slug":"offerta-telefonica-per-lattivita-di-torteno","status":"publish","type":"page","link":"https:\/\/ottevenyikastely.hu\/it\/offerta-telefonica-per-lattivita-di-torteno\/","title":{"rendered":"Ordine di presentare offerte per telefono"},"content":{"rendered":"<div data-elementor-type=\"wp-page\" data-elementor-id=\"9890\" class=\"elementor elementor-9890\" data-elementor-post-type=\"page\">\n\t\t\t\t<div class=\"elementor-element elementor-element-cf37075 e-flex e-con-boxed e-con e-parent\" data-id=\"cf37075\" data-element_type=\"container\" data-e-type=\"container\">\n\t\t\t\t\t<div class=\"e-con-inner\">\n\t\t\t\t<div class=\"elementor-element elementor-element-31deefc elementor-widget elementor-widget-heading\" data-id=\"31deefc\" data-element_type=\"widget\" data-e-type=\"widget\" data-widget_type=\"heading.default\">\n\t\t\t\t<div class=\"elementor-widget-container\">\n\t\t\t\t\t<h2 class=\"elementor-heading-title elementor-size-default\">Ordine di offerta telefonica<\/h2>\t\t\t\t<\/div>\n\t\t\t\t<\/div>\n\t\t\t\t\t<\/div>\n\t\t\t\t<\/div>\n\t\t<div class=\"elementor-element elementor-element-c444fcb e-con-full e-flex e-con e-child\" data-id=\"c444fcb\" data-element_type=\"container\" data-e-type=\"container\">\n\t\t<div class=\"elementor-element elementor-element-1c84358 e-con-full e-flex e-con e-child\" data-id=\"1c84358\" data-element_type=\"container\" data-e-type=\"container\">\n\t\t\t\t<div class=\"elementor-element elementor-element-bb878db elementor-widget elementor-widget-text-editor\" data-id=\"bb878db\" data-element_type=\"widget\" data-e-type=\"widget\" data-widget_type=\"text-editor.default\">\n\t\t\t\t<div class=\"elementor-widget-container\">\n\t\t\t\t\t\t\t\t\t<p>Compilando e inviando il presente modulo, autorizzo il personale di Garzon pl\u00e1za kft, compresa la casa d'aste, nominato dal banditore, ad accedere alla pagina delle offerte online per mio conto e a fare offerte telefoniche per mio conto sulla base delle mie istruzioni e ad agire pienamente nel processo di offerta. Accetto inoltre che la mia telefonata durante la procedura di offerta telefonica possa essere registrata, conservata a tempo indeterminato e utilizzata liberamente in qualsiasi controversia. Riconosco inoltre di essere pienamente responsabile, sia finanziariamente che moralmente, delle mie istruzioni impartite per telefono e comprendo espressamente che potrei incorrere in responsabilit\u00e0 finanziarie nel corso dell'offerta. &nbsp;<\/p>\t\t\t\t\t\t\t\t<\/div>\n\t\t\t\t<\/div>\n\t\t\t\t<\/div>\n\t\t<div class=\"elementor-element elementor-element-d55a140 e-con-full e-flex e-con e-child\" data-id=\"d55a140\" data-element_type=\"container\" data-e-type=\"container\">\n\t\t\t\t<div class=\"elementor-element elementor-element-f139562 elementor-widget elementor-widget-shortcode\" data-id=\"f139562\" data-element_type=\"widget\" data-e-type=\"widget\" data-widget_type=\"shortcode.default\">\n\t\t\t\t<div class=\"elementor-widget-container\">\n\t\t\t\t\t\t\t<div class=\"elementor-shortcode\"><div class='fluentform ff-default fluentform_wrapper_18 ffs_default_wrap'><form data-form_id=\"18\" id=\"fluentform_18\" class=\"frm-fluent-form fluent_form_18 ff-el-form-top ff_form_instance_18_1 ff-form-loading ff_has_v3_recptcha ffs_default\" data-form_instance=\"ff_form_instance_18_1\" method=\"POST\" data-recptcha_key=\"6Lcs378qAAAAAMEOlhPdsd1hZXa18vzRxOXiR5Bo\" action=\"\" ><fieldset  style=\"border: none!important;margin: 0!important;padding: 0!important;background-color: transparent!important;box-shadow: none!important;outline: none!important; min-inline-size: 100%;\">\n                    <legend class=\"ff_screen_reader_title\" style=\"display: block; margin: 0!important;padding: 0!important;height: 0!important;text-indent: -999999px;width: 0!important;overflow:hidden;\">Modulo d'ordine telefonico (#18)<\/legend>        <div\n                style=\"display: none!important; position: absolute!important; transform: translateX(1000%)!important;\"\n                class=\"ff-el-group ff-hpsf-container\"\n        >\n            <div class=\"ff-el-input--label asterisk-right\">\n                <label for=\"ff_18_item_sf\" aria-label=\"Contatto\">\n                    Contatto                <\/label>\n            <\/div>\n            <div class=\"ff-el-input--content\">\n                <input type=\"text\"\n                       name=\"item_18__fluent_sf\"\n                       class=\"ff-el-form-control\"\n                       id=\"ff_18_item_sf\"\n                \/>\n            <\/div>\n        <\/div>\n        <input type='hidden' name='__fluent_form_embded_post_id' value='9890' \/><input type=\"hidden\" id=\"_fluentform_18_fluentformnonce\" name=\"_fluentform_18_fluentformnonce\" value=\"fbdb2457c4\" \/><input type=\"hidden\" name=\"_wp_http_referer\" value=\"\/it\/wp-json\/wp\/v2\/pages\/9890\" \/><div data-type=\"name-element\" data-name=\"names\" class=\"ff-field_container ff-name-field-wrapper\" ><div class='ff-t-container'><div class='ff-t-cell'><div class='ff-el-group'><div class=\"ff-el-input--label ff-el-is-required asterisk-right\"><label for='ff_18_names_first_name_' >Nome<\/label><\/div><div class='ff-el-input--content'><input type=\"text\" name=\"names[first_name]\" id=\"ff_18_names_first_name_\" class=\"ff-el-form-control\" placeholder=\"Nome\" aria-invalid=\"false\" aria-required=\"true\"><\/div><\/div><\/div><div class='ff-t-cell'><div class='ff-el-group'><div class=\"ff-el-input--label ff-el-is-required asterisk-right\"><label for='ff_18_names_last_name_' >Cognome<\/label><\/div><div class='ff-el-input--content'><input type=\"text\" name=\"names[last_name]\" id=\"ff_18_names_last_name_\" class=\"ff-el-form-control\" placeholder=\"Cognome\" aria-invalid=\"false\" aria-required=\"true\"><\/div><\/div><\/div><\/div><\/div><div class='ff-el-group'><div class=\"ff-el-input--label ff-el-is-required asterisk-right\"><label for='ff_18_input_text_1' aria-label=\"Numero di composizione ricevuto nell&#039;asta in corso\"> Numero di composizione ricevuto nell'asta in corso<\/label><\/div><div class='ff-el-input--content'><input type=\"text\" name=\"input_text_1\" class=\"ff-el-form-control\" placeholder=\"Numero di serie del disco\" data-name=\"input_text_1\" id=\"ff_18_input_text_1\"  aria-invalid=\"false\" aria-required=\"true\"><\/div><\/div><div class='ff-el-group'><div class=\"ff-el-input--label ff-el-is-required asterisk-right\"><label for='ff_18_phone' aria-label=\"Numero di telefono utilizzato per la chiamata\">Numero di telefono utilizzato per la chiamata<\/label><\/div><div class='ff-el-input--content'><input name=\"phone\" class=\"ff-el-form-control ff-el-phone ff_el_with_extended_validation\" type=\"tel\" placeholder=\"Numero di telefono\" data-name=\"phone\" id=\"ff_18_phone\" inputmode=\"tel\"  aria-invalid='false' aria-required=\"true\"><\/div><\/div><div class='ff-el-group'><div class=\"ff-el-input--label ff-el-is-required asterisk-right\"><label for='ff_18_input_text_2' aria-label=\"Numeri di articoli per i lotti da offrire\">Numeri di articoli per i lotti da offrire<\/label><\/div><div class='ff-el-input--content'><input type=\"text\" name=\"input_text_2\" class=\"ff-el-form-control\" placeholder=\"numeri di riga dell&#039;offerta, separati da virgole\" data-name=\"input_text_2\" id=\"ff_18_input_text_2\"  aria-invalid=\"false\" aria-required=\"true\"><\/div><\/div><div class='ff-el-group'><div class=\"ff-el-input--label asterisk-right\"><label for='ff_18_datetime' aria-label=\"Data di assegnazione\">Data di assegnazione<\/label><\/div><div class='ff-el-input--content'><input  aria-label='Data dell&#039;ordine Utilizzare i tasti freccia per navigare tra le date. Premere Invio per selezionare una data.'  aria-haspopup='dialog' data-type-datepicker data-format='Y-m-d' type=\"text\" name=\"datetime\" id=\"ff_18_datetime\" class=\"ff-el-form-control ff-el-datepicker\" placeholder=\"Anno \/ Mese \/ Giorno\" data-name=\"datetime\"  aria-invalid='false' aria-required=\"false\"><\/div><\/div><div class='ff-el-group    ff-el-input--content'><div class='ff-el-form-check ff-el-tc'><label aria-label='Ho letto e accetto l&#039;Informativa sulla privacy e acconsento alla memorizzazione e all&#039;elaborazione delle informazioni fornite da questo sito web.' class='ff-el-form-check-label ff_tc_label' for=\"terms-n-condition_88136897898106308f86eda68221d571\"><span class='ff_tc_checkbox'><input type=\"checkbox\" name=\"terms-n-condition\" class=\"ff-el-form-check-input\" data-name=\"terms-n-condition\" id=\"terms-n-condition_88136897898106308f86eda68221d571\"  value='on' aria-invalid='false' aria-required=\"true\"><\/span> <div class='ff_t_c'><p>Ho letto e accetto l'Informativa sulla privacy e acconsento alla memorizzazione e all'elaborazione delle informazioni fornite da questo sito web.<\/p><\/div><\/label><\/div><\/div><div class='ff-el-group    ff-el-input--content'><div class='ff-el-form-check ff-el-tc'><label aria-label='Accetto e acconsento di essere vincolato dal Regolamento d&#039;asta in vigore oggi, per me e per gli altri.' class='ff-el-form-check-label ff_tc_label' for=\"gdpr-agreement_7089873c5d79540540ceb8a1b924022e\"><span class='ff_tc_checkbox'><input type=\"checkbox\" name=\"gdpr-agreement\" class=\"ff-el-form-check-input ff_gdpr_field\" data-name=\"gdpr-agreement\" id=\"gdpr-agreement_7089873c5d79540540ceb8a1b924022e\"  value='on' aria-invalid='false' aria-required=\"true\"><\/span> <div class='ff_t_c'>Accetto e acconsento di essere vincolato dal Regolamento d'asta in vigore oggi, per me e per gli altri.<\/div><\/label><\/div><\/div><div class='ff-el-group ff-text-left ff_submit_btn_wrapper'><button type=\"submit\" class=\"ff-btn ff-btn-submit ff-btn-md ff_btn_style\" >Inviare a<\/button><\/div><\/fieldset><input type=\"hidden\" name=\"trp-form-language\" value=\"it\"\/><\/form><div id='fluentform_18_errors' class='ff-errors-in-stack ff_form_instance_18_1 ff-form-loading_errors ff_form_instance_18_1_errors'><\/div><\/div>            <script type=\"text\/javascript\">\n                window.fluent_form_ff_form_instance_18_1 = {\"id\":\"18\",\"settings\":{\"layout\":{\"labelPlacement\":\"top\",\"helpMessagePlacement\":\"with_label\",\"errorMessagePlacement\":\"inline\"},\"restrictions\":{\"denyEmptySubmission\":{\"enabled\":false}}},\"form_instance\":\"ff_form_instance_18_1\",\"form_id_selector\":\"fluentform_18\",\"rules\":{\"names[first_name]\":{\"required\":{\"value\":true,\"message\":\"K\\u00f6telez\\u0151 mez\\u0151\",\"global\":false,\"global_message\":\"This field is required\"}},\"names[middle_name]\":{\"required\":{\"value\":false,\"message\":\"This field is required\",\"global\":true,\"global_message\":\"This field is required\"}},\"names[last_name]\":{\"required\":{\"value\":true,\"message\":\"K\\u00f6telez\\u0151 mez\\u0151\",\"global\":false,\"global_message\":\"This field is required\"}},\"input_text_1\":{\"required\":{\"value\":true,\"message\":\"K\\u00f6telez\\u0151 mez\\u0151\",\"global_message\":\"This field is required\",\"global\":false}},\"phone\":{\"required\":{\"value\":true,\"global\":false,\"message\":\"K\\u00f6telez\\u0151 mez\\u0151\",\"global_message\":\"This field is required\"},\"valid_phone_number\":{\"value\":true,\"global\":false,\"message\":\"A telefonsz\\u00e1m form\\u00e1tuma nem megfelel\\u0151 vagy hib\\u00e1s telefonsz\\u00e1m\",\"global_message\":\"Phone number is not valid\"}},\"input_text_2\":{\"required\":{\"value\":true,\"message\":\"K\\u00f6telez\\u0151 mez\\u0151\",\"global_message\":\"This field is required\",\"global\":false}},\"datetime\":{\"required\":{\"value\":false,\"message\":\"This field is required\",\"global_message\":\"This field is required\",\"global\":true}},\"g-recaptcha-response\":[],\"terms-n-condition\":{\"required\":{\"value\":true,\"message\":\"K\\u00f6telez\\u0151 mez\\u0151\",\"global_message\":\"This field is required\",\"global\":false}},\"gdpr-agreement\":{\"required\":{\"value\":true,\"message\":\"K\\u00f6telez\\u0151 mez\\u0151\",\"global_message\":\"This field is required\",\"global\":false}}},\"debounce_time\":300};\n                            <\/script>\n            <\/div>\n\t\t\t\t\t\t<\/div>\n\t\t\t\t<\/div>\n\t\t\t\t<\/div>\n\t\t\t\t<\/div>\n\t\t<div class=\"elementor-element elementor-element-f1bbdab e-flex e-con-boxed e-con e-parent\" data-id=\"f1bbdab\" data-element_type=\"container\" data-e-type=\"container\">\n\t\t\t\t\t<div class=\"e-con-inner\">\n\t\t\t\t<div class=\"elementor-element elementor-element-bf683ff elementor-widget elementor-widget-text-editor\" data-id=\"bf683ff\" data-element_type=\"widget\" data-e-type=\"widget\" data-widget_type=\"text-editor.default\">\n\t\t\t\t<div class=\"elementor-widget-container\">\n\t\t\t\t\t\t\t\t\t<h3>Contratto d'incarico - per offerte telefoniche per un'offerta d'acquisto -<\/h3>\n<p><span style=\"font-size: 18px; text-align: var(--text-align);\">Una persona privata o giuridica designata in precedenza, <\/span><strong style=\"font-size: 18px; text-align: var(--text-align);\">di seguito denominato \"delegato<\/strong><span style=\"font-size: 18px; text-align: var(--text-align);\">Con la presente incarico Garzonpl\u00e1za Kft. (sede legale: 9028 Gy\u0151r Vasv\u00e1ri P\u00e1l u 1\/b. codice fiscale: 13995803-2-08, rappresentata da: Matusz Bal\u00e1zs), di seguito denominata Cliente (il Cliente e il Cliente insieme: le Parti) di fare un'offerta per mio conto in un'asta di opere d'arte alle seguenti condizioni, sulla base delle istruzioni da me fornite al telefono.<\/span><\/p>\n<p>1.&nbsp;&nbsp;&nbsp;&nbsp;&nbsp;&nbsp;&nbsp;&nbsp;<b>Organizzazione dell'asta<\/b><br>Le Parti stabiliscono che la Casa d'Aste, in qualit\u00e0 di Casa d'Aste, organizzer\u00e0 l'Asta d'Arte del Castello F\u00f6ldv\u00e1ry (di seguito denominata \"Asta\"), durante la quale la Casa d'Aste, in qualit\u00e0 di venditore, stipuler\u00e0 un contratto di vendita per proprio conto (in qualit\u00e0 di proprietario o fiduciario) con il miglior offerente.<\/p>\n<p>2.&nbsp;&nbsp;&nbsp;&nbsp;&nbsp;&nbsp;&nbsp;&nbsp;<b>Regole dell'asta<\/b><br>Le Parti stabiliscono che le regole dell'asta sono contenute nel \"Regolamento d'asta\" pubblicato dal Committente sul sito web: https:\/\/ottevenyikastely.hu\/arveresi-szabalyzat\/.<\/p>\n<p>3.&nbsp;&nbsp;&nbsp;&nbsp;&nbsp;&nbsp;&nbsp;&nbsp;<b>Mandato a procedere all'asta<\/b><br>Il Committente autorizza l'Agente ad agire in nome e per conto dell'Asta e a fare un'offerta per il lotto sopra specificato, fino al prezzo di aggiudicazione approvato, che non \u00e8 il prezzo di acquisto da pagare. Il prezzo di acquisto \u00e8 il prezzo di aggiudicazione prevalente + la commissione della casa d'aste di 22%.<\/p>\n<p>4.&nbsp;&nbsp;&nbsp;&nbsp;&nbsp;&nbsp;&nbsp;&nbsp;<b>Mancanza di remunerazione<\/b><br>Le Parti stabiliscono che il Committente svolger\u00e0 l'incarico a titolo gratuito e non avanzer\u00e0 alcuna pretesa economica in relazione all'esecuzione dell'incarico.&nbsp;<\/p>\n<p>5.&nbsp;&nbsp;&nbsp;&nbsp;&nbsp;&nbsp;&nbsp;&nbsp;<b>Acconto e deposito<\/b><br>Al momento della stipula del contratto, il Committente dovr\u00e0 versare al Committente un anticipo per i lotti d'asta specificati per un importo pari al prezzo di partenza 20% tramite bonifico bancario a&nbsp;<b>10400401-50526784-56761011<\/b>. numero di conto corrente bancario. Nell'oggetto, \u00e8 necessario indicare il nome del committente e il numero di serie del lotto d'asta.<span class=\"Apple-converted-space\">&nbsp;&nbsp;<\/span>In caso di successo della vendita, il deposito sar\u00e0 accreditato come acconto. L'ordine decade se il deposito non viene versato entro 3 giorni lavorativi prima dell'asta.<\/p>\n<p>Non appena riceveremo il vostro deposito, vi chiameremo al telefono per coordinare il numero di telefono che vi forniremo esclusivamente durante il processo di offerta.<\/p>\n<p>6.&nbsp;&nbsp;&nbsp;&nbsp;&nbsp;&nbsp;&nbsp;&nbsp;<b>Obbligo di pagamento<\/b><br>In caso di esito positivo dell'ordine, il Cliente dovr\u00e0 procedere in conformit\u00e0 con i Termini e le Condizioni d'Asta e pagare il prezzo di acquisto, meno il deposito, entro 5 giorni dalla notifica, tramite bonifico bancario o di persona al numero di conto corrente indicato nella Sezione 5. Prezzo di acquisto = Prezzo di esercizio + Commissione d'asta 23%, secondo il Contratto d'asta)<\/p>\n<p>7.&nbsp;&nbsp;&nbsp;&nbsp;&nbsp;&nbsp;&nbsp;&nbsp;<b>Mandato non riuscito<\/b><br>Se viene ricevuta un'altra offerta pi\u00f9 alta per il lotto all'asta, il Mandante dovr\u00e0 saldare l'anticipo entro 8 giorni lavorativi e restituirlo interamente sul conto bancario del Mandante. In caso di ordine non andato a buon fine per qualsiasi motivo, il mandante non avr\u00e0 alcun diritto nei confronti dell'agente.<\/p>\n<p>8. &nbsp; &nbsp; &nbsp; &nbsp; <b>Obbligo di notifica<\/b><br>Eventuali problemi di notifica non sollevano il Cliente dagli obblighi previsti dal contratto.<\/p>\n<p>9. &nbsp; &nbsp; &nbsp; &nbsp; &nbsp; <strong>Impegno<\/strong><\/p>\n<p>Con il versamento dell'acconto di cui al punto 5 e con la compilazione del presente modulo, il Committente riconosce irrevocabilmente di accettare ogni singolo punto del presente Regolamento, separatamente e congiuntamente, e che il Committente (<a href=\"https:\/\/ottevenyikastely.hu\/it\/\">https:\/\/ottevenyikastely.hu<\/a>) e ha letto e accettato il Regolamento d'asta, che accetta anch'esso incondizionatamente e sar\u00e0 vincolante per s\u00e9 e per gli altri.<\/p>\t\t\t\t\t\t\t\t<\/div>\n\t\t\t\t<\/div>\n\t\t\t\t\t<\/div>\n\t\t\t\t<\/div>\n\t\t\t\t<\/div>","protected":false},"excerpt":{"rendered":"<p>Mandato di offerta telefonica Compilando e inviando il presente modulo, il sottoscritto autorizza il dipendente di Garzon pl\u00e1za kft, inclusa la casa d'aste, nominato dal banditore, a entrare nella pagina delle offerte online per mio conto, a fare offerte per mio conto e ad agire pienamente nel processo di offerta sulla base delle mie istruzioni telefoniche. Accetto inoltre che la mia telefonata durante la procedura di offerta telefonica possa essere registrata, [...]<\/p>","protected":false},"author":7,"featured_media":0,"parent":0,"menu_order":0,"comment_status":"closed","ping_status":"closed","template":"","meta":{"footnotes":""},"class_list":["post-9890","page","type-page","status-publish","hentry","entry"],"_links":{"self":[{"href":"https:\/\/ottevenyikastely.hu\/it\/wp-json\/wp\/v2\/pages\/9890","targetHints":{"allow":["GET"]}}],"collection":[{"href":"https:\/\/ottevenyikastely.hu\/it\/wp-json\/wp\/v2\/pages"}],"about":[{"href":"https:\/\/ottevenyikastely.hu\/it\/wp-json\/wp\/v2\/types\/page"}],"author":[{"embeddable":true,"href":"https:\/\/ottevenyikastely.hu\/it\/wp-json\/wp\/v2\/users\/7"}],"replies":[{"embeddable":true,"href":"https:\/\/ottevenyikastely.hu\/it\/wp-json\/wp\/v2\/comments?post=9890"}],"version-history":[{"count":13,"href":"https:\/\/ottevenyikastely.hu\/it\/wp-json\/wp\/v2\/pages\/9890\/revisions"}],"predecessor-version":[{"id":10270,"href":"https:\/\/ottevenyikastely.hu\/it\/wp-json\/wp\/v2\/pages\/9890\/revisions\/10270"}],"wp:attachment":[{"href":"https:\/\/ottevenyikastely.hu\/it\/wp-json\/wp\/v2\/media?parent=9890"}],"curies":[{"name":"wp","href":"https:\/\/api.w.org\/{rel}","templated":true}]}}