{"id":10205,"date":"2024-10-21T15:59:47","date_gmt":"2024-10-21T13:59:47","guid":{"rendered":"https:\/\/ottevenyikastely.hu\/?page_id=10205"},"modified":"2024-11-04T10:41:49","modified_gmt":"2024-11-04T09:41:49","slug":"%d0%b2%d0%b5%d1%80%d1%85%d0%bd%d0%b8%d0%b9-%d0%ba%d0%be%d0%bb%d0%be%d0%bd%d1%82%d0%b8%d1%82%d1%83%d0%bb-2","status":"publish","type":"page","link":"https:\/\/ottevenyikastely.hu\/ru\/%d0%b2%d0%b5%d1%80%d1%85%d0%bd%d0%b8%d0%b9-%d0%ba%d0%be%d0%bb%d0%be%d0%bd%d1%82%d0%b8%d1%82%d1%83%d0%bb-2\/","title":{"rendered":"\u043c\u0430\u0447\u0442\u0430"},"content":{"rendered":"<div data-elementor-type=\"wp-page\" data-elementor-id=\"10205\" class=\"elementor elementor-10205\" data-elementor-post-type=\"page\">\n\t\t\t\t<div class=\"elementor-element elementor-element-7414633 e-flex e-con-boxed e-con e-parent\" data-id=\"7414633\" data-element_type=\"container\" data-e-type=\"container\">\n\t\t\t\t\t<div class=\"e-con-inner\">\n\t\t\t\t<div class=\"elementor-element elementor-element-d491ac4 elementor-widget elementor-widget-heading\" data-id=\"d491ac4\" data-element_type=\"widget\" data-e-type=\"widget\" data-widget_type=\"heading.default\">\n\t\t\t\t<div class=\"elementor-widget-container\">\n\t\t\t\t\t<h2 class=\"elementor-heading-title elementor-size-default\">\u043c\u0430\u0447\u0442\u0430<\/h2>\t\t\t\t<\/div>\n\t\t\t\t<\/div>\n\t\t\t\t<div class=\"elementor-element elementor-element-ada02f7 elementor-widget elementor-widget-text-editor\" data-id=\"ada02f7\" data-element_type=\"widget\" data-e-type=\"widget\" data-widget_type=\"text-editor.default\">\n\t\t\t\t<div class=\"elementor-widget-container\">\n\t\t\t\t\t\t\t\t\t<p><strong>\u0414\u0410\u041d\u041d\u042b\u0415 \u041e\u0411 \u041e\u041f\u0415\u0420\u0410\u0422\u041e\u0420\u0415<\/strong><br \/>\u041d\u0430\u0437\u0432\u0430\u043d\u0438\u0435 \u043e\u043f\u0435\u0440\u0430\u0442\u043e\u0440\u0430: Garzon Plaza Ingatlanforgalmaz\u00f3 \u00e9s Vagyonkezel\u0151 Korl\u00e1tolt Felel\u0151ss\u00e9g\u0171 T\u00e1rsas\u00e1g<br \/>\u0421\u043e\u043a\u0440\u0430\u0449\u0435\u043d\u043d\u043e\u0435 \u043d\u0430\u0437\u0432\u0430\u043d\u0438\u0435 \u043e\u043f\u0435\u0440\u0430\u0442\u043e\u0440\u0430 - Garzon Plaza Kft.<br \/>\u041e\u043f\u0435\u0440\u0430\u0442\u043e\u0440 \u043d\u0430\u0445\u043e\u0434\u0438\u0442\u0441\u044f \u043f\u043e \u0430\u0434\u0440\u0435\u0441\u0443 9024 Gy\u0151r, Vasv\u00e1ri P\u00e1l utca 1. building B.<br \/>\u041f\u043e\u0447\u0442\u043e\u0432\u044b\u0439 \u0430\u0434\u0440\u0435\u0441 \u043e\u043f\u0435\u0440\u0430\u0442\u043e\u0440\u0430: 9024 Gy\u0151r, Vasv\u00e1ri P\u00e1l utca 1. \u00e9p.<br \/>\u0420\u0435\u0433\u0438\u0441\u0442\u0440\u0430\u0446\u0438\u043e\u043d\u043d\u044b\u0439 \u043d\u043e\u043c\u0435\u0440 \u043e\u043f\u0435\u0440\u0430\u0442\u043e\u0440\u0430 \u0432 \u0422\u043e\u0440\u0433\u043e\u0432\u043e\u043c \u0441\u0443\u0434\u0435: 08 09 015113<br \/>\u0424\u0438\u0441\u043a\u0430\u043b\u044c\u043d\u044b\u0439 \u043a\u043e\u0434 \u043e\u043f\u0435\u0440\u0430\u0442\u043e\u0440\u0430: 13995803-2-08<br \/>\u041d\u0430\u043b\u043e\u0433\u043e\u0432\u044b\u0439 \u043d\u043e\u043c\u0435\u0440 \u043e\u043f\u0435\u0440\u0430\u0442\u043e\u0440\u0430 \u0432 \u0415\u0421: HU13995803<br \/>\u041d\u043e\u043c\u0435\u0440 \u0431\u0430\u043d\u043a\u043e\u0432\u0441\u043a\u043e\u0433\u043e \u0441\u0447\u0435\u0442\u0430 \u043e\u043f\u0435\u0440\u0430\u0442\u043e\u0440\u0430: 10400401-00029566-00000008<\/p><p><strong>\u041a\u041e\u041d\u0422\u0410\u041a\u0422\u041d\u0410\u042f \u0418\u041d\u0424\u041e\u0420\u041c\u0410\u0426\u0418\u042f \u041e\u041f\u0415\u0420\u0410\u0422\u041e\u0420\u0410<\/strong><br \/>\u041e\u0431\u0441\u043b\u0443\u0436\u0438\u0432\u0430\u043d\u0438\u0435 \u043a\u043b\u0438\u0435\u043d\u0442\u043e\u0432:<br \/>\u0422\u0435\u043b\u0435\u0444\u043e\u043d: +36 99 900 500<br \/>E-mail: hotel@garzonplaza.hu<\/p><p><strong>\u0425\u041e\u0421\u0422\u0418\u041d\u0413-\u041f\u0420\u041e\u0412\u0410\u0419\u0414\u0415\u0420 \u0412\u0415\u0411-\u0421\u0410\u0419\u0422\u0410 \u041e\u041f\u0415\u0420\u0410\u0422\u041e\u0420\u0410<\/strong><br \/>\u041d\u0430\u0437\u0432\u0430\u043d\u0438\u0435: DEVBOX Ltd.<br \/>\u0410\u0434\u0440\u0435\u0441: 7054 Tengelic, R\u00e1k\u00f3czi Ferenc u. 9.<br \/>\u041a\u043e\u043d\u0442\u0430\u043a\u0442\u043d\u0430\u044f \u0438\u043d\u0444\u043e\u0440\u043c\u0430\u0446\u0438\u044f: support@devbox.hu<\/p>\t\t\t\t\t\t\t\t<\/div>\n\t\t\t\t<\/div>\n\t\t\t\t\t<\/div>\n\t\t\t\t<\/div>\n\t\t\t\t<\/div>","protected":false},"excerpt":{"rendered":"<p>\u041e\u0442\u0442\u0438\u0441\u043a \u0418\u041d\u0424\u041e\u0420\u041c\u0410\u0426\u0418\u042f \u041e\u0411 \u041e\u041f\u0415\u0420\u0410\u0422\u041e\u0420\u0415 \u041d\u0430\u0437\u0432\u0430\u043d\u0438\u0435 \u043e\u043f\u0435\u0440\u0430\u0442\u043e\u0440\u0430: Garzon Plaza Ingatlanforgalmaz\u00f3 \u00e9s Vagyonkezel\u0151 Korl\u00e1tolt Felel\u0151ss\u00e9g\u0171 T\u00e1rsas\u00e1g\u0421\u043e\u043a\u0440\u0430\u0449\u0435\u043d\u043d\u043e\u0435 \u043d\u0430\u0437\u0432\u0430\u043d\u0438\u0435 \u043e\u043f\u0435\u0440\u0430\u0442\u043e\u0440\u0430: Garzon Plaza Kft.\u041e\u043f\u0435\u0440\u0430\u0442\u043e\u0440 \u043d\u0430\u0445\u043e\u0434\u0438\u0442\u0441\u044f \u043f\u043e \u0430\u0434\u0440\u0435\u0441\u0443 9024 Gy\u0151r, Vasv\u00e1ri P\u00e1l utca 1. \u041f\u043e\u0447\u0442\u043e\u0432\u044b\u0439 \u0430\u0434\u0440\u0435\u0441 \u043e\u043f\u0435\u0440\u0430\u0442\u043e\u0440\u0430: 9024 Gy\u0151r, Vasv\u00e1ri P\u00e1l utca 1. \u00e9p. B.\u0420\u0435\u0433\u0438\u0441\u0442\u0440\u0430\u0446\u0438\u043e\u043d\u043d\u044b\u0439 \u043d\u043e\u043c\u0435\u0440 \u043a\u043e\u043c\u043f\u0430\u043d\u0438\u0438 \u043e\u043f\u0435\u0440\u0430\u0442\u043e\u0440\u0430: 08 09 015113\u041d\u0430\u043b\u043e\u0433\u043e\u0432\u044b\u0439 \u043d\u043e\u043c\u0435\u0440 \u043e\u043f\u0435\u0440\u0430\u0442\u043e\u0440\u0430: 13995803-2-08\u041d\u0430\u043b\u043e\u0433\u043e\u0432\u044b\u0439 \u043d\u043e\u043c\u0435\u0440 \u043e\u043f\u0435\u0440\u0430\u0442\u043e\u0440\u0430 \u0432 \u0415\u0421: HU13995803\u0411\u0430\u043d\u043a\u043e\u0432\u0441\u043a\u0438\u0439 \u0441\u0447\u0435\u0442 \u043e\u043f\u0435\u0440\u0430\u0442\u043e\u0440\u0430 [...].<\/p>","protected":false},"author":3,"featured_media":0,"parent":0,"menu_order":0,"comment_status":"closed","ping_status":"closed","template":"","meta":{"footnotes":""},"class_list":["post-10205","page","type-page","status-publish","hentry","entry"],"_links":{"self":[{"href":"https:\/\/ottevenyikastely.hu\/ru\/wp-json\/wp\/v2\/pages\/10205","targetHints":{"allow":["GET"]}}],"collection":[{"href":"https:\/\/ottevenyikastely.hu\/ru\/wp-json\/wp\/v2\/pages"}],"about":[{"href":"https:\/\/ottevenyikastely.hu\/ru\/wp-json\/wp\/v2\/types\/page"}],"author":[{"embeddable":true,"href":"https:\/\/ottevenyikastely.hu\/ru\/wp-json\/wp\/v2\/users\/3"}],"replies":[{"embeddable":true,"href":"https:\/\/ottevenyikastely.hu\/ru\/wp-json\/wp\/v2\/comments?post=10205"}],"version-history":[{"count":7,"href":"https:\/\/ottevenyikastely.hu\/ru\/wp-json\/wp\/v2\/pages\/10205\/revisions"}],"predecessor-version":[{"id":10321,"href":"https:\/\/ottevenyikastely.hu\/ru\/wp-json\/wp\/v2\/pages\/10205\/revisions\/10321"}],"wp:attachment":[{"href":"https:\/\/ottevenyikastely.hu\/ru\/wp-json\/wp\/v2\/media?parent=10205"}],"curies":[{"name":"wp","href":"https:\/\/api.w.org\/{rel}","templated":true}]}}