{"id":11495,"date":"2025-01-12T10:18:33","date_gmt":"2025-01-12T09:18:33","guid":{"rendered":"https:\/\/ottevenyikastely.hu\/?page_id=11495"},"modified":"2026-03-25T09:21:44","modified_gmt":"2026-03-25T08:21:44","slug":"eskuvo-servezok","status":"publish","type":"page","link":"https:\/\/ottevenyikastely.hu\/ru\/eskuvo-servezok\/","title":{"rendered":"\u041f\u043b\u0430\u043d\u0438\u0440\u043e\u0432\u0449\u0438\u043a\u0438 \u0441\u0432\u0430\u0434\u0435\u0431"},"content":{"rendered":"<div data-elementor-type=\"wp-page\" data-elementor-id=\"11495\" class=\"elementor elementor-11495\" data-elementor-post-type=\"page\">\n\t\t\t\t<div class=\"elementor-element elementor-element-c55178c e-flex e-con-boxed e-con e-parent\" data-id=\"c55178c\" data-element_type=\"container\" data-e-type=\"container\">\n\t\t\t\t\t<div class=\"e-con-inner\">\n\t\t\t\t<div class=\"elementor-element elementor-element-020efe4 elementor-widget elementor-widget-heading\" data-id=\"020efe4\" data-element_type=\"widget\" data-e-type=\"widget\" data-widget_type=\"heading.default\">\n\t\t\t\t<div class=\"elementor-widget-container\">\n\t\t\t\t\t<h2 class=\"elementor-heading-title elementor-size-default\">Profi rendezv\u00e9ny nincs profi szervez\u00e9s n\u00e9lk\u00fcl<\/h2>\t\t\t\t<\/div>\n\t\t\t\t<\/div>\n\t\t\t\t\t<\/div>\n\t\t\t\t<\/div>\n\t\t<div class=\"elementor-element elementor-element-d621d74 e-grid e-con-full e-con e-parent\" data-id=\"d621d74\" data-element_type=\"container\" data-e-type=\"container\">\n\t\t\t\t<div class=\"elementor-element elementor-element-490737c elementor-widget elementor-widget-image\" data-id=\"490737c\" data-element_type=\"widget\" data-e-type=\"widget\" data-widget_type=\"image.default\">\n\t\t\t\t<div class=\"elementor-widget-container\">\n\t\t\t\t\t\t\t\t\t\t\t\t\t\t\t<img fetchpriority=\"high\" decoding=\"async\" width=\"1024\" height=\"681\" src=\"https:\/\/ottevenyikastely.hu\/wp-content\/uploads\/2024\/07\/Chateau_Foldvary_megnyito_NAP-176-1024x681.jpg\" class=\"attachment-large size-large wp-image-8189\" alt=\"\" srcset=\"https:\/\/ottevenyikastely.hu\/wp-content\/uploads\/2024\/07\/Chateau_Foldvary_megnyito_NAP-176-1024x681.jpg 1024w, https:\/\/ottevenyikastely.hu\/wp-content\/uploads\/2024\/07\/Chateau_Foldvary_megnyito_NAP-176-300x200.jpg 300w, https:\/\/ottevenyikastely.hu\/wp-content\/uploads\/2024\/07\/Chateau_Foldvary_megnyito_NAP-176-768x511.jpg 768w, https:\/\/ottevenyikastely.hu\/wp-content\/uploads\/2024\/07\/Chateau_Foldvary_megnyito_NAP-176-1536x1022.jpg 1536w, https:\/\/ottevenyikastely.hu\/wp-content\/uploads\/2024\/07\/Chateau_Foldvary_megnyito_NAP-176-2048x1362.jpg 2048w, https:\/\/ottevenyikastely.hu\/wp-content\/uploads\/2024\/07\/Chateau_Foldvary_megnyito_NAP-176-18x12.jpg 18w\" sizes=\"(max-width: 1024px) 100vw, 1024px\" title=\"\">\t\t\t\t\t\t\t\t\t\t\t\t\t\t\t<\/div>\n\t\t\t\t<\/div>\n\t\t\t\t<div class=\"elementor-element elementor-element-e3f628f elementor-widget elementor-widget-image\" data-id=\"e3f628f\" data-element_type=\"widget\" data-e-type=\"widget\" data-widget_type=\"image.default\">\n\t\t\t\t<div class=\"elementor-widget-container\">\n\t\t\t\t\t\t\t\t\t\t\t\t\t\t\t<img decoding=\"async\" width=\"1024\" height=\"683\" src=\"https:\/\/ottevenyikastely.hu\/wp-content\/uploads\/2025\/01\/Enterior-27-1024x683.jpg\" class=\"attachment-large size-large wp-image-11389\" alt=\"\" srcset=\"https:\/\/ottevenyikastely.hu\/wp-content\/uploads\/2025\/01\/Enterior-27-1024x683.jpg 1024w, https:\/\/ottevenyikastely.hu\/wp-content\/uploads\/2025\/01\/Enterior-27-300x200.jpg 300w, https:\/\/ottevenyikastely.hu\/wp-content\/uploads\/2025\/01\/Enterior-27-768x512.jpg 768w, https:\/\/ottevenyikastely.hu\/wp-content\/uploads\/2025\/01\/Enterior-27-1536x1024.jpg 1536w, https:\/\/ottevenyikastely.hu\/wp-content\/uploads\/2025\/01\/Enterior-27-2048x1365.jpg 2048w, https:\/\/ottevenyikastely.hu\/wp-content\/uploads\/2025\/01\/Enterior-27-18x12.jpg 18w\" sizes=\"(max-width: 1024px) 100vw, 1024px\" title=\"\">\t\t\t\t\t\t\t\t\t\t\t\t\t\t\t<\/div>\n\t\t\t\t<\/div>\n\t\t\t\t<div class=\"elementor-element elementor-element-4e23870 elementor-widget elementor-widget-image\" data-id=\"4e23870\" data-element_type=\"widget\" data-e-type=\"widget\" data-widget_type=\"image.default\">\n\t\t\t\t<div class=\"elementor-widget-container\">\n\t\t\t\t\t\t\t\t\t\t\t\t\t\t\t<img decoding=\"async\" width=\"798\" height=\"534\" src=\"https:\/\/ottevenyikastely.hu\/wp-content\/uploads\/2025\/01\/Kepernyofoto-2025-01-12-12.19.49.png\" class=\"attachment-large size-large wp-image-11511\" alt=\"\" srcset=\"https:\/\/ottevenyikastely.hu\/wp-content\/uploads\/2025\/01\/Kepernyofoto-2025-01-12-12.19.49.png 798w, https:\/\/ottevenyikastely.hu\/wp-content\/uploads\/2025\/01\/Kepernyofoto-2025-01-12-12.19.49-300x201.png 300w, https:\/\/ottevenyikastely.hu\/wp-content\/uploads\/2025\/01\/Kepernyofoto-2025-01-12-12.19.49-768x514.png 768w, https:\/\/ottevenyikastely.hu\/wp-content\/uploads\/2025\/01\/Kepernyofoto-2025-01-12-12.19.49-18x12.png 18w\" sizes=\"(max-width: 798px) 100vw, 798px\" title=\"\">\t\t\t\t\t\t\t\t\t\t\t\t\t\t\t<\/div>\n\t\t\t\t<\/div>\n\t\t\t\t<\/div>\n\t\t<div class=\"elementor-element elementor-element-ab17b05 e-flex e-con-boxed e-con e-parent\" data-id=\"ab17b05\" data-element_type=\"container\" data-e-type=\"container\">\n\t\t\t\t\t<div class=\"e-con-inner\">\n\t\t\t\t<div class=\"elementor-element elementor-element-9fcaa0d elementor-widget elementor-widget-text-editor\" data-id=\"9fcaa0d\" data-element_type=\"widget\" data-e-type=\"widget\" data-widget_type=\"text-editor.default\">\n\t\t\t\t<div class=\"elementor-widget-container\">\n\t\t\t\t\t\t\t\t\t<p>Egy rendezv\u00e9nyszervez\u0151 kiemelked\u0151 szerepet j\u00e1tszik egy t\u00f6k\u00e9letes rendezv\u00e9ny, legyen az ak\u00e1r esk\u00fcv\u0151 megval\u00f3s\u00edt\u00e1s\u00e1ban, mivel az \u00dcnnepelt, vagy megrendel\u0151 vagy \u00e9ppen p\u00e1r ig\u00e9nyeit \u00e9s elk\u00e9pzel\u00e9seit figyelembe v\u00e9ve profi m\u00f3don gondoskodik a teljes szervez\u00e9si \u00e9s lebonyol\u00edt\u00e1si folyamatr\u00f3l. Az rendezv\u00e9ynszervez\u0151 az els\u0151 l\u00e9p\u00e9st\u0151l a nagy nap v\u00e9g\u00e9ig t\u00e1mogatja a rendezv\u00e9nyt. Seg\u00edt megtervezni az \u00f6sszes r\u00e9szletet, legyen sz\u00f3 a menetrendr\u0151l, a szolg\u00e1ltat\u00f3k \u00f6sszehangol\u00e1s\u00e1r\u00f3l, vagy a rendezv\u00e9ny helysz\u00edn\u00e9nek berendez\u00e9s\u00e9r\u0151l. Az esem\u00e9ny napj\u00e1n v\u00e9gig jelen van, biztos\u00edtva, hogy minden z\u00f6kken\u0151mentesen alakuljon, \u00edgy a vend\u00e9gek \u00e9lvezhetik a nap minden pillanat\u00e1t.<\/p><p><strong><span style=\"text-decoration: underline;\">\u041c\u043e\u0433\u043b\u0438 \u043b\u0438 \u0432\u044b \u043f\u043e\u0434\u0443\u043c\u0430\u0442\u044c, \u0447\u0442\u043e \u043c\u043e\u0436\u043d\u043e \u0441\u043a\u043e\u043e\u0440\u0434\u0438\u043d\u0438\u0440\u043e\u0432\u0430\u0442\u044c \u0440\u0430\u0431\u043e\u0442\u0443 \u0441\u0442\u043e\u043b\u044c\u043a\u0438\u0445 \u0440\u0430\u0437\u043d\u044b\u0445 \u043f\u043e\u0441\u0442\u0430\u0432\u0449\u0438\u043a\u043e\u0432 \u0443\u0441\u043b\u0443\u0433 \u0432 \u0440\u0430\u043c\u043a\u0430\u0445 \u043e\u0434\u043d\u043e\u0433\u043e \u043c\u0435\u0440\u043e\u043f\u0440\u0438\u044f\u0442\u0438\u044f?<\/span><\/strong> \u0424\u043e\u0442\u043e\u0433\u0440\u0430\u0444, \u0432\u0438\u0434\u0435\u043e\u0433\u0440\u0430\u0444, \u0434\u0435\u043a\u043e\u0440\u0430\u0442\u043e\u0440, \u043a\u0430\u043b\u043b\u0438\u0433\u0440\u0430\u0444, \u0433\u0440\u0430\u0444\u0438\u0447\u0435\u0441\u043a\u0438\u0439 \u0434\u0438\u0437\u0430\u0439\u043d\u0435\u0440, \u043a\u043e\u043d\u0434\u0438\u0442\u0435\u0440, \u0444\u043b\u043e\u0440\u0438\u0441\u0442, \u0434\u0438\u0434\u0436\u0435\u0439, \u0433\u0440\u0443\u043f\u043f\u0430, \u043a\u043e\u043d\u0444\u0435\u0440\u0430\u043d\u0441\u044c\u0435, \u0446\u0435\u0440\u0435\u043c\u043e\u043d\u0438\u0439\u043c\u0435\u0439\u0441\u0442\u0435\u0440, \u0432\u0438\u0437\u0443\u0430\u043b\u044c\u043d\u044b\u0439 \u0442\u0435\u0445\u043d\u0438\u043a, \u0437\u0432\u0443\u043a\u043e\u043e\u043f\u0435\u0440\u0430\u0442\u043e\u0440, \u0441\u0432\u0435\u0442\u043e\u0442\u0435\u0445\u043d\u0438\u043a, AV-\u0442\u0435\u0445\u043d\u0438\u043a, \u0432\u0438\u0437\u0430\u0436\u0438\u0441\u0442, \u043f\u0430\u0440\u0438\u043a\u043c\u0430\u0445\u0435\u0440, \u043a\u043e\u0441\u0442\u044e\u043c\u0435\u0440, \u044e\u0432\u0435\u043b\u0438\u0440, \u043f\u043e\u0441\u0442\u0430\u0432\u0449\u0438\u043a \u043f\u0440\u043e\u0432\u0438\u0437\u0438\u0438, \u043a\u043e\u043a\u0442\u0435\u0439\u043b\u044c-\u0431\u0430\u0440, \u0431\u0430\u0440\u043d\u0430\u044f \u0441\u0442\u043e\u0439\u043a\u0430, \u0442\u0435\u043b\u0435\u0436\u043a\u0430 \u0434\u043b\u044f \u043a\u043e\u0444\u0435, \u0442\u0435\u043b\u0435\u0436\u043a\u0430 \u0434\u043b\u044f \u043c\u043e\u0440\u043e\u0436\u0435\u043d\u043e\u0433\u043e, \u0430\u0440\u0435\u043d\u0434\u0430 \u043f\u043e\u043c\u0435\u0449\u0435\u043d\u0438\u044f, \u0430\u0440\u0435\u043d\u0434\u0430 \u043c\u0435\u0431\u0435\u043b\u0438 \u0438 \u043a\u043e\u0432\u0440\u043e\u0432, \u0442\u0440\u0430\u043d\u0441\u0444\u0435\u0440, \u0444\u043e\u0442\u043e\u0431\u0443\u0434\u043a\u0430, \u0437\u0435\u0440\u043a\u0430\u043b\u043e \u0434\u043b\u044f \u0441\u0435\u043b\u0444\u0438, \u043d\u044f\u043d\u044f, \u043d\u044f\u043d\u044f \u043d\u0430 \u0432\u0435\u0447\u0435\u0440\u0438\u043d\u043a\u0435, \u0441\u0442\u0435\u043d\u0430 \u0434\u043b\u044f \u0448\u0430\u043c\u043f\u0430\u043d\u0441\u043a\u043e\u0433\u043e, \u043a\u043e\u043d\u0444\u0435\u0442\u043d\u0430\u044f \u0441\u0442\u0430\u043d\u0446\u0438\u044f, \u043a\u043e\u043d\u043d\u044b\u0439 \u044d\u043a\u0438\u043f\u0430\u0436, \u0430\u0440\u0435\u043d\u0434\u0430 \u0430\u0432\u0442\u043e\u043c\u043e\u0431\u0438\u043b\u044f, \u043e\u0440\u0433\u0430\u043d\u0438\u0437\u0430\u0442\u043e\u0440 \u0441\u0432\u0430\u0434\u044c\u0431\u044b, \u0441\u0432\u044f\u0449\u0435\u043d\u043d\u0438\u043a, \u0440\u0435\u0433\u0438\u0441\u0442\u0440\u0430\u0442\u043e\u0440, \u043e\u0444\u0438\u0446\u0438\u0430\u043d\u0442\u044b, \u0445\u043e\u0441\u0442\u0435\u0441\u0441, \u043e\u0445\u0440\u0430\u043d\u0430, \u043a\u043e\u043e\u0440\u0434\u0438\u043d\u0430\u0442\u043e\u0440 \u0440\u0430\u0437\u043c\u0435\u0449\u0435\u043d\u0438\u044f.<\/p>\t\t\t\t\t\t\t\t<\/div>\n\t\t\t\t<\/div>\n\t\t\t\t\t<\/div>\n\t\t\t\t<\/div>\n\t\t<div class=\"elementor-element elementor-element-f22c268 e-flex e-con-boxed e-con e-parent\" data-id=\"f22c268\" data-element_type=\"container\" data-e-type=\"container\">\n\t\t\t\t\t<div class=\"e-con-inner\">\n\t\t\t\t<div class=\"elementor-element elementor-element-dc07e4f elementor-widget elementor-widget-heading\" data-id=\"dc07e4f\" data-element_type=\"widget\" data-e-type=\"widget\" data-widget_type=\"heading.default\">\n\t\t\t\t<div class=\"elementor-widget-container\">\n\t\t\t\t\t<h2 class=\"elementor-heading-title elementor-size-default\">Weben aj\u00e1nlott szervez\u0151k:<\/h2>\t\t\t\t<\/div>\n\t\t\t\t<\/div>\n\t\t\t\t<div class=\"elementor-element elementor-element-92fcbc6 elementor-widget elementor-widget-text-editor\" data-id=\"92fcbc6\" data-element_type=\"widget\" data-e-type=\"widget\" data-widget_type=\"text-editor.default\">\n\t\t\t\t<div class=\"elementor-widget-container\">\n\t\t\t\t\t\t\t\t\t<p><span style=\"text-decoration: underline;\"><strong>Kiemelt Partner\u00fcnk:<\/strong><\/span><\/p>\n<p>Kiss-Varga Violetta<\/p>\n<p>+36705017950 &nbsp;vargasevent@gmail.com<\/p>\t\t\t\t\t\t\t\t<\/div>\n\t\t\t\t<\/div>\n\t\t\t\t<div class=\"elementor-element elementor-element-22f4547 elementor-widget elementor-widget-text-editor\" data-id=\"22f4547\" data-element_type=\"widget\" data-e-type=\"widget\" data-widget_type=\"text-editor.default\">\n\t\t\t\t<div class=\"elementor-widget-container\">\n\t\t\t\t\t\t\t\t\t<h3 data-section-id=\"1h18z9x\" data-start=\"336\" data-end=\"357\">1. Budapest Event<\/h3><ul data-start=\"358\" data-end=\"552\"><li data-section-id=\"1vy2pqm\" data-start=\"358\" data-end=\"426\">teljes k\u00f6r\u0171 rendezv\u00e9nyszervez\u00e9s (esk\u00fcv\u0151, c\u00e9ges, g\u00e1la, csapat\u00e9p\u00edt\u0151)<\/li><li data-section-id=\"v1rhmg\" data-start=\"427\" data-end=\"451\">orsz\u00e1gosan dolgoznak<\/li><li data-section-id=\"1nqrgly\" data-start=\"452\" data-end=\"552\">komplett szolg\u00e1ltat\u00e1s: helysz\u00edn, catering, technika, m\u0171sor<\/li><\/ul><p data-start=\"554\" data-end=\"602\">\ud83d\udc49 er\u0151ss\u00e9g: <strong data-start=\"566\" data-end=\"602\">\u201emindent egy k\u00e9zben\u201d kivitelez\u00e9s<\/strong><\/p><hr data-start=\"604\" data-end=\"607\" \/><h3 data-section-id=\"19h7qqn\" data-start=\"609\" data-end=\"643\">2. Nopara Rendezv\u00e9ny \u00dcgyn\u00f6ks\u00e9g<\/h3><ul data-start=\"644\" data-end=\"785\"><li data-section-id=\"idnvw0\" data-start=\"644\" data-end=\"677\">15+ \u00e9v tapasztalat, nagy csapat<\/li><li data-section-id=\"12rjdo2\" data-start=\"678\" data-end=\"709\">havi szinten sok rendezv\u00e9ny<\/li><li data-section-id=\"12gtbqc\" data-start=\"710\" data-end=\"785\">corporate + nagyrendezv\u00e9ny f\u00f3kusz<\/li><\/ul><p data-start=\"787\" data-end=\"831\">\ud83d\udc49 er\u0151ss\u00e9g: <strong data-start=\"799\" data-end=\"831\">nagy volumen + stabil h\u00e1tt\u00e9r<\/strong><\/p><hr data-start=\"833\" data-end=\"836\" \/><h3 data-section-id=\"aq13d\" data-start=\"838\" data-end=\"867\">3. Comp-Let Party Service<\/h3><ul data-start=\"868\" data-end=\"987\"><li data-section-id=\"1usegpc\" data-start=\"868\" data-end=\"905\">er\u0151s catering + rendezv\u00e9nyszervez\u00e9s<\/li><li data-section-id=\"f8r5oe\" data-start=\"906\" data-end=\"987\">komplett lebonyol\u00edt\u00e1s, technikai h\u00e1tt\u00e9r<\/li><\/ul><p data-start=\"989\" data-end=\"1032\">\ud83d\udc49 er\u0151ss\u00e9g: <strong data-start=\"1001\" data-end=\"1032\">gasztro + rendezv\u00e9ny egy\u00fctt<\/strong><\/p><hr data-start=\"1034\" data-end=\"1037\" \/><h2 data-section-id=\"ruroyi\" data-start=\"1039\" data-end=\"1083\">\ud83d\udc8d Kifejezetten esk\u00fcv\u0151i pr\u00e9mium szervez\u0151k<\/h2><h3 data-section-id=\"12u2exi\" data-start=\"1085\" data-end=\"1107\">4. Wedding For You<\/h3><ul data-start=\"1108\" data-end=\"1230\"><li data-section-id=\"dg32uv\" data-start=\"1108\" data-end=\"1134\">showroom alap\u00fa koncepci\u00f3<\/li><li data-section-id=\"hwtq3p\" data-start=\"1135\" data-end=\"1165\">sok szolg\u00e1ltat\u00f3 egy helyen<\/li><li data-section-id=\"f1usrf\" data-start=\"1166\" data-end=\"1230\">kreat\u00edv, design f\u00f3kusz<\/li><\/ul><p data-start=\"1232\" data-end=\"1279\">\ud83d\udc49 er\u0151ss\u00e9g: <strong data-start=\"1244\" data-end=\"1279\">design + trend + modern esk\u00fcv\u0151k<\/strong><\/p><hr data-start=\"1281\" data-end=\"1284\" \/><h3 data-section-id=\"7e0hsv\" data-start=\"1286\" data-end=\"1305\">5. Bara Wedding<\/h3><ul data-start=\"1306\" data-end=\"1417\"><li data-section-id=\"1usof3j\" data-start=\"1306\" data-end=\"1335\">orsz\u00e1gosan v\u00e1llal esk\u00fcv\u0151ket<\/li><li data-section-id=\"czokbu\" data-start=\"1336\" data-end=\"1417\">egyedi \u00e9s ak\u00e1r \u201ez\u00f6ld esk\u00fcv\u0151\u201d koncepci\u00f3k<\/li><\/ul><p data-start=\"1419\" data-end=\"1470\">\ud83d\udc49 er\u0151ss\u00e9g: <strong data-start=\"1431\" data-end=\"1470\">egyedi koncepci\u00f3 + szem\u00e9lyre szab\u00e1s<\/strong><\/p><hr data-start=\"1472\" data-end=\"1475\" \/><h3 data-section-id=\"1dqoe7g\" data-start=\"1477\" data-end=\"1499\">6. Concept Wedding<\/h3><ul data-start=\"1500\" data-end=\"1583\"><li data-section-id=\"o6q0wu\" data-start=\"1500\" data-end=\"1583\">egyedi esk\u00fcv\u0151k tervez\u00e9se \u00e9s lebonyol\u00edt\u00e1sa<\/li><\/ul><p data-start=\"1585\" data-end=\"1633\">\ud83d\udc49 er\u0151ss\u00e9g: <strong data-start=\"1597\" data-end=\"1633\">luxus \/ design orient\u00e1lt esk\u00fcv\u0151k<\/strong><\/p><hr data-start=\"1635\" data-end=\"1638\" \/><h3 data-section-id=\"1tt0v6q\" data-start=\"1640\" data-end=\"1657\">7. WeddingWay<\/h3><ul data-start=\"1658\" data-end=\"1761\"><li data-section-id=\"1ee2fqp\" data-start=\"1658\" data-end=\"1698\">teljes k\u00f6r\u0171 szervez\u00e9s vagy koordin\u00e1ci\u00f3<\/li><li data-section-id=\"80djvx\" data-start=\"1699\" data-end=\"1761\">orsz\u00e1gos lefedetts\u00e9g<\/li><\/ul><p data-start=\"1763\" data-end=\"1816\">\ud83d\udc49 er\u0151ss\u00e9g: <strong data-start=\"1775\" data-end=\"1816\">rugalmas (r\u00e9sz vagy teljes szervez\u00e9s)<\/strong><\/p><hr data-start=\"1818\" data-end=\"1821\" \/><h1 data-section-id=\"6e4ylo\" data-start=\"1823\" data-end=\"1872\">\ud83d\udccd GY\u0150R \/ NYUGAT-MAGYARORSZ\u00c1G (AMI NEKED KULCS)<\/h1><p data-start=\"1874\" data-end=\"1978\">\ud83d\udc49 Itt kevesebb a \u201enagy brand\u201d, ez\u00e9rt fontos:<br \/><strong data-start=\"1920\" data-end=\"1978\">Budapesti c\u00e9gek is sim\u00e1n lej\u00f6nnek Gy\u0151rbe \/ \u00d6ttev\u00e9nyre.<\/strong><\/p><p data-start=\"1980\" data-end=\"1999\">De ezek relev\u00e1nsak:<\/p><hr data-start=\"2001\" data-end=\"2004\" \/><h2 data-section-id=\"xlyalt\" data-start=\"2006\" data-end=\"2057\">\ud83c\udfaf Region\u00e1lisan is akt\u00edv \/ vid\u00e9ken dolgoz\u00f3 c\u00e9gek<\/h2><h3 data-section-id=\"1mo49sd\" data-start=\"2059\" data-end=\"2089\">8. Esk\u00fcv\u0151szervez\u0151 Szak\u00e9rt\u0151<\/h3><ul data-start=\"2090\" data-end=\"2184\"><li data-section-id=\"oeklx5\" data-start=\"2090\" data-end=\"2108\">orsz\u00e1gos m\u0171k\u00f6d\u00e9s<\/li><li data-section-id=\"p5i7pv\" data-start=\"2109\" data-end=\"2184\">nemzetk\u00f6zi esk\u00fcv\u0151kben tapasztalat<\/li><\/ul><p data-start=\"2186\" data-end=\"2237\">\ud83d\udc49 er\u0151ss\u00e9g: <strong data-start=\"2198\" data-end=\"2237\">komoly szakmai rendszer + garanci\u00e1k<\/strong><\/p><hr data-start=\"2239\" data-end=\"2242\" \/><h3 data-section-id=\"wcznkx\" data-start=\"2244\" data-end=\"2279\">9. BuliPont Rendezv\u00e9nyszervez\u00e9s<\/h3><ul data-start=\"2280\" data-end=\"2388\"><li data-section-id=\"zf2g10\" data-start=\"2280\" data-end=\"2317\">teljes szervez\u00e9s vagy r\u00e9szfeladatok<\/li><li data-section-id=\"1rg3hbv\" data-start=\"2318\" data-end=\"2388\">kreat\u00edv + kivitelez\u00e9s egyben<\/li><\/ul><p data-start=\"2390\" data-end=\"2428\">\ud83d\udc49 er\u0151ss\u00e9g: <strong data-start=\"2402\" data-end=\"2428\">rugalmas egy\u00fcttm\u0171k\u00f6d\u00e9s<\/strong><\/p><hr data-start=\"2430\" data-end=\"2433\" \/><h3 data-section-id=\"12maz0h\" data-start=\"2435\" data-end=\"2473\">10. Budapest Catering (vid\u00e9ken is)<\/h3><ul data-start=\"2474\" data-end=\"2561\"><li data-section-id=\"1ap60q\" data-start=\"2474\" data-end=\"2501\">er\u0151s gasztro + rendezv\u00e9ny<\/li><li data-section-id=\"wpyxmb\" data-start=\"2502\" data-end=\"2561\">2007 \u00f3ta m\u0171k\u00f6dnek<\/li><\/ul><p data-start=\"2563\" data-end=\"2619\">\ud83d\udc49 er\u0151ss\u00e9g: <strong data-start=\"2575\" data-end=\"2619\">gasztroprogramokhoz k\u00fcl\u00f6n\u00f6sen j\u00f3 partner<\/strong><\/p><p>.<\/p>\t\t\t\t\t\t\t\t<\/div>\n\t\t\t\t<\/div>\n\t\t\t\t\t<\/div>\n\t\t\t\t<\/div>\n\t\t\t\t<\/div>","protected":false},"excerpt":{"rendered":"<p>Profi rendezv\u00e9ny nincs profi szervez\u00e9s n\u00e9lk\u00fcl Egy rendezv\u00e9nyszervez\u0151 kiemelked\u0151 szerepet j\u00e1tszik egy t\u00f6k\u00e9letes rendezv\u00e9ny, legyen az ak\u00e1r esk\u00fcv\u0151 megval\u00f3s\u00edt\u00e1s\u00e1ban, mivel az \u00dcnnepelt, vagy megrendel\u0151 vagy \u00e9ppen p\u00e1r ig\u00e9nyeit \u00e9s elk\u00e9pzel\u00e9seit figyelembe v\u00e9ve profi m\u00f3don gondoskodik a teljes szervez\u00e9si \u00e9s lebonyol\u00edt\u00e1si folyamatr\u00f3l. Az rendezv\u00e9ynszervez\u0151 az els\u0151 l\u00e9p\u00e9st\u0151l a nagy nap v\u00e9g\u00e9ig t\u00e1mogatja a rendezv\u00e9nyt. Seg\u00edt megtervezni [&hellip;]<\/p>","protected":false},"author":7,"featured_media":0,"parent":0,"menu_order":0,"comment_status":"closed","ping_status":"closed","template":"","meta":{"footnotes":""},"class_list":["post-11495","page","type-page","status-publish","hentry","entry"],"_links":{"self":[{"href":"https:\/\/ottevenyikastely.hu\/ru\/wp-json\/wp\/v2\/pages\/11495","targetHints":{"allow":["GET"]}}],"collection":[{"href":"https:\/\/ottevenyikastely.hu\/ru\/wp-json\/wp\/v2\/pages"}],"about":[{"href":"https:\/\/ottevenyikastely.hu\/ru\/wp-json\/wp\/v2\/types\/page"}],"author":[{"embeddable":true,"href":"https:\/\/ottevenyikastely.hu\/ru\/wp-json\/wp\/v2\/users\/7"}],"replies":[{"embeddable":true,"href":"https:\/\/ottevenyikastely.hu\/ru\/wp-json\/wp\/v2\/comments?post=11495"}],"version-history":[{"count":28,"href":"https:\/\/ottevenyikastely.hu\/ru\/wp-json\/wp\/v2\/pages\/11495\/revisions"}],"predecessor-version":[{"id":14775,"href":"https:\/\/ottevenyikastely.hu\/ru\/wp-json\/wp\/v2\/pages\/11495\/revisions\/14775"}],"wp:attachment":[{"href":"https:\/\/ottevenyikastely.hu\/ru\/wp-json\/wp\/v2\/media?parent=11495"}],"curies":[{"name":"wp","href":"https:\/\/api.w.org\/{rel}","templated":true}]}}