{"id":12342,"date":"2025-04-12T09:24:04","date_gmt":"2025-04-12T07:24:04","guid":{"rendered":"https:\/\/ottevenyikastely.hu\/?page_id=12342"},"modified":"2025-05-18T11:57:00","modified_gmt":"2025-05-18T09:57:00","slug":"%d0%bf%d0%bb%d0%b5%d1%82%d0%b5%d0%bd%d0%b8%d0%b5-%d0%b8%d1%88%d1%82%d0%b2%d0%b0%d0%bd","status":"publish","type":"page","link":"https:\/\/ottevenyikastely.hu\/ru\/%d0%bf%d0%bb%d0%b5%d1%82%d0%b5%d0%bd%d0%b8%d0%b5-%d0%b8%d1%88%d1%82%d0%b2%d0%b0%d0%bd\/","title":{"rendered":"\u0418\u0448\u0442\u0432\u0430\u043d \u041a\u043e\u0440\u0431\u0435\u043b\u0438"},"content":{"rendered":"<div data-elementor-type=\"wp-page\" data-elementor-id=\"12342\" class=\"elementor elementor-12342\" data-elementor-post-type=\"page\">\n\t\t\t\t<div class=\"elementor-element elementor-element-b6c774f e-flex e-con-boxed e-con e-parent\" data-id=\"b6c774f\" data-element_type=\"container\" data-e-type=\"container\">\n\t\t\t\t\t<div class=\"e-con-inner\">\n\t\t\t\t<div class=\"elementor-element elementor-element-8ed4e0f elementor-widget elementor-widget-heading\" data-id=\"8ed4e0f\" data-element_type=\"widget\" data-e-type=\"widget\" data-widget_type=\"heading.default\">\n\t\t\t\t<div class=\"elementor-widget-container\">\n\t\t\t\t\t<h2 class=\"elementor-heading-title elementor-size-default\">\u0418\u0448\u0442\u0432\u0430\u043d \u041a\u043e\u0440\u0431\u0435\u043b\u0438<\/h2>\t\t\t\t<\/div>\n\t\t\t\t<\/div>\n\t\t\t\t\t<\/div>\n\t\t\t\t<\/div>\n\t\t<div class=\"elementor-element elementor-element-f78e591 e-flex e-con-boxed e-con e-parent\" data-id=\"f78e591\" data-element_type=\"container\" data-e-type=\"container\">\n\t\t\t\t\t<div class=\"e-con-inner\">\n\t\t\t\t<div class=\"elementor-element elementor-element-5644da7 elementor-widget elementor-widget-image\" data-id=\"5644da7\" data-element_type=\"widget\" data-e-type=\"widget\" data-widget_type=\"image.default\">\n\t\t\t\t<div class=\"elementor-widget-container\">\n\t\t\t\t\t\t\t\t\t\t\t\t\t\t\t<img fetchpriority=\"high\" decoding=\"async\" width=\"1024\" height=\"768\" src=\"https:\/\/ottevenyikastely.hu\/wp-content\/uploads\/2025\/04\/IMG_3687-1024x768.jpg\" class=\"attachment-large size-large wp-image-12863\" alt=\"\" srcset=\"https:\/\/ottevenyikastely.hu\/wp-content\/uploads\/2025\/04\/IMG_3687-1024x768.jpg 1024w, https:\/\/ottevenyikastely.hu\/wp-content\/uploads\/2025\/04\/IMG_3687-300x225.jpg 300w, https:\/\/ottevenyikastely.hu\/wp-content\/uploads\/2025\/04\/IMG_3687-768x576.jpg 768w, https:\/\/ottevenyikastely.hu\/wp-content\/uploads\/2025\/04\/IMG_3687-1536x1152.jpg 1536w, https:\/\/ottevenyikastely.hu\/wp-content\/uploads\/2025\/04\/IMG_3687-16x12.jpg 16w, https:\/\/ottevenyikastely.hu\/wp-content\/uploads\/2025\/04\/IMG_3687.jpg 1600w\" sizes=\"(max-width: 1024px) 100vw, 1024px\" title=\"\">\t\t\t\t\t\t\t\t\t\t\t\t\t\t\t<\/div>\n\t\t\t\t<\/div>\n\t\t\t\t\t<\/div>\n\t\t\t\t<\/div>\n\t\t<div class=\"elementor-element elementor-element-4771e68 e-flex e-con-boxed e-con e-parent\" data-id=\"4771e68\" data-element_type=\"container\" data-e-type=\"container\">\n\t\t\t\t\t<div class=\"e-con-inner\">\n\t\t\t\t<div class=\"elementor-element elementor-element-1623c81 elementor-widget elementor-widget-text-editor\" data-id=\"1623c81\" data-element_type=\"widget\" data-e-type=\"widget\" data-widget_type=\"text-editor.default\">\n\t\t\t\t<div class=\"elementor-widget-container\">\n\t\t\t\t\t\t\t\t\t<p>\u041a\u0430\u043a \u043f\u0440\u043e\u0444\u0435\u0441\u0441\u0438\u043e\u043d\u0430\u043b\u044c\u043d\u044b\u0439 \u0445\u0443\u0434\u043e\u0436\u043d\u0438\u043a \u0432 \u0412\u0435\u043d\u0433\u0440\u0438\u0438, \u0435\u0433\u043e \u0440\u0430\u0431\u043e\u0442\u044b \u043c\u043e\u0436\u043d\u043e \u043d\u0430\u0439\u0442\u0438 \u0438\u0441\u043a\u043b\u044e\u0447\u0438\u0442\u0435\u043b\u044c\u043d\u043e \u0432 \u0445\u0443\u0434\u043e\u0436\u0435\u0441\u0442\u0432\u0435\u043d\u043d\u043e\u043c \u0430\u0433\u0435\u043d\u0442\u0441\u0442\u0432\u0435 \u0438 \u0433\u0430\u043b\u0435\u0440\u0435\u0435 Havas, \u0432 \u0433\u0430\u043b\u0435\u0440\u0435\u044f\u0445 \u0432 \u041c\u0438\u0448\u043a\u043e\u043b\u044c\u0446\u0435, \u0411\u0443\u0434\u0430\u043f\u0435\u0448\u0442\u0435 \u0438 \u0421\u0435\u043a\u0435\u0448\u0444\u0435\u0445\u0435\u0440\u0432\u0430\u0440\u0435, \u0430 \u0442\u0430\u043a\u0436\u0435 \u0432 \u0443\u0447\u0440\u0435\u0436\u0434\u0435\u043d\u0438\u044f\u0445 \u0438 \u0432 \u0447\u0430\u0441\u0442\u043d\u044b\u0445 \u0441\u043e\u0431\u0440\u0430\u043d\u0438\u044f\u0445 \u043c\u043d\u043e\u0433\u043e\u0447\u0438\u0441\u043b\u0435\u043d\u043d\u044b\u0445 \u043a\u043e\u043b\u043b\u0435\u043a\u0446\u0438\u043e\u043d\u0435\u0440\u043e\u0432. \u042f \u0440\u043e\u0434\u0438\u043b\u0441\u044f 29 \u0438\u044e\u043d\u044f 1960 \u0433\u043e\u0434\u0430 \u0432 \u0433\u043e\u0440\u043e\u0434\u0435 \u0428\u0430\u0440\u0432\u0430\u0448, \u0433\u0434\u0435 \u0436\u0438\u0432\u0443 \u0438 \u0440\u0430\u0431\u043e\u0442\u0430\u044e \u043f\u043e \u0441\u0435\u0439 \u0434\u0435\u043d\u044c. \u041c\u043e\u0438\u043c\u0438 \u0443\u0447\u0438\u0442\u0435\u043b\u044f\u043c\u0438 \u0431\u044b\u043b\u0438 \u041f\u0430\u0432\u0435\u043b \u0413\u0435\u0440\u0446\u0441\u043e\u043d \u0438 \u042f\u043d\u043e\u0448 \u0410\u043a\u043d\u0430\u0439. \u0412 1999 \u0433\u043e\u0434\u0443 \u044f \u0431\u044b\u043b \u043f\u0440\u0438\u043d\u044f\u0442 \u0432 \u041d\u0430\u0446\u0438\u043e\u043d\u0430\u043b\u044c\u043d\u0443\u044e \u0430\u0441\u0441\u043e\u0446\u0438\u0430\u0446\u0438\u044e \u0432\u0435\u043d\u0433\u0435\u0440\u0441\u043a\u0438\u0445 \u0445\u0443\u0434\u043e\u0436\u043d\u0438\u043a\u043e\u0432, \u0430 \u0442\u0430\u043a\u0436\u0435 \u044f\u0432\u043b\u044f\u044e\u0441\u044c \u0447\u043b\u0435\u043d\u043e\u043c \u0428\u0442\u0443\u0442\u0433\u0430\u0440\u0442\u0441\u043a\u043e\u0439 \u0430\u0441\u0441\u043e\u0446\u0438\u0430\u0446\u0438\u0438 \u0445\u0443\u0434\u043e\u0436\u043d\u0438\u043a\u043e\u0432 \u0438 \u0425\u0443\u0434\u043e\u0436\u0435\u0441\u0442\u0432\u0435\u043d\u043d\u043e\u0433\u043e \u043e\u0431\u0449\u0435\u0441\u0442\u0432\u0430 \u043e\u043a\u0440\u0443\u0433\u0430 \u0411\u0435\u043a\u0435\u0448. \u0421 1996 \u043f\u043e 2000 \u0433\u043e\u0434 \u044f \u0431\u044b\u043b \u0445\u0443\u0434\u043e\u0436\u0435\u0441\u0442\u0432\u0435\u043d\u043d\u044b\u043c \u0440\u0443\u043a\u043e\u0432\u043e\u0434\u0438\u0442\u0435\u043b\u0435\u043c \u0421\u0432\u043e\u0431\u043e\u0434\u043d\u043e\u0439 \u0448\u043a\u043e\u043b\u044b \u043e\u043a\u0440\u0443\u0433\u0430 \u0411\u0435\u043a\u0435\u0448, \u0430 \u0441 2005 \u0433\u043e\u0434\u0430 \u044f\u0432\u043b\u044f\u044e\u0441\u044c \u043f\u0440\u0435\u043f\u043e\u0434\u0430\u0432\u0430\u0442\u0435\u043b\u0435\u043c \u0438\u0441\u043a\u0443\u0441\u0441\u0442\u0432\u0430 \u0432 \u041a\u0440\u0443\u0436\u043a\u0435 \u0445\u0443\u0434\u043e\u0436\u043d\u0438\u043a\u043e\u0432 \u0421\u0430\u0440\u0432\u0430\u0448\u0430. \u042f \u0440\u0435\u0433\u0443\u043b\u044f\u0440\u043d\u043e \u043f\u0440\u043e\u0432\u043e\u0436\u0443 \u043a\u0443\u0440\u0441\u044b \u0436\u0438\u0432\u043e\u043f\u0438\u0441\u0438 \u0432 \u0421\u0435\u043d\u0442\u0435\u043d\u0434\u0440\u0435, \u041d\u0430\u0434\u044c\u043a\u0430\u043d\u0438\u0436\u0435 \u0438 \u041f\u0435\u0447\u0435. \u041c\u043e\u0438 \u0440\u0430\u0431\u043e\u0442\u044b, \u043a\u0430\u043a \u043f\u0440\u043e\u0444\u0435\u0441\u0441\u0438\u043e\u043d\u0430\u043b\u044c\u043d\u043e\u0433\u043e \u0445\u0443\u0434\u043e\u0436\u043d\u0438\u043a\u0430, \u043c\u043e\u0436\u043d\u043e \u043d\u0430\u0439\u0442\u0438 \u0432 \u043c\u043d\u043e\u0433\u043e\u0447\u0438\u0441\u043b\u0435\u043d\u043d\u044b\u0445 \u0433\u0430\u043b\u0435\u0440\u0435\u044f\u0445, \u0443\u0447\u0440\u0435\u0436\u0434\u0435\u043d\u0438\u044f\u0445 \u0438 \u0447\u0430\u0441\u0442\u043d\u044b\u0445 \u043a\u043e\u043b\u043b\u0435\u043a\u0446\u0438\u044f\u0445 \u0432 \u0412\u0435\u043d\u0433\u0440\u0438\u0438 \u0438 \u0437\u0430 \u0440\u0443\u0431\u0435\u0436\u043e\u043c.<\/p>\t\t\t\t\t\t\t\t<\/div>\n\t\t\t\t<\/div>\n\t\t\t\t\t<\/div>\n\t\t\t\t<\/div>\n\t\t<div class=\"elementor-element elementor-element-df5ce63 e-flex e-con-boxed e-con e-parent\" data-id=\"df5ce63\" data-element_type=\"container\" data-e-type=\"container\">\n\t\t\t\t\t<div class=\"e-con-inner\">\n\t\t\t\t<div class=\"elementor-element elementor-element-b8a929f elementor-widget elementor-widget-video\" data-id=\"b8a929f\" data-element_type=\"widget\" data-e-type=\"widget\" data-settings=\"{&quot;youtube_url&quot;:&quot;https:\\\/\\\/www.youtube.com\\\/embed\\\/WwDvy_id-Hg?si=bNsauleU_AqwaenS&quot;,&quot;video_type&quot;:&quot;youtube&quot;,&quot;controls&quot;:&quot;yes&quot;}\" data-widget_type=\"video.default\">\n\t\t\t\t<div class=\"elementor-widget-container\">\n\t\t\t\t\t\t\t<div class=\"elementor-wrapper elementor-open-inline\">\n\t\t\t<div class=\"elementor-video\"><\/div>\t\t<\/div>\n\t\t\t\t\t\t<\/div>\n\t\t\t\t<\/div>\n\t\t\t\t\t<\/div>\n\t\t\t\t<\/div>\n\t\t<div class=\"elementor-element elementor-element-a46236f e-grid e-con-boxed e-con e-parent\" data-id=\"a46236f\" data-element_type=\"container\" data-e-type=\"container\">\n\t\t\t\t\t<div class=\"e-con-inner\">\n\t\t\t\t<div class=\"elementor-element elementor-element-4b9f8cc elementor-widget elementor-widget-image\" data-id=\"4b9f8cc\" data-element_type=\"widget\" data-e-type=\"widget\" data-widget_type=\"image.default\">\n\t\t\t\t<div class=\"elementor-widget-container\">\n\t\t\t\t\t\t\t\t\t\t\t\t\t\t\t<img decoding=\"async\" width=\"768\" height=\"1024\" src=\"https:\/\/ottevenyikastely.hu\/wp-content\/uploads\/2025\/04\/IMG_3349-768x1024.jpeg\" class=\"attachment-large size-large wp-image-12864\" alt=\"\" srcset=\"https:\/\/ottevenyikastely.hu\/wp-content\/uploads\/2025\/04\/IMG_3349-768x1024.jpeg 768w, https:\/\/ottevenyikastely.hu\/wp-content\/uploads\/2025\/04\/IMG_3349-225x300.jpeg 225w, https:\/\/ottevenyikastely.hu\/wp-content\/uploads\/2025\/04\/IMG_3349-1152x1536.jpeg 1152w, https:\/\/ottevenyikastely.hu\/wp-content\/uploads\/2025\/04\/IMG_3349-1536x2048.jpeg 1536w, https:\/\/ottevenyikastely.hu\/wp-content\/uploads\/2025\/04\/IMG_3349-9x12.jpeg 9w, https:\/\/ottevenyikastely.hu\/wp-content\/uploads\/2025\/04\/IMG_3349-scaled.jpeg 1920w\" sizes=\"(max-width: 768px) 100vw, 768px\" title=\"\">\t\t\t\t\t\t\t\t\t\t\t\t\t\t\t<\/div>\n\t\t\t\t<\/div>\n\t\t\t\t<div class=\"elementor-element elementor-element-401f0db elementor-widget elementor-widget-image\" data-id=\"401f0db\" data-element_type=\"widget\" data-e-type=\"widget\" data-widget_type=\"image.default\">\n\t\t\t\t<div class=\"elementor-widget-container\">\n\t\t\t\t\t\t\t\t\t\t\t\t\t\t\t<img decoding=\"async\" width=\"768\" height=\"1024\" src=\"https:\/\/ottevenyikastely.hu\/wp-content\/uploads\/2025\/04\/IMG_3432-768x1024.jpeg\" class=\"attachment-large size-large wp-image-12865\" alt=\"\" srcset=\"https:\/\/ottevenyikastely.hu\/wp-content\/uploads\/2025\/04\/IMG_3432-768x1024.jpeg 768w, https:\/\/ottevenyikastely.hu\/wp-content\/uploads\/2025\/04\/IMG_3432-225x300.jpeg 225w, https:\/\/ottevenyikastely.hu\/wp-content\/uploads\/2025\/04\/IMG_3432-1152x1536.jpeg 1152w, https:\/\/ottevenyikastely.hu\/wp-content\/uploads\/2025\/04\/IMG_3432-1536x2048.jpeg 1536w, https:\/\/ottevenyikastely.hu\/wp-content\/uploads\/2025\/04\/IMG_3432-9x12.jpeg 9w, https:\/\/ottevenyikastely.hu\/wp-content\/uploads\/2025\/04\/IMG_3432-scaled.jpeg 1920w\" sizes=\"(max-width: 768px) 100vw, 768px\" title=\"\">\t\t\t\t\t\t\t\t\t\t\t\t\t\t\t<\/div>\n\t\t\t\t<\/div>\n\t\t\t\t<div class=\"elementor-element elementor-element-14690d3 elementor-widget elementor-widget-image\" data-id=\"14690d3\" data-element_type=\"widget\" data-e-type=\"widget\" data-widget_type=\"image.default\">\n\t\t\t\t<div class=\"elementor-widget-container\">\n\t\t\t\t\t\t\t\t\t\t\t\t\t\t\t<img loading=\"lazy\" decoding=\"async\" width=\"768\" height=\"1024\" src=\"https:\/\/ottevenyikastely.hu\/wp-content\/uploads\/2025\/04\/IMG_3460-768x1024.jpeg\" class=\"attachment-large size-large wp-image-12866\" alt=\"\" srcset=\"https:\/\/ottevenyikastely.hu\/wp-content\/uploads\/2025\/04\/IMG_3460-768x1024.jpeg 768w, https:\/\/ottevenyikastely.hu\/wp-content\/uploads\/2025\/04\/IMG_3460-225x300.jpeg 225w, https:\/\/ottevenyikastely.hu\/wp-content\/uploads\/2025\/04\/IMG_3460-1152x1536.jpeg 1152w, https:\/\/ottevenyikastely.hu\/wp-content\/uploads\/2025\/04\/IMG_3460-1536x2048.jpeg 1536w, https:\/\/ottevenyikastely.hu\/wp-content\/uploads\/2025\/04\/IMG_3460-9x12.jpeg 9w, https:\/\/ottevenyikastely.hu\/wp-content\/uploads\/2025\/04\/IMG_3460-scaled.jpeg 1920w\" sizes=\"(max-width: 768px) 100vw, 768px\" title=\"\">\t\t\t\t\t\t\t\t\t\t\t\t\t\t\t<\/div>\n\t\t\t\t<\/div>\n\t\t\t\t\t<\/div>\n\t\t\t\t<\/div>\n\t\t<div class=\"elementor-element elementor-element-5104be6 e-flex e-con-boxed e-con e-parent\" data-id=\"5104be6\" data-element_type=\"container\" data-e-type=\"container\">\n\t\t\t\t\t<div class=\"e-con-inner\">\n\t\t\t\t<div class=\"elementor-element elementor-element-a3c3ee9 elementor-widget elementor-widget-spacer\" data-id=\"a3c3ee9\" data-element_type=\"widget\" data-e-type=\"widget\" data-widget_type=\"spacer.default\">\n\t\t\t\t<div class=\"elementor-widget-container\">\n\t\t\t\t\t\t\t<div class=\"elementor-spacer\">\n\t\t\t<div class=\"elementor-spacer-inner\"><\/div>\n\t\t<\/div>\n\t\t\t\t\t\t<\/div>\n\t\t\t\t<\/div>\n\t\t\t\t\t<\/div>\n\t\t\t\t<\/div>\n\t\t<div class=\"elementor-element elementor-element-77a0fd0 e-flex e-con-boxed e-con e-parent\" data-id=\"77a0fd0\" data-element_type=\"container\" data-e-type=\"container\">\n\t\t\t\t\t<div class=\"e-con-inner\">\n\t\t\t\t<div class=\"elementor-element elementor-element-cd561a5 elementor-widget elementor-widget-text-editor\" data-id=\"cd561a5\" data-element_type=\"widget\" data-e-type=\"widget\" data-widget_type=\"text-editor.default\">\n\t\t\t\t<div class=\"elementor-widget-container\">\n\t\t\t\t\t\t\t\t\t<p>\u0427\u0442\u043e\u0431\u044b \u0441\u0434\u0435\u043b\u0430\u0442\u044c \u0441\u0442\u0430\u0432\u043a\u0443 \u043d\u0430 \u043f\u0440\u043e\u0438\u0437\u0432\u0435\u0434\u0435\u043d\u0438\u044f \u0438\u0441\u043a\u0443\u0441\u0441\u0442\u0432\u0430, \u0441\u0434\u0435\u043b\u0430\u043d\u043d\u044b\u0435 \u0437\u0434\u0435\u0441\u044c, \u043d\u0430\u0436\u043c\u0438\u0442\u0435 \u043d\u0430 \u0438\u0437\u043e\u0431\u0440\u0430\u0436\u0435\u043d\u0438\u0435 \u0438\u043b\u0438 \u043f\u043e\u0441\u0435\u0442\u0438\u0442\u0435 \u0441\u0430\u0439\u0442 <span style=\"text-decoration: underline;\"><strong><a href=\"https:\/\/foldvaryaukcio.hu\" target=\"_blank\" rel=\"noopener\">foldvaryaukcio.hu<\/a><\/strong><\/span> \u0435\u0441\u043b\u0438 \u0432\u0430\u0441 \u0438\u043d\u0442\u0435\u0440\u0435\u0441\u0443\u044e\u0442 \u043f\u043e\u0434\u0440\u043e\u0431\u043d\u043e\u0441\u0442\u0438!<\/p>\t\t\t\t\t\t\t\t<\/div>\n\t\t\t\t<\/div>\n\t\t\t\t\t<\/div>\n\t\t\t\t<\/div>\n\t\t<div class=\"elementor-element elementor-element-31d1288 e-grid e-con-boxed e-con e-parent\" data-id=\"31d1288\" data-element_type=\"container\" data-e-type=\"container\">\n\t\t\t\t\t<div class=\"e-con-inner\">\n\t\t\t\t<div class=\"elementor-element elementor-element-df15d42 elementor-widget elementor-widget-image\" data-id=\"df15d42\" data-element_type=\"widget\" data-e-type=\"widget\" data-widget_type=\"image.default\">\n\t\t\t\t<div class=\"elementor-widget-container\">\n\t\t\t\t\t\t\t\t\t\t\t\t<figure class=\"wp-caption\">\n\t\t\t\t\t\t\t\t\t\t\t<a href=\"https:\/\/foldvaryaukcio.hu\/items\/193\" target=\"_blank\" rel=\"noopener\">\n\t\t\t\t\t\t\t<img loading=\"lazy\" decoding=\"async\" width=\"767\" height=\"1024\" src=\"https:\/\/ottevenyikastely.hu\/wp-content\/uploads\/2025\/04\/Korbely-Istvan-193-767x1024.jpeg\" class=\"attachment-large size-large wp-image-12860\" alt=\"\" srcset=\"https:\/\/ottevenyikastely.hu\/wp-content\/uploads\/2025\/04\/Korbely-Istvan-193-767x1024.jpeg 767w, https:\/\/ottevenyikastely.hu\/wp-content\/uploads\/2025\/04\/Korbely-Istvan-193-225x300.jpeg 225w, https:\/\/ottevenyikastely.hu\/wp-content\/uploads\/2025\/04\/Korbely-Istvan-193-768x1026.jpeg 768w, https:\/\/ottevenyikastely.hu\/wp-content\/uploads\/2025\/04\/Korbely-Istvan-193-1150x1536.jpeg 1150w, https:\/\/ottevenyikastely.hu\/wp-content\/uploads\/2025\/04\/Korbely-Istvan-193-1533x2048.jpeg 1533w, https:\/\/ottevenyikastely.hu\/wp-content\/uploads\/2025\/04\/Korbely-Istvan-193-9x12.jpeg 9w, https:\/\/ottevenyikastely.hu\/wp-content\/uploads\/2025\/04\/Korbely-Istvan-193-scaled.jpeg 1916w\" sizes=\"(max-width: 767px) 100vw, 767px\" title=\"\">\t\t\t\t\t\t\t\t<\/a>\n\t\t\t\t\t\t\t\t\t\t\t<figcaption class=\"widget-image-caption wp-caption-text\">\u043d\u0430\u0436\u043c\u0438\u0442\u0435 \u0437\u0434\u0435\u0441\u044c<\/figcaption>\n\t\t\t\t\t\t\t\t\t\t<\/figure>\n\t\t\t\t\t\t\t\t\t<\/div>\n\t\t\t\t<\/div>\n\t\t\t\t<div class=\"elementor-element elementor-element-eb2e9e5 elementor-widget elementor-widget-image\" data-id=\"eb2e9e5\" data-element_type=\"widget\" data-e-type=\"widget\" data-widget_type=\"image.default\">\n\t\t\t\t<div class=\"elementor-widget-container\">\n\t\t\t\t\t\t\t\t\t\t\t\t<figure class=\"wp-caption\">\n\t\t\t\t\t\t\t\t\t\t\t<a href=\"https:\/\/foldvaryaukcio.hu\/items\/195\" target=\"_blank\" rel=\"noopener\">\n\t\t\t\t\t\t\t<img loading=\"lazy\" decoding=\"async\" width=\"867\" height=\"1024\" src=\"https:\/\/ottevenyikastely.hu\/wp-content\/uploads\/2025\/04\/Korbely-Istvan-195-867x1024.jpeg\" class=\"attachment-large size-large wp-image-12862\" alt=\"\" srcset=\"https:\/\/ottevenyikastely.hu\/wp-content\/uploads\/2025\/04\/Korbely-Istvan-195-867x1024.jpeg 867w, https:\/\/ottevenyikastely.hu\/wp-content\/uploads\/2025\/04\/Korbely-Istvan-195-254x300.jpeg 254w, https:\/\/ottevenyikastely.hu\/wp-content\/uploads\/2025\/04\/Korbely-Istvan-195-768x907.jpeg 768w, https:\/\/ottevenyikastely.hu\/wp-content\/uploads\/2025\/04\/Korbely-Istvan-195-1301x1536.jpeg 1301w, https:\/\/ottevenyikastely.hu\/wp-content\/uploads\/2025\/04\/Korbely-Istvan-195-1735x2048.jpeg 1735w, https:\/\/ottevenyikastely.hu\/wp-content\/uploads\/2025\/04\/Korbely-Istvan-195-10x12.jpeg 10w\" sizes=\"(max-width: 867px) 100vw, 867px\" title=\"\">\t\t\t\t\t\t\t\t<\/a>\n\t\t\t\t\t\t\t\t\t\t\t<figcaption class=\"widget-image-caption wp-caption-text\">\u043d\u0430\u0436\u043c\u0438\u0442\u0435 \u0437\u0434\u0435\u0441\u044c<\/figcaption>\n\t\t\t\t\t\t\t\t\t\t<\/figure>\n\t\t\t\t\t\t\t\t\t<\/div>\n\t\t\t\t<\/div>\n\t\t\t\t<div class=\"elementor-element elementor-element-1ef1e24 elementor-widget elementor-widget-image\" data-id=\"1ef1e24\" data-element_type=\"widget\" data-e-type=\"widget\" data-widget_type=\"image.default\">\n\t\t\t\t<div class=\"elementor-widget-container\">\n\t\t\t\t\t\t\t\t\t\t\t\t<figure class=\"wp-caption\">\n\t\t\t\t\t\t\t\t\t\t\t<a href=\"https:\/\/foldvaryaukcio.hu\/items\/194\" target=\"_blank\" rel=\"noopener\">\n\t\t\t\t\t\t\t<img loading=\"lazy\" decoding=\"async\" width=\"693\" height=\"1024\" src=\"https:\/\/ottevenyikastely.hu\/wp-content\/uploads\/2025\/04\/Korbely-Istvan-194-693x1024.jpeg\" class=\"attachment-large size-large wp-image-12861\" alt=\"\" srcset=\"https:\/\/ottevenyikastely.hu\/wp-content\/uploads\/2025\/04\/Korbely-Istvan-194-693x1024.jpeg 693w, https:\/\/ottevenyikastely.hu\/wp-content\/uploads\/2025\/04\/Korbely-Istvan-194-203x300.jpeg 203w, https:\/\/ottevenyikastely.hu\/wp-content\/uploads\/2025\/04\/Korbely-Istvan-194-768x1135.jpeg 768w, https:\/\/ottevenyikastely.hu\/wp-content\/uploads\/2025\/04\/Korbely-Istvan-194-1040x1536.jpeg 1040w, https:\/\/ottevenyikastely.hu\/wp-content\/uploads\/2025\/04\/Korbely-Istvan-194-1386x2048.jpeg 1386w, https:\/\/ottevenyikastely.hu\/wp-content\/uploads\/2025\/04\/Korbely-Istvan-194-8x12.jpeg 8w, https:\/\/ottevenyikastely.hu\/wp-content\/uploads\/2025\/04\/Korbely-Istvan-194-scaled.jpeg 1733w\" sizes=\"(max-width: 693px) 100vw, 693px\" title=\"\">\t\t\t\t\t\t\t\t<\/a>\n\t\t\t\t\t\t\t\t\t\t\t<figcaption class=\"widget-image-caption wp-caption-text\">\u043d\u0430\u0436\u043c\u0438\u0442\u0435 \u0437\u0434\u0435\u0441\u044c<\/figcaption>\n\t\t\t\t\t\t\t\t\t\t<\/figure>\n\t\t\t\t\t\t\t\t\t<\/div>\n\t\t\t\t<\/div>\n\t\t\t\t\t<\/div>\n\t\t\t\t<\/div>\n\t\t<div class=\"elementor-element elementor-element-39b0038 e-flex e-con-boxed e-con e-parent\" data-id=\"39b0038\" data-element_type=\"container\" data-e-type=\"container\">\n\t\t\t\t\t<div class=\"e-con-inner\">\n\t\t\t\t<div class=\"elementor-element elementor-element-4798a49 elementor-align-right elementor-widget elementor-widget-button\" data-id=\"4798a49\" data-element_type=\"widget\" data-e-type=\"widget\" data-widget_type=\"button.default\">\n\t\t\t\t<div class=\"elementor-widget-container\">\n\t\t\t\t\t\t\t\t\t<div class=\"elementor-button-wrapper\">\n\t\t\t\t\t<a class=\"elementor-button elementor-button-link elementor-size-sm\" href=\"https:\/\/korbelyistvan.com\" id=\"https:\/\/korbelyistvan.com\" target=\"_blank\" rel=\"noopener\">\n\t\t\t\t\t\t<span class=\"elementor-button-content-wrapper\">\n\t\t\t\t\t\t\t\t\t<span class=\"elementor-button-text\">\u0412\u0435\u0431-\u0441\u0442\u0440\u0430\u043d\u0438\u0446\u0430 \u0445\u0443\u0434\u043e\u0436\u043d\u0438\u043a\u0430<\/span>\n\t\t\t\t\t<\/span>\n\t\t\t\t\t<\/a>\n\t\t\t\t<\/div>\n\t\t\t\t\t\t\t\t<\/div>\n\t\t\t\t<\/div>\n\t\t\t\t\t<\/div>\n\t\t\t\t<\/div>\n\t\t\t\t<\/div>","protected":false},"excerpt":{"rendered":"<p>Korbely Istv\u00e1n Hivat\u00e1sos alkot\u00f3m\u0171v\u00e9szk\u00e9nt Magyarorsz\u00e1gon, kiz\u00e1r\u00f3lag a Havas m\u0171v\u00e9szeti \u00fcgyn\u00f6ks\u00e9g \u00e9s gal\u00e9ria, miskolci, budapesti \u00e9s sz\u00e9kesfeh\u00e9rv\u00e1ri gal\u00e9ri\u00e1ban, valamint int\u00e9zm\u00e9nyekben \u00e9s sz\u00e1mos gy\u0171jt\u0151 mag\u00e1ntulajdon\u00e1ba tal\u00e1lhat\u00f3k meg a m\u0171vei. 1960. j\u00fanius 29-\u00e9n sz\u00fclettem Szarvason, itt \u00e9lek \u00e9s alkotok ma is. Mestereim Gerzson P\u00e1l \u00e9s Aknay J\u00e1nos voltak. 1999-ben felvettek a Magyar Alkot\u00f3m\u0171v\u00e9szek Orsz\u00e1gos Egyes\u00fclet\u00e9be, emellett tagja vagyok [&hellip;]<\/p>","protected":false},"author":7,"featured_media":0,"parent":0,"menu_order":0,"comment_status":"closed","ping_status":"closed","template":"","meta":{"footnotes":""},"class_list":["post-12342","page","type-page","status-publish","hentry","entry"],"_links":{"self":[{"href":"https:\/\/ottevenyikastely.hu\/ru\/wp-json\/wp\/v2\/pages\/12342","targetHints":{"allow":["GET"]}}],"collection":[{"href":"https:\/\/ottevenyikastely.hu\/ru\/wp-json\/wp\/v2\/pages"}],"about":[{"href":"https:\/\/ottevenyikastely.hu\/ru\/wp-json\/wp\/v2\/types\/page"}],"author":[{"embeddable":true,"href":"https:\/\/ottevenyikastely.hu\/ru\/wp-json\/wp\/v2\/users\/7"}],"replies":[{"embeddable":true,"href":"https:\/\/ottevenyikastely.hu\/ru\/wp-json\/wp\/v2\/comments?post=12342"}],"version-history":[{"count":16,"href":"https:\/\/ottevenyikastely.hu\/ru\/wp-json\/wp\/v2\/pages\/12342\/revisions"}],"predecessor-version":[{"id":13428,"href":"https:\/\/ottevenyikastely.hu\/ru\/wp-json\/wp\/v2\/pages\/12342\/revisions\/13428"}],"wp:attachment":[{"href":"https:\/\/ottevenyikastely.hu\/ru\/wp-json\/wp\/v2\/media?parent=12342"}],"curies":[{"name":"wp","href":"https:\/\/api.w.org\/{rel}","templated":true}]}}