{"id":12417,"date":"2025-04-12T09:49:30","date_gmt":"2025-04-12T07:49:30","guid":{"rendered":"https:\/\/ottevenyikastely.hu\/?page_id=12417"},"modified":"2025-05-18T12:29:59","modified_gmt":"2025-05-18T10:29:59","slug":"%d0%b4%d0%b8%d0%ba%d0%b0%d1%8f-%d0%b7%d0%b5%d0%bd%d1%82%d0%b0%d0%b8-%d0%bc%d0%b0%d1%80%d0%b8%d0%b0%d0%bd%d0%bd%d0%b0","status":"publish","type":"page","link":"https:\/\/ottevenyikastely.hu\/ru\/%d0%b4%d0%b8%d0%ba%d0%b0%d1%8f-%d0%b7%d0%b5%d0%bd%d1%82%d0%b0%d0%b8-%d0%bc%d0%b0%d1%80%d0%b8%d0%b0%d0%bd%d0%bd%d0%b0\/","title":{"rendered":"\u041c\u0430\u0440\u0438\u0430\u043d\u043d \u0423\u0430\u0439\u043b\u0434-\u0417\u0435\u043d\u0442\u0430\u0438"},"content":{"rendered":"<div data-elementor-type=\"wp-page\" data-elementor-id=\"12417\" class=\"elementor elementor-12417\" data-elementor-post-type=\"page\">\n\t\t\t\t<div class=\"elementor-element elementor-element-83f5e8d e-flex e-con-boxed e-con e-parent\" data-id=\"83f5e8d\" data-element_type=\"container\" data-e-type=\"container\">\n\t\t\t\t\t<div class=\"e-con-inner\">\n\t\t\t\t<div class=\"elementor-element elementor-element-21b1393 elementor-widget elementor-widget-heading\" data-id=\"21b1393\" data-element_type=\"widget\" data-e-type=\"widget\" data-widget_type=\"heading.default\">\n\t\t\t\t<div class=\"elementor-widget-container\">\n\t\t\t\t\t<h2 class=\"elementor-heading-title elementor-size-default\">\u041c\u0430\u0440\u0438\u0430\u043d\u043d \u0423\u0430\u0439\u043b\u0434-\u0417\u0435\u043d\u0442\u0430\u0438<\/h2>\t\t\t\t<\/div>\n\t\t\t\t<\/div>\n\t\t\t\t\t<\/div>\n\t\t\t\t<\/div>\n\t\t<div class=\"elementor-element elementor-element-3b4f382 e-flex e-con-boxed e-con e-parent\" data-id=\"3b4f382\" data-element_type=\"container\" data-e-type=\"container\">\n\t\t\t\t\t<div class=\"e-con-inner\">\n\t\t\t\t<div class=\"elementor-element elementor-element-bbb8dde elementor-widget elementor-widget-text-editor\" data-id=\"bbb8dde\" data-element_type=\"widget\" data-e-type=\"widget\" data-widget_type=\"text-editor.default\">\n\t\t\t\t<div class=\"elementor-widget-container\">\n\t\t\t\t\t\t\t\t\t<p>\u041c\u0430\u0440\u0438\u0430\u043d\u043d \u0412\u0438\u043b\u044c\u0434-\u0417\u0435\u043d\u0442\u0430\u0438: \u0441\u043e\u0432\u0440\u0435\u043c\u0435\u043d\u043d\u0430\u044f \u0432\u0435\u043d\u0433\u0435\u0440\u0441\u043a\u0430\u044f \u0445\u0443\u0434\u043e\u0436\u043d\u0438\u0446\u0430, \u0447\u044c\u0435 \u0438\u0441\u043a\u0443\u0441\u0441\u0442\u0432\u043e \u043f\u043e\u0434\u0447\u0435\u0440\u043a\u0438\u0432\u0430\u0435\u0442 \u0432\u0430\u0436\u043d\u043e\u0441\u0442\u044c \u0441\u0430\u043c\u043e\u0441\u043e\u0437\u043d\u0430\u043d\u0438\u044f \u0438 \u043f\u0440\u0438\u0441\u0443\u0442\u0441\u0442\u0432\u0438\u044f. \u0415\u0435 \u0440\u0430\u0431\u043e\u0442\u044b \u0432\u043a\u043b\u044e\u0447\u0430\u044e\u0442 \u043a\u0430\u043a \u0444\u0438\u0433\u0443\u0440\u0430\u0442\u0438\u0432\u043d\u044b\u0435, \u0442\u0430\u043a \u0438 \u043d\u0435\u0444\u0438\u0433\u0443\u0440\u0430\u0442\u0438\u0432\u043d\u044b\u0435 \u043f\u0440\u043e\u0438\u0437\u0432\u0435\u0434\u0435\u043d\u0438\u044f, \u0438\u0441\u0441\u043b\u0435\u0434\u0443\u044e\u0449\u0438\u0435 \u043e\u0442\u043d\u043e\u0448\u0435\u043d\u0438\u044f \u043c\u0435\u0436\u0434\u0443 \u0432\u043d\u0443\u0442\u0440\u0435\u043d\u043d\u0438\u043c \u0438 \u0432\u043d\u0435\u0448\u043d\u0438\u043c \u043c\u0438\u0440\u043e\u043c. \u041e\u043d\u0430 \u0440\u0435\u0433\u0443\u043b\u044f\u0440\u043d\u043e \u0432\u044b\u0441\u0442\u0430\u0432\u043b\u044f\u0435\u0442 \u0441\u0432\u043e\u0438 \u0440\u0430\u0431\u043e\u0442\u044b, \u0432 \u043f\u043e\u0441\u043b\u0435\u0434\u043d\u0438\u0439 \u0440\u0430\u0437 \u0432 \u0437\u0430\u043c\u043a\u0435 \u041f\u0435\u0447\u0432\u0430\u0440\u0430\u0434 \u0438 \u0432 \u041a\u0430\u0440\u043e\u0448 \u041a\u043e\u0440\u0437\u043e \u0432 \u0417\u0430\u043b\u0430\u043a\u0430\u0440\u043e\u0448\u0435. \u041e\u043d\u0430 \u0442\u0430\u043a\u0436\u0435 \u0430\u043a\u0442\u0438\u0432\u043d\u0430 \u0432 \u0441\u043e\u0446\u0438\u0430\u043b\u044c\u043d\u044b\u0445 \u0441\u0435\u0442\u044f\u0445, \u0433\u0434\u0435 \u043c\u043e\u0436\u043d\u043e \u0441\u043b\u0435\u0434\u0438\u0442\u044c \u0437\u0430 \u0435\u0435 \u0440\u0430\u0431\u043e\u0442\u0430\u043c\u0438 \u0438 \u0432\u044b\u0441\u0442\u0430\u0432\u043a\u0430\u043c\u0438.<\/p>\t\t\t\t\t\t\t\t<\/div>\n\t\t\t\t<\/div>\n\t\t\t\t\t<\/div>\n\t\t\t\t<\/div>\n\t\t<div class=\"elementor-element elementor-element-e88ca12 e-flex e-con-boxed e-con e-parent\" data-id=\"e88ca12\" data-element_type=\"container\" data-e-type=\"container\">\n\t\t\t\t\t<div class=\"e-con-inner\">\n\t\t\t\t<div class=\"elementor-element elementor-element-21b1d65 elementor-widget elementor-widget-video\" data-id=\"21b1d65\" data-element_type=\"widget\" data-e-type=\"widget\" data-settings=\"{&quot;youtube_url&quot;:&quot;https:\\\/\\\/youtu.be\\\/BQ6yszBIAjE&quot;,&quot;video_type&quot;:&quot;youtube&quot;,&quot;controls&quot;:&quot;yes&quot;}\" data-widget_type=\"video.default\">\n\t\t\t\t<div class=\"elementor-widget-container\">\n\t\t\t\t\t\t\t<div class=\"elementor-wrapper elementor-open-inline\">\n\t\t\t<div class=\"elementor-video\"><\/div>\t\t<\/div>\n\t\t\t\t\t\t<\/div>\n\t\t\t\t<\/div>\n\t\t\t\t\t<\/div>\n\t\t\t\t<\/div>\n\t\t<div class=\"elementor-element elementor-element-7cb62c2 e-grid e-con-boxed e-con e-parent\" data-id=\"7cb62c2\" data-element_type=\"container\" data-e-type=\"container\">\n\t\t\t\t\t<div class=\"e-con-inner\">\n\t\t\t\t<div class=\"elementor-element elementor-element-8ea7989 elementor-widget elementor-widget-image\" data-id=\"8ea7989\" data-element_type=\"widget\" data-e-type=\"widget\" data-widget_type=\"image.default\">\n\t\t\t\t<div class=\"elementor-widget-container\">\n\t\t\t\t\t\t\t\t\t\t\t\t\t\t\t<img fetchpriority=\"high\" decoding=\"async\" width=\"768\" height=\"1024\" src=\"https:\/\/ottevenyikastely.hu\/wp-content\/uploads\/2025\/04\/IMG_3055-768x1024.jpeg\" class=\"attachment-large size-large wp-image-12561\" alt=\"\" srcset=\"https:\/\/ottevenyikastely.hu\/wp-content\/uploads\/2025\/04\/IMG_3055-768x1024.jpeg 768w, https:\/\/ottevenyikastely.hu\/wp-content\/uploads\/2025\/04\/IMG_3055-225x300.jpeg 225w, https:\/\/ottevenyikastely.hu\/wp-content\/uploads\/2025\/04\/IMG_3055-1152x1536.jpeg 1152w, https:\/\/ottevenyikastely.hu\/wp-content\/uploads\/2025\/04\/IMG_3055-1536x2048.jpeg 1536w, https:\/\/ottevenyikastely.hu\/wp-content\/uploads\/2025\/04\/IMG_3055-9x12.jpeg 9w, https:\/\/ottevenyikastely.hu\/wp-content\/uploads\/2025\/04\/IMG_3055-scaled.jpeg 1920w\" sizes=\"(max-width: 768px) 100vw, 768px\" title=\"\">\t\t\t\t\t\t\t\t\t\t\t\t\t\t\t<\/div>\n\t\t\t\t<\/div>\n\t\t\t\t<div class=\"elementor-element elementor-element-df9db28 elementor-widget elementor-widget-image\" data-id=\"df9db28\" data-element_type=\"widget\" data-e-type=\"widget\" data-widget_type=\"image.default\">\n\t\t\t\t<div class=\"elementor-widget-container\">\n\t\t\t\t\t\t\t\t\t\t\t\t\t\t\t<img decoding=\"async\" width=\"1024\" height=\"768\" src=\"https:\/\/ottevenyikastely.hu\/wp-content\/uploads\/2025\/04\/IMG_3130-1024x768.jpeg\" class=\"attachment-large size-large wp-image-12584\" alt=\"\" srcset=\"https:\/\/ottevenyikastely.hu\/wp-content\/uploads\/2025\/04\/IMG_3130-1024x768.jpeg 1024w, https:\/\/ottevenyikastely.hu\/wp-content\/uploads\/2025\/04\/IMG_3130-300x225.jpeg 300w, https:\/\/ottevenyikastely.hu\/wp-content\/uploads\/2025\/04\/IMG_3130-768x576.jpeg 768w, https:\/\/ottevenyikastely.hu\/wp-content\/uploads\/2025\/04\/IMG_3130-1536x1152.jpeg 1536w, https:\/\/ottevenyikastely.hu\/wp-content\/uploads\/2025\/04\/IMG_3130-2048x1536.jpeg 2048w, https:\/\/ottevenyikastely.hu\/wp-content\/uploads\/2025\/04\/IMG_3130-16x12.jpeg 16w\" sizes=\"(max-width: 1024px) 100vw, 1024px\" title=\"\">\t\t\t\t\t\t\t\t\t\t\t\t\t\t\t<\/div>\n\t\t\t\t<\/div>\n\t\t\t\t<div class=\"elementor-element elementor-element-30b0b9a elementor-widget elementor-widget-image\" data-id=\"30b0b9a\" data-element_type=\"widget\" data-e-type=\"widget\" data-widget_type=\"image.default\">\n\t\t\t\t<div class=\"elementor-widget-container\">\n\t\t\t\t\t\t\t\t\t\t\t\t\t\t\t<img decoding=\"async\" width=\"768\" height=\"1024\" src=\"https:\/\/ottevenyikastely.hu\/wp-content\/uploads\/2025\/04\/IMG_3066-768x1024.jpeg\" class=\"attachment-large size-large wp-image-12560\" alt=\"\" srcset=\"https:\/\/ottevenyikastely.hu\/wp-content\/uploads\/2025\/04\/IMG_3066-768x1024.jpeg 768w, https:\/\/ottevenyikastely.hu\/wp-content\/uploads\/2025\/04\/IMG_3066-225x300.jpeg 225w, https:\/\/ottevenyikastely.hu\/wp-content\/uploads\/2025\/04\/IMG_3066-1152x1536.jpeg 1152w, https:\/\/ottevenyikastely.hu\/wp-content\/uploads\/2025\/04\/IMG_3066-1536x2048.jpeg 1536w, https:\/\/ottevenyikastely.hu\/wp-content\/uploads\/2025\/04\/IMG_3066-9x12.jpeg 9w, https:\/\/ottevenyikastely.hu\/wp-content\/uploads\/2025\/04\/IMG_3066-scaled.jpeg 1920w\" sizes=\"(max-width: 768px) 100vw, 768px\" title=\"\">\t\t\t\t\t\t\t\t\t\t\t\t\t\t\t<\/div>\n\t\t\t\t<\/div>\n\t\t\t\t\t<\/div>\n\t\t\t\t<\/div>\n\t\t<div class=\"elementor-element elementor-element-56baddf e-flex e-con-boxed e-con e-parent\" data-id=\"56baddf\" data-element_type=\"container\" data-e-type=\"container\">\n\t\t\t\t\t<div class=\"e-con-inner\">\n\t\t\t\t<div class=\"elementor-element elementor-element-2a569ef elementor-widget elementor-widget-spacer\" data-id=\"2a569ef\" data-element_type=\"widget\" data-e-type=\"widget\" data-widget_type=\"spacer.default\">\n\t\t\t\t<div class=\"elementor-widget-container\">\n\t\t\t\t\t\t\t<div class=\"elementor-spacer\">\n\t\t\t<div class=\"elementor-spacer-inner\"><\/div>\n\t\t<\/div>\n\t\t\t\t\t\t<\/div>\n\t\t\t\t<\/div>\n\t\t\t\t\t<\/div>\n\t\t\t\t<\/div>\n\t\t<div class=\"elementor-element elementor-element-33cb9ff e-flex e-con-boxed e-con e-parent\" data-id=\"33cb9ff\" data-element_type=\"container\" data-e-type=\"container\">\n\t\t\t\t\t<div class=\"e-con-inner\">\n\t\t\t\t<div class=\"elementor-element elementor-element-22797ab elementor-widget elementor-widget-text-editor\" data-id=\"22797ab\" data-element_type=\"widget\" data-e-type=\"widget\" data-widget_type=\"text-editor.default\">\n\t\t\t\t<div class=\"elementor-widget-container\">\n\t\t\t\t\t\t\t\t\t<p>\u0427\u0442\u043e\u0431\u044b \u0441\u0434\u0435\u043b\u0430\u0442\u044c \u0441\u0442\u0430\u0432\u043a\u0443 \u043d\u0430 \u043f\u0440\u043e\u0438\u0437\u0432\u0435\u0434\u0435\u043d\u0438\u044f \u0438\u0441\u043a\u0443\u0441\u0441\u0442\u0432\u0430, \u0441\u0434\u0435\u043b\u0430\u043d\u043d\u044b\u0435 \u0437\u0434\u0435\u0441\u044c, \u043d\u0430\u0436\u043c\u0438\u0442\u0435 \u043d\u0430 \u0438\u0437\u043e\u0431\u0440\u0430\u0436\u0435\u043d\u0438\u0435 \u0438\u043b\u0438 \u043f\u043e\u0441\u0435\u0442\u0438\u0442\u0435 \u0441\u0430\u0439\u0442 <span style=\"text-decoration: underline;\"><strong><a href=\"https:\/\/foldvaryaukcio.hu\" target=\"_blank\" rel=\"noopener\">foldvaryaukcio.hu<\/a><\/strong><\/span> \u0435\u0441\u043b\u0438 \u0432\u0430\u0441 \u0438\u043d\u0442\u0435\u0440\u0435\u0441\u0443\u044e\u0442 \u043f\u043e\u0434\u0440\u043e\u0431\u043d\u043e\u0441\u0442\u0438!<\/p>\t\t\t\t\t\t\t\t<\/div>\n\t\t\t\t<\/div>\n\t\t\t\t\t<\/div>\n\t\t\t\t<\/div>\n\t\t<div class=\"elementor-element elementor-element-2e4cdff e-grid e-con-boxed e-con e-parent\" data-id=\"2e4cdff\" data-element_type=\"container\" data-e-type=\"container\">\n\t\t\t\t\t<div class=\"e-con-inner\">\n\t\t\t\t<div class=\"elementor-element elementor-element-55e7d36 elementor-widget elementor-widget-image\" data-id=\"55e7d36\" data-element_type=\"widget\" data-e-type=\"widget\" data-widget_type=\"image.default\">\n\t\t\t\t<div class=\"elementor-widget-container\">\n\t\t\t\t\t\t\t\t\t\t\t\t<figure class=\"wp-caption\">\n\t\t\t\t\t\t\t\t\t\t\t<a href=\"https:\/\/foldvaryaukcio.hu\/items\/230\" target=\"_blank\" rel=\"noopener\">\n\t\t\t\t\t\t\t<img loading=\"lazy\" decoding=\"async\" width=\"682\" height=\"1024\" src=\"https:\/\/ottevenyikastely.hu\/wp-content\/uploads\/2025\/04\/Wild-Zentai-Mariann-230-682x1024.jpeg\" class=\"attachment-large size-large wp-image-12978\" alt=\"\" srcset=\"https:\/\/ottevenyikastely.hu\/wp-content\/uploads\/2025\/04\/Wild-Zentai-Mariann-230-682x1024.jpeg 682w, https:\/\/ottevenyikastely.hu\/wp-content\/uploads\/2025\/04\/Wild-Zentai-Mariann-230-200x300.jpeg 200w, https:\/\/ottevenyikastely.hu\/wp-content\/uploads\/2025\/04\/Wild-Zentai-Mariann-230-768x1153.jpeg 768w, https:\/\/ottevenyikastely.hu\/wp-content\/uploads\/2025\/04\/Wild-Zentai-Mariann-230-1023x1536.jpeg 1023w, https:\/\/ottevenyikastely.hu\/wp-content\/uploads\/2025\/04\/Wild-Zentai-Mariann-230-1364x2048.jpeg 1364w, https:\/\/ottevenyikastely.hu\/wp-content\/uploads\/2025\/04\/Wild-Zentai-Mariann-230-8x12.jpeg 8w, https:\/\/ottevenyikastely.hu\/wp-content\/uploads\/2025\/04\/Wild-Zentai-Mariann-230-scaled.jpeg 1705w\" sizes=\"(max-width: 682px) 100vw, 682px\" title=\"\">\t\t\t\t\t\t\t\t<\/a>\n\t\t\t\t\t\t\t\t\t\t\t<figcaption class=\"widget-image-caption wp-caption-text\">\u043d\u0430\u0436\u043c\u0438\u0442\u0435 \u0437\u0434\u0435\u0441\u044c<\/figcaption>\n\t\t\t\t\t\t\t\t\t\t<\/figure>\n\t\t\t\t\t\t\t\t\t<\/div>\n\t\t\t\t<\/div>\n\t\t\t\t<div class=\"elementor-element elementor-element-2686ddf elementor-widget elementor-widget-image\" data-id=\"2686ddf\" data-element_type=\"widget\" data-e-type=\"widget\" data-widget_type=\"image.default\">\n\t\t\t\t<div class=\"elementor-widget-container\">\n\t\t\t\t\t\t\t\t\t\t\t\t<figure class=\"wp-caption\">\n\t\t\t\t\t\t\t\t\t\t\t<a href=\"https:\/\/foldvaryaukcio.hu\/items\/231\" target=\"_blank\" rel=\"noopener\">\n\t\t\t\t\t\t\t<img loading=\"lazy\" decoding=\"async\" width=\"735\" height=\"1024\" src=\"https:\/\/ottevenyikastely.hu\/wp-content\/uploads\/2025\/04\/Wild-Zentai-Mariann-231-735x1024.jpeg\" class=\"attachment-large size-large wp-image-12979\" alt=\"\" srcset=\"https:\/\/ottevenyikastely.hu\/wp-content\/uploads\/2025\/04\/Wild-Zentai-Mariann-231-735x1024.jpeg 735w, https:\/\/ottevenyikastely.hu\/wp-content\/uploads\/2025\/04\/Wild-Zentai-Mariann-231-215x300.jpeg 215w, https:\/\/ottevenyikastely.hu\/wp-content\/uploads\/2025\/04\/Wild-Zentai-Mariann-231-768x1070.jpeg 768w, https:\/\/ottevenyikastely.hu\/wp-content\/uploads\/2025\/04\/Wild-Zentai-Mariann-231-1103x1536.jpeg 1103w, https:\/\/ottevenyikastely.hu\/wp-content\/uploads\/2025\/04\/Wild-Zentai-Mariann-231-1470x2048.jpeg 1470w, https:\/\/ottevenyikastely.hu\/wp-content\/uploads\/2025\/04\/Wild-Zentai-Mariann-231-9x12.jpeg 9w, https:\/\/ottevenyikastely.hu\/wp-content\/uploads\/2025\/04\/Wild-Zentai-Mariann-231-scaled.jpeg 1838w\" sizes=\"(max-width: 735px) 100vw, 735px\" title=\"\">\t\t\t\t\t\t\t\t<\/a>\n\t\t\t\t\t\t\t\t\t\t\t<figcaption class=\"widget-image-caption wp-caption-text\">\u043d\u0430\u0436\u043c\u0438\u0442\u0435 \u0437\u0434\u0435\u0441\u044c<\/figcaption>\n\t\t\t\t\t\t\t\t\t\t<\/figure>\n\t\t\t\t\t\t\t\t\t<\/div>\n\t\t\t\t<\/div>\n\t\t\t\t\t<\/div>\n\t\t\t\t<\/div>\n\t\t<div class=\"elementor-element elementor-element-1c0203f e-grid e-con-boxed e-con e-parent\" data-id=\"1c0203f\" data-element_type=\"container\" data-e-type=\"container\">\n\t\t\t\t\t<div class=\"e-con-inner\">\n\t\t\t\t<div class=\"elementor-element elementor-element-5d87915 elementor-widget elementor-widget-image\" data-id=\"5d87915\" data-element_type=\"widget\" data-e-type=\"widget\" data-widget_type=\"image.default\">\n\t\t\t\t<div class=\"elementor-widget-container\">\n\t\t\t\t\t\t\t\t\t\t\t\t<figure class=\"wp-caption\">\n\t\t\t\t\t\t\t\t\t\t\t<a href=\"https:\/\/foldvaryaukcio.hu\/items\/233\" target=\"_blank\" rel=\"noopener\">\n\t\t\t\t\t\t\t<img loading=\"lazy\" decoding=\"async\" width=\"768\" height=\"544\" src=\"https:\/\/ottevenyikastely.hu\/wp-content\/uploads\/2025\/04\/Wild-Zentai-Mariann-233-768x544.jpeg\" class=\"attachment-medium_large size-medium_large wp-image-12981\" alt=\"\" srcset=\"https:\/\/ottevenyikastely.hu\/wp-content\/uploads\/2025\/04\/Wild-Zentai-Mariann-233-768x544.jpeg 768w, https:\/\/ottevenyikastely.hu\/wp-content\/uploads\/2025\/04\/Wild-Zentai-Mariann-233-300x212.jpeg 300w, https:\/\/ottevenyikastely.hu\/wp-content\/uploads\/2025\/04\/Wild-Zentai-Mariann-233-18x12.jpeg 18w, https:\/\/ottevenyikastely.hu\/wp-content\/uploads\/2025\/04\/Wild-Zentai-Mariann-233.jpeg 777w\" sizes=\"(max-width: 768px) 100vw, 768px\" title=\"\">\t\t\t\t\t\t\t\t<\/a>\n\t\t\t\t\t\t\t\t\t\t\t<figcaption class=\"widget-image-caption wp-caption-text\">\u043d\u0430\u0436\u043c\u0438\u0442\u0435 \u0437\u0434\u0435\u0441\u044c<\/figcaption>\n\t\t\t\t\t\t\t\t\t\t<\/figure>\n\t\t\t\t\t\t\t\t\t<\/div>\n\t\t\t\t<\/div>\n\t\t\t\t<div class=\"elementor-element elementor-element-b71a308 elementor-widget elementor-widget-image\" data-id=\"b71a308\" data-element_type=\"widget\" data-e-type=\"widget\" data-widget_type=\"image.default\">\n\t\t\t\t<div class=\"elementor-widget-container\">\n\t\t\t\t\t\t\t\t\t\t\t\t<figure class=\"wp-caption\">\n\t\t\t\t\t\t\t\t\t\t\t<a href=\"https:\/\/foldvaryaukcio.hu\/items\/232\" target=\"_blank\" rel=\"noopener\">\n\t\t\t\t\t\t\t<img loading=\"lazy\" decoding=\"async\" width=\"768\" height=\"454\" src=\"https:\/\/ottevenyikastely.hu\/wp-content\/uploads\/2025\/04\/Wild-Zentai-Mariann-232-768x454.jpeg\" class=\"attachment-medium_large size-medium_large wp-image-12980\" alt=\"\" srcset=\"https:\/\/ottevenyikastely.hu\/wp-content\/uploads\/2025\/04\/Wild-Zentai-Mariann-232-768x454.jpeg 768w, https:\/\/ottevenyikastely.hu\/wp-content\/uploads\/2025\/04\/Wild-Zentai-Mariann-232-300x177.jpeg 300w, https:\/\/ottevenyikastely.hu\/wp-content\/uploads\/2025\/04\/Wild-Zentai-Mariann-232-18x12.jpeg 18w, https:\/\/ottevenyikastely.hu\/wp-content\/uploads\/2025\/04\/Wild-Zentai-Mariann-232.jpeg 828w\" sizes=\"(max-width: 768px) 100vw, 768px\" title=\"\">\t\t\t\t\t\t\t\t<\/a>\n\t\t\t\t\t\t\t\t\t\t\t<figcaption class=\"widget-image-caption wp-caption-text\">\u043d\u0430\u0436\u043c\u0438\u0442\u0435 \u0437\u0434\u0435\u0441\u044c<\/figcaption>\n\t\t\t\t\t\t\t\t\t\t<\/figure>\n\t\t\t\t\t\t\t\t\t<\/div>\n\t\t\t\t<\/div>\n\t\t\t\t\t<\/div>\n\t\t\t\t<\/div>\n\t\t<div class=\"elementor-element elementor-element-35c708b e-flex e-con-boxed e-con e-parent\" data-id=\"35c708b\" data-element_type=\"container\" data-e-type=\"container\">\n\t\t\t\t\t<div class=\"e-con-inner\">\n\t\t\t\t<div class=\"elementor-element elementor-element-9bc44ce elementor-align-right elementor-widget elementor-widget-button\" data-id=\"9bc44ce\" data-element_type=\"widget\" data-e-type=\"widget\" data-widget_type=\"button.default\">\n\t\t\t\t<div class=\"elementor-widget-container\">\n\t\t\t\t\t\t\t\t\t<div class=\"elementor-button-wrapper\">\n\t\t\t\t\t<a class=\"elementor-button elementor-button-link elementor-size-sm\" href=\"https:\/\/wildzentaimariann.com\" id=\"https:\/\/wildzentaimariann.com\" target=\"_blank\" rel=\"noopener\">\n\t\t\t\t\t\t<span class=\"elementor-button-content-wrapper\">\n\t\t\t\t\t\t\t\t\t<span class=\"elementor-button-text\">\u0412\u0435\u0431-\u0441\u0442\u0440\u0430\u043d\u0438\u0446\u0430 \u0445\u0443\u0434\u043e\u0436\u043d\u0438\u043a\u0430<\/span>\n\t\t\t\t\t<\/span>\n\t\t\t\t\t<\/a>\n\t\t\t\t<\/div>\n\t\t\t\t\t\t\t\t<\/div>\n\t\t\t\t<\/div>\n\t\t\t\t\t<\/div>\n\t\t\t\t<\/div>\n\t\t\t\t<\/div>","protected":false},"excerpt":{"rendered":"<p>Wild-Zentai Mariann Wild-Zentai Mariann: Kort\u00e1rs magyar fest\u0151m\u0171v\u00e9sz, aki m\u0171v\u00e9szet\u00e9ben az \u00f6nismeret \u00e9s a jelenl\u00e9t fontoss\u00e1g\u00e1t hangs\u00falyozza. Alkot\u00e1sai k\u00f6z\u00f6tt megtal\u00e1lhat\u00f3k figurat\u00edv \u00e9s nonfigurat\u00edv m\u0171vek egyar\u00e1nt, melyekkel a bels\u0151 vil\u00e1g \u00e9s a k\u00fclvil\u00e1g k\u00f6z\u00f6tti kapcsolatot kutatja. M\u0171veit rendszeresen ki\u00e1ll\u00edtja, legut\u00f3bb a P\u00e9csv\u00e1radi v\u00e1rban \u00e9s a Karos Korz\u00f3ban Zalakaroson ker\u00fcltek egy\u00e9ni ki\u00e1ll\u00edt\u00e1sra alkot\u00e1sai. Akt\u00edvan jelen van a k\u00f6z\u00f6ss\u00e9gi [&hellip;]<\/p>","protected":false},"author":7,"featured_media":0,"parent":0,"menu_order":0,"comment_status":"closed","ping_status":"closed","template":"","meta":{"footnotes":""},"class_list":["post-12417","page","type-page","status-publish","hentry","entry"],"_links":{"self":[{"href":"https:\/\/ottevenyikastely.hu\/ru\/wp-json\/wp\/v2\/pages\/12417","targetHints":{"allow":["GET"]}}],"collection":[{"href":"https:\/\/ottevenyikastely.hu\/ru\/wp-json\/wp\/v2\/pages"}],"about":[{"href":"https:\/\/ottevenyikastely.hu\/ru\/wp-json\/wp\/v2\/types\/page"}],"author":[{"embeddable":true,"href":"https:\/\/ottevenyikastely.hu\/ru\/wp-json\/wp\/v2\/users\/7"}],"replies":[{"embeddable":true,"href":"https:\/\/ottevenyikastely.hu\/ru\/wp-json\/wp\/v2\/comments?post=12417"}],"version-history":[{"count":25,"href":"https:\/\/ottevenyikastely.hu\/ru\/wp-json\/wp\/v2\/pages\/12417\/revisions"}],"predecessor-version":[{"id":13452,"href":"https:\/\/ottevenyikastely.hu\/ru\/wp-json\/wp\/v2\/pages\/12417\/revisions\/13452"}],"wp:attachment":[{"href":"https:\/\/ottevenyikastely.hu\/ru\/wp-json\/wp\/v2\/media?parent=12417"}],"curies":[{"name":"wp","href":"https:\/\/api.w.org\/{rel}","templated":true}]}}