{"id":14271,"date":"2025-09-01T09:45:07","date_gmt":"2025-09-01T07:45:07","guid":{"rendered":"https:\/\/ottevenyikastely.hu\/?page_id=14271"},"modified":"2025-09-01T09:45:20","modified_gmt":"2025-09-01T07:45:20","slug":"koszonjuk-eskuvo","status":"publish","type":"page","link":"https:\/\/ottevenyikastely.hu\/ru\/koszonjuk-eskuvo\/","title":{"rendered":"\u0421\u043f\u0430\u0441\u0438\u0431\u043e, \u0421\u0432\u0430\u0434\u044c\u0431\u0430"},"content":{"rendered":"<div data-elementor-type=\"wp-page\" data-elementor-id=\"14271\" class=\"elementor elementor-14271\" data-elementor-post-type=\"page\">\n\t\t\t\t<div class=\"elementor-element elementor-element-00ba6ae e-flex e-con-boxed e-con e-parent\" data-id=\"00ba6ae\" data-element_type=\"container\" data-e-type=\"container\">\n\t\t\t\t\t<div class=\"e-con-inner\">\n\t\t\t\t<div class=\"elementor-element elementor-element-7affcc8 elementor-widget elementor-widget-heading\" data-id=\"7affcc8\" data-element_type=\"widget\" data-e-type=\"widget\" data-widget_type=\"heading.default\">\n\t\t\t\t<div class=\"elementor-widget-container\">\n\t\t\t\t\t<h2 class=\"elementor-heading-title elementor-size-default\">\u0421\u043f\u0430\u0441\u0438\u0431\u043e, \u0447\u0442\u043e \u043e\u0431\u0440\u0430\u0442\u0438\u043b\u0438\u0441\u044c \u043a \u043d\u0430\u043c!<\/h2>\t\t\t\t<\/div>\n\t\t\t\t<\/div>\n\t\t\t\t<div class=\"elementor-element elementor-element-88d52de elementor-widget elementor-widget-text-editor\" data-id=\"88d52de\" data-element_type=\"widget\" data-e-type=\"widget\" data-widget_type=\"text-editor.default\">\n\t\t\t\t<div class=\"elementor-widget-container\">\n\t\t\t\t\t\t\t\t\t<p>\u041c\u044b \u043e\u0442\u0432\u0435\u0442\u0438\u043c \u043d\u0430 \u0432\u0430\u0448\u0435 \u0441\u043e\u043e\u0431\u0449\u0435\u043d\u0438\u0435 \u0432 \u0431\u043b\u0438\u0436\u0430\u0439\u0448\u0435\u0435 \u0432\u0440\u0435\u043c\u044f. \u041d\u0430\u0448\u0438 \u043a\u043e\u043b\u043b\u0435\u0433\u0438 \u0441\u0432\u044f\u0436\u0443\u0442\u0441\u044f \u0441 \u0432\u0430\u043c\u0438 \u0432 \u043a\u0440\u0430\u0442\u0447\u0430\u0439\u0448\u0438\u0435 \u0441\u0440\u043e\u043a\u0438, \u0438\u0441\u043f\u043e\u043b\u044c\u0437\u0443\u044f \u0443\u043a\u0430\u0437\u0430\u043d\u043d\u044b\u0435 \u043a\u043e\u043d\u0442\u0430\u043a\u0442\u043d\u044b\u0435 \u0434\u0430\u043d\u043d\u044b\u0435.<br \/>\u041f\u043e\u0436\u0430\u043b\u0443\u0439\u0441\u0442\u0430, \u043f\u0440\u043e\u0432\u0435\u0440\u044c\u0442\u0435 \u0441\u0432\u043e\u0439 \u043f\u043e\u0447\u0442\u043e\u0432\u044b\u0439 \u044f\u0449\u0438\u043a (\u0438 \u043f\u0430\u043f\u043a\u0443 \"\u0420\u0435\u043a\u043b\u0430\u043c\u043d\u044b\u0435 \u0430\u043a\u0446\u0438\u0438\/\u0441\u043f\u0430\u043c\").<\/p>\t\t\t\t\t\t\t\t<\/div>\n\t\t\t\t<\/div>\n\t\t\t\t<div class=\"elementor-element elementor-element-134691c elementor-align-center elementor-widget elementor-widget-button\" data-id=\"134691c\" data-element_type=\"widget\" data-e-type=\"widget\" data-widget_type=\"button.default\">\n\t\t\t\t<div class=\"elementor-widget-container\">\n\t\t\t\t\t\t\t\t\t<div class=\"elementor-button-wrapper\">\n\t\t\t\t\t<a class=\"elementor-button elementor-button-link elementor-size-sm\" href=\"https:\/\/ottevenyikastely.hu\/ru\/\">\n\t\t\t\t\t\t<span class=\"elementor-button-content-wrapper\">\n\t\t\t\t\t\t\t\t\t<span class=\"elementor-button-text\">\u0412\u0435\u0440\u043d\u0443\u0442\u044c\u0441\u044f \u043d\u0430 \u0433\u043b\u0430\u0432\u043d\u0443\u044e \u0441\u0442\u0440\u0430\u043d\u0438\u0446\u0443<\/span>\n\t\t\t\t\t<\/span>\n\t\t\t\t\t<\/a>\n\t\t\t\t<\/div>\n\t\t\t\t\t\t\t\t<\/div>\n\t\t\t\t<\/div>\n\t\t\t\t\t<\/div>\n\t\t\t\t<\/div>\n\t\t\t\t<\/div>","protected":false},"excerpt":{"rendered":"<p>K\u00f6sz\u00f6nj\u00fck, hogy felvette vel\u00fcnk a kapcsolatot! Hamarosan v\u00e1laszolunk az \u00fczenet\u00e9re. Koll\u00e9g\u00e1ink a lehet\u0151 legr\u00f6videbb id\u0151n bel\u00fcl felkeresik \u00d6nt a megadott el\u00e9rhet\u0151s\u00e9gein.K\u00e9rj\u00fck, ellen\u0151rizze postal\u00e1d\u00e1j\u00e1t (\u00e9s a prom\u00f3ci\u00f3s\/spam mapp\u00e1t is). Vissza a f\u0151oldalra<\/p>","protected":false},"author":3,"featured_media":0,"parent":0,"menu_order":0,"comment_status":"closed","ping_status":"closed","template":"elementor_header_footer","meta":{"footnotes":""},"class_list":["post-14271","page","type-page","status-publish","hentry","entry"],"_links":{"self":[{"href":"https:\/\/ottevenyikastely.hu\/ru\/wp-json\/wp\/v2\/pages\/14271","targetHints":{"allow":["GET"]}}],"collection":[{"href":"https:\/\/ottevenyikastely.hu\/ru\/wp-json\/wp\/v2\/pages"}],"about":[{"href":"https:\/\/ottevenyikastely.hu\/ru\/wp-json\/wp\/v2\/types\/page"}],"author":[{"embeddable":true,"href":"https:\/\/ottevenyikastely.hu\/ru\/wp-json\/wp\/v2\/users\/3"}],"replies":[{"embeddable":true,"href":"https:\/\/ottevenyikastely.hu\/ru\/wp-json\/wp\/v2\/comments?post=14271"}],"version-history":[{"count":4,"href":"https:\/\/ottevenyikastely.hu\/ru\/wp-json\/wp\/v2\/pages\/14271\/revisions"}],"predecessor-version":[{"id":14275,"href":"https:\/\/ottevenyikastely.hu\/ru\/wp-json\/wp\/v2\/pages\/14271\/revisions\/14275"}],"wp:attachment":[{"href":"https:\/\/ottevenyikastely.hu\/ru\/wp-json\/wp\/v2\/media?parent=14271"}],"curies":[{"name":"wp","href":"https:\/\/api.w.org\/{rel}","templated":true}]}}