{"id":14443,"date":"2025-11-16T08:21:21","date_gmt":"2025-11-16T07:21:21","guid":{"rendered":"https:\/\/ottevenyikastely.hu\/?page_id=14443"},"modified":"2025-11-16T08:27:50","modified_gmt":"2025-11-16T07:27:50","slug":"kastely-karacsonyi-aukcio-kiallitas","status":"publish","type":"page","link":"https:\/\/ottevenyikastely.hu\/ru\/kastely-karacsonyi-aukcio-kiallitas\/","title":{"rendered":"Kast\u00e9ly kar\u00e1csonyi aukci\u00f3 ki\u00e1ll\u00edt\u00e1s"},"content":{"rendered":"<div data-elementor-type=\"wp-page\" data-elementor-id=\"14443\" class=\"elementor elementor-14443\" data-elementor-post-type=\"page\">\n\t\t\t\t<div class=\"elementor-element elementor-element-4952c82 e-flex e-con-boxed e-con e-parent\" data-id=\"4952c82\" data-element_type=\"container\" data-e-type=\"container\">\n\t\t\t\t\t<div class=\"e-con-inner\">\n\t\t\t\t<div class=\"elementor-element elementor-element-c531546 elementor-widget elementor-widget-heading\" data-id=\"c531546\" data-element_type=\"widget\" data-e-type=\"widget\" data-widget_type=\"heading.default\">\n\t\t\t\t<div class=\"elementor-widget-container\">\n\t\t\t\t\t<h2 class=\"elementor-heading-title elementor-size-default\">Sok szeretettel v\u00e1rjuk <br>a Kar\u00e1csonyi Aukci\u00f3s anyagunk <br>ki\u00e1ll\u00edt\u00e1s\u00e1n <br>az \u00d6ttev\u00e9nyi Kast\u00e9lyban<\/h2>\t\t\t\t<\/div>\n\t\t\t\t<\/div>\n\t\t\t\t\t<\/div>\n\t\t\t\t<\/div>\n\t\t<div class=\"elementor-element elementor-element-6ba87fe e-flex e-con-boxed e-con e-parent\" data-id=\"6ba87fe\" data-element_type=\"container\" data-e-type=\"container\">\n\t\t\t\t\t<div class=\"e-con-inner\">\n\t\t\t\t<div class=\"elementor-element elementor-element-1d7f6f7 elementor-widget elementor-widget-image\" data-id=\"1d7f6f7\" data-element_type=\"widget\" data-e-type=\"widget\" data-widget_type=\"image.default\">\n\t\t\t\t<div class=\"elementor-widget-container\">\n\t\t\t\t\t\t\t\t\t\t\t\t\t\t\t<img fetchpriority=\"high\" decoding=\"async\" width=\"1024\" height=\"683\" src=\"https:\/\/ottevenyikastely.hu\/wp-content\/uploads\/2025\/09\/EA_02306-1024x683.jpg\" class=\"attachment-large size-large wp-image-14343\" alt=\"\" srcset=\"https:\/\/ottevenyikastely.hu\/wp-content\/uploads\/2025\/09\/EA_02306-1024x683.jpg 1024w, https:\/\/ottevenyikastely.hu\/wp-content\/uploads\/2025\/09\/EA_02306-300x200.jpg 300w, https:\/\/ottevenyikastely.hu\/wp-content\/uploads\/2025\/09\/EA_02306-768x512.jpg 768w, https:\/\/ottevenyikastely.hu\/wp-content\/uploads\/2025\/09\/EA_02306-1536x1024.jpg 1536w, https:\/\/ottevenyikastely.hu\/wp-content\/uploads\/2025\/09\/EA_02306-2048x1365.jpg 2048w, https:\/\/ottevenyikastely.hu\/wp-content\/uploads\/2025\/09\/EA_02306-18x12.jpg 18w\" sizes=\"(max-width: 1024px) 100vw, 1024px\" title=\"\">\t\t\t\t\t\t\t\t\t\t\t\t\t\t\t<\/div>\n\t\t\t\t<\/div>\n\t\t\t\t<div class=\"elementor-element elementor-element-291529b elementor-widget elementor-widget-text-editor\" data-id=\"291529b\" data-element_type=\"widget\" data-e-type=\"widget\" data-widget_type=\"text-editor.default\">\n\t\t\t\t<div class=\"elementor-widget-container\">\n\t\t\t\t\t\t\t\t\t<p style=\"text-align: center;\">A ki\u00e1ll\u00edt\u00e1s megtekinthet\u0151 ingyenesen az aukci\u00f3sh\u00e1z regisztr\u00e1lt vend\u00e9geinek, munkaid\u0151ben munkanapokon.\u00a0<\/p><p style=\"text-align: center;\">K\u00e9rem jelentkezzen be munkat\u00e1rsunkn\u00e1l el\u0151zetesen: <strong>Darnai Andrea \u202d+36 30 230 7598\u202c<\/strong><\/p>\t\t\t\t\t\t\t\t<\/div>\n\t\t\t\t<\/div>\n\t\t\t\t\t<\/div>\n\t\t\t\t<\/div>\n\t\t\t\t<\/div>","protected":false},"excerpt":{"rendered":"<p>Sok szeretettel v\u00e1rjuk a Kar\u00e1csonyi Aukci\u00f3s anyagunk ki\u00e1ll\u00edt\u00e1s\u00e1n az \u00d6ttev\u00e9nyi Kast\u00e9lyban A ki\u00e1ll\u00edt\u00e1s megtekinthet\u0151 ingyenesen az aukci\u00f3sh\u00e1z regisztr\u00e1lt vend\u00e9geinek, munkaid\u0151ben munkanapokon.\u00a0 K\u00e9rem jelentkezzen be munkat\u00e1rsunkn\u00e1l el\u0151zetesen: Darnai Andrea \u202d+36 30 230 7598\u202c<\/p>","protected":false},"author":7,"featured_media":0,"parent":0,"menu_order":0,"comment_status":"closed","ping_status":"closed","template":"","meta":{"footnotes":""},"class_list":["post-14443","page","type-page","status-publish","hentry","entry"],"_links":{"self":[{"href":"https:\/\/ottevenyikastely.hu\/ru\/wp-json\/wp\/v2\/pages\/14443","targetHints":{"allow":["GET"]}}],"collection":[{"href":"https:\/\/ottevenyikastely.hu\/ru\/wp-json\/wp\/v2\/pages"}],"about":[{"href":"https:\/\/ottevenyikastely.hu\/ru\/wp-json\/wp\/v2\/types\/page"}],"author":[{"embeddable":true,"href":"https:\/\/ottevenyikastely.hu\/ru\/wp-json\/wp\/v2\/users\/7"}],"replies":[{"embeddable":true,"href":"https:\/\/ottevenyikastely.hu\/ru\/wp-json\/wp\/v2\/comments?post=14443"}],"version-history":[{"count":10,"href":"https:\/\/ottevenyikastely.hu\/ru\/wp-json\/wp\/v2\/pages\/14443\/revisions"}],"predecessor-version":[{"id":14453,"href":"https:\/\/ottevenyikastely.hu\/ru\/wp-json\/wp\/v2\/pages\/14443\/revisions\/14453"}],"wp:attachment":[{"href":"https:\/\/ottevenyikastely.hu\/ru\/wp-json\/wp\/v2\/media?parent=14443"}],"curies":[{"name":"wp","href":"https:\/\/api.w.org\/{rel}","templated":true}]}}