{"id":14747,"date":"2026-03-02T20:06:38","date_gmt":"2026-03-02T19:06:38","guid":{"rendered":"https:\/\/ottevenyikastely.hu\/?page_id=14747"},"modified":"2026-03-02T20:07:23","modified_gmt":"2026-03-02T19:07:23","slug":"hazirend","status":"publish","type":"page","link":"https:\/\/ottevenyikastely.hu\/ru\/hazirend\/","title":{"rendered":"\u041f\u0440\u0430\u0432\u0438\u043b\u0430 \u0432\u043d\u0443\u0442\u0440\u0435\u043d\u043d\u0435\u0433\u043e \u0440\u0430\u0441\u043f\u043e\u0440\u044f\u0434\u043a\u0430"},"content":{"rendered":"<div data-elementor-type=\"wp-page\" data-elementor-id=\"14747\" class=\"elementor elementor-14747\" data-elementor-post-type=\"page\">\n\t\t\t\t<div class=\"elementor-element elementor-element-2b91b16 e-flex e-con-boxed e-con e-parent\" data-id=\"2b91b16\" data-element_type=\"container\" data-e-type=\"container\">\n\t\t\t\t\t<div class=\"e-con-inner\">\n\t\t\t\t<div class=\"elementor-element elementor-element-c1d5fd4 elementor-widget elementor-widget-heading\" data-id=\"c1d5fd4\" data-element_type=\"widget\" data-e-type=\"widget\" data-widget_type=\"heading.default\">\n\t\t\t\t<div class=\"elementor-widget-container\">\n\t\t\t\t\t<h2 class=\"elementor-heading-title elementor-size-default\">\u0417\u0410\u041c\u041e\u041a F\u00d6LDV\u00c1RY - \u041f\u0420\u0410\u0412\u0418\u041b\u0410 \u041f\u0420\u041e\u0416\u0418\u0412\u0410\u041d\u0418\u042f\u00a0<\/h2>\t\t\t\t<\/div>\n\t\t\t\t<\/div>\n\t\t\t\t<div class=\"elementor-element elementor-element-432731a elementor-widget elementor-widget-text-editor\" data-id=\"432731a\" data-element_type=\"widget\" data-e-type=\"widget\" data-widget_type=\"text-editor.default\">\n\t\t\t\t<div class=\"elementor-widget-container\">\n\t\t\t\t\t\t\t\t\t<p><span data-ccp-props=\"{&quot;335551550&quot;:2,&quot;335551620&quot;:2,&quot;469777462&quot;:[5075,6772],&quot;469777927&quot;:[0,0],&quot;469777928&quot;:[1,1]}\">\u00a0<\/span><\/p><p><i><span data-contrast=\"none\">(\u0414\u043b\u044f \u043c\u0435\u0440\u043e\u043f\u0440\u0438\u044f\u0442\u0438\u0439, \u0430\u0440\u0435\u043d\u0434\u044b \u0438 \u0443\u0441\u043b\u0443\u0433 \u043f\u043e \u0440\u0430\u0437\u043c\u0435\u0449\u0435\u043d\u0438\u044e)<\/span><\/i><span data-ccp-props=\"{&quot;134233117&quot;:true,&quot;134233118&quot;:true,&quot;335551550&quot;:2,&quot;335551620&quot;:2}\">\u00a0<\/span><\/p><p><span data-contrast=\"none\">\u0417\u0430\u043c\u043e\u043a F\u00f6ldv\u00e1ry \u043f\u0440\u0435\u0434\u0441\u0442\u0430\u0432\u043b\u044f\u0435\u0442 \u0441\u043e\u0431\u043e\u0439 \u043e\u0441\u043e\u0431\u0443\u044e \u0438\u0441\u0442\u043e\u0440\u0438\u0447\u0435\u0441\u043a\u0443\u044e \u0438 \u043f\u0440\u0438\u0440\u043e\u0434\u043d\u0443\u044e \u0446\u0435\u043d\u043d\u043e\u0441\u0442\u044c. \u0412\u0441\u0435 \u0443\u0447\u0430\u0441\u0442\u043d\u0438\u043a\u0438 \u0438 \u0433\u043e\u0441\u0442\u0438 \u0434\u043e\u043b\u0436\u043d\u044b \u0441\u043e\u0431\u043b\u044e\u0434\u0430\u0442\u044c \u0441\u043b\u0435\u0434\u0443\u044e\u0449\u0438\u0435 \u043f\u0440\u0430\u0432\u0438\u043b\u0430 \u0438 \u043d\u043e\u0440\u043c\u044b \u043f\u0440\u0438 \u043f\u043e\u0441\u0435\u0449\u0435\u043d\u0438\u0438 \u043c\u0435\u0440\u043e\u043f\u0440\u0438\u044f\u0442\u0438\u0439, \u0430\u0440\u0435\u043d\u0434\u0435 \u0438\u043b\u0438 \u043f\u0440\u043e\u0436\u0438\u0432\u0430\u043d\u0438\u0438 \u0432 \u0437\u0430\u043c\u043a\u0435 \u0438 \u043d\u0430 \u0435\u0433\u043e \u0442\u0435\u0440\u0440\u0438\u0442\u043e\u0440\u0438\u0438. \u042d\u0442\u0438 \u043f\u0440\u0430\u0432\u0438\u043b\u0430 \u043f\u0440\u0438\u0437\u0432\u0430\u043d\u044b \u0437\u0430\u0449\u0438\u0442\u0438\u0442\u044c \u0437\u0434\u0430\u043d\u0438\u0435 \u0437\u0430\u043c\u043a\u0430, \u0435\u0433\u043e \u043e\u0431\u0441\u0442\u0430\u043d\u043e\u0432\u043a\u0443, \u0430\u0440\u0442\u0435\u0444\u0430\u043a\u0442\u044b \u0438 \u043e\u043a\u0440\u0435\u0441\u0442\u043d\u043e\u0441\u0442\u0438, \u0430 \u0442\u0430\u043a\u0436\u0435 \u0441\u043e\u0445\u0440\u0430\u043d\u0438\u0442\u044c \u0441\u043f\u043e\u043a\u043e\u0439\u0441\u0442\u0432\u0438\u0435 \u0432 \u044d\u0442\u043e\u043c \u0440\u0430\u0439\u043e\u043d\u0435.<\/span><span data-ccp-props=\"{&quot;134233117&quot;:true,&quot;134233118&quot;:true}\">\u00a0<\/span><\/p><p><span data-ccp-props=\"{}\">\u00a0<\/span><\/p><ol><li><b><span data-contrast=\"none\"> \u00c1ltal\u00e1nos magatart\u00e1si szab\u00e1lyok<\/span><\/b><\/li><\/ol><p><span data-contrast=\"none\">1.1 \u041f\u0440\u0438 \u0438\u0441\u043f\u043e\u043b\u044c\u0437\u043e\u0432\u0430\u043d\u0438\u0438 \u0437\u0430\u043c\u043a\u0430 \u0438 \u0435\u0433\u043e \u0442\u0435\u0440\u0440\u0438\u0442\u043e\u0440\u0438\u0438 \u0432\u0441\u0435 \u0433\u043e\u0441\u0442\u0438 \u0434\u043e\u043b\u0436\u043d\u044b \u0443\u0432\u0430\u0436\u0430\u0442\u044c \u0446\u0435\u043d\u043d\u043e\u0441\u0442\u044c \u0438\u0441\u0442\u043e\u0440\u0438\u0447\u0435\u0441\u043a\u043e\u0433\u043e \u0437\u0434\u0430\u043d\u0438\u044f \u0438 \u0435\u0433\u043e \u0430\u0440\u0442\u0435\u0444\u0430\u043a\u0442\u043e\u0432, \u0430 \u0442\u0430\u043a\u0436\u0435 \u043e\u0441\u043e\u0431\u0435\u043d\u043d\u043e\u0441\u0442\u0438 \u043f\u0440\u0438\u0440\u043e\u0434\u043d\u043e\u0433\u043e \u0437\u0430\u043f\u043e\u0432\u0435\u0434\u043d\u0438\u043a\u0430.<\/span>\u00a0<br \/><span data-contrast=\"none\">1.2 \u0412\u043e \u0432\u0440\u0435\u043c\u044f \u043f\u0440\u043e\u0432\u0435\u0434\u0435\u043d\u0438\u044f \u043c\u0435\u0440\u043e\u043f\u0440\u0438\u044f\u0442\u0438\u0439 \u0438 \u0438\u0441\u043f\u043e\u043b\u044c\u0437\u043e\u0432\u0430\u043d\u0438\u044f \u0437\u0430\u043c\u043a\u0430 \u0437\u0430\u043f\u0440\u0435\u0449\u0435\u043d\u0430 \u043b\u044e\u0431\u0430\u044f \u043d\u0435\u0437\u0430\u043a\u043e\u043d\u043d\u0430\u044f \u0434\u0435\u044f\u0442\u0435\u043b\u044c\u043d\u043e\u0441\u0442\u044c.<\/span>\u00a0<br \/><span data-contrast=\"none\">1.3 \u0413\u043e\u0441\u0442\u0438 \u0434\u043e\u043b\u0436\u043d\u044b \u0432\u044b\u043f\u043e\u043b\u043d\u044f\u0442\u044c \u0432\u0441\u0435 \u0443\u043a\u0430\u0437\u0430\u043d\u0438\u044f \u043f\u0435\u0440\u0441\u043e\u043d\u0430\u043b\u0430.<\/span><span data-ccp-props=\"{&quot;134233117&quot;:true,&quot;134233118&quot;:true}\">\u00a0<\/span><\/p><p><span data-ccp-props=\"{}\">\u00a0<\/span><\/p><ol start=\"2\"><li><b><span data-contrast=\"none\"> Nyugalom \u00e9s zajterhel\u00e9s korl\u00e1toz\u00e1sa<\/span><\/b><\/li><\/ol><p><span data-contrast=\"none\">2.1. A kast\u00e9ly udvar\u00e1n \u00e9s k\u00fcls\u0151 terein\u202f<\/span><b><span data-contrast=\"none\">\u043f\u043e\u0441\u043b\u0435 22:00<\/span><\/b><span data-contrast=\"none\">\u202fb\u00e1rmilyen zajjal j\u00e1r\u00f3 tev\u00e9kenys\u00e9g \u2013 \u00edgy k\u00fcl\u00f6n\u00f6sen t\u0171zij\u00e1t\u00e9k, zen\u00e9s m\u0171sor, hangos zene, medencehaszn\u00e1lat \u2013\u202f<\/span><b><span data-contrast=\"none\">\u0441\u0442\u0440\u043e\u0433\u043e \u0437\u0430\u043f\u0440\u0435\u0449\u0435\u043d\u043e<\/span><\/b><span data-contrast=\"none\">.<\/span>\u00a0<br \/><span data-contrast=\"none\">2.2. A szab\u00e1ly betart\u00e1s\u00e1\u00e9rt a\u202f<\/span><b><span data-contrast=\"none\">\u041e\u0420\u0413\u0410\u041d\u0418\u0417\u0410\u0422\u041e\u0420<\/span><\/b><span data-contrast=\"none\">\u202fteljes k\u00f6r\u0171 felel\u0151ss\u00e9get v\u00e1llal. A zajv\u00e9delmi szab\u00e1lyok megszeg\u00e9se eset\u00e9n a rendezv\u00e9ny azonnali megszak\u00edt\u00e1sra ker\u00fclhet, k\u00e1rt\u00e9r\u00edt\u00e9si k\u00f6telezetts\u00e9g mellett.<\/span><span data-ccp-props=\"{&quot;134233117&quot;:true,&quot;134233118&quot;:true}\">\u00a0<\/span><\/p><p><span data-ccp-props=\"{}\">\u00a0<\/span><\/p><ol start=\"3\"><li><b><span data-contrast=\"none\"> L\u00e9gkondicion\u00e1l\u00e1s \u00e9s ny\u00edl\u00e1sz\u00e1r\u00f3k<\/span><\/b><\/li><\/ol><p><span data-contrast=\"none\">3.1. A kast\u00e9ly l\u00e9gkondicion\u00e1l\u00f3 rendszerrel \u00fczemel. Ennek hat\u00e9kony m\u0171k\u00f6d\u00e9se \u00e9s a szomsz\u00e9dok nyugalm\u00e1nak meg\u0151rz\u00e9se \u00e9rdek\u00e9ben\u202f<\/span><b><span data-contrast=\"none\">\u0437\u0430\u043f\u0440\u0435\u0449\u0435\u043d\u043e \u043e\u0442\u043a\u0440\u044b\u0432\u0430\u0442\u044c \u043e\u043a\u043d\u0430 \u0438 \u0434\u0435\u0440\u0436\u0430\u0442\u044c \u0434\u0432\u0435\u0440\u0438 \u043e\u0442\u043a\u0440\u044b\u0442\u044b\u043c\u0438 \u0432 \u0442\u0435\u0447\u0435\u043d\u0438\u0435 \u0434\u043b\u0438\u0442\u0435\u043b\u044c\u043d\u043e\u0433\u043e \u0432\u0440\u0435\u043c\u0435\u043d\u0438<\/span><\/b><span data-contrast=\"none\">.<\/span>\u00a0<br \/><span data-contrast=\"none\">3.2 \u0412 \u0441\u043b\u0443\u0447\u0430\u0435 \u043d\u0430\u0440\u0443\u0448\u0435\u043d\u0438\u044f \u044d\u0442\u043e\u0433\u043e \u043f\u0440\u0430\u0432\u0438\u043b\u0430 \u043a\u043b\u0438\u0435\u043d\u0442 \u043d\u0435\u0441\u0435\u0442 \u043e\u0442\u0432\u0435\u0442\u0441\u0442\u0432\u0435\u043d\u043d\u043e\u0441\u0442\u044c \u0437\u0430 \u043b\u044e\u0431\u044b\u0435 \u0434\u043e\u043f\u043e\u043b\u043d\u0438\u0442\u0435\u043b\u044c\u043d\u044b\u0435 \u044d\u043a\u0441\u043f\u043b\u0443\u0430\u0442\u0430\u0446\u0438\u043e\u043d\u043d\u044b\u0435 \u0440\u0430\u0441\u0445\u043e\u0434\u044b.<\/span><span data-ccp-props=\"{&quot;134233117&quot;:true,&quot;134233118&quot;:true}\">\u00a0<\/span><\/p><p><span data-ccp-props=\"{}\">\u00a0<\/span><\/p><ol start=\"4\"><li><b><span data-contrast=\"none\"> A kast\u00e9ly berendez\u00e9seinek \u00e9s m\u0171t\u00e1rgyainak v\u00e9delme<\/span><\/b><\/li><\/ol><p><span data-contrast=\"none\">4.1 \u041f\u041e\u0414\u0420\u042f\u0414\u0427\u0418\u041a \u0438\u0441\u043f\u043e\u043b\u044c\u0437\u0443\u0435\u0442 \u0437\u0434\u0430\u043d\u0438\u0435, \u043e\u0431\u043e\u0440\u0443\u0434\u043e\u0432\u0430\u043d\u0438\u0435 \u0438 \u043f\u043e\u043c\u0435\u0449\u0435\u043d\u0438\u044f \u0437\u0430\u043c\u043a\u0430 \u043f\u043e \u043d\u0430\u0437\u043d\u0430\u0447\u0435\u043d\u0438\u044e, \u0431\u0435\u0440\u0435\u0436\u0435\u0442 \u043d\u0430\u0445\u043e\u0434\u044f\u0449\u0438\u0435\u0441\u044f \u0432 \u043d\u0435\u043c \u043f\u0440\u043e\u0438\u0437\u0432\u0435\u0434\u0435\u043d\u0438\u044f \u0438\u0441\u043a\u0443\u0441\u0441\u0442\u0432\u0430 \u0432\u044b\u0434\u0430\u044e\u0449\u0435\u0439\u0441\u044f \u0446\u0435\u043d\u043d\u043e\u0441\u0442\u0438 \u0438 \u0434\u0435\u043b\u0430\u0435\u0442 \u0432\u0441\u0435 \u0432\u043e\u0437\u043c\u043e\u0436\u043d\u043e\u0435 \u0434\u043b\u044f \u0441\u043e\u0445\u0440\u0430\u043d\u0435\u043d\u0438\u044f \u0438\u0445 \u0446\u0435\u043b\u043e\u0441\u0442\u043d\u043e\u0441\u0442\u0438.<\/span>\u00a0<br \/><span data-contrast=\"none\">4.2. Amennyiben a MEGRENDEL\u0150 vagy vend\u00e9ge(i) magatart\u00e1sa k\u00f6vetkezt\u00e9ben v\u00e9tlen vagy sz\u00e1nd\u00e9kos k\u00e1rokoz\u00e1s t\u00f6rt\u00e9nik, a kast\u00e9lyban vagy a m\u0171t\u00e1rgyakban b\u00e1rmilyen k\u00e1r keletkezik, a MEGRENDEL\u0150 k\u00f6teles azt marad\u00e9ktalanul, a VEND\u00c9GL\u00c1T\u00d3 \u00edr\u00e1sbeli felsz\u00f3l\u00edt\u00e1s\u00e1t k\u00f6vet\u0151\u202f<\/span><b><span data-contrast=\"none\">\u0432\u043e\u0437\u043c\u0435\u0441\u0442\u0438\u0442\u044c \u0431\u0430\u043d\u043a\u043e\u0432\u0441\u043a\u0438\u043c \u043f\u0435\u0440\u0435\u0432\u043e\u0434\u043e\u043c \u0432 \u0442\u0435\u0447\u0435\u043d\u0438\u0435 8 (\u0432\u043e\u0441\u044c\u043c\u0438) \u0434\u043d\u0435\u0439<\/span><\/b><span data-contrast=\"none\">.<\/span>\u00a0<br \/><span data-contrast=\"none\">4.3 \u0420\u0430\u0437\u043c\u0435\u0440 \u043a\u043e\u043c\u043f\u0435\u043d\u0441\u0430\u0446\u0438\u0438 \u0441\u043e\u0441\u0442\u0430\u0432\u043b\u044f\u0435\u0442 \u043e\u0446\u0435\u043d\u043e\u0447\u043d\u0443\u044e \u0441\u0442\u043e\u0438\u043c\u043e\u0441\u0442\u044c, \u0443\u043a\u0430\u0437\u0430\u043d\u043d\u0443\u044e \u0432 \u0434\u043e\u043a\u0443\u043c\u0435\u043d\u0442\u0430\u0445 \u0410\u0443\u043a\u0446\u0438\u043e\u043d\u043d\u043e\u0433\u043e \u0434\u043e\u043c\u0430 \"1\u0422\u041f6\u0422\" \u0432 \u0441\u043b\u0443\u0447\u0430\u0435 \u043f\u0440\u0435\u0434\u043c\u0435\u0442\u0430 \u0438\u0441\u043a\u0443\u0441\u0441\u0442\u0432\u0430, \u0438 \u0446\u0435\u043d\u0443 \u0440\u0435\u0441\u0442\u0430\u0432\u0440\u0430\u0446\u0438\u0438 \u0438\u043b\u0438 \u0437\u0430\u043c\u0435\u043d\u044b, \u0443\u043a\u0430\u0437\u0430\u043d\u043d\u0443\u044e \u041f\u041e\u0421\u0422\u0410\u0412\u0429\u0418\u041a\u041e\u041c \u0432 \u0441\u043b\u0443\u0447\u0430\u0435 \u0434\u0440\u0443\u0433\u0438\u0445 \u043f\u0440\u0435\u0434\u043c\u0435\u0442\u043e\u0432.<\/span><span data-ccp-props=\"{&quot;134233117&quot;:true,&quot;134233118&quot;:true}\">\u00a0<\/span><\/p><p><span data-ccp-props=\"{}\">\u00a0<\/span><\/p><ol start=\"5\"><li><b><span data-contrast=\"none\"> Sz\u00e1llodai szob\u00e1k rendje<\/span><\/b><\/li><\/ol><p><span data-contrast=\"none\">5.1 \u0417\u0430\u0435\u0437\u0434 \u0432 \u043d\u043e\u043c\u0435\u0440\u0430 \u043e\u0441\u0443\u0449\u0435\u0441\u0442\u0432\u043b\u044f\u0435\u0442\u0441\u044f \u0441 15:00 \u0432 \u0434\u0435\u043d\u044c \u0440\u0435\u0433\u0438\u0441\u0442\u0440\u0430\u0446\u0438\u0438 \u0437\u0430\u0435\u0437\u0434\u0430, \u0430 \u0432\u044b\u0435\u0437\u0434 - \u043d\u0435 \u043f\u043e\u0437\u0434\u043d\u0435\u0435 11:00.<\/span>\u00a0<br \/><span data-contrast=\"none\">5.2. A sz\u00e1ll\u00e1shelyen\u202f<\/span><b><span data-contrast=\"none\">\u043d\u0435 \u043a\u0443\u0440\u0438\u0442\u044c<\/span><\/b><span data-contrast=\"none\">\u0422\u043e\u043b\u044c\u043a\u043e \u0432 \u0441\u043f\u0435\u0446\u0438\u0430\u043b\u044c\u043d\u043e \u043e\u0442\u0432\u0435\u0434\u0435\u043d\u043d\u044b\u0445 \u043c\u0435\u0441\u0442\u0430\u0445 \u0434\u043b\u044f \u043a\u0443\u0440\u0435\u043d\u0438\u044f.<\/span>\u00a0<br \/><span data-contrast=\"none\">5.3 \u0412 \u043d\u043e\u043c\u0435\u0440\u0430\u0445 \u043d\u0435 \u0440\u0430\u0437\u0440\u0435\u0448\u0430\u0435\u0442\u0441\u044f \u043f\u043e\u043b\u044c\u0437\u043e\u0432\u0430\u0442\u044c\u0441\u044f \u044d\u043b\u0435\u043a\u0442\u0440\u0438\u0447\u0435\u0441\u043a\u0438\u043c\u0438 \u043a\u0443\u0445\u043e\u043d\u043d\u044b\u043c\u0438 \u0438\u043b\u0438 \u043d\u0430\u0433\u0440\u0435\u0432\u0430\u0442\u0435\u043b\u044c\u043d\u044b\u043c\u0438 \u043f\u0440\u0438\u0431\u043e\u0440\u0430\u043c\u0438.<\/span>\u00a0<br \/><span data-contrast=\"none\">5.4 \u0417\u0430\u043f\u0440\u0435\u0449\u0430\u0435\u0442\u0441\u044f \u043f\u0435\u0440\u0435\u0441\u0442\u0430\u0432\u043b\u044f\u0442\u044c \u0438\u043b\u0438 \u0432\u044b\u043d\u043e\u0441\u0438\u0442\u044c \u0438\u0437 \u0437\u0430\u043b\u0430 \u043e\u0431\u043e\u0440\u0443\u0434\u043e\u0432\u0430\u043d\u0438\u0435, \u043d\u0430\u0445\u043e\u0434\u044f\u0449\u0435\u0435\u0441\u044f \u0432 \u043d\u0435\u043c.<\/span>\u00a0<br \/><span data-contrast=\"none\">5.5 \u0412 \u0441\u043b\u0443\u0447\u0430\u0435 \u0443\u0442\u0435\u0440\u0438 \u043a\u043b\u044e\u0447\u0430 \u0438\u043b\u0438 \u043a\u0430\u0440\u0442\u044b \u0434\u043e\u0441\u0442\u0443\u043f\u0430 \u0433\u043e\u0441\u0442\u044c \u043e\u0431\u044f\u0437\u0430\u043d \u043e\u043f\u043b\u0430\u0442\u0438\u0442\u044c \u0441\u0442\u043e\u0438\u043c\u043e\u0441\u0442\u044c \u0437\u0430\u043c\u0435\u043d\u044b \u0437\u0430\u043c\u043a\u0430 \u0438\u043b\u0438 \u0437\u0430\u043c\u0435\u043d\u044b \u043a\u0430\u0440\u0442\u044b.<\/span><span data-ccp-props=\"{&quot;134233117&quot;:true,&quot;134233118&quot;:true}\">\u00a0<\/span><\/p><p><span data-ccp-props=\"{}\">\u00a0<\/span><\/p><ol start=\"6\"><li><b><span data-contrast=\"none\"> Kast\u00e9lypark \u00e9s \u0151spark haszn\u00e1lata<\/span><\/b><\/li><\/ol><p><span data-contrast=\"none\">6.1 \u041f\u043e\u0432\u0440\u0435\u0436\u0434\u0435\u043d\u0438\u0435 \u0440\u0430\u0441\u0442\u0435\u043d\u0438\u0439, \u0446\u0432\u0435\u0442\u043d\u0438\u043a\u043e\u0432 \u0438 \u0438\u0441\u0442\u043e\u0440\u0438\u0447\u0435\u0441\u043a\u0438\u0445 \u0441\u0430\u0434\u043e\u0432\u044b\u0445 \u044d\u043b\u0435\u043c\u0435\u043d\u0442\u043e\u0432 \u0432 \u043f\u0430\u0440\u043a\u0435 \u0441\u0442\u0440\u043e\u0433\u043e \u0437\u0430\u043f\u0440\u0435\u0449\u0435\u043d\u043e.<\/span>\u00a0<br \/><span data-contrast=\"none\">6.2. A parkban tal\u00e1lhat\u00f3\u202f<\/span><b><span data-contrast=\"none\">\u043a\u043e\u0440\u043c\u0438\u0442\u044c, \u0431\u0435\u0441\u043f\u043e\u043a\u043e\u0438\u0442\u044c, \u043f\u0443\u0433\u0430\u0442\u044c \u0436\u0438\u0432\u043e\u0442\u043d\u044b\u0445 \u043d\u0430 \u043e\u043b\u0435\u043d\u044c\u0435\u0439 \u0444\u0435\u0440\u043c\u0435<\/span><\/b><span data-contrast=\"none\">\u202ftilos.<\/span>\u00a0<br \/><span data-contrast=\"none\">6.3 \u0413\u043e\u0441\u0442\u0438 \u043c\u043e\u0433\u0443\u0442 \u043f\u0435\u0440\u0435\u0434\u0432\u0438\u0433\u0430\u0442\u044c\u0441\u044f \u0442\u043e\u043b\u044c\u043a\u043e \u043f\u043e \u0441\u043f\u0435\u0446\u0438\u0430\u043b\u044c\u043d\u043e \u043e\u0442\u0432\u0435\u0434\u0435\u043d\u043d\u044b\u043c \u043c\u0430\u0440\u0448\u0440\u0443\u0442\u0430\u043c \u0432 \u043f\u0430\u0440\u043a\u0435, \u0438 \u0438\u043c \u043d\u0435 \u0440\u0430\u0437\u0440\u0435\u0448\u0430\u0435\u0442\u0441\u044f \u0437\u0430\u0445\u043e\u0434\u0438\u0442\u044c \u0432 \u0437\u0430\u043f\u043e\u0432\u0435\u0434\u043d\u0438\u043a\u0438.<\/span><span data-ccp-props=\"{&quot;134233117&quot;:true,&quot;134233118&quot;:true}\">\u00a0<\/span><\/p><p><span data-ccp-props=\"{}\">\u00a0<\/span><\/p><ol start=\"7\"><li><b><span data-contrast=\"none\"> Medencehaszn\u00e1lat<\/span><\/b><\/li><\/ol><p><span data-contrast=\"none\">7.1 \u0411\u0430\u0441\u0441\u0435\u0439\u043d \u043c\u043e\u0436\u0435\u0442 \u0431\u044b\u0442\u044c \u0438\u0441\u043f\u043e\u043b\u044c\u0437\u043e\u0432\u0430\u043d \u043a\u0430\u043a \u0447\u0430\u0441\u0442\u044c \u043c\u0435\u0440\u043e\u043f\u0440\u0438\u044f\u0442\u0438\u044f \u0438\u043b\u0438 \u0443\u0441\u043b\u0443\u0433\u0438 \u043f\u043e \u0440\u0430\u0437\u043c\u0435\u0449\u0435\u043d\u0438\u044e \u0442\u043e\u043b\u044c\u043a\u043e \u0441 \u043f\u0440\u0435\u0434\u0432\u0430\u0440\u0438\u0442\u0435\u043b\u044c\u043d\u043e\u0433\u043e \u0440\u0430\u0437\u0440\u0435\u0448\u0435\u043d\u0438\u044f \u041f\u041e\u0421\u0422\u0410\u0412\u0429\u0418\u041a\u0410.<\/span>\u00a0<br \/><span data-contrast=\"none\">7.2.\u202f<\/span><b><span data-contrast=\"none\">\u041f\u043e\u0441\u043b\u0435 22:00 \u043f\u043e\u0441\u0435\u0449\u0435\u043d\u0438\u0435 \u0431\u0430\u0441\u0441\u0435\u0439\u043d\u0430 \u0437\u0430\u043f\u0440\u0435\u0449\u0435\u043d\u043e<\/span><\/b><span data-contrast=\"none\">.<\/span>\u00a0<br \/><span data-contrast=\"none\">7.3 \u041a\u0443\u043f\u0430\u043d\u0438\u0435 \u0432 \u0431\u0430\u0441\u0441\u0435\u0439\u043d\u0435 \u043e\u0441\u0443\u0449\u0435\u0441\u0442\u0432\u043b\u044f\u0435\u0442\u0441\u044f \u043d\u0430 \u0432\u0430\u0448 \u0441\u0442\u0440\u0430\u0445 \u0438 \u0440\u0438\u0441\u043a, \u0434\u0435\u0442\u0438 \u0434\u043e\u043f\u0443\u0441\u043a\u0430\u044e\u0442\u0441\u044f \u0432 \u0431\u0430\u0441\u0441\u0435\u0439\u043d \u0442\u043e\u043b\u044c\u043a\u043e \u043f\u043e\u0434 \u043f\u0440\u0438\u0441\u043c\u043e\u0442\u0440\u043e\u043c \u0432\u0437\u0440\u043e\u0441\u043b\u044b\u0445.<\/span><span data-ccp-props=\"{&quot;134233117&quot;:true,&quot;134233118&quot;:true}\">\u00a0<\/span><\/p><p><span data-ccp-props=\"{}\">\u00a0<\/span><\/p><ol start=\"8\"><li><b><span data-contrast=\"none\"> Biztons\u00e1gi el\u0151\u00edr\u00e1sok<\/span><\/b><\/li><\/ol><p><span data-contrast=\"none\">8.1 \u0421\u043e\u0431\u043b\u044e\u0434\u0435\u043d\u0438\u0435 \u043f\u0440\u0430\u0432\u0438\u043b \u043f\u043e\u0436\u0430\u0440\u043d\u043e\u0439 \u0431\u0435\u0437\u043e\u043f\u0430\u0441\u043d\u043e\u0441\u0442\u0438 \u044f\u0432\u043b\u044f\u0435\u0442\u0441\u044f \u043e\u0431\u044f\u0437\u0430\u0442\u0435\u043b\u044c\u043d\u044b\u043c, \u043f\u0440\u0438 \u044d\u0442\u043e\u043c \u043f\u0443\u0442\u0438 \u044d\u0432\u0430\u043a\u0443\u0430\u0446\u0438\u0438 \u0438 \u0430\u0432\u0430\u0440\u0438\u0439\u043d\u044b\u0435 \u0432\u044b\u0445\u043e\u0434\u044b \u043e\u0441\u0442\u0430\u044e\u0442\u0441\u044f \u0441\u0432\u043e\u0431\u043e\u0434\u043d\u044b\u043c\u0438.<\/span>\u00a0<br \/><span data-contrast=\"none\">8.2 \u0418\u0441\u043f\u043e\u043b\u044c\u0437\u043e\u0432\u0430\u043d\u0438\u0435 \u043e\u0442\u043a\u0440\u044b\u0442\u043e\u0433\u043e \u043e\u0433\u043d\u044f (\u0441\u0432\u0435\u0447\u0438, \u0444\u0430\u043a\u0435\u043b\u044b, \u0431\u0430\u0440\u0431\u0435\u043a\u044e, \u043a\u043e\u0441\u0442\u0440\u044b) \u0432\u043e\u0437\u043c\u043e\u0436\u043d\u043e \u0442\u043e\u043b\u044c\u043a\u043e \u0441 \u043f\u0440\u0435\u0434\u0432\u0430\u0440\u0438\u0442\u0435\u043b\u044c\u043d\u043e\u0433\u043e \u043f\u0438\u0441\u044c\u043c\u0435\u043d\u043d\u043e\u0433\u043e \u0441\u043e\u0433\u043b\u0430\u0441\u0438\u044f \u0417\u0410\u041a\u0410\u0417\u0427\u0418\u041a\u0410.<\/span>\u00a0<br \/><span data-contrast=\"none\">8.3. Pirotechnikai eszk\u00f6z\u00f6k (t\u0171zij\u00e1t\u00e9k, pet\u00e1rda) haszn\u00e1lata\u202f<\/span><b><span data-contrast=\"none\">\u0441\u0442\u0440\u043e\u0433\u043e \u0437\u0430\u043f\u0440\u0435\u0449\u0435\u043d\u043e<\/span><\/b><span data-contrast=\"none\">.<\/span><span data-ccp-props=\"{&quot;134233117&quot;:true,&quot;134233118&quot;:true}\">\u00a0<\/span><\/p><p><span data-ccp-props=\"{}\">\u00a0<\/span><\/p><ol start=\"9\"><li><b><span data-contrast=\"none\"> Felel\u0151ss\u00e9g \u00e9s k\u00e1rt\u00e9r\u00edt\u00e9s<\/span><\/b><\/li><\/ol><p><span data-contrast=\"none\">9.1 \u041f\u041e\u0414\u0420\u042f\u0414\u0427\u0418\u041a \u043d\u0435\u0441\u0435\u0442 \u043f\u043e\u043b\u043d\u0443\u044e \u043e\u0442\u0432\u0435\u0442\u0441\u0442\u0432\u0435\u043d\u043d\u043e\u0441\u0442\u044c \u0437\u0430 \u0441\u0432\u043e\u0435 \u043f\u043e\u0432\u0435\u0434\u0435\u043d\u0438\u0435 \u0438 \u043f\u043e\u0432\u0435\u0434\u0435\u043d\u0438\u0435 \u0441\u0432\u043e\u0438\u0445 \u0433\u043e\u0441\u0442\u0435\u0439.<\/span>\u00a0<br \/><span data-contrast=\"none\">9.2 \u0417\u0410\u041a\u0410\u0417\u0427\u0418\u041a \u0432\u043e\u0437\u043c\u0435\u0449\u0430\u0435\u0442 \u043f\u0440\u0438\u0447\u0438\u043d\u0435\u043d\u043d\u044b\u0439 \u0443\u0449\u0435\u0440\u0431 \u0432 \u0440\u0430\u0437\u043c\u0435\u0440\u0435, \u043e\u043f\u0440\u0435\u0434\u0435\u043b\u0435\u043d\u043d\u043e\u043c \u0417\u0410\u041a\u0410\u0417\u0427\u0418\u041a\u041e\u041c.<\/span>\u00a0<br \/><span data-contrast=\"none\">9.3 \u041d\u0430\u0440\u0443\u0448\u0435\u043d\u0438\u0435 \u044d\u0442\u0438\u0445 \u043f\u0440\u0430\u0432\u0438\u043b \u043c\u043e\u0436\u0435\u0442 \u043f\u0440\u0438\u0432\u0435\u0441\u0442\u0438 \u043a \u043d\u0435\u043c\u0435\u0434\u043b\u0435\u043d\u043d\u043e\u043c\u0443 \u043f\u0440\u0435\u043a\u0440\u0430\u0449\u0435\u043d\u0438\u044e \u043f\u0440\u0435\u0434\u043e\u0441\u0442\u0430\u0432\u043b\u0435\u043d\u0438\u044f \u0443\u0441\u043b\u0443\u0433 \u0438 \u043e\u0442\u0432\u0435\u0442\u0441\u0442\u0432\u0435\u043d\u043d\u043e\u0441\u0442\u0438 \u0437\u0430 \u043f\u0440\u0438\u0447\u0438\u043d\u0435\u043d\u043d\u044b\u0439 \u0443\u0449\u0435\u0440\u0431.<\/span><span data-ccp-props=\"{&quot;134233117&quot;:true,&quot;134233118&quot;:true}\">\u00a0<\/span><\/p><p><span data-ccp-props=\"{}\">\u00a0<\/span><\/p><ol start=\"10\"><li><b><span data-contrast=\"none\"> Z\u00e1r\u00f3 rendelkez\u00e9sek<\/span><\/b><\/li><\/ol><p><span data-contrast=\"none\">10.1 \u041f\u043e\u043b\u0438\u0441 \u044f\u0432\u043b\u044f\u0435\u0442\u0441\u044f \u0443\u0441\u043b\u043e\u0432\u0438\u0435\u043c \u0434\u043b\u044f \u0438\u0441\u043f\u043e\u043b\u044c\u0437\u043e\u0432\u0430\u043d\u0438\u044f \u043c\u0435\u0440\u043e\u043f\u0440\u0438\u044f\u0442\u0438\u044f \u0438\u043b\u0438 \u0440\u0430\u0437\u043c\u0435\u0449\u0435\u043d\u0438\u044f, \u043f\u0440\u0438\u043d\u044f\u0442\u0438\u0435 \u043a\u043e\u0442\u043e\u0440\u043e\u0433\u043e \u043f\u043e\u0434\u0442\u0432\u0435\u0440\u0436\u0434\u0430\u0435\u0442\u0441\u044f \u041f\u041e\u0422\u0420\u0415\u0411\u0418\u0422\u0415\u041b\u0415\u041c \u043f\u0443\u0442\u0435\u043c \u043f\u043e\u0434\u043f\u0438\u0441\u0430\u043d\u0438\u044f \u0434\u043e\u0433\u043e\u0432\u043e\u0440\u0430.<\/span>\u00a0<br \/><span data-contrast=\"none\">10.2 \u0426\u0435\u043b\u044c\u044e \u043f\u0440\u0430\u0432\u0438\u043b \u043f\u0440\u043e\u0436\u0438\u0432\u0430\u043d\u0438\u044f \u044f\u0432\u043b\u044f\u0435\u0442\u0441\u044f \u0437\u0430\u0449\u0438\u0442\u0430 \u0446\u0435\u043d\u043d\u043e\u0441\u0442\u0435\u0439 \u0437\u0430\u043c\u043a\u0430 \u0438 \u0431\u0435\u0437\u043e\u043f\u0430\u0441\u043d\u043e\u0441\u0442\u0438 \u0433\u043e\u0441\u0442\u0435\u0439, \u043f\u043e\u044d\u0442\u043e\u043c\u0443 \u043b\u044e\u0431\u043e\u0435 \u043d\u0430\u0440\u0443\u0448\u0435\u043d\u0438\u0435 \u043f\u0440\u0430\u0432\u0438\u043b \u043c\u043e\u0436\u0435\u0442 \u043f\u0440\u0438\u0432\u0435\u0441\u0442\u0438 \u043a \u043d\u0435\u043c\u0435\u0434\u043b\u0435\u043d\u043d\u043e\u043c\u0443 \u043f\u0440\u0435\u043a\u0440\u0430\u0449\u0435\u043d\u0438\u044e \u043f\u0440\u0430\u0432\u043e\u0432\u044b\u0445 \u043e\u0442\u043d\u043e\u0448\u0435\u043d\u0438\u0439.<\/span><span data-ccp-props=\"{&quot;134233117&quot;:true,&quot;134233118&quot;:true}\">\u00a0<\/span><\/p><p><span data-ccp-props=\"{&quot;469777462&quot;:[5075,6772],&quot;469777927&quot;:[0,0],&quot;469777928&quot;:[1,1]}\">\u00a0<\/span><\/p>\t\t\t\t\t\t\t\t<\/div>\n\t\t\t\t<\/div>\n\t\t\t\t\t<\/div>\n\t\t\t\t<\/div>\n\t\t\t\t<\/div>","protected":false},"excerpt":{"rendered":"<p>F\u00d6LDV\u00c1RY KAST\u00c9LY \u2013 H\u00c1ZIREND\u00a0 \u00a0 (Rendezv\u00e9nyek, b\u00e9rleti haszn\u00e1lat \u00e9s sz\u00e1ll\u00e1shely-szolg\u00e1ltat\u00e1s eset\u00e9re)\u00a0 A F\u00f6ldv\u00e1ry Kast\u00e9ly k\u00fcl\u00f6nleges t\u00f6rt\u00e9nelmi \u00e9s term\u00e9szeti \u00e9rt\u00e9ket k\u00e9pvisel. A kast\u00e9lyban \u00e9s ter\u00fclet\u00e9n rendezett esem\u00e9nyek, b\u00e9rleti haszn\u00e1lat \u00e9s sz\u00e1ll\u00e1s ig\u00e9nybev\u00e9tele sor\u00e1n minden r\u00e9sztvev\u0151 \u00e9s vend\u00e9g k\u00f6teles betartani az al\u00e1bbi h\u00e1zirendet. A szab\u00e1lyok c\u00e9lja a kast\u00e9ly \u00e9p\u00fclet\u00e9nek, berendez\u00e9seinek, m\u0171t\u00e1rgyainak \u00e9s k\u00f6rnyezet\u00e9nek v\u00e9delme, valamint a k\u00f6rny\u00e9k [&hellip;]<\/p>","protected":false},"author":7,"featured_media":0,"parent":0,"menu_order":0,"comment_status":"closed","ping_status":"closed","template":"","meta":{"footnotes":""},"class_list":["post-14747","page","type-page","status-publish","hentry","entry"],"_links":{"self":[{"href":"https:\/\/ottevenyikastely.hu\/ru\/wp-json\/wp\/v2\/pages\/14747","targetHints":{"allow":["GET"]}}],"collection":[{"href":"https:\/\/ottevenyikastely.hu\/ru\/wp-json\/wp\/v2\/pages"}],"about":[{"href":"https:\/\/ottevenyikastely.hu\/ru\/wp-json\/wp\/v2\/types\/page"}],"author":[{"embeddable":true,"href":"https:\/\/ottevenyikastely.hu\/ru\/wp-json\/wp\/v2\/users\/7"}],"replies":[{"embeddable":true,"href":"https:\/\/ottevenyikastely.hu\/ru\/wp-json\/wp\/v2\/comments?post=14747"}],"version-history":[{"count":4,"href":"https:\/\/ottevenyikastely.hu\/ru\/wp-json\/wp\/v2\/pages\/14747\/revisions"}],"predecessor-version":[{"id":14751,"href":"https:\/\/ottevenyikastely.hu\/ru\/wp-json\/wp\/v2\/pages\/14747\/revisions\/14751"}],"wp:attachment":[{"href":"https:\/\/ottevenyikastely.hu\/ru\/wp-json\/wp\/v2\/media?parent=14747"}],"curies":[{"name":"wp","href":"https:\/\/api.w.org\/{rel}","templated":true}]}}