{"id":3117,"date":"2017-05-07T10:11:49","date_gmt":"2017-05-07T10:11:49","guid":{"rendered":"https:\/\/themes.themegoods.com\/grandwedding\/demo\/?page_id=3117"},"modified":"2023-06-15T10:38:49","modified_gmt":"2023-06-15T08:38:49","slug":"%d1%81%d0%b2%d1%8f%d0%b6%d0%b8%d1%82%d0%b5%d1%81%d1%8c-%d1%81-%d0%bd%d0%b0%d0%bc%d0%b8-2","status":"publish","type":"page","link":"https:\/\/ottevenyikastely.hu\/ru\/%d1%81%d0%b2%d1%8f%d0%b6%d0%b8%d1%82%d0%b5%d1%81%d1%8c-%d1%81-%d0%bd%d0%b0%d0%bc%d0%b8-2\/","title":{"rendered":"\u0421\u0432\u044f\u0437\u0430\u0442\u044c\u0441\u044f \u0441"},"content":{"rendered":"<div  class=\"one withsmallpadding ppb_content_half_map\" >\n<div class=\"map_shortcode_wrapper\" id=\"map16868183292049520992\" style=\"width:100%;height:610px\">\n<div class=\"map-marker\" data-latlng=\"47.732068,17.482569\" ><\/div>\n<\/div>\n<div class=\"standard_wrapper\">\n<div class=\"page_content_wrapper\">\n<div class=\"inner\">\n<div class=\"one_third_bg\" style=\"background:#ffffff;background:rgb(255,255,255,1);background:rgba(255,255,255,1);padding:15px;15px 0;\" data-stellar-ratio=\"1.3\">\n<h2 class=\"ppb_title\" style=\"\">F\u00f6ldv\u00e1ry Chateau <\/h2>\n<div class=\"ppb_header_content\">\n<p><a href=\"https:\/\/goo.gl\/maps\/vx6NcCwo4Yht77x27\" target=\"_blank\" rel=\"noopener\">\u00d6ttev\u00e9ny F\u0151 \u00fat 173. \u0412\u0435\u043d\u0433\u0440\u0438\u044f 9153<\/a><br \/>\n<a href=\"mailto:chateau@garzonplaza.hu\">chateau@garzonplaza.hu<\/a><\/p>\n<p><strong>\u041c\u0430\u0440\u0438\u0430\u043d\u043d\u0430 \u0418\u0432\u0430\u043d\u043a\u043e\u0432\u0438\u0446<\/strong><br \/>\n\u202d<a href=\"tel: +36 70 379 2950\u202c\">+36 70 379 2950<\/a><\/p>\n<\/div>\n<\/div>\n<\/div>\n<\/div>\n<\/div>\n<\/div>","protected":false},"excerpt":{"rendered":"<p>F\u00f6ldv\u00e1ry Chateau \u00d6ttev\u00e9ny F\u0151 \u00fat 173. \u0412\u0435\u043d\u0433\u0440\u0438\u044f 9153 chateau@garzonplaza.hu \u0418\u0432\u0430\u043d\u043a\u043e\u0432\u0438\u0446 \u041c\u0430\u0440\u0438\u0430\u043d\u043d\u0430 +36 70 379 2950<\/p>","protected":false},"author":3,"featured_media":3122,"parent":0,"menu_order":0,"comment_status":"closed","ping_status":"closed","template":"","meta":{"footnotes":""},"class_list":["post-3117","page","type-page","status-publish","has-post-thumbnail","hentry","entry","has-media"],"_links":{"self":[{"href":"https:\/\/ottevenyikastely.hu\/ru\/wp-json\/wp\/v2\/pages\/3117","targetHints":{"allow":["GET"]}}],"collection":[{"href":"https:\/\/ottevenyikastely.hu\/ru\/wp-json\/wp\/v2\/pages"}],"about":[{"href":"https:\/\/ottevenyikastely.hu\/ru\/wp-json\/wp\/v2\/types\/page"}],"author":[{"embeddable":true,"href":"https:\/\/ottevenyikastely.hu\/ru\/wp-json\/wp\/v2\/users\/3"}],"replies":[{"embeddable":true,"href":"https:\/\/ottevenyikastely.hu\/ru\/wp-json\/wp\/v2\/comments?post=3117"}],"version-history":[{"count":0,"href":"https:\/\/ottevenyikastely.hu\/ru\/wp-json\/wp\/v2\/pages\/3117\/revisions"}],"wp:featuredmedia":[{"embeddable":true,"href":"https:\/\/ottevenyikastely.hu\/ru\/wp-json\/wp\/v2\/media\/3122"}],"wp:attachment":[{"href":"https:\/\/ottevenyikastely.hu\/ru\/wp-json\/wp\/v2\/media?parent=3117"}],"curies":[{"name":"wp","href":"https:\/\/api.w.org\/{rel}","templated":true}]}}