{"id":4089,"date":"2023-06-12T15:20:18","date_gmt":"2023-06-12T13:20:18","guid":{"rendered":"https:\/\/ottevenyikastely.hu\/?page_id=4089"},"modified":"2023-08-09T15:43:47","modified_gmt":"2023-08-09T13:43:47","slug":"burggeschichte","status":"publish","type":"page","link":"https:\/\/ottevenyikastely.hu\/ru\/burggeschichte\/","title":{"rendered":"\u0418\u0441\u0442\u043e\u0440\u0438\u044f \u0437\u0430\u043c\u043a\u0430"},"content":{"rendered":"<div  class=\"ppb_image_half_boxed_fixed_width one\" >\n<div class=\"standard_wrapper\">\n<div class=\"page_content_wrapper\">\n<div class=\"inner\">\n<div class=\"one_half content_middle fixed\" style=\"padding:0px; text-align:left;min-height:420px;\">\n<div class=\"content_middle_wrapper\">\n<div class=\"content_middle_content\">\n<div class=\"ppb_header_content\">\n<p style=\"color: #374151; text-align: justify;\">\u0417\u0430\u043c\u043e\u043a F\u00f6ldv\u00e1ry \u0440\u0430\u0441\u043f\u043e\u043b\u043e\u0436\u0435\u043d \u0432 \u043e\u0431\u0449\u0438\u043d\u0435 \u00d6ttev\u00e9ny, \u0432 15 \u043a\u043c \u043e\u0442 \u0414\u044c\u0435\u0440\u0430, \u0432 \u0437\u0430\u043f\u0430\u0434\u043d\u043e\u0439 \u0447\u0430\u0441\u0442\u0438 \u0422\u0440\u0430\u043d\u0441\u0434\u0430\u043d\u0443\u0431\u0438\u0438.<\/p>\n<p style=\"color: #374151; text-align: justify;\">\u0414\u0435\u0440\u0435\u0432\u043d\u044f, \u043f\u0440\u0435\u0442\u0435\u0440\u043f\u0435\u0432\u0448\u0430\u044f \u0441\u043e \u0432\u0440\u0435\u043c\u0435\u043d\u0435\u043c \u043c\u043d\u043e\u0436\u0435\u0441\u0442\u0432\u043e \u0438\u0441\u0442\u043e\u0440\u0438\u0447\u0435\u0441\u043a\u0438\u0445 \u0438\u0437\u043c\u0435\u043d\u0435\u043d\u0438\u0439, \u0434\u043e \u0441\u0438\u0445 \u043f\u043e\u0440 \u0441\u043e\u0445\u0440\u0430\u043d\u0438\u043b\u0430 \u0441\u0432\u043e\u0435 \u0438\u0441\u0442\u043e\u0440\u0438\u0447\u0435\u0441\u043a\u043e\u0435 \u0437\u043d\u0430\u0447\u0435\u043d\u0438\u0435 \u0438 \u0431\u043e\u0433\u0430\u0442\u043e\u0435 \u043d\u0430\u0441\u043b\u0435\u0434\u0438\u0435. \u0412\u043f\u0435\u0440\u0432\u044b\u0435 \u043e\u043d\u0430 \u0443\u043f\u043e\u043c\u0438\u043d\u0430\u0435\u0442\u0441\u044f \u0432 \u043f\u0438\u0441\u044c\u043c\u0435\u043d\u043d\u044b\u0445 \u0438\u0441\u0442\u043e\u0447\u043d\u0438\u043a\u0430\u0445 \u0432 XIII \u0432\u0435\u043a\u0435, \u0433\u0434\u0435 \u0444\u0438\u0433\u0443\u0440\u0438\u0440\u0443\u0435\u0442 \u043f\u043e\u0434 \u043d\u0430\u0437\u0432\u0430\u043d\u0438\u0435\u043c \u00d6ttev\u00e9ny, \u043d\u043e \u0435\u0435 \u0438\u0441\u0442\u043e\u0440\u0438\u044f \u0443\u0445\u043e\u0434\u0438\u0442 \u043a\u043e\u0440\u043d\u044f\u043c\u0438 \u0433\u043e\u0440\u0430\u0437\u0434\u043e \u0434\u0430\u043b\u044c\u0448\u0435: \u0430\u0440\u0445\u0435\u043e\u043b\u043e\u0433\u0438\u0447\u0435\u0441\u043a\u0438\u0435 \u043d\u0430\u0445\u043e\u0434\u043a\u0438 \u043f\u043e\u043a\u0430\u0437\u044b\u0432\u0430\u044e\u0442, \u0447\u0442\u043e \u043c\u0435\u0441\u0442\u043d\u043e\u0441\u0442\u044c \u0431\u044b\u043b\u0430 \u0437\u0430\u0441\u0435\u043b\u0435\u043d\u0430 \u0443\u0436\u0435 \u0432 \u0431\u0440\u043e\u043d\u0437\u043e\u0432\u043e\u043c \u0432\u0435\u043a\u0435. \u0412 \u0441\u0440\u0435\u0434\u043d\u0438\u0435 \u0432\u0435\u043a\u0430 \u0434\u0435\u0440\u0435\u0432\u043d\u044f \u0431\u044b\u043b\u0430 \u0447\u0430\u0441\u0442\u044c\u044e \u0432\u043b\u0430\u0434\u0435\u043d\u0438\u0439 \u0437\u0430\u043c\u043a\u0430 \u041a\u043e\u043c\u0430\u0440\u043e\u043c, \u0430 \u0432 \u0442\u0443\u0440\u0435\u0446\u043a\u0438\u0439 \u043f\u0435\u0440\u0438\u043e\u0434 \u043e\u0431\u0435\u0437\u043b\u044e\u0434\u0435\u043b\u0430.<\/p>\n<\/div>\n<\/div>\n<\/div>\n<\/div>\n<p><br class=\"clear\"\/><\/div>\n<\/div>\n<\/div>\n<\/div>\n<div  class=\"ppb_image_half_boxed_fixed_width one\" >\n<div class=\"standard_wrapper\">\n<div class=\"page_content_wrapper\">\n<div class=\"inner\">\n<div class=\"one_half content_middle fixed\" style=\"padding:0px; text-align:left;min-height:420px;\">\n<div class=\"content_middle_wrapper\">\n<div class=\"content_middle_content\">\n<div class=\"ppb_header_content\">\n<p style=\"color: #374151; text-align: justify;\">\u0417\u0430\u043c\u043e\u043a \u0431\u044b\u043b \u043f\u043e\u0441\u0442\u0440\u043e\u0435\u043d \u0432\u0434\u043e\u043b\u044c \u0433\u043b\u0430\u0432\u043d\u043e\u0439 \u0442\u0440\u0430\u0441\u0441\u044b \u0412\u0435\u043d\u0430-\u0411\u0440\u0430\u0442\u0438\u0441\u043b\u0430\u0432\u0430-\u0411\u0443\u0434\u0430\u043f\u0435\u0448\u0442 \u0432 1870 \u0433\u043e\u0434\u0443 \u0431\u0430\u0440\u043e\u043d\u043e\u043c \u041c\u0438\u043a\u043b\u043e\u0448\u0435\u043c 1\u0422\u041f4\u0422 \u0434\u0435 \u0411\u0435\u0440\u043d\u0430\u0442\u0444\u0430\u043b\u044c\u0432\u0430 (1840-1914), \u043e\u0434\u043d\u0438\u043c \u0438\u0437 \u043a\u0440\u0443\u043f\u043d\u0435\u0439\u0448\u0438\u0445 \u0437\u0435\u043c\u043b\u0435\u0432\u043b\u0430\u0434\u0435\u043b\u044c\u0446\u0435\u0432 \u0442\u043e\u0433\u043e \u0432\u0440\u0435\u043c\u0435\u043d\u0438, \u0434\u043b\u044f \u0441\u0432\u043e\u0435\u0439 \u0436\u0435\u043d\u044b \u0438 \u0441 \u0442\u0435\u0445 \u043f\u043e\u0440 \u0441\u0442\u0430\u043b \u0441\u0438\u043c\u0432\u043e\u043b\u043e\u043c \u0434\u0435\u0440\u0435\u0432\u043d\u0438. \u041f\u0435\u0440\u0432\u043e\u043d\u0430\u0447\u0430\u043b\u044c\u043d\u043e \u0437\u0434\u0430\u043d\u0438\u0435 \u0431\u044b\u043b\u043e \"\u0443\u0441\u0430\u0434\u044c\u0431\u043e\u0439\", \u043d\u043e \u0432 \u043f\u043e\u0441\u043b\u0435\u0434\u0443\u044e\u0449\u0438\u0435 \u0433\u043e\u0434\u044b \u0431\u044b\u043b\u043e \u0440\u0430\u0441\u0448\u0438\u0440\u0435\u043d\u043e \u0438 \u043f\u0440\u0435\u0432\u0440\u0430\u0442\u0438\u043b\u043e\u0441\u044c \u0432 \u0437\u0430\u043c\u043e\u043a. \u0417\u0430\u0442\u0435\u043c \u0435\u0433\u043e \u0443\u043d\u0430\u0441\u043b\u0435\u0434\u043e\u0432\u0430\u043b\u0430 \u0434\u043e\u0447\u044c \u041c\u0438\u043a\u043b\u043e\u0448\u0430 F\u00f6ldv\u00e1ry \u0412\u0430\u043b\u0435\u0440\u0438\u044f (1872-1964), \u043a\u043e\u0442\u043e\u0440\u0430\u044f \u0432 1895 \u0433\u043e\u0434\u0443 \u0432\u044b\u0448\u043b\u0430 \u0437\u0430\u043c\u0443\u0436 \u0437\u0430 \u0433\u0440\u0430\u0444\u0430 \u041a\u0430\u0440\u043e\u043b\u044f \u0427\u0430\u043a\u0438 (1873-1945), \u0437\u0430\u043d\u0438\u043c\u0430\u0432\u0448\u0435\u0433\u043e \u0432 \u0442\u043e \u0432\u0440\u0435\u043c\u044f \u043f\u043e\u0441\u0442 \u043c\u0438\u043d\u0438\u0441\u0442\u0440\u0430 \u043e\u0431\u043e\u0440\u043e\u043d\u044b.<\/p>\n<p style=\"color: #374151; text-align: justify;\">\u0411\u043b\u0430\u0433\u043e\u0434\u0430\u0440\u044f \u0441\u0432\u043e\u0435\u043c\u0443 \u0440\u0430\u0441\u043f\u043e\u043b\u043e\u0436\u0435\u043d\u0438\u044e \u0437\u0430\u043c\u043e\u043a \u0431\u044b\u043b \u043c\u0435\u0441\u0442\u043e\u043c \u0440\u0435\u0433\u0443\u043b\u044f\u0440\u043d\u044b\u0445 \u0432\u0441\u0442\u0440\u0435\u0447 \u043f\u043e\u043b\u0438\u0442\u0438\u0447\u0435\u0441\u043a\u043e\u0439 \u044d\u043b\u0438\u0442\u044b \u0442\u043e\u0433\u043e \u0432\u0440\u0435\u043c\u0435\u043d\u0438. \u0421\u043e\u0433\u043b\u0430\u0441\u043d\u043e \u043b\u0435\u0433\u0435\u043d\u0434\u0435, \u0438\u043c\u0435\u043d\u043d\u043e \u0437\u0434\u0435\u0441\u044c \u043f\u0440\u0438\u043d\u0438\u043c\u0430\u043b\u0438\u0441\u044c \u0440\u0435\u0430\u043b\u044c\u043d\u044b\u0435 \u0440\u0435\u0448\u0435\u043d\u0438\u044f \u043f\u043e \u043c\u043d\u043e\u0433\u0438\u043c \u0432\u043e\u043f\u0440\u043e\u0441\u0430\u043c \u0433\u043e\u0441\u0443\u0434\u0430\u0440\u0441\u0442\u0432\u0435\u043d\u043d\u043e\u0439 \u0432\u0430\u0436\u043d\u043e\u0441\u0442\u0438.<\/p>\n<\/div>\n<\/div>\n<\/div>\n<\/div>\n<p><br class=\"clear\"\/><\/div>\n<\/div>\n<\/div>\n<\/div>\n<div  class=\"ppb_image_half_boxed_fixed_width one\" >\n<div class=\"standard_wrapper\">\n<div class=\"page_content_wrapper\">\n<div class=\"inner\">\n<div class=\"one_half content_middle fixed\" style=\"padding:0px; text-align:left;min-height:420px;\">\n<div class=\"content_middle_wrapper\">\n<div class=\"content_middle_content\">\n<div class=\"ppb_header_content\">\n<p style=\"color: #374151; text-align: justify;\">\u041e\u0442 \u0438\u0445 \u0431\u0440\u0430\u043a\u0430 \u0440\u043e\u0434\u0438\u043b\u0441\u044f \u0433\u0440\u0430\u0444 \u0410\u043d\u0434\u043e\u0440 \u0427\u0430\u043a\u0438. \u041e\u043d \u0431\u044b\u043b \u043c\u0430\u0433\u043d\u0430\u0442\u043e\u043c, \u043b\u044e\u0431\u044f\u0449\u0438\u043c \u0438\u0441\u043a\u0443\u0441\u0441\u0442\u0432\u043e, \u0438 \u0447\u0435\u0440\u0435\u0437 \u0441\u0432\u043e\u044e \u043c\u0430\u0442\u044c - \u0432\u043b\u0430\u0434\u0435\u043b\u044c\u0446\u0435\u043c \u0437\u0435\u043c\u043b\u0438 \u0432 \u00d6ttev\u00e9ny. \u0412 \u0440\u0430\u043d\u043d\u0438\u0435 \u0433\u043e\u0434\u044b \u043e\u043d \u0443\u0432\u043b\u0435\u043a\u0441\u044f \u043f\u043e\u044d\u0437\u0438\u0435\u0439 \u0438 \u043f\u0438\u0441\u0430\u043b \u0441\u0442\u0438\u0445\u0438, \u0437\u0430\u0442\u0435\u043c \u043f\u0438\u0441\u0430\u043b \u044d\u043a\u043e\u043d\u043e\u043c\u0438\u0447\u0435\u0441\u043a\u0438\u0435 \u0441\u0442\u0430\u0442\u044c\u0438, \u0438, \u043d\u0430\u043a\u043e\u043d\u0435\u0446, \u0431\u043e\u043b\u044c\u0448\u0435 \u0432\u0441\u0435\u0433\u043e \u0435\u0433\u043e \u0438\u043d\u0442\u0435\u0440\u0435\u0441\u043e\u0432\u0430\u043b\u0430 \u0444\u043e\u0442\u043e\u0433\u0440\u0430\u0444\u0438\u044f. \u0417\u0430\u0442\u0435\u043c \u043e\u043d \u0441\u043e\u0432\u0435\u0440\u0448\u0438\u043b \u043d\u0435\u0441\u043a\u043e\u043b\u044c\u043a\u043e \u043e\u0437\u043d\u0430\u043a\u043e\u043c\u0438\u0442\u0435\u043b\u044c\u043d\u044b\u0445 \u043f\u043e\u0435\u0437\u0434\u043e\u043a \u0432 \u0413\u0435\u0440\u043c\u0430\u043d\u0438\u044e \u0438 \u0424\u0440\u0430\u043d\u0446\u0438\u044e, \u0433\u0434\u0435 \u043f\u043e\u0437\u043d\u0430\u043a\u043e\u043c\u0438\u043b\u0441\u044f \u0441 \u0442\u0430\u043c\u043e\u0448\u043d\u0438\u043c \u043a\u0438\u043d\u043e\u043f\u0440\u043e\u0438\u0437\u0432\u043e\u0434\u0441\u0442\u0432\u043e\u043c, \u0430 \u0442\u0430\u043a\u0436\u0435 \u0441\u0432\u044f\u0437\u0430\u043b\u0441\u044f \u043f\u043e \u043f\u0435\u0440\u0435\u043f\u0438\u0441\u043a\u0435 \u0441 \u0430\u043c\u0435\u0440\u0438\u043a\u0430\u043d\u0441\u043a\u043e\u0439 \u043a\u0438\u043d\u043e\u043a\u043e\u043c\u043f\u0430\u043d\u0438\u0435\u0439, \u0441 \u043a\u043e\u0442\u043e\u0440\u043e\u0439 \u043a\u043e\u043d\u0441\u0443\u043b\u044c\u0442\u0438\u0440\u043e\u0432\u0430\u043b\u0441\u044f \u043f\u043e \u043f\u043e\u0432\u043e\u0434\u0443 \u0441\u0432\u043e\u0435\u0433\u043e \u043f\u043b\u0430\u043d\u0438\u0440\u0443\u0435\u043c\u043e\u0433\u043e \u0444\u0438\u043b\u044c\u043c\u0430.<\/p>\n<p style=\"color: #374151; text-align: justify;\">\u041e\u043d \u0431\u044b\u043b \u0436\u0435\u043d\u0430\u0442 \u0442\u0440\u0438\u0436\u0434\u044b, \u0435\u0433\u043e \u043f\u0435\u0440\u0432\u043e\u0439 \u0436\u0435\u043d\u043e\u0439 \u0431\u044b\u043b\u0430 \u042d\u0440\u0436\u0435\u0431\u0435\u0442 \u0418\u043b\u043e\u043d\u0430 \u0427\u0430\u043a\u0438 \u0438\u0437 \u041a\u0451\u0440\u0451\u0448\u0435\u0433\u0430 \u0438 \u0410\u0434\u043e\u0440\u044c\u044f\u043d\u0430 (18 \u043e\u043a\u0442\u044f\u0431\u0440\u044f 1900 - \u0411\u0443\u0434\u0430\u043f\u0435\u0448\u0442, 24 \u044f\u043d\u0432\u0430\u0440\u044f 1974), \u043d\u0430 \u043a\u043e\u0442\u043e\u0440\u043e\u0439 \u043e\u043d \u0436\u0435\u043d\u0438\u043b\u0441\u044f 28 \u043c\u0430\u0440\u0442\u0430 1919 \u0433\u043e\u0434\u0430 \u0438 \u0441 \u043a\u043e\u0442\u043e\u0440\u043e\u0439 \u0443 \u043d\u0435\u0433\u043e \u0440\u043e\u0434\u0438\u043b\u0438\u0441\u044c \u0434\u043e\u0447\u0435\u0440\u0438: \u0410\u043d\u0434\u0440\u0435\u0430 (\u0440\u043e\u0434\u0438\u043b\u0430\u0441\u044c 25 \u0430\u043f\u0440\u0435\u043b\u044f 1920), \u0421\u043e\u043d\u044f (\u0440\u043e\u0434\u0438\u043b\u0430\u0441\u044c \u0432 \u0414\u044c\u0451\u0440\u0435, 15 \u0434\u0435\u043a\u0430\u0431\u0440\u044f 1929), \u0410\u043d\u0434\u0440\u0435\u0430 \u0410\u0432\u0433\u0443\u0441\u0442\u0430 \u0412\u0438\u043a\u0442\u043e\u0440\u0438\u044f. \u041f\u043e\u0441\u043b\u0435 \u0438\u0445 \u0440\u0430\u0437\u0432\u043e\u0434\u0430 5 \u0430\u043f\u0440\u0435\u043b\u044f 1930 \u0433\u043e\u0434\u0430 \u043e\u043d \u0436\u0435\u043d\u0438\u043b\u0441\u044f \u0435\u0449\u0435 \u0434\u0432\u0430\u0436\u0434\u044b: \u043d\u0430 \u041c\u0430\u0440\u0438\u0438 \u0411\u0435\u043d\u0446 (\u0440\u043e\u0434\u0438\u043b\u0430\u0441\u044c 21 \u043c\u0430\u0440\u0442\u0430 1907 \u0433\u043e\u0434\u0430), \u0430 \u0437\u0430\u0442\u0435\u043c \u043d\u0430 \u041c\u0430\u0440\u0438\u043e\u043d \u041a\u0435\u0433\u043b\u044c (\u0440\u043e\u0434\u0438\u043b\u0430\u0441\u044c \u0432 \u044f\u043d\u0432\u0430\u0440\u0435 1906 \u0433\u043e\u0434\u0430).<\/p>\n<p style=\"color: #374151; text-align: justify;\">\u0412 1931 \u0433\u043e\u0434\u0443 \u043e\u043d \u0441\u043d\u044f\u043b \u0434\u0432\u0443\u0445\u0441\u0435\u0440\u0438\u0439\u043d\u0443\u044e (\u043e\u043a\u043e\u043b\u043e 600 \u043c\u0435\u0442\u0440\u043e\u0432) \u043d\u0435\u043c\u0443\u044e \u043a\u043e\u0440\u043e\u0442\u043a\u043e\u043c\u0435\u0442\u0440\u0430\u0436\u043d\u0443\u044e \u0434\u0440\u0430\u043c\u0443 \u0432 \u0441\u0432\u043e\u0435\u043c \u043f\u043e\u043c\u0435\u0441\u0442\u044c\u0435 \u0432 \u00d6ttev\u00e9ny, \u0441 \u0430\u043a\u0442\u0435\u0440\u0441\u043a\u0438\u043c \u0441\u043e\u0441\u0442\u0430\u0432\u043e\u043c \u0438\u0437 \u0441\u0442\u0443\u0434\u0435\u043d\u0442\u043e\u0432, \u0430\u043a\u0442\u0435\u0440\u043e\u0432-\u043b\u044e\u0431\u0438\u0442\u0435\u043b\u0435\u0439 \u0438 \u0441\u043e\u0442\u0440\u0443\u0434\u043d\u0438\u043a\u043e\u0432.<\/p>\n<\/div>\n<\/div>\n<\/div>\n<\/div>\n<p><br class=\"clear\"\/><\/div>\n<\/div>\n<\/div>\n<\/div>\n<div  class=\"one withsmallpadding ppb_header\" style=\"text-align:left;padding:30px 0 30px 0;\" >\n<div class=\"overlay_background\" style=\"background:#000000;background:rgb(0,0,0,1);background:rgba(0,0,0,1);\"><\/div>\n<div class=\"standard_wrapper\">\n<div class=\"page_content_wrapper\">\n<div class=\"inner\">\n<div style=\"margin:auto;width:100%\">\n<h2 class=\"ppb_title\" style=\"\">\u0412 \u043d\u0430\u0448\u0438 \u0434\u043d\u0438...<\/h2>\n<\/div>\n<\/div>\n<\/div>\n<\/div>\n<\/div>\n<div  class=\"ppb_image_half_boxed_fixed_width one\" >\n<div class=\"standard_wrapper\">\n<div class=\"page_content_wrapper\">\n<div class=\"inner\">\n<div class=\"one_half content_middle fixed\" style=\"padding:0px; text-align:left;min-height:420px;\">\n<div class=\"content_middle_wrapper\">\n<div class=\"content_middle_content\">\n<div class=\"ppb_header_content\">\n<p style=\"color: #374151; text-align: justify;\">\u0412 \u0441\u0435\u0440\u0435\u0434\u0438\u043d\u0435 XX \u0432\u0435\u043a\u0430 \u0437\u0434\u0430\u043d\u0438\u0435 \u043f\u0435\u0440\u0435\u0448\u043b\u043e \u0432 \u0441\u043e\u0431\u0441\u0442\u0432\u0435\u043d\u043d\u043e\u0441\u0442\u044c \u043a\u043e\u043c\u043f\u0430\u043d\u0438\u0438 Waggonfabrik \u0438 \u0432\u044b\u043f\u043e\u043b\u043d\u044f\u043b\u043e \u0440\u0430\u0437\u043b\u0438\u0447\u043d\u044b\u0435 \u0444\u0443\u043d\u043a\u0446\u0438\u0438, \u0432\u043a\u043b\u044e\u0447\u0430\u044f \u0440\u0430\u0437\u043c\u0435\u0449\u0435\u043d\u0438\u0435 \u0441\u043a\u043e\u0440\u043e\u0439 \u043f\u043e\u043c\u043e\u0449\u0438, \u0430\u043f\u0442\u0435\u043a\u0438 \u0438 \u0434\u043e\u043c\u0430 \u043f\u0440\u0435\u0441\u0442\u0430\u0440\u0435\u043b\u044b\u0445. \u041a\u043e\u043c\u043f\u0430\u043d\u0438\u044f \u00c9D\u00c1SZ Rt. \u043f\u0440\u0438\u043e\u0431\u0440\u0435\u043b\u0430 \u0437\u0430\u0431\u0440\u043e\u0448\u0435\u043d\u043d\u043e\u0435 \u0437\u0434\u0430\u043d\u0438\u0435 \u0432 1988 \u0433\u043e\u0434\u0443, \u0437\u0430\u0442\u0435\u043c \u0432 \u0442\u0435\u0447\u0435\u043d\u0438\u0435 \u0447\u0435\u0442\u044b\u0440\u0435\u0445 \u043b\u0435\u0442 \u0432\u043e\u0441\u0441\u0442\u0430\u043d\u0430\u0432\u043b\u0438\u0432\u0430\u043b\u0430 \u0435\u0433\u043e \u0434\u043e \u043f\u0435\u0440\u0432\u043e\u043d\u0430\u0447\u0430\u043b\u044c\u043d\u043e\u0433\u043e \u0441\u043e\u0441\u0442\u043e\u044f\u043d\u0438\u044f \u0438 \u0432 \u043a\u043e\u043d\u0446\u0435 \u043a\u043e\u043d\u0446\u043e\u0432 \u043f\u0440\u0435\u0432\u0440\u0430\u0442\u0438\u043b\u0430 \u0432 \u0441\u043e\u0432\u0440\u0435\u043c\u0435\u043d\u043d\u044b\u0439 3-\u0437\u0432\u0435\u0437\u0434\u043e\u0447\u043d\u044b\u0439 \u043e\u0442\u0435\u043b\u044c.<\/p>\n<p style=\"color: #374151; text-align: justify;\">\u0427\u0435\u0440\u0435\u0437 \u043d\u0435\u0441\u043a\u043e\u043b\u044c\u043a\u043e \u043b\u0435\u0442 \u0437\u0430\u043c\u043e\u043a \u043a\u0443\u043f\u0438\u043b\u0430 \u0432\u0441\u0435\u043c\u0438\u0440\u043d\u043e \u0438\u0437\u0432\u0435\u0441\u0442\u043d\u0430\u044f \u0441\u043b\u043e\u0432\u0430\u0446\u043a\u0430\u044f \u0442\u0435\u043d\u043d\u0438\u0441\u0438\u0441\u0442\u043a\u0430 \u0414\u0430\u043d\u0438\u044d\u043b\u0430 \u0425\u0430\u043d\u0442\u0443\u0445\u043e\u0432\u0430, \u043a\u043e\u0442\u043e\u0440\u0430\u044f \u0431\u0435\u0440\u0435\u0436\u043d\u043e \u0441\u043e\u0445\u0440\u0430\u043d\u044f\u043b\u0430 \u0438 \u0440\u0430\u0437\u0432\u0438\u0432\u0430\u043b\u0430 \u0437\u0434\u0430\u043d\u0438\u0435 \u0434\u043e \u043c\u043e\u043c\u0435\u043d\u0442\u0430 \u0435\u0433\u043e \u0437\u0430\u043a\u0440\u044b\u0442\u0438\u044f. \u0412\u043e \u0432\u0440\u0435\u043c\u044f \u0440\u0435\u043a\u043e\u043d\u0441\u0442\u0440\u0443\u043a\u0446\u0438\u0438 \u0431\u044b\u043b \u0441\u043e\u0445\u0440\u0430\u043d\u0435\u043d \u043e\u0440\u0438\u0433\u0438\u043d\u0430\u043b\u044c\u043d\u044b\u0439 \u0445\u0430\u0440\u0430\u043a\u0442\u0435\u0440 \u0438 \u0441\u0442\u0438\u043b\u044c \u0437\u0430\u043c\u043a\u0430, \u0442\u0430\u043a \u0447\u0442\u043e \u043e\u043d \u043f\u043e-\u043f\u0440\u0435\u0436\u043d\u0435\u043c\u0443 \u043e\u0442\u0440\u0430\u0436\u0430\u0435\u0442 \u0430\u0442\u043c\u043e\u0441\u0444\u0435\u0440\u0443 \u043f\u0440\u043e\u0448\u043b\u043e\u0433\u043e \u0432\u0435\u043a\u0430. \u0412 2020 \u0433\u043e\u0434\u0443 Covid \u0437\u0430\u0432\u0435\u0440\u0448\u0438\u043b \u0441\u0432\u043e\u0439 \u043f\u0440\u043e\u0446\u0432\u0435\u0442\u0430\u044e\u0449\u0438\u0439 \u0431\u0438\u0437\u043d\u0435\u0441.<\/p>\n<\/div>\n<\/div>\n<\/div>\n<\/div>\n<p><br class=\"clear\"\/><\/div>\n<\/div>\n<\/div>\n<\/div>\n<div  class=\"ppb_image_half_boxed_fixed_width one\" >\n<div class=\"standard_wrapper\">\n<div class=\"page_content_wrapper\">\n<div class=\"inner\">\n<div class=\"one_half content_middle fixed\" style=\"padding:0px; text-align:left;min-height:420px;\">\n<div class=\"content_middle_wrapper\">\n<div class=\"content_middle_content\">\n<div class=\"ppb_header_content\">\n<p style=\"color: #374151; text-align: justify;\">\u041f\u043e\u0441\u043b\u0435 \u0437\u0430\u043a\u0440\u044b\u0442\u0438\u044f \u0441\u0442\u0430\u0440\u0438\u043d\u043d\u043e\u0435 \u0437\u0434\u0430\u043d\u0438\u0435 \u043d\u0430 2 \u0433\u043e\u0434\u0430 \u043f\u043e\u0433\u0440\u0443\u0437\u0438\u043b\u043e\u0441\u044c \u0432 \u0442\u0438\u0445\u043e\u0435 \u043e\u0434\u0438\u043d\u043e\u0447\u0435\u0441\u0442\u0432\u043e, \u0447\u0442\u043e \u0437\u0430\u043c\u0435\u0442\u043d\u043e \u0441\u043a\u0430\u0437\u0430\u043b\u043e\u0441\u044c \u043d\u0430 \u0435\u0433\u043e \u0442\u0435\u0445\u043d\u0438\u0447\u0435\u0441\u043a\u043e\u043c \u0441\u043e\u0441\u0442\u043e\u044f\u043d\u0438\u0438, \u0430 \u043f\u0430\u0440\u043a \u0437\u0430\u0440\u043e\u0441. \u0412 \u043c\u0430\u0435 2023 \u0433\u043e\u0434\u0430 \u0437\u0430\u043c\u043e\u043a \u043f\u0435\u0440\u0435\u0448\u0435\u043b \u0432 \u0441\u043e\u0431\u0441\u0442\u0432\u0435\u043d\u043d\u043e\u0441\u0442\u044c \u0441\u0435\u043c\u044c\u0438 Matusz \u0438\u0437 \u0414\u044c\u0451\u0440\u0430, \u0438 \u0440\u0430\u0437\u0432\u0438\u0442\u0438\u0435 \u0432\u043e\u0437\u043e\u0431\u043d\u043e\u0432\u0438\u043b\u043e\u0441\u044c. \u0412 \u043d\u0430\u0441\u0442\u043e\u044f\u0449\u0435\u0435 \u0432\u0440\u0435\u043c\u044f \u0437\u0430\u043c\u043e\u043a \u043f\u0440\u043e\u0445\u043e\u0434\u0438\u0442 \u043f\u043e\u043b\u043d\u0443\u044e \u044d\u043d\u0435\u0440\u0433\u0435\u0442\u0438\u0447\u0435\u0441\u043a\u0443\u044e \u0438 \u0430\u0440\u0445\u0438\u0442\u0435\u043a\u0442\u0443\u0440\u043d\u0443\u044e \u0440\u0435\u043a\u043e\u043d\u0441\u0442\u0440\u0443\u043a\u0446\u0438\u044e, \u0438, \u043a\u0430\u043a \u043e\u0436\u0438\u0434\u0430\u0435\u0442\u0441\u044f, \u0432\u043d\u043e\u0432\u044c \u043e\u0442\u043a\u0440\u043e\u0435\u0442\u0441\u044f \u0434\u043b\u044f \u043f\u043e\u0441\u0435\u0442\u0438\u0442\u0435\u043b\u0435\u0439 30 \u0430\u043f\u0440\u0435\u043b\u044f 2024 \u0433\u043e\u0434\u0430.<\/p>\n<p style=\"color: #374151; text-align: justify;\">\u0418\u0441\u0442\u043e\u0440\u0438\u044f \u0434\u0435\u0440\u0435\u0432\u043d\u0438 \u00d6ttev\u00e9ny \u0438 \u0437\u0430\u043c\u043a\u0430 F\u00f6ldv\u00e1ry \u0442\u0435\u0441\u043d\u043e \u043f\u0435\u0440\u0435\u043f\u043b\u0435\u0442\u0430\u043b\u0430\u0441\u044c \u043d\u0430 \u043f\u0440\u043e\u0442\u044f\u0436\u0435\u043d\u0438\u0438 \u0432\u0435\u043a\u043e\u0432, \u0447\u0442\u043e \u0434\u0435\u043b\u0430\u0435\u0442 \u0435\u0433\u043e \u043e\u0434\u043d\u0438\u043c \u0438\u0437 \u0441\u0430\u043c\u044b\u0445 \u0432\u0430\u0436\u043d\u044b\u0445 \u044d\u043b\u0435\u043c\u0435\u043d\u0442\u043e\u0432 \u043c\u0435\u0441\u0442\u043d\u043e\u0433\u043e \u0438\u0441\u0442\u043e\u0440\u0438\u0447\u0435\u0441\u043a\u043e\u0433\u043e \u043d\u0430\u0441\u043b\u0435\u0434\u0438\u044f \u0434\u043b\u044f \u0436\u0438\u0442\u0435\u043b\u0435\u0439 \u0434\u0435\u0440\u0435\u0432\u043d\u0438, \u043a\u043e\u0442\u043e\u0440\u044b\u0435 \u0433\u043e\u0440\u0434\u044f\u0442\u0441\u044f \u0441\u0432\u043e\u0438\u043c \u043f\u0440\u043e\u0448\u043b\u044b\u043c \u0438 \u043f\u0440\u043e\u0434\u043e\u043b\u0436\u0430\u044e\u0442 \u0441\u043e\u0445\u0440\u0430\u043d\u044f\u0442\u044c \u0438\u0441\u0442\u043e\u0440\u0438\u0447\u0435\u0441\u043a\u0438\u0439 \u0434\u0443\u0445 \u0434\u0435\u0440\u0435\u0432\u043d\u0438.<\/p>\n<\/div>\n<\/div>\n<\/div>\n<\/div>\n<p><br class=\"clear\"\/><\/div>\n<\/div>\n<\/div>\n<\/div>","protected":false},"excerpt":{"rendered":"<p>Das F\u00f6ldv\u00e1ry-Schloss befindet sich in der Gemeinde \u00d6ttev\u00e9ny, 15 km von Gy\u0151r entfernt, im westlichen Transdanubien. Das Dorf, das im Laufe der Zeit viele historische Ver\u00e4nderungen durchgemacht hat, hat bis heute seine historische Bedeutung und sein reiches Erbe bewahrt. Es wird erstmals im 13. Jahrhundert in schriftlichen Quellen erw\u00e4hnt, wo es unter dem Namen \u00d6ttev\u00e9ny [&hellip;]<\/p>","protected":false},"author":3,"featured_media":3740,"parent":0,"menu_order":0,"comment_status":"closed","ping_status":"closed","template":"","meta":{"footnotes":""},"class_list":["post-4089","page","type-page","status-publish","has-post-thumbnail","hentry","entry","has-media"],"_links":{"self":[{"href":"https:\/\/ottevenyikastely.hu\/ru\/wp-json\/wp\/v2\/pages\/4089","targetHints":{"allow":["GET"]}}],"collection":[{"href":"https:\/\/ottevenyikastely.hu\/ru\/wp-json\/wp\/v2\/pages"}],"about":[{"href":"https:\/\/ottevenyikastely.hu\/ru\/wp-json\/wp\/v2\/types\/page"}],"author":[{"embeddable":true,"href":"https:\/\/ottevenyikastely.hu\/ru\/wp-json\/wp\/v2\/users\/3"}],"replies":[{"embeddable":true,"href":"https:\/\/ottevenyikastely.hu\/ru\/wp-json\/wp\/v2\/comments?post=4089"}],"version-history":[{"count":0,"href":"https:\/\/ottevenyikastely.hu\/ru\/wp-json\/wp\/v2\/pages\/4089\/revisions"}],"wp:featuredmedia":[{"embeddable":true,"href":"https:\/\/ottevenyikastely.hu\/ru\/wp-json\/wp\/v2\/media\/3740"}],"wp:attachment":[{"href":"https:\/\/ottevenyikastely.hu\/ru\/wp-json\/wp\/v2\/media?parent=4089"}],"curies":[{"name":"wp","href":"https:\/\/api.w.org\/{rel}","templated":true}]}}