{"id":4163,"date":"2023-06-12T17:02:21","date_gmt":"2023-06-12T15:02:21","guid":{"rendered":"https:\/\/ottevenyikastely.hu\/?page_id=4163"},"modified":"2023-11-20T13:52:32","modified_gmt":"2023-11-20T12:52:32","slug":"%d0%b4%d0%be%d0%bc-en-2","status":"publish","type":"page","link":"https:\/\/ottevenyikastely.hu\/ru\/%d0%b4%d0%be%d0%bc-en-2\/","title":{"rendered":"Home-EN"},"content":{"rendered":"<div  class=\"one withsmallpadding ppb_text_image withbg parallax\" style=\"background-image:url(https:\/\/ottevenyikastely.hu\/wp-content\/uploads\/2023\/08\/nyeremenyjatek-2.jpg);background-position: center top;text-align:left;padding:205px 0 205px 0;\" >\n<div class=\"standard_wrapper\">\n<div class=\"page_content_wrapper\">\n<div class=\"inner\">\n<div style=\"margin:auto;width:100%\">\n<h1 style=\"color: #fff; font-size: 55px;\">Chateau F\u00f6ldv\u00e1ry<\/h1>\n<h1 class=\"widgettitle\" style=\"color: #fff; border-color: #fff; margin-top: 20px; font-size: 35px;\">\u0422\u043e\u0440\u0436\u0435\u0441\u0442\u0432\u0435\u043d\u043d\u043e\u0435 \u043e\u0442\u043a\u0440\u044b\u0442\u0438\u0435 2024 \u0433\u043e\u0434\u0430 1 \u043c\u0430\u044f.<\/h1>\n<\/div>\n<\/div>\n<\/div>\n<\/div>\n<\/div>\n<div  class=\"ppb_image_half_boxed_fixed_width one\" style=\"margin-top:40px;margin-bottom:40px;\" >\n<div class=\"standard_wrapper\">\n<div class=\"page_content_wrapper\">\n<div class=\"inner\">\n<div class=\"one_half content_middle\" style=\"background-image:url(https:\/\/ottevenyikastely.hu\/wp-content\/uploads\/2023\/06\/1486930_763125647105896_2599009561480863766_n-Enhanced.jpg);min-height:405px;\"><\/div>\n<div class=\"one_half last content_middle fixed\" style=\"padding:40px;text-align:center;min-height:405px; background-color:#ffffff;\">\n<div class=\"content_middle_wrapper\">\n<div class=\"content_middle_content\">\n<h2 class=\"ppb_title\" style=\"\">\u0421\u0412\u0410\u0414\u042c\u0411\u042b<\/h2>\n<div class=\"ppb_header_content\">\n<blockquote>\n<p style=\"text-align: justify;\">\u041d\u0430\u0448 \u0437\u0430\u043c\u043e\u043a \u0438\u0434\u0435\u0430\u043b\u044c\u043d\u043e \u043f\u043e\u0434\u0445\u043e\u0434\u0438\u0442 \u0434\u043b\u044f \u043e\u0440\u0433\u0430\u043d\u0438\u0437\u0430\u0446\u0438\u0438 \u0441\u0432\u0430\u0434\u044c\u0431\u044b \u0441 \u0441\u0438\u0434\u044f\u0447\u0438\u043c\u0438 \u043c\u0435\u0441\u0442\u0430\u043c\u0438 \u0438 \u043a\u0440\u0443\u0433\u043b\u044b\u043c \u0441\u0442\u043e\u043b\u043e\u043c \u043d\u0430 160 \u0447\u0435\u043b\u043e\u0432\u0435\u043a. \u0410\u0440\u0435\u043d\u0434\u0443\u044f \u0437\u0430\u043c\u043e\u043a, \u043c\u044b \u043c\u043e\u0436\u0435\u043c \u043e\u0431\u0435\u0441\u043f\u0435\u0447\u0438\u0442\u044c \u043f\u043e\u043b\u043d\u0443\u044e \u044d\u043a\u0441\u043a\u043b\u044e\u0437\u0438\u0432\u043d\u043e\u0441\u0442\u044c \u0434\u043b\u044f \u0438\u0434\u0435\u0430\u043b\u044c\u043d\u043e\u0433\u043e \u043f\u0440\u043e\u0432\u0435\u0434\u0435\u043d\u0438\u044f \u0447\u0430\u0441\u0442\u043d\u043e\u0433\u043e \u043c\u0435\u0440\u043e\u043f\u0440\u0438\u044f\u0442\u0438\u044f.<\/p>\n<p style=\"text-align: left;\"><a href=\"https:\/\/ottevenyikastely.hu\/en\/weddings\/\">\u0417\u0410\u041c\u041e\u041a \u041a\u0410\u041a \u041c\u0415\u0421\u0422\u041e \u041f\u0420\u041e\u0412\u0415\u0414\u0415\u041d\u0418\u042f \u0421\u0412\u0410\u0414\u042c\u0411\u042b<\/a><\/p>\n<\/blockquote>\n<\/div>\n<\/div>\n<\/div>\n<\/div>\n<p><br class=\"clear\"\/><\/div>\n<\/div>\n<\/div>\n<\/div>\n<div  class=\"ppb_image_half_boxed_fixed_width one\" style=\"margin-top:40px;margin-bottom:40px;\" >\n<div class=\"standard_wrapper\">\n<div class=\"page_content_wrapper\">\n<div class=\"inner\">\n<div class=\"one_half content_middle fixed\" style=\"padding:40px; text-align:center;min-height:450px;background-color:#ffffff;\">\n<div class=\"content_middle_wrapper\">\n<div class=\"content_middle_content\">\n<h2 class=\"ppb_title\" style=\"\">\u041d\u0430\u0448\u0438 \u0443\u0441\u043b\u0443\u0433\u0438 <\/h2>\n<div class=\"ppb_header_content\">\n<ul>\n<li>\n<blockquote>\n<p>\u041e\u0440\u0433\u0430\u043d\u0438\u0437\u0430\u0446\u0438\u044f \u0441\u0432\u0430\u0434\u0435\u0431 \u0438 \u043c\u0435\u0440\u043e\u043f\u0440\u0438\u044f\u0442\u0438\u0439<\/p>\n<\/blockquote>\n<\/li>\n<li>\n<blockquote>\n<p>\u041f\u0440\u0435\u0434\u043e\u0441\u0442\u0430\u0432\u043b\u0435\u043d\u0438\u0435 \u043c\u0435\u0441\u0442 \u0434\u043b\u044f \u0441\u044a\u0435\u043c\u043e\u043a \u0444\u0438\u043b\u044c\u043c\u043e\u0432 \u0438 \u043f\u0440\u043e\u0444\u0435\u0441\u0441\u0438\u043e\u043d\u0430\u043b\u044c\u043d\u043e\u0439 \u0444\u043e\u0442\u043e\u0441\u044a\u0435\u043c\u043a\u0438<\/p>\n<\/blockquote>\n<\/li>\n<li>\n<blockquote>\n<p>\u0411\u0435\u0441\u043f\u043b\u0430\u0442\u043d\u044b\u0435 \u043c\u0435\u0441\u0442\u0430 \u0434\u043b\u044f \u0444\u043e\u0442\u043e\u0441\u044a\u0435\u043c\u043a\u0438 \u0441\u0432\u0430\u0434\u0435\u0431\u043d\u044b\u0445 \u043f\u0430\u0440<\/p>\n<\/blockquote>\n<\/li>\n<li>\n<blockquote>\n<p>\u0422\u0438\u043c\u0431\u0438\u043b\u0434\u0438\u043d\u0433 \u0438 \u043a\u043e\u0440\u043f\u043e\u0440\u0430\u0442\u0438\u0432\u043d\u044b\u0435 \u043c\u0435\u0440\u043e\u043f\u0440\u0438\u044f\u0442\u0438\u044f<\/p>\n<\/blockquote>\n<\/li>\n<li>\n<blockquote>\n<p><strong><a title=\"\u0413\u043e\u0441\u0442\u0435\u043f\u0440\u0438\u0438\u043c\u0441\u0442\u0432\u043e\" href=\"https:\/\/ottevenyikastely.hu\/en\/hospitality\/\">\u0423\u0441\u043b\u0443\u0433\u0438 \u043a\u0435\u0439\u0442\u0435\u0440\u0438\u043d\u0433\u0430<\/a><\/strong><\/p>\n<\/blockquote>\n<\/li>\n<\/ul>\n<blockquote>\n<p style=\"color: #374151;\"><\/blockquote>\n<\/div>\n<\/div>\n<\/div>\n<\/div>\n<div class=\"one_half content_middle last\" style=\"background-image:url(https:\/\/ottevenyikastely.hu\/wp-content\/uploads\/2023\/06\/287356032_996920847685811_7607236231232610045_n.jpg);min-height:450px;\"><\/div>\n<p><br class=\"clear\"\/><\/div>\n<\/div>\n<\/div>\n<\/div>\n<div  class=\"one withsmallpadding ppb_text_image withbg parallax\" style=\"background-image:url(https:\/\/ottevenyikastely.hu\/wp-content\/uploads\/2023\/06\/IMG_0856-1.jpg);background-position: center top;text-align:center;padding:280px 0 280px 0;color:#ffffff !important;\" >\n<div class=\"overlay_background\" style=\"background:#000000;background:rgb(0,0,0,0.2);background:rgba(0,0,0,0.2);\"><\/div>\n<div class=\"standard_wrapper\">\n<div class=\"page_content_wrapper\">\n<div class=\"inner\">\n<div style=\"margin:auto;width:55%\">\n<h1 style=\"color:#fff;font-size:55px;\">Chateau F\u00f6ldv\u00e1ry<\/h1>\n<h1 class=\"widgettitle\" style=\"color:#fff;border-color:#fff;margin-top:20px;font-size:35px;\">\u0422\u043e\u0440\u0436\u0435\u0441\u0442\u0432\u0435\u043d\u043d\u043e\u0435 \u043e\u0442\u043a\u0440\u044b\u0442\u0438\u0435 2024 \u0433\u043e\u0434\u0430 1 \u043c\u0430\u044f.<\/h1>\n<\/div>\n<\/div>\n<\/div>\n<\/div>\n<\/div>\n<div  class=\"ppb_image_half_boxed_fixed_width one\" style=\"margin-top:40px;margin-bottom:40px;\" >\n<div class=\"standard_wrapper\">\n<div class=\"page_content_wrapper\">\n<div class=\"inner\">\n<div class=\"one_half content_middle fixed\" style=\"padding:40px; text-align:center;min-height:600px;background-color:#ffffff;\">\n<div class=\"content_middle_wrapper\">\n<div class=\"content_middle_content\">\n<h2 class=\"ppb_title\" style=\"\">\u041e \u0437\u0430\u043c\u043a\u0435 <\/h2>\n<div class=\"ppb_header_content\">\n<blockquote>\n<p style=\"text-align: justify;\">\u0417\u0430\u043c\u043e\u043a F\u00f6ldv\u00e1ry \u0440\u0430\u0441\u043f\u043e\u043b\u043e\u0436\u0435\u043d \u0432 \u0434\u0435\u0440\u0435\u0432\u043d\u0435 \u00d6ttev\u00e9ny, \u0432 15 \u043a\u043c \u043e\u0442 \u0414\u044c\u0451\u0440\u0430, \u0432 \u0437\u0430\u043f\u0430\u0434\u043d\u043e\u043c \u0440\u0435\u0433\u0438\u043e\u043d\u0435 \u0412\u0435\u043d\u0433\u0440\u0438\u0438. \u0414\u0435\u0440\u0435\u0432\u043d\u044f, \u043f\u0440\u0435\u0442\u0435\u0440\u043f\u0435\u0432\u0448\u0430\u044f \u0441\u043e \u0432\u0440\u0435\u043c\u0435\u043d\u0435\u043c \u043c\u043d\u043e\u0436\u0435\u0441\u0442\u0432\u043e \u0438\u0441\u0442\u043e\u0440\u0438\u0447\u0435\u0441\u043a\u0438\u0445 \u0438\u0437\u043c\u0435\u043d\u0435\u043d\u0438\u0439, \u0434\u043e \u0441\u0438\u0445 \u043f\u043e\u0440 \u0441\u043e\u0445\u0440\u0430\u043d\u0438\u043b\u0430 \u0441\u0432\u043e\u0435 \u0438\u0441\u0442\u043e\u0440\u0438\u0447\u0435\u0441\u043a\u043e\u0435 \u0437\u043d\u0430\u0447\u0435\u043d\u0438\u0435 \u0438 \u0431\u043e\u0433\u0430\u0442\u043e\u0435 \u043d\u0430\u0441\u043b\u0435\u0434\u0438\u0435. \u0417\u0430\u043c\u043e\u043a \u0431\u044b\u043b \u043f\u043e\u0441\u0442\u0440\u043e\u0435\u043d \u0432 1870 \u0433\u043e\u0434\u0443 \u0432\u0434\u043e\u043b\u044c \u0433\u043b\u0430\u0432\u043d\u043e\u0433\u043e \u043c\u0430\u0440\u0448\u0440\u0443\u0442\u0430 \u0412\u0435\u043d\u0430-\u0411\u0440\u0430\u0442\u0438\u0441\u043b\u0430\u0432\u0430-\u0411\u0443\u0434\u0430\u043f\u0435\u0448\u0442 \u0431\u0430\u0440\u043e\u043d\u043e\u043c \u041c\u0438\u043a\u043b\u043e\u0448\u0435\u043c F\u00f6ldv\u00e1ry (1840-1914), \u043e\u0434\u043d\u0438\u043c \u0438\u0437 \u043a\u0440\u0443\u043f\u043d\u0435\u0439\u0448\u0438\u0445 \u0437\u0435\u043c\u043b\u0435\u0432\u043b\u0430\u0434\u0435\u043b\u044c\u0446\u0435\u0432 \u0442\u043e\u0433\u043e \u0432\u0440\u0435\u043c\u0435\u043d\u0438, \u0434\u043b\u044f \u0441\u0432\u043e\u0435\u0439 \u0436\u0435\u043d\u044b, \u0438 \u0441 \u0442\u0435\u0445 \u043f\u043e\u0440 \u0441\u0442\u0430\u043b \u0441\u0438\u043c\u0432\u043e\u043b\u043e\u043c \u0434\u0435\u0440\u0435\u0432\u043d\u0438.<\/p>\n<p style=\"text-align: justify;\"><a href=\"https:\/\/ottevenyikastely.hu\/ru\/hu\/home-wedding-venue\/\">\u0423\u0437\u043d\u0430\u0442\u044c \u0431\u043e\u043b\u044c\u0448\u0435<\/a><\/p>\n<\/blockquote>\n<\/div>\n<\/div>\n<\/div>\n<\/div>\n<div class=\"one_half content_middle last\" style=\"background-image:url(https:\/\/ottevenyikastely.hu\/wp-content\/uploads\/2023\/06\/IMG_0867-2.jpg);min-height:600px;\"><\/div>\n<p><br class=\"clear\"\/><\/div>\n<\/div>\n<\/div>\n<\/div>\n<div  class=\"one withsmallpadding ppb_header parallax withbg\" style=\"background-image:url(https:\/\/ottevenyikastely.hu\/wp-content\/uploads\/2023\/06\/Kepernyofoto-2023-06-11-6.29.59-2.jpeg);background-position: center top;text-align:center;padding:285px 0 285px 0;color:#ffffff;\" >\n<div class=\"overlay_background\" style=\"background:#000000;background:rgb(0,0,0,0.2);background:rgba(0,0,0,0.2);\"><\/div>\n<div class=\"standard_wrapper\">\n<div class=\"page_content_wrapper\">\n<div class=\"inner\">\n<div style=\"margin:auto;width:100%\"><\/div>\n<\/div>\n<\/div>\n<\/div>\n<\/div>","protected":false},"excerpt":{"rendered":"<p>Chateau F\u00f6ldv\u00e1ry Grand opening 2024 M\u00e1jus 1. WEDDINGS Our castle is perfectly suitable for organizing a seated, round-table wedding for up to 160 people. With the rental of the castle, we can provide complete exclusivity for the perfect execution of a private event. CHATEAU AS A WEDDING VENUE Our services Wedding and Event Organization Providing [&hellip;]<\/p>","protected":false},"author":3,"featured_media":0,"parent":0,"menu_order":0,"comment_status":"closed","ping_status":"closed","template":"","meta":{"footnotes":""},"class_list":["post-4163","page","type-page","status-publish","hentry","entry"],"_links":{"self":[{"href":"https:\/\/ottevenyikastely.hu\/ru\/wp-json\/wp\/v2\/pages\/4163","targetHints":{"allow":["GET"]}}],"collection":[{"href":"https:\/\/ottevenyikastely.hu\/ru\/wp-json\/wp\/v2\/pages"}],"about":[{"href":"https:\/\/ottevenyikastely.hu\/ru\/wp-json\/wp\/v2\/types\/page"}],"author":[{"embeddable":true,"href":"https:\/\/ottevenyikastely.hu\/ru\/wp-json\/wp\/v2\/users\/3"}],"replies":[{"embeddable":true,"href":"https:\/\/ottevenyikastely.hu\/ru\/wp-json\/wp\/v2\/comments?post=4163"}],"version-history":[{"count":0,"href":"https:\/\/ottevenyikastely.hu\/ru\/wp-json\/wp\/v2\/pages\/4163\/revisions"}],"wp:attachment":[{"href":"https:\/\/ottevenyikastely.hu\/ru\/wp-json\/wp\/v2\/media?parent=4163"}],"curies":[{"name":"wp","href":"https:\/\/api.w.org\/{rel}","templated":true}]}}