{"id":5321,"date":"2023-07-21T13:25:50","date_gmt":"2023-07-21T11:25:50","guid":{"rendered":"https:\/\/ottevenyikastely.hu\/?page_id=5321"},"modified":"2023-08-09T16:18:12","modified_gmt":"2023-08-09T14:18:12","slug":"%d0%bf%d0%be%d1%82%d1%80%d0%b5%d0%b1%d0%bb%d0%b5%d0%bd%d0%b8%d0%b5-%d0%b5%d0%b4%d1%8b-%d0%b8-%d0%bd%d0%b0%d0%bf%d0%b8%d1%82%d0%ba%d0%be%d0%b2","status":"publish","type":"page","link":"https:\/\/ottevenyikastely.hu\/ru\/%d0%bf%d0%be%d1%82%d1%80%d0%b5%d0%b1%d0%bb%d0%b5%d0%bd%d0%b8%d0%b5-%d0%b5%d0%b4%d1%8b-%d0%b8-%d0%bd%d0%b0%d0%bf%d0%b8%d1%82%d0%ba%d0%be%d0%b2\/","title":{"rendered":"\u041f\u043e\u0442\u0440\u0435\u0431\u043b\u0435\u043d\u0438\u0435 \u043f\u0440\u043e\u0434\u0443\u043a\u0442\u043e\u0432 \u043f\u0438\u0442\u0430\u043d\u0438\u044f \u0438 \u043d\u0430\u043f\u0438\u0442\u043a\u043e\u0432"},"content":{"rendered":"<div  class=\"one withsmallpadding ppb_header\" style=\"text-align:left;padding:30px 0 30px 0;\" >\n<div class=\"standard_wrapper\">\n<div class=\"page_content_wrapper\">\n<div class=\"inner\">\n<div style=\"margin:auto;width:100%\">\n<h2 class=\"ppb_title\" style=\"\">\u041f\u0420\u0415\u0414\u041b\u041e\u0416\u0415\u041d\u0418\u042f \u041f\u041e \u041d\u0410\u041f\u0418\u0422\u041a\u0410\u041c<\/h2>\n<\/div>\n<\/div>\n<\/div>\n<\/div>\n<\/div>\n<div  class=\"ppb_image_half_boxed_fixed_width one\" >\n<div class=\"standard_wrapper\">\n<div class=\"page_content_wrapper\">\n<div class=\"inner\">\n<div class=\"one_half content_middle fixed\" style=\"padding:0px; text-align:left;min-height:420px;\">\n<div class=\"content_middle_wrapper\">\n<div class=\"content_middle_content\">\n<h2 class=\"ppb_title\" style=\"\">\u041f\u0410\u041a\u0415\u0422 \u0411\u0415\u0417\u0410\u041b\u041a\u041e\u0413\u041e\u041b\u042c\u041d\u042b\u0425 \u041d\u0410\u041f\u0418\u0422\u041a\u041e\u0412<\/h2>\n<div class=\"ppb_header_content\">\n<ul>\n<li style=\"text-align: justify;\"><span style=\"color: #374151;\">\u0424\u0440\u0443\u043a\u0442\u043e\u0432\u044b\u0435 \u0441\u043e\u043a\u0438 Cappy (100% \u0430\u043f\u0435\u043b\u044c\u0441\u0438\u043d\u043e\u0432\u044b\u0439 \u0441\u043e\u043a, \u043f\u0435\u0440\u0441\u0438\u043a\u043e\u0432\u044b\u0439 \u0441\u043e\u043a, \u044f\u0431\u043b\u043e\u0447\u043d\u044b\u0439 \u0441\u043e\u043a) <\/span><\/li>\n<li style=\"text-align: justify;\"><span style=\"color: #374151;\">\u041c\u0438\u043d\u0435\u0440\u0430\u043b\u044c\u043d\u0430\u044f \u0432\u043e\u0434\u0430 NaturAqua <\/span><\/li>\n<li style=\"text-align: justify;\"><span style=\"color: #374151;\">\u0414\u043e\u043c\u0430\u0448\u043d\u0438\u0435 \u0441\u0438\u0440\u043e\u043f\u044b (\u043c\u0430\u043b\u0438\u043d\u0430, \u043a\u043b\u0443\u0431\u043d\u0438\u043a\u0430, \u043a\u0438\u0432\u0438, \u0446\u0438\u0442\u0440\u0443\u0441\u043e\u0432\u044b\u0435, \u043b\u0430\u0432\u0430\u043d\u0434\u0430, \u0431\u0443\u0437\u0438\u043d\u0430) <\/span><\/li>\n<li style=\"text-align: justify;\"><span style=\"color: #374151;\">\u041a\u043e\u043a\u0430-\u043a\u043e\u043b\u0430, \u043a\u043e\u043b\u0430 \u0437\u0435\u0440\u043e, \u0444\u0430\u043d\u0442\u0430, \u0442\u043e\u043d\u0438\u043a, \u0438\u043c\u0431\u0438\u0440\u044c, \u0441\u043f\u0440\u0430\u0439\u0442 <\/span><\/li>\n<li style=\"text-align: justify;\"><span style=\"color: #374151;\">FuzeTea \u0441\u043e \u0432\u043a\u0443\u0441\u043e\u043c \u043b\u0438\u043c\u043e\u043d\u0430 \u0438 \u043f\u0435\u0440\u0441\u0438\u043a\u0430 <\/span><\/li>\n<li style=\"text-align: justify;\"><span style=\"color: #374151;\">\u041a\u043e\u0444\u0435, \u0447\u0430\u0439<\/span><\/li>\n<\/ul>\n<\/div>\n<\/div>\n<\/div>\n<\/div>\n<p><br class=\"clear\"\/><\/div>\n<\/div>\n<\/div>\n<\/div>\n<div  class=\"ppb_image_half_boxed_fixed_width one\" >\n<div class=\"standard_wrapper\">\n<div class=\"page_content_wrapper\">\n<div class=\"inner\">\n<div class=\"one_half content_middle fixed\" style=\"padding:0px; text-align:left;min-height:420px;\">\n<div class=\"content_middle_wrapper\">\n<div class=\"content_middle_content\">\n<h2 class=\"ppb_title\" style=\"\">\u041f\u0410\u041a\u0415\u0422 \u041d\u0410\u041f\u0418\u0422\u041a\u041e\u0412 \u0421 \u041f\u0418\u0412\u041e\u041c \u0418 \u0412\u0418\u041d\u041e\u041c<\/h2>\n<div class=\"ppb_header_content\">\n<ul>\n<li style=\"text-align: justify;\">\u0424\u0440\u0443\u043a\u0442\u043e\u0432\u044b\u0435 \u0441\u043e\u043a\u0438 Cappy (100% \u0430\u043f\u0435\u043b\u044c\u0441\u0438\u043d\u043e\u0432\u044b\u0439 \u0441\u043e\u043a, \u043f\u0435\u0440\u0441\u0438\u043a\u043e\u0432\u044b\u0439 \u0441\u043e\u043a, \u044f\u0431\u043b\u043e\u0447\u043d\u044b\u0439 \u0441\u043e\u043a)<\/li>\n<li style=\"text-align: justify;\">\u041c\u0438\u043d\u0435\u0440\u0430\u043b\u044c\u043d\u0430\u044f \u0432\u043e\u0434\u0430 NaturAqua<\/li>\n<li style=\"text-align: justify;\">\u0414\u043e\u043c\u0430\u0448\u043d\u0438\u0435 \u0441\u0438\u0440\u043e\u043f\u044b (\u043c\u0430\u043b\u0438\u043d\u043e\u0432\u044b\u0439, \u043a\u043b\u0443\u0431\u043d\u0438\u0447\u043d\u044b\u0439, \u0447\u0435\u0440\u043d\u043e\u0441\u043c\u043e\u0440\u043e\u0434\u0438\u043d\u043e\u0432\u044b\u0439, \u0432\u0438\u0448\u043d\u0435\u0432\u044b\u0439, \u0438\u043c\u0431\u0438\u0440\u043d\u044b\u0439, \u0438\u0437 \u0431\u0443\u0437\u0438\u043d\u044b)<\/li>\n<li style=\"text-align: justify;\">\u041a\u043e\u043a\u0430-\u043a\u043e\u043b\u0430, \u043a\u043e\u043b\u0430 \u0437\u0435\u0440\u043e, \u0444\u0430\u043d\u0442\u0430, \u0442\u043e\u043d\u0438\u043a, \u0438\u043c\u0431\u0438\u0440\u044c, \u0441\u043f\u0440\u0430\u0439\u0442<\/li>\n<li style=\"text-align: justify;\">FuzeTea \u0441\u043e \u0432\u043a\u0443\u0441\u043e\u043c \u043b\u0438\u043c\u043e\u043d\u0430 \u0438 \u043f\u0435\u0440\u0441\u0438\u043a\u0430<\/li>\n<li style=\"text-align: justify;\">\u0420\u0430\u0437\u043b\u0438\u0432\u043d\u043e\u0435 \u043f\u0438\u0432\u043e \u043e\u0442 Soproni \u0438 Heineken,<\/li>\n<li style=\"text-align: justify;\">\u0411\u0435\u0437\u0430\u043b\u043a\u043e\u0433\u043e\u043b\u044c\u043d\u043e\u0435 \u043f\u0438\u0432\u043e Heineken \u0438 G\u00f6sser Natur Lemon, Miller<\/li>\n<li style=\"text-align: justify;\">\u0412\u0438\u043d\u0430 \u041f\u0430\u043d\u043d\u043e\u043d\u0445\u0430\u043b\u043c\u0438 (\u0421\u0430\u0432\u0438\u043d\u044c\u043e\u043d \u0411\u043b\u0430\u043d, \u0422\u0440\u0438\u043a\u043e\u043b\u0438\u0441 \u0420\u043e\u0437\u0435, \u0413\u0435\u043c\u0438\u043d\u0430)<\/li>\n<li style=\"text-align: justify;\">\u042d\u043d\u0435\u0440\u0433\u0435\u0442\u0438\u0447\u0435\u0441\u043a\u0438\u0439 \u043d\u0430\u043f\u0438\u0442\u043e\u043a<\/li>\n<li style=\"text-align: justify;\">\u0418\u0433\u0440\u0438\u0441\u0442\u043e\u0435 \u0432\u0438\u043d\u043e (\u0441\u043b\u0430\u0434\u043a\u043e\u0435, \u0441\u0443\u0445\u043e\u0435, \u0434\u0435\u0442\u0441\u043a\u043e\u0435)<\/li>\n<li style=\"text-align: justify;\">\u041a\u043e\u0444\u0435, \u0447\u0430\u0439\n<p>\u0412\u0441\u0435 \u0441\u043e\u0440\u0442\u0430 \u043f\u0438\u0432\u0430 \u0438 \u0432\u0438\u043d\u0430 \u0441\u0442\u043e\u0438\u043c\u043e\u0441\u0442\u044c\u044e \u043c\u0435\u043d\u0435\u0435 1 500 \u0444\u0442 \/ \u0434\u043b \u043f\u0440\u0435\u0434\u043b\u0430\u0433\u0430\u044e\u0442\u0441\u044f \u043d\u0430 \u043d\u0435\u043c\u0435\u0446\u043a\u043e\u043c \u044f\u0437\u044b\u043a\u0435.<\/li>\n<\/ul>\n<\/div>\n<\/div>\n<\/div>\n<\/div>\n<p><br class=\"clear\"\/><\/div>\n<\/div>\n<\/div>\n<\/div>\n<div  class=\"ppb_image_half_boxed_fixed_width one\" >\n<div class=\"standard_wrapper\">\n<div class=\"page_content_wrapper\">\n<div class=\"inner\">\n<div class=\"one_half content_middle fixed\" style=\"padding:0px; text-align:left;min-height:420px;\">\n<div class=\"content_middle_wrapper\">\n<div class=\"content_middle_content\">\n<h2 class=\"ppb_title\" style=\"\">\u041f\u0410\u041a\u0415\u0422 \u041d\u0410\u041f\u0418\u0422\u041a\u041e\u0412 \u0421\u041e \u0428\u041d\u0410\u041f\u0421\u041e\u041c<\/h2>\n<div class=\"ppb_header_content\">\n<ul>\n<li style=\"text-align: left;\">\u0424\u0440\u0443\u043a\u0442\u043e\u0432\u044b\u0435 \u0441\u043e\u043a\u0438 Cappy (100% \u0430\u043f\u0435\u043b\u044c\u0441\u0438\u043d\u043e\u0432\u044b\u0439 \u0441\u043e\u043a, \u043f\u0435\u0440\u0441\u0438\u043a\u043e\u0432\u044b\u0439 \u0441\u043e\u043a, \u044f\u0431\u043b\u043e\u0447\u043d\u044b\u0439 \u0441\u043e\u043a)<\/li>\n<li style=\"text-align: left;\">\u041c\u0438\u043d\u0435\u0440\u0430\u043b\u044c\u043d\u0430\u044f \u0432\u043e\u0434\u0430 NaturAqua<\/li>\n<li style=\"text-align: left;\">\u041a\u043e\u0444\u0435, \u0447\u0430\u0439<\/li>\n<li style=\"text-align: left;\">\u0414\u043e\u043c\u0430\u0448\u043d\u0438\u0435 \u0441\u0438\u0440\u043e\u043f\u044b (\u043c\u0430\u043b\u0438\u043d\u043e\u0432\u044b\u0439, \u043a\u043b\u0443\u0431\u043d\u0438\u0447\u043d\u044b\u0439, \u0447\u0435\u0440\u043d\u043e\u0441\u043c\u043e\u0440\u043e\u0434\u0438\u043d\u043e\u0432\u044b\u0439, \u0432\u0438\u0448\u043d\u0435\u0432\u044b\u0439, \u0438\u043c\u0431\u0438\u0440\u043d\u044b\u0439, \u0438\u0437 \u0431\u0443\u0437\u0438\u043d\u044b)<\/li>\n<li style=\"text-align: left;\">\u041a\u043e\u043a\u0430-\u043a\u043e\u043b\u0430, \u043a\u043e\u043b\u0430 \u0437\u0435\u0440\u043e, \u0444\u0430\u043d\u0442\u0430, \u0442\u043e\u043d\u0438\u043a, \u0438\u043c\u0431\u0438\u0440\u044c, \u0441\u043f\u0440\u0430\u0439\u0442<\/li>\n<li style=\"text-align: left;\">FuzeTea \u0441\u043e \u0432\u043a\u0443\u0441\u043e\u043c \u043b\u0438\u043c\u043e\u043d\u0430 \u0438 \u043f\u0435\u0440\u0441\u0438\u043a\u0430<\/li>\n<li style=\"text-align: left;\">\u0440\u0430\u0437\u043b\u0438\u0432\u043d\u043e\u0435 \u043f\u0438\u0432\u043e \u043e\u0442 Soproni \u0438 Heineken, Miller<\/li>\n<li style=\"text-align: left;\">\u0411\u0435\u0437\u0430\u043b\u043a\u043e\u0433\u043e\u043b\u044c\u043d\u043e\u0435 \u043f\u0438\u0432\u043e Heineken \u0438 G\u00f6sser Natur Lemon<\/li>\n<li style=\"text-align: left;\">\u0412\u0438\u043d\u0430 \u041f\u0430\u043d\u043d\u043e\u043d\u0445\u0430\u043b\u043c\u0438 (\u0421\u0430\u0432\u0438\u043d\u044c\u043e\u043d \u0411\u043b\u0430\u043d, \u0422\u0440\u0438\u043a\u043e\u043b\u0438\u0441 \u0420\u043e\u0437\u0435, \u0413\u0435\u043c\u0438\u043d\u0430)<\/li>\n<li style=\"text-align: left;\">\u0412\u043e\u0434\u043a\u0430, Bacardi, Unicum, J\u00e4germeister, Bailey's, Hubertus, Martini, Jack Daniels, Gin<\/li>\n<li style=\"text-align: left;\">\u042d\u043d\u0435\u0440\u0433\u0435\u0442\u0438\u0447\u0435\u0441\u043a\u0438\u0439 \u043d\u0430\u043f\u0438\u0442\u043e\u043a<\/li>\n<li style=\"text-align: left;\">\u0418\u0433\u0440\u0438\u0441\u0442\u043e\u0435 \u0432\u0438\u043d\u043e (\u0441\u043b\u0430\u0434\u043a\u043e\u0435, \u0441\u0443\u0445\u043e\u0435, \u0434\u0435\u0442\u0441\u043a\u043e\u0435)\n<p>\u041f\u0440\u0430\u043a\u0442\u0438\u0447\u0435\u0441\u043a\u0438 \u0432\u0441\u0435 \u043a\u043e\u0440\u043e\u0442\u043a\u0438\u0435 \u043d\u0430\u043f\u0438\u0442\u043a\u0438, \u043a\u043e\u0442\u043e\u0440\u044b\u0435 \u0432\u044b \u043d\u0430\u0439\u0434\u0435\u0442\u0435 \u0432 \u0431\u0430\u0440\u0435 \u0438 \u043a\u043e\u0442\u043e\u0440\u044b\u0435 \u0441\u0442\u043e\u044f\u0442 \u043c\u0435\u043d\u0435\u0435 2 000 \u0444\u0442 \/ 4 \u043a\u043b, \u043f\u0440\u0435\u0434\u043b\u0430\u0433\u0430\u044e\u0442\u0441\u044f \u043d\u0430 \u043d\u0435\u043c\u0435\u0446\u043a\u043e\u043c \u044f\u0437\u044b\u043a\u0435.<\/li>\n<\/ul>\n<\/div>\n<\/div>\n<\/div>\n<\/div>\n<p><br class=\"clear\"\/><\/div>\n<\/div>\n<\/div>\n<\/div>\n<div  class=\"one withsmallpadding ppb_header\" style=\"text-align:left;padding:30px 0 30px 0;\" >\n<div class=\"standard_wrapper\">\n<div class=\"page_content_wrapper\">\n<div class=\"inner\">\n<div style=\"margin:auto;width:100%\">\n<h2 class=\"ppb_title\" style=\"\">\u041f\u0420\u0418\u0412\u0415\u0422\u0421\u0422\u0412\u0415\u041d\u041d\u042b\u0415 \u041d\u0410\u041f\u0418\u0422\u041a\u0418<\/h2>\n<\/div>\n<\/div>\n<\/div>\n<\/div>\n<\/div>\n<div  class=\"ppb_image_half_boxed_fixed_width one\" >\n<div class=\"standard_wrapper\">\n<div class=\"page_content_wrapper\">\n<div class=\"inner\">\n<div class=\"one_half content_middle fixed\" style=\"padding:0px; text-align:left;min-height:420px;\">\n<div class=\"content_middle_wrapper\">\n<div class=\"content_middle_content\">\n<div class=\"ppb_header_content\">\n<p style=\"color: #374151;\">\u041b\u0438\u043c\u043e\u043d\u0430\u0434 WELCOME - 900 \u0444\u0442\/\u0447\u0435\u043b - \u0434\u043e\u043c\u0430\u0448\u043d\u0438\u0439 \u043b\u0438\u043c\u043e\u043d\u0430\u0434 (\u043c\u0430\u043b\u0438\u043d\u0430, \u0431\u0443\u0437\u0438\u043d\u0430, \u0438\u0433\u0440\u0438\u0441\u0442\u044b\u0435 \u0444\u0440\u0443\u043a\u0442\u044b)<\/p>\n<p style=\"color: #374151;\">\u041f\u0440\u0438\u0432\u0435\u0442\u0441\u0442\u0432\u0435\u043d\u043d\u043e\u0435 \u0432\u0438\u043d\u043e - 1.400 \u0444\u0442\/\u0447\u0435\u043b - \u0418\u0433\u0440\u0438\u0441\u0442\u043e\u0435 \u0432\u0438\u043d\u043e \u043e\u0442 \u0432\u0438\u043d\u043e\u0434\u0435\u043b\u044c\u043d\u0438 Babarczi, \u041f\u0430\u043d\u043d\u043e\u043d\u0445\u0430\u043b\u043c\u0430 - \u0414\u043e\u043c\u0430\u0448\u043d\u0438\u0439 \u043b\u0438\u043c\u043e\u043d\u0430\u0434 (\u043c\u0430\u043b\u0438\u043d\u0430, \u0431\u0443\u0437\u0438\u043d\u0430, \u0438\u0433\u0440\u0438\u0441\u0442\u044b\u0435 \u0444\u0440\u0443\u043a\u0442\u044b)<\/p>\n<p style=\"color: #374151;\">\u0418\u0433\u0440\u0438\u0441\u0442\u043e\u0435 \u0432\u0438\u043d\u043e WELCOME - 2.400 \u0444\u0442\/\u0447\u0435\u043b - \u0441\u043b\u0430\u0434\u043a\u043e\u0435 \u0438 \u0441\u0443\u0445\u043e\u0435 \u0438\u0433\u0440\u0438\u0441\u0442\u043e\u0435 \u0432\u0438\u043d\u043e T\u00f6rley - \u0434\u043e\u043c\u0430\u0448\u043d\u0438\u0439 \u043b\u0438\u043c\u043e\u043d\u0430\u0434 (\u043c\u0430\u043b\u0438\u043d\u0430, \u0431\u0443\u0437\u0438\u043d\u0430, \u0438\u0433\u0440\u0438\u0441\u0442\u044b\u0435 \u0444\u0440\u0443\u043a\u0442\u044b)<\/p>\n<p style=\"color: #374151;\">\u0424\u0440\u0443\u043a\u0442\u043e\u0432\u044b\u0439 \u0431\u0440\u0435\u043d\u0434\u0438 - 3.200 \u0444\u0442\/\u0447\u0435\u043b - \u0424\u0440\u0443\u043a\u0442\u043e\u0432\u044b\u0435 \u0431\u0440\u0435\u043d\u0434\u0438 \u0438\u0437 \u041f\u0430\u043d\u044c\u043e\u043b\u044b: \u0430\u0431\u0440\u0438\u043a\u043e\u0441, \u0441\u043b\u0438\u0432\u0430, \u0447\u0435\u0440\u043d\u0430\u044f \u0432\u0438\u0448\u043d\u044f, \u0430\u0439\u0432\u0430 - \u0414\u043e\u043c\u0430\u0448\u043d\u0438\u0439 \u043b\u0438\u043c\u043e\u043d\u0430\u0434 (\u043c\u0430\u043b\u0438\u043d\u0430, \u0431\u0443\u0437\u0438\u043d\u0430, \u0438\u0433\u0440\u0438\u0441\u0442\u044b\u0435 \u0444\u0440\u0443\u043a\u0442\u044b)<\/p>\n<\/div>\n<\/div>\n<\/div>\n<\/div>\n<p><br class=\"clear\"\/><\/div>\n<\/div>\n<\/div>\n<\/div>\n<div  class=\"one withsmallpadding ppb_header\" style=\"text-align:left;padding:30px 0 30px 0;\" >\n<div class=\"standard_wrapper\">\n<div class=\"page_content_wrapper\">\n<div class=\"inner\">\n<div style=\"margin:auto;width:100%\">\n<h2 class=\"ppb_title\" style=\"\">\u041c\u0435\u043d\u044e<\/h2>\n<\/div>\n<\/div>\n<\/div>\n<\/div>\n<\/div>\n<div  class=\"one ppb_card_two_cols_with_image\" style=\"position:relative;padding:0px 0 0px 0;\" >\n<div class=\"standard_wrapper\">\n<div class=\"page_content_wrapper\">\n<div class=\"inner\">\n<div class=\"one_half parallax_scroll\" style=\"width:50%;position:absolute;padding:0px;z-index:2;block !important;background:#fff;\" data-stellar-ratio=\"1.3\">\n<h2 class=\"ppb_title\" style=\"\">\u0422\u0420\u0410\u0414\u0418\u0426\u0418\u041e\u041d\u041d\u041e\u0415 \u0412\u0415\u041d\u0413\u0415\u0420\u0421\u041a\u041e\u0415 \u0421\u0412\u0410\u0414\u0415\u0411\u041d\u041e\u0415 \u041c\u0415\u041d\u042e<\/h2>\n<div class=\"ppb_header_content\">\n<p style=\"text-align: justify;\"><span style=\"color: #374151;\">\u042d\u0442\u043e \u0442\u0440\u0430\u0434\u0438\u0446\u0438\u043e\u043d\u043d\u043e\u0435 \u0432\u0435\u043d\u0433\u0435\u0440\u0441\u043a\u043e\u0435 \u043c\u0435\u043d\u044e \u0433\u0430\u0440\u0430\u043d\u0442\u0438\u0440\u043e\u0432\u0430\u043d\u043d\u043e \u0443\u0434\u043e\u0432\u043b\u0435\u0442\u0432\u043e\u0440\u0438\u0442 \u043b\u044e\u0431\u043e\u0439 \u0432\u043a\u0443\u0441, \u0430 \u043d\u0430\u0448 \u0437\u0432\u0435\u0437\u0434\u043d\u044b\u0439 \u0448\u0435\u0444-\u043f\u043e\u0432\u0430\u0440 Suga P\u00e9ter \u0438 \u0435\u0433\u043e \u043a\u043e\u043c\u0430\u043d\u0434\u0430 \u0441 \u043d\u0435\u0442\u0435\u0440\u043f\u0435\u043d\u0438\u0435\u043c \u0436\u0434\u0443\u0442, \u0447\u0442\u043e\u0431\u044b \u043f\u0440\u0438\u0433\u043e\u0442\u043e\u0432\u0438\u0442\u044c \u044d\u0442\u043e \u0440\u0430\u0439\u0441\u043a\u043e\u0435 \u043c\u0435\u043d\u044e \u0434\u043b\u044f \u0432\u0430\u0448\u0435\u0433\u043e \u0431\u043e\u043b\u044c\u0448\u043e\u0433\u043e \u0434\u043d\u044f!<\/span><\/p>\n<\/div>\n<\/div>\n<div class=\"one_half parallax_scroll_image last\" style=\"width:50%;\"><\/div>\n<p><br class=\"clear\"\/><\/div>\n<\/div>\n<\/div>\n<\/div>\n<div  class=\"one ppb_card_two_cols_with_image\" style=\"position:relative;padding:0px 0 0px 0;\" >\n<div class=\"standard_wrapper\">\n<div class=\"page_content_wrapper\">\n<div class=\"inner\">\n<div class=\"one_half parallax_scroll\" style=\"width:50%;position:absolute;padding:0px;z-index:2;block !important;background:#fff;\" data-stellar-ratio=\"1.3\">\n<h2 class=\"ppb_title\" style=\"\">\u0418\u0417\u042b\u0421\u041a\u0410\u041d\u041d\u041e\u0415 \u0421\u0412\u0410\u0414\u0415\u0411\u041d\u041e\u0415 \u041c\u0415\u041d\u042e<\/h2>\n<div class=\"ppb_header_content\">\n<p><span style=\"color: #374151;\">\u0425\u043e\u0442\u0438\u0442\u0435, \u0447\u0442\u043e\u0431\u044b \u043d\u0430\u0448\u0438 \u043e\u0444\u0438\u0446\u0438\u0430\u043d\u0442\u044b \u0432 \u0431\u0435\u043b\u044b\u0445 \u043f\u0435\u0440\u0447\u0430\u0442\u043a\u0430\u0445 \u043f\u043e\u0434\u0430\u043b\u0438 \u0432\u0430\u043c \u0438 \u0432\u0430\u0448\u0438\u043c \u0433\u043e\u0441\u0442\u044f\u043c \u0438\u0437\u044b\u0441\u043a\u0430\u043d\u043d\u043e\u0435 \u043c\u0435\u043d\u044e, \u0441\u043e\u0437\u0434\u0430\u043d\u043d\u043e\u0435 \u043d\u0430\u0448\u0438\u043c \u0437\u0432\u0435\u0437\u0434\u043d\u044b\u043c \u0448\u0435\u0444-\u043f\u043e\u0432\u0430\u0440\u043e\u043c \u043f\u043e\u0434 \u043a\u043b\u043e\u0448\u0430\u0440\u0430\u043c\u0438?<\/span><\/p>\n<\/div>\n<\/div>\n<div class=\"one_half parallax_scroll_image last\" style=\"width:50%;\"><\/div>\n<p><br class=\"clear\"\/><\/div>\n<\/div>\n<\/div>\n<\/div>","protected":false},"excerpt":{"rendered":"<p>GETR\u00c4NKEANGEBOTE ALKOHOLFREIES GETR\u00c4NKEPAKET Cappy Fruchts\u00e4fte (100% Orangensaft, Pfirsichsaft, Apfelsaft) NaturAqua Mineralwasser Hausgemachte Sirupe (Himbeere, Erdbeere, Kiwi, Zitrusfr\u00fcchte, Lavendel, Holunder) Coca-Cola, Coke Zero, Fanta, Tonic, Ingwer, Sprite FuzeTea in Zitronen- und Pfirsichgeschmack Kaffee, Tee GETR\u00c4NKEPAKET MIT BIER UND WEIN Cappy Fruchts\u00e4fte (100% Orangensaft, Pfirsichsaft, Apfelsaft) NaturAqua Mineralwasser Hausgemachte Sirupe (Himbeere, Erdbeere, schwarze Johannisbeere, Kirsche, Ingwer, Holunder) [&hellip;]<\/p>","protected":false},"author":3,"featured_media":0,"parent":0,"menu_order":0,"comment_status":"closed","ping_status":"closed","template":"","meta":{"footnotes":""},"class_list":["post-5321","page","type-page","status-publish","hentry","entry"],"_links":{"self":[{"href":"https:\/\/ottevenyikastely.hu\/ru\/wp-json\/wp\/v2\/pages\/5321","targetHints":{"allow":["GET"]}}],"collection":[{"href":"https:\/\/ottevenyikastely.hu\/ru\/wp-json\/wp\/v2\/pages"}],"about":[{"href":"https:\/\/ottevenyikastely.hu\/ru\/wp-json\/wp\/v2\/types\/page"}],"author":[{"embeddable":true,"href":"https:\/\/ottevenyikastely.hu\/ru\/wp-json\/wp\/v2\/users\/3"}],"replies":[{"embeddable":true,"href":"https:\/\/ottevenyikastely.hu\/ru\/wp-json\/wp\/v2\/comments?post=5321"}],"version-history":[{"count":0,"href":"https:\/\/ottevenyikastely.hu\/ru\/wp-json\/wp\/v2\/pages\/5321\/revisions"}],"wp:attachment":[{"href":"https:\/\/ottevenyikastely.hu\/ru\/wp-json\/wp\/v2\/media?parent=5321"}],"curies":[{"name":"wp","href":"https:\/\/api.w.org\/{rel}","templated":true}]}}