{"id":7071,"date":"2024-03-11T15:56:08","date_gmt":"2024-03-11T14:56:08","guid":{"rendered":"https:\/\/ottevenyikastely.hu\/?page_id=7071"},"modified":"2025-11-20T16:21:27","modified_gmt":"2025-11-20T15:21:27","slug":"%d1%8d%d0%bb%d0%b5%d1%80%d1%82%d0%be%d1%81%d0%b5%d0%b3","status":"publish","type":"page","link":"https:\/\/ottevenyikastely.hu\/ru\/%d1%8d%d0%bb%d0%b5%d1%80%d1%82%d0%be%d1%81%d0%b5%d0%b3\/","title":{"rendered":"\u0421\u0432\u044f\u0437\u0430\u0442\u044c\u0441\u044f \u0441"},"content":{"rendered":"<div data-elementor-type=\"wp-page\" data-elementor-id=\"7071\" class=\"elementor elementor-7071\" data-elementor-post-type=\"page\">\n\t\t\t\t<div class=\"elementor-element elementor-element-290f6ca e-flex e-con-boxed e-con e-parent\" data-id=\"290f6ca\" data-element_type=\"container\" data-e-type=\"container\">\n\t\t\t\t\t<div class=\"e-con-inner\">\n\t\t\t\t<div class=\"elementor-element elementor-element-2965c8c elementor-widget elementor-widget-image\" data-id=\"2965c8c\" data-element_type=\"widget\" data-e-type=\"widget\" data-widget_type=\"image.default\">\n\t\t\t\t<div class=\"elementor-widget-container\">\n\t\t\t\t\t\t\t\t\t\t\t\t\t\t\t<img fetchpriority=\"high\" decoding=\"async\" width=\"1024\" height=\"559\" src=\"https:\/\/ottevenyikastely.hu\/wp-content\/uploads\/2025\/01\/IMG_9950-1024x559.jpeg\" class=\"attachment-large size-large wp-image-11650\" alt=\"\" srcset=\"https:\/\/ottevenyikastely.hu\/wp-content\/uploads\/2025\/01\/IMG_9950-1024x559.jpeg 1024w, https:\/\/ottevenyikastely.hu\/wp-content\/uploads\/2025\/01\/IMG_9950-300x164.jpeg 300w, https:\/\/ottevenyikastely.hu\/wp-content\/uploads\/2025\/01\/IMG_9950-768x419.jpeg 768w, https:\/\/ottevenyikastely.hu\/wp-content\/uploads\/2025\/01\/IMG_9950-1536x839.jpeg 1536w, https:\/\/ottevenyikastely.hu\/wp-content\/uploads\/2025\/01\/IMG_9950-2048x1119.jpeg 2048w, https:\/\/ottevenyikastely.hu\/wp-content\/uploads\/2025\/01\/IMG_9950-18x10.jpeg 18w, https:\/\/ottevenyikastely.hu\/wp-content\/uploads\/2025\/01\/IMG_9950-scaled-e1737099101957.jpeg 1000w\" sizes=\"(max-width: 1024px) 100vw, 1024px\" title=\"\">\t\t\t\t\t\t\t\t\t\t\t\t\t\t\t<\/div>\n\t\t\t\t<\/div>\n\t\t\t\t\t<\/div>\n\t\t\t\t<\/div>\n\t\t<div class=\"elementor-element elementor-element-e2de825 e-con-full e-flex e-con e-child\" data-id=\"e2de825\" data-element_type=\"container\" data-e-type=\"container\">\n\t\t\t\t<div class=\"elementor-element elementor-element-93a0571 elementor-widget elementor-widget-heading\" data-id=\"93a0571\" data-element_type=\"widget\" data-e-type=\"widget\" data-widget_type=\"heading.default\">\n\t\t\t\t<div class=\"elementor-widget-container\">\n\t\t\t\t\t<h1 class=\"elementor-heading-title elementor-size-default\">F\u00d6LDV\u00c1RY-CASTILE<\/h1>\t\t\t\t<\/div>\n\t\t\t\t<\/div>\n\t\t\t\t<div class=\"elementor-element elementor-element-ad124df elementor-widget elementor-widget-text-editor\" data-id=\"ad124df\" data-element_type=\"widget\" data-e-type=\"widget\" data-widget_type=\"text-editor.default\">\n\t\t\t\t<div class=\"elementor-widget-container\">\n\t\t\t\t\t\t\t\t\t<p><a href=\"https:\/\/goo.gl\/maps\/vx6NcCwo4Yht77x27\" target=\"_blank\" rel=\"noopener\">9153 \u00d6ttev\u00e9ny, F\u0151 \u00fat 173. \u0412\u0435\u043d\u0433\u0440\u0438\u044f<\/a><\/p><p style=\"text-align: center;\">+36 30 230 7598<\/p><p style=\"text-align: center;\">\u202c<strong>info@foldvarykastely.hu<\/strong>\u00a0<br \/><strong>info@chateaufoldvary.hu<\/strong><\/p>\t\t\t\t\t\t\t\t<\/div>\n\t\t\t\t<\/div>\n\t\t\t\t<\/div>\n\t\t<div class=\"elementor-element elementor-element-ea5f378 e-con-full e-flex e-con e-parent\" data-id=\"ea5f378\" data-element_type=\"container\" data-e-type=\"container\">\n\t\t\t\t<div class=\"elementor-element elementor-element-bedcff5 elementor-widget elementor-widget-google_maps\" data-id=\"bedcff5\" data-element_type=\"widget\" data-e-type=\"widget\" data-widget_type=\"google_maps.default\">\n\t\t\t\t<div class=\"elementor-widget-container\">\n\t\t\t\t\t\t\t<div class=\"elementor-custom-embed\">\n\t\t\t<iframe loading=\"lazy\"\n\t\t\t\t\tsrc=\"https:\/\/maps.google.com\/maps?q=F%C3%96LDV%C3%81RY-KAST%C3%89LY&#038;t=m&#038;z=10&#038;output=embed&#038;iwloc=near\"\n\t\t\t\t\ttitle=\"F\u00d6LDV\u00c1RY-CASTILE\"\n\t\t\t\t\taria-label=\"F\u00d6LDV\u00c1RY-CASTILE\"\n\t\t\t><\/iframe>\n\t\t<\/div>\n\t\t\t\t\t\t<\/div>\n\t\t\t\t<\/div>\n\t\t\t\t<\/div>\n\t\t\t\t<\/div>","protected":false},"excerpt":{"rendered":"<p>F\u00d6LDV\u00c1RY-KAST\u00c9LY 9153 \u00d6ttev\u00e9ny, F\u0151 \u00fat 173. Hungary +36 30 230 7598 \u202cinfo@foldvarykastely.hu\u00a0info@chateaufoldvary.hu<\/p>","protected":false},"author":3,"featured_media":0,"parent":0,"menu_order":0,"comment_status":"closed","ping_status":"closed","template":"elementor_header_footer","meta":{"footnotes":""},"class_list":["post-7071","page","type-page","status-publish","hentry","entry"],"_links":{"self":[{"href":"https:\/\/ottevenyikastely.hu\/ru\/wp-json\/wp\/v2\/pages\/7071","targetHints":{"allow":["GET"]}}],"collection":[{"href":"https:\/\/ottevenyikastely.hu\/ru\/wp-json\/wp\/v2\/pages"}],"about":[{"href":"https:\/\/ottevenyikastely.hu\/ru\/wp-json\/wp\/v2\/types\/page"}],"author":[{"embeddable":true,"href":"https:\/\/ottevenyikastely.hu\/ru\/wp-json\/wp\/v2\/users\/3"}],"replies":[{"embeddable":true,"href":"https:\/\/ottevenyikastely.hu\/ru\/wp-json\/wp\/v2\/comments?post=7071"}],"version-history":[{"count":21,"href":"https:\/\/ottevenyikastely.hu\/ru\/wp-json\/wp\/v2\/pages\/7071\/revisions"}],"predecessor-version":[{"id":14474,"href":"https:\/\/ottevenyikastely.hu\/ru\/wp-json\/wp\/v2\/pages\/7071\/revisions\/14474"}],"wp:attachment":[{"href":"https:\/\/ottevenyikastely.hu\/ru\/wp-json\/wp\/v2\/media?parent=7071"}],"curies":[{"name":"wp","href":"https:\/\/api.w.org\/{rel}","templated":true}]}}