{"id":9604,"date":"2024-10-05T17:44:17","date_gmt":"2024-10-05T15:44:17","guid":{"rendered":"https:\/\/ottevenyikastely.hu\/?page_id=9604"},"modified":"2024-10-05T18:20:23","modified_gmt":"2024-10-05T16:20:23","slug":"%d0%b3%d1%83%d1%81%d0%b8%d0%bd%d1%8b%d0%b9-%d1%83%d0%b6%d0%b8%d0%bd-%d0%b2-%d0%b4%d0%b5%d0%bd%d1%8c-%d0%bc%d0%b0%d1%80%d1%82%d0%be%d0%bd%d0%b0","status":"publish","type":"page","link":"https:\/\/ottevenyikastely.hu\/ru\/%d0%b3%d1%83%d1%81%d0%b8%d0%bd%d1%8b%d0%b9-%d1%83%d0%b6%d0%b8%d0%bd-%d0%b2-%d0%b4%d0%b5%d0%bd%d1%8c-%d0%bc%d0%b0%d1%80%d1%82%d0%be%d0%bd%d0%b0\/","title":{"rendered":"\u0423\u0436\u0438\u043d \u0441 \u0433\u0443\u0441\u0435\u043c \u0432 \u0414\u0435\u043d\u044c \u041c\u0430\u0440\u0442\u0438\u043d\u0430"},"content":{"rendered":"<div data-elementor-type=\"wp-page\" data-elementor-id=\"9604\" class=\"elementor elementor-9604\" data-elementor-post-type=\"page\">\n\t\t\t\t<div class=\"elementor-element elementor-element-74707cd e-flex e-con-boxed e-con e-parent\" data-id=\"74707cd\" data-element_type=\"container\" data-e-type=\"container\">\n\t\t\t\t\t<div class=\"e-con-inner\">\n\t\t\t\t<div class=\"elementor-element elementor-element-9f55229 elementor-widget elementor-widget-heading\" data-id=\"9f55229\" data-element_type=\"widget\" data-e-type=\"widget\" data-widget_type=\"heading.default\">\n\t\t\t\t<div class=\"elementor-widget-container\">\n\t\t\t\t\t<h2 class=\"elementor-heading-title elementor-size-default\">\u0423\u0436\u0438\u043d \u0441 \u0433\u0443\u0441\u0435\u043c \u0438 \u0434\u0435\u0433\u0443\u0441\u0442\u0430\u0446\u0438\u044f \u0432\u0438\u043d<\/h2>\t\t\t\t<\/div>\n\t\t\t\t<\/div>\n\t\t\t\t<div class=\"elementor-element elementor-element-a09e5b7 elementor-widget elementor-widget-text-editor\" data-id=\"a09e5b7\" data-element_type=\"widget\" data-e-type=\"widget\" data-widget_type=\"text-editor.default\">\n\t\t\t\t<div class=\"elementor-widget-container\">\n\t\t\t\t\t\t\t\t\t<p><em>\u041f\u044f\u0442\u043d\u0438\u0446\u0430 8 \u043d\u043e\u044f\u0431\u0440\u044f 2024 \u0433\u043e\u0434\u0430<\/em><\/p><p>\u041f\u0440\u0438\u0433\u043e\u0442\u043e\u0432\u044c\u0442\u0435\u0441\u044c \u043a \u043d\u0435\u0437\u0430\u0431\u044b\u0432\u0430\u0435\u043c\u043e\u043c\u0443 \u0433\u0430\u0441\u0442\u0440\u043e\u043d\u043e\u043c\u0438\u0447\u0435\u0441\u043a\u043e\u043c\u0443 \u0438 \u0432\u0438\u043d\u043d\u043e\u043c\u0443 \u0441\u043e\u0431\u044b\u0442\u0438\u044e, \u0433\u0434\u0435 \u043d\u043e\u0432\u0435\u0439\u0448\u0438\u0435 \u0432\u0438\u043d\u0430 \u0432\u0438\u043d\u043e\u0434\u0435\u043b\u044c\u0447\u0435\u0441\u043a\u043e\u0433\u043e \u0440\u0435\u0433\u0438\u043e\u043d\u0430 \u041f\u0430\u043d\u043d\u043e\u043d\u0445\u0430\u043b\u043c\u0430 \u0432\u0441\u0442\u0440\u0435\u0442\u044f\u0442\u0441\u044f \u0441 \u0442\u0432\u043e\u0440\u0435\u043d\u0438\u044f\u043c\u0438 \u0448\u0435\u0444-\u043f\u043e\u0432\u0430\u0440\u0430 \u0437\u0430\u043c\u043a\u0430! \u041e\u0441\u043e\u0431\u044b\u0439 \u0432\u0435\u0447\u0435\u0440 \u0432 \u0437\u0430\u043c\u043a\u0435 \u00d6ttev\u00e9nyi F\u00f6ldv\u00e1ry - \u044d\u0442\u043e \u043d\u0435 \u043f\u0440\u043e\u0441\u0442\u043e \u0443\u0436\u0438\u043d \u0434\u043b\u044f \u0433\u0443\u0440\u043c\u0430\u043d\u043e\u0432 - \u044d\u0442\u043e \u0432\u0438\u043d\u043d\u044b\u0439 \u0434\u043e\u043c \u0430\u0431\u0431\u0430\u0442\u0441\u0442\u0432\u0430 \u041f\u0430\u043d\u043d\u043e\u043d\u0445\u0430\u043b\u043c\u0430, \u043f\u0440\u0435\u0434\u0441\u0442\u0430\u0432\u043b\u044f\u044e\u0449\u0438\u0439 \u0433\u043e\u0440\u0434\u043e\u0441\u0442\u044c \u043d\u0430\u0448\u0435\u0433\u043e \u0440\u0435\u0433\u0438\u043e\u043d\u0430, \u043d\u043e\u0432\u0435\u0439\u0448\u0438\u0435 \u0444\u043b\u0430\u0433\u043c\u0430\u043d\u0441\u043a\u0438\u0435 \u0432\u0438\u043d\u0430.<\/p><p>\u041e\u0442\u043a\u0440\u043e\u0439\u0442\u0435 \u0434\u043b\u044f \u0441\u0435\u0431\u044f \u0432\u0441\u0442\u0440\u0435\u0447\u0443 \u0442\u0440\u0430\u0434\u0438\u0446\u0438\u0439 \u0414\u043d\u044f \u041c\u0430\u0440\u0442\u0438\u043d\u0430 \u0438 \u0443\u043d\u0438\u043a\u0430\u043b\u044c\u043d\u043e\u0439 \u0433\u0430\u0441\u0442\u0440\u043e\u043d\u043e\u043c\u0438\u0438 \u0437\u0430\u043c\u043a\u0430 \u0432 \u044d\u0442\u043e\u043c \u0432\u0435\u043b\u0438\u043a\u043e\u043b\u0435\u043f\u043d\u043e\u043c \u043c\u0435\u0441\u0442\u0435, \u0438\u0441\u043f\u044b\u0442\u0430\u0439\u0442\u0435 \u043d\u0430\u0441 \u043d\u0430 \u043f\u0440\u043e\u0447\u043d\u043e\u0441\u0442\u044c!<\/p><ul><li><strong>\u0417\u0430\u043a\u0443\u0441\u043a\u0430<\/strong>: \u0424\u0430\u0440\u0448\u0438\u0440\u043e\u0432\u0430\u043d\u043d\u044b\u0435 \u0433\u0443\u0441\u0438<\/li><li><strong>\u0421\u0431\u043e\u0440\u044b<\/strong>: \u0421\u043b\u0438\u0432\u043e\u0447\u043d\u044b\u0439 \u0441\u0443\u043f \u0441 \u044d\u0441\u0442\u0440\u0430\u0433\u043e\u043d\u043e\u043c \u0438 \u043b\u0430\u0439\u043c\u043e\u043c<\/li><li><strong>\u041e\u0441\u043d\u043e\u0432\u043d\u043e\u0435 \u0431\u043b\u044e\u0434\u043e<\/strong>: \u0424\u0430\u0440\u0448\u0438\u0440\u043e\u0432\u0430\u043d\u043d\u0430\u044f \u0447\u0435\u0442\u0432\u0435\u0440\u0442\u044c \u0433\u0443\u0441\u044f \u0441 \u0442\u0443\u0448\u0435\u043d\u043e\u0439 \u043a\u0430\u043f\u0443\u0441\u0442\u043e\u0439 \u0432 \u0448\u0430\u043c\u043f\u0430\u043d\u0441\u043a\u043e\u043c, \u043a\u0430\u0440\u0442\u043e\u0444\u0435\u043b\u044c\u043d\u043e\u0435 \u043f\u044e\u0440\u0435 \u0441 \u043b\u0443\u043a\u043e\u043c<\/li><li><strong>\u0414\u0435\u0441\u0435\u0440\u0442<\/strong>: \u0422\u043e\u0440\u0442 \"\u041b\u0443\u0434\u043b\u0430\u0431<\/li><\/ul><p><strong>\u0411\u0440\u043e\u043d\u0438\u0440\u043e\u0432\u0430\u043d\u0438\u0435<\/strong><br \/>\u0417\u0430\u0431\u0440\u043e\u043d\u0438\u0440\u043e\u0432\u0430\u0442\u044c \u043c\u0435\u0441\u0442\u043e \u043d\u0430 \u043c\u0435\u0440\u043e\u043f\u0440\u0438\u044f\u0442\u0438\u0438 \u043c\u043e\u0436\u043d\u043e \u0437\u0434\u0435\u0441\u044c. \u041e\u0431\u0440\u0430\u0442\u0438\u0442\u0435 \u0432\u043d\u0438\u043c\u0430\u043d\u0438\u0435, \u0447\u0442\u043e \u0432 \u043d\u0430\u043b\u0438\u0447\u0438\u0438 \u0438\u043c\u0435\u044e\u0442\u0441\u044f \u043a\u0440\u0443\u0433\u043b\u044b\u0435 \u0441\u0442\u043e\u043b\u044b \u043d\u0430 6-8 \u0447\u0435\u043b\u043e\u0432\u0435\u043a. \u0415\u0441\u043b\u0438 \u0437\u0430\u0431\u0440\u043e\u043d\u0438\u0440\u043e\u0432\u0430\u043d\u043e \u043c\u0435\u043d\u0435\u0435 6 \u0447\u0435\u043b\u043e\u0432\u0435\u043a, \u043e\u043d\u0438 \u043c\u043e\u0433\u0443\u0442 \u0440\u0430\u0437\u0434\u0435\u043b\u0438\u0442\u044c \u0431\u043e\u043b\u0435\u0435 \u043f\u0440\u043e\u0441\u0442\u043e\u0440\u043d\u044b\u0439 \u0441\u0442\u043e\u043b \u0441 \u0434\u0440\u0443\u0433\u0438\u043c\u0438 \u0433\u043e\u0441\u0442\u044f\u043c\u0438.<\/p><p><strong>\u041f\u043e\u0434\u0440\u043e\u0431\u043d\u043e\u0441\u0442\u0438 \u0441\u043e\u0431\u044b\u0442\u0438\u044f<\/strong><br \/>\u041f\u043e\u0441\u043b\u0435 \u0443\u0436\u0438\u043d\u0430 \u0432\u0435\u0447\u0435\u0440\u0438\u043d\u043a\u0430 \u043d\u0430\u0447\u043d\u0435\u0442\u0441\u044f \u043d\u0430 \u0440\u0430\u0441\u0441\u0432\u0435\u0442\u0435 \u0441 \u0441\u0443\u043f\u0435\u0440\u0434\u0438\u0434\u0436\u0435\u0435\u043c, \u043a\u043e\u0442\u043e\u0440\u044b\u0439 \u0431\u0443\u0434\u0435\u0442 \u043f\u043e\u0434\u0434\u0435\u0440\u0436\u0438\u0432\u0430\u0442\u044c \u0432\u0435\u0441\u0435\u043b\u044c\u0435. \u0426\u0435\u043d\u0430 \u0437\u0430 \u0432\u0435\u0447\u0435\u0440 <strong>29 500 \u0444\u0443\u0442\u043e\u0432 \/ \u0447\u0435\u043b\u043e\u0432\u0435\u043a<\/strong>\u0432 \u043a\u043e\u0442\u043e\u0440\u044b\u0439 \u0432\u0445\u043e\u0434\u0438\u0442 \u0438\u0437\u044b\u0441\u043a\u0430\u043d\u043d\u043e\u0435 \u0431\u043b\u044e\u0434\u043e \u0438\u0437 \u0433\u0443\u0441\u044f, \u0434\u0435\u0433\u0443\u0441\u0442\u0430\u0446\u0438\u044f \u0432\u0438\u043d \u041f\u0430\u043d\u043d\u043e\u043d\u0445\u0430\u043b\u043c\u044b \u0438 \u0432\u0441\u0435 \u0431\u0435\u0437\u0430\u043b\u043a\u043e\u0433\u043e\u043b\u044c\u043d\u044b\u0435 \u043d\u0430\u043f\u0438\u0442\u043a\u0438. \u041f\u043e\u0441\u043b\u0435 \u0443\u0436\u0438\u043d\u0430 \u0431\u0430\u0440 \u043e\u0442\u043a\u0440\u044b\u0442 \u0434\u043b\u044f \u043f\u043b\u0430\u0442\u043d\u044b\u0445 \u0433\u043e\u0441\u0442\u0435\u0439.<\/p><p>\u041d\u0435 \u043f\u0440\u043e\u043f\u0443\u0441\u0442\u0438\u0442\u0435 \u044d\u0442\u043e \u0443\u043d\u0438\u043a\u0430\u043b\u044c\u043d\u043e\u0435 \u0441\u043e\u0431\u044b\u0442\u0438\u0435, \u043a\u043e\u0433\u0434\u0430 \u0433\u0430\u0441\u0442\u0440\u043e\u043d\u043e\u043c\u0438\u044f \u0438 \u0432\u0438\u043d\u043e \u0432\u0441\u0442\u0440\u0435\u0447\u0430\u044e\u0442\u0441\u044f \u0432 \u0438\u0441\u0442\u043e\u0440\u0438\u0447\u0435\u0441\u043a\u043e\u043c \u043c\u0435\u0441\u0442\u0435!<\/p>\t\t\t\t\t\t\t\t<\/div>\n\t\t\t\t<\/div>\n\t\t\t\t\t<\/div>\n\t\t\t\t<\/div>\n\t\t<div class=\"elementor-element elementor-element-764c35e e-flex e-con-boxed e-con e-parent\" data-id=\"764c35e\" data-element_type=\"container\" data-e-type=\"container\">\n\t\t\t\t\t<div class=\"e-con-inner\">\n\t\t\t\t<div class=\"elementor-element elementor-element-6bfa0cf elementor-widget elementor-widget-image\" data-id=\"6bfa0cf\" data-element_type=\"widget\" data-e-type=\"widget\" data-widget_type=\"image.default\">\n\t\t\t\t<div class=\"elementor-widget-container\">\n\t\t\t\t\t\t\t\t\t\t\t\t\t\t\t<img fetchpriority=\"high\" decoding=\"async\" width=\"1024\" height=\"1024\" src=\"https:\/\/ottevenyikastely.hu\/wp-content\/uploads\/2024\/10\/DALL-E-2024-10-05-17.38.57-A-promotional-poster-for-a-goose-themed-event-at-Ottevenyi-Foldvary-Castle-featuring-a-Hungarian-domestic-goose-as-the-central-image.-The-design-shou.webp\" class=\"attachment-large size-large wp-image-9605\" alt=\"\" srcset=\"\" sizes=\"(max-width: 1024px) 100vw, 1024px\" title=\"\" data-srcset=\"\">\t\t\t\t\t\t\t\t\t\t\t\t\t\t\t<\/div>\n\t\t\t\t<\/div>\n\t\t\t\t<div class=\"elementor-element elementor-element-d7061e4 elementor-widget elementor-widget-text-editor\" data-id=\"d7061e4\" data-element_type=\"widget\" data-e-type=\"widget\" data-widget_type=\"text-editor.default\">\n\t\t\t\t<div class=\"elementor-widget-container\">\n\t\t\t\t\t\t\t\t\t<p><strong>\u0412\u0438\u043d\u043e\u0434\u0435\u043b\u044c\u043d\u044f \u041f\u0430\u043d\u043d\u043e\u043d\u0445\u0430\u043b\u043c\u0438 - \u0432\u0441\u0442\u0440\u0435\u0447\u0430 \u0442\u0440\u0430\u0434\u0438\u0446\u0438\u0439 \u0438 \u0438\u043d\u043d\u043e\u0432\u0430\u0446\u0438\u0439<\/strong><\/p><p>\u0412\u0438\u043d\u043e\u0434\u0435\u043b\u044c\u043d\u044f Pannonhalmi \u044f\u0432\u043b\u044f\u0435\u0442\u0441\u044f \u0434\u043e\u0441\u0442\u043e\u0439\u043d\u044b\u043c \u043f\u0440\u043e\u0434\u043e\u043b\u0436\u0430\u0442\u0435\u043b\u0435\u043c \u0432\u0438\u043d\u043e\u0433\u0440\u0430\u0434\u0430\u0440\u0441\u043a\u0438\u0445 \u0438 \u044d\u043d\u043e\u043b\u043e\u0433\u0438\u0447\u0435\u0441\u043a\u0438\u0445 \u0442\u0440\u0430\u0434\u0438\u0446\u0438\u0439 \u0430\u0431\u0431\u0430\u0442\u0441\u0442\u0432\u0430 \u041f\u0430\u043d\u043d\u043e\u043d\u0445\u0430\u043b\u043c\u0438, \u0438\u0441\u0442\u043e\u0440\u0438\u044f \u043a\u043e\u0442\u043e\u0440\u043e\u0433\u043e \u043d\u0430\u0441\u0447\u0438\u0442\u044b\u0432\u0430\u0435\u0442 \u0431\u043e\u043b\u0435\u0435 \u0442\u044b\u0441\u044f\u0447\u0438 \u043b\u0435\u0442. \u041e\u0441\u043e\u0431\u044b\u0435 \u043a\u043b\u0438\u043c\u0430\u0442\u0438\u0447\u0435\u0441\u043a\u0438\u0435 \u0438 \u043f\u043e\u0447\u0432\u0435\u043d\u043d\u044b\u0435 \u0443\u0441\u043b\u043e\u0432\u0438\u044f \u0432\u0438\u043d\u043e\u0434\u0435\u043b\u044c\u0447\u0435\u0441\u043a\u043e\u0433\u043e \u0440\u0435\u0433\u0438\u043e\u043d\u0430 \u043f\u043e\u0437\u0432\u043e\u043b\u044f\u044e\u0442 \u043f\u0440\u043e\u0438\u0437\u0432\u043e\u0434\u0438\u0442\u044c \u0432\u0438\u043d\u0430 \u0432\u044b\u0434\u0430\u044e\u0449\u0435\u0433\u043e\u0441\u044f \u043a\u0430\u0447\u0435\u0441\u0442\u0432\u0430. \u0412\u0438\u043d\u043d\u044b\u0439 \u0434\u043e\u043c \u0430\u0431\u0431\u0430\u0442\u0441\u0442\u0432\u0430 \u0433\u043e\u0440\u0434\u0438\u0442\u0441\u044f \u0442\u0435\u043c, \u0447\u0442\u043e \u043f\u0440\u043e\u0438\u0437\u0432\u043e\u0434\u0438\u0442 \u0441\u0432\u043e\u0438 \u0432\u0438\u043d\u0430, \u0438\u0441\u043f\u043e\u043b\u044c\u0437\u0443\u044f \u0441\u043e\u0432\u0440\u0435\u043c\u0435\u043d\u043d\u044b\u0435 \u0442\u0435\u0445\u043d\u043e\u043b\u043e\u0433\u0438\u0438, \u043d\u043e \u0441\u043e\u0431\u043b\u044e\u0434\u0430\u044f \u0442\u0440\u0430\u0434\u0438\u0446\u0438\u0438, \u043f\u0440\u0435\u0434\u0441\u0442\u0430\u0432\u043b\u044f\u044f \u043d\u0435 \u0442\u043e\u043b\u044c\u043a\u043e \u0432\u0438\u043d\u043d\u0443\u044e \u043a\u0443\u043b\u044c\u0442\u0443\u0440\u0443 \u0440\u0435\u0433\u0438\u043e\u043d\u0430, \u043d\u043e \u0438 \u0432\u0441\u0435\u0439 \u0441\u0442\u0440\u0430\u043d\u044b.<\/p><p>\u041d\u0430 \u043c\u0435\u0440\u043e\u043f\u0440\u0438\u044f\u0442\u0438\u0438 \u0431\u0443\u0434\u0435\u0442 \u043f\u0440\u0435\u0434\u0441\u0442\u0430\u0432\u043b\u0435\u043d\u043e \u043d\u043e\u0432\u0435\u0439\u0448\u0435\u0435 \u0432\u0438\u043d\u043e M\u00e1rtonnapi, \u043e\u0442\u0440\u0430\u0436\u0430\u044e\u0449\u0435\u0435 \u0443\u043d\u0438\u043a\u0430\u043b\u044c\u043d\u044b\u0439 \u0445\u0430\u0440\u0430\u043a\u0442\u0435\u0440 \u0438 \u043c\u0435\u0441\u0442\u043d\u044b\u0435 \u043e\u0441\u043e\u0431\u0435\u043d\u043d\u043e\u0441\u0442\u0438 \u0440\u0435\u0433\u0438\u043e\u043d\u0430 \u041f\u0430\u043d\u043d\u043e\u043d\u0445\u0430\u043b\u043c\u0430. \u042d\u0442\u043e \u0432\u0438\u043d\u043e \u043e\u0431\u043b\u0430\u0434\u0430\u0435\u0442 \u0441\u0432\u0435\u0436\u0438\u043c \u0444\u0440\u0443\u043a\u0442\u043e\u0432\u044b\u043c \u0432\u043a\u0443\u0441\u043e\u043c \u0438 \u0443\u0442\u043e\u043d\u0447\u0435\u043d\u043d\u043e\u0439 \u043a\u0438\u0441\u043b\u043e\u0442\u043d\u043e\u0441\u0442\u044c\u044e, \u043f\u0440\u0435\u043a\u0440\u0430\u0441\u043d\u043e \u0434\u043e\u043f\u043e\u043b\u043d\u044f\u044e\u0449\u0435\u0439 \u043e\u0431\u0435\u0434\u0435\u043d\u043d\u044b\u0435 \u0431\u043b\u044e\u0434\u0430. \u042d\u0442\u043e\u0439 \u043d\u043e\u0432\u043e\u0439 \u043f\u0430\u0440\u0442\u0438\u0435\u0439 \u0432\u0438\u043d\u043e\u0434\u0435\u043b\u044c\u043d\u044f \u0445\u043e\u0447\u0435\u0442 \u0435\u0449\u0435 \u0431\u043e\u043b\u044c\u0448\u0435 \u0443\u043a\u0440\u0435\u043f\u0438\u0442\u044c \u0440\u0435\u043f\u0443\u0442\u0430\u0446\u0438\u044e \u0440\u0435\u0433\u0438\u043e\u043d\u0430 \u041f\u0430\u043d\u043d\u043e\u043d\u0445\u0430\u043b\u043c\u0438 \u043d\u0430 \u043d\u0430\u0446\u0438\u043e\u043d\u0430\u043b\u044c\u043d\u043e\u043c \u0438 \u043c\u0435\u0436\u0434\u0443\u043d\u0430\u0440\u043e\u0434\u043d\u043e\u043c \u0440\u044b\u043d\u043a\u0435 \u0432\u0438\u043d\u0430.<\/p>\t\t\t\t\t\t\t\t<\/div>\n\t\t\t\t<\/div>\n\t\t\t\t<div class=\"elementor-element elementor-element-3ebc48b elementor-widget elementor-widget-image\" data-id=\"3ebc48b\" data-element_type=\"widget\" data-e-type=\"widget\" data-widget_type=\"image.default\">\n\t\t\t\t<div class=\"elementor-widget-container\">\n\t\t\t\t\t\t\t\t\t\t\t\t\t\t\t<img decoding=\"async\" src=\"https:\/\/ottevenyikastely.hu\/wp-content\/uploads\/2024\/10\/pannonhalmabor2.jpeg\" title=\"\" alt=\"\" loading=\"lazy\">\t\t\t\t\t\t\t\t\t\t\t\t\t\t\t<\/div>\n\t\t\t\t<\/div>\n\t\t\t\t\t<\/div>\n\t\t\t\t<\/div>\n\t\t<div class=\"elementor-element elementor-element-63b70b9 e-flex e-con-boxed e-con e-parent\" data-id=\"63b70b9\" data-element_type=\"container\" data-e-type=\"container\">\n\t\t\t\t\t<div class=\"e-con-inner\">\n\t\t\t\t<div class=\"elementor-element elementor-element-7e61a3b elementor-widget elementor-widget-text-editor\" data-id=\"7e61a3b\" data-element_type=\"widget\" data-e-type=\"widget\" data-widget_type=\"text-editor.default\">\n\t\t\t\t<div class=\"elementor-widget-container\">\n\t\t\t\t\t\t\t\t\t<p><strong>\u0425\u043e\u0442\u0438\u0442\u0435 \u043f\u0435\u0440\u0435\u043d\u043e\u0447\u0435\u0432\u0430\u0442\u044c \u0432 \u0437\u0430\u043c\u043a\u0435?<\/strong><\/p><p>\u0412 \u0437\u0430\u043c\u043a\u0435 \u043c\u043e\u0436\u043d\u043e \u0431\u0443\u0434\u0435\u0442 \u0441\u043d\u044f\u0442\u044c \u043e\u0433\u0440\u0430\u043d\u0438\u0447\u0435\u043d\u043d\u043e\u0435 \u043a\u043e\u043b\u0438\u0447\u0435\u0441\u0442\u0432\u043e \u043d\u043e\u043c\u0435\u0440\u043e\u0432. 11 \u0441\u0442\u0430\u043d\u0434\u0430\u0440\u0442\u043d\u044b\u0445 \u043d\u043e\u043c\u0435\u0440\u043e\u0432 \u043d\u0430 2 \u043f\u0435\u0440\u0441\u043e\u043d\u044b \u043c\u043e\u0436\u043d\u043e \u0441\u043d\u044f\u0442\u044c \u0437\u0430 200 EUR, 2 \u043b\u044e\u043a\u0441\u0430 - \u0437\u0430 250 EUR \u0438 1 \u043b\u044e\u043a\u0441 \u0434\u043b\u044f \u043c\u043e\u043b\u043e\u0434\u043e\u0436\u0435\u043d\u043e\u0432 - \u0437\u0430 300 EUR \u043d\u0430 \u0432\u0435\u0447\u0435\u0440 \u0443\u0436\u0438\u043d\u0430 Liba. \u0417\u0430\u0432\u0442\u0440\u0430\u043a \u0432\u043a\u043b\u044e\u0447\u0435\u043d \u0432 \u0441\u0442\u043e\u0438\u043c\u043e\u0441\u0442\u044c!<\/p>\t\t\t\t\t\t\t\t<\/div>\n\t\t\t\t<\/div>\n\t\t\t\t<div class=\"elementor-element elementor-element-8ce8d93 elementor-widget elementor-widget-image\" data-id=\"8ce8d93\" data-element_type=\"widget\" data-e-type=\"widget\" data-widget_type=\"image.default\">\n\t\t\t\t<div class=\"elementor-widget-container\">\n\t\t\t\t\t\t\t\t\t\t\t\t\t\t\t<img decoding=\"async\" width=\"1000\" height=\"667\" src=\"https:\/\/ottevenyikastely.hu\/wp-content\/uploads\/2024\/06\/Foldvary_kastely_szoba_lila_fotelekkel.jpg\" class=\"attachment-large size-large wp-image-7738\" alt=\"\" srcset=\"https:\/\/ottevenyikastely.hu\/wp-content\/uploads\/2024\/06\/Foldvary_kastely_szoba_lila_fotelekkel.jpg 1000w, https:\/\/ottevenyikastely.hu\/wp-content\/uploads\/2024\/06\/Foldvary_kastely_szoba_lila_fotelekkel-300x200.jpg 300w, https:\/\/ottevenyikastely.hu\/wp-content\/uploads\/2024\/06\/Foldvary_kastely_szoba_lila_fotelekkel-768x512.jpg 768w\" sizes=\"(max-width: 1000px) 100vw, 1000px\" title=\"\">\t\t\t\t\t\t\t\t\t\t\t\t\t\t\t<\/div>\n\t\t\t\t<\/div>\n\t\t\t\t\t<\/div>\n\t\t\t\t<\/div>\n\t\t<div class=\"elementor-element elementor-element-e488c6b e-flex e-con-boxed e-con e-parent\" data-id=\"e488c6b\" data-element_type=\"container\" data-e-type=\"container\">\n\t\t\t\t\t<div class=\"e-con-inner\">\n\t\t\t\t<div class=\"elementor-element elementor-element-5fe5206 elementor-widget elementor-widget-text-editor\" data-id=\"5fe5206\" data-element_type=\"widget\" data-e-type=\"widget\" data-widget_type=\"text-editor.default\">\n\t\t\t\t<div class=\"elementor-widget-container\">\n\t\t\t\t\t\t\t\t\t<p><strong>\u041f\u0440\u043e\u0433\u0440\u0430\u043c\u043c\u044b:<\/strong><\/p><p>18:30 \u041f\u0440\u0438\u0432\u0435\u0442\u0441\u0442\u0432\u0438\u0435 \u0433\u043e\u0441\u0442\u0435\u0439 \u0441 \u0433\u043b\u0438\u043d\u0442\u0432\u0435\u0439\u043d\u043e\u043c, \u0436\u0430\u0440\u0435\u043d\u044b\u043c\u0438 \u043a\u0430\u0448\u0442\u0430\u043d\u0430\u043c\u0438, \u043f\u0435\u0447\u0435\u043d\u043e\u0439 \u0442\u044b\u043a\u0432\u043e\u0439 \u0438 \u0433\u043e\u0440\u044f\u0447\u0438\u043c \u043f\u0443\u043d\u0448\u0435\u043c.<\/p><p>19:00 \u0423\u0436\u0438\u043d \u0438 \u0434\u0435\u0433\u0443\u0441\u0442\u0430\u0446\u0438\u044f \u0432\u0438\u043d. \u041a\u0430\u0436\u0434\u043e\u043c\u0443 \u0431\u043b\u044e\u0434\u0443 \u0431\u0443\u0434\u0435\u0442 \u043f\u0440\u0435\u0434\u0448\u0435\u0441\u0442\u0432\u043e\u0432\u0430\u0442\u044c \u043f\u0440\u0435\u0437\u0435\u043d\u0442\u0430\u0446\u0438\u044f \u0432\u0438\u043d\u0430 \u0441 \u0434\u0435\u0433\u0443\u0441\u0442\u0430\u0446\u0438\u0435\u0439, \u0440\u0430\u0437\u0443\u043c\u0435\u0435\u0442\u0441\u044f, \u0432 \u0438\u043d\u0442\u0435\u0440\u043f\u0440\u0435\u0442\u0430\u0446\u0438\u0438 \u0432\u0438\u043d\u043e\u0434\u0435\u043b\u0430 \u0432\u0438\u043d\u043e\u0434\u0435\u043b\u044c\u043d\u0438.<\/p><p>21:00 Dj Ak\u00e1rki \u0438 \u0431\u0430\u0440 Cubai \u0440\u0430\u0437\u0432\u043b\u0435\u043a\u0443\u0442 \u0432\u0430\u0441 \u0448\u0438\u0440\u043e\u043a\u0438\u043c \u0432\u044b\u0431\u043e\u0440\u043e\u043c \u043d\u0430\u043f\u0438\u0442\u043a\u043e\u0432.<\/p>\t\t\t\t\t\t\t\t<\/div>\n\t\t\t\t<\/div>\n\t\t\t\t<div class=\"elementor-element elementor-element-131dfbb elementor-align-center elementor-widget elementor-widget-button\" data-id=\"131dfbb\" data-element_type=\"widget\" data-e-type=\"widget\" data-widget_type=\"button.default\">\n\t\t\t\t<div class=\"elementor-widget-container\">\n\t\t\t\t\t\t\t\t\t<div class=\"elementor-button-wrapper\">\n\t\t\t\t\t<a class=\"elementor-button elementor-button-link elementor-size-sm\" href=\"#\">\n\t\t\t\t\t\t<span class=\"elementor-button-content-wrapper\">\n\t\t\t\t\t\t\t\t\t<span class=\"elementor-button-text\">\u0417\u0430\u0431\u0440\u043e\u043d\u0438\u0440\u0443\u0439\u0442\u0435 \u043c\u0435\u0441\u0442\u043e \u043f\u0440\u044f\u043c\u043e \u0441\u0435\u0439\u0447\u0430\u0441!  \u041d\u0430\u0436\u043c\u0438\u0442\u0435 \u0437\u0434\u0435\u0441\u044c, \u0447\u0442\u043e\u0431\u044b \u0437\u0430\u0431\u0440\u043e\u043d\u0438\u0440\u043e\u0432\u0430\u0442\u044c!<\/span>\n\t\t\t\t\t<\/span>\n\t\t\t\t\t<\/a>\n\t\t\t\t<\/div>\n\t\t\t\t\t\t\t\t<\/div>\n\t\t\t\t<\/div>\n\t\t\t\t\t<\/div>\n\t\t\t\t<\/div>\n\t\t\t\t<\/div>","protected":false},"excerpt":{"rendered":"<p>\u0413\u0443\u0441\u0438\u043d\u044b\u0439 \u0443\u0436\u0438\u043d \u0438 \u0434\u0435\u0433\u0443\u0441\u0442\u0430\u0446\u0438\u044f \u0432\u0438\u043d 2024 \u041f\u044f\u0442\u043d\u0438\u0446\u0430 8 \u043d\u043e\u044f\u0431\u0440\u044f 2024 \u041f\u0440\u0438\u0433\u043e\u0442\u043e\u0432\u044c\u0442\u0435\u0441\u044c \u043a \u043d\u0435\u0437\u0430\u0431\u044b\u0432\u0430\u0435\u043c\u043e\u043c\u0443 \u0433\u0430\u0441\u0442\u0440\u043e\u043d\u043e\u043c\u0438\u0447\u0435\u0441\u043a\u043e\u043c\u0443 \u0438 \u0432\u0438\u043d\u043d\u043e\u043c\u0443 \u0441\u043e\u0431\u044b\u0442\u0438\u044e, \u0433\u0434\u0435 \u043d\u043e\u0432\u0435\u0439\u0448\u0438\u0435 \u0432\u0438\u043d\u0430 \u0432\u0438\u043d\u043e\u0434\u0435\u043b\u044c\u0447\u0435\u0441\u043a\u043e\u0433\u043e \u0440\u0435\u0433\u0438\u043e\u043d\u0430 \u041f\u0430\u043d\u043d\u043e\u043d\u0445\u0430\u043b\u043c\u0430 \u0432\u0441\u0442\u0440\u0435\u0442\u044f\u0442\u0441\u044f \u0441 \u0442\u0432\u043e\u0440\u0435\u043d\u0438\u044f\u043c\u0438 \u0448\u0435\u0444-\u043f\u043e\u0432\u0430\u0440\u0430 \u0437\u0430\u043c\u043a\u0430! \u041e\u0441\u043e\u0431\u044b\u0439 \u0432\u0435\u0447\u0435\u0440 \u0432 \u0437\u0430\u043c\u043a\u0435 \u00d6ttev\u00e9nyi F\u00f6ldv\u00e1ry - \u044d\u0442\u043e \u043d\u0435 \u043f\u0440\u043e\u0441\u0442\u043e \u0443\u0436\u0438\u043d Gourmet Liba - \u044d\u0442\u043e \u0412\u0438\u043d\u043d\u044b\u0439 \u0434\u043e\u043c \u0430\u0431\u0431\u0430\u0442\u0441\u0442\u0432\u0430 \u041f\u0430\u043d\u043d\u043e\u043d\u0445\u0430\u043b\u043c\u0430, \u043f\u0440\u0435\u0434\u0441\u0442\u0430\u0432\u043b\u044f\u044e\u0449\u0438\u0439 \u0433\u043e\u0440\u0434\u043e\u0441\u0442\u044c \u043d\u0430\u0448\u0435\u0433\u043e \u0440\u0435\u0433\u0438\u043e\u043d\u0430, \u043d\u043e\u0432\u0435\u0439\u0448\u0438\u0435 \u0444\u043b\u0430\u0433\u043c\u0430\u043d\u0441\u043a\u0438\u0435 \u0432\u0438\u043d\u0430. \u041e\u0442\u043a\u0440\u043e\u0439\u0442\u0435 \u0434\u043b\u044f \u0441\u0435\u0431\u044f [...]<\/p>","protected":false},"author":7,"featured_media":0,"parent":0,"menu_order":0,"comment_status":"closed","ping_status":"closed","template":"","meta":{"footnotes":""},"class_list":["post-9604","page","type-page","status-publish","hentry","entry"],"_links":{"self":[{"href":"https:\/\/ottevenyikastely.hu\/ru\/wp-json\/wp\/v2\/pages\/9604","targetHints":{"allow":["GET"]}}],"collection":[{"href":"https:\/\/ottevenyikastely.hu\/ru\/wp-json\/wp\/v2\/pages"}],"about":[{"href":"https:\/\/ottevenyikastely.hu\/ru\/wp-json\/wp\/v2\/types\/page"}],"author":[{"embeddable":true,"href":"https:\/\/ottevenyikastely.hu\/ru\/wp-json\/wp\/v2\/users\/7"}],"replies":[{"embeddable":true,"href":"https:\/\/ottevenyikastely.hu\/ru\/wp-json\/wp\/v2\/comments?post=9604"}],"version-history":[{"count":18,"href":"https:\/\/ottevenyikastely.hu\/ru\/wp-json\/wp\/v2\/pages\/9604\/revisions"}],"predecessor-version":[{"id":9624,"href":"https:\/\/ottevenyikastely.hu\/ru\/wp-json\/wp\/v2\/pages\/9604\/revisions\/9624"}],"wp:attachment":[{"href":"https:\/\/ottevenyikastely.hu\/ru\/wp-json\/wp\/v2\/media?parent=9604"}],"curies":[{"name":"wp","href":"https:\/\/api.w.org\/{rel}","templated":true}]}}