{"id":10185,"date":"2024-10-21T10:35:23","date_gmt":"2024-10-21T08:35:23","guid":{"rendered":"https:\/\/ottevenyikastely.hu\/?page_id=10185"},"modified":"2024-10-21T10:39:18","modified_gmt":"2024-10-21T08:39:18","slug":"sladkych-sestnast","status":"publish","type":"page","link":"https:\/\/ottevenyikastely.hu\/sk\/sladkych-sestnast\/","title":{"rendered":"Sladk\u00fdch \u0161estn\u00e1s\u0165"},"content":{"rendered":"<div data-elementor-type=\"wp-page\" data-elementor-id=\"10185\" class=\"elementor elementor-10185\" data-elementor-post-type=\"page\">\n\t\t\t\t<div class=\"elementor-element elementor-element-728a1ef e-flex e-con-boxed e-con e-parent\" data-id=\"728a1ef\" data-element_type=\"container\" data-e-type=\"container\">\n\t\t\t\t\t<div class=\"e-con-inner\">\n\t\t\t\t<div class=\"elementor-element elementor-element-354aef7 elementor-widget elementor-widget-heading\" data-id=\"354aef7\" data-element_type=\"widget\" data-e-type=\"widget\" data-widget_type=\"heading.default\">\n\t\t\t\t<div class=\"elementor-widget-container\">\n\t\t\t\t\t<h2 class=\"elementor-heading-title elementor-size-default\">\ud83c\udf89 Sladk\u00e1 \u0161estn\u00e1stka <br>na hrade \u00d6ttev\u00e9nyi! \ud83c\udf89<\/h2>\t\t\t\t<\/div>\n\t\t\t\t<\/div>\n\t\t\t\t\t<\/div>\n\t\t\t\t<\/div>\n\t\t<div class=\"elementor-element elementor-element-3394fd7 e-flex e-con-boxed e-con e-parent\" data-id=\"3394fd7\" data-element_type=\"container\" data-e-type=\"container\">\n\t\t\t\t\t<div class=\"e-con-inner\">\n\t\t\t\t<div class=\"elementor-element elementor-element-1c82123 elementor-widget elementor-widget-image\" data-id=\"1c82123\" data-element_type=\"widget\" data-e-type=\"widget\" data-widget_type=\"image.default\">\n\t\t\t\t<div class=\"elementor-widget-container\">\n\t\t\t\t\t\t\t\t\t\t\t\t\t\t\t<img fetchpriority=\"high\" decoding=\"async\" width=\"1024\" height=\"585\" src=\"https:\/\/ottevenyikastely.hu\/wp-content\/uploads\/2024\/10\/987197ff-f4ce-4dc9-8812-fc63d69055bc-1024x585.webp\" class=\"attachment-large size-large wp-image-10187\" alt=\"\" srcset=\"https:\/\/ottevenyikastely.hu\/wp-content\/uploads\/2024\/10\/987197ff-f4ce-4dc9-8812-fc63d69055bc-1024x585.webp 1024w, https:\/\/ottevenyikastely.hu\/wp-content\/uploads\/2024\/10\/987197ff-f4ce-4dc9-8812-fc63d69055bc-300x171.webp 300w, https:\/\/ottevenyikastely.hu\/wp-content\/uploads\/2024\/10\/987197ff-f4ce-4dc9-8812-fc63d69055bc-768x439.webp 768w, https:\/\/ottevenyikastely.hu\/wp-content\/uploads\/2024\/10\/987197ff-f4ce-4dc9-8812-fc63d69055bc-1536x878.webp 1536w, https:\/\/ottevenyikastely.hu\/wp-content\/uploads\/2024\/10\/987197ff-f4ce-4dc9-8812-fc63d69055bc-18x10.webp 18w, https:\/\/ottevenyikastely.hu\/wp-content\/uploads\/2024\/10\/987197ff-f4ce-4dc9-8812-fc63d69055bc.webp 1792w\" sizes=\"(max-width: 1024px) 100vw, 1024px\" title=\"\">\t\t\t\t\t\t\t\t\t\t\t\t\t\t\t<\/div>\n\t\t\t\t<\/div>\n\t\t\t\t\t<\/div>\n\t\t\t\t<\/div>\n\t\t<div class=\"elementor-element elementor-element-0b5551d e-flex e-con-boxed e-con e-parent\" data-id=\"0b5551d\" data-element_type=\"container\" data-e-type=\"container\">\n\t\t\t\t\t<div class=\"e-con-inner\">\n\t\t\t\t<div class=\"elementor-element elementor-element-dcdd37d elementor-widget elementor-widget-text-editor\" data-id=\"dcdd37d\" data-element_type=\"widget\" data-e-type=\"widget\" data-widget_type=\"text-editor.default\">\n\t\t\t\t<div class=\"elementor-widget-container\">\n\t\t\t\t\t\t\t\t\t<p>Osl\u00e1vte svoje 16. narodeniny tak, ako ste v\u017edy sn\u00edvali! Sladk\u00fdch \u0161estn\u00e1s\u0165, trad\u00edcia v anglosask\u00fdch krajin\u00e1ch, je teraz k dispoz\u00edcii aj v Ma\u010farsku. T\u00e1to v\u00fdnimo\u010dn\u00e1 udalos\u0165 nie je len narodeninovou oslavou, ale jedn\u00fdm z najd\u00f4le\u017eitej\u0161\u00edch m\u00ed\u013enikov \u017eivota t\u00edned\u017eerov. Na z\u00e1mku \u00d6ttev\u00e9nyi pon\u00fakame nezabudnute\u013en\u00e9 z\u00e1\u017eitky, v\u010faka ktor\u00fdm bude v\u00e1\u0161 ve\u013ek\u00fd de\u0148 naozaj v\u00fdnimo\u010dn\u00fd a jedine\u010dn\u00fd.<\/p>\n<h4><strong>O\u017eivenie anglosask\u00fdch trad\u00edci\u00ed:<\/strong><\/h4>\n<p>V anglosask\u00fdch krajin\u00e1ch oslava \"sladk\u00fdch \u0161estn\u00e1stich\" pripom\u00edna 16. narodeniny, ke\u010f mlad\u00ed \u013eudia vstupuj\u00fa do dospelosti. S\u00fa\u010das\u0165ou podujatia je \u010dasto elegantn\u00fd ples, honosn\u00e1 torta a z\u00e1bava. Hlavn\u00fa \u00falohu zohr\u00e1va spolo\u010dn\u00e1 oslava priate\u013eov a rodiny a k vrcholom oslavy m\u00f4\u017ee patri\u0165 otv\u00e1rac\u00ed tanec, ceremoni\u00e1l 16 svie\u010dok a symbolick\u00e1 korunka.<\/p>\n<h4><strong>Pre\u010do si vybra\u0165 hrad \u00d6ttev\u00e9nyi?<\/strong><\/h4>\n<ul>\n<li><strong>B\u00e1je\u010dn\u00e1 poloha:<\/strong> Z\u00e1mok \u00d6ttev\u00e9nyi poskytuje o\u010daruj\u00face prostredie pre rozpr\u00e1vkov\u00fa oslavu v kr\u00e1\u013eovskom \u0161t\u00fdle Sladk\u00fdch \u0161estn\u00e1s\u0165.<\/li>\n<li><strong>Individu\u00e1lny z\u00e1\u017eitok:<\/strong> N\u00e1\u0161 t\u00edm napl\u00e1nuje ka\u017ed\u00fd detail, aby bol v\u00e1\u0161 de\u0148 dokonal\u00fd, \u010di u\u017e ide o \u0161peci\u00e1lnu t\u00e9mu, v\u00fdzdobu alebo program.<\/li>\n<li><strong>Ve\u013ekolep\u00e1 v\u00fdzdoba:<\/strong> Majest\u00e1tny are\u00e1l hradu je dokonalou kulisou pre rozpr\u00e1vkov\u00fa oslavu sladk\u00fdch \u0161estn\u00e1stich, ktor\u00fa zdobia farebn\u00e9 svetl\u00e1 a kvety.<\/li>\n<li><strong>N\u00e1dhern\u00e9 miesto na fotografovanie:<\/strong> V z\u00e1mockej z\u00e1hrade s rozlohou 1,6 hekt\u00e1ra alebo v ru\u017eovej z\u00e1hrade n\u00e1jdete nespo\u010detn\u00e9 mno\u017estvo miest na fotenie, kde m\u00f4\u017eete by\u0165 hviezdnou figur\u00ednou! Urobte si najlep\u0161ie fotografie svojho \u017eivota v tom najvhodnej\u0161om okamihu!<\/li>\n<li><strong>Apartm\u00e1ny a izby na pren\u00e1jom:<\/strong>&nbsp;Hrad m\u00e1 11 izieb a 3 apartm\u00e1ny<\/li>\n<li><strong>Exkluz\u00edvne stravovanie:<\/strong> V\u010faka \u0161irokej ponuke menu alebo \u0161peci\u00e1lnemu p\u00e1rty bufetu sa postar\u00e1me o spokojnos\u0165 v\u0161etk\u00fdch va\u0161ich host\u00ed - od chutn\u00e9ho ob\u010derstvenia a\u017e po ve\u013ekolep\u00fa narodeninov\u00fa tortu alebo dezertn\u00fd st\u00f4l. \u010ci u\u017e je to torta Louis Vuitton alebo torta pre princezn\u00e9 ! \ud83d\ude42<\/li>\n<\/ul>\t\t\t\t\t\t\t\t<\/div>\n\t\t\t\t<\/div>\n\t\t\t\t\t<\/div>\n\t\t\t\t<\/div>\n\t\t<div class=\"elementor-element elementor-element-db368f4 e-flex e-con-boxed e-con e-parent\" data-id=\"db368f4\" data-element_type=\"container\" data-e-type=\"container\">\n\t\t\t\t\t<div class=\"e-con-inner\">\n\t\t\t\t<div class=\"elementor-element elementor-element-d72d115 elementor-widget elementor-widget-image\" data-id=\"d72d115\" data-element_type=\"widget\" data-e-type=\"widget\" data-widget_type=\"image.default\">\n\t\t\t\t<div class=\"elementor-widget-container\">\n\t\t\t\t\t\t\t\t\t\t\t\t\t\t\t<img decoding=\"async\" width=\"1024\" height=\"768\" src=\"https:\/\/ottevenyikastely.hu\/wp-content\/uploads\/2024\/10\/IMG_5036-1024x768.jpeg\" class=\"attachment-large size-large wp-image-10188\" alt=\"\" srcset=\"https:\/\/ottevenyikastely.hu\/wp-content\/uploads\/2024\/10\/IMG_5036-1024x768.jpeg 1024w, https:\/\/ottevenyikastely.hu\/wp-content\/uploads\/2024\/10\/IMG_5036-300x225.jpeg 300w, https:\/\/ottevenyikastely.hu\/wp-content\/uploads\/2024\/10\/IMG_5036-768x576.jpeg 768w, https:\/\/ottevenyikastely.hu\/wp-content\/uploads\/2024\/10\/IMG_5036-1536x1152.jpeg 1536w, https:\/\/ottevenyikastely.hu\/wp-content\/uploads\/2024\/10\/IMG_5036-2048x1536.jpeg 2048w, https:\/\/ottevenyikastely.hu\/wp-content\/uploads\/2024\/10\/IMG_5036-16x12.jpeg 16w\" sizes=\"(max-width: 1024px) 100vw, 1024px\" title=\"\">\t\t\t\t\t\t\t\t\t\t\t\t\t\t\t<\/div>\n\t\t\t\t<\/div>\n\t\t\t\t\t<\/div>\n\t\t\t\t<\/div>\n\t\t<div class=\"elementor-element elementor-element-7039199 e-flex e-con-boxed e-con e-parent\" data-id=\"7039199\" data-element_type=\"container\" data-e-type=\"container\">\n\t\t\t\t\t<div class=\"e-con-inner\">\n\t\t\t\t<div class=\"elementor-element elementor-element-93ed3c1 elementor-widget elementor-widget-text-editor\" data-id=\"93ed3c1\" data-element_type=\"widget\" data-e-type=\"widget\" data-widget_type=\"text-editor.default\">\n\t\t\t\t<div class=\"elementor-widget-container\">\n\t\t\t\t\t\t\t\t\t<h4><strong>Mo\u017enosti programu:<\/strong><\/h4><ul><li>Elegantn\u00e1 ve\u010dera a tanec v tane\u010dnej s\u00e1le<\/li><li>Tematick\u00fd fotok\u00fatik a prehliadka na \u010dervenom koberci<\/li><li>No\u010dn\u00e1 sveteln\u00e1 \u0161ou na n\u00e1dvor\u00ed hradu<\/li><li>Interakt\u00edvne hry\u00a0<\/li><li>St\u00e1r DJ na tane\u010dnom parkete, sveteln\u00e9 a zvukov\u00e9 efekty<\/li><\/ul><h4><strong>Rezerv\u00e1cia a inform\u00e1cie:<\/strong><\/h4><p>Kontaktujte n\u00e1s a napl\u00e1nujte si oslavu sladk\u00fdch \u0161estn\u00e1stich rokov svojich snov na z\u00e1mku \u00d6ttev\u00e9nyi. Vytvor\u00edme v\u00e1m n\u00e1vrh na mieru, aby bol ka\u017ed\u00fd okamih v\u00e1\u0161ho d\u0148a nezabudnute\u013en\u00fd!<\/p>\t\t\t\t\t\t\t\t<\/div>\n\t\t\t\t<\/div>\n\t\t\t\t\t<\/div>\n\t\t\t\t<\/div>\n\t\t\t\t<\/div>","protected":false},"excerpt":{"rendered":"<p>\ud83c\udf89 Sweet Sixteen Party az \u00d6ttev\u00e9nyi Kast\u00e9lyban! \ud83c\udf89 \u00dcnnepeld meg a 16. sz\u00fclet\u00e9snapodat \u00fagy, ahogy mindig is \u00e1lmodtad! A Sweet Sixteen, amely nagy hagyom\u00e1nynak \u00f6rvend az angolsz\u00e1sz orsz\u00e1gokban, most Magyarorsz\u00e1gon is el\u00e9rhet\u0151. Ez a k\u00fcl\u00f6nleges esem\u00e9ny nem csup\u00e1n egy sz\u00fclet\u00e9snapi buli, hanem a tin\u00e9dzserkor egyik legfontosabb m\u00e9rf\u00f6ldk\u00f6ve. Az \u00d6ttev\u00e9nyi Kast\u00e9lyban felejthetetlen \u00e9lm\u00e9nyeket k\u00edn\u00e1lunk, hogy a [&hellip;]<\/p>","protected":false},"author":7,"featured_media":0,"parent":0,"menu_order":0,"comment_status":"closed","ping_status":"closed","template":"","meta":{"footnotes":""},"class_list":["post-10185","page","type-page","status-publish","hentry","entry"],"_links":{"self":[{"href":"https:\/\/ottevenyikastely.hu\/sk\/wp-json\/wp\/v2\/pages\/10185","targetHints":{"allow":["GET"]}}],"collection":[{"href":"https:\/\/ottevenyikastely.hu\/sk\/wp-json\/wp\/v2\/pages"}],"about":[{"href":"https:\/\/ottevenyikastely.hu\/sk\/wp-json\/wp\/v2\/types\/page"}],"author":[{"embeddable":true,"href":"https:\/\/ottevenyikastely.hu\/sk\/wp-json\/wp\/v2\/users\/7"}],"replies":[{"embeddable":true,"href":"https:\/\/ottevenyikastely.hu\/sk\/wp-json\/wp\/v2\/comments?post=10185"}],"version-history":[{"count":4,"href":"https:\/\/ottevenyikastely.hu\/sk\/wp-json\/wp\/v2\/pages\/10185\/revisions"}],"predecessor-version":[{"id":10191,"href":"https:\/\/ottevenyikastely.hu\/sk\/wp-json\/wp\/v2\/pages\/10185\/revisions\/10191"}],"wp:attachment":[{"href":"https:\/\/ottevenyikastely.hu\/sk\/wp-json\/wp\/v2\/media?parent=10185"}],"curies":[{"name":"wp","href":"https:\/\/api.w.org\/{rel}","templated":true}]}}