{"id":10205,"date":"2024-10-21T15:59:47","date_gmt":"2024-10-21T13:59:47","guid":{"rendered":"https:\/\/ottevenyikastely.hu\/?page_id=10205"},"modified":"2024-11-04T10:41:49","modified_gmt":"2024-11-04T09:41:49","slug":"hlavicka-stoziara-2","status":"publish","type":"page","link":"https:\/\/ottevenyikastely.hu\/sk\/hlavicka-stoziara-2\/","title":{"rendered":"hlavi\u010dka"},"content":{"rendered":"<div data-elementor-type=\"wp-page\" data-elementor-id=\"10205\" class=\"elementor elementor-10205\" data-elementor-post-type=\"page\">\n\t\t\t\t<div class=\"elementor-element elementor-element-7414633 e-flex e-con-boxed e-con e-parent\" data-id=\"7414633\" data-element_type=\"container\" data-e-type=\"container\">\n\t\t\t\t\t<div class=\"e-con-inner\">\n\t\t\t\t<div class=\"elementor-element elementor-element-d491ac4 elementor-widget elementor-widget-heading\" data-id=\"d491ac4\" data-element_type=\"widget\" data-e-type=\"widget\" data-widget_type=\"heading.default\">\n\t\t\t\t<div class=\"elementor-widget-container\">\n\t\t\t\t\t<h2 class=\"elementor-heading-title elementor-size-default\">hlavi\u010dka<\/h2>\t\t\t\t<\/div>\n\t\t\t\t<\/div>\n\t\t\t\t<div class=\"elementor-element elementor-element-ada02f7 elementor-widget elementor-widget-text-editor\" data-id=\"ada02f7\" data-element_type=\"widget\" data-e-type=\"widget\" data-widget_type=\"text-editor.default\">\n\t\t\t\t<div class=\"elementor-widget-container\">\n\t\t\t\t\t\t\t\t\t<p><strong>\u00daDAJE O PREV\u00c1DZKOVATE\u013dOVI<\/strong><br \/>N\u00e1zov prev\u00e1dzkovate\u013ea: Garzon Plaza Ingatlanforgalmaz\u00f3 \u00e9s Vagyonkezel\u0151 Korl\u00e1tolt Felel\u0151ss\u00e9g\u0171 T\u00e1rsas\u00e1g<br \/>Skr\u00e1ten\u00fd n\u00e1zov prev\u00e1dzkovate\u013ea je Garzon Plaza Kft.<br \/>Prev\u00e1dzkovate\u013e s\u00eddli na adrese 9024 Gy\u0151r, Vasv\u00e1ri P\u00e1l utca 1. budova B.<br \/>Po\u0161tov\u00e1 adresa prev\u00e1dzkovate\u013ea je: 9024 Gy\u0151r, Vasv\u00e1ri P\u00e1l utca 1. \u00e9p.<br \/>Registra\u010dn\u00e9 \u010d\u00edslo prev\u00e1dzkovate\u013ea na obchodnom s\u00fade: 08 09 015113<br \/>Da\u0148ov\u00fd k\u00f3d prev\u00e1dzkovate\u013ea: 13995803-2-08<br \/>Da\u0148ov\u00e9 \u010d\u00edslo E\u00da prev\u00e1dzkovate\u013ea: HU13995803<br \/>\u010c\u00edslo bankov\u00e9ho \u00fa\u010dtu prev\u00e1dzkovate\u013ea: 10400401-00029566-00000008<\/p><p><strong>KONTAKTN\u00c9 \u00daDAJE PREV\u00c1DZKOVATE\u013dA<\/strong><br \/>Slu\u017eby z\u00e1kazn\u00edkom:<br \/>Telef\u00f3n: +36 99 900 500<br \/>E-mail: hotel@garzonplaza.hu<\/p><p><strong>POSKYTOVATE\u013dA HOSTINGU WEBOV\u00ddCH STR\u00c1NOK PREV\u00c1DZKOVATE\u013dA<\/strong><br \/>N\u00e1zov: DEVBOX Ltd.<br \/>Adresa: 7054 Tengelic, R\u00e1k\u00f3czi Ferenc u. 9.<br \/>Kontakt: support@devbox.hu<\/p>\t\t\t\t\t\t\t\t<\/div>\n\t\t\t\t<\/div>\n\t\t\t\t\t<\/div>\n\t\t\t\t<\/div>\n\t\t\t\t<\/div>","protected":false},"excerpt":{"rendered":"<p>Inform\u00e1cie o prev\u00e1dzkovate\u013eovi N\u00e1zov prev\u00e1dzkovate\u013ea je Garzon Plaza Ingatlanforgalmaz\u00f3 \u00e9s Vagyonkezel\u0151 Korl\u00e1tolt Felel\u0151ss\u00e9g\u0171 T\u00e1rsas\u00e1g Skr\u00e1ten\u00fd n\u00e1zov prev\u00e1dzkovate\u013ea je Garzon Plaza Kft.Prev\u00e1dzkovate\u013e s\u00eddli na adrese 9024 Gy\u0151r, Vasv\u00e1ri P\u00e1l utca 1. Po\u0161tov\u00e1 adresa prev\u00e1dzkovate\u013ea: 9024 Gy\u0151r, Vasv\u00e1ri P\u00e1l utca 1. \u00e9p. B.Registra\u010dn\u00e9 \u010d\u00edslo prev\u00e1dzkovate\u013ea: 08 09 015113Da\u0148ov\u00e9 \u010d\u00edslo prev\u00e1dzkovate\u013ea: 13995803-2-08Da\u0148ov\u00e9 \u010d\u00edslo E\u00da prev\u00e1dzkovate\u013ea: HU13995803Bankov\u00fd \u00fa\u010det prev\u00e1dzkovate\u013ea [...]<\/p>","protected":false},"author":3,"featured_media":0,"parent":0,"menu_order":0,"comment_status":"closed","ping_status":"closed","template":"","meta":{"footnotes":""},"class_list":["post-10205","page","type-page","status-publish","hentry","entry"],"_links":{"self":[{"href":"https:\/\/ottevenyikastely.hu\/sk\/wp-json\/wp\/v2\/pages\/10205","targetHints":{"allow":["GET"]}}],"collection":[{"href":"https:\/\/ottevenyikastely.hu\/sk\/wp-json\/wp\/v2\/pages"}],"about":[{"href":"https:\/\/ottevenyikastely.hu\/sk\/wp-json\/wp\/v2\/types\/page"}],"author":[{"embeddable":true,"href":"https:\/\/ottevenyikastely.hu\/sk\/wp-json\/wp\/v2\/users\/3"}],"replies":[{"embeddable":true,"href":"https:\/\/ottevenyikastely.hu\/sk\/wp-json\/wp\/v2\/comments?post=10205"}],"version-history":[{"count":7,"href":"https:\/\/ottevenyikastely.hu\/sk\/wp-json\/wp\/v2\/pages\/10205\/revisions"}],"predecessor-version":[{"id":10321,"href":"https:\/\/ottevenyikastely.hu\/sk\/wp-json\/wp\/v2\/pages\/10205\/revisions\/10321"}],"wp:attachment":[{"href":"https:\/\/ottevenyikastely.hu\/sk\/wp-json\/wp\/v2\/media?parent=10205"}],"curies":[{"name":"wp","href":"https:\/\/api.w.org\/{rel}","templated":true}]}}